{"id":119,"date":"2024-09-04T23:58:15","date_gmt":"2024-09-04T23:58:15","guid":{"rendered":"https:\/\/hawaiipublicschools.org\/?page_id=119"},"modified":"2025-07-16T14:56:47","modified_gmt":"2025-07-17T00:56:47","slug":"comprehensive-literacy-state-development-grant-clsd","status":"publish","type":"page","link":"https:\/\/hawaiipublicschools.org\/vi\/about\/federal-grants\/comprehensive-literacy-state-development-grant-clsd\/","title":{"rendered":"Kho\u1ea3n t\u00e0i tr\u1ee3 ph\u00e1t tri\u1ec3n nh\u00e0 n\u01b0\u1edbc x\u00f3a m\u00f9 ch\u1eef to\u00e0n di\u1ec7n (CLSD)"},"content":{"rendered":"<div class=\"wp-block-columns double_col_sidebar is-layout-flex wp-container-core-columns-is-layout-28f84493 wp-block-columns-is-layout-flex\">\n<div class=\"wp-block-column left_col is-layout-flow wp-block-column-is-layout-flow\">\n<h2 class=\"wp-block-heading\">T\u1ed5ng quan<\/h2>\n\n\n\n<p>B\u1ed9 Gi\u00e1o d\u1ee5c Hoa K\u1ef3 \u0111\u00e3 trao t\u1eb7ng cho B\u1ed9 Gi\u00e1o d\u1ee5c Ti\u1ec3u bang Hawai\u02bbi (HIDOE) m\u1ed9t <a href=\"https:\/\/hawaiipublicschools.org\/vi\/hidoe-awarded-60-million-in-five-year-comprehensive-literacy-state-development-grant\/\">kho\u1ea3n t\u00e0i tr\u1ee3 $60 tri\u1ec7u trong n\u0103m n\u0103m<\/a> nh\u1eb1m th\u00fac \u0111\u1ea9y c\u00e1c ho\u1ea1t \u0111\u1ed9ng d\u1ea1y \u0111\u1ecdc vi\u1ebft hi\u1ec7u qu\u1ea3, d\u1ef1a tr\u00ean b\u1eb1ng ch\u1ee9ng trong c\u00e1c tr\u01b0\u1eddng c\u00f4ng. \u0110i\u1ec1u n\u00e0y di\u1ec5n ra sau Kho\u1ea3n t\u00e0i tr\u1ee3 Ph\u00e1t tri\u1ec3n Ti\u1ec3u bang v\u1ec1 x\u00f3a m\u00f9 ch\u1eef to\u00e0n di\u1ec7n (CLSD) tr\u1ecb gi\u00e1 g\u1ea7n $50 tri\u1ec7u \u0111\u00f4 la trong n\u0103m n\u0103m \u0111\u00e3 nh\u1eadn \u0111\u01b0\u1ee3c v\u00e0o n\u0103m 2019. N\u0103ng l\u1ef1c ng\u00f4n ng\u1eef ngh\u1ec7 thu\u1eadt l\u00e0 m\u1ed9t ch\u1ec9 s\u1ed1 \u0111\u00e1nh gi\u00e1 hi\u1ec7u su\u1ea5t ch\u00ednh theo K\u1ebf ho\u1ea1ch 2023-29 c\u1ee7a H\u1ed9i \u0111\u1ed3ng Gi\u00e1o d\u1ee5c <a href=\"https:\/\/hawaiipublicschools.org\/vi\/about\/federal-grants\/comprehensive-literacy-state-development-grant-clsd\/\">K\u1ebf ho\u1ea1ch chi\u1ebfn l\u01b0\u1ee3c<\/a>.<\/p>\n\n\n\n<p>The purpose of the CLSD grant is to support states in creating comprehensive literacy programs to advance literacy skills, including pre-literacy skills, reading and writing, for children from birth through Grade 12.<\/p>\n\n\n\n<h3 class=\"wp-block-heading\">M\u1ee5c ti\u00eau t\u00e0i tr\u1ee3 c\u1ee7a CLSD&nbsp;<\/h3>\n\n\n\n<ul class=\"wp-block-list\">\n<li>Enhance birth to grade 12 literacy outcomes for all students;<\/li>\n\n\n\n<li>Th\u1ef1c hi\u1ec7n c\u00e1c ho\u1ea1t \u0111\u1ed9ng d\u1ea1y h\u1ecdc d\u1ef1a tr\u00ean b\u1eb1ng ch\u1ee9ng m\u1ed9t c\u00e1ch trung th\u1ef1c;<\/li>\n\n\n\n<li>\u0110\u1ea3m b\u1ea3o c\u00e1c b\u00ean nh\u1eadn t\u00e0i tr\u1ee3 ph\u1ee5 x\u00e2y d\u1ef1ng c\u00e1c k\u1ebf ho\u1ea1ch x\u00f3a m\u00f9 ch\u1eef d\u1ef1a tr\u00ean b\u1eb1ng ch\u1ee9ng;<\/li>\n\n\n\n<li>N\u00e2ng cao vi\u1ec7c ra quy\u1ebft \u0111\u1ecbnh d\u1ef1a tr\u00ean d\u1eef li\u1ec7u; v\u00e0<\/li>\n\n\n\n<li>Thu h\u00fat c\u00e1c gia \u0111\u00ecnh tham gia h\u1ed7 tr\u1ee3 ph\u00e1t tri\u1ec3n kh\u1ea3 n\u0103ng \u0111\u1ecdc vi\u1ebft c\u1ee7a con em m\u00ecnh<\/li>\n<\/ul>\n\n\n\n<p>Qu\u1ef9 s\u1ebd \u0111\u01b0\u1ee3c s\u1eed d\u1ee5ng:<\/p>\n\n\n\n<ul class=\"wp-block-list\">\n<li>\u0110\u1ec3 gi\u1ea3i quy\u1ebft nhu c\u1ea7u bi\u1ebft ch\u1eef c\u1ee7a h\u1ecdc sinh v\u00e0 gia \u0111\u00ecnh;<\/li>\n\n\n\n<li>\u0110\u1ec3 th\u1ef1c hi\u1ec7n c\u00e1c ho\u1ea1t \u0111\u1ed9ng \u0111\u00e3 n\u00eau trong \u0111\u1ec1 xu\u1ea5t \u0111\u1ea7y \u0111\u1ee7;<\/li>\n\n\n\n<li>\u0110\u1ed1i v\u1edbi nh\u00e2n s\u1ef1 b\u1ed5 sung c\u1ea7n thi\u1ebft \u0111\u1ec3 th\u1ef1c hi\u1ec7n c\u00e1c ho\u1ea1t \u0111\u1ed9ng \u0111\u00e3 \u0111\u01b0\u1ee3c ph\u00ea duy\u1ec7t;<\/li>\n\n\n\n<li>Chi ph\u00ed cho c\u00e1c d\u1ecbch v\u1ee5, v\u1eadt t\u01b0, nguy\u00ean v\u1eadt li\u1ec7u v\u00e0 thi\u1ebft b\u1ecb c\u1ea7n thi\u1ebft \u0111\u1ec3 th\u1ef1c hi\u1ec7n c\u00e1c ho\u1ea1t \u0111\u1ed9ng \u0111\u00e3 \u0111\u01b0\u1ee3c ph\u00ea duy\u1ec7t.<\/li>\n<\/ul>\n<\/div>\n\n\n\n<div class=\"wp-block-column right_col is-layout-flow wp-block-column-is-layout-flow\">\n<h3 class=\"wp-block-heading\">V\u1ec1<\/h3>\n\n\n<ul class=\"wp-block-page-list\"><li class=\"wp-block-pages-list__item has-child\"><a class=\"wp-block-pages-list__item__link\" href=\"https:\/\/hawaiipublicschools.org\/vi\/about\/organization\/\">T\u1ed5 ch\u1ee9c<\/a><ul class=\"wp-block-navigation__submenu-container\"><li class=\"wp-block-pages-list__item\"><a class=\"wp-block-pages-list__item__link\" href=\"https:\/\/hawaiipublicschools.org\/vi\/about\/organization\/strive-hi-dashboard\/\">B\u1ea3ng \u0111i\u1ec1u khi\u1ec3n Strive HI<\/a><\/li><\/ul><\/li><li class=\"wp-block-pages-list__item\"><a class=\"wp-block-pages-list__item__link\" href=\"https:\/\/hawaiipublicschools.org\/vi\/about\/offices\/\">V\u0103n ph\u00f2ng<\/a><\/li><li class=\"wp-block-pages-list__item\"><a class=\"wp-block-pages-list__item__link\" href=\"https:\/\/hawaiipublicschools.org\/vi\/about\/na-hopena-a%ca%bbo-ha\/\">N\u0101 Hopena A\u02bbo (H\u0100)<\/a><\/li><li class=\"wp-block-pages-list__item\"><a class=\"wp-block-pages-list__item__link\" href=\"https:\/\/hawaiipublicschools.org\/vi\/about\/strategic-plan\/\">K\u1ebf ho\u1ea1ch chi\u1ebfn l\u01b0\u1ee3c<\/a><\/li><li class=\"wp-block-pages-list__item\"><a class=\"wp-block-pages-list__item__link\" href=\"https:\/\/hawaiipublicschools.org\/vi\/about\/partnerships\/\">Quan h\u1ec7 \u0111\u1ed1i t\u00e1c<\/a><\/li><li class=\"wp-block-pages-list__item has-child\"><a class=\"wp-block-pages-list__item__link\" href=\"https:\/\/hawaiipublicschools.org\/vi\/about\/budget\/\">Ng\u00e2n s\u00e1ch<\/a><ul class=\"wp-block-navigation__submenu-container\"><li class=\"wp-block-pages-list__item\"><a class=\"wp-block-pages-list__item__link\" href=\"https:\/\/hawaiipublicschools.org\/vi\/about\/budget\/appropriation-summary-reports\/\">B\u00e1o c\u00e1o t\u00f3m t\u1eaft ph\u00e2n b\u1ed5<\/a><\/li><li class=\"wp-block-pages-list__item\"><a class=\"wp-block-pages-list__item__link\" href=\"https:\/\/hawaiipublicschools.org\/vi\/about\/budget\/budget-cycle-and-process\/\">Chu k\u1ef3 v\u00e0 quy tr\u00ecnh ng\u00e2n s\u00e1ch<\/a><\/li><li class=\"wp-block-pages-list__item\"><a class=\"wp-block-pages-list__item__link\" href=\"https:\/\/hawaiipublicschools.org\/vi\/about\/budget\/capital-improvements-program\/\">Ch\u01b0\u01a1ng tr\u00ecnh c\u1ea3i thi\u1ec7n v\u1ed1n<\/a><\/li><li class=\"wp-block-pages-list__item\"><a class=\"wp-block-pages-list__item__link\" href=\"https:\/\/hawaiipublicschools.org\/vi\/about\/budget\/federal-covid-relief-funding-for-education\/\">Qu\u1ef9 c\u1ee9u tr\u1ee3 COVID c\u1ee7a li\u00ean bang d\u00e0nh cho gi\u00e1o d\u1ee5c<\/a><\/li><li class=\"wp-block-pages-list__item has-child\"><a class=\"wp-block-pages-list__item__link\" href=\"https:\/\/hawaiipublicschools.org\/vi\/about\/budget\/weighted-student-formula\/\">C\u00f4ng th\u1ee9c t\u00ednh tr\u1ecdng s\u1ed1 c\u1ee7a h\u1ecdc sinh<\/a><ul class=\"wp-block-navigation__submenu-container\"><li class=\"wp-block-pages-list__item\"><a class=\"wp-block-pages-list__item__link\" href=\"https:\/\/hawaiipublicschools.org\/vi\/about\/budget\/weighted-student-formula\/weighted-student-formula-archived-reports\/\">B\u00e1o c\u00e1o l\u01b0u tr\u1eef C\u00f4ng th\u1ee9c sinh vi\u00ean c\u00f3 tr\u1ecdng s\u1ed1<\/a><\/li><\/ul><\/li><\/ul><\/li><li class=\"wp-block-pages-list__item has-child\"><a class=\"wp-block-pages-list__item__link\" href=\"https:\/\/hawaiipublicschools.org\/vi\/about\/federal-grants\/\">T\u00e0i tr\u1ee3 c\u1ee7a li\u00ean bang<\/a><ul class=\"wp-block-navigation__submenu-container\"><li class=\"wp-block-pages-list__item\"><a class=\"wp-block-pages-list__item__link\" href=\"https:\/\/hawaiipublicschools.org\/vi\/about\/federal-grants\/comprehensive-literacy-state-development-grant-clsd\/\">Kho\u1ea3n t\u00e0i tr\u1ee3 ph\u00e1t tri\u1ec3n nh\u00e0 n\u01b0\u1edbc x\u00f3a m\u00f9 ch\u1eef to\u00e0n di\u1ec7n (CLSD)<\/a><\/li><li class=\"wp-block-pages-list__item\"><a class=\"wp-block-pages-list__item__link\" href=\"https:\/\/hawaiipublicschools.org\/vi\/about\/federal-grants\/adult-education-family-literacy-act-aefla\/\">\u0110\u1ea1o lu\u1eadt x\u00f3a m\u00f9 ch\u1eef gia \u0111\u00ecnh v\u1ec1 gi\u00e1o d\u1ee5c ng\u01b0\u1eddi l\u1edbn (AEFLA)<\/a><\/li><\/ul><\/li><\/ul>\n\n\n<p><\/p>\n<\/div>\n<\/div>\n\n\n\n<p><\/p>\n\n\n\n<p><\/p>","protected":false},"excerpt":{"rendered":"<p>Overview The U.S. Department of Education has awarded the Hawai\u02bbi State Department of Education (HIDOE) a five-year $60 million grant aimed at advancing effective, evidence-based literacy practices in public schools. This follows a nearly $50 million five-year Comprehensive Literacy State Development (CLSD) Grant received in 2019. Language arts proficiency is a key performance indicator under [&hellip;]<\/p>","protected":false},"author":8,"featured_media":0,"parent":113,"menu_order":12,"comment_status":"closed","ping_status":"closed","template":"wp-custom-template-page-for-custom-sidebar","meta":{"_relevanssi_hide_post":"","_relevanssi_hide_content":"","_relevanssi_pin_for_all":"","_relevanssi_pin_keywords":"","_relevanssi_unpin_keywords":"","_relevanssi_related_keywords":"","_relevanssi_related_include_ids":"","_relevanssi_related_exclude_ids":"","_relevanssi_related_no_append":"","_relevanssi_related_not_related":"","_relevanssi_related_posts":"","_relevanssi_noindex_reason":"","_sitemap_exclude":false,"_sitemap_priority":"","_sitemap_frequency":"","_kad_blocks_custom_css":"","_kad_blocks_head_custom_js":"","_kad_blocks_body_custom_js":"","_kad_blocks_footer_custom_js":"","wp_popup_display_lightbox":0,"wp_popup_suppress":"","wp_popup_trigger":"","wp_popup_trigger_amount":0,"wp_popup_disable_on_mobile":false,"footnotes":""},"class_list":["post-119","page","type-page","status-publish","hentry"],"pp_statuses_selecting_workflow":false,"pp_workflow_action":"current","pp_status_selection":"publish","taxonomy_info":[],"featured_image_src_large":false,"author_info":{"display_name":"Ariana Enomoto","author_link":"https:\/\/hawaiipublicschools.org\/vi\/author\/arianastaceyleong-com\/"},"comment_info":0,"publishpress_future_action":{"enabled":false,"date":"2026-04-27 00:34:56","action":"change-status","newStatus":"draft","terms":[],"taxonomy":"","extraData":[]},"publishpress_future_workflow_manual_trigger":{"enabledWorkflows":[]},"_links":{"self":[{"href":"https:\/\/hawaiipublicschools.org\/vi\/wp-json\/wp\/v2\/pages\/119","targetHints":{"allow":["GET"]}}],"collection":[{"href":"https:\/\/hawaiipublicschools.org\/vi\/wp-json\/wp\/v2\/pages"}],"about":[{"href":"https:\/\/hawaiipublicschools.org\/vi\/wp-json\/wp\/v2\/types\/page"}],"author":[{"embeddable":true,"href":"https:\/\/hawaiipublicschools.org\/vi\/wp-json\/wp\/v2\/users\/8"}],"replies":[{"embeddable":true,"href":"https:\/\/hawaiipublicschools.org\/vi\/wp-json\/wp\/v2\/comments?post=119"}],"version-history":[{"count":0,"href":"https:\/\/hawaiipublicschools.org\/vi\/wp-json\/wp\/v2\/pages\/119\/revisions"}],"up":[{"embeddable":true,"href":"https:\/\/hawaiipublicschools.org\/vi\/wp-json\/wp\/v2\/pages\/113"}],"wp:attachment":[{"href":"https:\/\/hawaiipublicschools.org\/vi\/wp-json\/wp\/v2\/media?parent=119"}],"curies":[{"name":"wp","href":"https:\/\/api.w.org\/{rel}","templated":true}]}}