{"id":118,"date":"2024-09-04T23:57:50","date_gmt":"2024-09-04T23:57:50","guid":{"rendered":"https:\/\/hawaiipublicschools.org\/?page_id=118"},"modified":"2026-01-26T11:09:45","modified_gmt":"2026-01-26T21:09:45","slug":"weighted-student-formula","status":"publish","type":"page","link":"https:\/\/hawaiipublicschools.org\/vi\/about\/budget\/weighted-student-formula\/","title":{"rendered":"C\u00f4ng th\u1ee9c t\u00ednh tr\u1ecdng s\u1ed1 c\u1ee7a h\u1ecdc sinh"},"content":{"rendered":"<div class=\"wp-block-columns double_col_sidebar is-layout-flex wp-container-core-columns-is-layout-28f84493 wp-block-columns-is-layout-flex\">\n<div class=\"wp-block-column left_col is-layout-flow wp-block-column-is-layout-flow\">\n<p class=\"intro\" style=\"font-size:clamp(0.875rem, 0.875rem + ((1vw - 0.2rem) * 0.531), 1.3rem);\">C\u00f4ng th\u1ee9c t\u00ednh h\u1ecdc sinh theo tr\u1ecdng s\u1ed1 (WSF) \u0111\u1ea3m b\u1ea3o r\u1eb1ng ngu\u1ed3n t\u00e0i tr\u1ee3 cho c\u00e1c tr\u01b0\u1eddng c\u00f4ng l\u1eadp \u1edf Hawai&#039;i \u0111\u01b0\u1ee3c ph\u00e2n b\u1ed5 c\u00f4ng b\u1eb1ng, d\u1ef1a tr\u00ean nhu c\u1ea7u c\u1ee5 th\u1ec3 c\u1ee7a t\u1eebng h\u1ecdc sinh trong tr\u01b0\u1eddng. C\u00f4ng th\u1ee9c n\u00e0y ph\u00e2n b\u1ed5 m\u1ed9t s\u1ed1 ti\u1ec1n nh\u1ea5t \u0111\u1ecbnh cho m\u1ed7i h\u1ecdc sinh ghi danh, v\u1edbi c\u00e1c kho\u1ea3n ti\u1ec1n b\u1ed5 sung \u0111\u01b0\u1ee3c cung c\u1ea5p cho nh\u1eefng h\u1ecdc sinh c\u00f3 th\u1ec3 c\u1ea7n h\u1ed7 tr\u1ee3 th\u00eam, ch\u1eb3ng h\u1ea1n nh\u01b0 nh\u1eefng h\u1ecdc sinh c\u00f3 n\u0103ng khi\u1ebfu, c\u00f3 ho\u00e0n c\u1ea3nh kinh t\u1ebf kh\u00f3 kh\u0103n ho\u1eb7c \u0111ang h\u1ecdc ti\u1ebfng Anh.<\/p>\n\n\n\n<p>B\u1eb1ng c\u00e1ch s\u1eed d\u1ee5ng WSF, c\u00e1c tr\u01b0\u1eddng c\u00f3 th\u1ec3 \u0111\u01b0a ra quy\u1ebft \u0111\u1ecbnh v\u1ec1 ng\u00e2n s\u00e1ch sao cho \u0111\u00e1p \u1ee9ng t\u1ed1t nh\u1ea5t nhu c\u1ea7u c\u1ee7a h\u1ecdc sinh, cho d\u00f9 \u0111\u00f3 l\u00e0 tuy\u1ec3n d\u1ee5ng nh\u00e2n vi\u00ean, t\u00e0i tr\u1ee3 ch\u01b0\u01a1ng tr\u00ecnh hay mua s\u1eafm t\u00e0i nguy\u00ean.<\/p>\n\n\n\n<div class=\"wp-block-columns is-layout-flex wp-container-core-columns-is-layout-28f84493 wp-block-columns-is-layout-flex\">\n<div class=\"wp-block-column is-layout-flow wp-block-column-is-layout-flow\">\n<p><a href=\"https:\/\/hawaiipublicschools.org\/vi\/about\/budget\/weighted-student-formula\/weighted-student-formula-archived-reports\/\"><strong>Archived WSF reports<\/strong><\/a><\/p>\n\n\n\n<p>An archive of Weighted Student Formula reports (OEC calculations and adjustments, details of weighting factors and official demographics).<\/p>\n<\/div>\n\n\n\n<div class=\"wp-block-column is-layout-flow wp-block-column-is-layout-flow\">\n<p><a href=\"https:\/\/hawaiipublicschools.org\/vi\/about\/budget\/weighted-student-formula\/#cow\"><strong>Archived COW documents<\/strong><\/a><\/p>\n\n\n\n<p>Committee on Weights documents dating back to the 2014-15 school year.<\/p>\n<\/div>\n<\/div>\n\n\n\n<div class=\"wp-block-kadence-spacer aligncenter kt-block-spacer-118_082414-b0\"><div class=\"kt-block-spacer kt-block-spacer-halign-center\"><hr class=\"kt-divider\"\/><\/div><\/div>\n\n\n\n<h2 class=\"wp-block-heading\">WSF ho\u1ea1t \u0111\u1ed9ng nh\u01b0 th\u1ebf n\u00e0o?<\/h2>\n\n\n\n<ol class=\"wp-block-list\">\n<li><strong>Ngu\u1ed3n t\u00e0i tr\u1ee3 c\u01a1 b\u1ea3n cho t\u1ea5t c\u1ea3 c\u00e1c tr\u01b0\u1eddng h\u1ecdc<\/strong>:M\u1ed7i tr\u01b0\u1eddng \u0111\u1ec1u nh\u1eadn \u0111\u01b0\u1ee3c m\u1ed9t kho\u1ea3n ti\u1ec1n t\u00e0i tr\u1ee3 c\u01a1 b\u1ea3n \u0111\u1ec3 ho\u1ea1t \u0111\u1ed9ng.<\/li>\n\n\n\n<li><strong>T\u00e0i tr\u1ee3 cho m\u1ed7i sinh vi\u00ean<\/strong>:C\u00e1c tr\u01b0\u1eddng nh\u1eadn \u0111\u01b0\u1ee3c th\u00eam kinh ph\u00ed d\u1ef1a tr\u00ean s\u1ed1 l\u01b0\u1ee3ng h\u1ecdc sinh theo h\u1ecdc.<\/li>\n\n\n\n<li><strong>Ngu\u1ed3n t\u00e0i tr\u1ee3 b\u1ed5 sung cho nhu c\u1ea7u \u0111\u1eb7c bi\u1ec7t<\/strong>:C\u00e1c tr\u01b0\u1eddng nh\u1eadn \u0111\u01b0\u1ee3c nhi\u1ec1u ti\u1ec1n h\u01a1n cho nh\u1eefng h\u1ecdc sinh c\u00f3 nhu c\u1ea7u c\u1ee5 th\u1ec3, ch\u1eb3ng h\u1ea1n nh\u01b0:<\/li>\n<\/ol>\n\n\n\n<ul class=\"wp-block-list\">\n<li>H\u1ecdc sinh c\u00f3 n\u0103ng khi\u1ebfu v\u00e0 t\u00e0i n\u0103ng<\/li>\n\n\n\n<li>H\u1ecdc sinh c\u00f3 ho\u00e0n c\u1ea3nh kinh t\u1ebf kh\u00f3 kh\u0103n<\/li>\n\n\n\n<li>Ng\u01b0\u1eddi h\u1ecdc ti\u1ebfng Anh<\/li>\n\n\n\n<li>H\u1ecdc sinh \u0111\u1ed1i m\u1eb7t v\u1edbi s\u1ef1 t\u1ea1m th\u1eddi<\/li>\n<\/ul>\n\n\n\n<h2 class=\"wp-block-heading\">C\u00e1c tr\u01b0\u1eddng h\u1ecdc s\u1eed d\u1ee5ng WSF nh\u01b0 th\u1ebf n\u00e0o<\/h2>\n\n\n\n<p>M\u1ed7i hi\u1ec7u tr\u01b0\u1edfng nh\u00e0 tr\u01b0\u1eddng, v\u1edbi s\u1ef1 tham gia c\u1ee7a H\u1ed9i \u0111\u1ed3ng c\u1ed9ng \u0111\u1ed3ng nh\u00e0 tr\u01b0\u1eddng, s\u1ebd l\u1eadp K\u1ebf ho\u1ea1ch t\u00e0i ch\u00ednh h\u00e0ng n\u0103m \u0111\u1ec3 quy\u1ebft \u0111\u1ecbnh c\u00e1ch chi ti\u00eau qu\u1ef9 WSF. K\u1ebf ho\u1ea1ch n\u00e0y gi\u00fap c\u00e1c tr\u01b0\u1eddng \u0111\u1ea1t \u0111\u01b0\u1ee3c m\u1ee5c ti\u00eau h\u1ecdc t\u1eadp c\u1ee7a m\u00ecnh trong khi v\u1eabn h\u1ed7 tr\u1ee3 c\u00e1c ho\u1ea1t \u0111\u1ed9ng c\u01a1 b\u1ea3n. Ph\u1ee5 huynh v\u00e0 th\u00e0nh vi\u00ean c\u1ed9ng \u0111\u1ed3ng \u0111\u01b0\u1ee3c khuy\u1ebfn kh\u00edch tham gia v\u00e0o qu\u00e1 tr\u00ecnh n\u00e0y b\u1eb1ng c\u00e1ch tham gia H\u1ed9i \u0111\u1ed3ng c\u1ed9ng \u0111\u1ed3ng nh\u00e0 tr\u01b0\u1eddng \u0111\u1ecba ph\u01b0\u01a1ng c\u1ee7a h\u1ecd.<\/p>\n\n\n\n<p>C\u00e1c t\u00e0i li\u1ec7u c\u00f3 li\u00ean quan c\u00f3 s\u1eb5n cho n\u0103m t\u00e0i ch\u00ednh hi\u1ec7n t\u1ea1i:<\/p>\n\n\n\n<ul class=\"wp-block-list\">\n<li><a href=\"https:\/\/hawaiipublicschools.org\/wp-content\/uploads\/FY27-WSF-Alloc-Calc-for-FP.pdf\" target=\"_blank\" rel=\"noreferrer noopener\">FY2026-27 Allocation Calculation for Financial Plans<\/a> (PDF)<\/li>\n\n\n\n<li><a href=\"https:\/\/hawaiipublicschools.org\/wp-content\/uploads\/FY27-WSF-Weighting-Factors-for-FP.pdf\" target=\"_blank\" rel=\"noreferrer noopener\">FY2026-27 Details of Weighting Factors for Financial Plans<\/a> (PDF)<\/li>\n\n\n\n<li><a href=\"https:\/\/hawaiipublicschools.org\/wp-content\/uploads\/FY27-WSF-Proj-Demographics-for-FP.pdf\" target=\"_blank\" rel=\"noreferrer noopener\">FY2026-27 Projected Demographics for Financial Plans<\/a> (PDF)<\/li>\n<\/ul>\n\n\n\n<h2 class=\"wp-block-heading\">Vi\u1ec7c ghi danh \u1ea3nh h\u01b0\u1edfng \u0111\u1ebfn vi\u1ec7c t\u00e0i tr\u1ee3 nh\u01b0 th\u1ebf n\u00e0o<\/h2>\n\n\n\n<p>Ngu\u1ed3n t\u00e0i tr\u1ee3 cho tr\u01b0\u1eddng h\u1ecdc th\u00f4ng qua WSF \u0111\u01b0\u1ee3c \u0111i\u1ec1u ch\u1ec9nh trong su\u1ed1t n\u0103m d\u1ef1a tr\u00ean s\u1ed1 l\u01b0\u1ee3ng h\u1ecdc sinh th\u1ef1c t\u1ebf:<\/p>\n\n\n\n<ul class=\"wp-block-list\">\n<li>\u0110i\u1ec1u ch\u1ec9nh l\u1ea7n 1: Th\u1ef1c hi\u1ec7n sau khi th\u1ed1ng k\u00ea tuy\u1ec3n sinh ch\u00ednh th\u1ee9c v\u00e0o \u0111\u1ea7u n\u0103m h\u1ecdc.<\/li>\n\n\n\n<li>\u0110i\u1ec1u ch\u1ec9nh l\u1ea7n th\u1ee9 hai v\u00e0 th\u1ee9 ba: Th\u1ef1c hi\u1ec7n sau qu\u00fd \u0111\u1ea7u ti\u00ean v\u00e0 \u0111\u1ea7u h\u1ecdc k\u1ef3 th\u1ee9 hai, n\u1ebfu s\u1ed1 l\u01b0\u1ee3ng sinh vi\u00ean t\u0103ng.<\/li>\n<\/ul>\n\n\n\n<p>C\u00e1c t\u00e0i li\u1ec7u c\u00f3 li\u00ean quan c\u00f3 s\u1eb5n cho n\u0103m t\u00e0i ch\u00ednh hi\u1ec7n t\u1ea1i:<\/p>\n\n\n\n<ul class=\"wp-block-list\">\n<li><a href=\"\/wp-content\/uploads\/FY26-WSFAllocCalc-012026.pdf\" target=\"_blank\" rel=\"noreferrer noopener\">FY 2025-26 January 2026 (2nd Semester) Adjustment<\/a> (PDF)<\/li>\n\n\n\n<li><a href=\"\/wp-content\/uploads\/FY2025-26-WSF-AllocCalcuation-102025.pdf\" target=\"_blank\" rel=\"noreferrer noopener\">FY 2025-26 October 2025 (2nd Quarter) Adjustment<\/a> (PDF)<\/li>\n\n\n\n<li><a href=\"\/wp-content\/uploads\/FY2025-26-OEC.pdf\" target=\"_blank\" rel=\"noreferrer noopener\">FY 2025-26 OEC Allocation Calculation<\/a> (PDF)<\/li>\n\n\n\n<li><a href=\"\/wp-content\/uploads\/FY2025-26-Weighting.pdf\" target=\"_blank\" rel=\"noreferrer noopener\">FY 2025-26 OEC Details of Weighting Factors<\/a> (PDF)<\/li>\n\n\n\n<li><a href=\"\/wp-content\/uploads\/FY2025-26-Demographics.pdf\" target=\"_blank\" rel=\"noreferrer noopener\">FY 2025-26 OEC Official Demographics<\/a> (PDF)<\/li>\n<\/ul>\n\n\n\n<h2 class=\"wp-block-heading\">T\u00e0i tr\u1ee3 gi\u00e1o d\u1ee5c \u0111\u1eb7c bi\u1ec7t<\/h2>\n\n\n\n<p>Starting in the 2020-21 school year, a similar formula is used to <a href=\"https:\/\/hawaiipublicschools.org\/vi\/DOE%20Forms\/Special%20Education\/SPEDReport0518.pdf\/\" target=\"_blank\" rel=\"noreferrer noopener\">fund special education<\/a>. Known as the Special Education Per Pupil Allocation (SPPA), it ensures that schools receive adequate resources to support students with special needs. Like the WSF, funding is based on student characteristics, with schools receiving extra support based on specific student disabilities.<\/p>\n\n\n\n<ul class=\"wp-block-list\">\n<li>Ngu\u1ed3n t\u00e0i tr\u1ee3 c\u01a1 b\u1ea3n cho m\u1ed7i tr\u01b0\u1eddng \u0111\u1ec3 trang tr\u1ea3i chi ph\u00ed \u01b0\u1edbc t\u00ednh cho m\u1ed9t v\u1ecb tr\u00ed gi\u00e1o vi\u00ean trong 10 th\u00e1ng.<\/li>\n\n\n\n<li>S\u1eed d\u1ee5ng c\u00e1c \u0111\u1eb7c \u0111i\u1ec3m c\u1ee7a h\u1ecdc sinh \u0111\u01b0\u1ee3c ch\u1ecdn l\u00e0m tr\u1ecdng s\u1ed1 0,1:\n<ul class=\"wp-block-list\">\n<li>Khuy\u1ebft t\u1eadt h\u1ecdc t\u1eadp c\u1ee5 th\u1ec3<\/li>\n\n\n\n<li>S\u1ee9c kh\u1ecfe kh\u00e1c Khuy\u1ebft t\u1eadt<\/li>\n\n\n\n<li>Khuy\u1ebft t\u1eadt v\u1ec1 ng\u00f4n ng\u1eef ho\u1eb7c l\u1eddi n\u00f3i<\/li>\n<\/ul>\n<\/li>\n\n\n\n<li>Vi\u1ec7c t\u00e0i tr\u1ee3 cho m\u1ed7i h\u1ecdc sinh b\u1eaft \u0111\u1ea7u t\u1eeb h\u1ecdc sinh th\u1ee9 n\u0103m.<\/li>\n\n\n\n<li>C\u1ee7a s\u1ef1 c\u00e2n b\u1eb1ng:\n<ul class=\"wp-block-list\">\n<li>90% \u0111\u01b0\u1ee3c ph\u00e2n b\u1ed5 cho c\u00e1c tr\u01b0\u1eddng d\u1ef1a tr\u00ean s\u1ed1 l\u01b0\u1ee3ng \u0111\u1ea7u v\u00e0o<\/li>\n\n\n\n<li>10% \u0111\u01b0\u1ee3c ph\u00e2n b\u1ed5 cho c\u00e1c tr\u01b0\u1eddng h\u1ecdc theo quy\u1ebft \u0111\u1ecbnh c\u1ee7a gi\u00e1m \u0111\u1ed1c khu ph\u1ee9c h\u1ee3p<\/li>\n<\/ul>\n<\/li>\n<\/ul>\n\n\n\n<h2 class=\"wp-block-heading\">Ai gi\u00e1m s\u00e1t WSF?<\/h2>\n\n\n\n<p>\u1ee6y ban v\u1ec1 Tr\u1ecdng s\u1ed1 c\u00f3 tr\u00e1ch nhi\u1ec7m xem x\u00e9t v\u00e0 \u0111i\u1ec1u ch\u1ec9nh c\u00f4ng th\u1ee9c \u0111\u1ec3 \u0111\u1ea3m b\u1ea3o ph\u1ea3n \u00e1nh nhu c\u1ea7u hi\u1ec7n t\u1ea1i c\u1ee7a sinh vi\u00ean. H\u1ed9i \u0111\u1ed3ng Gi\u00e1o d\u1ee5c x\u00e1c \u0111\u1ecbnh th\u00e0nh ph\u1ea7n c\u1ee7a \u1ee6y ban v\u1ec1 Tr\u1ecdng s\u1ed1 d\u1ef1a tr\u00ean khuy\u1ebfn ngh\u1ecb c\u1ee7a gi\u00e1m \u0111\u1ed1c v\u00e0 tr\u01b0\u1edfng khoa c\u1ee7a Khoa Gi\u00e1o d\u1ee5c t\u1ea1i \u0110\u1ea1i h\u1ecdc Hawai&#039;i. \u1ee6y ban v\u1ec1 Tr\u1ecdng s\u1ed1 \u0111\u01b0\u1ee3c th\u00e0nh l\u1eadp b\u1edfi <a href=\"\/vi\/DOE%20Forms\/State%20Reports\/Act51.pdf\/\">M\u00e0n 51<\/a> v\u00e0 \u0110\u1ea1o lu\u1eadt 221, \u0111\u01b0\u1ee3c th\u00f4ng qua trong Phi\u00ean h\u1ecdp l\u1eadp ph\u00e1p n\u0103m 2004.<\/p>\n\n\n\n<p>Ch\u1ee9c n\u0103ng ch\u00ednh c\u1ee7a \u1ee6y ban Tr\u1ecdng s\u1ed1 l\u00e0 x\u00e1c \u0111\u1ecbnh: qu\u1ef9 ho\u1ea1t \u0111\u1ed9ng n\u00e0o s\u1ebd \u0111\u01b0\u1ee3c ph\u00e2n b\u1ed5 duy nh\u1ea5t d\u1ef1a tr\u00ean \u0111\u1eb7c \u0111i\u1ec3m c\u1ee7a h\u1ecdc sinh; \u0111\u1eb7c \u0111i\u1ec3m c\u1ee7a h\u1ecdc sinh \u0111\u01b0\u1ee3c s\u1eed d\u1ee5ng \u0111\u1ec3 ph\u00e2n b\u1ed5 qu\u1ef9 cho c\u00e1c tr\u01b0\u1eddng; s\u1ed1 l\u01b0\u1ee3ng \u201ctr\u1ecdng s\u1ed1\u201d (ho\u1eb7c s\u1ed1 l\u01b0\u1ee3ng \u0111\u1eb7c \u0111i\u1ec3m tr\u00ean chi ph\u00ed gi\u00e1o d\u1ee5c) cho m\u1ed7i \u0111\u1eb7c \u0111i\u1ec3m; v\u00e0 c\u00e1c \u0111\u01a1n v\u1ecb c\u1ee5 th\u1ec3 cho m\u1ed7i \u0111\u1eb7c \u0111i\u1ec3m.<\/p>\n\n\n\n<p><strong>Tham gia:<\/strong> Ph\u1ee5 huynh v\u00e0 th\u00e0nh vi\u00ean c\u1ed9ng \u0111\u1ed3ng \u0111\u01b0\u1ee3c khuy\u1ebfn kh\u00edch tham gia v\u00e0o cu\u1ed9c tr\u00f2 chuy\u1ec7n! Tham gia H\u1ed9i \u0111\u1ed3ng c\u1ed9ng \u0111\u1ed3ng tr\u01b0\u1eddng h\u1ecdc \u0111\u1ecba ph\u01b0\u01a1ng c\u1ee7a b\u1ea1n v\u00e0 gi\u00fap \u0111\u1ecbnh h\u00ecnh c\u00e1ch s\u1eed d\u1ee5ng ti\u1ec1n qu\u1ef9 t\u1ea1i tr\u01b0\u1eddng c\u1ee7a b\u1ea1n.<\/p>\n\n\n\n<h4 class=\"wp-block-heading\">Committee on Weights Reports<\/h4>\n\n\n\n<div class=\"wp-block-columns is-layout-flex wp-container-core-columns-is-layout-28f84493 wp-block-columns-is-layout-flex\">\n<div class=\"wp-block-column is-layout-flow wp-block-column-is-layout-flow\">\n<div class=\"wp-block-columns is-layout-flex wp-container-core-columns-is-layout-28f84493 wp-block-columns-is-layout-flex\">\n<div class=\"wp-block-column is-layout-flow wp-block-column-is-layout-flow\">\n<ul class=\"wp-block-list\">\n<li>COW XIV: SY2026-27 and 27-28\n<ul class=\"wp-block-list\">\n<li><a href=\"\/wp-content\/uploads\/COW-XIV.pdf\" data-type=\"link\" data-id=\"\/wp-content\/uploads\/COW-XIV.pdf\" target=\"_blank\" rel=\"noreferrer noopener\">Committee on Weights report<\/a> (PDF)<\/li>\n\n\n\n<li><a href=\"\/wp-content\/uploads\/20250918_FIC_COWXIVSY2728.pdf\" data-type=\"link\" data-id=\"wp-content\/uploads\/20250918_FIC_COWXIVSY2728.pdf\" target=\"_blank\" rel=\"noreferrer noopener\">Board of Education decision<\/a> (9\/18\/25)(PDF)<\/li>\n<\/ul>\n<\/li>\n\n\n\n<li>COW XIII: SY2024-25 and 25-26\n<ul class=\"wp-block-list\">\n<li><a href=\"\/Reports\/COWXIIIreport.pdf\" target=\"_blank\" rel=\"noreferrer noopener\">Committee on Weights report 9\/7\/23<\/a> (PDF)<\/li>\n\n\n\n<li><a href=\"\/vi\/DOE%20Forms\/FIC_09072023_Action%20on%20COW%20XIII%20re%20WSF%20for%20SYs%2024-25%20and%2025-26.pdf\/\" target=\"_blank\" rel=\"noreferrer noopener\">Board of Education decision 9\/21\/23<\/a> (PDF)<\/li>\n<\/ul>\n<\/li>\n<\/ul>\n\n\n\n<ul class=\"wp-block-list\">\n<li>COW XII: SY2022-2023 and 23-24\n<ul class=\"wp-block-list\">\n<li><a href=\"https:\/\/boe.hawaii.gov\/Meetings\/Notices\/Meeting%20Material%20Library\/FIC_08192021_Recommendations%20of%20COW%20XII%20Regarding%20WSF%20Allocation%20for%20SY22-23%20and%2023-24.pdf\" target=\"_blank\" rel=\"noreferrer noopener\">Committee on Weight report 8\/19\/21<\/a> (PDF)<\/li>\n\n\n\n<li><a href=\"https:\/\/boe.hawaii.gov\/Meetings\/Notices\/Meeting%20Material%20Library\/FIC_08192021_Recommendations%20of%20COW%20XII%20Regarding%20WSF%20Allocation%20for%20SY22-23%20and%2023-24.pdf\" target=\"_blank\" rel=\"noreferrer noopener\">Board of Education decision 8\/19\/21<\/a> (PDF)<\/li>\n<\/ul>\n<\/li>\n\n\n\n<li>COW XI: SY2020-21 and 21-22\n<ul class=\"wp-block-list\">\n<li><a href=\"\/Reports\/COWXIFICreport091919.pdf\" target=\"_blank\" rel=\"noreferrer noopener\">Committee on Weights report, 9\/19\/19<\/a> (PDF)<\/li>\n\n\n\n<li>Board of Education decision, 9\/19\/19<\/li>\n<\/ul>\n<\/li>\n\n\n\n<li>COW X: SY2017-18 and 18-19\n<ul class=\"wp-block-list\">\n<li><a href=\"\/Reports\/COWXfinal.pdf\" target=\"_blank\" rel=\"noreferrer noopener\">Committee on Weights report, 5\/23\/17<\/a> (PDF)<\/li>\n\n\n\n<li>Board of Education decision, 5\/23\/17<\/li>\n<\/ul>\n<\/li>\n<\/ul>\n<\/div>\n<\/div>\n<\/div>\n\n\n\n<div class=\"wp-block-column is-layout-flow wp-block-column-is-layout-flow\">\n<ul class=\"wp-block-list\">\n<li>COW IX: SY2016-17 and 17-18\n<ul class=\"wp-block-list\">\n<li><a href=\"\/vi\/DOE%20Forms\/WSF\/COWFICreport081815.pdf\/\" target=\"_blank\" rel=\"noreferrer noopener\">Committee on Weights report: 8\/18\/15<\/a> (PDF)<\/li>\n\n\n\n<li>Board of Education decision: 8\/18\/15<\/li>\n<\/ul>\n<\/li>\n<\/ul>\n\n\n\n<ul class=\"wp-block-list\">\n<li>COW VIII: SY2014-15\n<ul class=\"wp-block-list\">\n<li><a href=\"\/Reports\/COWVIIIreport.pdf\" target=\"_blank\" rel=\"noreferrer noopener\">Committee on Weights report: 8\/20\/13<\/a> (PDF)<\/li>\n\n\n\n<li>Board of Education decision, 10\/15\/13<\/li>\n<\/ul>\n<\/li>\n<\/ul>\n\n\n\n<ul class=\"wp-block-list\">\n<li>COW VII: SY2012-13\n<ul class=\"wp-block-list\">\n<li><a href=\"\/Reports\/COWVIIreport.pdf\" target=\"_blank\" rel=\"noreferrer noopener\">Committee on Weights report: 9\/1\/11<\/a> (PDF)<\/li>\n\n\n\n<li>Board of Education decision, 9\/20\/11<\/li>\n<\/ul>\n<\/li>\n\n\n\n<li>COW VI: SY2011-12\n<ul class=\"wp-block-list\">\n<li><a href=\"\/Reports\/COWVIreport.pdf\" target=\"_blank\" rel=\"noreferrer noopener\">Committee on Weights report: 8\/23\/10<\/a> (PDF)<\/li>\n\n\n\n<li>Board of Education decision, 9\/2\/10<\/li>\n<\/ul>\n<\/li>\n<\/ul>\n<\/div>\n\n\n\n<div class=\"wp-block-column is-layout-flow wp-block-column-is-layout-flow\">\n<ul class=\"wp-block-list\">\n<li>COW V: SY2010-11\n<ul class=\"wp-block-list\">\n<li><a href=\"\/Reports\/COWVreport.pdf\" target=\"_blank\" rel=\"noreferrer noopener\">Committee on Weights report: 10\/28\/09<\/a> (PDF)<\/li>\n\n\n\n<li>Board of Education decision, 11\/5\/09<\/li>\n<\/ul>\n<\/li>\n<\/ul>\n\n\n\n<ul class=\"wp-block-list\">\n<li>COW IV: SY2009-10\n<ul class=\"wp-block-list\">\n<li><a href=\"\/Reports\/COWIVreport.pdf\" target=\"_blank\" rel=\"noreferrer noopener\">Committee on Weights report: 7\/7\/08<\/a> (PDF)<\/li>\n\n\n\n<li>Board of Education decision, 9\/4\/08<\/li>\n<\/ul>\n<\/li>\n<\/ul>\n\n\n\n<ul class=\"wp-block-list\">\n<li>COW III: SY2008-09\n<ul class=\"wp-block-list\">\n<li><a href=\"\/Reports\/COWIIIreport.pdf\" target=\"_blank\" rel=\"noreferrer noopener\">Committee on Weights report: 10\/15\/07<\/a> (PDF)<\/li>\n\n\n\n<li>Board of Education decision, 10\/18\/07<\/li>\n<\/ul>\n<\/li>\n<\/ul>\n\n\n\n<ul class=\"wp-block-list\">\n<li>COW II: SY2007-08\n<ul class=\"wp-block-list\">\n<li><a href=\"\/Reports\/COWIIreport.pdf\" target=\"_blank\" rel=\"noreferrer noopener\">Committee on Weights report: 8\/30\/06<\/a> (PDF)<\/li>\n<\/ul>\n<\/li>\n<\/ul>\n\n\n\n<ul class=\"wp-block-list\">\n<li>COW I\n<ul class=\"wp-block-list\">\n<li><a href=\"\/Reports\/COWIreport.pdf\" target=\"_blank\" rel=\"noreferrer noopener\">Committee on Weights report: Jan. 2005<\/a> (PDF)<\/li>\n<\/ul>\n<\/li>\n<\/ul>\n<\/div>\n<\/div>\n<\/div>\n\n\n\n<div class=\"wp-block-column right_col is-layout-flow wp-block-column-is-layout-flow\">\n<h3 class=\"wp-block-heading\">V\u1ec1<\/h3>\n\n\n<ul class=\"wp-block-page-list\"><li class=\"wp-block-pages-list__item has-child\"><a class=\"wp-block-pages-list__item__link\" href=\"https:\/\/hawaiipublicschools.org\/vi\/about\/organization\/\">T\u1ed5 ch\u1ee9c<\/a><ul class=\"wp-block-navigation__submenu-container\"><li class=\"wp-block-pages-list__item\"><a class=\"wp-block-pages-list__item__link\" href=\"https:\/\/hawaiipublicschools.org\/vi\/about\/organization\/strive-hi-dashboard\/\">B\u1ea3ng \u0111i\u1ec1u khi\u1ec3n Strive HI<\/a><\/li><\/ul><\/li><li class=\"wp-block-pages-list__item\"><a class=\"wp-block-pages-list__item__link\" href=\"https:\/\/hawaiipublicschools.org\/vi\/about\/offices\/\">V\u0103n ph\u00f2ng<\/a><\/li><li class=\"wp-block-pages-list__item\"><a class=\"wp-block-pages-list__item__link\" href=\"https:\/\/hawaiipublicschools.org\/vi\/about\/na-hopena-a%ca%bbo-ha\/\">N\u0101 Hopena A\u02bbo (H\u0100)<\/a><\/li><li class=\"wp-block-pages-list__item\"><a class=\"wp-block-pages-list__item__link\" href=\"https:\/\/hawaiipublicschools.org\/vi\/about\/strategic-plan\/\">K\u1ebf ho\u1ea1ch chi\u1ebfn l\u01b0\u1ee3c<\/a><\/li><li class=\"wp-block-pages-list__item\"><a class=\"wp-block-pages-list__item__link\" href=\"https:\/\/hawaiipublicschools.org\/vi\/about\/partnerships\/\">Quan h\u1ec7 \u0111\u1ed1i t\u00e1c<\/a><\/li><li class=\"wp-block-pages-list__item has-child\"><a class=\"wp-block-pages-list__item__link\" href=\"https:\/\/hawaiipublicschools.org\/vi\/about\/budget\/\">Ng\u00e2n s\u00e1ch<\/a><ul class=\"wp-block-navigation__submenu-container\"><li class=\"wp-block-pages-list__item\"><a class=\"wp-block-pages-list__item__link\" href=\"https:\/\/hawaiipublicschools.org\/vi\/about\/budget\/appropriation-summary-reports\/\">B\u00e1o c\u00e1o t\u00f3m t\u1eaft ph\u00e2n b\u1ed5<\/a><\/li><li class=\"wp-block-pages-list__item\"><a class=\"wp-block-pages-list__item__link\" href=\"https:\/\/hawaiipublicschools.org\/vi\/about\/budget\/budget-cycle-and-process\/\">Chu k\u1ef3 v\u00e0 quy tr\u00ecnh ng\u00e2n s\u00e1ch<\/a><\/li><li class=\"wp-block-pages-list__item\"><a class=\"wp-block-pages-list__item__link\" href=\"https:\/\/hawaiipublicschools.org\/vi\/about\/budget\/capital-improvements-program\/\">Ch\u01b0\u01a1ng tr\u00ecnh c\u1ea3i thi\u1ec7n v\u1ed1n<\/a><\/li><li class=\"wp-block-pages-list__item\"><a class=\"wp-block-pages-list__item__link\" href=\"https:\/\/hawaiipublicschools.org\/vi\/about\/budget\/federal-covid-relief-funding-for-education\/\">Qu\u1ef9 c\u1ee9u tr\u1ee3 COVID c\u1ee7a li\u00ean bang d\u00e0nh cho gi\u00e1o d\u1ee5c<\/a><\/li><li class=\"wp-block-pages-list__item has-child\"><a class=\"wp-block-pages-list__item__link\" href=\"https:\/\/hawaiipublicschools.org\/vi\/about\/budget\/weighted-student-formula\/\">C\u00f4ng th\u1ee9c t\u00ednh tr\u1ecdng s\u1ed1 c\u1ee7a h\u1ecdc sinh<\/a><ul class=\"wp-block-navigation__submenu-container\"><li class=\"wp-block-pages-list__item\"><a class=\"wp-block-pages-list__item__link\" href=\"https:\/\/hawaiipublicschools.org\/vi\/about\/budget\/weighted-student-formula\/weighted-student-formula-archived-reports\/\">B\u00e1o c\u00e1o l\u01b0u tr\u1eef C\u00f4ng th\u1ee9c sinh vi\u00ean c\u00f3 tr\u1ecdng s\u1ed1<\/a><\/li><\/ul><\/li><\/ul><\/li><li class=\"wp-block-pages-list__item has-child\"><a class=\"wp-block-pages-list__item__link\" href=\"https:\/\/hawaiipublicschools.org\/vi\/about\/federal-grants\/\">T\u00e0i tr\u1ee3 c\u1ee7a li\u00ean bang<\/a><ul class=\"wp-block-navigation__submenu-container\"><li class=\"wp-block-pages-list__item\"><a class=\"wp-block-pages-list__item__link\" href=\"https:\/\/hawaiipublicschools.org\/vi\/about\/federal-grants\/comprehensive-literacy-state-development-grant-clsd\/\">Kho\u1ea3n t\u00e0i tr\u1ee3 ph\u00e1t tri\u1ec3n nh\u00e0 n\u01b0\u1edbc x\u00f3a m\u00f9 ch\u1eef to\u00e0n di\u1ec7n (CLSD)<\/a><\/li><li class=\"wp-block-pages-list__item\"><a class=\"wp-block-pages-list__item__link\" href=\"https:\/\/hawaiipublicschools.org\/vi\/about\/federal-grants\/adult-education-family-literacy-act-aefla\/\">\u0110\u1ea1o lu\u1eadt x\u00f3a m\u00f9 ch\u1eef gia \u0111\u00ecnh v\u1ec1 gi\u00e1o d\u1ee5c ng\u01b0\u1eddi l\u1edbn (AEFLA)<\/a><\/li><\/ul><\/li><\/ul>\n\n\n<p><\/p>\n<\/div>\n<\/div>\n\n\n\n<p><\/p>\n\n\n\n<p><\/p>\n\n\n\n<p><\/p>","protected":false},"excerpt":{"rendered":"<p>The Weighted Student Formula (WSF) ensures that funding for public schools in Hawai\u2018i is distributed fairly, based on the specific needs of each school\u2019s students. This formula allocates a set amount of money for every student enrolled, with additional funds provided for students who may need extra support, such as those who are gifted, from [&hellip;]<\/p>","protected":false},"author":8,"featured_media":0,"parent":112,"menu_order":13,"comment_status":"closed","ping_status":"closed","template":"wp-custom-template-page-for-custom-sidebar","meta":{"_relevanssi_hide_post":"","_relevanssi_hide_content":"","_relevanssi_pin_for_all":"","_relevanssi_pin_keywords":"","_relevanssi_unpin_keywords":"","_relevanssi_related_keywords":"","_relevanssi_related_include_ids":"","_relevanssi_related_exclude_ids":"","_relevanssi_related_no_append":"","_relevanssi_related_not_related":"","_relevanssi_related_posts":"16234,14902,10994,10149,15792,9713","_relevanssi_noindex_reason":"","_sitemap_exclude":false,"_sitemap_priority":"","_sitemap_frequency":"","_kad_blocks_custom_css":"","_kad_blocks_head_custom_js":"","_kad_blocks_body_custom_js":"","_kad_blocks_footer_custom_js":"","wp_popup_display_lightbox":0,"wp_popup_suppress":"","wp_popup_trigger":"","wp_popup_trigger_amount":0,"wp_popup_disable_on_mobile":false,"footnotes":""},"class_list":["post-118","page","type-page","status-publish","hentry"],"pp_statuses_selecting_workflow":false,"pp_workflow_action":"current","pp_status_selection":"publish","taxonomy_info":[],"featured_image_src_large":false,"author_info":{"display_name":"Ariana Enomoto","author_link":"https:\/\/hawaiipublicschools.org\/vi\/author\/arianastaceyleong-com\/"},"comment_info":0,"publishpress_future_action":{"enabled":false,"date":"2026-04-25 08:49:19","action":"change-status","newStatus":"draft","terms":[],"taxonomy":"","extraData":[]},"publishpress_future_workflow_manual_trigger":{"enabledWorkflows":[]},"_links":{"self":[{"href":"https:\/\/hawaiipublicschools.org\/vi\/wp-json\/wp\/v2\/pages\/118","targetHints":{"allow":["GET"]}}],"collection":[{"href":"https:\/\/hawaiipublicschools.org\/vi\/wp-json\/wp\/v2\/pages"}],"about":[{"href":"https:\/\/hawaiipublicschools.org\/vi\/wp-json\/wp\/v2\/types\/page"}],"author":[{"embeddable":true,"href":"https:\/\/hawaiipublicschools.org\/vi\/wp-json\/wp\/v2\/users\/8"}],"replies":[{"embeddable":true,"href":"https:\/\/hawaiipublicschools.org\/vi\/wp-json\/wp\/v2\/comments?post=118"}],"version-history":[{"count":0,"href":"https:\/\/hawaiipublicschools.org\/vi\/wp-json\/wp\/v2\/pages\/118\/revisions"}],"up":[{"embeddable":true,"href":"https:\/\/hawaiipublicschools.org\/vi\/wp-json\/wp\/v2\/pages\/112"}],"wp:attachment":[{"href":"https:\/\/hawaiipublicschools.org\/vi\/wp-json\/wp\/v2\/media?parent=118"}],"curies":[{"name":"wp","href":"https:\/\/api.w.org\/{rel}","templated":true}]}}