{"id":114,"date":"2024-09-04T23:55:51","date_gmt":"2024-09-04T23:55:51","guid":{"rendered":"https:\/\/hawaiipublicschools.org\/?page_id=114"},"modified":"2025-06-23T14:34:05","modified_gmt":"2025-06-24T00:34:05","slug":"strive-hi-dashboard","status":"publish","type":"page","link":"https:\/\/hawaiipublicschools.org\/vi\/about\/organization\/strive-hi-dashboard\/","title":{"rendered":"B\u1ea3ng \u0111i\u1ec1u khi\u1ec3n Strive HI"},"content":{"rendered":"<div class=\"wp-block-columns double_col_sidebar is-layout-flex wp-container-core-columns-is-layout-28f84493 wp-block-columns-is-layout-flex\">\n<div class=\"wp-block-column left_col is-layout-flow wp-block-column-is-layout-flow\">\n<h2 class=\"wp-block-heading\">H\u1ec7 th\u1ed1ng hi\u1ec7u su\u1ea5t Strive HI<\/h2>\n\n\n\n<p>Strive HI l\u00e0 h\u1ec7 th\u1ed1ng c\u1ea3i thi\u1ec7n v\u00e0 tr\u00e1ch nhi\u1ec7m gi\u1ea3i tr\u00ecnh c\u1ee7a tr\u01b0\u1eddng h\u1ecdc c\u1ee7a HIDOE \u0111\u01b0\u1ee3c thi\u1ebft k\u1ebf \u0111\u1ec3 \u0111\u00e1p \u1ee9ng nhu c\u1ea7u c\u1ee7a h\u1ecdc sinh, nh\u00e0 gi\u00e1o d\u1ee5c v\u00e0 tr\u01b0\u1eddng h\u1ecdc. H\u1ec7 th\u1ed1ng n\u00e0y li\u00ean k\u1ebft v\u00e0 k\u1ebft n\u1ed1i c\u00e1c ch\u00ednh s\u00e1ch v\u00e0 s\u00e1ng ki\u1ebfn gi\u00e1o d\u1ee5c ch\u00ednh c\u1ee7a ti\u1ec3u bang \u0111\u1ec3 \u0111\u1ecbnh v\u1ecb h\u1ecdc sinh v\u00e0 nh\u00e0 gi\u00e1o d\u1ee5c h\u01b0\u1edbng \u0111\u1ebfn th\u00e0nh c\u00f4ng, \u0111\u1ed3ng th\u1eddi s\u1eed d\u1ee5ng d\u1eef li\u1ec7u \u0111\u1ec3 \u0111o l\u01b0\u1eddng ti\u1ebfn \u0111\u1ed9 v\u00e0 ngu\u1ed3n l\u1ef1c m\u1ee5c ti\u00eau. B\u00e1o c\u00e1o th\u01b0\u1eddng ni\u00ean l\u00e0 b\u1ea3n t\u00f3m t\u1eaft v\u1ec1 hi\u1ec7u su\u1ea5t c\u1ee7a c\u00e1c ch\u1ec9 s\u1ed1 ch\u00ednh v\u1ec1 th\u00e0nh c\u00f4ng c\u1ee7a h\u1ecdc sinh. B\u00e1o c\u00e1o n\u00e0y cho th\u1ea5y ti\u1ebfn \u0111\u1ed9 c\u1ee7a c\u00e1c ch\u1ec9 s\u1ed1 b\u1eaft bu\u1ed9c c\u1ee7a li\u00ean bang theo \u0110\u1ea1o lu\u1eadt M\u1ecdi h\u1ecdc sinh \u0111\u1ec1u th\u00e0nh c\u00f4ng; ngo\u00e0i c\u00e1c bi\u1ec7n ph\u00e1p do ti\u1ec3u bang \u00e1p d\u1ee5ng t\u1eadp trung v\u00e0o c\u00f4ng b\u1eb1ng, th\u00e0nh t\u00edch v\u00e0 th\u00e0nh c\u00f4ng c\u1ee7a h\u1ecdc sinh.<\/p>\n\n\n\n<div class=\"wp-block-buttons is-content-justification-left is-layout-flex wp-container-core-buttons-is-layout-fc4fd283 wp-block-buttons-is-layout-flex\">\n<div class=\"wp-block-button\"><a class=\"wp-block-button__link has-text-align-left wp-element-button\" href=\"https:\/\/arch.k12.hi.us\/reports\/strivehi-performance\" target=\"_blank\" rel=\"noreferrer noopener\">TRANG WEB STRIVE HI<\/a><\/div>\n<\/div>\n\n\n\n<h3 class=\"wp-block-heading\">C\u00e1c trang web tr\u1ef1c quan<\/h3>\n\n\n\n<p>\u200bXem d\u1eef li\u1ec7u \u0111\u1ed9ng t\u1eeb H\u1ec7 th\u1ed1ng Strive HI:<\/p>\n\n\n\n<ul class=\"wp-block-list\">\n<li><a href=\"https:\/\/adc.hidoe.us\/#\/\" target=\"_blank\" rel=\"noreferrer noopener\">Ki\u1ebfn tr\u00fac ADC<\/a>:Trung t\u00e2m d\u1eef li\u1ec7u tr\u00e1ch nhi\u1ec7m gi\u1ea3i tr\u00ecnh cung c\u1ea5p k\u1ebft qu\u1ea3 c\u1ea5p tr\u01b0\u1eddng v\u1ec1 \u0111i\u1ec3m ki\u1ec3m tra v\u00e0 s\u1ef1 tham gia, c\u0169ng nh\u01b0 d\u1eef li\u1ec7u t\u1ed1t nghi\u1ec7p v\u00e0 duy tr\u00ec.&nbsp;<\/li>\n<\/ul>\n\n\n\n<h3 class=\"wp-block-heading\">S\u1ef1 kh\u00e1c bi\u1ec7t gi\u1eefa Strive HI v\u00e0 No Child Left Behind (NCLB) l\u00e0 g\u00ec?<\/h3>\n\n\n\n<p>H\u1ec7 th\u1ed1ng hi\u1ec7u su\u1ea5t Strive HI thay th\u1ebf nhi\u1ec1u y\u00eau c\u1ea7u l\u1ed7i th\u1eddi v\u00e0 k\u00e9m hi\u1ec7u qu\u1ea3 nh\u1ea5t c\u1ee7a NCLB b\u1eb1ng m\u1ed9t h\u1ec7 th\u1ed1ng \u0111\u01b0\u1ee3c thi\u1ebft k\u1ebf t\u1ed1t h\u01a1n \u0111\u1ec3 \u0111\u00e1p \u1ee9ng nhu c\u1ea7u c\u1ee7a h\u1ecdc sinh, nh\u00e0 gi\u00e1o d\u1ee5c v\u00e0 tr\u01b0\u1eddng h\u1ecdc t\u1ea1i Hawai&#039;i.<\/p>\n\n\n\n<h4 class=\"wp-block-heading\"><strong>Ai l\u00e0 ng\u01b0\u1eddi thi\u1ebft k\u1ebf h\u1ec7 th\u1ed1ng n\u00e0y?<\/strong><\/h4>\n\n\n\n<div class=\"wp-block-columns is-layout-flex wp-container-core-columns-is-layout-28f84493 wp-block-columns-is-layout-flex\">\n<div class=\"wp-block-column is-layout-flow wp-block-column-is-layout-flow\">\n<p>KH\u00d4NG C\u00d3 \u0110\u1ee8A TR\u1eba B\u1eca B\u1ece L\u1ea0I PH\u00cdA SAU (2002-2012)<br>Ch\u00ednh ph\u1ee7 li\u00ean bang \u0111\u00e3 thi\u1ebft k\u1ebf h\u1ec7 th\u1ed1ng n\u00e0y d\u1ef1a tr\u00ean ph\u01b0\u01a1ng ph\u00e1p c\u1ea3i c\u00e1ch tr\u01b0\u1eddng h\u1ecdc \u0111\u00e3 l\u1ed7i th\u1eddi.<\/p>\n\n\n\n<p>H\u1ec6 TH\u1ed0NG STRIVE HI PERFORMANCE (2013\u2013HI\u1ec6N T\u1ea0I)<br>C\u00e1c b\u00ean li\u00ean quan \u1edf Hawai\u02bbi \u0111\u00e3 thi\u1ebft k\u1ebf h\u1ec7 th\u1ed1ng \u0111\u1ec3 ph\u00f9 h\u1ee3p v\u1edbi K\u1ebf ho\u1ea1ch Chi\u1ebfn l\u01b0\u1ee3c.<\/p>\n<\/div>\n<\/div>\n\n\n\n<h4 class=\"wp-block-heading\"><strong>Tr\u1ecdng t\u00e2m c\u1ee7a h\u1ec7 th\u1ed1ng l\u00e0 g\u00ec?<\/strong><\/h4>\n\n\n\n<div class=\"wp-block-columns is-layout-flex wp-container-core-columns-is-layout-28f84493 wp-block-columns-is-layout-flex\">\n<div class=\"wp-block-column is-layout-flow wp-block-column-is-layout-flow\">\n<p>KH\u00d4NG C\u00d3 \u0110\u1ee8A TR\u1eba B\u1eca B\u1ece L\u1ea0I PH\u00cdA SAU (2002-2012)<br>Th\u00e0nh th\u1ea1o \u0111\u1ecdc hi\u1ec3u v\u00e0 to\u00e1n h\u1ecdc.<\/p>\n\n\n\n<p>H\u1ec6 TH\u1ed0NG STRIVE HI PERFORMANCE (2013\u2013HI\u1ec6N T\u1ea0I)<br>S\u1eb5n s\u00e0ng cho c\u1ed9ng \u0111\u1ed3ng, \u0111\u1ea1i h\u1ecdc v\u00e0 s\u1ef1 nghi\u1ec7p.<\/p>\n<\/div>\n<\/div>\n\n\n\n<h4 class=\"wp-block-heading\"><strong>Hi\u1ec7u qu\u1ea3 c\u1ee7a tr\u01b0\u1eddng h\u1ecdc \u0111\u01b0\u1ee3c \u0111o l\u01b0\u1eddng nh\u01b0 th\u1ebf n\u00e0o?<\/strong><\/h4>\n\n\n\n<div class=\"wp-block-columns is-layout-flex wp-container-core-columns-is-layout-28f84493 wp-block-columns-is-layout-flex\">\n<div class=\"wp-block-column is-layout-flow wp-block-column-is-layout-flow\">\n<p>KH\u00d4NG C\u00d3 \u0110\u1ee8A TR\u1eba B\u1eca B\u1ece L\u1ea0I PH\u00cdA SAU (2002-2012)<br>Ti\u1ebfn \u0111\u1ed9 h\u00e0ng n\u0103m \u0111\u1ea7y \u0111\u1ee7 (AYP) \u0111\u00e1nh gi\u00e1 hi\u1ec7u su\u1ea5t h\u1ecdc t\u1eadp c\u1ee7a tr\u01b0\u1eddng ch\u1ee7 y\u1ebfu d\u1ef1a tr\u00ean m\u1ed9t b\u00e0i ki\u1ec3m tra, \u0111i\u1ec3m \u0111\u1ecdc v\u00e0 to\u00e1n c\u1ee7a \u0110\u00e1nh gi\u00e1 ti\u1ec3u bang Hawai\u02bbi (HSA) \u1edf l\u1edbp 3-10.<\/p>\n\n\n\n<p>H\u1ec6 TH\u1ed0NG STRIVE HI PERFORMANCE (2013\u2013HI\u1ec6N T\u1ea0I)<br>Theo d\u00f5i hi\u1ec7u su\u1ea5t v\u00e0 ti\u1ebfn \u0111\u1ed9 c\u1ee7a tr\u01b0\u1eddng, s\u1eed d\u1ee5ng nhi\u1ec1u bi\u1ec7n ph\u00e1p bao g\u1ed3m: Th\u00e0nh t\u00edch c\u1ee7a h\u1ecdc sinh; M\u1ee9c \u0111\u1ed9 s\u1eb5n s\u00e0ng: T\u1ef7 l\u1ec7 v\u1eafng m\u1eb7t th\u01b0\u1eddng xuy\u00ean, t\u1ef7 l\u1ec7 t\u1ed1t nghi\u1ec7p trung h\u1ecdc, t\u1ef7 l\u1ec7 ghi danh v\u00e0o \u0111\u1ea1i h\u1ecdc; Kho\u1ea3ng c\u00e1ch th\u00e0nh t\u00edch: Thu h\u1eb9p kho\u1ea3ng c\u00e1ch gi\u1eefa \u201ch\u1ecdc sinh c\u00f3 nhu c\u1ea7u cao\u201d v\u00e0 \u201ch\u1ecdc sinh kh\u00f4ng c\u00f3 nhu c\u1ea7u cao\u201d.&nbsp;<\/p>\n<\/div>\n<\/div>\n\n\n\n<h4 class=\"wp-block-heading\"><strong>Nh\u00e0 tr\u01b0\u1eddng ph\u1ea3i ch\u1ecbu tr\u00e1ch nhi\u1ec7m v\u1edbi nh\u1eefng h\u1ecdc sinh n\u00e0o?<\/strong><\/h4>\n\n\n\n<div class=\"wp-block-columns is-layout-flex wp-container-core-columns-is-layout-28f84493 wp-block-columns-is-layout-flex\">\n<div class=\"wp-block-column is-layout-flow wp-block-column-is-layout-flow\">\n<p>KH\u00d4NG C\u00d3 \u0110\u1ee8A TR\u1eba B\u1eca B\u1ece L\u1ea0I PH\u00cdA SAU (2002-2012)<br>T\u1ea5t c\u1ea3 c\u00e1c tr\u01b0\u1eddng \u0111\u1ec1u ph\u1ea3i ch\u1ecbu tr\u00e1ch nhi\u1ec7m v\u1ec1 th\u00e0nh t\u00edch c\u1ee7a c\u00e1c nh\u00f3m h\u1ecdc sinh kh\u00f4ng ph\u1ea3n \u00e1nh \u0111\u1ea7y \u0111\u1ee7 d\u00e2n s\u1ed1 h\u1ecdc sinh c\u1ee7a Hawai&#039;i.<\/p>\n\n\n\n<p>H\u1ec6 TH\u1ed0NG STRIVE HI PERFORMANCE (2013\u2013HI\u1ec6N T\u1ea0I)<br>T\u1ea5t c\u1ea3 c\u00e1c tr\u01b0\u1eddng \u0111\u1ec1u ph\u1ea3i ch\u1ecbu tr\u00e1ch nhi\u1ec7m v\u1ec1 th\u00e0nh t\u00edch c\u1ee7a to\u00e0n b\u1ed9 h\u1ecdc sinh v\u00e0 c\u00e1c nh\u00f3m h\u1ecdc sinh c\u1ee7a Hawai\u02bbi ph\u1ea3n \u00e1nh d\u00e2n s\u1ed1 h\u1ecdc sinh c\u1ee7a ti\u1ec3u bang.<\/p>\n<\/div>\n<\/div>\n\n\n\n<h4 class=\"wp-block-heading\"><strong>Tr\u01b0\u1eddng h\u1ecdc \u0111\u01b0\u1ee3c h\u1ed7 tr\u1ee3 c\u1ea3i thi\u1ec7n nh\u01b0 th\u1ebf n\u00e0o?<\/strong><\/h4>\n\n\n\n<div class=\"wp-block-columns is-layout-flex wp-container-core-columns-is-layout-28f84493 wp-block-columns-is-layout-flex\">\n<div class=\"wp-block-column is-layout-flow wp-block-column-is-layout-flow\">\n<p>KH\u00d4NG C\u00d3 \u0110\u1ee8A TR\u1eba B\u1eca B\u1ece L\u1ea0I PH\u00cdA SAU (2002-2012)<br>C\u00e1c tr\u01b0\u1eddng h\u1ecdc \u0111\u01b0\u1ee3c y\u00eau c\u1ea7u s\u1eed d\u1ee5ng c\u00e1c bi\u1ec7n ph\u00e1p can thi\u1ec7p do li\u00ean bang thi\u1ebft k\u1ebf, ph\u00f9 h\u1ee3p v\u1edbi m\u1ecdi tr\u01b0\u1eddng h\u1ee3p.<\/p>\n\n\n\n<p>H\u1ec6 TH\u1ed0NG STRIVE HI PERFORMANCE (2013\u2013HI\u1ec6N T\u1ea0I)<br>ESSA y\u00eau c\u1ea7u c\u00e1c tr\u01b0\u1eddng ph\u1ea3i \u0111\u01b0\u1ee3c x\u00e1c \u0111\u1ecbnh \u0111\u1ec3 nh\u1eadn H\u1ed7 tr\u1ee3 v\u00e0 C\u1ea3i thi\u1ec7n To\u00e0n di\u1ec7n (CSI) v\u00e0 H\u1ed7 tr\u1ee3 v\u00e0 C\u1ea3i thi\u1ec7n C\u00f3 m\u1ee5c ti\u00eau (TSI).&nbsp;<\/p>\n<\/div>\n<\/div>\n\n\n\n<h2 class=\"wp-block-heading\">\u0110\u1ea1o lu\u1eadt M\u1ecdi h\u1ecdc sinh \u0111\u1ec1u th\u00e0nh c\u00f4ng (ESSA) l\u00e0 g\u00ec?<\/h2>\n\n\n\n<p>\u0110\u1ea1o lu\u1eadt Every Student Succeeds (ESSA) l\u00e0 s\u1ef1 t\u00e1i th\u1ea9m quy\u1ec1n c\u1ee7a lu\u1eadt gi\u00e1o d\u1ee5c li\u00ean bang \u0111\u01b0\u1ee3c g\u1ecdi l\u00e0 \u0110\u1ea1o lu\u1eadt Gi\u00e1o d\u1ee5c Ti\u1ec3u h\u1ecdc v\u00e0 Trung h\u1ecdc (ESEA). \u0110\u1ea1o lu\u1eadt n\u00e0y thay th\u1ebf cho s\u1ef1 t\u00e1i th\u1ea9m quy\u1ec1n tr\u01b0\u1edbc \u0111\u00f3 \u0111\u01b0\u1ee3c g\u1ecdi l\u00e0 Kh\u00f4ng tr\u1ebb em n\u00e0o b\u1ecb b\u1ecf l\u1ea1i ph\u00eda sau (NCLB).<\/p>\n\n\n\n<p>ESSA \u0111\u01b0\u1ee3c k\u00fd th\u00e0nh lu\u1eadt v\u00e0o ng\u00e0y 10 th\u00e1ng 12 n\u0103m 2015 v\u00e0 \u0111\u01b0\u1ee3c th\u1ef1c hi\u1ec7n trong n\u0103m h\u1ecdc 2017-18, trao cho c\u00e1c ti\u1ec3u bang nhi\u1ec1u s\u1ef1 linh ho\u1ea1t h\u01a1n NCLB trong vi\u1ec7c thi\u1ebft l\u1eadp c\u00e1c \u01b0u ti\u00ean gi\u00e1o d\u1ee5c. Theo ESSA, c\u00e1c ti\u1ec3u bang ph\u1ea3i thi\u1ebft l\u1eadp c\u00e1c ti\u00eau chu\u1ea9n h\u1ecdc thu\u1eadt nghi\u00eam ng\u1eb7t, \u0111\u00e1nh gi\u00e1 h\u1ecdc sinh trong c\u00e1c m\u00f4n h\u1ecdc c\u1ed1t l\u00f5i, b\u00e1o c\u00e1o d\u1eef li\u1ec7u ti\u1ebfn \u0111\u1ed9, thi\u1ebft l\u1eadp tr\u00ecnh \u0111\u1ed9 gi\u00e1o vi\u00ean v\u00e0 b\u00e1o c\u00e1o chi ph\u00ed cho m\u1ed7i h\u1ecdc sinh.<\/p>\n\n\n\n<p class=\"kt-adv-heading114_ff31fc-24 wp-block-kadence-advancedheading\" data-kb-block=\"kb-adv-heading114_ff31fc-24\">\u0110\u1ec3 bi\u1ebft th\u00f4ng tin v\u1ec1 c\u00e1ch \u0111i\u1ec1u h\u01b0\u1edbng b\u1ea3ng \u0111i\u1ec1u khi\u1ec3n LEI Public ESSA, vui l\u00f2ng xem video sau:<\/p>\n\n\n\n<figure class=\"wp-block-embed is-type-video is-provider-vimeo wp-block-embed-vimeo wp-embed-aspect-16-9 wp-has-aspect-ratio\"><div class=\"wp-block-embed__wrapper\">\n <iframe loading=\"lazy\" title=\"\u0110i\u1ec1u h\u01b0\u1edbng B\u1ea3ng \u0111i\u1ec1u khi\u1ec3n ESSA c\u00f4ng khai c\u1ee7a LEI\" src=\"https:\/\/player.vimeo.com\/video\/561514471?dnt=1&amp;app_id=122963\" width=\"500\" height=\"281\" frameborder=\"0\" allow=\"autoplay; fullscreen; picture-in-picture; clipboard-write\"><\/iframe>\n<\/div><\/figure>\n\n\n\n<h2 class=\"wp-block-heading\">S\u1ef1 t\u0103ng tr\u01b0\u1edfng \u0111\u01b0\u1ee3c \u0111o l\u01b0\u1eddng nh\u01b0 th\u1ebf n\u00e0o?<\/h2>\n\n\n\n<p>M\u00f4 h\u00ecnh t\u0103ng tr\u01b0\u1edfng \u0111\u01b0\u1ee3c s\u1eed d\u1ee5ng trong h\u1ec7 th\u1ed1ng tr\u00e1ch nhi\u1ec7m gi\u1ea3i tr\u00ecnh c\u1ee7a tr\u01b0\u1eddng h\u1ecdc \u0111\u01b0\u1ee3c li\u00ean bang ch\u1ea5p thu\u1eadn c\u1ee7a ti\u1ec3u bang. T\u0103ng tr\u01b0\u1edfng \u0111\u01b0\u1ee3c hi\u1ec3u t\u1ed1t nh\u1ea5t l\u00e0 s\u1ef1 so s\u00e1nh gi\u1eefa c\u00e1c b\u1ea1n h\u1ecdc c\u00f9ng l\u1edbp c\u00f3 l\u1ecbch s\u1eed \u0111i\u1ec3m \u0111\u00e1nh gi\u00e1 c\u1ee7a ti\u1ec3u bang t\u01b0\u01a1ng t\u1ef1 \u0111\u1ed1i v\u1edbi m\u1ed9t l\u0129nh v\u1ef1c n\u1ed9i dung nh\u1ea5t \u0111\u1ecbnh. V\u00ec v\u1eady, \u0111\u1ed1i v\u1edbi m\u1ed9t h\u1ecdc sinh c\u00f3 \u0111i\u1ec3m \u0110\u00e1nh gi\u00e1 c\u1ee7a Ti\u1ec3u bang Hawai&#039;i th\u1ea5p trong v\u00e0i n\u0103m qua, s\u1ef1 t\u0103ng tr\u01b0\u1edfng c\u1ee7a h\u1ecdc sinh \u0111\u00f3 \u0111\u01b0\u1ee3c so s\u00e1nh v\u1edbi nh\u1eefng h\u1ecdc sinh c\u00f3 \u0111i\u1ec3m t\u01b0\u01a1ng t\u1ef1, \u0111\u01b0\u1ee3c \u0111o b\u1eb1ng \u0111i\u1ec3m s\u1ed1 \u0111\u01b0\u1ee3c chia t\u1ef7 l\u1ec7 c\u1ee7a h\u1ecdc sinh \u0111\u00f3.<\/p>\n\n\n\n<p>\u0110\u1ec3 s\u1eed d\u1ee5ng ph\u00e9p \u1ea9n d\u1ee5 ph\u1ed5 bi\u1ebfn \u0111\u1ec3 m\u00f4 t\u1ea3 m\u00f4 h\u00ecnh, n\u1ebfu danh m\u1ee5c \u0111\u1ea7u t\u01b0 h\u01b0u tr\u00ed c\u1ee7a b\u1ea1n t\u0103ng 10 \u0111i\u1ec3m trong m\u1ed9t n\u0103m:<\/p>\n\n\n\n<ul class=\"wp-block-list\">\n<li>S\u1ebd l\u00e0 \u0111i\u1ec1u \u0111\u00e1ng m\u1eebng n\u1ebfu th\u1ecb tr\u01b0\u1eddng ch\u1ec9 t\u0103ng 5 \u0111i\u1ec3m trong th\u1eddi gian \u0111\u00f3, ho\u1eb7c<\/li>\n\n\n\n<li>S\u1ebd l\u00e0 \u0111i\u1ec1u \u0111\u00e1ng th\u1ea5t v\u1ecdng n\u1ebfu ph\u1ea7n c\u00f2n l\u1ea1i c\u1ee7a th\u1ecb tr\u01b0\u1eddng t\u0103ng 20 \u0111i\u1ec3m trong th\u1eddi gian \u0111\u00f3.<\/li>\n<\/ul>\n\n\n\n<p class=\"kt-adv-heading114_f80582-20 wp-block-kadence-advancedheading\" data-kb-block=\"kb-adv-heading114_f80582-20\">H\u00e0ng n\u0103m, m\u00f4 h\u00ecnh t\u0103ng tr\u01b0\u1edfng c\u1ee7a ch\u00fang t\u00f4i ph\u00e2n t\u00edch t\u1ea5t c\u1ea3 d\u1eef li\u1ec7u \u0111\u00e1nh gi\u00e1 c\u00f3 s\u1eb5n \u0111\u1ec3 x\u00e1c \u0111\u1ecbnh k\u1ebft qu\u1ea3 ki\u1ec3m tra m\u1edbi c\u1ee7a m\u1ed7i h\u1ecdc sinh so v\u1edbi c\u00e1c b\u1ea1n c\u00f9ng l\u1edbp nh\u01b0 th\u1ebf n\u00e0o. B\u1ea5t k\u1ec3 quy m\u00f4 tr\u01b0\u1eddng h\u1ecdc hay l\u1edbp h\u1ecdc, s\u1ef1 t\u0103ng tr\u01b0\u1edfng c\u00e1 nh\u00e2n c\u00f3 th\u1ec3 \u0111\u01b0\u1ee3c t\u00ednh to\u00e1n cho t\u1ea5t c\u1ea3 h\u1ecdc sinh c\u00f3 hai \u0111i\u1ec3m \u0111\u00e1nh gi\u00e1 li\u00ean ti\u1ebfp.<strong>&nbsp;<\/strong><\/p>\n\n\n\n<figure class=\"wp-block-embed is-type-video is-provider-vimeo wp-block-embed-vimeo\"><div class=\"wp-block-embed__wrapper\">\n <iframe loading=\"lazy\" title=\"M\u00f4 h\u00ecnh t\u0103ng tr\u01b0\u1edfng c\u1ee7a h\u1ecdc sinh - T\u01b0\u01a1ng t\u1ef1 xe bu\u00fdt\" src=\"https:\/\/player.vimeo.com\/video\/47277587?dnt=1&amp;app_id=122963\" width=\"500\" height=\"333\" frameborder=\"0\" allow=\"autoplay; fullscreen; picture-in-picture; clipboard-write\"><\/iframe>\n<\/div><\/figure>\n\n\n\n<h3 class=\"wp-block-heading\">T\u1ef7 l\u1ec7 t\u0103ng tr\u01b0\u1edfng trung b\u00ecnh c\u1ee7a h\u1ecdc sinh l\u00e0 bao nhi\u00eau?<\/h3>\n\n\n\n<p>C\u00e1c ph\u1ea7n tr\u0103m n\u00e0y l\u00e0 c\u00e1c bi\u1ec7n ph\u00e1p t\u00f3m t\u1eaft t\u1ed5ng h\u1ee3p c\u00e1c ph\u1ea7n tr\u0103m t\u0103ng tr\u01b0\u1edfng c\u1ee7a t\u1eebng h\u1ecdc sinh. Trung v\u1ecb ch\u1ec9 \u0111\u01a1n gi\u1ea3n l\u00e0 \u0111i\u1ec3m c\u1ee7a h\u1ecdc sinh \u1edf gi\u1eefa ho\u1eb7c \u0111i\u1ec3m trung b\u00ecnh c\u1ee7a hai h\u1ecdc sinh \u1edf gi\u1eefa khi t\u1ea5t c\u1ea3 c\u00e1c \u0111i\u1ec3m trong m\u1ed9t nh\u00f3m \u0111\u01b0\u1ee3c s\u1eafp x\u1ebfp t\u1eeb th\u1ea5p nh\u1ea5t \u0111\u1ebfn cao nh\u1ea5t.<\/p>\n\n\n\n<p>V\u00ed d\u1ee5, trong m\u1ed9t tr\u01b0\u1eddng c\u00f3 t\u1ef7 l\u1ec7 t\u0103ng tr\u01b0\u1edfng trung b\u00ecnh c\u1ee7a h\u1ecdc sinh l\u00e0 60, m\u1ed9t n\u1eeda s\u1ed1 h\u1ecdc sinh c\u00f3 t\u1ef7 l\u1ec7 t\u0103ng tr\u01b0\u1edfng ri\u00eang l\u1ebb l\u1edbn h\u01a1n 60 v\u00e0 m\u1ed9t n\u1eeda s\u1ed1 h\u1ecdc sinh c\u00f3 t\u1ef7 l\u1ec7 t\u0103ng tr\u01b0\u1edfng ri\u00eang l\u1ebb nh\u1ecf h\u01a1n 60.<\/p>\n\n\n\n<p>\u0110\u1ed1i v\u1edbi m\u1ed9t h\u1ecdc sinh, t\u1ef7 l\u1ec7 ph\u1ea7n tr\u0103m t\u0103ng tr\u01b0\u1edfng c\u1ee7a h\u1ecdc sinh l\u00e0 60 c\u00f3 ngh\u0129a l\u00e0 h\u1ecdc sinh \u0111\u00f3 \u0111\u1ea1t \u0111i\u1ec3m cao h\u01a1n 60 ph\u1ea7n tr\u0103m so v\u1edbi c\u00e1c h\u1ecdc sinh kh\u00e1c tr\u00ean to\u00e0n ti\u1ec3u bang c\u00f3 k\u1ebft qu\u1ea3 \u0111\u00e1nh gi\u00e1 c\u1ea5p ti\u1ec3u bang tr\u01b0\u1edbc \u0111\u00f3 t\u01b0\u01a1ng t\u1ef1.<\/p>\n\n\n\n<p>T\u1ef7 l\u1ec7 t\u0103ng tr\u01b0\u1edfng \u0111\u01b0\u1ee3c s\u1eed d\u1ee5ng \u0111\u1ec3 theo d\u00f5i hi\u1ec7u su\u1ea5t h\u1ecdc t\u1eadp c\u1ee7a h\u1ecdc sinh so v\u1edbi b\u1ea1n b\u00e8 c\u00f9ng trang l\u1ee9a.&nbsp;<\/p>\n<\/div>\n\n\n\n<div class=\"wp-block-column right_col is-layout-flow wp-block-column-is-layout-flow\">\n<h3 class=\"wp-block-heading\">V\u1ec1<\/h3>\n\n\n<ul class=\"wp-block-page-list\"><li class=\"wp-block-pages-list__item has-child\"><a class=\"wp-block-pages-list__item__link\" href=\"https:\/\/hawaiipublicschools.org\/vi\/about\/organization\/\">T\u1ed5 ch\u1ee9c<\/a><ul class=\"wp-block-navigation__submenu-container\"><li class=\"wp-block-pages-list__item\"><a class=\"wp-block-pages-list__item__link\" href=\"https:\/\/hawaiipublicschools.org\/vi\/about\/organization\/strive-hi-dashboard\/\">B\u1ea3ng \u0111i\u1ec1u khi\u1ec3n Strive HI<\/a><\/li><\/ul><\/li><li class=\"wp-block-pages-list__item\"><a class=\"wp-block-pages-list__item__link\" href=\"https:\/\/hawaiipublicschools.org\/vi\/about\/offices\/\">V\u0103n ph\u00f2ng<\/a><\/li><li class=\"wp-block-pages-list__item\"><a class=\"wp-block-pages-list__item__link\" href=\"https:\/\/hawaiipublicschools.org\/vi\/about\/na-hopena-a%ca%bbo-ha\/\">N\u0101 Hopena A\u02bbo (H\u0100)<\/a><\/li><li class=\"wp-block-pages-list__item\"><a class=\"wp-block-pages-list__item__link\" href=\"https:\/\/hawaiipublicschools.org\/vi\/about\/strategic-plan\/\">K\u1ebf ho\u1ea1ch chi\u1ebfn l\u01b0\u1ee3c<\/a><\/li><li class=\"wp-block-pages-list__item\"><a class=\"wp-block-pages-list__item__link\" href=\"https:\/\/hawaiipublicschools.org\/vi\/about\/partnerships\/\">Quan h\u1ec7 \u0111\u1ed1i t\u00e1c<\/a><\/li><li class=\"wp-block-pages-list__item has-child\"><a class=\"wp-block-pages-list__item__link\" href=\"https:\/\/hawaiipublicschools.org\/vi\/about\/budget\/\">Ng\u00e2n s\u00e1ch<\/a><ul class=\"wp-block-navigation__submenu-container\"><li class=\"wp-block-pages-list__item\"><a class=\"wp-block-pages-list__item__link\" href=\"https:\/\/hawaiipublicschools.org\/vi\/about\/budget\/appropriation-summary-reports\/\">B\u00e1o c\u00e1o t\u00f3m t\u1eaft ph\u00e2n b\u1ed5<\/a><\/li><li class=\"wp-block-pages-list__item\"><a class=\"wp-block-pages-list__item__link\" href=\"https:\/\/hawaiipublicschools.org\/vi\/about\/budget\/budget-cycle-and-process\/\">Chu k\u1ef3 v\u00e0 quy tr\u00ecnh ng\u00e2n s\u00e1ch<\/a><\/li><li class=\"wp-block-pages-list__item\"><a class=\"wp-block-pages-list__item__link\" href=\"https:\/\/hawaiipublicschools.org\/vi\/about\/budget\/capital-improvements-program\/\">Ch\u01b0\u01a1ng tr\u00ecnh c\u1ea3i thi\u1ec7n v\u1ed1n<\/a><\/li><li class=\"wp-block-pages-list__item\"><a class=\"wp-block-pages-list__item__link\" href=\"https:\/\/hawaiipublicschools.org\/vi\/about\/budget\/federal-covid-relief-funding-for-education\/\">Qu\u1ef9 c\u1ee9u tr\u1ee3 COVID c\u1ee7a li\u00ean bang d\u00e0nh cho gi\u00e1o d\u1ee5c<\/a><\/li><li class=\"wp-block-pages-list__item has-child\"><a class=\"wp-block-pages-list__item__link\" href=\"https:\/\/hawaiipublicschools.org\/vi\/about\/budget\/weighted-student-formula\/\">C\u00f4ng th\u1ee9c t\u00ednh tr\u1ecdng s\u1ed1 c\u1ee7a h\u1ecdc sinh<\/a><ul class=\"wp-block-navigation__submenu-container\"><li class=\"wp-block-pages-list__item\"><a class=\"wp-block-pages-list__item__link\" href=\"https:\/\/hawaiipublicschools.org\/vi\/about\/budget\/weighted-student-formula\/weighted-student-formula-archived-reports\/\">B\u00e1o c\u00e1o l\u01b0u tr\u1eef C\u00f4ng th\u1ee9c sinh vi\u00ean c\u00f3 tr\u1ecdng s\u1ed1<\/a><\/li><\/ul><\/li><\/ul><\/li><li class=\"wp-block-pages-list__item has-child\"><a class=\"wp-block-pages-list__item__link\" href=\"https:\/\/hawaiipublicschools.org\/vi\/about\/federal-grants\/\">T\u00e0i tr\u1ee3 c\u1ee7a li\u00ean bang<\/a><ul class=\"wp-block-navigation__submenu-container\"><li class=\"wp-block-pages-list__item\"><a class=\"wp-block-pages-list__item__link\" href=\"https:\/\/hawaiipublicschools.org\/vi\/about\/federal-grants\/comprehensive-literacy-state-development-grant-clsd\/\">Kho\u1ea3n t\u00e0i tr\u1ee3 ph\u00e1t tri\u1ec3n nh\u00e0 n\u01b0\u1edbc x\u00f3a m\u00f9 ch\u1eef to\u00e0n di\u1ec7n (CLSD)<\/a><\/li><li class=\"wp-block-pages-list__item\"><a class=\"wp-block-pages-list__item__link\" href=\"https:\/\/hawaiipublicschools.org\/vi\/about\/federal-grants\/adult-education-family-literacy-act-aefla\/\">\u0110\u1ea1o lu\u1eadt x\u00f3a m\u00f9 ch\u1eef gia \u0111\u00ecnh v\u1ec1 gi\u00e1o d\u1ee5c ng\u01b0\u1eddi l\u1edbn (AEFLA)<\/a><\/li><\/ul><\/li><\/ul>\n\n\n<p><\/p>\n<\/div>\n<\/div>","protected":false},"excerpt":{"rendered":"<p>Strive HI Performance System Strive HI is HIDOE\u2019s school accountability and improvement system designed to meet the needs of students, educators and schools. It aligns and connects our key state education policies and initiatives to position students and educators for success and uses data to measure progress and target resources. The annual report is a [&hellip;]<\/p>","protected":false},"author":8,"featured_media":0,"parent":106,"menu_order":12,"comment_status":"closed","ping_status":"closed","template":"wp-custom-template-page-for-custom-sidebar","meta":{"_relevanssi_hide_post":"","_relevanssi_hide_content":"","_relevanssi_pin_for_all":"","_relevanssi_pin_keywords":"","_relevanssi_unpin_keywords":"","_relevanssi_related_keywords":"","_relevanssi_related_include_ids":"","_relevanssi_related_exclude_ids":"","_relevanssi_related_no_append":"","_relevanssi_related_not_related":"","_relevanssi_related_posts":"","_relevanssi_noindex_reason":"","_sitemap_exclude":false,"_sitemap_priority":"","_sitemap_frequency":"","_kad_blocks_custom_css":"","_kad_blocks_head_custom_js":"","_kad_blocks_body_custom_js":"","_kad_blocks_footer_custom_js":"","wp_popup_display_lightbox":0,"wp_popup_suppress":"","wp_popup_trigger":"","wp_popup_trigger_amount":0,"wp_popup_disable_on_mobile":false,"footnotes":""},"class_list":["post-114","page","type-page","status-publish","hentry"],"pp_statuses_selecting_workflow":false,"pp_workflow_action":"current","pp_status_selection":"publish","taxonomy_info":[],"featured_image_src_large":false,"author_info":{"display_name":"Ariana Enomoto","author_link":"https:\/\/hawaiipublicschools.org\/vi\/author\/arianastaceyleong-com\/"},"comment_info":0,"publishpress_future_action":{"enabled":false,"date":"2026-04-19 04:48:09","action":"change-status","newStatus":"draft","terms":[],"taxonomy":"","extraData":[]},"publishpress_future_workflow_manual_trigger":{"enabledWorkflows":[]},"_links":{"self":[{"href":"https:\/\/hawaiipublicschools.org\/vi\/wp-json\/wp\/v2\/pages\/114","targetHints":{"allow":["GET"]}}],"collection":[{"href":"https:\/\/hawaiipublicschools.org\/vi\/wp-json\/wp\/v2\/pages"}],"about":[{"href":"https:\/\/hawaiipublicschools.org\/vi\/wp-json\/wp\/v2\/types\/page"}],"author":[{"embeddable":true,"href":"https:\/\/hawaiipublicschools.org\/vi\/wp-json\/wp\/v2\/users\/8"}],"replies":[{"embeddable":true,"href":"https:\/\/hawaiipublicschools.org\/vi\/wp-json\/wp\/v2\/comments?post=114"}],"version-history":[{"count":0,"href":"https:\/\/hawaiipublicschools.org\/vi\/wp-json\/wp\/v2\/pages\/114\/revisions"}],"up":[{"embeddable":true,"href":"https:\/\/hawaiipublicschools.org\/vi\/wp-json\/wp\/v2\/pages\/106"}],"wp:attachment":[{"href":"https:\/\/hawaiipublicschools.org\/vi\/wp-json\/wp\/v2\/media?parent=114"}],"curies":[{"name":"wp","href":"https:\/\/api.w.org\/{rel}","templated":true}]}}