{"id":107,"date":"2024-09-04T23:50:58","date_gmt":"2024-09-04T23:50:58","guid":{"rendered":"https:\/\/hawaiipublicschools.org\/?page_id=107"},"modified":"2025-10-08T08:51:33","modified_gmt":"2025-10-08T18:51:33","slug":"offices","status":"publish","type":"page","link":"https:\/\/hawaiipublicschools.org\/vi\/about\/offices\/","title":{"rendered":"V\u0103n ph\u00f2ng"},"content":{"rendered":"<div class=\"wp-block-columns double_col_sidebar is-layout-flex wp-container-core-columns-is-layout-28f84493 wp-block-columns-is-layout-flex\">\n<div class=\"wp-block-column left_col is-layout-flow wp-block-column-is-layout-flow\">\n<p class=\"intro\" style=\"font-size:clamp(0.875rem, 0.875rem + ((1vw - 0.2rem) * 0.531), 1.3rem);\">C\u00e1c v\u0103n ph\u00f2ng c\u1ea5p ti\u1ec3u bang c\u1ee7a S\u1edf Gi\u00e1o d\u1ee5c Ti\u1ec3u bang Hawai\u02bbi ch\u1ecbu tr\u00e1ch nhi\u1ec7m cung c\u1ea5p h\u1ed7 tr\u1ee3 c\u1ea5p ti\u1ec3u bang cho c\u00e1c khu v\u1ef1c ph\u1ee9c t\u1ea1p v\u00e0 tr\u01b0\u1eddng h\u1ecdc tr\u00ean to\u00e0n ti\u1ec3u bang. C\u00e1c d\u1ecbch v\u1ee5 bao g\u1ed3m ch\u01b0\u01a1ng tr\u00ecnh gi\u1ea3ng d\u1ea1y, t\u1ea7m nh\u00ecn, tu\u00e2n th\u1ee7 c\u00e1c quy \u0111\u1ecbnh c\u1ee7a ti\u1ec3u bang v\u00e0 li\u00ean bang, ki\u1ec3m tra h\u1ecdc thu\u1eadt, c\u1ea3i thi\u1ec7n gi\u00e1o d\u1ee5c, qu\u1ea3n l\u00fd t\u00e0i ch\u00ednh, ngu\u1ed3n nh\u00e2n l\u1ef1c v\u00e0 b\u1ea3o tr\u00ec c\u01a1 s\u1edf v\u1eadt ch\u1ea5t.<\/p>\n\n\n\n<h2 class=\"wp-block-heading\">V\u0103n ph\u00f2ng Gi\u00e1m \u0111\u1ed1c&nbsp;<\/h2>\n\n\n\n<p>V\u0103n ph\u00f2ng Gi\u00e1m \u0111\u1ed1c H\u1ecdc khu l\u00e3nh \u0111\u1ea1o h\u1ec7 th\u1ed1ng tr\u01b0\u1eddng c\u00f4ng l\u1eadp c\u1ee7a Hawaii, \u0111\u1ea3m b\u1ea3o vi\u1ec7c qu\u1ea3n l\u00fd hi\u1ec7u qu\u1ea3 v\u00e0 tu\u00e2n th\u1ee7 lu\u1eadt ph\u00e1p ti\u1ec3u bang c\u0169ng nh\u01b0 c\u00e1c ch\u00ednh s\u00e1ch c\u1ee7a H\u1ed9i \u0111\u1ed3ng Gi\u00e1o d\u1ee5c. V\u0103n ph\u00f2ng n\u00e0y \u0111\u1eb7t ra t\u1ea7m nh\u00ecn cho s\u1ef1 th\u00e0nh c\u00f4ng trong gi\u00e1o d\u1ee5c, th\u00fac \u0111\u1ea9y c\u00e1c n\u1ed7 l\u1ef1c n\u00e2ng cao k\u1ebft qu\u1ea3 h\u1ecdc t\u1eadp c\u1ee7a h\u1ecdc sinh tr\u00ean to\u00e0n ti\u1ec3u bang. V\u0103n ph\u00f2ng \u0111\u01b0\u1ee3c h\u1ed7 tr\u1ee3 b\u1edfi c\u00e1c Ph\u00f3 Gi\u00e1m \u0111\u1ed1c H\u1ecdc khu ph\u1ee5 tr\u00e1ch ba l\u0129nh v\u1ef1c: H\u1ecdc thu\u1eadt, V\u1eadn h\u00e0nh, v\u00e0 Chi\u1ebfn l\u01b0\u1ee3c v\u00e0 H\u00e0nh ch\u00ednh.<\/p>\n\n\n\n<h2 class=\"wp-block-heading\">V\u0103n ph\u00f2ng \u0111i\u1ec1u h\u00e0nh&nbsp;<\/h2>\n\n\n\n<h3 class=\"wp-block-heading\">V\u0103n ph\u00f2ng \u0110i\u1ec1u h\u00e0nh v\u00e0 H\u1ed7 tr\u1ee3 Khu\u00f4n vi\u00ean tr\u01b0\u1eddng<\/h3>\n\n\n\n<p>V\u0103n ph\u00f2ng V\u1eadn h\u00e0nh v\u00e0 H\u1ed7 tr\u1ee3 Khu\u00f4n vi\u00ean tr\u01b0\u1eddng ch\u1ecbu tr\u00e1ch nhi\u1ec7m gi\u00e1m s\u00e1t c\u00e1c ho\u1ea1t \u0111\u1ed9ng quan tr\u1ecdng \u1ea3nh h\u01b0\u1edfng \u0111\u1ebfn ho\u1ea1t \u0111\u1ed9ng h\u00e0ng ng\u00e0y v\u00e0 an to\u00e0n c\u1ee7a khu\u00f4n vi\u00ean tr\u01b0\u1eddng. V\u0103n ph\u00f2ng ch\u1ecbu tr\u00e1ch nhi\u1ec7m v\u1ec1 vi\u1ec7c \u0111\u01b0a \u0111\u00f3n h\u1ecdc sinh, d\u1ecbch v\u1ee5 \u0103n u\u1ed1ng t\u1ea1i tr\u01b0\u1eddng, c\u0169ng nh\u01b0 an to\u00e0n, an ninh v\u00e0 \u1ee9ng ph\u00f3 kh\u1ea9n c\u1ea5p.<\/p>\n\n\n\n<h3 class=\"wp-block-heading\">V\u0103n ph\u00f2ng Thi\u1ebft k\u1ebf Ch\u01b0\u01a1ng tr\u00ecnh gi\u1ea3ng d\u1ea1y v\u00e0 H\u01b0\u1edbng d\u1eabn&nbsp;<\/h3>\n\n\n\n<p>V\u0103n ph\u00f2ng Thi\u1ebft k\u1ebf Ch\u01b0\u01a1ng tr\u00ecnh gi\u1ea3ng d\u1ea1y v\u00e0 H\u01b0\u1edbng d\u1eabn t\u1ea1o ra v\u00e0 th\u00fac \u0111\u1ea9y c\u00e1c chi\u1ebfn l\u01b0\u1ee3c gi\u1ea3ng d\u1ea1y v\u00e0 khu\u00f4n kh\u1ed5 h\u1ecdc t\u1eadp s\u00e1ng t\u1ea1o. V\u0103n ph\u00f2ng h\u1ed7 tr\u1ee3 c\u00e1c tr\u01b0\u1eddng h\u1ecdc v\u1ec1 ch\u01b0\u01a1ng tr\u00ecnh gi\u1ea3ng d\u1ea1y h\u1ecdc thu\u1eadt, \u0111\u00e0o t\u1ea1o gi\u00e1o vi\u00ean v\u00e0 thu h\u1eb9p kho\u1ea3ng c\u00e1ch th\u00e0nh t\u00edch. V\u0103n ph\u00f2ng n\u00e0y bao g\u1ed3m c\u00e1c chi nh\u00e1nh H\u1ecdc t\u1eadp m\u1edf r\u1ed9ng v\u00e0 H\u1ed7 tr\u1ee3 h\u01b0\u1edbng d\u1eabn.<\/p>\n\n\n\n<h3 class=\"wp-block-heading\">V\u0103n ph\u00f2ng C\u01a1 s\u1edf v\u1eadt ch\u1ea5t v\u00e0 Ho\u1ea1t \u0111\u1ed9ng<\/h3>\n\n\n\n<p>V\u0103n ph\u00f2ng C\u01a1 s\u1edf v\u1eadt ch\u1ea5t v\u00e0 V\u1eadn h\u00e0nh qu\u1ea3n l\u00fd m\u1ecdi kh\u00eda c\u1ea1nh c\u1ee7a c\u01a1 s\u1edf h\u1ea1 t\u1ea7ng tr\u01b0\u1eddng h\u1ecdc, t\u1eeb s\u1eeda ch\u1eefa t\u00f2a nh\u00e0 \u0111\u1ebfn l\u1eadp k\u1ebf ho\u1ea1ch d\u00e0i h\u1ea1n. S\u1ee9 m\u1ec7nh c\u1ee7a v\u0103n ph\u00f2ng l\u00e0 t\u1ea1o ra v\u00e0 duy tr\u00ec m\u00f4i tr\u01b0\u1eddng h\u1ecdc t\u1eadp hi\u1ec7u qu\u1ea3.<\/p>\n\n\n\n<h3 class=\"wp-block-heading\">V\u0103n ph\u00f2ng D\u1ecbch v\u1ee5 T\u00e0i ch\u00ednh<\/h3>\n\n\n\n<p>V\u0103n ph\u00f2ng D\u1ecbch v\u1ee5 T\u00e0i ch\u00ednh x\u1eed l\u00fd c\u00e1c ho\u1ea1t \u0111\u1ed9ng t\u00e0i ch\u00ednh c\u1ee7a B\u1ed9, bao g\u1ed3m k\u1ebf to\u00e1n, l\u1eadp ng\u00e2n s\u00e1ch v\u00e0 mua s\u1eafm. B\u1eb1ng c\u00e1ch qu\u1ea3n l\u00fd qu\u1ef9 m\u1ed9t c\u00e1ch c\u00f3 tr\u00e1ch nhi\u1ec7m, v\u0103n ph\u00f2ng n\u00e0y \u0111\u1ea3m b\u1ea3o r\u1eb1ng c\u00e1c tr\u01b0\u1eddng h\u1ecdc v\u00e0 khoa c\u00f3 \u0111\u1ee7 ngu\u1ed3n l\u1ef1c c\u1ea7n thi\u1ebft \u0111\u1ec3 ho\u1ea1t \u0111\u1ed9ng hi\u1ec7u qu\u1ea3.<\/p>\n\n\n\n<h3 class=\"wp-block-heading\">V\u0103n ph\u00f2ng d\u1ecbch v\u1ee5 c\u00f4ng ngh\u1ec7 th\u00f4ng tin<\/h3>\n\n\n\n<p>V\u0103n ph\u00f2ng D\u1ecbch v\u1ee5 C\u00f4ng ngh\u1ec7 Th\u00f4ng tin \u0111\u1ea3m b\u1ea3o r\u1eb1ng c\u00f4ng ngh\u1ec7 v\u00e0 h\u1ec7 th\u1ed1ng truy\u1ec1n th\u00f4ng m\u1ea1ng tr\u00ean to\u00e0n h\u1ec7 th\u1ed1ng tr\u01b0\u1eddng c\u00f4ng ho\u1ea1t \u0111\u1ed9ng tr\u01a1n tru. V\u0103n ph\u00f2ng n\u00e0y gi\u00e1m s\u00e1t c\u01a1 s\u1edf h\u1ea1 t\u1ea7ng CNTT c\u1ee7a khoa v\u00e0 cung c\u1ea5p h\u01b0\u1edbng d\u1eabn v\u00e0 h\u1ed7 tr\u1ee3 k\u1ef9 thu\u1eadt c\u1ea7n thi\u1ebft cho c\u00e1c tr\u01b0\u1eddng h\u1ecdc v\u00e0 v\u0103n ph\u00f2ng trung t\u00e2m.<\/p>\n\n\n\n<h3 class=\"wp-block-heading\">V\u0103n ph\u00f2ng Chi\u1ebfn l\u01b0\u1ee3c, \u0110\u1ed5i m\u1edbi v\u00e0 Hi\u1ec7u su\u1ea5t<\/h3>\n\n\n\n<p>V\u0103n ph\u00f2ng Chi\u1ebfn l\u01b0\u1ee3c, \u0110\u1ed5i m\u1edbi v\u00e0 Hi\u1ec7u su\u1ea5t th\u00fac \u0111\u1ea9y c\u1ea3i ti\u1ebfn li\u00ean t\u1ee5c trong c\u00e1c tr\u01b0\u1eddng c\u00f4ng l\u1eadp c\u1ee7a Hawai\u02bbi. Th\u00f4ng qua vi\u1ec7c ra quy\u1ebft \u0111\u1ecbnh d\u1ef1a tr\u00ean d\u1eef li\u1ec7u, v\u0103n ph\u00f2ng qu\u1ea3n l\u00fd ch\u00ednh s\u00e1ch, \u0111\u00e1nh gi\u00e1, tu\u00e2n th\u1ee7 quy \u0111\u1ecbnh li\u00ean bang v\u00e0 s\u1ef1 tham gia c\u1ee7a c\u1ed9ng \u0111\u1ed3ng \u0111\u1ec3 n\u00e2ng cao th\u00e0nh t\u00edch v\u00e0 th\u00e0nh c\u00f4ng c\u1ee7a h\u1ecdc sinh.\u00a0<\/p>\n\n\n\n<h3 class=\"wp-block-heading\">V\u0103n ph\u00f2ng d\u1ecbch v\u1ee5 h\u1ed7 tr\u1ee3 sinh vi\u00ean&nbsp;<\/h3>\n\n\n\n<p>V\u0103n ph\u00f2ng D\u1ecbch v\u1ee5 H\u1ed7 tr\u1ee3 Sinh vi\u00ean \u0111\u1ea3m b\u1ea3o r\u1eb1ng sinh vi\u00ean nh\u1eadn \u0111\u01b0\u1ee3c h\u1ed7 tr\u1ee3 to\u00e0n di\u1ec7n v\u1ec1 h\u1ecdc thu\u1eadt, x\u00e3 h\u1ed9i, c\u1ea3m x\u00fac v\u00e0 h\u00e0nh vi. Th\u00f4ng qua c\u00e1c ch\u01b0\u01a1ng tr\u00ecnh nh\u01b0 Gi\u00e1o d\u1ee5c \u0110\u1eb7c bi\u1ec7t v\u00e0 H\u1ecdc t\u1eadp Thay th\u1ebf, v\u0103n ph\u00f2ng n\u00e0y th\u00fac \u0111\u1ea9y s\u1ef1 c\u00f4ng b\u1eb1ng v\u00e0 xu\u1ea5t s\u1eafc cho m\u1ecdi ng\u01b0\u1eddi h\u1ecdc.<\/p>\n\n\n\n<h3 class=\"wp-block-heading\">V\u0103n ph\u00f2ng Qu\u1ea3n l\u00fd T\u00e0i n\u0103ng<\/h3>\n\n\n\n<p>V\u0103n ph\u00f2ng Qu\u1ea3n l\u00fd T\u00e0i n\u0103ng gi\u00e1m s\u00e1t vi\u1ec7c tuy\u1ec3n d\u1ee5ng, ph\u00e1t tri\u1ec3n v\u00e0 gi\u1eef ch\u00e2n t\u1ea5t c\u1ea3 nh\u00e2n vi\u00ean c\u1ee7a B\u1ed9. T\u1eeb vi\u1ec7c tuy\u1ec3n d\u1ee5ng gi\u00e1o vi\u00ean \u0111\u1ebfn cung c\u1ea5p ph\u00e1t tri\u1ec3n chuy\u00ean m\u00f4n, v\u0103n ph\u00f2ng n\u00e0y \u0111\u1ea3m b\u1ea3o r\u1eb1ng c\u00e1c tr\u01b0\u1eddng h\u1ecdc c\u00f3 \u0111\u1ed9i ng\u0169 chuy\u00ean gia l\u00e0nh ngh\u1ec1 v\u00e0 c\u00f3 \u0111\u1ed9ng l\u1ef1c, cam k\u1ebft v\u00ec s\u1ef1 th\u00e0nh c\u00f4ng c\u1ee7a h\u1ecdc sinh.<\/p>\n\n\n\n<p><\/p>\n<\/div>\n\n\n\n<div class=\"wp-block-column right_col is-layout-flow wp-block-column-is-layout-flow\">\n<h3 class=\"wp-block-heading\">V\u1ec1<\/h3>\n\n\n<ul class=\"wp-block-page-list\"><li class=\"wp-block-pages-list__item has-child\"><a class=\"wp-block-pages-list__item__link\" href=\"https:\/\/hawaiipublicschools.org\/vi\/about\/organization\/\">T\u1ed5 ch\u1ee9c<\/a><ul class=\"wp-block-navigation__submenu-container\"><li class=\"wp-block-pages-list__item\"><a class=\"wp-block-pages-list__item__link\" href=\"https:\/\/hawaiipublicschools.org\/vi\/about\/organization\/strive-hi-dashboard\/\">B\u1ea3ng \u0111i\u1ec1u khi\u1ec3n Strive HI<\/a><\/li><\/ul><\/li><li class=\"wp-block-pages-list__item\"><a class=\"wp-block-pages-list__item__link\" href=\"https:\/\/hawaiipublicschools.org\/vi\/about\/offices\/\">V\u0103n ph\u00f2ng<\/a><\/li><li class=\"wp-block-pages-list__item\"><a class=\"wp-block-pages-list__item__link\" href=\"https:\/\/hawaiipublicschools.org\/vi\/about\/na-hopena-a%ca%bbo-ha\/\">N\u0101 Hopena A\u02bbo (H\u0100)<\/a><\/li><li class=\"wp-block-pages-list__item\"><a class=\"wp-block-pages-list__item__link\" href=\"https:\/\/hawaiipublicschools.org\/vi\/about\/strategic-plan\/\">K\u1ebf ho\u1ea1ch chi\u1ebfn l\u01b0\u1ee3c<\/a><\/li><li class=\"wp-block-pages-list__item\"><a class=\"wp-block-pages-list__item__link\" href=\"https:\/\/hawaiipublicschools.org\/vi\/about\/partnerships\/\">Quan h\u1ec7 \u0111\u1ed1i t\u00e1c<\/a><\/li><li class=\"wp-block-pages-list__item has-child\"><a class=\"wp-block-pages-list__item__link\" href=\"https:\/\/hawaiipublicschools.org\/vi\/about\/budget\/\">Ng\u00e2n s\u00e1ch<\/a><ul class=\"wp-block-navigation__submenu-container\"><li class=\"wp-block-pages-list__item\"><a class=\"wp-block-pages-list__item__link\" href=\"https:\/\/hawaiipublicschools.org\/vi\/about\/budget\/appropriation-summary-reports\/\">B\u00e1o c\u00e1o t\u00f3m t\u1eaft ph\u00e2n b\u1ed5<\/a><\/li><li class=\"wp-block-pages-list__item\"><a class=\"wp-block-pages-list__item__link\" href=\"https:\/\/hawaiipublicschools.org\/vi\/about\/budget\/budget-cycle-and-process\/\">Chu k\u1ef3 v\u00e0 quy tr\u00ecnh ng\u00e2n s\u00e1ch<\/a><\/li><li class=\"wp-block-pages-list__item\"><a class=\"wp-block-pages-list__item__link\" href=\"https:\/\/hawaiipublicschools.org\/vi\/about\/budget\/capital-improvements-program\/\">Ch\u01b0\u01a1ng tr\u00ecnh c\u1ea3i thi\u1ec7n v\u1ed1n<\/a><\/li><li class=\"wp-block-pages-list__item\"><a class=\"wp-block-pages-list__item__link\" href=\"https:\/\/hawaiipublicschools.org\/vi\/about\/budget\/federal-covid-relief-funding-for-education\/\">Qu\u1ef9 c\u1ee9u tr\u1ee3 COVID c\u1ee7a li\u00ean bang d\u00e0nh cho gi\u00e1o d\u1ee5c<\/a><\/li><li class=\"wp-block-pages-list__item has-child\"><a class=\"wp-block-pages-list__item__link\" href=\"https:\/\/hawaiipublicschools.org\/vi\/about\/budget\/weighted-student-formula\/\">C\u00f4ng th\u1ee9c t\u00ednh tr\u1ecdng s\u1ed1 c\u1ee7a h\u1ecdc sinh<\/a><ul class=\"wp-block-navigation__submenu-container\"><li class=\"wp-block-pages-list__item\"><a class=\"wp-block-pages-list__item__link\" href=\"https:\/\/hawaiipublicschools.org\/vi\/about\/budget\/weighted-student-formula\/weighted-student-formula-archived-reports\/\">B\u00e1o c\u00e1o l\u01b0u tr\u1eef C\u00f4ng th\u1ee9c sinh vi\u00ean c\u00f3 tr\u1ecdng s\u1ed1<\/a><\/li><\/ul><\/li><\/ul><\/li><li class=\"wp-block-pages-list__item has-child\"><a class=\"wp-block-pages-list__item__link\" href=\"https:\/\/hawaiipublicschools.org\/vi\/about\/federal-grants\/\">T\u00e0i tr\u1ee3 c\u1ee7a li\u00ean bang<\/a><ul class=\"wp-block-navigation__submenu-container\"><li class=\"wp-block-pages-list__item\"><a class=\"wp-block-pages-list__item__link\" href=\"https:\/\/hawaiipublicschools.org\/vi\/about\/federal-grants\/comprehensive-literacy-state-development-grant-clsd\/\">Kho\u1ea3n t\u00e0i tr\u1ee3 ph\u00e1t tri\u1ec3n nh\u00e0 n\u01b0\u1edbc x\u00f3a m\u00f9 ch\u1eef to\u00e0n di\u1ec7n (CLSD)<\/a><\/li><li class=\"wp-block-pages-list__item\"><a class=\"wp-block-pages-list__item__link\" href=\"https:\/\/hawaiipublicschools.org\/vi\/about\/federal-grants\/adult-education-family-literacy-act-aefla\/\">\u0110\u1ea1o lu\u1eadt x\u00f3a m\u00f9 ch\u1eef gia \u0111\u00ecnh v\u1ec1 gi\u00e1o d\u1ee5c ng\u01b0\u1eddi l\u1edbn (AEFLA)<\/a><\/li><\/ul><\/li><\/ul><\/div>\n<\/div>","protected":false},"excerpt":{"rendered":"<p>C\u00e1c v\u0103n ph\u00f2ng c\u1ea5p ti\u1ec3u bang c\u1ee7a S\u1edf Gi\u00e1o d\u1ee5c Ti\u1ec3u bang Hawai\u02bbi ch\u1ecbu tr\u00e1ch nhi\u1ec7m cung c\u1ea5p h\u1ed7 tr\u1ee3 c\u1ea5p ti\u1ec3u bang cho c\u00e1c khu v\u1ef1c ph\u1ee9c t\u1ea1p v\u00e0 tr\u01b0\u1eddng h\u1ecdc tr\u00ean to\u00e0n ti\u1ec3u bang. C\u00e1c d\u1ecbch v\u1ee5 bao g\u1ed3m ch\u01b0\u01a1ng tr\u00ecnh gi\u1ea3ng d\u1ea1y, t\u1ea7m nh\u00ecn, tu\u00e2n th\u1ee7 c\u00e1c quy \u0111\u1ecbnh c\u1ee7a ti\u1ec3u bang v\u00e0 li\u00ean bang, ki\u1ec3m tra h\u1ecdc thu\u1eadt, c\u1ea3i thi\u1ec7n gi\u00e1o d\u1ee5c, qu\u1ea3n l\u00fd t\u00e0i ch\u00ednh, ngu\u1ed3n nh\u00e2n l\u1ef1c v\u00e0 b\u1ea3o tr\u00ec c\u01a1 s\u1edf v\u1eadt ch\u1ea5t. V\u0103n ph\u00f2ng Gi\u00e1m \u0111\u1ed1c S\u1edf Gi\u00e1o d\u1ee5c Ti\u1ec3u bang Hawai\u02bbi ch\u1ecbu tr\u00e1ch nhi\u1ec7m qu\u1ea3n l\u00fd c\u00e1c [\u2026]<\/p>","protected":false},"author":8,"featured_media":0,"parent":105,"menu_order":13,"comment_status":"closed","ping_status":"closed","template":"wp-custom-template-page-for-custom-sidebar","meta":{"_relevanssi_hide_post":"","_relevanssi_hide_content":"","_relevanssi_pin_for_all":"","_relevanssi_pin_keywords":"","_relevanssi_unpin_keywords":"","_relevanssi_related_keywords":"","_relevanssi_related_include_ids":"","_relevanssi_related_exclude_ids":"","_relevanssi_related_no_append":"","_relevanssi_related_not_related":"","_relevanssi_related_posts":"","_relevanssi_noindex_reason":"","_sitemap_exclude":false,"_sitemap_priority":"","_sitemap_frequency":"","_kad_blocks_custom_css":"","_kad_blocks_head_custom_js":"","_kad_blocks_body_custom_js":"","_kad_blocks_footer_custom_js":"","wp_popup_display_lightbox":0,"wp_popup_suppress":"","wp_popup_trigger":"","wp_popup_trigger_amount":0,"wp_popup_disable_on_mobile":false,"footnotes":""},"class_list":["post-107","page","type-page","status-publish","hentry"],"pp_statuses_selecting_workflow":false,"pp_workflow_action":"current","pp_status_selection":"publish","taxonomy_info":[],"featured_image_src_large":false,"author_info":{"display_name":"Ariana Enomoto","author_link":"https:\/\/hawaiipublicschools.org\/vi\/author\/arianastaceyleong-com\/"},"comment_info":0,"publishpress_future_action":{"enabled":false,"date":"2026-04-26 08:45:53","action":"change-status","newStatus":"draft","terms":[],"taxonomy":"","extraData":[]},"publishpress_future_workflow_manual_trigger":{"enabledWorkflows":[]},"_links":{"self":[{"href":"https:\/\/hawaiipublicschools.org\/vi\/wp-json\/wp\/v2\/pages\/107","targetHints":{"allow":["GET"]}}],"collection":[{"href":"https:\/\/hawaiipublicschools.org\/vi\/wp-json\/wp\/v2\/pages"}],"about":[{"href":"https:\/\/hawaiipublicschools.org\/vi\/wp-json\/wp\/v2\/types\/page"}],"author":[{"embeddable":true,"href":"https:\/\/hawaiipublicschools.org\/vi\/wp-json\/wp\/v2\/users\/8"}],"replies":[{"embeddable":true,"href":"https:\/\/hawaiipublicschools.org\/vi\/wp-json\/wp\/v2\/comments?post=107"}],"version-history":[{"count":0,"href":"https:\/\/hawaiipublicschools.org\/vi\/wp-json\/wp\/v2\/pages\/107\/revisions"}],"up":[{"embeddable":true,"href":"https:\/\/hawaiipublicschools.org\/vi\/wp-json\/wp\/v2\/pages\/105"}],"wp:attachment":[{"href":"https:\/\/hawaiipublicschools.org\/vi\/wp-json\/wp\/v2\/media?parent=107"}],"curies":[{"name":"wp","href":"https:\/\/api.w.org\/{rel}","templated":true}]}}