{"id":105,"date":"2024-09-04T23:50:30","date_gmt":"2024-09-04T23:50:30","guid":{"rendered":"https:\/\/hawaiipublicschools.org\/?page_id=105"},"modified":"2025-11-04T16:14:49","modified_gmt":"2025-11-05T02:14:49","slug":"about","status":"publish","type":"page","link":"https:\/\/hawaiipublicschools.org\/vi\/about\/","title":{"rendered":"V\u1ec1"},"content":{"rendered":"<div class=\"wp-block-columns double_col_sidebar is-layout-flex wp-container-core-columns-is-layout-28f84493 wp-block-columns-is-layout-flex\">\n<div class=\"wp-block-column left_col is-layout-flow wp-block-column-is-layout-flow\">\n<p class=\"intro\" style=\"font-size:clamp(0.875rem, 0.875rem + ((1vw - 0.2rem) * 0.531), 1.3rem);\">The Hawai\u02bbi State Department of Education is the nation\u2019s only statewide public school district, serving 164,000 students, their families and communities across 296 schools on seven islands. With a spirit of ne\u02bbepapa \u2014 meaning to come together as one, united in purpose \u2014 our public schools are dedicated to fostering graduates who are both globally competitive and locally committed. We strive to inspire learning, innovation and a collective dedication to Hawai\u02bbi\u2019s future.<\/p>\n\n\n\n<h2 class=\"wp-block-heading\">S\u1ee9 m\u1ec7nh c\u1ee7a ch\u00fang t\u00f4i<\/h2>\n\n\n\n<p>We serve our community by developing the academic achievement, character and social-emotional well-being of our students to the fullest potential. We work with partners, families and communities to ensure that all public school students reach their aspirations \u2014 from early learning through college, career and citizenship.<\/p>\n\n\n\n<h2 class=\"wp-block-heading\">T\u1ea7m nh\u00ecn c\u1ee7a ch\u00fang t\u00f4i<\/h2>\n\n\n\n<p>Hawai\u02bbi public schools embody the spirit of ne\u02bbepapa, meaning to come together as one, united in purpose, to move forward together. We are committed to fostering this collaborative spirit, recognizing that no single entity alone can fully prepare our students for successful futures. Through collective dedication and innovation, we work to ensure our graduates are both globally competitive and locally committed, deeply rooted in the values of our island home.<\/p>\n\n\n\n<h2 class=\"wp-block-heading\">Th\u00f4ng tin nhanh<\/h2>\n\n\n\n<h3 class=\"wp-block-heading\">Tr\u01b0\u1eddng h\u1ecdc c\u1ee7a ch\u00fang t\u00f4i<\/h3>\n\n\n\n<ul class=\"wp-block-list\">\n<li>258 tr\u01b0\u1eddng HIDOE<\/li>\n\n\n\n<li>168 Tr\u01b0\u1eddng ti\u1ec3u h\u1ecdc<\/li>\n\n\n\n<li>43 tr\u01b0\u1eddng trung h\u1ecdc c\u01a1 s\u1edf<\/li>\n\n\n\n<li>47 Tr\u01b0\u1eddng trung h\u1ecdc ph\u1ed5 th\u00f4ng<\/li>\n\n\n\n<li>40 Charter schools<\/li>\n<\/ul>\n\n\n\n<h3 class=\"wp-block-heading\">H\u1ecdc sinh c\u1ee7a ch\u00fang t\u00f4i<\/h3>\n\n\n\n<ul class=\"wp-block-list\">\n<li>152.270 sinh vi\u00ean HIDOE<\/li>\n\n\n\n<li>13.070 h\u1ecdc sinh tr\u01b0\u1eddng t\u01b0 th\u1ee5c<\/li>\n\n\n\n<li>2.374 h\u1ecdc sinh nh\u1eadp c\u01b0 Kaiapuni<\/li>\n\n\n\n<li>H\u01a1n 70 ng\u00f4n ng\u1eef \u0111\u01b0\u1ee3c sinh vi\u00ean HIDOE n\u00f3i<\/li>\n<\/ul>\n\n\n\n<h3 class=\"wp-block-heading\">Nh\u00e2n vi\u00ean c\u1ee7a ch\u00fang t\u00f4i<\/h3>\n\n\n\n<ul class=\"wp-block-list\">\n<li>T\u1ed5ng s\u1ed1 nh\u00e2n vi\u00ean 42.100<\/li>\n\n\n\n<li>22.100 nh\u00e2n vi\u00ean h\u01b0\u1edfng l\u01b0\u01a1ng, bao g\u1ed3m 12.610 gi\u00e1o vi\u00ean<\/li>\n\n\n\n<li>20.000 Nh\u00e2n vi\u00ean b\u00e1n th\u1eddi gian ho\u1eb7c t\u1ea1m th\u1eddi<\/li>\n<\/ul>\n\n\n\n<h2 class=\"wp-block-heading\">Gi\u00e1 tr\u1ecb c\u1ed1t l\u00f5i c\u1ee7a ch\u00fang t\u00f4i<\/h2>\n\n\n\n<p>We want all of our students to meet and exceed world-class academic standards, and do so in a way that reflects Hawai\u02bbi, with a tradition of stewardship, community and mutual responsibility. We will cultivate, advance and draw from Hawai\u2018i\u2019s rich traditions and Native Hawaiian host culture.<\/p>\n\n\n\n<ol class=\"wp-block-list\">\n<li><strong>COMMITMENT TO EQUITY &amp; EXCELLENCE<\/strong>: We believe every child is unique and deserves an excellent education \u2014 one that develops the whole student. Students succeed when their specific needs are met and their innate gifts and abilities are nurtured.<\/li>\n\n\n\n<li><strong>MEANINGFUL LEARNING<\/strong>: We learn from many sources and in many ways. Hawai\u2018i provides abundant real-world learning environments relevant for success in a culturally diverse, technologically complex, and interdependent global society.<\/li>\n\n\n\n<li><strong>CARING RELATIONSHIPS<\/strong>:<strong> <\/strong>Education is a responsibility shared by all, and the best results come when we work together with aloha, respect, integrity and openness.<\/li>\n\n\n\n<li><strong>CONNECTION TO COMMUNITY, \u02bbOHANA AND \u02bb\u0100INA<\/strong>: We see students as part of an extended \u02bbohana, the environment, a larger community and a global society. Hawai\u02bbi students value these connections and become stewards to make our world a better place.<\/li>\n<\/ol>\n\n\n\n<h2 class=\"wp-block-heading\">K\u1ebf ho\u1ea1ch chi\u1ebfn l\u01b0\u1ee3c<\/h2>\n\n\n\n<p>C\u00e1c <a href=\"https:\/\/hawaiipublicschools.org\/vi\/about\/strategic-plan\/\" data-type=\"page\" data-id=\"110\">K\u1ebf ho\u1ea1ch chi\u1ebfn l\u01b0\u1ee3c\u200b<\/a>, do H\u1ed9i \u0111\u1ed3ng Gi\u00e1o d\u1ee5c x\u00e2y d\u1ef1ng v\u00e0 B\u1ed9 th\u1ef1c hi\u1ec7n, l\u00e0 c\u01a1 ch\u1ebf m\u00e0 nh\u00e0 n\u01b0\u1edbc th\u1ef1c hi\u1ec7n l\u1eddi h\u1ee9a v\u1ec1 s\u1ee9 m\u1ec7nh c\u1ee7a m\u00ecnh.&nbsp;<\/p>\n\n\n\n<h2 class=\"wp-block-heading\">K\u1ebft qu\u1ea3 chung c\u1ee7a ng\u01b0\u1eddi h\u1ecdc<\/h2>\n\n\n\n<p><a href=\"https:\/\/hawaiipublicschools.org\/vi\/academics\/general-learner-outcomes-glos\/\" data-type=\"page\" data-id=\"41\">K\u1ebft qu\u1ea3 chung c\u1ee7a ng\u01b0\u1eddi h\u1ecdc<\/a> are the overarching goals of standards-based learning for all students in all grade levels. Effort, work habits and behaviors are acknowledged to be a key component of developing successful, ethical and lifelong learners.\u200b<\/p>\n\n\n\n<h2 class=\"wp-block-heading\">plan of organization<\/h2>\n\n\n\n<p>B\u1ed9 ph\u1eadn c\u1ee7a <a href=\"\/wp-content\/uploads\/Plan-of-Organization.pdf\" target=\"_blank\" rel=\"noreferrer noopener\">Plan of Organization<\/a> (PDF) documents the official organization of state and complex area offices of the department. <\/p>\n<\/div>\n\n\n\n<div class=\"wp-block-column right_col is-layout-flow wp-block-column-is-layout-flow\">\n<h3 class=\"wp-block-heading\">V\u1ec1<\/h3>\n\n\n<ul class=\"wp-block-page-list\"><li class=\"wp-block-pages-list__item has-child\"><a class=\"wp-block-pages-list__item__link\" href=\"https:\/\/hawaiipublicschools.org\/vi\/about\/organization\/\">T\u1ed5 ch\u1ee9c<\/a><ul class=\"wp-block-navigation__submenu-container\"><li class=\"wp-block-pages-list__item\"><a class=\"wp-block-pages-list__item__link\" href=\"https:\/\/hawaiipublicschools.org\/vi\/about\/organization\/strive-hi-dashboard\/\">B\u1ea3ng \u0111i\u1ec1u khi\u1ec3n Strive HI<\/a><\/li><\/ul><\/li><li class=\"wp-block-pages-list__item\"><a class=\"wp-block-pages-list__item__link\" href=\"https:\/\/hawaiipublicschools.org\/vi\/about\/offices\/\">V\u0103n ph\u00f2ng<\/a><\/li><li class=\"wp-block-pages-list__item\"><a class=\"wp-block-pages-list__item__link\" href=\"https:\/\/hawaiipublicschools.org\/vi\/about\/na-hopena-a%ca%bbo-ha\/\">N\u0101 Hopena A\u02bbo (H\u0100)<\/a><\/li><li class=\"wp-block-pages-list__item\"><a class=\"wp-block-pages-list__item__link\" href=\"https:\/\/hawaiipublicschools.org\/vi\/about\/strategic-plan\/\">K\u1ebf ho\u1ea1ch chi\u1ebfn l\u01b0\u1ee3c<\/a><\/li><li class=\"wp-block-pages-list__item\"><a class=\"wp-block-pages-list__item__link\" href=\"https:\/\/hawaiipublicschools.org\/vi\/about\/partnerships\/\">Quan h\u1ec7 \u0111\u1ed1i t\u00e1c<\/a><\/li><li class=\"wp-block-pages-list__item has-child\"><a class=\"wp-block-pages-list__item__link\" href=\"https:\/\/hawaiipublicschools.org\/vi\/about\/budget\/\">Ng\u00e2n s\u00e1ch<\/a><ul class=\"wp-block-navigation__submenu-container\"><li class=\"wp-block-pages-list__item\"><a class=\"wp-block-pages-list__item__link\" href=\"https:\/\/hawaiipublicschools.org\/vi\/about\/budget\/appropriation-summary-reports\/\">B\u00e1o c\u00e1o t\u00f3m t\u1eaft ph\u00e2n b\u1ed5<\/a><\/li><li class=\"wp-block-pages-list__item\"><a class=\"wp-block-pages-list__item__link\" href=\"https:\/\/hawaiipublicschools.org\/vi\/about\/budget\/budget-cycle-and-process\/\">Chu k\u1ef3 v\u00e0 quy tr\u00ecnh ng\u00e2n s\u00e1ch<\/a><\/li><li class=\"wp-block-pages-list__item\"><a class=\"wp-block-pages-list__item__link\" href=\"https:\/\/hawaiipublicschools.org\/vi\/about\/budget\/capital-improvements-program\/\">Ch\u01b0\u01a1ng tr\u00ecnh c\u1ea3i thi\u1ec7n v\u1ed1n<\/a><\/li><li class=\"wp-block-pages-list__item\"><a class=\"wp-block-pages-list__item__link\" href=\"https:\/\/hawaiipublicschools.org\/vi\/about\/budget\/federal-covid-relief-funding-for-education\/\">Qu\u1ef9 c\u1ee9u tr\u1ee3 COVID c\u1ee7a li\u00ean bang d\u00e0nh cho gi\u00e1o d\u1ee5c<\/a><\/li><li class=\"wp-block-pages-list__item has-child\"><a class=\"wp-block-pages-list__item__link\" href=\"https:\/\/hawaiipublicschools.org\/vi\/about\/budget\/weighted-student-formula\/\">C\u00f4ng th\u1ee9c t\u00ednh tr\u1ecdng s\u1ed1 c\u1ee7a h\u1ecdc sinh<\/a><ul class=\"wp-block-navigation__submenu-container\"><li class=\"wp-block-pages-list__item\"><a class=\"wp-block-pages-list__item__link\" href=\"https:\/\/hawaiipublicschools.org\/vi\/about\/budget\/weighted-student-formula\/weighted-student-formula-archived-reports\/\">B\u00e1o c\u00e1o l\u01b0u tr\u1eef C\u00f4ng th\u1ee9c sinh vi\u00ean c\u00f3 tr\u1ecdng s\u1ed1<\/a><\/li><\/ul><\/li><\/ul><\/li><li class=\"wp-block-pages-list__item has-child\"><a class=\"wp-block-pages-list__item__link\" href=\"https:\/\/hawaiipublicschools.org\/vi\/about\/federal-grants\/\">T\u00e0i tr\u1ee3 c\u1ee7a li\u00ean bang<\/a><ul class=\"wp-block-navigation__submenu-container\"><li class=\"wp-block-pages-list__item\"><a class=\"wp-block-pages-list__item__link\" href=\"https:\/\/hawaiipublicschools.org\/vi\/about\/federal-grants\/comprehensive-literacy-state-development-grant-clsd\/\">Kho\u1ea3n t\u00e0i tr\u1ee3 ph\u00e1t tri\u1ec3n nh\u00e0 n\u01b0\u1edbc x\u00f3a m\u00f9 ch\u1eef to\u00e0n di\u1ec7n (CLSD)<\/a><\/li><li class=\"wp-block-pages-list__item\"><a class=\"wp-block-pages-list__item__link\" href=\"https:\/\/hawaiipublicschools.org\/vi\/about\/federal-grants\/adult-education-family-literacy-act-aefla\/\">\u0110\u1ea1o lu\u1eadt x\u00f3a m\u00f9 ch\u1eef gia \u0111\u00ecnh v\u1ec1 gi\u00e1o d\u1ee5c ng\u01b0\u1eddi l\u1edbn (AEFLA)<\/a><\/li><\/ul><\/li><\/ul><\/div>\n<\/div>","protected":false},"excerpt":{"rendered":"<p>The Hawai\u02bbi State Department of Education is the nation\u2019s only statewide public school district, serving 164,000 students, their families and communities across 296 schools on seven islands. With a spirit of ne\u02bbepapa \u2014 meaning to come together as one, united in purpose \u2014 our public schools are dedicated to fostering graduates who are both globally [&hellip;]<\/p>","protected":false},"author":8,"featured_media":0,"parent":0,"menu_order":64,"comment_status":"closed","ping_status":"closed","template":"wp-custom-template-page-for-custom-sidebar","meta":{"_relevanssi_hide_post":"","_relevanssi_hide_content":"","_relevanssi_pin_for_all":"","_relevanssi_pin_keywords":"","_relevanssi_unpin_keywords":"","_relevanssi_related_keywords":"","_relevanssi_related_include_ids":"","_relevanssi_related_exclude_ids":"","_relevanssi_related_no_append":"","_relevanssi_related_not_related":"","_relevanssi_related_posts":"856,888,893,1022,1619,1622","_relevanssi_noindex_reason":"","_sitemap_exclude":false,"_sitemap_priority":"","_sitemap_frequency":"","_kad_blocks_custom_css":"","_kad_blocks_head_custom_js":"","_kad_blocks_body_custom_js":"","_kad_blocks_footer_custom_js":"","wp_popup_display_lightbox":0,"wp_popup_suppress":"","wp_popup_trigger":"","wp_popup_trigger_amount":0,"wp_popup_disable_on_mobile":false,"footnotes":""},"class_list":["post-105","page","type-page","status-publish","hentry"],"pp_statuses_selecting_workflow":false,"pp_workflow_action":"current","pp_status_selection":"publish","taxonomy_info":[],"featured_image_src_large":false,"author_info":{"display_name":"Ariana Enomoto","author_link":"https:\/\/hawaiipublicschools.org\/vi\/author\/arianastaceyleong-com\/"},"comment_info":0,"publishpress_future_action":{"enabled":false,"date":"2026-04-29 22:27:40","action":"change-status","newStatus":"draft","terms":[],"taxonomy":"","extraData":[]},"publishpress_future_workflow_manual_trigger":{"enabledWorkflows":[]},"_links":{"self":[{"href":"https:\/\/hawaiipublicschools.org\/vi\/wp-json\/wp\/v2\/pages\/105","targetHints":{"allow":["GET"]}}],"collection":[{"href":"https:\/\/hawaiipublicschools.org\/vi\/wp-json\/wp\/v2\/pages"}],"about":[{"href":"https:\/\/hawaiipublicschools.org\/vi\/wp-json\/wp\/v2\/types\/page"}],"author":[{"embeddable":true,"href":"https:\/\/hawaiipublicschools.org\/vi\/wp-json\/wp\/v2\/users\/8"}],"replies":[{"embeddable":true,"href":"https:\/\/hawaiipublicschools.org\/vi\/wp-json\/wp\/v2\/comments?post=105"}],"version-history":[{"count":0,"href":"https:\/\/hawaiipublicschools.org\/vi\/wp-json\/wp\/v2\/pages\/105\/revisions"}],"wp:attachment":[{"href":"https:\/\/hawaiipublicschools.org\/vi\/wp-json\/wp\/v2\/media?parent=105"}],"curies":[{"name":"wp","href":"https:\/\/api.w.org\/{rel}","templated":true}]}}