{"id":104,"date":"2024-09-04T23:49:35","date_gmt":"2024-09-04T23:49:35","guid":{"rendered":"https:\/\/hawaiipublicschools.org\/?page_id=104"},"modified":"2025-07-07T12:36:30","modified_gmt":"2025-07-07T22:36:30","slug":"mental-health-resources","status":"publish","type":"page","link":"https:\/\/hawaiipublicschools.org\/vi\/resources\/mental-health-resources\/","title":{"rendered":"T\u00e0i nguy\u00ean s\u1ee9c kh\u1ecfe t\u00e2m th\u1ea7n"},"content":{"rendered":"<p class=\"intro\" style=\"font-size:clamp(0.875rem, 0.875rem + ((1vw - 0.2rem) * 0.531), 1.3rem);\">C\u00e1c tr\u01b0\u1eddng c\u00f4ng l\u1eadp Hawai\u02bbi \u0111ang s\u1eed d\u1ee5ng <a href=\"https:\/\/hawaiipublicschools.org\/vi\/academics\/social-emotional-learning\/\" target=\"_blank\" rel=\"noreferrer noopener\">h\u1ecdc t\u1eadp x\u00e3 h\u1ed9i v\u00e0 c\u1ea3m x\u00fac (SEL)<\/a> cung c\u1ea5p c\u00e1c k\u1ef9 n\u0103ng h\u1ecdc sinh c\u1ea7n \u0111\u1ec3 t\u1ef1 nh\u1eadn th\u1ee9c, c\u00f3 \u00fd th\u1ee9c x\u00e3 h\u1ed9i, tham gia v\u00e0o t\u01b0 duy ph\u1ea3n bi\u1ec7n, \u0111\u01b0a ra quy\u1ebft \u0111\u1ecbnh c\u00f3 tr\u00e1ch nhi\u1ec7m v\u00e0 nu\u00f4i d\u01b0\u1ee1ng \u00fd th\u1ee9c k\u1ebft n\u1ed1i v\u00e0 g\u1eafn b\u00f3.<\/p>\n\n\n\n<h2 class=\"wp-block-heading\">H\u1ecdc t\u1eadp x\u00e3 h\u1ed9i v\u00e0 c\u1ea3m x\u00fac (SEL)<\/h2>\n\n\n\n<h3 class=\"wp-block-heading\">SEL l\u00e0 g\u00ec?<\/h3>\n\n\n\n<p><a href=\"https:\/\/casel.org\/fundamentals-of-sel\/\" data-type=\"link\" data-id=\"https:\/\/casel.org\/fundamentals-of-sel\/\">SEL<\/a> is the process through which all young people and adults acquire and apply the knowledge, skills and attitudes to:\u00a0\u00a0<\/p>\n\n\n\n<ul class=\"wp-block-list\">\n<li>Ph\u00e1t tri\u1ec3n b\u1ea3n s\u1eafc l\u00e0nh m\u1ea1nh.<\/li>\n\n\n\n<li>Qu\u1ea3n l\u00fd c\u1ea3m x\u00fac v\u00e0 \u0111\u1ea1t \u0111\u01b0\u1ee3c m\u1ee5c ti\u00eau c\u00e1 nh\u00e2n v\u00e0 t\u1eadp th\u1ec3.<\/li>\n\n\n\n<li>C\u1ea3m nh\u1eadn v\u00e0 th\u1ec3 hi\u1ec7n s\u1ef1 \u0111\u1ed3ng c\u1ea3m v\u1edbi ng\u01b0\u1eddi kh\u00e1c.<\/li>\n\n\n\n<li>Thi\u1ebft l\u1eadp v\u00e0 duy tr\u00ec m\u1ed1i quan h\u1ec7 h\u1ed7 tr\u1ee3.<\/li>\n\n\n\n<li>\u0110\u01b0a ra quy\u1ebft \u0111\u1ecbnh c\u00f3 tr\u00e1ch nhi\u1ec7m v\u00e0 th\u1eadn tr\u1ecdng.&nbsp;<\/li>\n<\/ul>\n\n\n\n<p>Ch\u00fang t\u00f4i khuy\u1ebfn kh\u00edch b\u1ea1n xem video gi\u1edbi thi\u1ec7u v\u1ec1 SEL trong tr\u01b0\u1eddng h\u1ecdc \u0111\u1ec3 bi\u1ebft th\u00eam th\u00f4ng tin chi ti\u1ebft v\u1ec1 c\u00e1ch k\u1ebft h\u1ee3p SEL v\u00e0o ho\u1ea1t \u0111\u1ed9ng nu\u00f4i d\u1ea1y con c\u00e1i t\u1ea1i nh\u00e0 \u0111\u1ec3 h\u1ed7 tr\u1ee3 hi\u1ec3u bi\u1ebft v\u1ec1 m\u1eb7t x\u00e3 h\u1ed9i v\u00e0 c\u1ea3m x\u00fac c\u1ee7a tr\u1ebb m\u1ecdi l\u00fac.<\/p>\n\n\n\n<figure class=\"wp-block-embed is-type-video is-provider-youtube wp-block-embed-youtube wp-embed-aspect-16-9 wp-has-aspect-ratio\"><div class=\"wp-block-embed__wrapper\">\n<iframe loading=\"lazy\" title=\"SEL d\u00e0nh cho ph\u1ee5 huynh\" width=\"500\" height=\"281\" src=\"https:\/\/www.youtube.com\/embed\/y2d0da6BZWA?feature=oembed\" frameborder=\"0\" allow=\"accelerometer; autoplay; clipboard-write; encrypted-media; gyroscope; picture-in-picture; web-share\" referrerpolicy=\"strict-origin-when-cross-origin\" allowfullscreen><\/iframe>\n<\/div><\/figure>\n\n\n\n<h2 class=\"wp-block-heading\">T\u00e0i nguy\u00ean<\/h2>\n\n\n\n<h3 class=\"wp-block-heading\">\u1ede \u0111\u00e2y \u0111\u1ec3 gi\u00fap \u0111\u1ee1<\/h3>\n\n\n\n<p>&#8220;<a href=\"https:\/\/heretohelphidoe.com\">\u1ede \u0111\u00e2y \u0111\u1ec3 gi\u00fap \u0111\u1ee1<\/a>&#8221; equips students with essential mental health literacy and provides accessible tools and support from trained staff.<\/p>\n\n\n\n<h3 class=\"wp-block-heading\">ParentGuidance.org<\/h3>\n\n\n\n<p>V\u0103n ph\u00f2ng D\u1ecbch v\u1ee5 H\u1ed7 tr\u1ee3 Sinh vi\u00ean c\u1ee7a Khoa \u0111ang cung c\u1ea5p nhi\u1ec1u ngu\u1ed3n t\u00e0i nguy\u00ean c\u00f3 gi\u00e1 tr\u1ecb th\u00f4ng qua <a href=\"http:\/\/ParentGuidance.org\" target=\"_blank\" rel=\"noreferrer noopener\">ParentGuidance.org<\/a>. \u200bC\u00e1c ngu\u1ed3n t\u00e0i nguy\u00ean n\u00e0y mi\u1ec5n ph\u00ed v\u00e0 nh\u1eb1m m\u1ee5c \u0111\u00edch h\u1ed7 tr\u1ee3 h\u1ecdc sinh, gia \u0111\u00ecnh v\u00e0 nh\u00e2n vi\u00ean. <a href=\"https:\/\/parentguidance.org\/\" target=\"_blank\" rel=\"noreferrer noopener\">ParentGuidance.org<\/a> l\u00e0m vi\u1ec7c v\u1edbi c\u00e1c tr\u01b0\u1eddng h\u1ecdc v\u00e0 c\u1ed9ng \u0111\u1ed3ng c\u1ee7a h\u1ecd tr\u00ean to\u00e0n qu\u1ed1c, trao quy\u1ec1n cho c\u00e1c gia \u0111\u00ecnh gi\u00fap tr\u1ebb em ph\u00e1t tri\u1ec3n th\u00f4ng qua c\u00e1c ngu\u1ed3n l\u1ef1c s\u1ee9c kh\u1ecfe t\u00e2m th\u1ea7n c\u1ee7a m\u00ecnh. Ph\u1ee5 huynh v\u00e0 nh\u00e2n vi\u00ean nh\u00e0 tr\u01b0\u1eddng \u1edf Hawai\u02bbi s\u1ebd \u0111\u01b0\u1ee3c ti\u1ebfp c\u1eadn mi\u1ec5n ph\u00ed c\u00e1c ngu\u1ed3n l\u1ef1c bao g\u1ed3m:<\/p>\n\n\n\n<ul class=\"wp-block-list\">\n<li>Bu\u1ed5i h\u01b0\u1edbng d\u1eabn tr\u1ef1c ti\u1ebfp th\u01b0\u1eddng xuy\u00ean d\u00e0nh cho ph\u1ee5 huynh, gia \u0111\u00ecnh v\u00e0 nh\u00e2n vi\u00ean nh\u00e0 tr\u01b0\u1eddng.<\/li>\n\n\n\n<li>Truy c\u1eadp v\u00e0o h\u01a1n 30 h\u1ed9i th\u1ea3o tr\u1ef1c tuy\u1ebfn v\u1ec1 s\u1ee9c kh\u1ecfe t\u00e2m th\u1ea7n.<\/li>\n\n\n\n<li>B\u00e0i h\u1ecdc tr\u1ef1c tuy\u1ebfn do c\u00e1c nh\u00e0 tr\u1ecb li\u1ec7u \u0111\u01b0\u1ee3c c\u1ea5p ph\u00e9p h\u01b0\u1edbng d\u1eabn.<\/li>\n\n\n\n<li>\u201cH\u1ecfi chuy\u00ean gia tr\u1ecb li\u1ec7u\u201d, di\u1ec5n \u0111\u00e0n h\u1ecfi \u0111\u00e1p \u0111\u01b0\u1ee3c c\u1eadp nh\u1eadt th\u01b0\u1eddng xuy\u00ean.<\/li>\n<\/ul>\n\n\n\n<p>Join live caregiver webinars developed by licensed therapists. Registration and participation is anonymous.<\/p>\n\n\n\n<ul class=\"wp-block-list\">\n<li><a href=\"\/wp-content\/uploads\/Hawaii-May-2025-MHS-Calendar.pdf\" target=\"_blank\" rel=\"noreferrer noopener\">Calendar for May<\/a> (PDF)<\/li>\n<\/ul>\n\n\n\n<h3 class=\"wp-block-heading\">\u0110\u1ecdc th\u00eam<\/h3>\n\n\n\n<ul class=\"wp-block-list\">\n<li><a href=\"https:\/\/docs.google.com\/document\/d\/1pIpzZTdHLd5hvdOUAh3cVhJwQHKQrcWHnHxzeltDNoA\/edit?usp=sharing\" target=\"_blank\" rel=\"noreferrer noopener\">T\u00e0i nguy\u00ean SEL gi\u00fap c\u00e1c nh\u00e0 gi\u00e1o d\u1ee5c, ph\u1ee5 huynh v\u00e0 gia \u0111\u00ecnh c\u1ee7ng c\u1ed1 c\u00e1c k\u1ef9 n\u0103ng v\u00e0 t\u01b0 duy SEL c\u1ee7a h\u1ecd (Google Doc)<\/a> <\/li>\n\n\n\n<li><a href=\"https:\/\/hawaiipublicschools.org\/vi\/DOE%20Forms\/OSSS\/ParentGuidance-ParentCoachingSteps.pdf\/\" target=\"_blank\" rel=\"noreferrer noopener\">ParentGuidance.org \u2013 T\u1edd r\u01a1i h\u01b0\u1edbng d\u1eabn c\u00e1c b\u01b0\u1edbc h\u01b0\u1edbng d\u1eabn ph\u1ee5 huynh (PDF)<\/a><\/li>\n\n\n\n<li><a href=\"https:\/\/hawaiipublicschools.org\/vi\/DOE%20Forms\/OSSS\/ParentGuidance-StaffCoachingSteps.pdf\/\" target=\"_blank\" rel=\"noreferrer noopener\">ParentGuidance.org \u2013 T\u1edd r\u01a1i v\u1ec1 Hu\u1ea5n luy\u1ec7n S\u1ee9c kh\u1ecfe T\u00e2m th\u1ea7n cho Nh\u00e2n vi\u00ean v\u00e0 Gia \u0111\u00ecnh (PDF)<\/a><\/li>\n<\/ul>\n\n\n\n<p><\/p>\n\n\n\n<p><\/p>\n\n\n\n<p><\/p>","protected":false},"excerpt":{"rendered":"<p>Hawai\u02bbi public schools are using social and emotional learning (SEL) to provide the skills students need to be self-aware, be socially conscious, engage in critical thinking, make responsible decisions, and foster a sense of connectedness and belonging. Social and Emotional Learning (SEL) What is SEL? SEL is the process through which all young people and [&hellip;]<\/p>","protected":false},"author":8,"featured_media":0,"parent":87,"menu_order":20,"comment_status":"closed","ping_status":"closed","template":"","meta":{"_relevanssi_hide_post":"","_relevanssi_hide_content":"","_relevanssi_pin_for_all":"","_relevanssi_pin_keywords":"","_relevanssi_unpin_keywords":"","_relevanssi_related_keywords":"","_relevanssi_related_include_ids":"","_relevanssi_related_exclude_ids":"","_relevanssi_related_no_append":"","_relevanssi_related_not_related":"","_relevanssi_related_posts":"","_relevanssi_noindex_reason":"","_sitemap_exclude":false,"_sitemap_priority":"","_sitemap_frequency":"","_kad_blocks_custom_css":"","_kad_blocks_head_custom_js":"","_kad_blocks_body_custom_js":"","_kad_blocks_footer_custom_js":"","wp_popup_display_lightbox":0,"wp_popup_suppress":"","wp_popup_trigger":"","wp_popup_trigger_amount":0,"wp_popup_disable_on_mobile":false,"footnotes":""},"class_list":["post-104","page","type-page","status-publish","hentry"],"pp_statuses_selecting_workflow":false,"pp_workflow_action":"current","pp_status_selection":"publish","taxonomy_info":[],"featured_image_src_large":false,"author_info":{"display_name":"Ariana Enomoto","author_link":"https:\/\/hawaiipublicschools.org\/vi\/author\/arianastaceyleong-com\/"},"comment_info":0,"publishpress_future_action":{"enabled":false,"date":"2026-04-29 19:16:30","action":"change-status","newStatus":"draft","terms":[],"taxonomy":"","extraData":[]},"publishpress_future_workflow_manual_trigger":{"enabledWorkflows":[]},"_links":{"self":[{"href":"https:\/\/hawaiipublicschools.org\/vi\/wp-json\/wp\/v2\/pages\/104","targetHints":{"allow":["GET"]}}],"collection":[{"href":"https:\/\/hawaiipublicschools.org\/vi\/wp-json\/wp\/v2\/pages"}],"about":[{"href":"https:\/\/hawaiipublicschools.org\/vi\/wp-json\/wp\/v2\/types\/page"}],"author":[{"embeddable":true,"href":"https:\/\/hawaiipublicschools.org\/vi\/wp-json\/wp\/v2\/users\/8"}],"replies":[{"embeddable":true,"href":"https:\/\/hawaiipublicschools.org\/vi\/wp-json\/wp\/v2\/comments?post=104"}],"version-history":[{"count":0,"href":"https:\/\/hawaiipublicschools.org\/vi\/wp-json\/wp\/v2\/pages\/104\/revisions"}],"up":[{"embeddable":true,"href":"https:\/\/hawaiipublicschools.org\/vi\/wp-json\/wp\/v2\/pages\/87"}],"wp:attachment":[{"href":"https:\/\/hawaiipublicschools.org\/vi\/wp-json\/wp\/v2\/media?parent=104"}],"curies":[{"name":"wp","href":"https:\/\/api.w.org\/{rel}","templated":true}]}}