{"id":103,"date":"2024-09-04T23:48:34","date_gmt":"2024-09-04T23:48:34","guid":{"rendered":"https:\/\/hawaiipublicschools.org\/?page_id=103"},"modified":"2025-02-26T15:56:31","modified_gmt":"2025-02-27T01:56:31","slug":"parent-community-networking-centers","status":"publish","type":"page","link":"https:\/\/hawaiipublicschools.org\/vi\/resources\/parent-community-networking-centers\/","title":{"rendered":"Trung t\u00e2m m\u1ea1ng l\u01b0\u1edbi ph\u1ee5 huynh-c\u1ed9ng \u0111\u1ed3ng"},"content":{"rendered":"<p class=\"intro\" style=\"font-size:clamp(0.875rem, 0.875rem + ((1vw - 0.2rem) * 0.531), 1.3rem);\">Trung t\u00e2m m\u1ea1ng l\u01b0\u1edbi ph\u1ee5 huynh-c\u1ed9ng \u0111\u1ed3ng (PCNC) ph\u1ee5c v\u1ee5 m\u1ee5c \u0111\u00edch t\u1ea1o ra c\u00e1c m\u1ed1i quan h\u1ec7 \u0111\u1ed1i t\u00e1c h\u1ed7 tr\u1ee3 gi\u1eefa gia \u0111\u00ecnh, nh\u00e0 tr\u01b0\u1eddng v\u00e0 c\u1ed9ng \u0111\u1ed3ng nh\u1eb1m m\u1ee5c \u0111\u00edch h\u1ed7 tr\u1ee3 th\u00e0nh c\u00f4ng c\u1ee7a h\u1ecdc sinh v\u00e0 x\u00e2y d\u1ef1ng \u00fd th\u1ee9c v\u1ec1 gia \u0111\u00ecnh v\u00e0 c\u1ed9ng \u0111\u1ed3ng. PCNC l\u00e0 c\u00e1c trung t\u00e2m t\u1ea1i tr\u01b0\u1eddng d\u00e0nh cho c\u00e1c gia \u0111\u00ecnh, t\u00ecnh nguy\u1ec7n vi\u00ean v\u00e0 c\u1ed9ng \u0111\u1ed3ng \u0111\u1ec3 x\u00e1c \u0111\u1ecbnh \u0111i\u1ec3m m\u1ea1nh c\u1ee7a h\u1ecd, h\u1ee3p t\u00e1c, \u0111\u01b0a ra quy\u1ebft \u0111\u1ecbnh v\u00e0 t\u1ea1o ra c\u00e1c m\u1ed1i quan h\u1ec7 \u0111\u1ed1i t\u00e1c.<\/p>\n\n\n\n<h2 class=\"wp-block-heading\">V\u1ec1<\/h2>\n\n\n\n<p>S\u1ef1 tham gia\/Quan h\u1ec7 \u0111\u1ed1i t\u00e1c c\u1ee7a Gia \u0111\u00ecnh v\u00e0 C\u1ed9ng \u0111\u1ed3ng c\u1ee7a H\u1ed9i \u0111\u1ed3ng Gi\u00e1o d\u1ee5c (BOE) <a href=\"http:\/\/boe.hawaii.gov\/policies\/Board%20Policies\/Family%20and%20Community%20Engagement-Partnership.pdf\" target=\"_blank\" rel=\"noreferrer noopener\">Ch\u00ednh s\u00e1ch 101-14 (PDF)<\/a> \u201cnh\u1eadn ra r\u1eb1ng s\u1ef1 ph\u00e1t tri\u1ec3n v\u00e0 th\u00e0nh c\u00f4ng trong gi\u00e1o d\u1ee5c c\u1ee7a tr\u1ebb em l\u00e0 tr\u00e1ch nhi\u1ec7m v\u00e0 m\u1ee5c ti\u00eau chung c\u1ee7a HIDOE, c\u1ed9ng \u0111\u1ed3ng, tr\u01b0\u1eddng h\u1ecdc v\u00e0 gia \u0111\u00ecnh. Theo \u0111\u00f3, vi\u1ec7c \u0111\u1ea1t \u0111\u01b0\u1ee3c c\u00e1c m\u1ee5c ti\u00eau n\u00e0y ph\u1ee5 thu\u1ed9c v\u00e0o vi\u1ec7c thi\u1ebft l\u1eadp m\u1ed9t lo\u1ea1t c\u00e1c quan h\u1ec7 \u0111\u1ed1i t\u00e1c c\u00f3 hi\u1ec3u bi\u1ebft gi\u1eefa c\u00e1c b\u00ean li\u00ean quan nh\u1eb1m gi\u1ea3i quy\u1ebft c\u00e1c \u0111i\u1ec3m m\u1ea1nh v\u00e0 nhu c\u1ea7u c\u1ee7a t\u1ea5t c\u1ea3 h\u1ecdc sinh.\u201d&nbsp;<\/p>\n\n\n\n<p>S\u1ee9 m\u1ec7nh c\u1ee7a PCNC l\u00e0 ph\u00e1t tri\u1ec3n \u00fd th\u1ee9c c\u1ed9ng \u0111\u1ed3ng v\u00e0 m\u1ea1ng l\u01b0\u1edbi h\u1ecdc t\u1eadp quan t\u00e2m \u0111\u1ec3 c\u1ee7ng c\u1ed1 gia \u0111\u00ecnh, khu ph\u1ed1, tr\u01b0\u1eddng h\u1ecdc v\u00e0 l\u1edbp h\u1ecdc v\u00ec h\u1ea1nh ph\u00fac c\u1ee7a m\u1ecdi h\u1ecdc sinh. \u0110\u1ec3 duy tr\u00ec c\u00e1c ti\u00eau chu\u1ea9n do ch\u00ednh s\u00e1ch c\u1ee7a BOE \u0111\u1eb7t ra, PCNC h\u1ed7 tr\u1ee3 vi\u1ec7c th\u1ef1c hi\u1ec7n, gi\u00e1m s\u00e1t v\u00e0 \u0111\u00e1nh gi\u00e1 s\u1ef1 tham gia\/quan h\u1ec7 \u0111\u1ed1i t\u00e1c c\u1ee7a gia \u0111\u00ecnh v\u00e0 c\u1ed9ng \u0111\u1ed3ng d\u1ef1a tr\u00ean c\u00e1c th\u00f4ng l\u1ec7 t\u1ed1t nh\u1ea5t d\u1ef1a tr\u00ean b\u1eb1ng ch\u1ee9ng qu\u1ed1c gia bao g\u1ed3m:<\/p>\n\n\n\n<ul class=\"wp-block-list\">\n<li><strong>Ti\u00eau chu\u1ea9n 1: Ch\u00e0o \u0111\u00f3n t\u1ea5t c\u1ea3 c\u00e1c gia \u0111\u00ecnh v\u00e0o c\u1ed9ng \u0111\u1ed3ng tr\u01b0\u1eddng h\u1ecdc.<\/strong> C\u00e1c gia \u0111\u00ecnh l\u00e0 nh\u1eefng ng\u01b0\u1eddi tham gia t\u00edch c\u1ef1c v\u00e0o \u0111\u1eddi s\u1ed1ng c\u1ee7a tr\u01b0\u1eddng v\u00e0 c\u1ea3m th\u1ea5y \u0111\u01b0\u1ee3c ch\u00e0o \u0111\u00f3n, coi tr\u1ecdng v\u00e0 g\u1eafn k\u1ebft v\u1edbi nhau, v\u1edbi \u0111\u1ed9i ng\u0169 nh\u00e2n vi\u00ean nh\u00e0 tr\u01b0\u1eddng c\u0169ng nh\u01b0 v\u1edbi nh\u1eefng g\u00ec h\u1ecdc sinh \u0111ang h\u1ecdc v\u00e0 l\u00e0m trong l\u1edbp.<\/li>\n\n\n\n<li><strong>Ti\u00eau chu\u1ea9n 2: Giao ti\u1ebfp hi\u1ec7u qu\u1ea3.<\/strong> Gia \u0111\u00ecnh v\u00e0 nh\u00e2n vi\u00ean nh\u00e0 tr\u01b0\u1eddng th\u01b0\u1eddng xuy\u00ean trao \u0111\u1ed5i th\u00f4ng tin hai chi\u1ec1u, c\u00f3 \u00fd ngh\u0129a v\u1ec1 vi\u1ec7c h\u1ecdc c\u1ee7a h\u1ecdc sinh.<\/li>\n\n\n\n<li><strong>Ti\u00eau chu\u1ea9n 3: H\u1ed7 tr\u1ee3 s\u1ef1 th\u00e0nh c\u00f4ng c\u1ee7a h\u1ecdc sinh.<\/strong> Gia \u0111\u00ecnh v\u00e0 \u0111\u1ed9i ng\u0169 nh\u00e2n vi\u00ean nh\u00e0 tr\u01b0\u1eddng li\u00ean t\u1ee5c h\u1ee3p t\u00e1c \u0111\u1ec3 h\u1ed7 tr\u1ee3 vi\u1ec7c h\u1ecdc t\u1eadp v\u00e0 ph\u00e1t tri\u1ec3n l\u00e0nh m\u1ea1nh c\u1ee7a h\u1ecdc sinh c\u1ea3 \u1edf nh\u00e0 v\u00e0 \u1edf tr\u01b0\u1eddng, \u0111\u1ed3ng th\u1eddi th\u01b0\u1eddng xuy\u00ean c\u00f3 c\u01a1 h\u1ed9i c\u1ee7ng c\u1ed1 ki\u1ebfn th\u1ee9c v\u00e0 k\u1ef9 n\u0103ng \u0111\u1ec3 th\u1ef1c hi\u1ec7n hi\u1ec7u qu\u1ea3.<\/li>\n\n\n\n<li><strong>Ti\u00eau chu\u1ea9n 4: L\u00ean ti\u1ebfng v\u00ec m\u1ecdi tr\u1ebb em.<\/strong> C\u00e1c gia \u0111\u00ecnh \u0111\u01b0\u1ee3c trao quy\u1ec1n \u0111\u1ec3 tr\u1edf th\u00e0nh ng\u01b0\u1eddi \u1ee7ng h\u1ed9 cho con m\u00ecnh v\u00e0 nh\u1eefng \u0111\u1ee9a tr\u1ebb kh\u00e1c, \u0111\u1ec3 \u0111\u1ea3m b\u1ea3o r\u1eb1ng h\u1ecdc sinh \u0111\u01b0\u1ee3c \u0111\u1ed1i x\u1eed c\u00f4ng b\u1eb1ng v\u00e0 c\u00f3 c\u01a1 h\u1ed9i h\u1ecdc t\u1eadp h\u1ed7 tr\u1ee3 cho s\u1ef1 th\u00e0nh c\u00f4ng c\u1ee7a c\u00e1c em.<\/li>\n\n\n\n<li><strong>Ti\u00eau chu\u1ea9n 5: Chia s\u1ebb quy\u1ec1n l\u1ef1c.<\/strong> Gia \u0111\u00ecnh v\u00e0 nh\u00e2n vi\u00ean nh\u00e0 tr\u01b0\u1eddng l\u00e0 \u0111\u1ed1i t\u00e1c b\u00ecnh \u0111\u1eb3ng trong c\u00e1c quy\u1ebft \u0111\u1ecbnh \u1ea3nh h\u01b0\u1edfng \u0111\u1ebfn tr\u1ebb em v\u00e0 gia \u0111\u00ecnh v\u00e0 c\u00f9ng nhau th\u00f4ng b\u00e1o, t\u00e1c \u0111\u1ed9ng v\u00e0 x\u00e2y d\u1ef1ng c\u00e1c ch\u00ednh s\u00e1ch, th\u1ef1c h\u00e0nh v\u00e0 ch\u01b0\u01a1ng tr\u00ecnh.<\/li>\n\n\n\n<li><strong>Ti\u00eau chu\u1ea9n 6: T\u01b0\u01a1ng t\u00e1c\/h\u1ee3p t\u00e1c v\u1edbi c\u1ed9ng \u0111\u1ed3ng.<\/strong> Gia \u0111\u00ecnh v\u00e0 nh\u00e2n vi\u00ean nh\u00e0 tr\u01b0\u1eddng h\u1ee3p t\u00e1c\/l\u00e0m vi\u1ec7c v\u1edbi c\u00e1c th\u00e0nh vi\u00ean c\u1ed9ng \u0111\u1ed3ng \u0111\u1ec3 k\u1ebft n\u1ed1i h\u1ecdc sinh, gia \u0111\u00ecnh v\u00e0 nh\u00e2n vi\u00ean v\u1edbi c\u00e1c c\u01a1 h\u1ed9i h\u1ecdc t\u1eadp m\u1edf r\u1ed9ng, d\u1ecbch v\u1ee5 c\u1ed9ng \u0111\u1ed3ng v\u00e0 s\u1ef1 tham gia c\u1ee7a c\u00f4ng d\u00e2n.<\/li>\n<\/ul>\n\n\n\n<h2 class=\"wp-block-heading\">Li\u00ean h\u1ec7<\/h2>\n\n\n\n<p>Li\u00ean h\u1ec7 v\u1edbi con b\u1ea1n <a href=\"https:\/\/hawaiipublicschools.org\/vi\/enrolling-in-school\/find-your-school\/\" data-type=\"link\" data-id=\"https:\/\/hawaiipublicschools.org\/enrolling-in-school\/find-your-school\/\">tr\u01b0\u1eddng h\u1ecdc<\/a> tr\u1ef1c ti\u1ebfp \u0111\u1ec3 h\u1ecfi v\u1ec1 PCNC c\u1ee7a h\u1ecd.\u200b<\/p>\n\n\n\n<p><\/p>\n\n\n\n<p><\/p>\n\n\n\n<p><\/p>","protected":false},"excerpt":{"rendered":"<p>Parent-Community Networking Centers (PCNCs) serve to create supportive partnerships among the home, school and community for the purposes of supporting student success and building a sense of family and community. The PCNCs are school-based centers for families, volunteers and community to identify their strengths, collaborate, make decisions and create partnerships. About The Board of Education&#8217;s [&hellip;]<\/p>","protected":false},"author":8,"featured_media":0,"parent":87,"menu_order":19,"comment_status":"closed","ping_status":"closed","template":"","meta":{"_relevanssi_hide_post":"","_relevanssi_hide_content":"","_relevanssi_pin_for_all":"","_relevanssi_pin_keywords":"","_relevanssi_unpin_keywords":"","_relevanssi_related_keywords":"","_relevanssi_related_include_ids":"","_relevanssi_related_exclude_ids":"","_relevanssi_related_no_append":"","_relevanssi_related_not_related":"","_relevanssi_related_posts":"","_relevanssi_noindex_reason":"","_sitemap_exclude":false,"_sitemap_priority":"","_sitemap_frequency":"","_kad_blocks_custom_css":"","_kad_blocks_head_custom_js":"","_kad_blocks_body_custom_js":"","_kad_blocks_footer_custom_js":"","wp_popup_display_lightbox":0,"wp_popup_suppress":"","wp_popup_trigger":"","wp_popup_trigger_amount":0,"wp_popup_disable_on_mobile":false,"footnotes":""},"class_list":["post-103","page","type-page","status-publish","hentry"],"pp_statuses_selecting_workflow":false,"pp_workflow_action":"current","pp_status_selection":"publish","taxonomy_info":[],"featured_image_src_large":false,"author_info":{"display_name":"Ariana Enomoto","author_link":"https:\/\/hawaiipublicschools.org\/vi\/author\/arianastaceyleong-com\/"},"comment_info":0,"publishpress_future_action":{"enabled":false,"date":"2026-04-22 17:54:31","action":"change-status","newStatus":"draft","terms":[],"taxonomy":"","extraData":[]},"publishpress_future_workflow_manual_trigger":{"enabledWorkflows":[]},"_links":{"self":[{"href":"https:\/\/hawaiipublicschools.org\/vi\/wp-json\/wp\/v2\/pages\/103","targetHints":{"allow":["GET"]}}],"collection":[{"href":"https:\/\/hawaiipublicschools.org\/vi\/wp-json\/wp\/v2\/pages"}],"about":[{"href":"https:\/\/hawaiipublicschools.org\/vi\/wp-json\/wp\/v2\/types\/page"}],"author":[{"embeddable":true,"href":"https:\/\/hawaiipublicschools.org\/vi\/wp-json\/wp\/v2\/users\/8"}],"replies":[{"embeddable":true,"href":"https:\/\/hawaiipublicschools.org\/vi\/wp-json\/wp\/v2\/comments?post=103"}],"version-history":[{"count":0,"href":"https:\/\/hawaiipublicschools.org\/vi\/wp-json\/wp\/v2\/pages\/103\/revisions"}],"up":[{"embeddable":true,"href":"https:\/\/hawaiipublicschools.org\/vi\/wp-json\/wp\/v2\/pages\/87"}],"wp:attachment":[{"href":"https:\/\/hawaiipublicschools.org\/vi\/wp-json\/wp\/v2\/media?parent=103"}],"curies":[{"name":"wp","href":"https:\/\/api.w.org\/{rel}","templated":true}]}}