{"id":101,"date":"2024-09-04T23:47:45","date_gmt":"2024-09-04T23:47:45","guid":{"rendered":"https:\/\/hawaiipublicschools.org\/?page_id=101"},"modified":"2026-02-05T16:37:11","modified_gmt":"2026-02-06T02:37:11","slug":"community-childrens-council","status":"publish","type":"page","link":"https:\/\/hawaiipublicschools.org\/vi\/resources\/community-childrens-council\/","title":{"rendered":"H\u1ed9i \u0111\u1ed3ng tr\u1ebb em c\u1ed9ng \u0111\u1ed3ng"},"content":{"rendered":"<div class=\"wp-block-columns double_col_sidebar is-layout-flex wp-container-core-columns-is-layout-28f84493 wp-block-columns-is-layout-flex\">\n<div class=\"wp-block-column left_col is-layout-flow wp-block-column-is-layout-flow\">\n<p class=\"intro\">H\u1ed9i \u0111\u1ed3ng Tr\u1ebb em C\u1ed9ng \u0111\u1ed3ng ph\u1ee5c v\u1ee5 tr\u1ebb em v\u00e0 gia \u0111\u00ecnh \u2014 bao g\u1ed3m c\u1ea3 nh\u1eefng ng\u01b0\u1eddi khuy\u1ebft t\u1eadt v\u00e0 c\u00f3 nhu c\u1ea7u v\u1ec1 s\u1ee9c kh\u1ecfe t\u00e2m th\u1ea7n \u2014 th\u00f4ng qua quan h\u1ec7 \u0111\u1ed1i t\u00e1c h\u1ee3p t\u00e1c. Quan h\u1ec7 \u0111\u1ed1i t\u00e1c h\u1ee3p t\u00e1c \u0111\u01b0\u1ee3c h\u1ed7 tr\u1ee3 \u0111\u1ea7y \u0111\u1ee7 \u0111\u00f2i h\u1ecfi s\u1ef1 tham gia b\u00ecnh \u0111\u1eb3ng v\u00e0 tr\u00e1ch nhi\u1ec7m chung c\u1ee7a c\u00e1c gia \u0111\u00ecnh, nh\u00e0 cung c\u1ea5p \u0111\u1ecba ph\u01b0\u01a1ng, c\u00e1c b\u00ean li\u00ean quan trong c\u1ed9ng \u0111\u1ed3ng v\u00e0 \u0111\u1ea1i di\u1ec7n.<\/p>\n\n\n\n<h2 class=\"wp-block-heading\">V\u1ec0<\/h2>\n\n\n\n<p>M\u1ed9t trong nh\u1eefng quan h\u1ec7 \u0111\u1ed1i t\u00e1c quan tr\u1ecdng trong vi\u1ec7c ph\u00e1t tri\u1ec3n m\u1ed9t lo\u1ea1t c\u00e1c d\u1ecbch v\u1ee5 cho tr\u1ebb em c\u00f3 nhu c\u1ea7u \u0111\u1eb7c bi\u1ec7t v\u00e0 gia \u0111\u00ecnh c\u1ee7a c\u00e1c em, H\u1ed9i \u0111\u1ed3ng Tr\u1ebb em C\u1ed9ng \u0111\u1ed3ng \u0111\u01b0\u1ee3c l\u00e3nh \u0111\u1ea1o b\u1edfi c\u00e1c ph\u1ee5 huynh t\u00ecnh nguy\u1ec7n v\u00e0 \u0111\u1ed3ng ch\u1ee7 t\u1ecbch chuy\u00ean nghi\u1ec7p t\u1eeb c\u1ed9ng \u0111\u1ed3ng c\u1ee7a h\u1ecd. T\u1ea7m nh\u00ecn chung v\u01b0\u1ee3t ra ngo\u00e0i vi\u1ec7c th\u1ef1c hi\u1ec7n c\u00e1c d\u1ecbch v\u1ee5 cho tr\u1ebb em c\u00f3 nhu c\u1ea7u \u0111\u1eb7c bi\u1ec7t \u0111\u1ec3 cung c\u1ea5p c\u00e1c di\u1ec5n \u0111\u00e0n \u0111\u1ecba ph\u01b0\u01a1ng tr\u00ean to\u00e0n ti\u1ec3u bang cho t\u1ea5t c\u1ea3 c\u00e1c th\u00e0nh vi\u00ean c\u1ed9ng \u0111\u1ed3ng c\u00f9ng nhau nh\u01b0 nh\u1eefng \u0111\u1ed1i t\u00e1c b\u00ecnh \u0111\u1eb3ng \u0111\u1ec3 th\u1ea3o lu\u1eadn v\u00e0 t\u00e1c \u0111\u1ed9ng t\u00edch c\u1ef1c \u0111\u1ebfn c\u00e1c v\u1ea5n \u0111\u1ec1 v\u00ec l\u1ee3i \u00edch c\u1ee7a t\u1ea5t c\u1ea3 tr\u1ebb em, gia \u0111\u00ecnh v\u00e0 c\u1ed9ng \u0111\u1ed3ng. C\u00e1c m\u1ee5c ti\u00eau l\u00e0:<\/p>\n\n\n\n<ul class=\"wp-block-list\">\n<li>T\u1eadp trung v\u00e0o s\u1ef1 tham gia m\u1ea1nh m\u1ebd c\u1ee7a gia \u0111\u00ecnh trong vi\u1ec7c l\u1eadp k\u1ebf ho\u1ea1ch v\u00e0 ra quy\u1ebft \u0111\u1ecbnh.<\/li>\n\n\n\n<li>Cung c\u1ea5p ph\u01b0\u01a1ng ti\u1ec7n \u0111\u1ec3 c\u1ed9ng \u0111\u1ed3ng tham gia.<\/li>\n\n\n\n<li>C\u00f9ng nhau t\u1ea1o ra t\u1ea7m nh\u00ecn chung cho m\u1ed9t h\u1ec7 th\u1ed1ng ch\u0103m s\u00f3c t\u00edch h\u1ee3p.<\/li>\n\n\n\n<li>Th\u1ef1c hi\u1ec7n \u0111\u00e1nh gi\u00e1 nhu c\u1ea7u c\u1ed9ng \u0111\u1ed3ng \u0111ang di\u1ec5n ra v\u00e0 quy tr\u00ecnh l\u1eadp k\u1ebf ho\u1ea1ch chi\u1ebfn l\u01b0\u1ee3c.<\/li>\n\n\n\n<li>Tham gia \u0111\u1ea3m b\u1ea3o ch\u1ea5t l\u01b0\u1ee3ng v\u00e0 c\u1ea3i ti\u1ebfn vi\u1ec7c ph\u00e1t tri\u1ec3n h\u1ec7 th\u1ed1ng ch\u0103m s\u00f3c.<\/li>\n<\/ul>\n\n\n\n<p>There are 17 Community Children&#8217;s Councils in Hawai\u02bbi that usually meet monthly. Common activities include parent support groups, workshops and informational meetings, with conferences and special events offered throughout the year.<\/p>\n\n\n\n<p>C\u00e1c h\u1ed9i \u0111\u1ed3ng \u0111\u01b0\u1ee3c h\u1ed7 tr\u1ee3 b\u1edfi m\u1ed9t v\u0103n ph\u00f2ng cung c\u1ea5p h\u1ed7 tr\u1ee3 k\u1ef9 thu\u1eadt v\u00e0 h\u00e0nh ch\u00ednh, bao g\u1ed3m thu th\u1eadp v\u00e0 ph\u1ed5 bi\u1ebfn th\u00f4ng tin, h\u1ed7 tr\u1ee3 h\u1eadu c\u1ea7n cho c\u00e1c h\u1ed9i ngh\u1ecb v\u00e0 h\u1ed9i th\u1ea3o, \u0111\u00e0o t\u1ea1o v\u1ec1 l\u00e3nh \u0111\u1ea1o v\u00e0 \u0111i\u1ec1u ph\u1ed1i, v\u00e0 cung c\u1ea5p h\u1ed7 tr\u1ee3 v\u00e0 h\u1ed7 tr\u1ee3 k\u1ef9 thu\u1eadt. \u0110\u1ec3 bi\u1ebft th\u00f4ng tin li\u00ean h\u1ec7 v\u00e0 li\u00ean k\u1ebft cu\u1ed9c h\u1ecdp, h\u00e3y truy c\u1eadp <a href=\"https:\/\/hawaiicommunityengagement.com\/community-childrens-councils\/\" target=\"_blank\" rel=\"noreferrer noopener\">Community Children&#8217;s Council website<\/a>.<\/p>\n\n\n\n<h2 class=\"wp-block-heading\">Li\u00ean h\u1ec7<\/h2>\n\n\n\n<p>\u0110T: 808-305-0696<br>E-mail: <a href=\"mailto:familypartnerships@k12.hi.us\" target=\"_blank\" rel=\"noreferrer noopener\">familypartnerships@k12.hi.us<\/a><br><a href=\"https:\/\/hawaiicommunityengagement.com\/community-childrens-councils\/\" target=\"_blank\" rel=\"noreferrer noopener\">H\u1ed9i \u0111\u1ed3ng tr\u1ebb em c\u1ed9ng \u0111\u1ed3ng<\/a> Trang web<\/p>\n\n\n\n<h2 class=\"wp-block-heading\">T\u00e0i nguy\u00ean<\/h2>\n\n\n\n<ul class=\"wp-block-list\">\n<li><a href=\"https:\/\/hawaiipublicschools.org\/wp-content\/uploads\/CCC-Flyer-Feb-2026.pdf\" target=\"_blank\" rel=\"noreferrer noopener\">HIDOE Community Children&#8217;s Councils Information<\/a><\/li>\n\n\n\n<li><a href=\"https:\/\/hawaiipublicschools.org\/wp-content\/uploads\/Support-for-Families-QR.pdf\" target=\"_blank\" rel=\"noreferrer noopener\">Support for Families<\/a><\/li>\n\n\n\n<li><a href=\"http:\/\/spinhawaii.org\/\" target=\"_blank\" rel=\"noreferrer noopener\">M\u1ea1ng l\u01b0\u1edbi th\u00f4ng tin \u0111\u1eb7c bi\u1ec7t d\u00e0nh cho ph\u1ee5 huynh: Hawai\u02bbi<\/a>&nbsp;<\/li>\n\n\n\n<li><a href=\"http:\/\/www.ldahawaii.org\/\" target=\"_blank\" rel=\"noreferrer noopener\">L\u00e3nh \u0111\u1ea1o trong l\u0129nh v\u1ef1c khuy\u1ebft t\u1eadt v\u00e0 th\u00e0nh t\u1ef1u c\u1ee7a Hawai\u02bbi<\/a>&nbsp;<\/li>\n\n\n\n<li><a href=\"http:\/\/seac-hawaii.org\/\" target=\"_blank\" rel=\"noreferrer noopener\">H\u1ed9i \u0111\u1ed3ng t\u01b0 v\u1ea5n gi\u00e1o d\u1ee5c \u0111\u1eb7c bi\u1ec7t<\/a>&nbsp;<\/li>\n\n\n\n<li><a href=\"http:\/\/www.ldonline.org\/\" target=\"_blank\" rel=\"noreferrer noopener\">LD Tr\u1ef1c tuy\u1ebfn<\/a>&nbsp;<\/li>\n\n\n\n<li><a href=\"http:\/\/www.pacer.org\/\" target=\"_blank\" rel=\"noreferrer noopener\">Trung t\u00e2m Pacer<\/a>&nbsp;<\/li>\n\n\n\n<li><a href=\"http:\/\/www.chadd.org\/\" target=\"_blank\" rel=\"noreferrer noopener\">CHADD \u2014 Tr\u1ebb em v\u00e0 ng\u01b0\u1eddi l\u1edbn m\u1eafc ch\u1ee9ng r\u1ed1i lo\u1ea1n thi\u1ebfu ch\u00fa \u00fd\/t\u0103ng \u0111\u1ed9ng<\/a>&nbsp;<\/li>\n\n\n\n<li><a href=\"https:\/\/www2.ed.gov\/about\/offices\/list\/osers\/osep\/index.html\" target=\"_blank\" rel=\"noreferrer noopener\">V\u0103n ph\u00f2ng Ch\u01b0\u01a1ng tr\u00ecnh Gi\u00e1o d\u1ee5c \u0110\u1eb7c bi\u1ec7t (OSEP)<\/a>&nbsp;<\/li>\n\n\n\n<li><a href=\"https:\/\/dyslexiaida.org\/\" target=\"_blank\" rel=\"noreferrer noopener\">Hi\u1ec7p h\u1ed9i ch\u1ee9ng kh\u00f3 \u0111\u1ecdc qu\u1ed1c t\u1ebf<\/a>&nbsp;<\/li>\n<\/ul>\n<\/div>\n<\/div>\n\n\n\n<p><\/p>","protected":false},"excerpt":{"rendered":"<p>The Community Children\u2019s Councils serve children and families \u2014 including those with disabilities and mental health needs \u2014 through collaborative partnerships. Fully supported collaborative partnerships require equal participation and shared responsibilities of families, local providers, community stakeholders and representatives. ABOUT One of the key partnerships in the development of a full array of services to [&hellip;]<\/p>","protected":false},"author":8,"featured_media":0,"parent":87,"menu_order":15,"comment_status":"closed","ping_status":"closed","template":"","meta":{"_relevanssi_hide_post":"","_relevanssi_hide_content":"","_relevanssi_pin_for_all":"","_relevanssi_pin_keywords":"","_relevanssi_unpin_keywords":"","_relevanssi_related_keywords":"","_relevanssi_related_include_ids":"","_relevanssi_related_exclude_ids":"","_relevanssi_related_no_append":"","_relevanssi_related_not_related":"","_relevanssi_related_posts":"11057,16234,10032,14020,10101,10143","_relevanssi_noindex_reason":"","_sitemap_exclude":false,"_sitemap_priority":"","_sitemap_frequency":"","_kad_blocks_custom_css":"","_kad_blocks_head_custom_js":"","_kad_blocks_body_custom_js":"","_kad_blocks_footer_custom_js":"","wp_popup_display_lightbox":0,"wp_popup_suppress":"","wp_popup_trigger":"","wp_popup_trigger_amount":0,"wp_popup_disable_on_mobile":false,"footnotes":""},"class_list":["post-101","page","type-page","status-publish","hentry"],"pp_statuses_selecting_workflow":false,"pp_workflow_action":"current","pp_status_selection":"publish","taxonomy_info":[],"featured_image_src_large":false,"author_info":{"display_name":"Ariana Enomoto","author_link":"https:\/\/hawaiipublicschools.org\/vi\/author\/arianastaceyleong-com\/"},"comment_info":0,"publishpress_future_action":{"enabled":false,"date":"2026-05-06 23:35:43","action":"change-status","newStatus":"draft","terms":[],"taxonomy":"","extraData":[]},"publishpress_future_workflow_manual_trigger":{"enabledWorkflows":[]},"_links":{"self":[{"href":"https:\/\/hawaiipublicschools.org\/vi\/wp-json\/wp\/v2\/pages\/101","targetHints":{"allow":["GET"]}}],"collection":[{"href":"https:\/\/hawaiipublicschools.org\/vi\/wp-json\/wp\/v2\/pages"}],"about":[{"href":"https:\/\/hawaiipublicschools.org\/vi\/wp-json\/wp\/v2\/types\/page"}],"author":[{"embeddable":true,"href":"https:\/\/hawaiipublicschools.org\/vi\/wp-json\/wp\/v2\/users\/8"}],"replies":[{"embeddable":true,"href":"https:\/\/hawaiipublicschools.org\/vi\/wp-json\/wp\/v2\/comments?post=101"}],"version-history":[{"count":0,"href":"https:\/\/hawaiipublicschools.org\/vi\/wp-json\/wp\/v2\/pages\/101\/revisions"}],"up":[{"embeddable":true,"href":"https:\/\/hawaiipublicschools.org\/vi\/wp-json\/wp\/v2\/pages\/87"}],"wp:attachment":[{"href":"https:\/\/hawaiipublicschools.org\/vi\/wp-json\/wp\/v2\/media?parent=101"}],"curies":[{"name":"wp","href":"https:\/\/api.w.org\/{rel}","templated":true}]}}