{"id":100,"date":"2024-09-04T23:47:15","date_gmt":"2024-09-04T23:47:15","guid":{"rendered":"https:\/\/hawaiipublicschools.org\/?page_id=100"},"modified":"2025-02-13T13:24:41","modified_gmt":"2025-02-13T23:24:41","slug":"hawai%ca%bbi-state-parent-teacher-student-association","status":"publish","type":"page","link":"https:\/\/hawaiipublicschools.org\/vi\/resources\/hawai%ca%bbi-state-parent-teacher-student-association\/","title":{"rendered":"Hi\u1ec7p h\u1ed9i ph\u1ee5 huynh gi\u00e1o vi\u00ean h\u1ecdc sinh ti\u1ec3u bang Hawai\u02bbi"},"content":{"rendered":"<p class=\"intro\">Hi\u1ec7p h\u1ed9i Ph\u1ee5 huynh Gi\u00e1o vi\u00ean H\u1ecdc sinh Ti\u1ec3u bang Hawai\u02bbi (HSPTSA) l\u00e0 m\u1ed9t nh\u00f3m v\u1eadn \u0111\u1ed9ng t\u00ecnh nguy\u1ec7n h\u1ed7 tr\u1ee3 h\u1ecdc sinh th\u00f4ng qua s\u1ef1 tham gia c\u1ee7a ph\u1ee5 huynh, gi\u00e1o vi\u00ean v\u00e0 c\u1ed9ng \u0111\u1ed3ng. Nh\u00f3m cung c\u1ea5p c\u00e1c ngu\u1ed3n l\u1ef1c, \u0111\u00e0o t\u1ea1o l\u00e3nh \u0111\u1ea1o v\u00e0 c\u01a1 h\u1ed9i tham gia c\u1ea3 trong v\u00e0 ngo\u00e0i l\u1edbp h\u1ecdc.<\/p>\n\n\n\n<h2 class=\"wp-block-heading\">V\u1ec0<\/h2>\n\n\n\n<p>S\u1ef1 th\u00e0nh c\u00f4ng v\u00e0 h\u1ed7 tr\u1ee3 c\u1ee7a t\u1ea5t c\u1ea3 h\u1ecdc sinh b\u1eaft \u0111\u1ea7u t\u1eeb nh\u00e0. Hi\u1ec7p h\u1ed9i ph\u1ee5 huynh gi\u00e1o vi\u00ean h\u1ecdc sinh ti\u1ec3u bang Hawai\u02bbi (<a href=\"http:\/\/www.hawaiistateptsa.org\/\" data-type=\"link\" data-id=\"http:\/\/www.hawaiistateptsa.org\/\" target=\"_blank\" rel=\"noreferrer noopener\">HSPTSA<\/a>) l\u00e0 m\u1ed9t t\u1ed5 ch\u1ee9c \u1ee7ng h\u1ed9 t\u00ecnh nguy\u1ec7n m\u1edf c\u1eeda cho b\u1ea5t k\u1ef3 ai trong c\u1ed9ng \u0111\u1ed3ng. T\u1ed5 ch\u1ee9c cung c\u1ea5p c\u00e1c ngu\u1ed3n l\u1ef1c b\u00ean ngo\u00e0i m\u00f4i tr\u01b0\u1eddng gi\u00e1o d\u1ee5c th\u00f4ng th\u01b0\u1eddng cho ph\u1ee5 huynh, gi\u00e1o vi\u00ean v\u00e0 h\u1ecdc sinh \u0111\u1ec3 con b\u1ea1n c\u00f3 th\u1ec3 xu\u1ea5t s\u1eafc c\u1ea3 trong v\u00e0 ngo\u00e0i l\u1edbp h\u1ecdc. Tr\u1edf th\u00e0nh m\u1ed9t ph\u1ea7n trong h\u00e0nh tr\u00ecnh gi\u00e1o d\u1ee5c c\u1ee7a con b\u1ea1n l\u00e0 m\u1ed9t c\u00e1ch tuy\u1ec7t v\u1eddi \u0111\u1ec3 l\u00e0m t\u00ecnh nguy\u1ec7n, g\u1eb7p g\u1ee1 c\u00e1c ph\u1ee5 huynh kh\u00e1c, k\u1ebft n\u1ed1i v\u1edbi nh\u1eefng g\u00ec \u0111ang di\u1ec5n ra trong tr\u01b0\u1eddng c\u1ee7a b\u1ea1n v\u00e0 h\u1ed7 tr\u1ee3 c\u1ed9ng \u0111\u1ed3ng tr\u01b0\u1eddng h\u1ecdc. H\u00e3y h\u1ecfi c\u00e1ch b\u1ea1n c\u00f3 th\u1ec3 tham gia!<\/p>\n\n\n\n<h3 class=\"wp-block-heading\">S\u1ee9 m\u1ec7nh c\u1ee7a HSPTSA<\/h3>\n\n\n\n<ul class=\"wp-block-list\">\n<li>Th\u00fac \u0111\u1ea9y ph\u00fac l\u1ee3i c\u1ee7a tr\u1ebb em v\u00e0 thanh thi\u1ebfu ni\u00ean t\u1ea1i gia \u0111\u00ecnh, tr\u01b0\u1eddng h\u1ecdc v\u00e0 c\u1ed9ng \u0111\u1ed3ng.<\/li>\n\n\n\n<li>N\u00e2ng cao ch\u1ea5t l\u01b0\u1ee3ng cu\u1ed9c s\u1ed1ng gia \u0111\u00ecnh.<\/li>\n\n\n\n<li>\u0110\u1ea3m b\u1ea3o lu\u1eadt ph\u00e1p \u0111\u1ea7y \u0111\u1ee7 cho vi\u1ec7c ch\u0103m s\u00f3c v\u00e0 b\u1ea3o v\u1ec7 tr\u1ebb em v\u00e0 thanh thi\u1ebfu ni\u00ean.<\/li>\n\n\n\n<li>X\u00e2y d\u1ef1ng m\u1ed1i quan h\u1ec7 ch\u1eb7t ch\u1ebd gi\u1eefa gia \u0111\u00ecnh v\u00e0 nh\u00e0 tr\u01b0\u1eddng \u0111\u1ec3 cha m\u1eb9 v\u00e0 gi\u00e1o vi\u00ean c\u00f3 th\u1ec3 h\u1ee3p t\u00e1c trong vi\u1ec7c gi\u00e1o d\u1ee5c thanh thi\u1ebfu ni\u00ean.<\/li>\n<\/ul>\n\n\n\n<h3 class=\"wp-block-heading\">C\u00e1c c\u00e1ch \u0111\u1ec3 l\u00e0m t\u00ecnh nguy\u1ec7n<\/h3>\n\n\n\n<ul class=\"wp-block-list\">\n<li>H\u1ed7 tr\u1ee3 HSPTSA tham gia ho\u1ea1t \u0111\u1ed9ng b\u1ea3o v\u1ec7 quy\u1ec1n l\u1ee3i tr\u1ebb em t\u1ea1i tr\u01b0\u1eddng h\u1ecdc, c\u1ed9ng \u0111\u1ed3ng, tr\u01b0\u1edbc c\u00e1c c\u01a1 quan ch\u00ednh ph\u1ee7 v\u00e0 c\u00e1c t\u1ed5 ch\u1ee9c kh\u00e1c khi \u0111\u01b0a ra quy\u1ebft \u0111\u1ecbnh \u1ea3nh h\u01b0\u1edfng \u0111\u1ebfn tr\u1ebb em.<\/li>\n\n\n\n<li>Li\u00ean h\u1ec7 v\u1edbi c\u00e1c nh\u00e0 l\u1eadp ph\u00e1p \u0111\u1ecba ph\u01b0\u01a1ng ho\u1eb7c tr\u1edf th\u00e0nh ch\u1ee7 t\u1ecbch c\u01a1 quan l\u1eadp ph\u00e1p \u0111\u1ecba ph\u01b0\u01a1ng.<\/li>\n\n\n\n<li>L\u00e0m vi\u1ec7c v\u1edbi nh\u00e0 tr\u01b0\u1eddng \u0111\u1ec3 th\u1ef1c hi\u1ec7n ch\u00ednh s\u00e1ch g\u1eafn k\u1ebft ch\u1eb7t ch\u1ebd v\u1edbi gia \u0111\u00ecnh.<\/li>\n<\/ul>\n\n\n\n<p><\/p>\n\n\n\n<p><\/p>","protected":false},"excerpt":{"rendered":"<p>The Hawai\u02bbi State Parent Teacher Student Association (HSPTSA) is a volunteer advocacy group supporting students through parent, teacher and community involvement. It provides resources, leadership training and opportunities to engage both in and out of the classroom. ABOUT Success and support of all students begin at home. The Hawai\u02bbi State Parent Teacher Student Association (HSPTSA) [&hellip;]<\/p>","protected":false},"author":8,"featured_media":0,"parent":87,"menu_order":14,"comment_status":"closed","ping_status":"closed","template":"","meta":{"_relevanssi_hide_post":"","_relevanssi_hide_content":"","_relevanssi_pin_for_all":"","_relevanssi_pin_keywords":"","_relevanssi_unpin_keywords":"","_relevanssi_related_keywords":"","_relevanssi_related_include_ids":"","_relevanssi_related_exclude_ids":"","_relevanssi_related_no_append":"","_relevanssi_related_not_related":"","_relevanssi_related_posts":"","_relevanssi_noindex_reason":"","_sitemap_exclude":false,"_sitemap_priority":"","_sitemap_frequency":"","_kad_blocks_custom_css":"","_kad_blocks_head_custom_js":"","_kad_blocks_body_custom_js":"","_kad_blocks_footer_custom_js":"","wp_popup_display_lightbox":0,"wp_popup_suppress":"","wp_popup_trigger":"","wp_popup_trigger_amount":0,"wp_popup_disable_on_mobile":false,"footnotes":""},"class_list":["post-100","page","type-page","status-publish","hentry"],"pp_statuses_selecting_workflow":false,"pp_workflow_action":"current","pp_status_selection":"publish","taxonomy_info":[],"featured_image_src_large":false,"author_info":{"display_name":"Ariana Enomoto","author_link":"https:\/\/hawaiipublicschools.org\/vi\/author\/arianastaceyleong-com\/"},"comment_info":0,"publishpress_future_action":{"enabled":false,"date":"2026-04-26 21:23:52","action":"change-status","newStatus":"draft","terms":[],"taxonomy":"","extraData":[]},"publishpress_future_workflow_manual_trigger":{"enabledWorkflows":[]},"_links":{"self":[{"href":"https:\/\/hawaiipublicschools.org\/vi\/wp-json\/wp\/v2\/pages\/100","targetHints":{"allow":["GET"]}}],"collection":[{"href":"https:\/\/hawaiipublicschools.org\/vi\/wp-json\/wp\/v2\/pages"}],"about":[{"href":"https:\/\/hawaiipublicschools.org\/vi\/wp-json\/wp\/v2\/types\/page"}],"author":[{"embeddable":true,"href":"https:\/\/hawaiipublicschools.org\/vi\/wp-json\/wp\/v2\/users\/8"}],"replies":[{"embeddable":true,"href":"https:\/\/hawaiipublicschools.org\/vi\/wp-json\/wp\/v2\/comments?post=100"}],"version-history":[{"count":0,"href":"https:\/\/hawaiipublicschools.org\/vi\/wp-json\/wp\/v2\/pages\/100\/revisions"}],"up":[{"embeddable":true,"href":"https:\/\/hawaiipublicschools.org\/vi\/wp-json\/wp\/v2\/pages\/87"}],"wp:attachment":[{"href":"https:\/\/hawaiipublicschools.org\/vi\/wp-json\/wp\/v2\/media?parent=100"}],"curies":[{"name":"wp","href":"https:\/\/api.w.org\/{rel}","templated":true}]}}