{"id":937,"date":"2025-03-27T13:50:21","date_gmt":"2025-03-27T23:50:21","guid":{"rendered":"https:\/\/hawaiipublicschools.org\/?page_id=937"},"modified":"2025-11-25T10:52:43","modified_gmt":"2025-11-25T20:52:43","slug":"keeping-our-schools-safe","status":"publish","type":"page","link":"https:\/\/hawaiipublicschools.org\/tl\/school-services\/keeping-our-schools-safe\/","title":{"rendered":"Panatilihing Ligtas ang Ating Mga Paaralan"},"content":{"rendered":"<p class=\"intro\">Sa kaganapan ng isang lokal na emerhensiya o isang hindi planadong isyu na hahadlang sa isang paaralan mula sa ligtas na pagpapatakbo, ang mga punong-guro ng paaralan ay nakikipagtulungan sa mga kumplikadong superintendente ng lugar upang gumawa ng mga desisyon tungkol sa panandaliang pagsasara ng paaralan.<\/p>\n\n\n\n<h2 class=\"wp-block-heading\">Kaligtasan, Seguridad at Paghahanda sa Emergency<\/h2>\n\n\n\n<h3 class=\"wp-block-heading\">Mga Pagsara ng Paaralan<\/h3>\n\n\n\n<p>Sa kaganapan ng mga malalaking kaganapan tulad ng isang bagyo, nakikipagtulungan kami sa aming mga kasosyo sa pamamahala ng emerhensiya ng estado at county upang gumawa ng pagpapasiya kung dapat manatiling bukas ang isang paaralan. Marami sa ating mga kampus ng paaralan ay itinalagang mga emergency shelter na isinaaktibo ng mga county sa konsultasyon sa <a href=\"http:\/\/dod.hawaii.gov\/hiema\/\" target=\"_blank\" rel=\"noreferrer noopener\">Ahensya sa Pamamahala ng Emergency ng Hawai\u02bbi<\/a> (HI-EMA). Ang mga mapagkukunan at impormasyon sa pagtugon sa emerhensiya ng County ay nasa ibaba:<\/p>\n\n\n\n<ul class=\"wp-block-list\">\n<li>Lungsod at County ng Honolulu: <a href=\"https:\/\/www.honolulu.gov\/dem\" target=\"_blank\" rel=\"noreferrer noopener\">Department of Emergency Management<\/a><\/li>\n\n\n\n<li>Hawai\u02bbi Island County: <a href=\"http:\/\/www.hawaiicounty.gov\/civil-defense\/\" target=\"_blank\" rel=\"noreferrer noopener\">Ahensya ng Pagtatanggol Sibil ng County ng Hawai\u02bbi<\/a><\/li>\n\n\n\n<li>Maui County: <a href=\"https:\/\/www.mauicounty.gov\/70\/Emergency-Management-Agency\" target=\"_blank\" rel=\"noreferrer noopener\">Ahensya ng Pamamahala ng Emergency ng Maui<\/a><\/li>\n\n\n\n<li>County ng Kaua\u02bbi: <a href=\"http:\/\/www.kauai.gov\/KEMA\" target=\"_blank\" rel=\"noreferrer noopener\">Ahensya sa Pamamahala ng Emergency ng Kaua\u02bbi<\/a><\/li>\n<\/ul>\n\n\n\n<h3 class=\"wp-block-heading\">Mga pagkawala ng kuryente<\/h3>\n\n\n\n<p>Maaaring mawalan ng kuryente sa oras ng pasukan. Bagama&#039;t maaari itong maging abala, mahigpit na susubaybayan ng mga administrador ng paaralan at pamunuan ng opisina ng estado ang mga alerto sa lokal na county. Kung mawalan ng kuryente, sa karamihan ng mga kaso, mananatiling bukas ang campus ng paaralan. Sa pangkalahatan, ang pagpapanatili ng mga mag-aaral sa campus ang pinakaligtas na pagpipilian.<\/p>\n\n\n\n<p>Kung sakaling magsara ang paaralan, direktang ipapadala ang abiso mula sa paaralan sa mga pamilya at ipo-post din sa website ng HIDOE. Pakitiyak na nasa paaralan ng iyong anak ang iyong pinaka-up-to-date na impormasyon sa pakikipag-ugnayan.<\/p>\n\n\n\n<p>Tingnan ang impormasyon tungkol sa Hawaiian Electric Co.&#039;s <a href=\"\/tl\/school-services\/public-safety-power-shutoffs\/\" data-type=\"page\" data-id=\"76\" target=\"_blank\" rel=\"noreferrer noopener\">Public Safety Power Shutoff Program<\/a>.<\/p>\n\n\n\n<h3 class=\"wp-block-heading\">Mga Pang-emergency na Drills<\/h3>\n\n\n\n<p>Ang lahat ng paaralan ay nagsasagawa ng mga sumusunod na kinakailangang pagsasanay (ito <a href=\"https:\/\/vimeo.com\/258321870\" target=\"_blank\" rel=\"noreferrer noopener\">video<\/a> nagbibigay ng pangkalahatang-ideya):<\/p>\n\n\n\n<ul class=\"wp-block-list\">\n<li>Lockdown: Nagaganap ang lockdown kung may natukoy na panloob o panlabas na banta sa paaralan. Lahat ng pinto ng paaralan ay naka-lock at ang mga estudyante ay nakakulong sa mga silid-aralan. Walang pagpasok o paglabas mula sa paaralan ang papayagan hanggang sa magawa ang isang &quot;all-clear&quot; na anunsyo.<\/li>\n\n\n\n<li>Shelter in Place: Ang mga estudyante ay sumilong sa mga itinalagang lugar upang protektahan sila mula sa mga mapanganib na materyales o masamang panahon. Walang pagpasok o paglabas mula sa paaralan ang papayagan hanggang sa magawa ang isang &quot;all-clear&quot; na anunsyo.<\/li>\n\n\n\n<li>Paglisan (kabilang ang sunog): Ang ilang mga emerhensiya ay maaaring mangailangan ng mga mag-aaral at kawani na lumikas sa paaralan. Ang mga paglikas ay isinasagawa kapag hindi na ligtas na manatili sa campus. Kung sakaling matuloy ang emerhensiya at hindi na makakabalik ang mga mag-aaral sa campus, magaganap ang mga pamamaraan ng reunification ng magulang o tagapag-alaga. Mangyaring maging pamilyar sa mga pamamaraan ng muling pagsasama-sama ng iyong paaralan.<\/li>\n\n\n\n<li>Lindol: Ang protocol ay ibagsak, takpan at hawakan hanggang sa tumigil ang pagyanig.<\/li>\n\n\n\n<li>Tsunami: Para sa mga paaralan sa mga tsunami zone, ito ay isang evacuation drill sa isang itinalagang lugar na malayo sa abot ng tsunami waves. <\/li>\n<\/ul>\n\n\n\n<figure class=\"wp-block-embed is-type-video is-provider-vimeo wp-block-embed-vimeo wp-embed-aspect-16-9 wp-has-aspect-ratio\"><div class=\"wp-block-embed__wrapper\">\n<iframe loading=\"lazy\" title=\"Kamalayan sa Tsunami\" src=\"https:\/\/player.vimeo.com\/video\/46327603?dnt=1&amp;app_id=122963\" width=\"500\" height=\"281\" frameborder=\"0\" allow=\"autoplay; fullscreen; picture-in-picture; clipboard-write; encrypted-media\"><\/iframe>\n<\/div><\/figure>\n\n\n\n<h3 class=\"wp-block-heading\">Mga Paaralan sa Tsunami-Zone<\/h3>\n\n\n\n<p>Ang mga paaralang nasa tsunami zone ay nagsasagawa ng paglikas batay sa isang lokal na nabuong tsunami. Ito ay maaaring magresulta sa isang tsunami wave na darating sa baybayin sa loob ng 10-30 minuto. Lahat ng paaralan ay nagsasanay sa paglikas sa mga tsunami zone sa loob ng 10 minuto. Inaatasan ang mga magulang na lumayo sa campus hanggang sa matapos ang emergency. Ang mga paaralang nasa loob ng tsunami-zone ay kinabibilangan ng:<\/p>\n\n\n\n<ul class=\"wp-block-list\">\n<li>O\u02bbahu: Ka\u02bba\u02bbawa Elementary, Hau\u02bbula Elementary, Sunset Beach Elementary, Hale\u02bbiwa Elementary, L\u0101\u02bbie Elementary, Waialua Elementary, Wai\u02bbanae High, Wa\u02bbianae Intermediate, N\u0101n\u0101ikapono Elementary, Iroquois Point Elementary, M\u0101\u02bbili Elementary, Ala Wai Elementary.<\/li>\n\n\n\n<li>Hawai\u02bbi: Chiefess Kapi\u02bbolani Elementary, Keaukaha Elementary, Kahakai Elementary.<\/li>\n\n\n\n<li>Kaua\u02bbi: Hanalei Elementary, Kekaha Elementary.<\/li>\n<\/ul>\n\n\n\n<h3 class=\"wp-block-heading\">Impormasyong Pang-emergency para sa Mga Pamilya<\/h3>\n\n\n\n<p>Ang mga emerhensiya ay isang mabigat na panahon, ngunit ang mga magulang at tagapag-alaga ay dapat makatiyak na ang mga kawani ng paaralan ay handa sa pamamagitan ng regular at updated na mga pagsasanay. Makakatulong ang mga magulang at tagapag-alaga sa pamamagitan ng paggawa ng mga sumusunod:<\/p>\n\n\n\n<ul class=\"wp-block-list\">\n<li>Maging handa para sa isang emergency\n<ul class=\"wp-block-list\">\n<li>Tiyaking tumpak at napapanahon ang impormasyon sa pakikipag-ugnayan sa emergency ng iyong anak.<\/li>\n\n\n\n<li>Ang lahat ng paaralan ng HIDOE ay may mga planong pang-emerhensiya. Maging pamilyar sa planong pang-emerhensiya ng iyong paaralan at mga pamamaraan ng muling pagsasama-sama ng magulang\/tagapag-alaga kung sakaling lumikas sa paaralan.<\/li>\n\n\n\n<li><a href=\"https:\/\/www.ready.gov\/kids\/make-a-plan\" target=\"_blank\" rel=\"noreferrer noopener\">Maglaan ng oras upang ihanda ang planong pang-emerhensiya ng iyong pamilya kasama ng iyong mga anak<\/a>. Ang Federal Emergency Management Agency (FEMA) ay may mahalagang mapagkukunan online.<\/li>\n<\/ul>\n<\/li>\n\n\n\n<li>Sa kaso ng isang emergency sa paaralan: Bagama&#039;t ang iyong unang reaksyon ay ang tumawag o magmadali sa paaralan ng iyong anak, mangyaring sundin ang mga tip na ito:\n<ul class=\"wp-block-list\">\n<li>Huwag tumawag o magmadali sa paaralan ng iyong anak. Ang mga linya ng telepono at kawani ay kailangan para sa mga pagsisikap sa pagtugon sa emerhensiya.<\/li>\n\n\n\n<li>Huwag tawagan ang iyong anak. Ang mga kawani at estudyante ay hindi hinihikayat na gumamit ng komunikasyon sa cell phone para sa mga kadahilanang pangkaligtasan.<\/li>\n\n\n\n<li>Tumutok sa mga lokal na istasyon ng TV\/radyo para sa mga opisyal na alerto sa balita sa paaralan.<\/li>\n\n\n\n<li>Umasa lamang sa opisyal na komunikasyon mula sa paaralan, pampublikong kaligtasan o mga opisyal ng HIDOE.<\/li>\n\n\n\n<li>Makinig para sa opisyal na impormasyon tungkol sa muling pagsasama-sama ng iyong anak. Ang mga mag-aaral ay ipapalabas lamang sa mga magulang\/tagapag-alaga na nakadokumento bilang mga pang-emergency na contact at nagpapakita ng picture ID gaya ng driver&#039;s license, military ID o passport.<\/li>\n\n\n\n<li>Tingnan ang website ng HIDOE o social media para sa mga emergency na update.<\/li>\n<\/ul>\n<\/li>\n<\/ul>\n\n\n\n<h2 class=\"wp-block-heading\">Mga brochure na pang-emerhensiya para sa mga magulang<\/h2>\n\n\n\n<div class=\"wp-block-columns is-layout-flex wp-container-core-columns-is-layout-28f84493 wp-block-columns-is-layout-flex\">\n<div class=\"wp-block-column is-layout-flow wp-block-column-is-layout-flow\">\n<ul class=\"wp-block-list\">\n<li><a href=\"\/tl\/DOE%20Forms\/Emergencies\/EmergencyInfo_ENG.pdf\/\" target=\"_blank\" rel=\"noreferrer noopener\">English (PDF)<\/a><\/li>\n\n\n\n<li><a href=\"\/tl\/DOE%20Forms\/Emergencies\/Cantonese.pdf\/\" target=\"_blank\" rel=\"noreferrer noopener\">Chinese (Cantonese) (PDF)<\/a><\/li>\n\n\n\n<li><a href=\"\/tl\/DOE%20Forms\/Emergencies\/Mandarin.pdf\/\" target=\"_blank\" rel=\"noreferrer noopener\">Chinese (Mandarin) (PDF)<\/a><\/li>\n\n\n\n<li><a href=\"\/tl\/DOE%20Forms\/Emergencies\/Chuukese.pdf\/\" target=\"_blank\" rel=\"noreferrer noopener\">Chuukese (PDF)<\/a><\/li>\n\n\n\n<li><a href=\"\/tl\/DOE%20Forms\/Emergencies\/Hawaiian.pdf\/\" target=\"_blank\" rel=\"noreferrer noopener\">Hawaiian (PDF)<\/a><\/li>\n<\/ul>\n<\/div>\n\n\n\n<div class=\"wp-block-column is-layout-flow wp-block-column-is-layout-flow\">\n<ul class=\"wp-block-list\">\n<li><a href=\"\/tl\/DOE%20Forms\/Emergencies\/Ilocano.pdf\/\" target=\"_blank\" rel=\"noreferrer noopener\">Ilocano (PDF)<\/a><\/li>\n\n\n\n<li><a href=\"\/tl\/DOE%20Forms\/Emergencies\/Japanese.pdf\/\" target=\"_blank\" rel=\"noreferrer noopener\">Japanese (PDF)<\/a><\/li>\n\n\n\n<li><a href=\"\/tl\/DOE%20Forms\/Emergencies\/Korean.pdf\/\" target=\"_blank\" rel=\"noreferrer noopener\">Korean (PDF)<\/a><\/li>\n\n\n\n<li><a href=\"\/tl\/DOE%20Forms\/Emergencies\/Marshallese.pdf\/\" target=\"_blank\" rel=\"noreferrer noopener\">Marshallese (PDF)<\/a><\/li>\n\n\n\n<li><a href=\"\/tl\/DOE%20Forms\/Emergencies\/Samoan.pdf\/\" target=\"_blank\" rel=\"noreferrer noopener\">Samoan (PDF)<\/a><\/li>\n<\/ul>\n<\/div>\n\n\n\n<div class=\"wp-block-column is-layout-flow wp-block-column-is-layout-flow\">\n<ul class=\"wp-block-list\">\n<li><a href=\"\/tl\/DOE%20Forms\/Emergencies\/Spanish.pdf\/\" target=\"_blank\" rel=\"noreferrer noopener\">Espanyol (PDF)<\/a>&#039;<\/li>\n\n\n\n<li><a href=\"\/tl\/DOE%20Forms\/Emergencies\/Tagalog.pdf\/\" target=\"_blank\" rel=\"noreferrer noopener\">Tagalog (PDF)<\/a><\/li>\n\n\n\n<li><a href=\"\/tl\/DOE%20Forms\/Emergencies\/Tongan.pdf\/\" target=\"_blank\" rel=\"noreferrer noopener\">Tongan (PDF)<\/a><\/li>\n\n\n\n<li><a href=\"\/tl\/DOE%20Forms\/Emergencies\/Vietnamese.pdf\/\" target=\"_blank\" rel=\"noreferrer noopener\">Vietnamese (PDF)<\/a><\/li>\n\n\n\n<li><a href=\"\/tl\/DOE%20Forms\/Emergencies\/Visayan.pdf\/\" target=\"_blank\" rel=\"noreferrer noopener\">Bisaya (PDF)<\/a>ang<\/li>\n<\/ul>\n<\/div>\n<\/div>\n\n\n\n<h2 class=\"wp-block-heading\">Kabanata 19<\/h2>\n\n\n\n<p>Upang mapanatiling ligtas ang ating mga paaralan, ang mga tuntunin ay itinatag na may kaugnayan sa maling pag-uugali ng mag-aaral. Ang mga panuntunang ito ay namamahala din sa mga paghahanap sa mga mag-aaral at pag-agaw ng ari-arian. Mga Panuntunang Pang-administratibo ng Hawai\u02bbi, <a href=\"https:\/\/boe.hawaii.gov\/policies\/AdminRules\/Documents\/HAR%20Chapter%208-19,%20Student%20Misconduct,%20etc%20Complaint%20Procedure%20and%20Investigation,%20eff%2011-17-2019.pdf.pdf\" target=\"_blank\" rel=\"noreferrer noopener\">Kabanata 19 (PDF)<\/a>, ay nagmula sa batas ng estado. Mahalagang suriin ng mga mag-aaral at magulang ang impormasyong ito upang malaman ang mga kahihinatnan ng a <a href=\"https:\/\/hawaiipublicschools.org\/tl\/student-programs\/anti-bullying\/#chapter19\" data-type=\"page\" data-id=\"84\">Kabanata 19 paglabag<\/a>.&nbsp;<\/p>\n\n\n\n<h2 class=\"wp-block-heading\">Kaligtasan sa loob at labas ng campus<\/h2>\n\n\n\n<p>Makikipag-ugnayan ang pulisya kapag may tunay o nakikitang panganib na kinasasangkutan ng ating mga estudyante o mga kampus. Ang mga administrator at kawani ay magpapasimula ng mga protocol sa kaligtasan kapag may nangyari sa campus, at magpapadali ng komunikasyon sa mga pamilya, grupo ng komunidad at tagapagpatupad ng batas kapag may mga insidenteng kinasasangkutan ng mga estudyante sa labas ng campus.<\/p>\n\n\n\n<p>Ang mga organisasyong nagpapatupad ng batas ng Hawai\u02bbi ay isang mahalagang bahagi ng pagpapanatiling ligtas sa mga komunidad ng paaralan. Ang outreach sa komunidad ng pulisya ay nagtuturo sa mga mag-aaral tungkol sa kaligtasan.<\/p>\n\n\n\n<p>Dapat ding makipag-usap ang mga pamilya sa kanilang mga anak tungkol sa mga pangunahing hakbang sa kaligtasan kapag nasa labas sila sa publiko at walang pinagkakatiwalaang nasa hustong gulang sa malapit:<\/p>\n\n\n\n<ul class=\"wp-block-list\">\n<li>Lumayo sa mga estranghero, huwag makipag-usap o kumuha ng anuman mula sa kanila.<\/li>\n\n\n\n<li>Huwag pumunta kahit saan kasama ang isang taong hindi mo kilala. Huwag kailanman tumanggap ng sakay mula sa isang estranghero.<\/li>\n\n\n\n<li>Kung lalapitan ka ng isang estranghero, humingi kaagad ng tulong sa isang pinagkakatiwalaang nasa hustong gulang.<\/li>\n\n\n\n<li>Gamitin ang buddy system; iwasang maglakad kahit saan mag-isa.<\/li>\n\n\n\n<li>Kung aagawin ka ng isang estranghero, gawin ang lahat upang pigilan ang estranghero. Sumigaw para sa tulong.<\/li>\n\n\n\n<li>Iulat ang anumang kahina-hinalang aktibidad sa isang pinagkakatiwalaang nasa hustong gulang.<\/li>\n\n\n\n<li>Maging alerto sa iyong paligid at ipaalam sa iba kung saan ka pupunta at kung anong oras ka babalik.<\/li>\n<\/ul>\n\n\n\n<p>Ang nakapalibot na kapitbahayan ng paaralan at komunidad ay ang aming mga kasosyo sa pagbabantay at pag-uulat ng kahina-hinalang aktibidad sa paligid ng mga kampus. Hinihikayat namin ang mga kapitbahay na mag-ulat ng kahina-hinalang aktibidad sa mga kawani ng paaralan at\/o tagapagpatupad ng batas.&nbsp;<\/p>\n\n\n\n<p>Ang komunidad ay maaaring matuto nang higit pa tungkol sa at lumahok sa mga pagsisikap na ito dito:<\/p>\n\n\n\n<ul class=\"wp-block-list\">\n<li><a href=\"http:\/\/www.honolulupd.org\/community\/index.php\" target=\"_blank\" rel=\"noreferrer noopener\">Pulisya ng Honolulu<\/a><\/li>\n\n\n\n<li><a href=\"https:\/\/www.mauicounty.gov\/440\/Services-Programs\" target=\"_blank\" rel=\"noreferrer noopener\">Maui Police<\/a><\/li>\n\n\n\n<li><a href=\"https:\/\/www.hawaiipolice.gov\" target=\"_blank\" rel=\"noreferrer noopener\">Pulisya sa Isla ng Hawai\u02bbi <\/a><\/li>\n\n\n\n<li><a href=\"http:\/\/www.kauai.gov\/Government\/Departments-Agencies\/Police-Department\/Community-Relations\" target=\"_blank\" rel=\"noreferrer noopener\">Kaua\u02bbi Police<\/a><\/li>\n<\/ul>\n\n\n\n<h2 class=\"wp-block-heading\">Mga Komite sa Kaligtasan ng Paaralan<\/h2>\n\n\n\n<p>Ang bawat paaralan ay may Komite sa Kaligtasan ng Paaralan na pinangangasiwaan sa pagkamit ng mga sumusunod na layunin:<\/p>\n\n\n\n<ul class=\"wp-block-list\">\n<li>Pagtaas ng kamalayan sa kaligtasan.<\/li>\n\n\n\n<li>Pagbuo ng sigasig para sa mga programang pangkaligtasan.<\/li>\n\n\n\n<li>Pagbawas at pag-iwas sa mga pinsala.<\/li>\n<\/ul>\n\n\n\n<p><a href=\"https:\/\/iportal.k12.hi.us\/phonedirectory\/schoollist\" target=\"_blank\" rel=\"noreferrer noopener\">Connect with your school<\/a> to learn more.<\/p>","protected":false},"excerpt":{"rendered":"<p>In the event of a local emergency or an unplanned issue that would prevent a school from safely operating, school principals work in tandem with complex area superintendents to make decisions regarding short-term school closures. Safety, Security &amp; Emergency Preparedness School Closures\u200b In the event of large-scale events such as a hurricane, we work with [&hellip;]<\/p>","protected":false},"author":8,"featured_media":0,"parent":59,"menu_order":20,"comment_status":"closed","ping_status":"closed","template":"","meta":{"_relevanssi_hide_post":"","_relevanssi_hide_content":"","_relevanssi_pin_for_all":"","_relevanssi_pin_keywords":"","_relevanssi_unpin_keywords":"","_relevanssi_related_keywords":"","_relevanssi_related_include_ids":"","_relevanssi_related_exclude_ids":"","_relevanssi_related_no_append":"","_relevanssi_related_not_related":"","_relevanssi_related_posts":"888,8795,9834,9994,15368,16933","_relevanssi_noindex_reason":"","_sitemap_exclude":false,"_sitemap_priority":"","_sitemap_frequency":"","_kad_blocks_custom_css":"","_kad_blocks_head_custom_js":"","_kad_blocks_body_custom_js":"","_kad_blocks_footer_custom_js":"","wp_popup_display_lightbox":0,"wp_popup_suppress":"","wp_popup_trigger":"","wp_popup_trigger_amount":0,"wp_popup_disable_on_mobile":false,"footnotes":""},"class_list":["post-937","page","type-page","status-publish","hentry"],"pp_statuses_selecting_workflow":false,"pp_workflow_action":"current","pp_status_selection":"publish","taxonomy_info":[],"featured_image_src_large":false,"author_info":{"display_name":"Ariana Enomoto","author_link":"https:\/\/hawaiipublicschools.org\/tl\/author\/arianastaceyleong-com\/"},"comment_info":0,"publishpress_future_action":{"enabled":false,"date":"2026-04-12 03:49:46","action":"change-status","newStatus":"draft","terms":[],"taxonomy":"","extraData":[]},"publishpress_future_workflow_manual_trigger":{"enabledWorkflows":[]},"_links":{"self":[{"href":"https:\/\/hawaiipublicschools.org\/tl\/wp-json\/wp\/v2\/pages\/937","targetHints":{"allow":["GET"]}}],"collection":[{"href":"https:\/\/hawaiipublicschools.org\/tl\/wp-json\/wp\/v2\/pages"}],"about":[{"href":"https:\/\/hawaiipublicschools.org\/tl\/wp-json\/wp\/v2\/types\/page"}],"author":[{"embeddable":true,"href":"https:\/\/hawaiipublicschools.org\/tl\/wp-json\/wp\/v2\/users\/8"}],"replies":[{"embeddable":true,"href":"https:\/\/hawaiipublicschools.org\/tl\/wp-json\/wp\/v2\/comments?post=937"}],"version-history":[{"count":0,"href":"https:\/\/hawaiipublicschools.org\/tl\/wp-json\/wp\/v2\/pages\/937\/revisions"}],"up":[{"embeddable":true,"href":"https:\/\/hawaiipublicschools.org\/tl\/wp-json\/wp\/v2\/pages\/59"}],"wp:attachment":[{"href":"https:\/\/hawaiipublicschools.org\/tl\/wp-json\/wp\/v2\/media?parent=937"}],"curies":[{"name":"wp","href":"https:\/\/api.w.org\/{rel}","templated":true}]}}