{"id":3272,"date":"2024-12-13T15:14:50","date_gmt":"2024-12-13T23:14:50","guid":{"rendered":"https:\/\/hawaiipublicschools.org\/?page_id=3272"},"modified":"2026-02-04T15:54:16","modified_gmt":"2026-02-05T01:54:16","slug":"parent-involvement-survey","status":"publish","type":"page","link":"https:\/\/hawaiipublicschools.org\/th\/school-services\/parent-rights\/parent-involvement-survey\/","title":{"rendered":"\u0e01\u0e32\u0e23\u0e2a\u0e33\u0e23\u0e27\u0e08\u0e01\u0e32\u0e23\u0e21\u0e35\u0e2a\u0e48\u0e27\u0e19\u0e23\u0e48\u0e27\u0e21\u0e02\u0e2d\u0e07\u0e1c\u0e39\u0e49\u0e1b\u0e01\u0e04\u0e23\u0e2d\u0e07"},"content":{"rendered":"<p class=\"intro\">\u0e41\u0e1c\u0e19\u0e01\u0e02\u0e2d\u0e40\u0e0a\u0e34\u0e0d\u0e0a\u0e27\u0e19\u0e1c\u0e39\u0e49\u0e1b\u0e01\u0e04\u0e23\u0e2d\u0e07\u0e17\u0e35\u0e48\u0e21\u0e35\u0e1a\u0e38\u0e15\u0e23\u0e17\u0e35\u0e48\u0e2d\u0e22\u0e39\u0e48\u0e43\u0e19\u0e41\u0e1c\u0e19\u0e01\u0e32\u0e23\u0e28\u0e36\u0e01\u0e29\u0e32\u0e23\u0e32\u0e22\u0e1a\u0e38\u0e04\u0e04\u0e25 (IEP) \u0e43\u0e2b\u0e49\u0e40\u0e02\u0e49\u0e32\u0e23\u0e48\u0e27\u0e21\u0e01\u0e32\u0e23\u0e2a\u0e33\u0e23\u0e27\u0e08\u0e2a\u0e31\u0e49\u0e19\u0e46 \u0e40\u0e1e\u0e37\u0e48\u0e2d\u0e14\u0e39\u0e27\u0e48\u0e32\u0e42\u0e23\u0e07\u0e40\u0e23\u0e35\u0e22\u0e19\u0e02\u0e2d\u0e07\u0e1a\u0e38\u0e15\u0e23\u0e02\u0e2d\u0e07\u0e04\u0e38\u0e13\u0e23\u0e48\u0e27\u0e21\u0e21\u0e37\u0e2d\u0e01\u0e31\u0e1a\u0e04\u0e38\u0e13\u0e41\u0e25\u0e30\u0e2a\u0e48\u0e07\u0e40\u0e2a\u0e23\u0e34\u0e21\u0e01\u0e32\u0e23\u0e21\u0e35\u0e2a\u0e48\u0e27\u0e19\u0e23\u0e48\u0e27\u0e21\u0e43\u0e19\u0e01\u0e32\u0e23\u0e28\u0e36\u0e01\u0e29\u0e32\u0e02\u0e2d\u0e07\u0e1a\u0e38\u0e15\u0e23\u0e02\u0e2d\u0e07\u0e04\u0e38\u0e13\u0e14\u0e35\u0e41\u0e04\u0e48\u0e44\u0e2b\u0e19<\/p>\n\n\n\n<p>The survey information is used to improve parental involvement in the special education process and to increase outcomes for children with disabilities. <\/p>\n\n\n\n<h2 class=\"wp-block-heading\">\u0e40\u0e01\u0e35\u0e48\u0e22\u0e27\u0e01\u0e31\u0e1a\u0e41\u0e1a\u0e1a\u0e2a\u0e33\u0e23\u0e27\u0e08<\/h2>\n\n\n\n<ul class=\"wp-block-list\">\n<li>The survey has 11 easy-to-understand questions and takes less than 10 minutes.<\/li>\n\n\n\n<li>Parents should complete one survey for each child receiving special education services.<\/li>\n\n\n\n<li>All responses are anonymous and not linked to you or your child.<\/li>\n\n\n\n<li>Schools provide the survey after each initial or annual IEP meeting.<\/li>\n\n\n\n<li>A third party processes all responses to ensure objectivity.<\/li>\n\n\n\n<li>The survey is available from&nbsp;<strong>July 1, 2025&nbsp;to June 30, 2026<\/strong>.<\/li>\n<\/ul>\n\n\n\n<h3 class=\"wp-block-heading\">\u0e41\u0e1a\u0e1a\u0e2a\u0e33\u0e23\u0e27\u0e08\u0e2d\u0e2d\u0e19\u0e44\u0e25\u0e19\u0e4c<\/h3>\n\n\n\n<div class=\"wp-block-buttons is-layout-flex wp-block-buttons-is-layout-flex\" style=\"margin-bottom:var(--wp--preset--spacing--10)\">\n<div class=\"wp-block-button has-custom-font-size ghost positive custom_button border_bx-pos is-style-outline is-style-outline--1\" style=\"font-size:0.8rem\"><a rel=\"noreferrer noopener\" target=\"_blank\" href=\"http:\/\/www.hiparentsurvey.com\" class=\"wp-block-button__link has-text-color has-link-color has-border-color has-contrast-border-color wp-element-button\" style=\"border-width:2px;color:#010101;padding-top:12px;padding-right:20px;padding-bottom:12px;padding-left:20px\">Take the online survey, in english, at http:\/\/www.hiparentsurvey.com.<\/a><\/div>\n<\/div>\n\n\n\n<p>The online Parent Involvement Survey is also available in the following languages:&nbsp;<\/p>\n\n\n\n<ul class=\"wp-block-list\">\n<li>Hawaiian: Ke makemake \u2018oe e ho\u2018opihapiha ma ka \u2018\u014dlelo Hawai\u2018i, e kaomi ma&nbsp;<a href=\"https:\/\/www.hiparentsurvey.com\/hawaii\/altloginHi.php\" target=\"_blank\" rel=\"noreferrer noopener\">\u2018ane\u2018i<\/a>.<\/li>\n\n\n\n<li>Tagalog: Kung mas gusto mong kumpletuhin ang survey sa Tagalog, mangyaring mag-&nbsp;<a href=\"https:\/\/www.hiparentsurvey.com\/hawaii\/altloginTl.php\" target=\"_blank\" rel=\"noreferrer noopener\">click ditoe<\/a>.<\/li>\n\n\n\n<li>Marshallese: \u00d1e kw\u014dk\u014dnaan kadedelok waanjo\u00f1ok eo ilo Kajin Majol, jouj im&nbsp;<a href=\"https:\/\/www.hiparentsurvey.com\/hawaii\/altloginMh.php\" target=\"_blank\" rel=\"noreferrer noopener\">jibed ijin<\/a>.<\/li>\n\n\n\n<li>Spanish: Si prefiere completar la encuesta en espa\u00f1ol, haga&nbsp;<a href=\"https:\/\/www.hiparentsurvey.com\/hawaii\/altloginEsp.php\" target=\"_blank\" rel=\"noreferrer noopener\">clic aqu\u00ed<\/a>.<\/li>\n<\/ul>\n\n\n\n<h3 class=\"wp-block-heading\">Handout with Instructions<\/h3>\n\n\n\n<div class=\"wp-block-columns is-layout-flex wp-container-core-columns-is-layout-28f84493 wp-block-columns-is-layout-flex\">\n<div class=\"wp-block-column is-layout-flow wp-block-column-is-layout-flow\">\n<ul class=\"wp-block-list\">\n<li><a href=\"\/wp-content\/uploads\/Parent-Involvement-Survey-Handout-Cantonese.pdf\" target=\"_blank\" rel=\"noreferrer noopener\">\u0e20\u0e32\u0e29\u0e32\u0e08\u0e35\u0e19 (\u0e01\u0e27\u0e32\u0e07\u0e15\u0e38\u0e49\u0e07) (PDF)<\/a><\/li>\n\n\n\n<li><a href=\"\/wp-content\/uploads\/Parent-Involvement-Survey-Handout-Mandarin.pdf\" target=\"_blank\" rel=\"noreferrer noopener\">\u0e20\u0e32\u0e29\u0e32\u0e08\u0e35\u0e19 (\u0e41\u0e21\u0e19\u0e14\u0e32\u0e23\u0e34\u0e19) (PDF)<\/a><\/li>\n\n\n\n<li><a href=\"\/wp-content\/uploads\/Parent-Involvement-Survey-Handout-Chuukese.pdf\" target=\"_blank\" rel=\"noreferrer noopener\">\u0e20\u0e32\u0e29\u0e32\u0e0a\u0e39\u0e01 (PDF)<\/a><\/li>\n\n\n\n<li><a href=\"\/wp-content\/uploads\/Parent-Involvement-Survey-Handout-English.pdf\" target=\"_blank\" rel=\"noreferrer noopener\">\u0e20\u0e32\u0e29\u0e32\u0e2d\u0e31\u0e07\u0e01\u0e24\u0e29 (PDF)<\/a><\/li>\n\n\n\n<li><a href=\"\/wp-content\/uploads\/Parent-Involvement-Survey-Handout-Hawaiian.pdf\" target=\"_blank\" rel=\"noreferrer noopener\">\u0e20\u0e32\u0e29\u0e32\u0e2e\u0e32\u0e27\u0e32\u0e22 (PDF)<\/a><\/li>\n\n\n\n<li><a href=\"\/wp-content\/uploads\/Parent-Involvement-Survey-Handout-Ilocano.pdf\" target=\"_blank\" rel=\"noreferrer noopener\">\u0e2d\u0e35\u0e42\u0e25\u0e04\u0e32\u0e42\u0e19 (PDF)<\/a><\/li>\n<\/ul>\n<\/div>\n\n\n\n<div class=\"wp-block-column is-layout-flow wp-block-column-is-layout-flow\">\n<ul class=\"wp-block-list\">\n<li><a href=\"\/wp-content\/uploads\/Parent-Involvement-Survey-Handout-Japanese.pdf\" target=\"_blank\" rel=\"noreferrer noopener\">\u0e20\u0e32\u0e29\u0e32\u0e0d\u0e35\u0e48\u0e1b\u0e38\u0e48\u0e19 (PDF)<\/a><\/li>\n\n\n\n<li><a href=\"\/wp-content\/uploads\/Parent-Involvement-Survey-Handout-Korean.pdf\" target=\"_blank\" rel=\"noreferrer noopener\">\u0e20\u0e32\u0e29\u0e32\u0e40\u0e01\u0e32\u0e2b\u0e25\u0e35 (PDF)<\/a><\/li>\n\n\n\n<li><a href=\"\/wp-content\/uploads\/Parent-Involvement-Survey-Handout-Marshallese.pdf\" target=\"_blank\" rel=\"noreferrer noopener\">\u0e20\u0e32\u0e29\u0e32\u0e21\u0e32\u0e23\u0e4c\u0e41\u0e0a\u0e25\u0e25\u0e4c (PDF)<\/a><\/li>\n\n\n\n<li><a href=\"\/wp-content\/uploads\/Parent-Involvement-Survey-Handout-Portuguese.pdf\" target=\"_blank\" rel=\"noreferrer noopener\">\u0e20\u0e32\u0e29\u0e32\u0e42\u0e1b\u0e23\u0e15\u0e38\u0e40\u0e01\u0e2a (PDF)<\/a><\/li>\n\n\n\n<li><a href=\"\/wp-content\/uploads\/Parent-Involvement-Survey-Handout-Samoan.pdf\" target=\"_blank\" rel=\"noreferrer noopener\">\u0e20\u0e32\u0e29\u0e32\u0e0b\u0e32\u0e21\u0e31\u0e27 (PDF)<\/a><\/li>\n<\/ul>\n<\/div>\n\n\n\n<div class=\"wp-block-column is-layout-flow wp-block-column-is-layout-flow\">\n<ul class=\"wp-block-list\">\n<li><a href=\"\/wp-content\/uploads\/Parent-Involvement-Survey-Handout-Spanish.pdf\" target=\"_blank\" rel=\"noreferrer noopener\">\u0e20\u0e32\u0e29\u0e32\u0e2a\u0e40\u0e1b\u0e19 (PDF)<\/a><\/li>\n\n\n\n<li><a href=\"\/wp-content\/uploads\/Parent-Involvement-Survey-Handout-Tagalog.pdf\" target=\"_blank\" rel=\"noreferrer noopener\">\u0e20\u0e32\u0e29\u0e32\u0e15\u0e32\u0e01\u0e32\u0e25\u0e47\u0e2d\u0e01 (PDF)<\/a><\/li>\n\n\n\n<li><a href=\"\/wp-content\/uploads\/Parent-Involvement-Survey-Handout-Thai.pdf\" target=\"_blank\" rel=\"noreferrer noopener\">\u0e20\u0e32\u0e29\u0e32\u0e44\u0e17\u0e22 (PDF)<\/a><\/li>\n\n\n\n<li><a href=\"\/wp-content\/uploads\/Parent-Involvement-Survey-Handout-Tongan.pdf\" target=\"_blank\" rel=\"noreferrer noopener\">\u0e15\u0e2d\u0e07\u0e01\u0e32 (PDF)<\/a><\/li>\n\n\n\n<li><a href=\"\/wp-content\/uploads\/Parent-Involvement-Survey-Handout-Vietnamese.pdf\" target=\"_blank\" rel=\"noreferrer noopener\">\u0e20\u0e32\u0e29\u0e32\u0e40\u0e27\u0e35\u0e22\u0e14\u0e19\u0e32\u0e21\u200b (PDF)<\/a><\/li>\n<\/ul>\n<\/div>\n<\/div>\n\n\n\n<h3 class=\"wp-block-heading\">\u0e41\u0e1a\u0e1a\u0e2a\u0e33\u0e23\u0e27\u0e08\u0e17\u0e35\u0e48\u0e1e\u0e34\u0e21\u0e1e\u0e4c\u0e2d\u0e2d\u0e01\u0e21\u0e32<\/h3>\n\n\n\n<p>Printed survey samples are available in various languages to reference when completing the English survey version. Please contact your child&#8217;s school for an English survey with an accompanying postage-paid envelope.<\/p>\n\n\n\n<div class=\"wp-block-columns is-layout-flex wp-container-core-columns-is-layout-28f84493 wp-block-columns-is-layout-flex\">\n<div class=\"wp-block-column is-layout-flow wp-block-column-is-layout-flow\">\n<ul class=\"wp-block-list\">\n<li>\u200b<a href=\"\/wp-content\/uploads\/ParentInvolvementSurveySample-Cantonese.pdf\" target=\"_blank\" rel=\"noreferrer noopener\">\u0e20\u0e32\u0e29\u0e32\u0e08\u0e35\u0e19 (\u0e01\u0e27\u0e32\u0e07\u0e15\u0e38\u0e49\u0e07) (PDF)<\/a><\/li>\n\n\n\n<li><a href=\"\/wp-content\/uploads\/ParentInvolvementSurveySample-Mandarin.pdf\" target=\"_blank\" rel=\"noreferrer noopener\">\u0e20\u0e32\u0e29\u0e32\u0e08\u0e35\u0e19 (\u0e41\u0e21\u0e19\u0e14\u0e32\u0e23\u0e34\u0e19) (PDF)<\/a><\/li>\n\n\n\n<li><a href=\"\/wp-content\/uploads\/ParentInvolvementSurveySample-Chuukese.pdf\" target=\"_blank\" rel=\"noreferrer noopener\">\u0e20\u0e32\u0e29\u0e32\u0e0a\u0e39\u0e01 (PDF)<\/a><\/li>\n\n\n\n<li><a href=\"\/wp-content\/uploads\/English-Parent-Involvement-Survey-Sample-SY-2025-2026.pdf\" target=\"_blank\" rel=\"noreferrer noopener\">\u0e20\u0e32\u0e29\u0e32\u0e2d\u0e31\u0e07\u0e01\u0e24\u0e29 (PDF)<\/a><\/li>\n\n\n\n<li><a href=\"\/wp-content\/uploads\/ParentInvolvementSurveySample-Hawaiian.pdf\" target=\"_blank\" rel=\"noreferrer noopener\">\u0e20\u0e32\u0e29\u0e32\u0e2e\u0e32\u0e27\u0e32\u0e22 (PDF)<\/a><\/li>\n\n\n\n<li><a href=\"\/wp-content\/uploads\/ParentInvolvementSurveySample-Ilocano.pdf\" target=\"_blank\" rel=\"noreferrer noopener\">\u0e2d\u0e35\u0e42\u0e25\u0e04\u0e32\u0e42\u0e19 (PDF)<\/a><\/li>\n<\/ul>\n<\/div>\n\n\n\n<div class=\"wp-block-column is-layout-flow wp-block-column-is-layout-flow\">\n<ul class=\"wp-block-list\">\n<li><a href=\"\/wp-content\/uploads\/ParentInvolvementSurveySample-Japanese.pdf\" target=\"_blank\" rel=\"noreferrer noopener\">\u0e20\u0e32\u0e29\u0e32\u0e0d\u0e35\u0e48\u0e1b\u0e38\u0e48\u0e19 (PDF)<\/a><\/li>\n\n\n\n<li><a href=\"\/wp-content\/uploads\/ParentInvolvementSurveySample-Korean.pdf\" target=\"_blank\" rel=\"noreferrer noopener\">\u0e20\u0e32\u0e29\u0e32\u0e40\u0e01\u0e32\u0e2b\u0e25\u0e35 (PDF)<\/a><\/li>\n\n\n\n<li><a href=\"\/wp-content\/uploads\/ParentInvolvementSurveySample-Marshallese.pdf\" target=\"_blank\" rel=\"noreferrer noopener\">\u0e20\u0e32\u0e29\u0e32\u0e21\u0e32\u0e23\u0e4c\u0e41\u0e0a\u0e25\u0e25\u0e4c (PDF)<\/a><\/li>\n\n\n\n<li>\u200b<a href=\"\/wp-content\/uploads\/ParentInvolvementSurveySample-Portuguese.pdf\" target=\"_blank\" rel=\"noreferrer noopener\">\u0e20\u0e32\u0e29\u0e32\u0e42\u0e1b\u0e23\u0e15\u0e38\u0e40\u0e01\u0e2a (PDF)<\/a><\/li>\n\n\n\n<li><a href=\"\/wp-content\/uploads\/ParentInvolvementSurveySample-Samoan.pdf\" target=\"_blank\" rel=\"noreferrer noopener\">\u0e20\u0e32\u0e29\u0e32\u0e0b\u0e32\u0e21\u0e31\u0e27 (PDF)<\/a><\/li>\n<\/ul>\n<\/div>\n\n\n\n<div class=\"wp-block-column is-layout-flow wp-block-column-is-layout-flow\">\n<ul class=\"wp-block-list\">\n<li><a href=\"\/wp-content\/uploads\/ParentInvolvementSurveySample-Spanish.pdf\" target=\"_blank\" rel=\"noreferrer noopener\">\u0e20\u0e32\u0e29\u0e32\u0e2a\u0e40\u0e1b\u0e19 (PDF)<\/a><\/li>\n\n\n\n<li><a href=\"\/wp-content\/uploads\/ParentInvolvementSurveySample-Tagalog.pdf\" target=\"_blank\" rel=\"noreferrer noopener\">\u0e20\u0e32\u0e29\u0e32\u0e15\u0e32\u0e01\u0e32\u0e25\u0e47\u0e2d\u0e01 (PDF)<\/a><\/li>\n\n\n\n<li><a href=\"\/wp-content\/uploads\/ParentInvolvementSurveySample-Thai.pdf\" target=\"_blank\" rel=\"noreferrer noopener\">\u0e20\u0e32\u0e29\u0e32\u0e44\u0e17\u0e22 (PDF)<\/a><\/li>\n\n\n\n<li><a href=\"\/wp-content\/uploads\/ParentInvolvementSurveySample-Tongan.pdf\" target=\"_blank\" rel=\"noreferrer noopener\">\u0e15\u0e2d\u0e07\u0e01\u0e32 (PDF)<\/a><\/li>\n\n\n\n<li><a href=\"\/wp-content\/uploads\/ParentInvolvementSurveySample-Vietnamese.pdf\" target=\"_blank\" rel=\"noreferrer noopener\">\u0e20\u0e32\u0e29\u0e32\u0e40\u0e27\u0e35\u0e22\u0e14\u0e19\u0e32\u0e21 (PDF)<\/a><\/li>\n<\/ul>\n<\/div>\n<\/div>\n\n\n\n<p><\/p>\n\n\n\n<p><\/p>","protected":false},"excerpt":{"rendered":"<p>\u0e01\u0e23\u0e21\u0e2f \u0e02\u0e2d\u0e40\u0e0a\u0e34\u0e0d\u0e1c\u0e39\u0e49\u0e1b\u0e01\u0e04\u0e23\u0e2d\u0e07\u0e17\u0e35\u0e48\u0e21\u0e35\u0e1a\u0e38\u0e15\u0e23\u0e17\u0e35\u0e48\u0e2d\u0e22\u0e39\u0e48\u0e43\u0e19\u0e42\u0e04\u0e23\u0e07\u0e01\u0e32\u0e23\u0e01\u0e32\u0e23\u0e28\u0e36\u0e01\u0e29\u0e32\u0e40\u0e09\u0e1e\u0e32\u0e30\u0e1a\u0e38\u0e04\u0e04\u0e25 (IEP) \u0e40\u0e02\u0e49\u0e32\u0e23\u0e48\u0e27\u0e21\u0e01\u0e32\u0e23\u0e2a\u0e33\u0e23\u0e27\u0e08\u0e2a\u0e31\u0e49\u0e19\u0e46 \u0e40\u0e1e\u0e37\u0e48\u0e2d\u0e14\u0e39\u0e27\u0e48\u0e32\u0e42\u0e23\u0e07\u0e40\u0e23\u0e35\u0e22\u0e19\u0e02\u0e2d\u0e07\u0e1a\u0e38\u0e15\u0e23\u0e2b\u0e25\u0e32\u0e19\u0e02\u0e2d\u0e07\u0e04\u0e38\u0e13\u0e23\u0e48\u0e27\u0e21\u0e21\u0e37\u0e2d\u0e01\u0e31\u0e1a\u0e04\u0e38\u0e13\u0e41\u0e25\u0e30\u0e2a\u0e48\u0e07\u0e40\u0e2a\u0e23\u0e34\u0e21\u0e01\u0e32\u0e23\u0e21\u0e35\u0e2a\u0e48\u0e27\u0e19\u0e23\u0e48\u0e27\u0e21\u0e43\u0e19\u0e01\u0e32\u0e23\u0e28\u0e36\u0e01\u0e29\u0e32\u0e02\u0e2d\u0e07\u0e1a\u0e38\u0e15\u0e23\u0e2b\u0e25\u0e32\u0e19\u0e02\u0e2d\u0e07\u0e04\u0e38\u0e13\u0e44\u0e14\u0e49\u0e14\u0e35\u0e40\u0e1e\u0e35\u0e22\u0e07\u0e43\u0e14 \u0e02\u0e49\u0e2d\u0e21\u0e39\u0e25\u0e01\u0e32\u0e23\u0e2a\u0e33\u0e23\u0e27\u0e08\u0e08\u0e30\u0e43\u0e0a\u0e49\u0e40\u0e1e\u0e37\u0e48\u0e2d\u0e1b\u0e23\u0e31\u0e1a\u0e1b\u0e23\u0e38\u0e07\u0e01\u0e32\u0e23\u0e21\u0e35\u0e2a\u0e48\u0e27\u0e19\u0e23\u0e48\u0e27\u0e21\u0e02\u0e2d\u0e07\u0e1c\u0e39\u0e49\u0e1b\u0e01\u0e04\u0e23\u0e2d\u0e07\u0e43\u0e19\u0e01\u0e23\u0e30\u0e1a\u0e27\u0e19\u0e01\u0e32\u0e23\u0e28\u0e36\u0e01\u0e29\u0e32\u0e1e\u0e34\u0e40\u0e28\u0e29\u0e41\u0e25\u0e30\u0e40\u0e1e\u0e34\u0e48\u0e21 [\u2026]<\/p>","protected":false},"author":8,"featured_media":0,"parent":49,"menu_order":2,"comment_status":"closed","ping_status":"closed","template":"","meta":{"_relevanssi_hide_post":"","_relevanssi_hide_content":"","_relevanssi_pin_for_all":"","_relevanssi_pin_keywords":"","_relevanssi_unpin_keywords":"","_relevanssi_related_keywords":"","_relevanssi_related_include_ids":"","_relevanssi_related_exclude_ids":"","_relevanssi_related_no_append":"","_relevanssi_related_not_related":"","_relevanssi_related_posts":"15997,8795,1623,1627,1634,11248","_relevanssi_noindex_reason":"","_sitemap_exclude":false,"_sitemap_priority":"","_sitemap_frequency":"","_kad_blocks_custom_css":"","_kad_blocks_head_custom_js":"","_kad_blocks_body_custom_js":"","_kad_blocks_footer_custom_js":"","wp_popup_display_lightbox":0,"wp_popup_suppress":"","wp_popup_trigger":"","wp_popup_trigger_amount":0,"wp_popup_disable_on_mobile":false,"footnotes":""},"class_list":["post-3272","page","type-page","status-publish","hentry"],"pp_statuses_selecting_workflow":false,"pp_workflow_action":"current","pp_status_selection":"publish","taxonomy_info":[],"featured_image_src_large":false,"author_info":{"display_name":"Ariana Enomoto","author_link":"https:\/\/hawaiipublicschools.org\/th\/author\/arianastaceyleong-com\/"},"comment_info":0,"publishpress_future_action":{"enabled":false,"date":"2026-04-15 18:06:24","action":"change-status","newStatus":"draft","terms":[],"taxonomy":"","extraData":[]},"publishpress_future_workflow_manual_trigger":{"enabledWorkflows":[]},"_links":{"self":[{"href":"https:\/\/hawaiipublicschools.org\/th\/wp-json\/wp\/v2\/pages\/3272","targetHints":{"allow":["GET"]}}],"collection":[{"href":"https:\/\/hawaiipublicschools.org\/th\/wp-json\/wp\/v2\/pages"}],"about":[{"href":"https:\/\/hawaiipublicschools.org\/th\/wp-json\/wp\/v2\/types\/page"}],"author":[{"embeddable":true,"href":"https:\/\/hawaiipublicschools.org\/th\/wp-json\/wp\/v2\/users\/8"}],"replies":[{"embeddable":true,"href":"https:\/\/hawaiipublicschools.org\/th\/wp-json\/wp\/v2\/comments?post=3272"}],"version-history":[{"count":0,"href":"https:\/\/hawaiipublicschools.org\/th\/wp-json\/wp\/v2\/pages\/3272\/revisions"}],"up":[{"embeddable":true,"href":"https:\/\/hawaiipublicschools.org\/th\/wp-json\/wp\/v2\/pages\/49"}],"wp:attachment":[{"href":"https:\/\/hawaiipublicschools.org\/th\/wp-json\/wp\/v2\/media?parent=3272"}],"curies":[{"name":"wp","href":"https:\/\/api.w.org\/{rel}","templated":true}]}}