{"id":96,"date":"2024-09-04T23:44:17","date_gmt":"2024-09-04T23:44:17","guid":{"rendered":"https:\/\/hawaiipublicschools.org\/?page_id=96"},"modified":"2026-03-12T10:23:49","modified_gmt":"2026-03-12T20:23:49","slug":"licensed-private-trade-vocational-and-technical-schools","status":"publish","type":"page","link":"https:\/\/hawaiipublicschools.org\/sm\/resources\/licensed-private-trade-vocational-and-technical-schools\/","title":{"rendered":"Laisene Pisinisi Tumaoti, A&#039;oga Matata Eseese ma Fa&#039;ainisinia"},"content":{"rendered":"<p class=\"intro\" style=\"font-size:clamp(0.875rem, 0.875rem + ((1vw - 0.2rem) * 0.531), 1.3rem);\">Ole lisi lea o a&#039;oga ua laiseneina nei ile Matagaluega o A&#039;oga a le Setete o Hawai&#039;i (HIDOE). Afai o oe e ana se aoga tumaoti ma e te mana&#039;o e laiseneina e le HIDOE, fa&#039;amolemole imeli <a href=\"mailto:ptvt@k12.hi.us\">ptvt@k12.hi.us <\/a>or call 808-784-6498.<\/p>\n\n\n\n<h2 class=\"wp-block-heading\">Schools by trade (2025-2027)<\/h2>\n\n\n\n<h3 class=\"wp-block-heading\">Acupuncture<\/h3>\n\n\n\n<div class=\"wp-block-columns is-layout-flex wp-container-core-columns-is-layout-28f84493 wp-block-columns-is-layout-flex\">\n<div class=\"wp-block-column is-layout-flow wp-block-column-is-layout-flow\">\n<p><strong>Quantum School of Massage and Holistic Health<\/strong><br>Iunivesite Plaza<br>931 Iunivesite Ave., #202<br>Honolulu, HI 96826<br>Ph: 808-373-0603<br><a href=\"mailto:QSMHH.school@gmail.com\" target=\"_blank\" rel=\"noreferrer noopener\">imeli<\/a><br>Upega tafa&#039;ilagi: <a href=\"http:\/\/www.qsmhh.school\/\" target=\"_blank\" rel=\"noreferrer noopener\">www.QSMHH.A&#039;oga<\/a><br>Numera Laisene: 2325-1034<br>Pule aoga: Steve McLaughlin<br>Fefa&#039;ataua&#039;iga\/Vocations e aofia ai: <em>Massage Therapy Tipiloma, Holistic Health Practitioner, Nutritional Healing Consultant, Fa&#039;ailoga Fa&#039;amalologa Leo Massage<\/em><\/p>\n<\/div>\n\n\n\n<div class=\"wp-block-column is-layout-flow wp-block-column-is-layout-flow\">\n<p><\/p>\n<\/div>\n\n\n\n<div class=\"wp-block-column is-layout-flow wp-block-column-is-layout-flow\">\n<p><\/p>\n<\/div>\n<\/div>\n\n\n\n<hr class=\"wp-block-separator has-alpha-channel-opacity is-style-wide\" style=\"margin-top:var(--wp--preset--spacing--30);margin-bottom:var(--wp--preset--spacing--30)\"\/>\n\n\n\n<h3 class=\"wp-block-heading\">Faiga Fa&#039;aulu<\/h3>\n\n\n\n<h4 class=\"wp-block-heading\">O\u02bbahu<\/h4>\n\n\n\n<div class=\"wp-block-columns is-layout-flex wp-container-core-columns-is-layout-28f84493 wp-block-columns-is-layout-flex\">\n<div class=\"wp-block-column is-layout-flow wp-block-column-is-layout-flow\">\n<p><strong>Hawai\u02bbi Institute of Hair Design&nbsp;<\/strong><br>1128 Nuuanu Ave., Ste. 102<br>Honolulu, HI 96817<br>Ph: 808-533-6596<br>Fax: 808-523-8086<br><a href=\"mailto:hihd@cchono.com\" target=\"_blank\" rel=\"noreferrer noopener\">imeli<\/a><br>Upega tafa&#039;ilagi: <a href=\"http:\/\/www.hihdhawaii.com\/\" target=\"_blank\" rel=\"noreferrer noopener\">www.hihdhawaii.com<\/a><br>Numera Laisene: 2325-1031<br>Puleaoga: Margaret Williams<\/p>\n<\/div>\n\n\n\n<div class=\"wp-block-column is-layout-flow wp-block-column-is-layout-flow\">\n<p><\/p>\n<\/div>\n\n\n\n<div class=\"wp-block-column is-layout-flow wp-block-column-is-layout-flow\"><\/div>\n<\/div>\n\n\n\n<hr class=\"wp-block-separator has-alpha-channel-opacity is-style-wide\" style=\"margin-top:var(--wp--preset--spacing--30);margin-bottom:var(--wp--preset--spacing--30)\"\/>\n\n\n\n<h3 class=\"wp-block-heading\">Computer Training<\/h3>\n\n\n\n<div class=\"wp-block-columns is-layout-flex wp-container-core-columns-is-layout-28f84493 wp-block-columns-is-layout-flex\">\n<div class=\"wp-block-column is-layout-flow wp-block-column-is-layout-flow\">\n<p><strong>A&#039;oa&#039;oga Fa&#039;akomepiuta Fa&#039;aaog\u0101<\/strong><br>98-030 Hekaha St., Ste. 29<br>Aiea, HI 96701<br>Ph: 808-486-7330<br>Fax: 808-486-2053<br><a href=\"mailto:chad@actthawaii.com\" target=\"_blank\" rel=\"noreferrer noopener\">imeli<\/a><br>Upega tafa&#039;ilagi: <a href=\"http:\/\/www.actthawaii.com\/\" target=\"_blank\" rel=\"noreferrer noopener\">www.actthawaii.com<\/a><br>Numera Laisene: 2325-1027<br>Pule Aoga: Chad Kobashigawa<\/p>\n<\/div>\n<\/div>\n\n\n\n<hr class=\"wp-block-separator has-alpha-channel-opacity is-style-wide\" style=\"margin-top:var(--wp--preset--spacing--30);margin-bottom:var(--wp--preset--spacing--30)\"\/>\n\n\n\n<h3 class=\"wp-block-heading\">Healthcare<\/h3>\n\n\n\n<div class=\"wp-block-columns is-layout-flex wp-container-core-columns-is-layout-28f84493 wp-block-columns-is-layout-flex\">\n<div class=\"wp-block-column is-layout-flow wp-block-column-is-layout-flow\">\n<p><strong>Academy for Healthcare Innovation<\/strong><br>55 Merchant Street, 25th Floor<br>Honolulu, HI 96813<br>Phone: 808-458-1437<br>imeli:&nbsp;<a href=\"mailto:info@ahihawaii.org\" target=\"_blank\" rel=\"noreferrer noopener\">info@ahihawaii.org<\/a><br>Upega tafa&#039;ilagi:&nbsp;<a href=\"https:\/\/ahihawaii.org\/\" target=\"_blank\" rel=\"noreferrer noopener\">https:\/\/ahihawaii.org<\/a>\/<br>License Number: 2527-1039<br>Principal: Bridget Lai<\/p>\n<\/div>\n<\/div>\n\n\n\n<hr class=\"wp-block-separator has-alpha-channel-opacity is-style-wide\" style=\"margin-top:var(--wp--preset--spacing--30);margin-bottom:var(--wp--preset--spacing--30)\"\/>\n\n\n\n<h3 class=\"wp-block-heading\">Faatonuga pailate Helikopa<\/h3>\n\n\n\n<div class=\"wp-block-columns is-layout-flex wp-container-core-columns-is-layout-28f84493 wp-block-columns-is-layout-flex\">\n<div class=\"wp-block-column is-layout-flow wp-block-column-is-layout-flow\">\n<p><strong>Hawaii Pacific Aviation, Inc.<\/strong><br>73-310 U&#039;u St.,<br>Kailua-Kona, HI 96819<br>Ph: 808-334-0234<br>Fax: 808-334-0191<br><a href=\"mailto:ben@maunaloahelicopters.com\">imeli<\/a><br>Upega tafa&#039;ilagi: <a href=\"https:\/\/www.maunaloahelicopters.edu\/\" target=\"_blank\" rel=\"noreferrer noopener\">www.maunaloahelicopters.com<\/a><br>Numera Laisene: 2325-1035<br>Kamupani: DBA Mauna Loa Helicopters<\/p>\n<\/div>\n<\/div>\n\n\n\n<hr class=\"wp-block-separator has-alpha-channel-opacity is-style-wide\" style=\"margin-top:var(--wp--preset--spacing--30);margin-bottom:var(--wp--preset--spacing--30)\"\/>\n\n\n\n<h3 class=\"wp-block-heading\">Soifua Maloloina atoa ma le Naturopathy<\/h3>\n\n\n\n<h4 class=\"wp-block-heading\">O\u02bbahu<\/h4>\n\n\n\n<div class=\"wp-block-columns is-layout-flex wp-container-core-columns-is-layout-28f84493 wp-block-columns-is-layout-flex\">\n<div class=\"wp-block-column is-layout-flow wp-block-column-is-layout-flow\">\n<p><strong>Quantum School of Massage and Holistic Health<\/strong><br>Iunivesite Plaza<br>931 Iunivesite Ave., #202<br>Honolulu, HI 96826<br>Telefoni: 808-373-0603<br><a href=\"mailto:QSMHH.school@gmail.com\" target=\"_blank\" rel=\"noreferrer noopener\">imeli<\/a><br>Upega tafa&#039;ilagi: <a href=\"http:\/\/www.qsmhh.school\/\" target=\"_blank\" rel=\"noreferrer noopener\">www.QSMHH.A&#039;oga<\/a><br>Numera Laisene: 2325-1034<br>Pule aoga: Steve McLaughlin<br>Fefa&#039;ataua&#039;iga\/Vocations e aofia ai: <em>Fa&#039;ailoga Fa&#039;ama&#039;i Massage, Faufautua Fa&#039;am\u0101l\u014dl\u014dina Mea&#039;ai, Tusi Fa&#039;amaonia Fa&#039;amalologa<\/em><\/p>\n<\/div>\n\n\n\n<div class=\"wp-block-column is-layout-flow wp-block-column-is-layout-flow\">\n<p><\/p>\n<\/div>\n\n\n\n<div class=\"wp-block-column is-layout-flow wp-block-column-is-layout-flow\">\n<p><\/p>\n<\/div>\n<\/div>\n\n\n\n<h4 class=\"wp-block-heading\">Maui<\/h4>\n\n\n\n<div class=\"wp-block-columns is-layout-flex wp-container-core-columns-is-layout-28f84493 wp-block-columns-is-layout-flex\">\n<div class=\"wp-block-column is-layout-flow wp-block-column-is-layout-flow\">\n<p><strong>Natural Healing Institute Hawaii LLC<\/strong><br>1075 Makawao Avenue, #1509<br>Makawao, HI 96768<br>Phone: 760-943-8485<br><a href=\"mailto:enroll@naturalhealinginst.com\" target=\"_blank\" rel=\"noreferrer noopener\">imeli<\/a><br>Upega tafa&#039;ilagi:\u00a0<a href=\"https:\/\/www.nhicollege.net\/\" target=\"_blank\" rel=\"noreferrer noopener\">www.nhicollege.net\/<\/a><br>License Number: 2325-1037<br>Puleaoga: Steve Schechter<br>Programs for Certification include: Certified Nutritionist Consultant (CNC)\u2122, Certified Clinical Master Herbalist (CCMH)\u2122, Certified Clinical Master Aromatherapist (CCMA)\u2122, Certified Holistic Health Practitioner (HHP), Certified Naturopathic Practitioner (NP).<\/p>\n<\/div>\n\n\n\n<div class=\"wp-block-column is-layout-flow wp-block-column-is-layout-flow\">\n<p><\/p>\n<\/div>\n\n\n\n<div class=\"wp-block-column is-layout-flow wp-block-column-is-layout-flow\">\n<p><\/p>\n<\/div>\n<\/div>\n\n\n\n<hr class=\"wp-block-separator has-alpha-channel-opacity is-style-wide\" style=\"margin-top:var(--wp--preset--spacing--30);margin-bottom:var(--wp--preset--spacing--30)\"\/>\n\n\n\n<h3 class=\"wp-block-heading\">Massage Therapy<\/h3>\n\n\n\n<h4 class=\"wp-block-heading\">O\u02bbahu<\/h4>\n\n\n\n<div class=\"wp-block-columns is-layout-flex wp-container-core-columns-is-layout-28f84493 wp-block-columns-is-layout-flex\">\n<div class=\"wp-block-column is-layout-flow wp-block-column-is-layout-flow\">\n<p><strong>Hawaii Healing Arts College<\/strong><br>407 Uluniu St., Ste. 204<br>Kailua, HI 96734<br>Ph: 808-266-2469<br>Fax: 808-266-2460<br><a href=\"mailto:schoolbusiness@hawaii.rr.com\" target=\"_blank\" rel=\"noreferrer noopener\">imeli<\/a><br>Upega tafa&#039;ilagi: <a href=\"https:\/\/www.hhacdirect.com\/\" target=\"_blank\" rel=\"noreferrer noopener\">www.hhacdirect.com<\/a><br>Numera Laisene: 2325-1020<br>Puleaoga: Shinya Matsukubo<\/p>\n\n\n\n<p><strong>Hawaii Massage Academy<\/strong><br>1750 Kalakaua Ave., Ste. 3104<br>Honolulu, HI 96826<br>Ph: 808-955-4555<br>Fax: 808-955-9705<br><a href=\"mailto:info@hawaiimassageacademy.com\" target=\"_blank\" rel=\"noreferrer noopener\">imeli<\/a><br>Upega tafa&#039;ilagi: <a href=\"http:\/\/www.hawaiimassageacademy.com\/\" target=\"_blank\" rel=\"noreferrer noopener\">www.hawaiimassageacademy.com<\/a><br>Numera Laisene: 2325-1033<br>Puleaoga: Junji Fukumoto<\/p>\n<\/div>\n\n\n\n<div class=\"wp-block-column is-layout-flow wp-block-column-is-layout-flow\">\n<p><strong>Inisetiute o Falemai Acupuncture <\/strong><br><strong>ma Fa&#039;afomai i Sasa&#039;e<\/strong><br>100 N. Beretania St., Potu 203<br>Honolulu, HI 96817<br>Ph: 808-521-2288<br><a href=\"mailto:info@orientalmedicine.edu\" target=\"_blank\" rel=\"noreferrer noopener\">imeli<\/a><br>Upega tafa&#039;ilagi: <a href=\"http:\/\/www.orientalmedicine.edu\/\" target=\"_blank\" rel=\"noreferrer noopener\">www.orientalmedicine.edu<\/a><br>Numera Laisene: 2325-1032<br>Pule Aoga: Wai Hoa Low<\/p>\n\n\n\n<p><strong>Lomino Hawaii Massage School<\/strong><br>334 Seaside Ave., Ste. 817<br>Honolulu, HI 96815<br>Ph: 808-469-6266<br><a href=\"mailto:school@lominoschool.com\" target=\"_blank\" rel=\"noreferrer noopener\">imeli<\/a><br>Upega tafa&#039;ilagi: <a href=\"https:\/\/lominoschool.com\/\" target=\"_blank\" rel=\"noreferrer noopener\">www.lominoschool.com<\/a><br>Pule Aoga: Shingo Sawada&nbsp;<br>Numera Laisene: 2325-1023<br>Fefa&#039;ataua&#039;iga\/Vocations e aofia ai: <em>Lomilomi Massage, Swedish, Shiatsu, Seitai, Thai Massage, Reflexology, Ma&#039;a vevela<\/em><\/p>\n<\/div>\n\n\n\n<div class=\"wp-block-column is-layout-flow wp-block-column-is-layout-flow\">\n<p><strong>Quantum School of Massage and Holistic Health<\/strong><br>Iunivesite Plaza<br>931 Iunivesite Ave., #202<br>Honolulu, HI 96826<br>Ph: 808-373-0603<br><a href=\"mailto:QSMHH.school@gmail.com\" target=\"_blank\" rel=\"noreferrer noopener\">imeli<\/a><br>Upega tafa&#039;ilagi: <a href=\"http:\/\/www.qsmhh.school\/\" target=\"_blank\" rel=\"noreferrer noopener\">www.QSMHH.A&#039;oga<\/a><br>Numera Laisene: 2325-1034<br>Pule aoga: Steve McLaughlin<br>Fefa&#039;ataua&#039;iga\/Vocations e aofia ai: <em>Foma&#039;i Soifua Mal\u014dl\u014dina Holistic, Faufautua Fa&#039;am\u0101l\u014dl\u014dina Mea&#039;ai, Fa&#039;ailoga Fa&#039;amalologa Fa&#039;amalologa Massage &amp; Acupuncture CEU kosi<\/em><\/p>\n\n\n\n<p><\/p>\n<\/div>\n<\/div>\n\n\n\n<hr class=\"wp-block-separator has-alpha-channel-opacity\"\/>\n\n\n\n<h4 class=\"wp-block-heading\">Kauai<\/h4>\n\n\n\n<div class=\"wp-block-columns is-layout-flex wp-container-core-columns-is-layout-28f84493 wp-block-columns-is-layout-flex\">\n<div class=\"wp-block-column is-layout-flow wp-block-column-is-layout-flow\">\n<p><strong>Nofoaga Autu a le Pasefika mo Fa&#039;alauiloa ma Galuega Fa&#039;aletino<\/strong><br>Pusa meli 1049<br>Kilauea, HI 96754<br>Ph: 844-687-7222<br><a href=\"mailto:info@awarenessandbodywork.com\" target=\"_blank\" rel=\"noreferrer noopener\">imeli<\/a><br>Upega tafa&#039;ilagi: <a href=\"https:\/\/www.awarenessandbodywork.com\/\" target=\"_blank\" rel=\"noreferrer noopener\">www.awarenessandbodywork.com<\/a><br>Numera Laisene: 2325-1028<br>Puleaoga: Alison Lindsey Fields<\/p>\n<\/div>\n\n\n\n<div class=\"wp-block-column is-layout-flow wp-block-column-is-layout-flow\">\n<p><\/p>\n<\/div>\n\n\n\n<div class=\"wp-block-column is-layout-flow wp-block-column-is-layout-flow\">\n<p><\/p>\n<\/div>\n<\/div>\n\n\n\n<hr class=\"wp-block-separator has-alpha-channel-opacity\"\/>\n\n\n\n<h4 class=\"wp-block-heading\">Maui<\/h4>\n\n\n\n<div class=\"wp-block-columns is-layout-flex wp-container-core-columns-is-layout-28f84493 wp-block-columns-is-layout-flex\">\n<div class=\"wp-block-column is-layout-flow wp-block-column-is-layout-flow\">\n<p><strong>IBS School of Cosmetology and Massage<\/strong><br>110 East Kaahumanu Ave., Suite 201, <br>Kahului, HI 96732<br>Phone: 808-214-5293<br><a href=\"mailto:maui@ibs-or.com\" target=\"_blank\" rel=\"noreferrer noopener\">imeli<\/a><br>Upega tafa&#039;ilagi:&nbsp;<a href=\"http:\/\/www.ibs-hi.com\/\" target=\"_blank\" rel=\"noreferrer noopener\">www.ibs-hi.com<\/a><br>License Number: 2527-1026<br>Principal: Maguy Osias<\/p>\n<\/div>\n\n\n\n<div class=\"wp-block-column is-layout-flow wp-block-column-is-layout-flow\">\n<p><strong>Maui School of Therapeutic Massage<\/strong><br>Wailea Town Center<br>161 Wailea Ike Dr., Unit D102, <br>Kihei, HI 96753<br>Pusa meli 1891<br>Makawao, HI 96768<br>Ph: 808-572-1888<br>Fax: 808-572-2274<br><a href=\"mailto:info@massagemaui.com\" target=\"_blank\" rel=\"noreferrer noopener\">imeli<\/a><br>Upega tafa&#039;ilagi: <a href=\"http:\/\/www.massagemaui.com\/\" target=\"_blank\" rel=\"noreferrer noopener\">www.massagemaui.com<\/a><br>Numera Laisene: 2325-1024<br>Puleaoga: Christopher Obrochta<\/p>\n<\/div>\n\n\n\n<div class=\"wp-block-column is-layout-flow wp-block-column-is-layout-flow\">\n<p><strong>Maui Academy of Healing Arts<\/strong><br>161 Hana Highway<br>Paia, HI 96779<br>Phone: 808-359-8744<br><a href=\"mailto:info@mahamaui.com\">imeli<\/a><br>Upega tafa&#039;ilagi:&nbsp;<a href=\"https:\/\/www.mahamaui.com\/\" target=\"_blank\" rel=\"noreferrer noopener\">https:\/\/www.mahamaui.com\/<\/a><br>License Number: 2527-1022<br>Puleaoga: Carmel Andrews<\/p>\n<\/div>\n<\/div>\n\n\n\n<hr class=\"wp-block-separator has-alpha-channel-opacity is-style-wide\" style=\"margin-top:var(--wp--preset--spacing--30);margin-bottom:var(--wp--preset--spacing--30)\"\/>\n\n\n\n<h3 class=\"wp-block-heading\">Togafitiga Shiatsu<\/h3>\n\n\n\n<div class=\"wp-block-columns is-layout-flex wp-container-core-columns-is-layout-28f84493 wp-block-columns-is-layout-flex\">\n<div class=\"wp-block-column is-layout-flow wp-block-column-is-layout-flow\">\n<p><strong>Aisen Shiatsu School Inc.<\/strong><br>1314 S. King St., Ste. 601<br>Honolulu, HI 96814<br>Ph: 808-596-7354 po\u02bbo le 808-596-4633<br>Fax: 808-593-8282<br><a href=\"mailto:aisenaloha@gmail.com\" target=\"_blank\" rel=\"noreferrer noopener\">imeli<\/a><br>Upega tafa&#039;ilagi: <a href=\"https:\/\/www.aisenshiatsu.com\/\" target=\"_blank\" rel=\"noreferrer noopener\">www.aisenshiatsu.com<\/a><br>Numera Laisene: 2325-1021<br>Puleaoga: Fumihiko Indii<\/p>\n<\/div>\n\n\n\n<div class=\"wp-block-column is-layout-flow wp-block-column-is-layout-flow\">\n<p><strong>Lomino Hawai\u02bbi Massage School<\/strong><br>334 Seaside Ave., Ste. 817<br>Honolulu, HI 96815<br>Ph: 808-469-6266<br><a href=\"mailto:school@lominoschool.com\" target=\"_blank\" rel=\"noreferrer noopener\">imeli<\/a><br>Upega tafa&#039;ilagi: <a href=\"https:\/\/lominoschool.com\/\" target=\"_blank\" rel=\"noreferrer noopener\">www.lominoschool.com<\/a><br>Pule Aoga: Shingo Sawada&nbsp;<br>Numera Laisene: 2325-1023<br>Fefa&#039;ataua&#039;iga\/Vocations e aofia ai: <em>Massage Therapy, Lomilomi Massage, Swedish, Seitai, Thai Massage, Reflexology, Ma&#039;a vevela<\/em><\/p>\n<\/div>\n\n\n\n<div class=\"wp-block-column is-layout-flow wp-block-column-is-layout-flow\"><\/div>\n<\/div>\n\n\n\n<hr class=\"wp-block-separator has-alpha-channel-opacity is-style-wide\" style=\"margin-top:var(--wp--preset--spacing--30);margin-bottom:var(--wp--preset--spacing--30)\"\/>\n\n\n\n<h3 class=\"wp-block-heading\">Sports Management<\/h3>\n\n\n\n<div class=\"wp-block-columns is-layout-flex wp-container-core-columns-is-layout-28f84493 wp-block-columns-is-layout-flex\">\n<div class=\"wp-block-column is-layout-flow wp-block-column-is-layout-flow\">\n<p><strong>World Wide Sports Management<\/strong><br>500 Ala Moana Blvd., Building 7, Suite 400<br>Honolulu, HI 96813&nbsp;<br>Phone:&nbsp;+1 503-445-7105&nbsp;<br><a href=\"mailto:lynn@smww.com\">imeli<\/a><br>Upega tafa&#039;ilagi:&nbsp;<a href=\"http:\/\/www.sportsmanagementworldwide.com\/\" target=\"_blank\" rel=\"noreferrer noopener\">www.sportsmanagementworldwide.com<\/a><br>License Number: 2527-1040<br>Principal: Lynn Lashbrook, Ed.D.<\/p>\n<\/div>\n\n\n\n<div class=\"wp-block-column is-layout-flow wp-block-column-is-layout-flow\">\n<p><\/p>\n<\/div>\n\n\n\n<div class=\"wp-block-column is-layout-flow wp-block-column-is-layout-flow\"><\/div>\n<\/div>\n\n\n\n<hr class=\"wp-block-separator has-alpha-channel-opacity is-style-wide\" style=\"margin-top:var(--wp--preset--spacing--30);margin-bottom:var(--wp--preset--spacing--30)\"\/>\n\n\n\n<h2 class=\"wp-block-heading\">Tapuni A&#039;oga &amp; Transcript talosaga<\/h2>\n\n\n\n<p>Ina ia talosagaina tusitusiga, fa&#039;amolemole tu&#039;u mai a <a href=\"https:\/\/forms.gle\/T1Dt7VBtkFadnfZx7\" target=\"_blank\" rel=\"noreferrer noopener\">Pepa Talosaga Tusia (Google Doc)<\/a>. Fa&#039;amolemole fa&#039;ataga se vaiaso se tasi e fa&#039;agasolo ai talosaga. Afai ei ai ni au fesili, fa&#039;amolemole imeli <a href=\"mailto:ptvt@k12.hi.us\">ptvt@k12.hi.us<\/a>. Afai o lo&#039;o e su&#039;eina ni tusitusiga mai se a&#039;oga tumaoti K-12 i Hawai&#039;i, fa&#039;amolemole imeli le <a href=\"mailto:info@hais.us\">Hawai\u02bbi Association of Independent Schools<\/a> pe telefoni 808-973-1540.<\/p>\n\n\n\n<p><br>O lo&#039;o avanoa talosaga mo tusitusiga mo nei mea <strong>tapuni <\/strong>a&#039;oga:<\/p>\n\n\n\n<ul class=\"wp-block-list\">\n<li>Aoga Fesoasoani a Med-Assist a Hawai\u02bbi<\/li>\n\n\n\n<li>Inisetiute Femalagaaiga a le Pasefika<\/li>\n\n\n\n<li>Gros Bonnet Culinary Arts<\/li>\n\n\n\n<li>Inisetiute Faaeletonika a Hawai\u02bbi<\/li>\n\n\n\n<li>Aloha School of Massage Therapy<\/li>\n\n\n\n<li>A&#039;oga o Massage Fa&#039;apolofesa a Hawai&#039;i<\/li>\n\n\n\n<li>Kolisi Remington (Tapuni i le 2019)<\/li>\n\n\n\n<li>Genesis College of Hawai\u2018i<\/li>\n<\/ul>\n\n\n\n<p><\/p>","protected":false},"excerpt":{"rendered":"<p>The following is a list of schools currently licensed with the Hawai\u02bbi State Department of Education (HIDOE). If you are the owner of a private vocational school and would like to be licensed by HIDOE, please email ptvt@k12.hi.us or call 808-784-6498. Schools by trade (2025-2027) Acupuncture Quantum School of Massage and Holistic HealthUniversity Plaza931 University [&hellip;]<\/p>","protected":false},"author":8,"featured_media":0,"parent":87,"menu_order":26,"comment_status":"closed","ping_status":"closed","template":"","meta":{"_relevanssi_hide_post":"","_relevanssi_hide_content":"","_relevanssi_pin_for_all":"","_relevanssi_pin_keywords":"","_relevanssi_unpin_keywords":"","_relevanssi_related_keywords":"","_relevanssi_related_include_ids":"","_relevanssi_related_exclude_ids":"","_relevanssi_related_no_append":"","_relevanssi_related_not_related":"","_relevanssi_related_posts":"9788,10960,9994,8795,9834,9953","_relevanssi_noindex_reason":"","_sitemap_exclude":false,"_sitemap_priority":"","_sitemap_frequency":"","_kad_blocks_custom_css":"","_kad_blocks_head_custom_js":"","_kad_blocks_body_custom_js":"","_kad_blocks_footer_custom_js":"","wp_popup_display_lightbox":0,"wp_popup_suppress":"","wp_popup_trigger":"","wp_popup_trigger_amount":0,"wp_popup_disable_on_mobile":false,"footnotes":""},"class_list":["post-96","page","type-page","status-publish","hentry"],"pp_statuses_selecting_workflow":false,"pp_workflow_action":"current","pp_status_selection":"publish","taxonomy_info":[],"featured_image_src_large":false,"author_info":{"display_name":"Ariana Enomoto","author_link":"https:\/\/hawaiipublicschools.org\/sm\/author\/arianastaceyleong-com\/"},"comment_info":0,"publishpress_future_action":{"enabled":false,"date":"2026-05-06 10:16:03","action":"change-status","newStatus":"draft","terms":[],"taxonomy":"","extraData":[]},"publishpress_future_workflow_manual_trigger":{"enabledWorkflows":[]},"_links":{"self":[{"href":"https:\/\/hawaiipublicschools.org\/sm\/wp-json\/wp\/v2\/pages\/96","targetHints":{"allow":["GET"]}}],"collection":[{"href":"https:\/\/hawaiipublicschools.org\/sm\/wp-json\/wp\/v2\/pages"}],"about":[{"href":"https:\/\/hawaiipublicschools.org\/sm\/wp-json\/wp\/v2\/types\/page"}],"author":[{"embeddable":true,"href":"https:\/\/hawaiipublicschools.org\/sm\/wp-json\/wp\/v2\/users\/8"}],"replies":[{"embeddable":true,"href":"https:\/\/hawaiipublicschools.org\/sm\/wp-json\/wp\/v2\/comments?post=96"}],"version-history":[{"count":1,"href":"https:\/\/hawaiipublicschools.org\/sm\/wp-json\/wp\/v2\/pages\/96\/revisions"}],"predecessor-version":[{"id":18928,"href":"https:\/\/hawaiipublicschools.org\/sm\/wp-json\/wp\/v2\/pages\/96\/revisions\/18928"}],"up":[{"embeddable":true,"href":"https:\/\/hawaiipublicschools.org\/sm\/wp-json\/wp\/v2\/pages\/87"}],"wp:attachment":[{"href":"https:\/\/hawaiipublicschools.org\/sm\/wp-json\/wp\/v2\/media?parent=96"}],"curies":[{"name":"wp","href":"https:\/\/api.w.org\/{rel}","templated":true}]}}