{"id":937,"date":"2025-03-27T13:50:21","date_gmt":"2025-03-27T23:50:21","guid":{"rendered":"https:\/\/hawaiipublicschools.org\/?page_id=937"},"modified":"2025-11-25T10:52:43","modified_gmt":"2025-11-25T20:52:43","slug":"keeping-our-schools-safe","status":"publish","type":"page","link":"https:\/\/hawaiipublicschools.org\/sm\/school-services\/keeping-our-schools-safe\/","title":{"rendered":"Tausia ole Saogalemu a Tatou A&#039;oga"},"content":{"rendered":"<p class=\"intro\">A tula&#039;i mai se fa&#039;alavelave fa&#039;alotoifale po&#039;o se fa&#039;afitauli e le&#039;i fuafuaina e taofia ai se a&#039;oga mai le fa&#039;agaioiga saogalemu, e galulue fa&#039;atasi le pule a&#039;oga ma pule fa&#039;alavelave lavelave e fai fa&#039;ai&#039;uga e uiga i tapuni a&#039;oga mo se taimi pupuu.<\/p>\n\n\n\n<h2 class=\"wp-block-heading\">Saogalemu, Saogalemu &amp; Tapenaga mo Faalavelave Tutupu Faafuasei<\/h2>\n\n\n\n<h3 class=\"wp-block-heading\">Tapuni a&#039;oga<\/h3>\n\n\n\n<p>A tupu ni mea tetele e pei o se af\u0101, matou te galulue ma a matou paaga i le setete ma le itumalo pulega fa\u02bbafuase\u02bbi e faia se fa\u02bbaiuga pe tatau ona tatala pea se a\u02bboga. O le tele o a tatou a&#039;oga o lo&#039;o fa&#039;atulaga nofoaga mo fa&#039;alavelave fa&#039;afuase&#039;i e fa&#039;agaoioia e itumalo i feutaga&#039;iga ma le <a href=\"http:\/\/dod.hawaii.gov\/hiema\/\" target=\"_blank\" rel=\"noreferrer noopener\">Hawaii&#039;i Fa&#039;alavelave Fa&#039;afuase&#039;i Ofisa<\/a> (HI-EMA). O punaoa ma fa\u02bbamatalaga a le Itumalo e tali atu ai fa\u02bbafuase\u02bbi o lo\u02bbo i lalo:<\/p>\n\n\n\n<ul class=\"wp-block-list\">\n<li>Aai &amp; Itumalo o Honolulu: <a href=\"https:\/\/www.honolulu.gov\/dem\" target=\"_blank\" rel=\"noreferrer noopener\">Matagaluega o Faalavelave Tutupu Faafuasei<\/a><\/li>\n\n\n\n<li>Itumalo o Hawai\u02bbi Island: <a href=\"http:\/\/www.hawaiicounty.gov\/civil-defense\/\" target=\"_blank\" rel=\"noreferrer noopener\">Ofisa o Puipuiga Lautele a le Itumalo o Hawai\u02bbi<\/a><\/li>\n\n\n\n<li>Itumalo o Maui: <a href=\"https:\/\/www.mauicounty.gov\/70\/Emergency-Management-Agency\" target=\"_blank\" rel=\"noreferrer noopener\">Maui Emergency Management Agency<\/a><\/li>\n\n\n\n<li>Itumalo o Kaua\u02bbi: <a href=\"http:\/\/www.kauai.gov\/KEMA\" target=\"_blank\" rel=\"noreferrer noopener\">Kaua\u02bbi Pulega o Faalavelave Tutupu Faafuasei<\/a><\/li>\n<\/ul>\n\n\n\n<h3 class=\"wp-block-heading\">Pepa le eletise<\/h3>\n\n\n\n<p>E ono motusia le eletise i taimi o aoga. E ui e mafai ona fa\u02bbalavelave, o le a mata\u02bbituina lelei e le pulega a le a\u02bboga ma le ta\u02bbita\u02bbi o ofisa o le setete fa\u02bbasalalauga fa\u02bbalotoifale. Afai e motusia le eletise, i le tele o tulaga e tatala pea le lotoa a&#039;oga. E masani lava, o le taofia o tamaiti aoga i luga o le lotoa o le filifiliga sili lea ona saogalemu.<\/p>\n\n\n\n<p>Afai e tapunia le a&#039;oga, o le a lafo sa&#039;o mai le a&#039;oga i aiga ma fa&#039;asalalau atu fo&#039;i ile upegatafa&#039;ilagi a le HIDOE. Fa&#039;amolemole fa&#039;amautinoa o lo&#039;o iai i le a&#039;oga a lau tama au fa&#039;amatalaga fa&#039;afeso&#039;ota&#039;i aupito lata mai.<\/p>\n\n\n\n<p>View information about Hawaiian Electric Co.&#8217;s <a href=\"\/sm\/school-services\/public-safety-power-shutoffs\/\" data-type=\"page\" data-id=\"76\" target=\"_blank\" rel=\"noreferrer noopener\">Polokalama Tapuni Malosiaga o le Saogalemu Lautele<\/a>.<\/p>\n\n\n\n<h3 class=\"wp-block-heading\">Fa&#039;alavelave Fa&#039;afuase&#039;i<\/h3>\n\n\n\n<p>O a&#039;oga uma e fa&#039;atino a&#039;oa&#039;oga mana&#039;omia nei (lea <a href=\"https:\/\/vimeo.com\/258321870\" target=\"_blank\" rel=\"noreferrer noopener\">vitio<\/a> e maua ai se vaaiga lautele):<\/p>\n\n\n\n<ul class=\"wp-block-list\">\n<li>Loka: E lokaina pe a iloa se fa&#039;amata&#039;u i totonu po&#039;o fafo i le a&#039;oga. Ua loka uma faitoto&#039;a o le a&#039;oga ma o tamaiti a&#039;oga ua fa&#039;asao i potuaoga. E leai se ulufale i totonu pe alu ese mai le a\u02bboga o le a fa\u02bbatagaina seia o\u02bbo ina faia se fa\u02bbaaliga &quot;manino uma&quot;.<\/li>\n\n\n\n<li>Malutaga i le Nofoaga: E sulufai tamaiti aoga i nofoaga atofaina e puipuia ai i latou mai mea matautia po o le leaga o le tau. E leai se ulufale i totonu pe alu ese mai le a\u02bboga o le a fa\u02bbatagaina seia o\u02bbo ina faia se fa\u02bbaaliga &quot;manino uma&quot;.<\/li>\n\n\n\n<li>Aveese (e aofia ai le afi): O nisi fa\u02bbalavelave fa\u02bbafuase\u02bbi e ono mana\u02bbomia ai tamaiti aoga ma le aufaigaluega e o ese mai le a\u02bboga. E fa&#039;atinoina le fa&#039;asao pe a le toe saogalemu le nofo ai i totonu o le lotoa. Afai e fa&#039;aauau pea le fa&#039;alavelave fa&#039;afuase&#039;i ma ua le mafai e tamaiti a&#039;oga ona toe fo&#039;i i le lotoa, o le a fa&#039;ataunu&#039;u taualumaga o le toe tu&#039;ufa&#039;atasia o matua po&#039;o le tausi. Fa&#039;amolemole fa&#039;amasani oe ile fa&#039;asologa o le toe tu&#039;ufa&#039;atasiga a lau a&#039;oga.<\/li>\n\n\n\n<li>Mafuie: O le tulafono e tatau ona pa&#039;u, ufiufi ma taofi seia uma le lulu.<\/li>\n\n\n\n<li>Tsunami: Mo a&#039;oga o lo&#039;o i sone o le galulolo, ose fa&#039;ata&#039;ita&#039;iga lea mo le fa&#039;asa&#039;olotoina i se nofoaga fa&#039;apitoa e mamao ese mai le o&#039;o atu i galu o galu. <\/li>\n<\/ul>\n\n\n\n<figure class=\"wp-block-embed is-type-video is-provider-vimeo wp-block-embed-vimeo wp-embed-aspect-16-9 wp-has-aspect-ratio\"><div class=\"wp-block-embed__wrapper\">\n<iframe loading=\"lazy\" title=\"Fa&#039;aliga Tsunami\" src=\"https:\/\/player.vimeo.com\/video\/46327603?dnt=1&amp;app_id=122963\" width=\"500\" height=\"281\" frameborder=\"0\" allow=\"autoplay; fullscreen; picture-in-picture; clipboard-write; encrypted-media\"><\/iframe>\n<\/div><\/figure>\n\n\n\n<h3 class=\"wp-block-heading\">A&#039;oga Sone Tsunami<\/h3>\n\n\n\n<p>O a&#039;oga o lo&#039;o taoto i sone o le sunami e fa&#039;ata&#039;ita&#039;i le fa&#039;asa&#039;olotoina e fa&#039;atatau i se sunami fa&#039;alotoifale. E ono i&#039;u ai se galulolo e o&#039;o mai i uta ile 10-30 minute. O a&#039;oga uma e fa&#039;ata&#039;ita&#039;i le aveeseina o sone o le galulolo i totonu ole 10 minute. Ua fa&#039;atonuina matua e nonofo ese mai le lotoa se&#039;ia uma le fa&#039;alavelave fa&#039;afuase&#039;i. O a&#039;oga o lo&#039;o i totonu o sone galulolo e aofia ai:<\/p>\n\n\n\n<ul class=\"wp-block-list\">\n<li>O\u02bbahu: Ka\u02bba\u02bbawa Elementary, Hau\u02bbula Elementary, Sunset Beach Elementary, Hale\u02bbiwa Elementary, L\u0101\u02bbie Elementary, Waialua Elementary, Wai\u02bbanae High, Wa\u02bbianae Intermediate, N\u0101n\u0101ikapono Elementary, Iroquois Point Elementary, M\u0101\u02bbili Elementary, Ala Wai Elementary.<\/li>\n\n\n\n<li>Hawai\u02bbi: Chiefess Kapi\u02bbolani Elementary, Keaukaha Elementary, Kahakai Elementary.<\/li>\n\n\n\n<li>Kaua\u02bbi: Hanalei Elementary, Kekaha Elementary.<\/li>\n<\/ul>\n\n\n\n<h3 class=\"wp-block-heading\">Fa&#039;amatalaga Fa&#039;alavelave mo Aiga<\/h3>\n\n\n\n<p>O fa\u02bbalavelave fa\u02bbafuase\u02bbi o se taimi faigata, ae e tatau i matua ma tagata tausi ma\u02bbi ona mautinoa o le aufaigaluega a\u02bboga e saunia e ala i fa\u02bbata\u02bbita\u02bbiga masani ma fa\u02bbafouina. E mafai e matua ma tagata tausi ma\u02bbi ona fesoasoani i le faia o mea nei:<\/p>\n\n\n\n<ul class=\"wp-block-list\">\n<li>Ia saunia mo se faalavelave faafuasei\n<ul class=\"wp-block-list\">\n<li>Ia mautinoa o fa&#039;amatalaga fa&#039;afeso&#039;ota&#039;i fa&#039;afuase&#039;i a lau tama e sa&#039;o ma lata mai.<\/li>\n\n\n\n<li>O a&#039;oga HIDOE uma e iai fuafuaga fa&#039;afuase&#039;i. Fa&#039;amasani ile fuafuaga fa&#039;afuase&#039;i a lau a&#039;oga ma faiga e toe tu&#039;ufa&#039;atasia ai matua\/tausia pe a tula&#039;i mai se a&#039;oga.<\/li>\n\n\n\n<li><a href=\"https:\/\/www.ready.gov\/kids\/make-a-plan\" target=\"_blank\" rel=\"noreferrer noopener\">Fa&#039;aalu se taimi e saunia ai le fuafuaga fa&#039;afuase&#039;i a lou aiga ma lau fanau<\/a>. O le Federal Emergency Management Agency (FEMA) e iai a latou punaoa taua ile initaneti.<\/li>\n<\/ul>\n<\/li>\n\n\n\n<li>I le tulaga o se fa&#039;alavelave fa&#039;afuase&#039;i i le a&#039;oga: E ui o lau tali muamua o le vili pe faanatinati i le a&#039;oga a lau tama, fa&#039;amolemole mulimuli i fautuaga nei:\n<ul class=\"wp-block-list\">\n<li>Aua le valaau pe faanatinati i le aoga a lau tama. E mana&#039;omia laina telefoni ma tagata faigaluega mo taumafaiga fa&#039;alavelave fa&#039;afuase&#039;i.<\/li>\n\n\n\n<li>Aua le telefoni i lau tama. Ua fa&#039;avaivai le aufaigaluega ma tamaiti a&#039;oga mai le fa&#039;aogaina o feso&#039;ota&#039;iga telefoni fe&#039;avea&#039;i mo mafuaaga saogalemu.<\/li>\n\n\n\n<li>Fa&#039;alogo ile TV\/leitio fa&#039;alotoifale mo fa&#039;aaliga aloa&#039;ia a le a&#039;oga.<\/li>\n\n\n\n<li>Fa&#039;alagolago i feso&#039;ota&#039;iga aloa&#039;ia mai le a&#039;oga, saogalemu lautele po&#039;o ofisa ole HIDOE.<\/li>\n\n\n\n<li>Fa&#039;alogo mo fa&#039;amatalaga aloa&#039;ia e uiga i le toe fa&#039;atasi ma lau tama. O tamaiti a&#039;oga o le a fa&#039;asa&#039;oloto na&#039;o matua\/tagata tausi o lo&#039;o fa&#039;amauina o ni feso&#039;ota&#039;iga fa&#039;afuase&#039;i ma o lo&#039;o tu&#039;uina atu se ID ata e pei o le laisene aveta&#039;avale, ID militeri po&#039;o le tusifolau.<\/li>\n\n\n\n<li>Siaki le upega tafa&#039;ilagi a le HIDOE po&#039;o ala fa&#039;aagafesootai mo fa&#039;amatalaga fa&#039;afuase&#039;i.<\/li>\n<\/ul>\n<\/li>\n<\/ul>\n\n\n\n<h2 class=\"wp-block-heading\">Pepa fa&#039;alavelave mo matua<\/h2>\n\n\n\n<div class=\"wp-block-columns is-layout-flex wp-container-core-columns-is-layout-28f84493 wp-block-columns-is-layout-flex\">\n<div class=\"wp-block-column is-layout-flow wp-block-column-is-layout-flow\">\n<ul class=\"wp-block-list\">\n<li><a href=\"\/sm\/DOE%20Forms\/Emergencies\/EmergencyInfo_ENG.pdf\/\" target=\"_blank\" rel=\"noreferrer noopener\">Igilisi (PDF)<\/a><\/li>\n\n\n\n<li><a href=\"\/sm\/DOE%20Forms\/Emergencies\/Cantonese.pdf\/\" target=\"_blank\" rel=\"noreferrer noopener\">Saina (Cantonese) (PDF)<\/a><\/li>\n\n\n\n<li><a href=\"\/sm\/DOE%20Forms\/Emergencies\/Mandarin.pdf\/\" target=\"_blank\" rel=\"noreferrer noopener\">Saina (Mandarin) (PDF)<\/a><\/li>\n\n\n\n<li><a href=\"\/sm\/DOE%20Forms\/Emergencies\/Chuukese.pdf\/\" target=\"_blank\" rel=\"noreferrer noopener\">Chuukese (PDF)<\/a><\/li>\n\n\n\n<li><a href=\"\/sm\/DOE%20Forms\/Emergencies\/Hawaiian.pdf\/\" target=\"_blank\" rel=\"noreferrer noopener\">Hawaii (PDF)<\/a><\/li>\n<\/ul>\n<\/div>\n\n\n\n<div class=\"wp-block-column is-layout-flow wp-block-column-is-layout-flow\">\n<ul class=\"wp-block-list\">\n<li><a href=\"\/sm\/DOE%20Forms\/Emergencies\/Ilocano.pdf\/\" target=\"_blank\" rel=\"noreferrer noopener\">Ilokano (PDF)<\/a><\/li>\n\n\n\n<li><a href=\"\/sm\/DOE%20Forms\/Emergencies\/Japanese.pdf\/\" target=\"_blank\" rel=\"noreferrer noopener\">Iapani (PDF)<\/a><\/li>\n\n\n\n<li><a href=\"\/sm\/DOE%20Forms\/Emergencies\/Korean.pdf\/\" target=\"_blank\" rel=\"noreferrer noopener\">Korea (PDF)<\/a><\/li>\n\n\n\n<li><a href=\"\/sm\/DOE%20Forms\/Emergencies\/Marshallese.pdf\/\" target=\"_blank\" rel=\"noreferrer noopener\">Marshallese (PDF)<\/a><\/li>\n\n\n\n<li><a href=\"\/sm\/DOE%20Forms\/Emergencies\/Samoan.pdf\/\" target=\"_blank\" rel=\"noreferrer noopener\">Samoa (PDF)<\/a><\/li>\n<\/ul>\n<\/div>\n\n\n\n<div class=\"wp-block-column is-layout-flow wp-block-column-is-layout-flow\">\n<ul class=\"wp-block-list\">\n<li><a href=\"\/sm\/DOE%20Forms\/Emergencies\/Spanish.pdf\/\" target=\"_blank\" rel=\"noreferrer noopener\">Sipaniolo (PDF)<\/a>&#039;<\/li>\n\n\n\n<li><a href=\"\/sm\/DOE%20Forms\/Emergencies\/Tagalog.pdf\/\" target=\"_blank\" rel=\"noreferrer noopener\">Tagalog (PDF)<\/a><\/li>\n\n\n\n<li><a href=\"\/sm\/DOE%20Forms\/Emergencies\/Tongan.pdf\/\" target=\"_blank\" rel=\"noreferrer noopener\">Toga (PDF)<\/a><\/li>\n\n\n\n<li><a href=\"\/sm\/DOE%20Forms\/Emergencies\/Vietnamese.pdf\/\" target=\"_blank\" rel=\"noreferrer noopener\">Vietnamese (PDF)<\/a><\/li>\n\n\n\n<li><a href=\"\/sm\/DOE%20Forms\/Emergencies\/Visayan.pdf\/\" target=\"_blank\" rel=\"noreferrer noopener\">Visayan (PDF)<\/a>;<\/li>\n<\/ul>\n<\/div>\n<\/div>\n\n\n\n<h2 class=\"wp-block-heading\">Mataupu 19<\/h2>\n\n\n\n<p>Ina ia malu puipuia a tatou a&#039;oga, ua fa&#039;at\u016bina tulafono e fa&#039;atatau i amioga le taupulea a tamaiti a&#039;oga. O nei tulafono e fa&#039;atonutonu ai fo&#039;i su&#039;ega o tamaiti a&#039;oga ma faoa meatotino. Tulafono Pulega a Hawai\u02bbi, <a href=\"https:\/\/boe.hawaii.gov\/policies\/AdminRules\/Documents\/HAR%20Chapter%208-19,%20Student%20Misconduct,%20etc%20Complaint%20Procedure%20and%20Investigation,%20eff%2011-17-2019.pdf.pdf\" target=\"_blank\" rel=\"noreferrer noopener\">Vaega 19 (PDF)<\/a>, are derived from state law. It&#8217;s important that students and parents review this information to be aware of the consequences of a <a href=\"https:\/\/hawaiipublicschools.org\/sm\/student-programs\/anti-bullying\/#chapter19\" data-type=\"page\" data-id=\"84\">Chapter 19 violation<\/a>.&nbsp;<\/p>\n\n\n\n<h2 class=\"wp-block-heading\">Saogalemu i totonu ma fafo atu o le lotoa<\/h2>\n\n\n\n<p>O le a galulue leoleo pe a iai se tulaga lamatia moni pe iloa e a\u02bbafia ai a tatou tamaiti a\u02bboga po\u02bbo a\u02bboga. O le a amataina e le pulega ma le aufaigaluega ni tulafono mo le saogalemu pe a tutupu ni faalavelave i totonu o le lotoa, ma faafaigofie fesootaiga ma aiga, vaega o nuu ma le au faamalosia tulafono pe a tulai mai ni faalavelave e aafia ai tamaiti aoga i fafo atu o le lotoa.<\/p>\n\n\n\n<p>O fa&#039;al\u0101potopotoga fa&#039;atulafono a Hawai&#039;i ose vaega taua o le fa&#039;asaogalem\u016b o nu&#039;u a&#039;oga. O le a&#039;oa&#039;oina o tamaiti a&#039;oga a leoleo e uiga i le saogalemu.<\/p>\n\n\n\n<p>E tatau foi ona talanoa aiga ma a latou fanau e uiga i faiga faavae saogalemu pe a latou i fafo i nofoaga faitele ma e leai se tagata matua faatuatuaina e lata ane:<\/p>\n\n\n\n<ul class=\"wp-block-list\">\n<li>Aloese mai tagata ese, aua le talanoa pe ave se mea mai ia i latou.<\/li>\n\n\n\n<li>Aua e te alu i se mea ma se tasi e te le iloa. Aua nei talia se tietiega mai se tagata ese.<\/li>\n\n\n\n<li>Afai e alu atu se tagata ese ia te oe, saili vave se fesoasoani mai se tagata matua faatuatuaina.<\/li>\n\n\n\n<li>Fa&#039;aaoga le faiga uo; aloese mai le savali i soo se mea na o oe.<\/li>\n\n\n\n<li>\u2018\u0100fai e pu\u2018e oe e se tagata \u2018ese, fai so\u2018o se mea e mafai ai e taofi ai le tagata \u2018ese. Alalaga mo se fesoasoani.<\/li>\n\n\n\n<li>Lipoti soo se gaioiga masalomia i se tagata matua faatuatuaina.<\/li>\n\n\n\n<li>Ia mataala i lou siosiomaga ma faailoa atu i isi le mea o le a e i ai ma le taimi e te toe foi mai ai.<\/li>\n<\/ul>\n\n\n\n<p>O le pitonuu a&#039;oga lata ane ma le nuu o a tatou paaga i le mata&#039;ituina ma le lipotia o gaioiga masalomia i totonu o lotoa. Matou te fa&#039;amalosia tuaoi e lipoti atu ni gaioiga masalomia i le aufaigaluega a&#039;oga ma\/po&#039;o le fa&#039;amalosia tulafono.&nbsp;<\/p>\n\n\n\n<p>E mafai e le nuu ona aoao atili e uiga ma auai i nei taumafaiga iinei:<\/p>\n\n\n\n<ul class=\"wp-block-list\">\n<li><a href=\"http:\/\/www.honolulupd.org\/community\/index.php\" target=\"_blank\" rel=\"noreferrer noopener\">Leoleo a Honolulu<\/a><\/li>\n\n\n\n<li><a href=\"https:\/\/www.mauicounty.gov\/440\/Services-Programs\" target=\"_blank\" rel=\"noreferrer noopener\">Maui Police<\/a><\/li>\n\n\n\n<li><a href=\"https:\/\/www.hawaiipolice.gov\" target=\"_blank\" rel=\"noreferrer noopener\">Leoleo Motu o Hawaii <\/a><\/li>\n\n\n\n<li><a href=\"http:\/\/www.kauai.gov\/Government\/Departments-Agencies\/Police-Department\/Community-Relations\" target=\"_blank\" rel=\"noreferrer noopener\">Leoleo a Kaua\u02bbi<\/a><\/li>\n<\/ul>\n\n\n\n<h2 class=\"wp-block-heading\">Komiti o le Saogalemu o Aoga<\/h2>\n\n\n\n<p>E tofu a&#039;oga ma le Komiti o le Saogalemu a le A&#039;oga e nafa ma le ausiaina o sini nei:<\/p>\n\n\n\n<ul class=\"wp-block-list\">\n<li>Fa&#039;ateleina le silafia o le saogalemu.<\/li>\n\n\n\n<li>Fausia le naunautaiga mo polokalame saogalemu.<\/li>\n\n\n\n<li>Fa\u02bbaitiitia ma puipuia manu\u02bba.<\/li>\n<\/ul>\n\n\n\n<p><a href=\"https:\/\/iportal.k12.hi.us\/phonedirectory\/schoollist\" target=\"_blank\" rel=\"noreferrer noopener\">Connect with your school<\/a> to learn more.<\/p>","protected":false},"excerpt":{"rendered":"<p>In the event of a local emergency or an unplanned issue that would prevent a school from safely operating, school principals work in tandem with complex area superintendents to make decisions regarding short-term school closures. Safety, Security &amp; Emergency Preparedness School Closures\u200b In the event of large-scale events such as a hurricane, we work with [&hellip;]<\/p>","protected":false},"author":8,"featured_media":0,"parent":59,"menu_order":20,"comment_status":"closed","ping_status":"closed","template":"","meta":{"_relevanssi_hide_post":"","_relevanssi_hide_content":"","_relevanssi_pin_for_all":"","_relevanssi_pin_keywords":"","_relevanssi_unpin_keywords":"","_relevanssi_related_keywords":"","_relevanssi_related_include_ids":"","_relevanssi_related_exclude_ids":"","_relevanssi_related_no_append":"","_relevanssi_related_not_related":"","_relevanssi_related_posts":"888,8795,9834,9994,15368,16933","_relevanssi_noindex_reason":"","_sitemap_exclude":false,"_sitemap_priority":"","_sitemap_frequency":"","_kad_blocks_custom_css":"","_kad_blocks_head_custom_js":"","_kad_blocks_body_custom_js":"","_kad_blocks_footer_custom_js":"","wp_popup_display_lightbox":0,"wp_popup_suppress":"","wp_popup_trigger":"","wp_popup_trigger_amount":0,"wp_popup_disable_on_mobile":false,"footnotes":""},"class_list":["post-937","page","type-page","status-publish","hentry"],"pp_statuses_selecting_workflow":false,"pp_workflow_action":"current","pp_status_selection":"publish","taxonomy_info":[],"featured_image_src_large":false,"author_info":{"display_name":"Ariana Enomoto","author_link":"https:\/\/hawaiipublicschools.org\/sm\/author\/arianastaceyleong-com\/"},"comment_info":0,"publishpress_future_action":{"enabled":false,"date":"2026-04-26 02:58:03","action":"change-status","newStatus":"draft","terms":[],"taxonomy":"","extraData":[]},"publishpress_future_workflow_manual_trigger":{"enabledWorkflows":[]},"_links":{"self":[{"href":"https:\/\/hawaiipublicschools.org\/sm\/wp-json\/wp\/v2\/pages\/937","targetHints":{"allow":["GET"]}}],"collection":[{"href":"https:\/\/hawaiipublicschools.org\/sm\/wp-json\/wp\/v2\/pages"}],"about":[{"href":"https:\/\/hawaiipublicschools.org\/sm\/wp-json\/wp\/v2\/types\/page"}],"author":[{"embeddable":true,"href":"https:\/\/hawaiipublicschools.org\/sm\/wp-json\/wp\/v2\/users\/8"}],"replies":[{"embeddable":true,"href":"https:\/\/hawaiipublicschools.org\/sm\/wp-json\/wp\/v2\/comments?post=937"}],"version-history":[{"count":0,"href":"https:\/\/hawaiipublicschools.org\/sm\/wp-json\/wp\/v2\/pages\/937\/revisions"}],"up":[{"embeddable":true,"href":"https:\/\/hawaiipublicschools.org\/sm\/wp-json\/wp\/v2\/pages\/59"}],"wp:attachment":[{"href":"https:\/\/hawaiipublicschools.org\/sm\/wp-json\/wp\/v2\/media?parent=937"}],"curies":[{"name":"wp","href":"https:\/\/api.w.org\/{rel}","templated":true}]}}