{"id":550,"date":"2024-09-13T03:18:34","date_gmt":"2024-09-13T03:18:34","guid":{"rendered":"https:\/\/hawaiipublicschools.org\/?page_id=550"},"modified":"2025-10-03T07:44:50","modified_gmt":"2025-10-03T17:44:50","slug":"official-school-names","status":"publish","type":"page","link":"https:\/\/hawaiipublicschools.org\/sm\/useful-links\/policies\/official-school-names\/","title":{"rendered":"Igoa A&#039;oga Aloaia"},"content":{"rendered":"<p class=\"intro\">O le taliaina e le Matagaluega o taunu&#039;uga a&#039;oa&#039;oga a N\u0101 Hopena A&#039;o na fa&#039;ailogaina ai le fa&#039;amalosia o le fa&#039;amautinoaina o lo&#039;o auai a tatou tamaiti a&#039;oga i si&#039;osi&#039;omaga a&#039;oa&#039;oga e maua&#039;a i Hawai&#039;i. O lo&#039;o fa&#039;amoemoe le Matagaluega ina ia fa&#039;amautu le fa&#039;aogaina o le gagana Hawai&#039;i i fa&#039;amaumauga, pepa, lipoti, upegatafa&#039;ilagi e fa&#039;asaga i tagata lautele ma isi feso&#039;ota&#039;iga.&nbsp;<\/p>\n\n\n\n<p>Faiga Faavae 301-8 a le Komiti Fa&#039;atonu a le Setete o Hawai&#039;i e faapea \u201cO se aoga e faaigoa i se tagata e tatau ona faaaoga le suafa aloaia ma le igoa atoa o le tagata e avea ma igoa aloaia o le aoga. E tatau i a&#039;oga ona fa&#039;amalosia le fa&#039;aogaina o igoa aloa&#039;ia i a latou tamaiti a&#039;oga ma o latou nu&#039;u.&quot; O le mea lea, o le lisi o fa&#039;ailoga fa&#039;afouga fa&#039;ailoga ma le sipelaga o faaupuga Hawaii i igoa o a&#039;oga o lo&#039;o i lalo o lo&#039;o iai fo&#039;i le fa&#039;afouga o igoa aloa&#039;ia mo a&#039;oga e fa&#039;aigoaina tagata e pei ona fa&#039;ata&#039;atia mai i faiga fa&#039;avae a le Komiti Fa&#039;atonu. O nei igoa aloa&#039;ia e tatau ona fa&#039;aoga i so&#039;o se feso&#039;ota&#039;iga aloa&#039;ia, e pei o fa&#039;amaumauga ma lipoti.&nbsp;<\/p>\n\n\n\n<p>O fa&#039;afanua (itumalo, lavelave, fa&#039;alavelave lavelave ma le taulaga) ua toe fa&#039;afouina i le lisi o lo&#039;o i lalo. O nei igoa fa&#039;afanua, fa&#039;atasi ai ma le matou igoa o le setete, e tatau ona sa&#039;o le sipelaina i fa&#039;amaumauga uma, pepa, lipoti, upegatafa&#039;ilagi e fa&#039;asaga i tagata lautele ma isi feso&#039;ota&#039;iga.<\/p>\n\n\n\n<p>Note \u2014 public charter schools noted below with * <\/p>\n\n\n\n<p><\/p>\n\n\n\n<h2 class=\"wp-block-heading\">Igoa aoga i le motu<\/h2>\n\n\n\n<h3 class=\"wp-block-heading\">O\u02bbahu<\/h3>\n\n\n\n<div class=\"wp-block-columns is-layout-flex wp-container-core-columns-is-layout-28f84493 wp-block-columns-is-layout-flex\">\n<div class=\"wp-block-column is-layout-flow wp-block-column-is-layout-flow\">\n<ul class=\"wp-block-list\">\n<li>1SG Samuel K. Solomona Elementary School<\/li>\n\n\n\n<li>Amiral Arthur W. Radford High School<\/li>\n\n\n\n<li>Amiral CW Nimitz Elementary School<\/li>\n\n\n\n<li>&#039;\u0100huimanu Elementary School<\/li>\n\n\n\n<li>&#039;Aiea Elementary School<\/li>\n\n\n\n<li>A&#039;oga Maualuga a Aiea<\/li>\n\n\n\n<li>&#039;Aiea Intermediate School<\/li>\n\n\n\n<li>&#039;Aikahi Elementary School<\/li>\n\n\n\n<li>A&#039;oga Tulagalua a &#039;\u0100ina Haina<\/li>\n\n\n\n<li>Ala Wai Elementary School<\/li>\n\n\n\n<li>\u0100liamanu Elementary School<\/li>\n\n\n\n<li>\u0100liamanu Middle School<\/li>\n\n\n\n<li>Ali&#039;iolani Elementary School<\/li>\n\n\n\n<li>Alvah A. Scott Elementary School<\/li>\n\n\n\n<li>Aukuso Ahrens Elementary School<\/li>\n\n\n\n<li>Barbers Point Elementary School<\/li>\n\n\n\n<li>Blanche Pope Elementary School<\/li>\n\n\n\n<li>Daniel K. Inouye Elementary School<\/li>\n\n\n\n<li>DreamHouse \u02bbEwa Beach*<\/li>\n\n\n\n<li>Enchanted Lake Elementary School<\/li>\n\n\n\n<li>&#039;Ewa Beach Elementary School<\/li>\n\n\n\n<li>&#039;Ewa Elementary School<\/li>\n\n\n\n<li>&#039;Ewa Makai Middle School<\/li>\n\n\n\n<li>Kovana SW King Intermediate School<\/li>\n\n\n\n<li>Kovana Sanford B. Dole Middle School<\/li>\n\n\n\n<li>Kovana Wallace Rider Farrington High School<\/li>\n\n\n\n<li>Gustav H. Webling Elementary School<\/li>\n\n\n\n<li>Haha\u02bbione Elementary School<\/li>\n\n\n\n<li>Hakipu\u02bbu Academy*<\/li>\n\n\n\n<li>H\u0101lau K\u016b M\u0101na New Century Public Charter School*<\/li>\n\n\n\n<li>Hale&#039;iwa Elementary School<\/li>\n\n\n\n<li>A&#039;oga Tulagalua a Hau&#039;ula<\/li>\n\n\n\n<li>A&#039;oga a Hawai&#039;i mo \u0112 tutuli ma Tauaso<\/li>\n\n\n\n<li>Hawai\u02bbi Technology Academy*<\/li>\n\n\n\n<li>A&#039;oga Tulagalua a He&#039;eia<\/li>\n\n\n\n<li>Helenano Elementary School<\/li>\n\n\n\n<li>Henry J. Kaiser High School<\/li>\n\n\n\n<li>Highlands Intermediate School<\/li>\n\n\n\n<li>A&#039;oga Tulagalua a Ho&#039;okele<\/li>\n\n\n\n<li>Aoga Tulaga Lua a H\u014dk\u016blani<\/li>\n\n\n\n<li>Holomua Elementary School<\/li>\n\n\n\n<li>Honouliuli Middle School<\/li>\n\n\n\n<li>Honowai Elementary School<\/li>\n\n\n\n<li>&#039;Iliahi Elementary School<\/li>\n\n\n\n<li>&#039;Ilima Intermediate School<\/li>\n\n\n\n<li>Iroquois Point Elementary School<\/li>\n\n\n\n<li>James B. Castle High School<\/li>\n\n\n\n<li>James Campbell High School<\/li>\n\n\n\n<li>Ka Waihona o ka Na\u02bbauao Public Charter School*<\/li>\n\n\n\n<li>K\u0101hala Elementary School<\/li>\n\n\n\n<li>A&#039;oga Tulagalua a Kahalu&#039;u<\/li>\n\n\n\n<li>Kahuku Elementary School<\/li>\n\n\n\n<li>Kahuku High &amp; Intermediate School<\/li>\n\n\n\n<li>A&#039;oga Tulagalua a Ka&#039;a&#039;awa<\/li>\n\n\n\n<li>A&#039;oga Tulagalua a Ka&#039;ala<\/li>\n\n\n\n<li>A&#039;oga Tulagalua a Ka&#039;elepulu<\/li>\n\n\n\n<li>A&#039;oga Tulagalua a Ka&#039;ewai<\/li>\n\n\n\n<li>Ka&#039;imiloa Elementary School<\/li>\n\n\n\n<li>Kailua Elementary School<\/li>\n\n\n\n<li>Aoga Maualuga a Kailua<\/li>\n\n\n\n<li>Kailua Intermediate School<\/li>\n\n\n\n<li>Aoga Maualuga a Kaimuk\u012b<\/li>\n<\/ul>\n<\/div>\n\n\n\n<div class=\"wp-block-column is-layout-flow wp-block-column-is-layout-flow\">\n<ul class=\"wp-block-list\">\n<li>A&#039;oga Tulagalua a Kaimuk\u012b<\/li>\n\n\n\n<li>Kainalu Elementary School<\/li>\n\n\n\n<li>Aoga Maualuga a Kal\u0101heo<\/li>\n\n\n\n<li>Aoga Maualuga a Kalani<\/li>\n\n\n\n<li>Kaleiopu&#039;u Elementary School<\/li>\n\n\n\n<li>Kalihi Elementary School<\/li>\n\n\n\n<li>Kalihi-Kai Elementary School<\/li>\n\n\n\n<li>Kalihi-Uka Elementary School<\/li>\n\n\n\n<li>Kalihi-Waena Elementary School<\/li>\n\n\n\n<li>Kamaile Academy Public Charter School*<\/li>\n\n\n\n<li>A&#039;oga Tulagalua a Kamilo&#039;iki<\/li>\n\n\n\n<li>K\u0101ne\u02bbohe Elementary School<\/li>\n\n\n\n<li>Kanoelani Elementary School<\/li>\n\n\n\n<li>Ka\u02bb\u014dhao School*<\/li>\n\n\n\n<li>A&#039;oga Tulagalua a Kapalama<\/li>\n\n\n\n<li>Kapolei Charter School*<\/li>\n\n\n\n<li>Kapolei Elementary School<\/li>\n\n\n\n<li>Aoga Maualuga a Kapolei<\/li>\n\n\n\n<li>Kapolei Middle School<\/li>\n\n\n\n<li>A&#039;oga Tulagalua a Kapunahala<\/li>\n\n\n\n<li>Kauluwela Elementary School<\/li>\n\n\n\n<li>Ke Kula \u02bbo Samuel M. Kamakau Laboratory Public Charter School*<\/li>\n\n\n\n<li>Ke Kula Kaiapuni \u02bbO \u0100nuenue<\/li>\n\n\n\n<li>Keolu Elementary School<\/li>\n\n\n\n<li>A&#039;oga Tulagalua a Keone&#039;ula<\/li>\n\n\n\n<li>King David Kal\u0101kaua Middle School<\/li>\n\n\n\n<li>King Liholiho Elementary School<\/li>\n\n\n\n<li>King William C. Lunalilo Elementary School<\/li>\n\n\n\n<li>A&#039;oga Tulagalua a K\u012bpapa<\/li>\n\n\n\n<li>Koko Head Elementary School<\/li>\n\n\n\n<li>K\u016blia Academy*<\/li>\n\n\n\n<li>L\u0101\u02bbie Elementary School<\/li>\n\n\n\n<li>Lanakila Elementary School<\/li>\n\n\n\n<li>Lehua Elementary School<\/li>\n\n\n\n<li>Leih\u014dk\u016b Elementary School<\/li>\n\n\n\n<li>Leilehua High School<\/li>\n\n\n\n<li>Linapuni Elementary School<\/li>\n\n\n\n<li>Lt. Col. Horace M. Hickam Elementary School<\/li>\n\n\n\n<li>Ma&#039;ema&#039;e Elementary School<\/li>\n\n\n\n<li>Ma&#039;ili Elementary School<\/li>\n\n\n\n<li>Major General William R. Shafter Elementary School<\/li>\n\n\n\n<li>Major Sheldon Wheeler Elementary School<\/li>\n\n\n\n<li>Major Sheldon Wheeler Middle School<\/li>\n\n\n\n<li>M\u0101kaha Elementary School<\/li>\n\n\n\n<li>Makakilo Elementary School<\/li>\n\n\n\n<li>Makalapa Elementary School<\/li>\n\n\n\n<li>M\u0101lama Honua Public Charter School*<\/li>\n\n\n\n<li>Aoga Tulaga Lua a M\u0101nana<\/li>\n\n\n\n<li>Aoga Tulaga Lua a M\u0101noa<\/li>\n\n\n\n<li>Mauka Lani Elementary School<\/li>\n\n\n\n<li>Maunawili Elementary School<\/li>\n\n\n\n<li>Pulenuu John H. Wilson Elementary School<\/li>\n\n\n\n<li>Pulenuu Joseph J. Fern Elementary School<\/li>\n\n\n\n<li>Aoga Maualuga a Mililani<\/li>\n\n\n\n<li>Mililani \u02bbIke Elementary School<\/li>\n\n\n\n<li>Mililani Mauka Elementary School<\/li>\n\n\n\n<li>Mililani Middle School<\/li>\n\n\n\n<li>Mililani Uka Elementary School<\/li>\n\n\n\n<li>Mililani Waena Elementary School<\/li>\n\n\n\n<li>Moanalua Elementary School<\/li>\n\n\n\n<li>Aoga Maualuga a Moanalua<\/li>\n\n\n\n<li>Moanalua Middle School<\/li>\n<\/ul>\n<\/div>\n\n\n\n<div class=\"wp-block-column is-layout-flow wp-block-column-is-layout-flow\">\n<ul class=\"wp-block-list\">\n<li>Aoga Tulaga Lua a M\u014dkapu<\/li>\n\n\n\n<li>Aoga Tulaga Lua a Mokulele<\/li>\n\n\n\n<li>Momilani Elementary School<\/li>\n\n\n\n<li>Myron B. Thompson Academy*<\/li>\n\n\n\n<li>Aoga Tulaga Lua a N\u0101n\u0101ikapono<\/li>\n\n\n\n<li>Aoga Tulagalua a N\u0101n\u0101kuli<\/li>\n\n\n\n<li>A&#039;oga Maualuga &amp; Tulaga Lua a N\u0101n\u0101kuli<\/li>\n\n\n\n<li>Niu Valley Middle School<\/li>\n\n\n\n<li>Noelani Elementary School<\/li>\n\n\n\n<li>Aoga Tulaga Lua a Nu&#039;uanu<\/li>\n\n\n\n<li>Aoga a Olomana<\/li>\n\n\n\n<li>Palisades Elementary School<\/li>\n\n\n\n<li>P\u0101lolo Elementary School<\/li>\n\n\n\n<li>Parkway Village Preschool*<\/li>\n\n\n\n<li>Pauoa Elementary School<\/li>\n\n\n\n<li>Aoga Tulaga Lua a Penina<\/li>\n\n\n\n<li>Aoga Maualuga a Penina City<\/li>\n\n\n\n<li>Pearl City Highlands Elementary School<\/li>\n\n\n\n<li>Aoga Tulaga Lua a Pearl Harbor<\/li>\n\n\n\n<li>Aoga Tulaga Lua a Pearl Harbor Kai<\/li>\n\n\n\n<li>Aoga Tulaga Lua a Pearl Ridge<\/li>\n\n\n\n<li>P\u014dh\u0101kea Elementary School<\/li>\n\n\n\n<li>Peresitene Abraham Lincoln Elementary School<\/li>\n\n\n\n<li>Peresitene George Washington Middle School<\/li>\n\n\n\n<li>Peresitene Theodore Roosevelt High School<\/li>\n\n\n\n<li>Peresitene Thomas Jefferson Elementary School<\/li>\n\n\n\n<li>Peresitene William McKinley High School<\/li>\n\n\n\n<li>Prince David Kaw\u0101nanakoa Middle School<\/li>\n\n\n\n<li>Prince Jonah K\u016bhi\u014d Elementary School<\/li>\n\n\n\n<li>Princess Miriam K. Likelike Elementary School<\/li>\n\n\n\n<li>Princess Ruth Ke\u02bbelik\u014dlani Middle School<\/li>\n\n\n\n<li>Princess Victoria Ka\u02bbiulani Elementary School<\/li>\n\n\n\n<li>A&#039;oga Tulagalua o P\u016b&#039;\u014dhala<\/li>\n\n\n\n<li>Pu&#039;uhale Elementary School<\/li>\n\n\n\n<li>Queen Ka&#039;ahumanu Elementary School<\/li>\n\n\n\n<li>Aoga Tulaga Lua a Red Hill<\/li>\n\n\n\n<li>Reverend Benjamin Parker Elementary School<\/li>\n\n\n\n<li>Robert Louis Stevenson Aoga Tulagalua<\/li>\n\n\n\n<li>Royal Elementary School<\/li>\n\n\n\n<li>Aoga Tulagalua a Sate Leki<\/li>\n\n\n\n<li>SEEQS: the School for Examining Essential Questions of Sustainability*<\/li>\n\n\n\n<li>Sunset Beach Elementary School<\/li>\n\n\n\n<li>University Laboratory School*<\/li>\n\n\n\n<li>Voyager Public Charter School*<\/li>\n\n\n\n<li>Wahiaw\u0101 Elementary School<\/li>\n\n\n\n<li>Wahiaw\u0101 Middle School<\/li>\n\n\n\n<li>Wai\u0101hole Elementary School<\/li>\n\n\n\n<li>Waialua Elementary School<\/li>\n\n\n\n<li>Waialua High &amp; Intermediate School<\/li>\n\n\n\n<li>Aoga Tulaga Lua a Waiau<\/li>\n\n\n\n<li>Wai\u02bbalae Elementary Public Charter School*<\/li>\n\n\n\n<li>A&#039;oga Tulagalua a Wai&#039;anae<\/li>\n\n\n\n<li>A&#039;oga Maualuga a Wai&#039;anae<\/li>\n\n\n\n<li>Wai&#039;anae Intermediate School<\/li>\n\n\n\n<li>Waikele Elementary School<\/li>\n\n\n\n<li>Waik\u012bk\u012b Community Preschool*<\/li>\n\n\n\n<li>A&#039;oga Tulagalua a Waik\u012bk\u012b<\/li>\n\n\n\n<li>Waimalu Elementary School<\/li>\n\n\n\n<li>Waim\u0101nalo Elementary &amp; Intermediate School<\/li>\n\n\n\n<li>Waipahu Elementary School<\/li>\n\n\n\n<li>Aoga Maualuga a Waipahu<\/li>\n\n\n\n<li>Waipahu Intermediate School<\/li>\n\n\n\n<li>William P. Jarrett Middle School<\/li>\n<\/ul>\n<\/div>\n<\/div>\n\n\n\n<h3 class=\"wp-block-heading\">Hawai\u02bbi<\/h3>\n\n\n\n<div class=\"wp-block-columns is-layout-flex wp-container-core-columns-is-layout-28f84493 wp-block-columns-is-layout-flex\">\n<div class=\"wp-block-column is-layout-flow wp-block-column-is-layout-flow\">\n<ul class=\"wp-block-list\">\n<li>Tama&#039;ita&#039;i Sili o Kapi&#039;olani Elementary School<\/li>\n\n\n\n<li>Connections Public Charter School*<\/li>\n\n\n\n<li>Ernest Bowen DeSilva Elementary School<\/li>\n\n\n\n<li>Ha&#039;aheo Elementary School<\/li>\n\n\n\n<li>Hawai\u02bbi Academy of Arts &amp; Science*<\/li>\n\n\n\n<li>Aoga Maualuga a Hilo<\/li>\n\n\n\n<li>Hilo Intermediate School<\/li>\n\n\n\n<li>Hilo Union Elementary School<\/li>\n\n\n\n<li>Aoga Tulagalua a Ho&#039;okena<\/li>\n\n\n\n<li>Aoga Tulaga Lua a H\u014dlualoa<\/li>\n\n\n\n<li>Aoga Tulaga a H\u014dnaunau<\/li>\n\n\n\n<li>Aoga Tulaga Lua a Honoka\u02bba<\/li>\n\n\n\n<li>Honoka\u02bba High &amp; Intermediate School<\/li>\n\n\n\n<li>Innovations Public Charter School*<\/li>\n\n\n\n<li>Ka \u02bbUmeke K\u0101\u02bbeo*<\/li>\n\n\n\n<li>Kahakai Elementary School<\/li>\n\n\n\n<li>Ka&#039;\u016b High &amp; P\u0101hala Elementary School<\/li>\n\n\n\n<li>Ka&#039;\u016bmana Elementary School<\/li>\n\n\n\n<li>Kanu o ka \u02bb\u0100ina New Century Public Charter School*<\/li>\n<\/ul>\n<\/div>\n\n\n\n<div class=\"wp-block-column is-layout-flow wp-block-column-is-layout-flow\">\n<ul class=\"wp-block-list\">\n<li>Ke Ana La\u02bbahana Public Charter School*<\/li>\n\n\n\n<li>Ke Kula \u02bbO \u02bbEhunuikaimalino<\/li>\n\n\n\n<li>Ke Kula \u02bbO N\u0101wah\u012bokalani\u02bb\u014dpu\u02bbu Iki Lab Public Charter School*<\/li>\n\n\n\n<li>A&#039;oga Tulagalua a Kea&#039;au<\/li>\n\n\n\n<li>A&#039;oga Maualuga a Kea&#039;au<\/li>\n\n\n\n<li>Kea&#039;au Middle School<\/li>\n\n\n\n<li>Kealakehe Elementary School<\/li>\n\n\n\n<li>Kealakehe High School<\/li>\n\n\n\n<li>Kealakehe Intermediate School<\/li>\n\n\n\n<li>Keaukaha Elementary School<\/li>\n\n\n\n<li>Keonepoko Elementary School<\/li>\n\n\n\n<li>Aoga Tulaga Lua a Kohala<\/li>\n\n\n\n<li>Aoga Maualuga a Kohala<\/li>\n\n\n\n<li>Kohala Middle School<\/li>\n\n\n\n<li>Kona Pacific Public Charter School*<\/li>\n\n\n\n<li>Konawaena Elementary School<\/li>\n\n\n\n<li>Aoga Maualuga a Konawaena<\/li>\n\n\n\n<li>Konawaena Middle School<\/li>\n<\/ul>\n<\/div>\n\n\n\n<div class=\"wp-block-column is-layout-flow wp-block-column-is-layout-flow\">\n<ul class=\"wp-block-list\">\n<li>Kua O Ka L\u0101 New Century Public Charter School*<\/li>\n\n\n\n<li>Laup\u0101hoehoe Community \u2014 Public Charter School*<\/li>\n\n\n\n<li>A&#039;oga Elementary View Mountain<\/li>\n\n\n\n<li>N\u0101 Wai Ola Public Charter School*<\/li>\n\n\n\n<li>Na\u02bb\u0101lehu Elementary School<\/li>\n\n\n\n<li>Aoga Tulaga Lua a P\u0101hoa<\/li>\n\n\n\n<li>P\u0101hoa High &amp; Intermediate School<\/li>\n\n\n\n<li>Pa&#039;auilo Elementary &amp; Intermediate School<\/li>\n\n\n\n<li>Prince Jonah K\u016bhi\u014d Kalaniana\u02bbole Elementary<\/li>\n\n\n\n<li>Volcano School of Arts &amp; Sciences*<\/li>\n\n\n\n<li>A&#039;oga Tulagalua a Wai\u0101kea<\/li>\n\n\n\n<li>Aoga Maualuga a Waiakea<\/li>\n\n\n\n<li>Wai\u0101kea Intermediate School<\/li>\n\n\n\n<li>Wai\u0101keawaena Elementary School<\/li>\n\n\n\n<li>Waikoloa Elementary &amp; Middle School<\/li>\n\n\n\n<li>Waimea Elementary School<\/li>\n\n\n\n<li>Waimea Middle Public Conversion Charter School*<\/li>\n\n\n\n<li>West Hawai\u2018i Explorations Public Charter School*<\/li>\n<\/ul>\n<\/div>\n<\/div>\n\n\n\n<h3 class=\"wp-block-heading\">Maui<\/h3>\n\n\n\n<div class=\"wp-block-columns is-layout-flex wp-container-core-columns-is-layout-28f84493 wp-block-columns-is-layout-flex\">\n<div class=\"wp-block-column is-layout-flow wp-block-column-is-layout-flow\">\n<ul class=\"wp-block-list\">\n<li>Aoga Tulagalua a Ha\u02bbik\u016b<\/li>\n\n\n\n<li>H\u0101na High &amp; Elementary School<\/li>\n\n\n\n<li>Henry Perrine Baldwin High School<\/li>\n\n\n\n<li>&#039;\u012aao Intermediate School<\/li>\n\n\n\n<li>Kahului Elementary School<\/li>\n\n\n\n<li>A&#039;oga Tulagalua a Kamali&#039;i<\/li>\n\n\n\n<li>K\u012bhei Charter School*<\/li>\n\n\n\n<li>K\u012bhei Elementary School<\/li>\n\n\n\n<li>Kilohana Elementary School<\/li>\n\n\n\n<li>King Kamehameha III Elementary School<\/li>\n<\/ul>\n<\/div>\n\n\n\n<div class=\"wp-block-column is-layout-flow wp-block-column-is-layout-flow\">\n<ul class=\"wp-block-list\">\n<li>King Kekaulike High School<\/li>\n\n\n\n<li>Kula Elementary School<\/li>\n\n\n\n<li>Aoga Maualuga a K\u016blanih\u0101ko\u02bbi<\/li>\n\n\n\n<li>Lahaina Intermediate School<\/li>\n\n\n\n<li>Aoga Maualuga a Lahainaluna<\/li>\n\n\n\n<li>Lihikai Elementary School<\/li>\n\n\n\n<li>Lokelani Intermediate School<\/li>\n\n\n\n<li>Makawao Elementary School<\/li>\n\n\n\n<li>Aoga Maualuga a Maui<\/li>\n\n\n\n<li>Maui Waena Intermediate School<\/li>\n<\/ul>\n<\/div>\n\n\n\n<div class=\"wp-block-column is-layout-flow wp-block-column-is-layout-flow\">\n<ul class=\"wp-block-list\">\n<li>P\u0101&#039;ia Elementary School<\/li>\n\n\n\n<li>Pomaika&#039;i Elementary School<\/li>\n\n\n\n<li>Princess N\u0101hi\u02bbena\u02bbena Elementary School<\/li>\n\n\n\n<li>Pu&#039;u Kukui Elementary School<\/li>\n\n\n\n<li>Pukalani Elementary School<\/li>\n\n\n\n<li>Samuel E. Kalama Intermediate School<\/li>\n\n\n\n<li>A&#039;oga Tulagalua a Waihe&#039;e<\/li>\n\n\n\n<li>Aoga Tulagalua a Wailuku<\/li>\n<\/ul>\n<\/div>\n<\/div>\n\n\n\n<h3 class=\"wp-block-heading\">Kaua&#039;i<\/h3>\n\n\n\n<div class=\"wp-block-columns is-layout-flex wp-container-core-columns-is-layout-28f84493 wp-block-columns-is-layout-flex\">\n<div class=\"wp-block-column is-layout-flow wp-block-column-is-layout-flow\">\n<ul class=\"wp-block-list\">\n<li>Alaka\u02bbi O Kaua\u02bbi Charter School*<\/li>\n\n\n\n<li>Chiefess Kamakahelei Middle<\/li>\n\n\n\n<li>Elsie H. Wilcox Elementary School<\/li>\n\n\n\n<li>Hanalei Elementary School<\/li>\n\n\n\n<li>&#039;Ele&#039;ele Elementary School<\/li>\n\n\n\n<li>Kal\u0101heo Elementary School<\/li>\n\n\n\n<li>Kanuikapono Public Charter School*<\/li>\n<\/ul>\n<\/div>\n\n\n\n<div class=\"wp-block-column is-layout-flow wp-block-column-is-layout-flow\">\n<ul class=\"wp-block-list\">\n<li>Aoga Tulaga Lua a Kapa&#039;a<\/li>\n\n\n\n<li>Aoga Maualuga a Kapa&#039;a<\/li>\n\n\n\n<li>Kapa&#039;a Middle School<\/li>\n\n\n\n<li>Aoga Maualuga a Kaua\u02bbi<\/li>\n\n\n\n<li>Kawaikini New Century Public Charter School*<\/li>\n\n\n\n<li>Ke Kula Niihau o Kekaha*<\/li>\n\n\n\n<li>Kekaha Elementary School<\/li>\n<\/ul>\n<\/div>\n\n\n\n<div class=\"wp-block-column is-layout-flow wp-block-column-is-layout-flow\">\n<ul class=\"wp-block-list\">\n<li>A&#039;oga Tulagalua a K\u012blauea<\/li>\n\n\n\n<li>A&#039;oga Tulaga Lua a Tupu Kaumuali&#039;i<\/li>\n\n\n\n<li>Aoga Tulaga Lua a Koloa<\/li>\n\n\n\n<li>Kula Aupuni Niihau A Kahelelani Aloha &#8211; A New Century Public Charter School*<\/li>\n\n\n\n<li>Namahana School*<\/li>\n\n\n\n<li>Waimea Canyon Middle School<\/li>\n\n\n\n<li>Aoga Maualuga a Waimea<\/li>\n<\/ul>\n<\/div>\n<\/div>\n\n\n\n<h3 class=\"wp-block-heading\">Molokai<\/h3>\n\n\n\n<div class=\"wp-block-columns is-layout-flex wp-container-core-columns-is-layout-28f84493 wp-block-columns-is-layout-flex\">\n<div class=\"wp-block-column is-layout-flow wp-block-column-is-layout-flow\">\n<ul class=\"wp-block-list\">\n<li>Kaunakakai Elementary School<\/li>\n\n\n\n<li>Kilohana Elementary School<\/li>\n<\/ul>\n<\/div>\n\n\n\n<div class=\"wp-block-column is-layout-flow wp-block-column-is-layout-flow\">\n<ul class=\"wp-block-list\">\n<li>Kualapu\u02bbu Conversion Charter School*<\/li>\n\n\n\n<li>Maunaloa Elementary School<\/li>\n<\/ul>\n<\/div>\n\n\n\n<div class=\"wp-block-column is-layout-flow wp-block-column-is-layout-flow\">\n<ul class=\"wp-block-list\">\n<li>Aoga Maualuga a Molokai<\/li>\n\n\n\n<li>Molokai Middle School<\/li>\n<\/ul>\n<\/div>\n<\/div>\n\n\n\n<h3 class=\"wp-block-heading\">L\u0101na\u02bbi<\/h3>\n\n\n\n<ul class=\"wp-block-list\">\n<li>L\u0101na\u02bbi High &amp; Elementary School<\/li>\n<\/ul>\n\n\n\n<h3 class=\"wp-block-heading\">Niihau<\/h3>\n\n\n\n<ul class=\"wp-block-list\">\n<li>Niihau High &amp; Elementary School<\/li>\n<\/ul>\n\n\n\n<p><\/p>\n\n\n\n<p><\/p>","protected":false},"excerpt":{"rendered":"<p>The Department\u2019s adoption of N\u0101 Hopena A\u02bbo learning outcomes marked a strengthened commitment to ensure our students engage in learning environments rooted in Hawai\u02bbi. The Department aims to establish consistency in the use of \u02bb\u014dlelo Hawai\u02bbi across memos, documents, reports, public-facing websites and other communications.&nbsp; Hawai\u02bbi State Board of Education Policy 301-8 stipulates that \u201cA [&hellip;]<\/p>","protected":false},"author":8,"featured_media":0,"parent":148,"menu_order":22,"comment_status":"closed","ping_status":"closed","template":"","meta":{"_relevanssi_hide_post":"","_relevanssi_hide_content":"","_relevanssi_pin_for_all":"","_relevanssi_pin_keywords":"","_relevanssi_unpin_keywords":"","_relevanssi_related_keywords":"","_relevanssi_related_include_ids":"","_relevanssi_related_exclude_ids":"","_relevanssi_related_no_append":"","_relevanssi_related_not_related":"","_relevanssi_related_posts":"","_relevanssi_noindex_reason":"","_sitemap_exclude":false,"_sitemap_priority":"","_sitemap_frequency":"","_kad_blocks_custom_css":"","_kad_blocks_head_custom_js":"","_kad_blocks_body_custom_js":"","_kad_blocks_footer_custom_js":"","wp_popup_display_lightbox":0,"wp_popup_suppress":"","wp_popup_trigger":"","wp_popup_trigger_amount":0,"wp_popup_disable_on_mobile":false,"footnotes":""},"class_list":["post-550","page","type-page","status-publish","hentry"],"pp_statuses_selecting_workflow":false,"pp_workflow_action":"current","pp_status_selection":"publish","taxonomy_info":[],"featured_image_src_large":false,"author_info":{"display_name":"Ariana Enomoto","author_link":"https:\/\/hawaiipublicschools.org\/sm\/author\/arianastaceyleong-com\/"},"comment_info":0,"publishpress_future_action":{"enabled":false,"date":"2026-05-16 03:51:31","action":"change-status","newStatus":"draft","terms":[],"taxonomy":"","extraData":[]},"publishpress_future_workflow_manual_trigger":{"enabledWorkflows":[]},"_links":{"self":[{"href":"https:\/\/hawaiipublicschools.org\/sm\/wp-json\/wp\/v2\/pages\/550","targetHints":{"allow":["GET"]}}],"collection":[{"href":"https:\/\/hawaiipublicschools.org\/sm\/wp-json\/wp\/v2\/pages"}],"about":[{"href":"https:\/\/hawaiipublicschools.org\/sm\/wp-json\/wp\/v2\/types\/page"}],"author":[{"embeddable":true,"href":"https:\/\/hawaiipublicschools.org\/sm\/wp-json\/wp\/v2\/users\/8"}],"replies":[{"embeddable":true,"href":"https:\/\/hawaiipublicschools.org\/sm\/wp-json\/wp\/v2\/comments?post=550"}],"version-history":[{"count":0,"href":"https:\/\/hawaiipublicschools.org\/sm\/wp-json\/wp\/v2\/pages\/550\/revisions"}],"up":[{"embeddable":true,"href":"https:\/\/hawaiipublicschools.org\/sm\/wp-json\/wp\/v2\/pages\/148"}],"wp:attachment":[{"href":"https:\/\/hawaiipublicschools.org\/sm\/wp-json\/wp\/v2\/media?parent=550"}],"curies":[{"name":"wp","href":"https:\/\/api.w.org\/{rel}","templated":true}]}}