{"id":4648,"date":"2024-12-19T13:15:29","date_gmt":"2024-12-19T21:15:29","guid":{"rendered":"https:\/\/hawaiipublicschools.org\/?page_id=4648"},"modified":"2025-11-28T08:23:44","modified_gmt":"2025-11-28T18:23:44","slug":"enrollment-faqs","status":"publish","type":"page","link":"https:\/\/hawaiipublicschools.org\/sm\/enrolling-in-school\/enrollment-faqs\/","title":{"rendered":"Fa&#039;ailoga FAQs"},"content":{"rendered":"<p class=\"intro\">Saili tali i fesili masani e uiga i le lesitalaina o lau tama.<\/p>\n\n\n\n<h2 class=\"wp-block-heading\">Fesili Lautele<\/h2>\n\n\n\n<h3 class=\"wp-block-heading\">E fa&#039;apefea ona fa&#039;atulagaina a&#039;oga a le Matagaluega o A&#039;oga a le Setete o Hawai&#039;i?<\/h3>\n\n\n\n<p class=\"entry-content .center has--font-size\">The Hawai\u02bbi State Department of Education is made up of 296 schools, comprised of 258 public schools and 38 charter schools. All of these schools belong to one statewide public school district, organized into 15 regional&nbsp;complex areas. Each&nbsp;complex area&nbsp;consists of two to four \u201ccomplexes\u201d\u2014a group of schools that includes a high school and its feeder elementary and middle schools.<\/p>\n\n\n\n<h3 class=\"wp-block-heading\">O le a le matua e fa&#039;atulafonoina ai le a&#039;oga?<\/h3>\n\n\n\n<p>E fa&#039;atulafonoina le a&#039;oga i Hawai&#039;i mo tamaiti a&#039;oga e 5 tausaga (mai ia Iulai 31 o le tausaga a&#039;oga) e o&#039;o atu i le 18 (e o&#039;o ia Ian. 1 o se tausaga a&#039;oga). Faamolemole silasila mai&nbsp;<a href=\"http:\/\/www.capitol.hawaii.gov\/hrscurrent\/Vol05_Ch0261-0319\/HRS0302A\/HRS_0302A-1132.HTM\" target=\"_blank\" rel=\"noreferrer noopener\">HRS 302A-1132<\/a>&nbsp;mo fa&#039;amatalaga.<\/p>\n\n\n\n<h3 class=\"wp-block-heading\">O le fea a&#039;oga e tatau ona lesitala ai la&#039;u tama?<\/h3>\n\n\n\n<p>E mana&#039;omia lou alo e alu i le a&#039;oga e tautuaina le itumalo fa&#039;afanua o lo&#039;o nonofo ai. E mafai ona e fa\u02bbaaogaina a matou&nbsp;<a href=\"https:\/\/hidoe.maps.arcgis.com\/apps\/webappviewer\/index.html?id=69f6b96049794d5592bb355b9cf12ec4\" target=\"_blank\" rel=\"noreferrer noopener\">Su&#039;e Nofoaga A&#039;oga<\/a>&nbsp;meafaigaluega e va&#039;ai ai tua&#039;oi a le itumalo ma le a&#039;oga. Tusi lou tuatusi fale i le tulimanu agavale pito i luga o le saite, e aofia ai le aai ma o le a fa&#039;aosoina oe i totonu o le vaega o auaunaga mo lou fale. Matou te fautuaina fo&#039;i e fa&#039;afeso&#039;ota&#039;i sa&#039;o le a&#039;oga e fa&#039;amaonia pe o tautua i lou fale.<\/p>\n\n\n\n<h3 class=\"wp-block-heading\">Ae fa&#039;afefea pe a o&#039;o i lo&#039;u aiga ni fale le mautu?<\/h3>\n\n\n\n<p>O aiga o lo&#039;o feagai ma fale le mautu e iai aia tatau i lalo o le McKinney-Vento Act e fa&#039;amautinoa ai e fa&#039;aauau pea le avanoa a latou fanau i a&#039;oga ma auaunaga. Aoao e uiga i&nbsp;<a href=\"https:\/\/hawaiipublicschools.org\/sm\/DOE%20Forms\/OSSS\/Rights%20under%20the%20McKinney-Vento%20Act.pdf\/\" target=\"_blank\" rel=\"noreferrer noopener\">Aia tatau i lalo o le McKinney-Vento Act (PDF)<\/a>.<\/p>\n\n\n\n<p><strong>Su&#039;esu&#039;ega e Su&#039;esu&#039;e ai le Agava&#039;a<\/strong> (MV1 form)<br>Ina ia iloa le agavaa i lalo o le McKinney-Vento Act, faamolemole faila a&nbsp;<a href=\"https:\/\/hawaiipublicschools.org\/sm\/DOE%20Forms\/MV1.pdf\/\" target=\"_blank\" rel=\"noreferrer noopener\">Su&#039;esu&#039;ega e Su&#039;esu&#039;eina Agava&#039;a - Igilisi (PDF)<\/a>. Fa&#039;aliliuga o lo&#039;o i lalo.<\/p>\n\n\n\n<div class=\"wp-block-columns is-layout-flex wp-container-core-columns-is-layout-28f84493 wp-block-columns-is-layout-flex\">\n<div class=\"wp-block-column is-layout-flow wp-block-column-is-layout-flow\" style=\"flex-basis:33.33%\">\n<ul class=\"wp-block-list\">\n<li><a href=\"https:\/\/hawaiipublicschools.org\/sm\/DOE%20Forms\/MVA\/MV1_CEBUANO.pdf\/\" target=\"_blank\" rel=\"noreferrer noopener\">Cebuano (PDF)<\/a><\/li>\n\n\n\n<li><a href=\"https:\/\/hawaiipublicschools.org\/sm\/DOE%20Forms\/MVA\/MV1_CHINESES.pdf\/\" target=\"_blank\" rel=\"noreferrer noopener\">Saina (Fa&#039;afaigofie) (PDF)<\/a><\/li>\n\n\n\n<li><a href=\"https:\/\/hawaiipublicschools.org\/sm\/DOE%20Forms\/MVA\/MV1_CHINESET.pdf\/\" target=\"_blank\" rel=\"noreferrer noopener\">Saina (Fa&#039;aleaganu&#039;u) (PDF)<\/a><\/li>\n\n\n\n<li><a href=\"https:\/\/hawaiipublicschools.org\/sm\/DOE%20Forms\/MVA\/MV1_CHUKKESE.pdf\/\" target=\"_blank\" rel=\"noreferrer noopener\">Chuukese (PDF)<\/a><\/li>\n\n\n\n<li><a href=\"https:\/\/hawaiipublicschools.org\/sm\/DOE%20Forms\/MVA\/MV1_HAWAIIAN.pdf\/\" target=\"_blank\" rel=\"noreferrer noopener\">Hawaii (PDF)<\/a><\/li>\n<\/ul>\n<\/div>\n\n\n\n<div class=\"wp-block-column is-layout-flow wp-block-column-is-layout-flow\" style=\"flex-basis:33.33%\">\n<ul class=\"wp-block-list\">\n<li><a href=\"https:\/\/hawaiipublicschools.org\/sm\/DOE%20Forms\/MVA\/MV1_ILOCANO.pdf\/\" target=\"_blank\" rel=\"noreferrer noopener\">Ilokano (PDF)<\/a><\/li>\n\n\n\n<li><a href=\"https:\/\/hawaiipublicschools.org\/sm\/DOE%20Forms\/MVA\/MV1_JAPANESE.pdf\/\" target=\"_blank\" rel=\"noreferrer noopener\">Iapani (PDF)<\/a><\/li>\n\n\n\n<li><a href=\"https:\/\/hawaiipublicschools.org\/sm\/DOE%20Forms\/MVA\/MV1_KOREAN.pdf\/\" target=\"_blank\" rel=\"noreferrer noopener\">Korea (PDF)<\/a><\/li>\n\n\n\n<li><a href=\"https:\/\/hawaiipublicschools.org\/sm\/DOE%20Forms\/MVA\/MV1_MARSHALLESE.pdf\/\" target=\"_blank\" rel=\"noreferrer noopener\">Marshallese (PDF)<\/a><\/li>\n\n\n\n<li><a href=\"https:\/\/hawaiipublicschools.org\/sm\/DOE%20Forms\/MVA\/MV1_SAMOAN.pdf\/\" target=\"_blank\" rel=\"noreferrer noopener\">Samoa (PDF)<\/a><\/li>\n<\/ul>\n<\/div>\n\n\n\n<div class=\"wp-block-column is-layout-flow wp-block-column-is-layout-flow\" style=\"flex-basis:33.33%\">\n<ul class=\"wp-block-list\">\n<li><a href=\"https:\/\/hawaiipublicschools.org\/sm\/DOE%20Forms\/MVA\/MV1_SPANISH.pdf\/\" target=\"_blank\" rel=\"noreferrer noopener\">Sipaniolo (PDF)<\/a><\/li>\n\n\n\n<li><a href=\"https:\/\/hawaiipublicschools.org\/sm\/DOE%20Forms\/MVA\/MV1_TAGALOG.pdf\/\" target=\"_blank\" rel=\"noreferrer noopener\">Tagalog (PDF)<\/a><\/li>\n\n\n\n<li><a href=\"https:\/\/hawaiipublicschools.org\/sm\/DOE%20Forms\/MVA\/MV1_TONGAN.pdf\/\" target=\"_blank\" rel=\"noreferrer noopener\">Toga (PDF)<\/a><\/li>\n\n\n\n<li><a href=\"https:\/\/hawaiipublicschools.org\/sm\/DOE%20Forms\/MVA\/MV1_VIETNAMESE.pdf\/\" target=\"_blank\" rel=\"noreferrer noopener\">Vietnamese (PDF)<\/a><\/li>\n<\/ul>\n<\/div>\n<\/div>\n\n\n\n<p><strong>Aia Tatau mo Aiga i le Fa&#039;asalalau Fale Le mautu<\/strong><br>Mo matua ma aiga i lalo o McKinney-Vento, faamolemole toe iloilo lau <a href=\"https:\/\/hawaiipublicschools.org\/sm\/DOE%20Forms\/OSSS\/200730_EHCYPoster_FINAL.jpg\/\" target=\"_blank\" rel=\"noreferrer noopener\">Aia Tatau mo Aiga i Fale Le mautu \u2013 Igilisi (PDF)<\/a>. Fa&#039;aliliuga o lo&#039;o i lalo.<\/p>\n\n\n\n<div class=\"wp-block-columns is-layout-flex wp-container-core-columns-is-layout-28f84493 wp-block-columns-is-layout-flex\">\n<div class=\"wp-block-column is-layout-flow wp-block-column-is-layout-flow\" style=\"flex-basis:33.33%\">\n<ul class=\"wp-block-list\">\n<li><a href=\"https:\/\/hawaiipublicschools.org\/sm\/DOE%20Forms\/MVA\/MVA_CEBUANO.pdf\/\" target=\"_blank\" rel=\"noreferrer noopener\">Cebuano (PDF)<\/a><\/li>\n\n\n\n<li><a href=\"https:\/\/hawaiipublicschools.org\/sm\/DOE%20Forms\/MVA\/MVA_SCHINESE.pdf\/\" target=\"_blank\" rel=\"noreferrer noopener\">Saina (Fa&#039;afaigofie) (PDF)<\/a><\/li>\n\n\n\n<li><a href=\"https:\/\/hawaiipublicschools.org\/sm\/DOE%20Forms\/MVA\/MVA_TCHINESE.pdf\/\" target=\"_blank\" rel=\"noreferrer noopener\">Saina (Fa&#039;aleaganu&#039;u) (PDF)<\/a><\/li>\n\n\n\n<li><a href=\"https:\/\/hawaiipublicschools.org\/sm\/DOE%20Forms\/MVA\/MVA_CHUUKESE.pdf\/\" target=\"_blank\" rel=\"noreferrer noopener\">Chuukese (PDF)<\/a><\/li>\n\n\n\n<li><a href=\"https:\/\/hawaiipublicschools.org\/sm\/DOE%20Forms\/MVA\/MVA_HAWAIIAN.pdf\/\" target=\"_blank\" rel=\"noreferrer noopener\">Hawaii (PDF)<\/a><\/li>\n<\/ul>\n<\/div>\n\n\n\n<div class=\"wp-block-column is-layout-flow wp-block-column-is-layout-flow\" style=\"flex-basis:33.33%\">\n<ul class=\"wp-block-list\">\n<li><a href=\"https:\/\/hawaiipublicschools.org\/sm\/DOE%20Forms\/MVA\/MVA_ILOCANO.pdf\/\" target=\"_blank\" rel=\"noreferrer noopener\">Ilokano (PDF)<\/a><\/li>\n\n\n\n<li><a href=\"https:\/\/hawaiipublicschools.org\/sm\/DOE%20Forms\/MVA\/MVA_JAPANESE.pdf\/\" target=\"_blank\" rel=\"noreferrer noopener\">Iapani (PDF)<\/a><\/li>\n\n\n\n<li><a href=\"https:\/\/hawaiipublicschools.org\/sm\/DOE%20Forms\/MVA\/MVA_KOREAN.pdf\/\" target=\"_blank\" rel=\"noreferrer noopener\">Korea (PDF)<\/a><\/li>\n\n\n\n<li><a href=\"https:\/\/hawaiipublicschools.org\/sm\/DOE%20Forms\/MVA\/MVA_MARSHALLESE.pdf\/\" target=\"_blank\" rel=\"noreferrer noopener\">Marshallese (PDF)<\/a><\/li>\n<\/ul>\n<\/div>\n\n\n\n<div class=\"wp-block-column is-layout-flow wp-block-column-is-layout-flow\" style=\"flex-basis:33.33%\">\n<ul class=\"wp-block-list\">\n<li><a href=\"https:\/\/hawaiipublicschools.org\/sm\/DOE%20Forms\/MVA\/MVA_SAMOAN.pdf\/\" target=\"_blank\" rel=\"noreferrer noopener\">Samoa (PDF)<\/a><\/li>\n\n\n\n<li><a href=\"https:\/\/hawaiipublicschools.org\/sm\/DOE%20Forms\/MVA\/MVA_SPANISH.pdf\/\" target=\"_blank\" rel=\"noreferrer noopener\">Sipaniolo (PDF)<\/a><\/li>\n\n\n\n<li><a href=\"https:\/\/hawaiipublicschools.org\/sm\/DOE%20Forms\/MVA\/MVA_TAGALOG.pdf\/\" target=\"_blank\" rel=\"noreferrer noopener\">Tagalog (PDF)<\/a><\/li>\n\n\n\n<li><a href=\"https:\/\/hawaiipublicschools.org\/sm\/DOE%20Forms\/MVA\/MVA_TONGAN.pdf\/\" target=\"_blank\" rel=\"noreferrer noopener\">Toga (PDF)<\/a><\/li>\n<\/ul>\n<\/div>\n<\/div>\n\n\n\n<p><strong>Su&#039;e se Feso&#039;ota&#039;iga a Nuu<\/strong><br>Feso&#039;ota&#039;iga fa&#039;alapotopotoga o lo&#039;o tofia i nofoaga fa&#039;apitoa fa&#039;alavelave, fesoasoani i tamaiti a&#039;oga i fale le mautu ma fa&#039;atumauina so&#039;otaga ma pa&#039;aga a le nu&#039;u ma punaoa. Su&#039;e lau feso&#039;ota&#039;iga nu&#039;u iinei: <a href=\"https:\/\/docs.google.com\/spreadsheets\/d\/14bLiX0YVH59fEo_IiV825fX2D0S3kiVuKN1W7WisDWo\/edit#gid=1131496463\" target=\"_blank\" rel=\"noreferrer noopener\">Liaison List HIEHCY 2024-2025<\/a>&nbsp;<a href=\"https:\/\/docs.google.com\/spreadsheets\/d\/14bLiX0YVH59fEo_IiV825fX2D0S3kiVuKN1W7WisDWo\/edit#gid=1131496463\" target=\"_blank\" rel=\"noreferrer noopener\">(Google Pepa)<\/a>.<\/p>\n\n\n\n<p><strong>Femalagaa&#039;i pasi e leai se totogi<\/strong><br>O tamaiti a&#039;oga e agava&#039;a mo fesoasoani i lalo o le McKinney-Vento Act e ono agava&#039;a mo le ave pasi e leai se totogi i le aoga. Fa&#039;amolemole galulue fa&#039;atasi ma tagata e leai ni fale i lau a&#039;oga e fa&#039;amautu le agava&#039;a, ma fa&#039;amautu se pasi pasi pe a talafeagai.<\/p>\n\n\n\n<p>Mo nisi fesili po&#039;o ni atugaluga, fa&#039;amolemole fa&#039;afeso&#039;ota&#039;i le polokalame Education for Homeless Children and Youth i le (808) 348-0304 po&#039;o le (808) 723-4192.<\/p>\n\n\n\n<h3 class=\"wp-block-heading\">Aisea e fesili ai le pepa lesitala mo ituaiga ma ituaiga?<\/h3>\n\n\n\n<p>E mana&#039;omia e le Matagaluega o A&#039;oga a le Iunaite Setete le lipotiina e setete uma le ituaiga ma le ituaiga o tamaiti a&#039;oga o lo&#039;o lesitala i aoga a le malo. E le lipotia e le setete o Hawai&#039;i fa&#039;amatalaga ta&#039;ito&#039;atasi, ae o lo&#039;o lipotia le aofa&#039;i o tamaiti a&#039;oga i vaega &#039;ese&#039;ese &#039;ese&#039;ese o ta&#039;aloga ma aganu&#039;u. E ui lava e iai le ai\u0101 tatau a matua e teena ai le tu&#039;uina atu o nei fa&#039;amatalaga i le a&#039;oga, e mana&#039;omia e tulafono a le feterale le tu&#039;uina atu o tamaiti a&#039;oga uma i se fa&#039;ailoga tagata ma\/po&#039;o se ituaiga. O a&#039;oga o le a tofia se vaega pe a musu matua e tu&#039;uina atu ia fa&#039;amatalaga.<\/p>\n\n\n\n<h2 class=\"wp-block-heading\">PEPA<\/h2>\n\n\n\n<h3 class=\"wp-block-heading\">O a pepa e mana&#039;omia mo le lesitalaina?<\/h3>\n\n\n\n<p>O pepa e mana&#039;omia e lesitala ai lau tamaititi i se tasi oa matou a&#039;oga e aofia ai:<\/p>\n\n\n\n<ul class=\"wp-block-list\">\n<li><a href=\"\/sm\/DOE%20Forms\/Enrollment\/SIS-10W.pdf\/\" target=\"_blank\" rel=\"noreferrer noopener\"><strong>Pepa Fa&#039;ailoga Tamaiti A&#039;oga (PDF)<\/strong><\/a><strong> <\/strong>po o le <a href=\"\/wp-content\/uploads\/Supplemental-Kindergarten-Enrollment-Form.pdf\" data-type=\"attachment\" data-id=\"17471\" target=\"_blank\" rel=\"noreferrer noopener\">Pepa Fa&#039;ailoga Fa&#039;akomepiuta Fa&#039;aopoopo (PDF)<\/a> mo tamaiti aoga e ulufale atu i le A\u2019oga.<\/li>\n\n\n\n<li><a href=\"\/sm\/DOE%20Forms\/Enrollment\/HomeLanguageSurvey.pdf\/\" target=\"_blank\" rel=\"noreferrer noopener\"><strong>Su&#039;esu&#039;ega Gagana Aiga (PDF)<\/strong><\/a><\/li>\n\n\n\n<li><strong>ID ata aoga ole matua\/tausi<\/strong>.<\/li>\n\n\n\n<li><strong>Faamaoniga o le nofomau<\/strong>: Pili o mea faigaluega, maliega lisi, po&#039;o isi pepa aloaia e fa&#039;aalia ai lou tuatusi o iai nei.\n<ul class=\"wp-block-list\">\n<li>E mafai ona talia e le a&#039;oga se fa&#039;amatalaga fa&#039;amaonia a se aiga\/uo fa&#039;atasi ai ma aiaiga nei: (a) E tatau ona ta&#039;u mai i fa&#039;amatalaga fa&#039;a Notarized o lo&#039;o nonofo le matua\/tagata tausi ma le tamaititi ma le aiga\/uo; (b) E tatau ona ta&#039;u mai i le fa&#039;amatalaga fa&#039;asalalau le igoa ole tauaiga\/uo o lo&#039;o i luga ole fa&#039;amaoniga ole nofomau faaletulafono a le aiga\/uo; (c) E tatau ona ta&#039;u mai i fa&#039;amatalaga fa&#039;asalalau le tuatusi tutusa o le aiga\/uo o lo&#039;o i luga o le fa&#039;amaoniga a le aiga\/uo o lo&#039;o nofo fa&#039;aletulafono; (d) E tatau ona fa&#039;apipi&#039;i atu i le fa&#039;amatalaga fa&#039;a-notari se kopi o le fa&#039;amaoniga a le aiga\/uo o le nofomau faaletulafono; ma (e) E tatau ona sainia le fa&#039;amatalaga fa&#039;asalalau i le igoa tutusa o le aiga\/uo o lo&#039;o i luga o le fa&#039;amaoniga a le aiga\/uo o le nofomau faaletulafono.<\/li>\n<\/ul>\n<\/li>\n\n\n\n<li><strong>Pepa Fanau<\/strong>: Mo le faamaoniga o tausaga. Tusifolau a tamaiti aoga poo visa a tamaiti aoga e talia mo tamaiti aoga mai fafo.<\/li>\n\n\n\n<li><strong>Aiga i Fale le mautu:<\/strong> O aiga o lo&#039;o feagai ma fale le mautu o lo&#039;o aofia i ta&#039;iala o le lesitalaina o lo&#039;o tu&#039;uina atu i le McKinney-Vento Act. Fa&#039;amolemole fa&#039;afeso&#039;ota&#039;i a&nbsp;<a href=\"https:\/\/docs.google.com\/spreadsheets\/d\/14bLiX0YVH59fEo_IiV825fX2D0S3kiVuKN1W7WisDWo\/edit?gid=1131496463#gid=1131496463\">feso&#039;ota&#039;iga nu&#039;u<\/a>&nbsp;i lou eria.<\/li>\n<\/ul>\n\n\n\n<h3 class=\"wp-block-heading\">Afai o lo&#039;o si&#039;itia la&#039;u tamaititi mai se isi a&#039;oga, o a ni pepa fa&#039;aopoopo ou te mana&#039;omia?<\/h3>\n\n\n\n<p>E te mana&#039;omia le tu&#039;uina atu o pepa uma o lo&#039;o lisi atu i luga, e aofia ai se pepa fa&#039;amatu&#039;u fa&#039;atasi ai ma se fa&#039;amaumauga e le&#039;i aloa&#039;ia po&#039;o le kata fou a lau tamaititi a&#039;oga. E tatau i tamaiti a&#039;oga fa&#039;apitoa ona tu&#039;uina atu a latou Fuafuaga mo A&#039;oa&#039;oga Ta&#039;ito&#039;atasi (IEP), ma e 504 tamaiti a&#039;oga e tatau ona tu&#039;uina atu a latou Fuafuaga 504.<\/p>\n\n\n\n<h3 class=\"wp-block-heading\">O a isi pepa faaletulafono e ono mana&#039;omia mo le lesitalaina?<\/h3>\n\n\n\n<p>E mana&#039;omia pepa pule a le Loia pe afai e le o nofo le tamaititi ma ona matua. O le tulafono a le militeri a Hawai\u02bbi ma le US e pulea ai le auala e mafai ai e se matua po\u02bbo se tagata o lo\u02bbo tausia se tamaititi ona fa\u02bbaaoga le pule o le loia e tu\u02bbuina atu i se isi tagata (i totonu o fa\u02bbalavelave fa\u02bbapitoa) so\u02bbo se malosiaga e uiga i le tausiga, tausiga, po\u02bbo meatotino a le tamaititi po\u02bbo le uarota.<\/p>\n\n\n\n<ul class=\"wp-block-list\">\n<li><strong><a href=\"https:\/\/www.capitol.hawaii.gov\/hrscurrent\/Vol12_Ch0501-0588\/HRS0560\/HRS_0560-0005-0105.htm\" data-type=\"link\" data-id=\"https:\/\/www.capitol.hawaii.gov\/hrscurrent\/Vol12_Ch0501-0588\/HRS0560\/HRS_0560-0005-0105.htm\" target=\"_blank\" rel=\"noreferrer noopener\">Tulafono Toe Iloilo a Hawai\u02bbi 560: 5-105<\/a><\/strong> <strong>Tu&#039;uina atu o le pule e matua po&#039;o le tausi.<\/strong>&nbsp;&nbsp;E mafai e se matua poo se leoleo o se tamaitiiti po o se tagata ua le atoatoa le malosi, e ala i se malosiaga o le loia, e mafai ona tuuina atu i se isi tagata mo se vaitaimi e le sili atu i le tausaga, o le taimi faatapulaaina e tatau ona faailoa manino mai i totonu o le pepa aloaia, so o se malosiaga e faatatau i le tausiga, tausiga, po o meatotino a le tamaititi po o le uarota, vagana ai le pule e malie ai i le faaipoipoga po\u02bbo le vaetamaina. [L 2004, c 161, pt o le \u00a71]<\/li>\n\n\n\n<li><a href=\"https:\/\/www.gpo.gov\/fdsys\/granule\/USCODE-2011-title10\/USCODE-2011-title10-subtitleA-partII-chap53-sec1044b\" data-type=\"link\" data-id=\"https:\/\/www.gpo.gov\/fdsys\/granule\/USCODE-2011-title10\/USCODE-2011-title10-subtitleA-partII-chap53-sec1044b\" target=\"_blank\" rel=\"noreferrer noopener\"><strong>United States Code 10 1044B<\/strong> <strong>\u00a71044b.<\/strong><\/a><strong> Malosiaga faamiliteli o loia: manaoga mo le aloaia e Setete<\/strong><br>(a) Meafaigaluega e Tuuina atu Aafiaga Faaletulafono e aunoa ma le amanaia o Tulafono a le Malo.\u2014O se malosiaga faamiliteli o loia\u2014<br>(1) e tuusaunoaina mai so o se manaoga o pepa, mea, tulaga aloaia, po o faamaumauga ua aiaia mo malosiaga o loia i lalo o tulafono a se Setete; ma<br>(2) e tatau ona tuuina atu i ai le aafiaga faaletulafono e tasi e pei o se malosiaga o le loia ua saunia ma faatino e tusa ai ma tulafono a le Malo e aafia ai.<br>(b) Malosiaga a le Malo o le Loia.\u2014Mo faamoemoega o lenei fuaiupu, o le malosiaga faamiliteli o so o se malosiaga aoao po o malosiaga faapitoa o le loia lea e faamauina e tusa ai ma le fuaiupu 1044a o lenei suafa po o isi tulafono talafeagai a le Setete po o le Feterale.<br>(c) Faamatalaga e Aofia Ai.\u2014(1) I lalo o tulafono faatonutonu ua faatonuina e le Failautusi e aafia ai, e tatau i malosiaga faamiliteli taitasi o loia ona aofia ai se faamatalaga e faatulaga mai ai aiaiga o le faafuaiupu (a).<br>(2) E l\u0113 tatau ona faauigaina le parakalafa (1) e l\u0113 faaaog\u0101ina ai aiaiga o le faafuaiupu (a) i se malosiaga faamiliteli o loia lea e l\u0113 aofia ai se faamatalaga ua faamatalaina i lena parakalafa.<br>(d) Faauigaina o le Setete.\u2014I lenei fuaiupu, o le faaupuga \u201cSetete\u201d e aofia ai le Itumalo o Columbia, le Commonwealth o Puerto Rico, ma le umiaina o le Iunaite Setete.<\/li>\n<\/ul>\n\n\n\n<p>Afai e talafeagai ma fa\u02bbavae i luga o tulaga o le tulaga o lau tama, o isi pepa faaletulafono e mana\u02bbomia mo le lesitala e mafai ona aofia ai:<\/p>\n\n\n\n<ul class=\"wp-block-list\">\n<li>Poloaiga taofia le tumau<\/li>\n\n\n\n<li>Pepa o le tausiga<\/li>\n\n\n\n<li>Pepa aloaia suiga o igoa faaletulafono<\/li>\n\n\n\n<li>Poloaiga a le Faamasinoga<\/li>\n<\/ul>\n\n\n\n<h2 class=\"wp-block-heading\">Soifua Maloloina o Tamaiti Aoga ma Tulaga Manaoga<\/h2>\n\n\n\n<h3 class=\"wp-block-heading\">O a mea e mana&#039;omia mo le soifua maloloina ma tui puipui mo la&#039;u tama e lesitala ai?<\/h3>\n\n\n\n<p>Matou te galulue fa&#039;atasi ma le Matagaluega o le Soifua Mal\u014dl\u014dina a le Setete o Hawai&#039;i (DOH) ina ia fa&#039;amautinoa e ausia e tamaiti a&#039;oga ki <a href=\"http:\/\/health.hawaii.gov\/docd\/vaccines-immunizations\/school-health-requirements\/\" target=\"_blank\" rel=\"noreferrer noopener\">manaoga tau soifua maloloina<\/a>. O tamaiti uma o lo&#039;o a&#039;oga i Hawai&#039;i e tatau ona i ai saini ma mae&#039;a <a href=\"\/sm\/DOE%20Forms\/Enrollment\/StudentHealthRecord.pdf\/\" target=\"_blank\" rel=\"noreferrer noopener\">Fa&#039;amaumauga o le Soifua Maloloina a Tamaiti A&#039;oga (PDF)<\/a> ia tusia mea nei:<\/p>\n\n\n\n<p><strong>Fa&#039;amama le mamapala (TB).<\/strong><br>Fa&#039;amolemole va&#039;ai i lalo ma asiasi ile <a href=\"http:\/\/health.hawaii.gov\/tb\/\" target=\"_blank\" rel=\"noreferrer noopener\">Upega tafa\u02bbilagi a le Matagaluega o le Soifua Maloloina a le Setete o Hawai\u02bbi (DOH).<\/a> mo nisi faamatalaga.<\/p>\n\n\n\n<ul class=\"wp-block-list\">\n<li><a href=\"https:\/\/health.hawaii.gov\/tb\/files\/2018\/03\/Acceptable-Clearance-for-Child-Care-or-School-Students.pdf\" target=\"_blank\" rel=\"noreferrer noopener\">Talia Talia (PDF)<\/a>&nbsp;<\/li>\n\n\n\n<li><a href=\"https:\/\/health.hawaii.gov\/tb\/files\/2018\/03\/FAQHAR-v3.pdf\" target=\"_blank\" rel=\"noreferrer noopener\">Fesili e masani ona fesiligia e uiga i Su&#039;ega TB mo Tamaiti A&#039;oga, Tamaiti ma le Aoga\/Tausiga (PDF)<\/a><\/li>\n\n\n\n<li>Fa&#039;ata&#039;ita&#039;iga Pepa: <a href=\"\/sm\/DOE%20Forms\/Enrollment\/TBsample_DOH.pdf\/\" target=\"_blank\" rel=\"noreferrer noopener\">Pepa Fa&#039;ata&#039;ita&#039;i a le DOH (PDF)<\/a> | <a href=\"https:\/\/health.hawaii.gov\/tb\/files\/2018\/03\/Hawaii-TB-Clearance-Manual-10-30-17.pdf\" target=\"_blank\" rel=\"noreferrer noopener\">TB Pepa F: Setete o Hawai&#039;i Pepa Fa&#039;amama TB (PDF)<\/a> (itulau 12, tusi lesona TB)<\/li>\n<\/ul>\n\n\n\n<p><strong>Su&#039;ega Faaletino<\/strong><br>E tatau ona fa\u02bbamae\u02bbaina i totonu o le tasi le tausaga a\u02bbo lumana\u02bbi:<\/p>\n\n\n\n<ul class=\"wp-block-list\">\n<li>Aso muamua o le auai i se aoga faataitai poo se aoga i Hawaii ma<\/li>\n\n\n\n<li>Aso muamua na auai i le vasega fitu.<\/li>\n<\/ul>\n\n\n\n<p><strong>tui puipui<\/strong><\/p>\n\n\n\n<ul class=\"wp-block-list\">\n<li><a href=\"https:\/\/health.hawaii.gov\/docd\/files\/2019\/10\/Immunization-Requirements-Summary.pdf\" target=\"_blank\" rel=\"noreferrer noopener\">tuipuipui mana&#039;omia (PDF)<\/a> fa&#039;alagolago ile matua ma\/po&#039;o le togi ole tamaititi aoga.<\/li>\n<\/ul>\n\n\n\n<h3 class=\"wp-block-heading\">E i ai ni tuusaunoaga i tulaga manaomia o tuipuipui?<\/h3>\n\n\n\n<p>E mafai ona tuusaunoa lau tama mai tuipuipui mo mafuaaga faafomai po o tapuaiga, pe afai e tuuina atu pepa talafeagai i le aoga. E mafai ona fa&#039;atumu pepa fa&#039;alelotu i le a&#039;oga a lau tama. O tuusaunoaga faafomai e tatau ona maua mai le tausi soifua maloloina a lau tama. E leai se isi tuusaunoaga e faatagaina e le setete.<\/p>\n\n\n\n<h3 class=\"wp-block-heading\">Ae fa&#039;afefea pe a le mafai ona ou mauaina pepa mo le soifua maloloina a&#039;o le&#039;i amataina le aoga?<\/h3>\n\n\n\n<p>O se tamaititi e leai ni fa&#039;amaumauga o tuipuipui uma e mana&#039;omia po&#039;o se su&#039;ega fa&#039;aletino e mafai ona fa&#039;ataga le ulufale fa&#039;atasi ma le fa&#039;amaoniaina o se avanoa fa&#039;afoma&#039;i o lo&#039;o loma. Fa&#039;amolemole fa&#039;afeso&#039;ota&#039;i sa&#039;o lau a&#039;oga mo nisi fa&#039;amatalaga. <\/p>\n\n\n\n<h3 class=\"wp-block-heading\">Ae fa&#039;afefea pe a mana&#039;omia e la&#039;u tama ni vaila&#039;au fa&#039;atonu i taimi a&#039;oga?<\/h3>\n\n\n\n<p>Afai e mana&#039;omia e lau tama ni vaila&#039;au lavea&#039;i fa&#039;afuase&#039;i po&#039;o isi vaila&#039;au fa&#039;atonuina i aso uma\/masani, fa&#039;amolemole fa&#039;atumu se <a href=\"https:\/\/sites.google.com\/k12.hi.us\/hidoesha\/school-health-forms?authuser=0\" target=\"_blank\" rel=\"noreferrer noopener\">Fomu Soifua Maloloina a le Aoga<\/a> ma tuuina atu i le aoga.<\/p>","protected":false},"excerpt":{"rendered":"<p>Find answers to commonly asked questions about enrolling your child. General Questions How are the Hawai\u02bbi State Department of Education schools organized? The Hawai\u02bbi State Department of Education is made up of 296 schools, comprised of 258 public schools and 38 charter schools. All of these schools belong to one statewide public school district, organized [&hellip;]<\/p>","protected":false},"author":6,"featured_media":0,"parent":13,"menu_order":0,"comment_status":"closed","ping_status":"closed","template":"","meta":{"_relevanssi_hide_post":"","_relevanssi_hide_content":"","_relevanssi_pin_for_all":"","_relevanssi_pin_keywords":"","_relevanssi_unpin_keywords":"","_relevanssi_related_keywords":"","_relevanssi_related_include_ids":"","_relevanssi_related_exclude_ids":"","_relevanssi_related_no_append":"","_relevanssi_related_not_related":"","_relevanssi_related_posts":"9834,2420,10146,1645,9500,9713","_relevanssi_noindex_reason":"","_sitemap_exclude":false,"_sitemap_priority":"","_sitemap_frequency":"","_kad_blocks_custom_css":"","_kad_blocks_head_custom_js":"","_kad_blocks_body_custom_js":"","_kad_blocks_footer_custom_js":"","wp_popup_display_lightbox":0,"wp_popup_suppress":"","wp_popup_trigger":"","wp_popup_trigger_amount":0,"wp_popup_disable_on_mobile":false,"footnotes":""},"class_list":["post-4648","page","type-page","status-publish","hentry"],"pp_statuses_selecting_workflow":false,"pp_workflow_action":"current","pp_status_selection":"publish","taxonomy_info":[],"featured_image_src_large":false,"author_info":{"display_name":"Anne Sakutori","author_link":"https:\/\/hawaiipublicschools.org\/sm\/author\/annestaceyleong-com\/"},"comment_info":0,"publishpress_future_action":{"enabled":false,"date":"2026-04-10 11:46:16","action":"change-status","newStatus":"draft","terms":[],"taxonomy":"","extraData":[]},"publishpress_future_workflow_manual_trigger":{"enabledWorkflows":[]},"_links":{"self":[{"href":"https:\/\/hawaiipublicschools.org\/sm\/wp-json\/wp\/v2\/pages\/4648","targetHints":{"allow":["GET"]}}],"collection":[{"href":"https:\/\/hawaiipublicschools.org\/sm\/wp-json\/wp\/v2\/pages"}],"about":[{"href":"https:\/\/hawaiipublicschools.org\/sm\/wp-json\/wp\/v2\/types\/page"}],"author":[{"embeddable":true,"href":"https:\/\/hawaiipublicschools.org\/sm\/wp-json\/wp\/v2\/users\/6"}],"replies":[{"embeddable":true,"href":"https:\/\/hawaiipublicschools.org\/sm\/wp-json\/wp\/v2\/comments?post=4648"}],"version-history":[{"count":0,"href":"https:\/\/hawaiipublicschools.org\/sm\/wp-json\/wp\/v2\/pages\/4648\/revisions"}],"up":[{"embeddable":true,"href":"https:\/\/hawaiipublicschools.org\/sm\/wp-json\/wp\/v2\/pages\/13"}],"wp:attachment":[{"href":"https:\/\/hawaiipublicschools.org\/sm\/wp-json\/wp\/v2\/media?parent=4648"}],"curies":[{"name":"wp","href":"https:\/\/api.w.org\/{rel}","templated":true}]}}