{"id":96,"date":"2024-09-04T23:44:17","date_gmt":"2024-09-04T23:44:17","guid":{"rendered":"https:\/\/hawaiipublicschools.org\/?page_id=96"},"modified":"2026-03-12T10:23:49","modified_gmt":"2026-03-12T20:23:49","slug":"licensed-private-trade-vocational-and-technical-schools","status":"publish","type":"page","link":"https:\/\/hawaiipublicschools.org\/haw\/resources\/licensed-private-trade-vocational-and-technical-schools\/","title":{"rendered":"N\u0101 Kula K\u016b\u02bbai K\u016b\u02bboko\u02bba i laikini \u02bbia, \u02bboihana a me n\u0101 kula \u02bbenehana"},"content":{"rendered":"<p class=\"intro\" style=\"font-size:clamp(0.875rem, 0.875rem + ((1vw - 0.2rem) * 0.531), 1.3rem);\">Eia ka papa inoa o n\u0101 kula i laikini \u02bbia me ke Ke\u02bbena Ho\u02bbona\u02bbauao o ka Moku\u02bb\u0101ina \u02bbo Hawai\u02bbi (HIDOE). In\u0101 \u02bbo \u02bboe ka mea nona ke kula \u02bboihana pilikino a makemake \u02bboe e laikini \u02bbia e HIDOE, e leka uila <a href=\"mailto:ptvt@k12.hi.us\">ptvt@k12.hi.us <\/a>or call 808-784-6498.<\/p>\n\n\n\n<h2 class=\"wp-block-heading\">Schools by trade (2025-2027)<\/h2>\n\n\n\n<h3 class=\"wp-block-heading\">Acupuncture<\/h3>\n\n\n\n<div class=\"wp-block-columns is-layout-flex wp-container-core-columns-is-layout-28f84493 wp-block-columns-is-layout-flex\">\n<div class=\"wp-block-column is-layout-flow wp-block-column-is-layout-flow\">\n<p><strong>Ke Kula Nui o ka Lomilomi a me ke Ola Holistic<\/strong><br>Hale H\u014d\u02bbike\u02bbike o ke Kulanui<br>931 Kulanui Ave., #202<br>Honolulu, HI 96826<br>Ph: 808-373-0603<br><a href=\"mailto:QSMHH.school@gmail.com\" target=\"_blank\" rel=\"noreferrer noopener\">leka uila<\/a><br>P\u016bnaewele: <a href=\"http:\/\/www.qsmhh.school\/\" target=\"_blank\" rel=\"noreferrer noopener\">www.QSMHH.School<\/a><br>Helu Laikini: 2325-1034<br>Kumu: Steve McLaughlin<br>\u02bbO n\u0101 k\u0101lepa \/ \u02bboihana p\u016b kekahi: <em>\u02bbO ka Diploma Lapa\u02bbau Lomi, La\u02bbau Ola Holistic, K\u016bk\u0101k\u016bk\u0101 Ho\u02bb\u014dla Nutritional, Lomi Ho\u02bb\u014dla Leo.<\/em><\/p>\n<\/div>\n\n\n\n<div class=\"wp-block-column is-layout-flow wp-block-column-is-layout-flow\">\n<p><\/p>\n<\/div>\n\n\n\n<div class=\"wp-block-column is-layout-flow wp-block-column-is-layout-flow\">\n<p><\/p>\n<\/div>\n<\/div>\n\n\n\n<hr class=\"wp-block-separator has-alpha-channel-opacity is-style-wide\" style=\"margin-top:var(--wp--preset--spacing--30);margin-bottom:var(--wp--preset--spacing--30)\"\/>\n\n\n\n<h3 class=\"wp-block-heading\">K\u0101ko\u02bbo Barber<\/h3>\n\n\n\n<h4 class=\"wp-block-heading\">O\u02bbahu<\/h4>\n\n\n\n<div class=\"wp-block-columns is-layout-flex wp-container-core-columns-is-layout-28f84493 wp-block-columns-is-layout-flex\">\n<div class=\"wp-block-column is-layout-flow wp-block-column-is-layout-flow\">\n<p><strong>Ke Kulanui o Hawai\u02bbi no ka ho\u02bbol\u0101l\u0101 lauoho&nbsp;<\/strong><br>1128 Nuuanu Ave., Ste. 102<br>Honolulu, HI 96817<br>Ph: 808-533-6596<br>Fax: 808-523-8086<br><a href=\"mailto:hihd@cchono.com\" target=\"_blank\" rel=\"noreferrer noopener\">leka uila<\/a><br>P\u016bnaewele: <a href=\"http:\/\/www.hihdhawaii.com\/\" target=\"_blank\" rel=\"noreferrer noopener\">www.hihdhawaii.com<\/a><br>Helu Laikini: 2325-1031<br>Kumu: Margaret Williams<\/p>\n<\/div>\n\n\n\n<div class=\"wp-block-column is-layout-flow wp-block-column-is-layout-flow\">\n<p><\/p>\n<\/div>\n\n\n\n<div class=\"wp-block-column is-layout-flow wp-block-column-is-layout-flow\"><\/div>\n<\/div>\n\n\n\n<hr class=\"wp-block-separator has-alpha-channel-opacity is-style-wide\" style=\"margin-top:var(--wp--preset--spacing--30);margin-bottom:var(--wp--preset--spacing--30)\"\/>\n\n\n\n<h3 class=\"wp-block-heading\">Computer Training<\/h3>\n\n\n\n<div class=\"wp-block-columns is-layout-flex wp-container-core-columns-is-layout-28f84493 wp-block-columns-is-layout-flex\">\n<div class=\"wp-block-column is-layout-flow wp-block-column-is-layout-flow\">\n<p><strong>Ho\u02bboma\u02bbama\u02bba kamepiula ho\u02bbohana<\/strong><br>98-030 Hekaha St., Ste. 29<br>Aiea, HI 96701<br>Ph: 808-486-7330<br>Fax: 808-486-2053<br><a href=\"mailto:chad@actthawaii.com\" target=\"_blank\" rel=\"noreferrer noopener\">leka uila<\/a><br>P\u016bnaewele: <a href=\"http:\/\/www.actthawaii.com\/\" target=\"_blank\" rel=\"noreferrer noopener\">www.actthawaii.com<\/a><br>Helu Laikini: 2325-1027<br>Kumu: Chad Kobashigawa<\/p>\n<\/div>\n<\/div>\n\n\n\n<hr class=\"wp-block-separator has-alpha-channel-opacity is-style-wide\" style=\"margin-top:var(--wp--preset--spacing--30);margin-bottom:var(--wp--preset--spacing--30)\"\/>\n\n\n\n<h3 class=\"wp-block-heading\">Healthcare<\/h3>\n\n\n\n<div class=\"wp-block-columns is-layout-flex wp-container-core-columns-is-layout-28f84493 wp-block-columns-is-layout-flex\">\n<div class=\"wp-block-column is-layout-flow wp-block-column-is-layout-flow\">\n<p><strong>Academy for Healthcare Innovation<\/strong><br>55 Merchant Street, 25th Floor<br>Honolulu, HI 96813<br>Phone: 808-458-1437<br>leka uila:&nbsp;<a href=\"mailto:info@ahihawaii.org\" target=\"_blank\" rel=\"noreferrer noopener\">info@ahihawaii.org<\/a><br>P\u016bnaewele:&nbsp;<a href=\"https:\/\/ahihawaii.org\/\" target=\"_blank\" rel=\"noreferrer noopener\">https:\/\/ahihawaii.org<\/a>\/<br>License Number: 2527-1039<br>Principal: Bridget Lai<\/p>\n<\/div>\n<\/div>\n\n\n\n<hr class=\"wp-block-separator has-alpha-channel-opacity is-style-wide\" style=\"margin-top:var(--wp--preset--spacing--30);margin-bottom:var(--wp--preset--spacing--30)\"\/>\n\n\n\n<h3 class=\"wp-block-heading\">Helicopter Pilot A\u02bbo<\/h3>\n\n\n\n<div class=\"wp-block-columns is-layout-flex wp-container-core-columns-is-layout-28f84493 wp-block-columns-is-layout-flex\">\n<div class=\"wp-block-column is-layout-flow wp-block-column-is-layout-flow\">\n<p><strong>Hawaii Pacific Aviation, Inc.<\/strong><br>73-310 U&#039;u St.<br>Kailua-Kona, HI 96819<br>Ph: 808-334-0234<br>Fax: 808-334-0191<br><a href=\"mailto:ben@maunaloahelicopters.com\">leka uila<\/a><br>P\u016bnaewele: <a href=\"https:\/\/www.maunaloahelicopters.edu\/\" target=\"_blank\" rel=\"noreferrer noopener\">www.maunaloahelicopters.com<\/a><br>Helu Laikini: 2325-1035<br>Hui: DBA Mauna Loa Helicopters<\/p>\n<\/div>\n<\/div>\n\n\n\n<hr class=\"wp-block-separator has-alpha-channel-opacity is-style-wide\" style=\"margin-top:var(--wp--preset--spacing--30);margin-bottom:var(--wp--preset--spacing--30)\"\/>\n\n\n\n<h3 class=\"wp-block-heading\">Ola Holistic a me Naturopathy<\/h3>\n\n\n\n<h4 class=\"wp-block-heading\">O\u02bbahu<\/h4>\n\n\n\n<div class=\"wp-block-columns is-layout-flex wp-container-core-columns-is-layout-28f84493 wp-block-columns-is-layout-flex\">\n<div class=\"wp-block-column is-layout-flow wp-block-column-is-layout-flow\">\n<p><strong>Ke Kula Nui o ka Lomilomi a me ke Ola Holistic<\/strong><br>Hale H\u014d\u02bbike\u02bbike o ke Kulanui<br>931 Kulanui Ave., #202<br>Honolulu, HI 96826<br>Kelepona: 808-373-0603<br><a href=\"mailto:QSMHH.school@gmail.com\" target=\"_blank\" rel=\"noreferrer noopener\">leka uila<\/a><br>P\u016bnaewele: <a href=\"http:\/\/www.qsmhh.school\/\" target=\"_blank\" rel=\"noreferrer noopener\">www.QSMHH.School<\/a><br>Helu Laikini: 2325-1034<br>Kumu: Steve McLaughlin<br>\u02bbO n\u0101 k\u0101lepa \/ \u02bboihana p\u016b kekahi: <em>Palapala Ho\u02bboma\u02bbama\u02bba Massage, Kokua Ho\u02bb\u014dla Nutritional, Palapala Ho\u02bb\u014dla Leo<\/em><\/p>\n<\/div>\n\n\n\n<div class=\"wp-block-column is-layout-flow wp-block-column-is-layout-flow\">\n<p><\/p>\n<\/div>\n\n\n\n<div class=\"wp-block-column is-layout-flow wp-block-column-is-layout-flow\">\n<p><\/p>\n<\/div>\n<\/div>\n\n\n\n<h4 class=\"wp-block-heading\">Maui<\/h4>\n\n\n\n<div class=\"wp-block-columns is-layout-flex wp-container-core-columns-is-layout-28f84493 wp-block-columns-is-layout-flex\">\n<div class=\"wp-block-column is-layout-flow wp-block-column-is-layout-flow\">\n<p><strong>Natural Healing Institute Hawaii LLC<\/strong><br>1075 Makawao Avenue, #1509<br>Makawao, HI 96768<br>Kelepona: 760-943-8485<br><a href=\"mailto:enroll@naturalhealinginst.com\" target=\"_blank\" rel=\"noreferrer noopener\">leka uila<\/a><br>P\u016bnaewele:\u00a0<a href=\"https:\/\/www.nhicollege.net\/\" target=\"_blank\" rel=\"noreferrer noopener\">www.nhicollege.net\/<\/a><br>License Number: 2325-1037<br>Kumu: Steve Schechter<br>Programs for Certification include: Certified Nutritionist Consultant (CNC)\u2122, Certified Clinical Master Herbalist (CCMH)\u2122, Certified Clinical Master Aromatherapist (CCMA)\u2122, Certified Holistic Health Practitioner (HHP), Certified Naturopathic Practitioner (NP).<\/p>\n<\/div>\n\n\n\n<div class=\"wp-block-column is-layout-flow wp-block-column-is-layout-flow\">\n<p><\/p>\n<\/div>\n\n\n\n<div class=\"wp-block-column is-layout-flow wp-block-column-is-layout-flow\">\n<p><\/p>\n<\/div>\n<\/div>\n\n\n\n<hr class=\"wp-block-separator has-alpha-channel-opacity is-style-wide\" style=\"margin-top:var(--wp--preset--spacing--30);margin-bottom:var(--wp--preset--spacing--30)\"\/>\n\n\n\n<h3 class=\"wp-block-heading\">Lomi Lomi<\/h3>\n\n\n\n<h4 class=\"wp-block-heading\">O\u02bbahu<\/h4>\n\n\n\n<div class=\"wp-block-columns is-layout-flex wp-container-core-columns-is-layout-28f84493 wp-block-columns-is-layout-flex\">\n<div class=\"wp-block-column is-layout-flow wp-block-column-is-layout-flow\">\n<p><strong>Hawaii Healing Arts College<\/strong><br>407 Uluniu St., Ste. 204<br>Kailua, HI 96734<br>Ph: 808-266-2469<br>Fax: 808-266-2460<br><a href=\"mailto:schoolbusiness@hawaii.rr.com\" target=\"_blank\" rel=\"noreferrer noopener\">leka uila<\/a><br>P\u016bnaewele: <a href=\"https:\/\/www.hhacdirect.com\/\" target=\"_blank\" rel=\"noreferrer noopener\">www.hhacdirect.com<\/a><br>Helu Laikini: 2325-1020<br>Kumu: Shinya Matsukubo<\/p>\n\n\n\n<p><strong>Ke Kulana Loiloi o Hawaii<\/strong><br>1750 Kalakaua Ave., Ste. 3104<br>Honolulu, HI 96826<br>Ph: 808-955-4555<br>Fax: 808-955-9705<br><a href=\"mailto:info@hawaiimassageacademy.com\" target=\"_blank\" rel=\"noreferrer noopener\">leka uila<\/a><br>P\u016bnaewele: <a href=\"http:\/\/www.hawaiimassageacademy.com\/\" target=\"_blank\" rel=\"noreferrer noopener\">www.hawaiimassageacademy.com<\/a><br>Helu Laikini: 2325-1033<br>Kumu: Junji Fukumoto<\/p>\n<\/div>\n\n\n\n<div class=\"wp-block-column is-layout-flow wp-block-column-is-layout-flow\">\n<p><strong>Institute of Clinical Acupuncture <\/strong><br><strong>a me ka Lapaau Hikina<\/strong><br>100 N. Beretania St., lumi 203<br>Honolulu, HI 96817<br>Ph: 808-521-2288<br><a href=\"mailto:info@orientalmedicine.edu\" target=\"_blank\" rel=\"noreferrer noopener\">leka uila<\/a><br>P\u016bnaewele: <a href=\"http:\/\/www.orientalmedicine.edu\/\" target=\"_blank\" rel=\"noreferrer noopener\">www.orientalmedicine.edu<\/a><br>Helu Laikini: 2325-1032<br>Kumu: Wai Hoa Low<\/p>\n\n\n\n<p><strong>Kula Lomino Hawaii Lomino<\/strong><br>334 Seaside Ave., Ste. 817<br>Honolulu, HI 96815<br>Ph: 808-469-6266<br><a href=\"mailto:school@lominoschool.com\" target=\"_blank\" rel=\"noreferrer noopener\">leka uila<\/a><br>P\u016bnaewele: <a href=\"https:\/\/lominoschool.com\/\" target=\"_blank\" rel=\"noreferrer noopener\">www.lominoschool.com<\/a><br>Kumu: Shingo Sawada&nbsp;<br>Helu Laikini: 2325-1023<br>\u02bbO n\u0101 k\u0101lepa \/ \u02bboihana p\u016b kekahi: <em>Lomilomi Lomilomi, Kuekene, Shiatsu, Seitai, Lomilomi Thai, Reflexology, P\u014dhaku wela<\/em><\/p>\n<\/div>\n\n\n\n<div class=\"wp-block-column is-layout-flow wp-block-column-is-layout-flow\">\n<p><strong>Ke Kula Nui o ka Lomilomi a me ke Ola Holistic<\/strong><br>Hale H\u014d\u02bbike\u02bbike o ke Kulanui<br>931 Kulanui Ave., #202<br>Honolulu, HI 96826<br>Ph: 808-373-0603<br><a href=\"mailto:QSMHH.school@gmail.com\" target=\"_blank\" rel=\"noreferrer noopener\">leka uila<\/a><br>P\u016bnaewele: <a href=\"http:\/\/www.qsmhh.school\/\" target=\"_blank\" rel=\"noreferrer noopener\">www.QSMHH.School<\/a><br>Helu Laikini: 2325-1034<br>Kumu: Steve McLaughlin<br>\u02bbO n\u0101 k\u0101lepa \/ \u02bboihana p\u016b kekahi: <em>Holistic Health Practitioner, Nutritional Healing Consultant, Sound Healing Certification Certification Massage &amp; Acupuncture CEU courses<\/em><\/p>\n\n\n\n<p><\/p>\n<\/div>\n<\/div>\n\n\n\n<hr class=\"wp-block-separator has-alpha-channel-opacity\"\/>\n\n\n\n<h4 class=\"wp-block-heading\">Kauai<\/h4>\n\n\n\n<div class=\"wp-block-columns is-layout-flex wp-container-core-columns-is-layout-28f84493 wp-block-columns-is-layout-flex\">\n<div class=\"wp-block-column is-layout-flow wp-block-column-is-layout-flow\">\n<p><strong>Kikowaena P\u0101k\u012bpika no ka \u02bbike a me ka hana kino<\/strong><br>Pahu Leta 1049<br>Kilauea, HI 96754<br>Ph: 844-687-7222<br><a href=\"mailto:info@awarenessandbodywork.com\" target=\"_blank\" rel=\"noreferrer noopener\">leka uila<\/a><br>P\u016bnaewele: <a href=\"https:\/\/www.awarenessandbodywork.com\/\" target=\"_blank\" rel=\"noreferrer noopener\">www.awarenessandbodywork.com<\/a><br>Helu Laikini: 2325-1028<br>Kumu: Alison Lindsey Fields<\/p>\n<\/div>\n\n\n\n<div class=\"wp-block-column is-layout-flow wp-block-column-is-layout-flow\">\n<p><\/p>\n<\/div>\n\n\n\n<div class=\"wp-block-column is-layout-flow wp-block-column-is-layout-flow\">\n<p><\/p>\n<\/div>\n<\/div>\n\n\n\n<hr class=\"wp-block-separator has-alpha-channel-opacity\"\/>\n\n\n\n<h4 class=\"wp-block-heading\">Maui<\/h4>\n\n\n\n<div class=\"wp-block-columns is-layout-flex wp-container-core-columns-is-layout-28f84493 wp-block-columns-is-layout-flex\">\n<div class=\"wp-block-column is-layout-flow wp-block-column-is-layout-flow\">\n<p><strong>IBS School of Cosmetology and Massage<\/strong><br>110 East Kaahumanu Ave., Suite 201, <br>Kahului, HI 96732<br>Phone: 808-214-5293<br><a href=\"mailto:maui@ibs-or.com\" target=\"_blank\" rel=\"noreferrer noopener\">leka uila<\/a><br>P\u016bnaewele:&nbsp;<a href=\"http:\/\/www.ibs-hi.com\/\" target=\"_blank\" rel=\"noreferrer noopener\">www.ibs-hi.com<\/a><br>License Number: 2527-1026<br>Principal: Maguy Osias<\/p>\n<\/div>\n\n\n\n<div class=\"wp-block-column is-layout-flow wp-block-column-is-layout-flow\">\n<p><strong>Kula o Maui Lomilomi<\/strong><br>Wailea Town Center<br>161 Wailea Ike Dr., Unit D102, <br>Kihei, HI 96753<br>Pahu Leta 1891<br>Makawao, HI 96768<br>Ph: 808-572-1888<br>Fax: 808-572-2274<br><a href=\"mailto:info@massagemaui.com\" target=\"_blank\" rel=\"noreferrer noopener\">leka uila<\/a><br>P\u016bnaewele: <a href=\"http:\/\/www.massagemaui.com\/\" target=\"_blank\" rel=\"noreferrer noopener\">www.massagemaui.com<\/a><br>Helu Laikini: 2325-1024<br>Kumu: Christopher Obrochta<\/p>\n<\/div>\n\n\n\n<div class=\"wp-block-column is-layout-flow wp-block-column-is-layout-flow\">\n<p><strong>Maui Academy of Healing Arts<\/strong><br>161 Hana Highway<br>Paia, HI 96779<br>Phone: 808-359-8744<br><a href=\"mailto:info@mahamaui.com\">leka uila<\/a><br>P\u016bnaewele:&nbsp;<a href=\"https:\/\/www.mahamaui.com\/\" target=\"_blank\" rel=\"noreferrer noopener\">https:\/\/www.mahamaui.com\/<\/a><br>License Number: 2527-1022<br>Kumu: Carmel Andrews<\/p>\n<\/div>\n<\/div>\n\n\n\n<hr class=\"wp-block-separator has-alpha-channel-opacity is-style-wide\" style=\"margin-top:var(--wp--preset--spacing--30);margin-bottom:var(--wp--preset--spacing--30)\"\/>\n\n\n\n<h3 class=\"wp-block-heading\">\u02bbO Shiatsu Therapy<\/h3>\n\n\n\n<div class=\"wp-block-columns is-layout-flex wp-container-core-columns-is-layout-28f84493 wp-block-columns-is-layout-flex\">\n<div class=\"wp-block-column is-layout-flow wp-block-column-is-layout-flow\">\n<p><strong>Aisen Shiatsu School Inc.<\/strong><br>1314 S. King St., Ste. 601<br>Honolulu, HI 96814<br>Ph: 808-596-7354 a i \u02bbole 808-596-4633<br>Fax: 808-593-8282<br><a href=\"mailto:aisenaloha@gmail.com\" target=\"_blank\" rel=\"noreferrer noopener\">leka uila<\/a><br>P\u016bnaewele: <a href=\"https:\/\/www.aisenshiatsu.com\/\" target=\"_blank\" rel=\"noreferrer noopener\">www.aisenshiatsu.com<\/a><br>Helu Laikini: 2325-1021<br>Kumu: Fumihiko Indii<\/p>\n<\/div>\n\n\n\n<div class=\"wp-block-column is-layout-flow wp-block-column-is-layout-flow\">\n<p><strong>Kula Lomino Hawai\u02bbi Lomino<\/strong><br>334 Seaside Ave., Ste. 817<br>Honolulu, HI 96815<br>Ph: 808-469-6266<br><a href=\"mailto:school@lominoschool.com\" target=\"_blank\" rel=\"noreferrer noopener\">leka uila<\/a><br>P\u016bnaewele: <a href=\"https:\/\/lominoschool.com\/\" target=\"_blank\" rel=\"noreferrer noopener\">www.lominoschool.com<\/a><br>Kumu: Shingo Sawada&nbsp;<br>Helu Laikini: 2325-1023<br>\u02bbO n\u0101 k\u0101lepa \/ \u02bboihana p\u016b kekahi: <em>Lomilomi Lomilomi, Kuekene, Seitai, Lomi Thai, Lomilomi, Pohaku Wela<\/em><\/p>\n<\/div>\n\n\n\n<div class=\"wp-block-column is-layout-flow wp-block-column-is-layout-flow\"><\/div>\n<\/div>\n\n\n\n<hr class=\"wp-block-separator has-alpha-channel-opacity is-style-wide\" style=\"margin-top:var(--wp--preset--spacing--30);margin-bottom:var(--wp--preset--spacing--30)\"\/>\n\n\n\n<h3 class=\"wp-block-heading\">Sports Management<\/h3>\n\n\n\n<div class=\"wp-block-columns is-layout-flex wp-container-core-columns-is-layout-28f84493 wp-block-columns-is-layout-flex\">\n<div class=\"wp-block-column is-layout-flow wp-block-column-is-layout-flow\">\n<p><strong>World Wide Sports Management<\/strong><br>500 Ala Moana Blvd., Building 7, Suite 400<br>Honolulu, HI 96813&nbsp;<br>Phone:&nbsp;+1 503-445-7105&nbsp;<br><a href=\"mailto:lynn@smww.com\">leka uila<\/a><br>P\u016bnaewele:&nbsp;<a href=\"http:\/\/www.sportsmanagementworldwide.com\/\" target=\"_blank\" rel=\"noreferrer noopener\">www.sportsmanagementworldwide.com<\/a><br>License Number: 2527-1040<br>Principal: Lynn Lashbrook, Ed.D.<\/p>\n<\/div>\n\n\n\n<div class=\"wp-block-column is-layout-flow wp-block-column-is-layout-flow\">\n<p><\/p>\n<\/div>\n\n\n\n<div class=\"wp-block-column is-layout-flow wp-block-column-is-layout-flow\"><\/div>\n<\/div>\n\n\n\n<hr class=\"wp-block-separator has-alpha-channel-opacity is-style-wide\" style=\"margin-top:var(--wp--preset--spacing--30);margin-bottom:var(--wp--preset--spacing--30)\"\/>\n\n\n\n<h2 class=\"wp-block-heading\">N\u0101 kula i pani \u02bbia a me n\u0101 noi palapala<\/h2>\n\n\n\n<p>No ke noi \u02bbana i n\u0101 transcripts, e \u02bbolu\u02bbolu e ho\u02bbouna i kahi <a href=\"https:\/\/forms.gle\/T1Dt7VBtkFadnfZx7\" target=\"_blank\" rel=\"noreferrer noopener\">Palapala Noi Palapala (Google Doc)<\/a>. E \u02bbolu\u02bbolu e \u02bbae i ho\u02bbokahi pule no ka ho\u02bbok\u014d \u02bbana i n\u0101 noi. In\u0101 he n\u012bnau k\u0101u, e leka uila <a href=\"mailto:ptvt@k12.hi.us\">ptvt@k12.hi.us<\/a>. In\u0101 \u02bboe e \u02bbimi nei i n\u0101 palapala mai kahi kula K-12 pilikino ma Hawai\u02bbi, e leka uila i ka <a href=\"mailto:info@hais.us\">Ahahui o na Kula Kuokoa o Hawaii<\/a> a i \u02bbole kelepona 808-973-1540.<\/p>\n\n\n\n<p><br>Loa\u02bba n\u0101 noi transcript no k\u0113ia <strong>pani \u02bbia <\/strong>n\u0101 kula:<\/p>\n\n\n\n<ul class=\"wp-block-list\">\n<li>Kula Kokua Med-Assist o Hawai\u02bbi<\/li>\n\n\n\n<li>Hui Kaahele o ka Pakipika<\/li>\n\n\n\n<li>\u02bbO Gros Bonnet Culinary Arts<\/li>\n\n\n\n<li>Electronics Institute of Hawai\u02bbi<\/li>\n\n\n\n<li>Kula Aloha o Lomilomi<\/li>\n\n\n\n<li>Kula \u02bbOihana Lomilomi \u02bbOihana<\/li>\n\n\n\n<li>Ke Kulanui \u02bbo Remington (Pa\u02bba i 2019)<\/li>\n\n\n\n<li>Genesis College of Hawai\u2018i<\/li>\n<\/ul>\n\n\n\n<p><\/p>","protected":false},"excerpt":{"rendered":"<p>The following is a list of schools currently licensed with the Hawai\u02bbi State Department of Education (HIDOE). If you are the owner of a private vocational school and would like to be licensed by HIDOE, please email ptvt@k12.hi.us or call 808-784-6498. Schools by trade (2025-2027) Acupuncture Quantum School of Massage and Holistic HealthUniversity Plaza931 University [&hellip;]<\/p>","protected":false},"author":8,"featured_media":0,"parent":87,"menu_order":26,"comment_status":"closed","ping_status":"closed","template":"","meta":{"_relevanssi_hide_post":"","_relevanssi_hide_content":"","_relevanssi_pin_for_all":"","_relevanssi_pin_keywords":"","_relevanssi_unpin_keywords":"","_relevanssi_related_keywords":"","_relevanssi_related_include_ids":"","_relevanssi_related_exclude_ids":"","_relevanssi_related_no_append":"","_relevanssi_related_not_related":"","_relevanssi_related_posts":"9788,10960,9994,8795,9834,9953","_relevanssi_noindex_reason":"","_sitemap_exclude":false,"_sitemap_priority":"","_sitemap_frequency":"","_kad_blocks_custom_css":"","_kad_blocks_head_custom_js":"","_kad_blocks_body_custom_js":"","_kad_blocks_footer_custom_js":"","wp_popup_display_lightbox":0,"wp_popup_suppress":"","wp_popup_trigger":"","wp_popup_trigger_amount":0,"wp_popup_disable_on_mobile":false,"footnotes":""},"class_list":["post-96","page","type-page","status-publish","hentry"],"pp_statuses_selecting_workflow":false,"pp_workflow_action":"current","pp_status_selection":"publish","taxonomy_info":[],"featured_image_src_large":false,"author_info":{"display_name":"Ariana Enomoto","author_link":"https:\/\/hawaiipublicschools.org\/haw\/author\/arianastaceyleong-com\/"},"comment_info":0,"publishpress_future_action":{"enabled":false,"date":"2026-05-05 17:58:31","action":"change-status","newStatus":"draft","terms":[],"taxonomy":"","extraData":[]},"publishpress_future_workflow_manual_trigger":{"enabledWorkflows":[]},"_links":{"self":[{"href":"https:\/\/hawaiipublicschools.org\/haw\/wp-json\/wp\/v2\/pages\/96","targetHints":{"allow":["GET"]}}],"collection":[{"href":"https:\/\/hawaiipublicschools.org\/haw\/wp-json\/wp\/v2\/pages"}],"about":[{"href":"https:\/\/hawaiipublicschools.org\/haw\/wp-json\/wp\/v2\/types\/page"}],"author":[{"embeddable":true,"href":"https:\/\/hawaiipublicschools.org\/haw\/wp-json\/wp\/v2\/users\/8"}],"replies":[{"embeddable":true,"href":"https:\/\/hawaiipublicschools.org\/haw\/wp-json\/wp\/v2\/comments?post=96"}],"version-history":[{"count":1,"href":"https:\/\/hawaiipublicschools.org\/haw\/wp-json\/wp\/v2\/pages\/96\/revisions"}],"predecessor-version":[{"id":18928,"href":"https:\/\/hawaiipublicschools.org\/haw\/wp-json\/wp\/v2\/pages\/96\/revisions\/18928"}],"up":[{"embeddable":true,"href":"https:\/\/hawaiipublicschools.org\/haw\/wp-json\/wp\/v2\/pages\/87"}],"wp:attachment":[{"href":"https:\/\/hawaiipublicschools.org\/haw\/wp-json\/wp\/v2\/media?parent=96"}],"curies":[{"name":"wp","href":"https:\/\/api.w.org\/{rel}","templated":true}]}}