{"id":948,"date":"2024-11-07T18:43:09","date_gmt":"2024-11-07T18:43:09","guid":{"rendered":"https:\/\/hawaiipublicschools.org\/?page_id=948"},"modified":"2026-03-19T08:54:58","modified_gmt":"2026-03-19T18:54:58","slug":"support-agencies-for-families","status":"publish","type":"page","link":"https:\/\/hawaiipublicschools.org\/haw\/resources\/support-agencies-for-families\/","title":{"rendered":"N\u0101 \u02bbOihana K\u0101ko\u02bbo no n\u0101 \u02bbohana"},"content":{"rendered":"<p class=\"intro\" style=\"font-size:clamp(0.875rem, 0.875rem + ((1vw - 0.2rem) * 0.531), 1.3rem);\">Ua ho\u02bbomohala ke Ke\u02bbena Ho\u02bbona\u02bbauao o ka Moku\u02bb\u0101ina \u02bbo Hawai\u02bbi (HIDOE) i n\u0101 manawa k\u0101ko\u02bbo makua ma o n\u0101 \u02bb\u0100pana Kanaka Kai\u0101ulu (no n\u0101 keiki pono k\u016bikaw\u0101) a me ka l\u0101l\u0101 K\u0101ko\u02bbo Haum\u0101na e h\u0101\u02bbawi i ke k\u0101ko\u02bbo a me ka ho\u02bboma\u02bbama\u02bba \u02bbana i ka pilikanaka no n\u0101 limahana ma n\u0101 kula. H\u0101\u02bbawi p\u016b kekahi mau ke\u02bbena lawelawe \u02bbohana waiwai \u02bbole ma Hawai\u02bbi i n\u0101 \u02bbohana ha\u02bbaha\u02bba.<\/p>\n\n\n\n<h2 class=\"wp-block-heading\">N\u0101 Punawai HIDOE<\/h2>\n\n\n\n<h3 class=\"wp-block-heading\">Ho\u02bbomau i ke a\u02bbo \u02bbana no n\u0101 m\u0101kua<\/h3>\n\n\n\n<p>Na n\u0101 m\u0101kua a me n\u0101 kahu h\u0101nai ke kuleana e k\u0101ko\u02bbo i k\u0101 l\u0101kou keiki i ke komo mau \u02bbana i ke a\u02bbo \u02bbana ma o ke \u02bbano virtual. No n\u0101 \u02bb\u014dlelo a\u02bboa\u02bbo a me n\u0101 mea hana e \u02bbike ai i n\u0101 hana e hiki ke hana \u02bbia e k\u0101ko\u02bbo i k\u0101u mau keiki i k\u0101 l\u0101kou a\u02bbo mau \u02bbana, e kipa <a href=\"https:\/\/sites.google.com\/k12.hi.us\/resources-student-parent\/home?authuser=0\" target=\"_blank\" rel=\"noreferrer noopener\">HIDOE&#8217;s virtual learning resources website<\/a>.<\/p>\n\n\n\n<h3 class=\"wp-block-heading\">\u02bbO Hawai\u02bbi Multi-Tiered System of Support (HMTSS)<\/h3>\n\n\n\n<p>\u02bbO ka HMTSS kahi papa hana ho\u02bboholo i alaka\u02bbi \u02bbia i ka \u02bbikepili no ka loa\u02bba \u02bbana o n\u0101 hopena maika\u02bbi no k\u0113l\u0101 me k\u0113ia haum\u0101na ma o ka ho\u02bbomau \u02bbana o n\u0101 hana e pili ana i n\u0101 h\u014d\u02bbike. He \u02bbeh\u0101 \u02bb\u0101pana ko\u02bbiko\u02bbi ka HMTSS: 1) n\u0101 mana\u02bbo\u02bbi\u02bbo kumu, 2) ka ho\u02bboholo \u02bbana i ka hui ma muli o ka \u02bbikepili, 3) ka n\u0101n\u0101 \u02bbana o ka honua a me ka n\u0101n\u0101 \u02bbana i ka holomua, a me 4) \u02bb\u014dnaehana multi-tiered o n\u0101 hana e pili ana i n\u0101 h\u014d\u02bbike. K\u0101ko\u02bbo \u02bbia k\u0113ia hana laulima ma ke kula, ka wahi pa\u02bbakik\u012b a me ka pae ke\u02bbena moku\u02bb\u0101ina. K\u0101ko\u02bbo k\u0113ia \u02bbano hana piha i ke olakino no\u02bbono\u02bbo a me ka maika\u02bbi holo\u02bboko\u02bba o k\u0101 m\u0101kou mau haum\u0101na.<\/p>\n\n\n\n<p>K\u0101ko\u02bbo p\u016b \u02bbo HIDOE i ka pono o n\u0101 haum\u0101na a me ke olakino no\u02bbono\u02bbo ma o k\u0101 m\u0101kou hana Here to Help.<\/p>\n\n\n\n<figure class=\"wp-block-embed is-type-video is-provider-vimeo wp-block-embed-vimeo wp-embed-aspect-16-9 wp-has-aspect-ratio\"><div class=\"wp-block-embed__wrapper\">\n<iframe loading=\"lazy\" title=\"Eia e kokua\" src=\"https:\/\/player.vimeo.com\/video\/595583670?dnt=1&amp;app_id=122963\" width=\"500\" height=\"281\" frameborder=\"0\" allow=\"autoplay; fullscreen; picture-in-picture; clipboard-write; encrypted-media; web-share\" referrerpolicy=\"strict-origin-when-cross-origin\"><\/iframe>\n<\/div><\/figure>\n\n\n\n<h2 class=\"wp-block-heading\">Ho\u02bbom\u0101inoino keiki a m\u0101lama \u02bbole<\/h2>\n\n\n\n<p><strong><a href=\"https:\/\/www.childandfamilyservice.org\" target=\"_blank\" rel=\"noreferrer noopener\">Hana keiki &amp; \u02bbohana<\/a>: <\/strong>With more than 30 programs on O\u02bbahu, Kaua\u02bbi, Maui, L\u0101na\u02bbi, Molokai and Hawai\u02bbi Island, Child &amp; Family Service is known for embracing the total family, from keiki to kupuna.<\/p>\n\n\n\n<p><a href=\"https:\/\/familysupporthawaii.org\" data-type=\"link\" data-id=\"https:\/\/familysupporthawaii.org\" target=\"_blank\" rel=\"noreferrer noopener\"><strong>K\u0101ko\u02bbo \u02bbohana Hawai\u02bbi (FSH)<\/strong><\/a><strong>:<\/strong> Ua ho\u02bbokumu \u02bbia \u02bbo Hawai\u02bbi i ka makahiki 1979 e n\u0101 l\u0101l\u0101 o ke kai\u0101ulu e hopohopo nei i ka hopena o ke ola o ka ho\u02bbom\u0101inoino a me ka m\u0101lama \u02bbole \u02bbana i n\u0101 keiki. Ua ho\u02bbomaka l\u0101kou i ka ho\u02bbolako \u02bbana i n\u0101 lawelawe pale a me ka ho\u02bboponopono mua \u02bbana ma o Kapi\u02bbolani Women&#039;s and Children&#039;s Center a hiki i ka makahiki 1985, i ka manawa i ho\u02bbohui \u02bbia ai ka FSH a lilo i hui k\u016b\u02bboko\u02bba, pili kaiaulu, \u02bba\u02bbole no ka loa\u02bba k\u0101l\u0101. H\u0101\u02bbawi \u02bbo FSH i n\u0101 lawelawe k\u0101ko\u02bbo i \u02bboi aku ma mua o 3,500 mau k\u0101naka a me n\u0101 \u02bbohana Hawai\u02bbi i k\u0113l\u0101 me k\u0113ia makahiki.<\/p>\n\n\n\n<p><strong><a href=\"https:\/\/mfss.org\" target=\"_blank\" rel=\"noreferrer noopener\">Maui Family Support Services, Inc. (MFSS)<\/a>:<\/strong> \u02bbO ka mikiona o MFSS ka ho\u02bboikaika \u02bbana i ka hana \u02bbohana olakino ma o ka h\u0101\u02bbawi \u02bbana i n\u0101 lawelawe k\u0101ko\u02bbo e k\u016bkulu \u02bbia ma luna o n\u0101 ikaika \u02bbohana. \u02bbO ke kuhikuhi nui \u02bbo ia ka ho\u02bbohana \u02bbana i k\u0101na mau kumuwaiwai hui i ka pale \u02bbana i ka ho\u02bbom\u0101inoino a me ka m\u0101lama \u02bbole \u02bbana i n\u0101 keiki. Ua hana p\u016b \u02bbo MFSS me n\u0101 kaukani \u02bbohana ma Maui, L\u0101na\u02bbi a me Molokai ma o ka p\u016bnaewele \u0101kea a me n\u0101 papahana he nui e k\u014dkua i n\u0101 \u02bbohana kaumaha nui a h\u0101\u02bbawi i kahi \u02bbupena palekana ko\u02bbiko\u02bbi o ke k\u0101ko\u02bbo.<\/p>\n\n\n\n<h2 class=\"wp-block-heading\">Loa\u02bba ha\u02bbaha\u02bba, n\u0101 kino k\u012bn\u0101 a me n\u0101 l\u0101\u02bbau lapa\u02bbau<\/h2>\n\n\n\n<p><strong><a href=\"https:\/\/www.meoinc.org\" target=\"_blank\" rel=\"noreferrer noopener\">Maui Economic Opportunity, Inc. (MEO)<\/a>:<\/strong> H\u0101\u02bbawi \u02bbo MEO i ka ho\u02bbolaha a me ka \u02bbike, a lawelawe i n\u0101 papahana lawelawe kanaka i ka po\u02bbe ha\u02bbaha\u02bba, n\u0101 \u02bb\u014dpio, n\u0101 \u02bbelemakule, n\u0101 malihini, n\u0101 mea lawehala, n\u0101 kino k\u012bn\u0101 a me n\u0101 pono olakino, a me n\u0101 po\u02bbe a me n\u0101 \u02bbohana hemahema \u02bb\u0113 a\u02bbe ma n\u0101 mokupuni \u02bbo Maui, Molokai a me L\u0101na\u02bbi.<\/p>\n\n\n\n<h2 class=\"wp-block-heading\">Pa\u02bbi Pono a i \u02bbole Socio-Economically Challenged<\/h2>\n\n\n\n<p><strong><a href=\"https:\/\/www.hcapweb.org\" target=\"_blank\" rel=\"noreferrer noopener\">Polokalamu Hana Kai\u0101ulu o Honolulu (HCAP)<\/a>:<\/strong> H\u0101\u02bbawi \u02bbo HCAP i n\u0101 \u02bbano papahana a me n\u0101 lawelawe e k\u014dkua i n\u0101 po\u02bbe a me n\u0101 \u02bbohana e ho\u02bbok\u014d i ka hilina\u02bbi i\u0101 l\u0101kou iho. H\u0101\u02bbawi \u02bbo HCAP i n\u0101 papahana a me n\u0101 lawelawe ma n\u0101 wahi nui \u02bbeono: \u02bbO ke kamali\u02bbi mua, ka hana, ka ho\u02bbona\u02bbauao, ka ho\u02bbomohala \u02bbana i ka ho\u02bbokele waiwai, n\u0101 papahana pilikia a me ka ho\u02bbololi \u02bbana, a me ka ho\u02bbomohala \u02bbana i n\u0101 kai\u0101ulu.<\/p>\n\n\n\n<p><strong><a href=\"https:\/\/www.pacthawaii.org\" target=\"_blank\" rel=\"noreferrer noopener\">N\u0101 M\u0101kua a me n\u0101 Keiki Hui (PACT)<\/a><\/strong>: H\u0101\u02bbawi \u02bbo PACT i n\u0101 lawelawe \u02bb\u014dpio a me n\u0101 lawelawe \u02bbohana a puni \u02bbo Hawai\u02bbi, a ua ho\u02bbola\u02bba \u02bbia i ka lawelawe \u02bbana i n\u0101 po\u02bbe a me n\u0101 \u02bbohana pilikia o ka nohona pili k\u0101l\u0101. Loa\u02bba n\u0101 papahana i ka ho\u02bbona\u02bbauao \u02bb\u014dpio, ka ho\u02bbom\u0101inoino a me ka m\u0101lama \u02bbole \u02bbana i n\u0101 keiki, ka pale \u02bbana a me ka m\u0101lama \u02bbana i ka hana ho\u02bbom\u0101inoino i loko o ka hale, ke k\u0101ko\u02bbo olakino no\u02bbono\u02bbo, a me ke k\u016bkulu kai\u0101ulu a me ka ho\u02bbomohala waiwai.<\/p>\n\n\n\n<h2 class=\"wp-block-heading\">N\u0101 kumuwaiwai<\/h2>\n\n\n\n<ul class=\"wp-block-list\">\n<li><a href=\"http:\/\/www.parenttoolkit.com\/\" target=\"_blank\" rel=\"noreferrer noopener\">http:\/\/www.parenttoolkit.com\/<\/a>&nbsp;<\/li>\n\n\n\n<li><a href=\"http:\/\/helpyourkeiki.com\/\" target=\"_blank\" rel=\"noreferrer noopener\">http:\/\/helpyourkeiki.com\/<\/a>&nbsp;<\/li>\n\n\n\n<li><a href=\"http:\/\/www.ed.gov\" target=\"_blank\" rel=\"noreferrer noopener\">\u02bbOihana Ho\u02bbona\u02bbauao \u02bbAmelika<\/a><\/li>\n\n\n\n<li><a href=\"http:\/\/toosmall.org\/\" target=\"_blank\" rel=\"noreferrer noopener\">http:\/\/toosmall.org\/<\/a>&nbsp;<\/li>\n\n\n\n<li><a href=\"https:\/\/www.understood.org\/\" target=\"_blank\" rel=\"noreferrer noopener\">https:\/\/www.understood.org\/<\/a>&nbsp;<\/li>\n\n\n\n<li><a href=\"http:\/\/www.nea.org\/\" target=\"_blank\" rel=\"noreferrer noopener\">Ahahui Hoonaauao Lahui<\/a><\/li>\n\n\n\n<li><a href=\"https:\/\/cds.coe.hawaii.edu\/hfec\/\" target=\"_blank\" rel=\"noreferrer noopener\">Hawai\u02bbi Statewide Family Engagement Center<\/a> (<a href=\"https:\/\/hawaiipublicschools.org\/wp-content\/uploads\/Hawaii-Statewide-Family-Engagement-Center-Flyer.pdf\" target=\"_blank\" rel=\"noreferrer noopener\">HFEC flyer (PDF)<\/a>)<\/li>\n<\/ul>","protected":false},"excerpt":{"rendered":"<p>The Hawai\u02bbi State Department of Education (HIDOE) has developed parent support opportunities through Community Children\u2019s Councils (for special needs children) and the Student Support Branch which provides social emotional support and training for staff in schools. Several nonprofit family service agencies in Hawai\u02bbi also provide needed outreach to low-income families. HIDOE Resources Continuity of Learning [&hellip;]<\/p>","protected":false},"author":8,"featured_media":0,"parent":87,"menu_order":21,"comment_status":"closed","ping_status":"closed","template":"","meta":{"_relevanssi_hide_post":"","_relevanssi_hide_content":"","_relevanssi_pin_for_all":"","_relevanssi_pin_keywords":"","_relevanssi_unpin_keywords":"","_relevanssi_related_keywords":"","_relevanssi_related_include_ids":"","_relevanssi_related_exclude_ids":"","_relevanssi_related_no_append":"","_relevanssi_related_not_related":"","_relevanssi_related_posts":"14249,888,18012,15429,16623,15792","_relevanssi_noindex_reason":"","_sitemap_exclude":false,"_sitemap_priority":"","_sitemap_frequency":"","_kad_blocks_custom_css":"","_kad_blocks_head_custom_js":"","_kad_blocks_body_custom_js":"","_kad_blocks_footer_custom_js":"","wp_popup_display_lightbox":0,"wp_popup_suppress":"","wp_popup_trigger":"","wp_popup_trigger_amount":0,"wp_popup_disable_on_mobile":false,"footnotes":""},"class_list":["post-948","page","type-page","status-publish","hentry"],"pp_statuses_selecting_workflow":false,"pp_workflow_action":"current","pp_status_selection":"publish","taxonomy_info":[],"featured_image_src_large":false,"author_info":{"display_name":"Ariana Enomoto","author_link":"https:\/\/hawaiipublicschools.org\/haw\/author\/arianastaceyleong-com\/"},"comment_info":0,"publishpress_future_action":{"enabled":false,"date":"2026-04-29 19:24:13","action":"change-status","newStatus":"draft","terms":[],"taxonomy":"","extraData":[]},"publishpress_future_workflow_manual_trigger":{"enabledWorkflows":[]},"_links":{"self":[{"href":"https:\/\/hawaiipublicschools.org\/haw\/wp-json\/wp\/v2\/pages\/948","targetHints":{"allow":["GET"]}}],"collection":[{"href":"https:\/\/hawaiipublicschools.org\/haw\/wp-json\/wp\/v2\/pages"}],"about":[{"href":"https:\/\/hawaiipublicschools.org\/haw\/wp-json\/wp\/v2\/types\/page"}],"author":[{"embeddable":true,"href":"https:\/\/hawaiipublicschools.org\/haw\/wp-json\/wp\/v2\/users\/8"}],"replies":[{"embeddable":true,"href":"https:\/\/hawaiipublicschools.org\/haw\/wp-json\/wp\/v2\/comments?post=948"}],"version-history":[{"count":2,"href":"https:\/\/hawaiipublicschools.org\/haw\/wp-json\/wp\/v2\/pages\/948\/revisions"}],"predecessor-version":[{"id":18969,"href":"https:\/\/hawaiipublicschools.org\/haw\/wp-json\/wp\/v2\/pages\/948\/revisions\/18969"}],"up":[{"embeddable":true,"href":"https:\/\/hawaiipublicschools.org\/haw\/wp-json\/wp\/v2\/pages\/87"}],"wp:attachment":[{"href":"https:\/\/hawaiipublicschools.org\/haw\/wp-json\/wp\/v2\/media?parent=948"}],"curies":[{"name":"wp","href":"https:\/\/api.w.org\/{rel}","templated":true}]}}