{"id":945,"date":"2024-11-07T18:37:55","date_gmt":"2024-11-07T18:37:55","guid":{"rendered":"https:\/\/hawaiipublicschools.org\/?page_id=945"},"modified":"2025-10-06T09:51:08","modified_gmt":"2025-10-06T19:51:08","slug":"preparing-to-graduate","status":"publish","type":"page","link":"https:\/\/hawaiipublicschools.org\/haw\/academics\/preparing-to-graduate\/","title":{"rendered":"Ho\u02bbom\u0101kaukau no ka puka \u02bbana"},"content":{"rendered":"<p class=\"intro\" style=\"font-size:clamp(0.875rem, 0.875rem + ((1vw - 0.2rem) * 0.531), 1.3rem);\">Academic and performance requirements to obtain a diploma from Hawai\u02bbi public high schools\u2014from the basics to honors recognition\u2014with information about the Personal Transition Plan that is required of all students.<\/p>\n\n\n\n<h2 class=\"wp-block-heading\">milestones to graduation<\/h2>\n\n\n\n<figure class=\"wp-block-image alignright size-large is-resized\"><img loading=\"lazy\" decoding=\"async\" width=\"1024\" height=\"683\" src=\"https:\/\/hawaiipublicschools.org\/wp-content\/uploads\/2024\/12\/HIDOE_Preparing-to-Graduate-1024x683.jpg\" alt=\"High school student giving a shaka while walking across the stage during graduation ceremony\" class=\"wp-image-2555\" style=\"width:420px\" srcset=\"https:\/\/hawaiipublicschools.org\/wp-content\/uploads\/2024\/12\/HIDOE_Preparing-to-Graduate-1024x683.jpg 1024w, https:\/\/hawaiipublicschools.org\/wp-content\/uploads\/2024\/12\/HIDOE_Preparing-to-Graduate-300x200.jpg 300w, https:\/\/hawaiipublicschools.org\/wp-content\/uploads\/2024\/12\/HIDOE_Preparing-to-Graduate-768x512.jpg 768w, https:\/\/hawaiipublicschools.org\/wp-content\/uploads\/2024\/12\/HIDOE_Preparing-to-Graduate-18x12.jpg 18w, https:\/\/hawaiipublicschools.org\/wp-content\/uploads\/2024\/12\/HIDOE_Preparing-to-Graduate.jpg 1200w\" sizes=\"auto, (max-width: 1024px) 100vw, 1024px\" \/><\/figure>\n\n\n\n<p>High school graduation requirements in Hawai\u02bbi public schools set a rigorous standard of learning that enables all students to:<\/p>\n\n\n\n<ul class=\"wp-block-list\">\n<li>Ho\u02bbomaopopo i k\u0101 l\u0101kou mau pahuhopu a me n\u0101 mana\u02bbo.<\/li>\n\n\n\n<li>Loa\u02bba i n\u0101 mana\u02bbo, \u02bbike, a me n\u0101 m\u0101kau e pono ai e h\u0101\u02bbawi maika\u02bbi a ho\u02bbok\u016bk\u016b i kahi kai\u0101ulu honua.<\/li>\n\n\n\n<li>E ho\u02bbok\u014d i n\u0101 kuleana a me n\u0101 kuleana o ke kama\u02bb\u0101ina.<\/li>\n\n\n\n<li>E \u02bbimi i ka ho\u02bbona\u02bbauao ma hope o ke kula ki\u02bbeki\u02bbe a \/ a i \u02bbole n\u0101 \u02bboihana me ka \u02bbole o ka ho\u02bboponopono.<\/li>\n<\/ul>\n\n\n\n<p>\u02bbO n\u0101 haum\u0101na e h\u014d\u02bbike ana i ka m\u0101kaukau ma n\u0101 ha\u02bbawina a me <a href=\"\/haw\/academics\/general-learner-outcomes-glos\/\" data-type=\"page\" data-id=\"41\">N\u0101 hopena a\u02bbo nui<\/a> ma n\u0101 papa i makemake \u02bbia e loa\u02bba i\u0101 ia kahi diploma kula ki\u02bbeki\u02bbe.<\/p>\n\n\n\n<ul class=\"wp-block-list\">\n<li>N\u0101n\u0101 <a href=\"\/haw\/academics\/graduation-requirements\/\" data-type=\"page\" data-id=\"36\">Koina puka<\/a><\/li>\n\n\n\n<li><a href=\"\/haw\/academics\/seal-of-biliteracy\/\" data-type=\"page\" data-id=\"37\">Seal of Biliteracy koi<\/a><\/li>\n<\/ul>\n\n\n\n<h2 class=\"wp-block-heading\">Ho\u02bbol\u0101l\u0101 Ho\u02bbololi Pilikino<\/h2>\n\n\n\n<p>He koi no n\u0101 haum\u0101na puka kula ki\u02bbeki\u02bbe a pau, ka <a href=\"\/haw\/DOE%20Forms\/Graduation%20Brochures\/PTP.pdf\/\" target=\"_blank\" rel=\"noreferrer noopener\">Ho\u02bbol\u0101l\u0101 ho\u02bbololi pilikino (PTP) (PDF)<\/a>\u02bbO ia ka papa hana a k\u0113l\u0101 me k\u0113ia haum\u0101na no ka ho\u02bbololi \u02bbana mai ke kula ki\u02bbeki\u02bbe a i ke kulanui a\/a i \u02bbole \u02bboihana. He kuleana like ko n\u0101 haum\u0101na, n\u0101 m\u0101kua a me n\u0101 limahana kula i ka ho\u02bbomohala \u02bbana a me ka ho\u02bbok\u014d \u02bbana i ka PTP i ke kula ki\u02bbeki\u02bbe. \u02bbO n\u0101 mea \u02bbenehana:<\/p>\n\n\n\n<ul class=\"wp-block-list\">\n<li>Pahuhopu.<\/li>\n\n\n\n<li>Ka \u02bbike \u02bbana i n\u0101 kumuwaiwai i loa\u02bba.<\/li>\n\n\n\n<li>N\u0101 h\u014d\u02bbike e k\u0101ko\u02bbo i ka papahana o ka hana i lawe \u02bbia.<\/li>\n\n\n\n<li>\u02bb\u0100pana loiloi pono\u02bb\u012b.<\/li>\n<\/ul>\n\n\n\n<h3 class=\"wp-block-heading\">N\u0101 alaka\u02bbi <\/h3>\n\n\n\n<p>No ka ho\u02bbomaopopo \u02bbana ua h\u0101\u02bbawi \u02bbia k\u0113l\u0101 me k\u0113ia kula ki\u02bbeki\u02bbe i ka latitude e ho\u02bbok\u014d ai i ka PTP no k\u0113l\u0101 me k\u0113ia haum\u0101na, ua k\u016bkulu \u02bbia n\u0101 alaka\u02bbi penei:<\/p>\n\n\n\n<ul class=\"wp-block-list\">\n<li>Pono e ho\u02bbomaka i kahi PTP i ke komo \u02bbana o k\u0113l\u0101 me k\u0113ia haum\u0101na i ke kula ki\u02bbeki\u02bbe.<\/li>\n\n\n\n<li>Pono e n\u0101n\u0101 &#039;ia ka PTP e ka haum\u0101na, n\u0101 limahana o ke kula a me ka makua\/ kahu no ka ho&#039;omaopopo &#039;ana i ka &#039;ike &#039;ana o ka haum\u0101na i n\u0101 mea o ka PTP.<\/li>\n<\/ul>\n\n\n\n<p>Ma ke ano he alakai, keia <em>Ke Ana Ho\u02bbona\u02bbauao Hana Hana<\/em> Ua k\u016bkulu \u02bbia n\u0101 pae \u02bb\u0101ina no n\u0101 haum\u0101na ma n\u0101 pae papa:<\/p>\n\n\n\n<h4 class=\"wp-block-heading\">Papa 9<\/h4>\n\n\n\n<ul class=\"wp-block-list\">\n<li>E loiloi i n\u0101 koho \u02bboihana e pili ana i n\u0101 pono pilikino, n\u0101 ikaika a me n\u0101 waiwai.<\/li>\n\n\n\n<li>E no\u02bbono\u02bbo i ka uku, ka nohona a me n\u0101 pono \u02bb\u0113 a\u02bbe e pili ana i n\u0101 \u02bboihana hoihoi.<\/li>\n\n\n\n<li>E ho\u02bbomohala i ka ho\u02bbona\u02bbauao pilikino a me n\u0101 pahuhopu \u02bboihana.<\/li>\n\n\n\n<li>E ho\u02bbomohala i kahi waihona \u02bboihana e h\u014d\u02bbike ana i n\u0101 h\u014d\u02bbike o ka holomua i ka loa\u02bba \u02bbana o n\u0101 pahuhopu pilikino, ho\u02bbona\u02bbauao a me n\u0101 \u02bboihana.<\/li>\n<\/ul>\n\n\n\n<h4 class=\"wp-block-heading\">Papa 10<\/h4>\n\n\n\n<p>Ma waho a\u02bbe o n\u0101 mea a pau i luna:<\/p>\n\n\n\n<ul class=\"wp-block-list\">\n<li>E no\u02bbono\u02bbo i ka ho\u02bbona\u02bbauao pilikino a me n\u0101 pahuhopu \u02bboihana.<\/li>\n\n\n\n<li>E loiloi i ka waihona \u02bboihana e palapala i n\u0101 h\u014d\u02bbike o ka holomua i ka loa\u02bba \u02bbana o n\u0101 pahuhopu pilikino, ho\u02bbona\u02bbauao a me n\u0101 \u02bboihana.<\/li>\n<\/ul>\n\n\n\n<h4 class=\"wp-block-heading\">Papa 11<\/h4>\n\n\n\n<p>Ma waho a\u02bbe o n\u0101 mea a pau i luna:<\/p>\n\n\n\n<ul class=\"wp-block-list\">\n<li>E no\u02bbono\u02bbo i n\u0101 \u02bbano demographic, geographic, a me ka \u02bbenehana e pili ana i n\u0101 manawa hana<\/li>\n\n\n\n<li>E ho\u02bbom\u0101kaukau no ke ka\u02bbina hana ninaninau.<\/li>\n<\/ul>\n\n\n\n<h4 class=\"wp-block-heading\">Papa 12<\/h4>\n\n\n\n<ul class=\"wp-block-list\">\n<li>Ho\u02bbopau i ka \u02bb\u014dlelo pilikino *<\/li>\n\n\n\n<li>Ho\u02bbopiha piha i ka \u02bboihana hana *<\/li>\n\n\n\n<li>Ho\u02bbomaka \u02bboihana piha *<\/li>\n\n\n\n<li>Ho\u02bbopiha piha i ka papahana ma hope o ke kula ki\u02bbeki\u02bbe*<\/li>\n\n\n\n<li>Ka \u02bbike \u02bbana i n\u0101 ho\u02bbokolohua komo komo (ma hope o ke kula ki\u02bbeki\u02bbe, hana, etc.)<\/li>\n<\/ul>\n\n\n\n<p><em>* Pono<\/em><\/p>\n\n\n\n<h3 class=\"wp-block-heading\">Haawi ana i ka aie<\/h3>\n\n\n\n<p>E ho\u02bbopuka \u02bbia ka h\u014d\u02bbai\u02bb\u0113 0.50 ma ka hopena o ke kau mua o ka makahiki hope a e k\u0101kau \u02bbia ma ka palapala oihana o ka haum\u0101na ma ke \u02bbano he h\u014d\u02bbai\u02bb\u0113 a \u02bba\u02bbole \u02bbole no ka h\u0101l\u0101wai \u02bbana i n\u0101 mea o ka PTP.<\/p>\n\n\n\n<h2 class=\"wp-block-heading\">N\u0101 K\u016blana K\u016blana kumuhana<\/h2>\n\n\n\n<p>He papa inoa o n\u0101 ma\u02bbamau i ho\u02bbohana \u02bbia e ka &#039;Oihana e h\u014d\u02bboia i ka \u02bbike \u02bbia \u02bbana o n\u0101 haum\u0101na i n\u0101 pae ho\u02bbopa\u02bba pa\u02bba a k\u016bpono ho\u02bbi o ka makahiki. \u02bbA\u02bbole n\u0101 ha\u02bbawina ma\u02bbamau, ak\u0101 n\u0101 mana\u02bbolana i n\u0101 mea e \u02bbike a hiki i n\u0101 haum\u0101na ke hana ma k\u0113l\u0101 me k\u0113ia pae papa.<\/p>\n\n\n\n<p><\/p>","protected":false},"excerpt":{"rendered":"<p>Academic and performance requirements to obtain a diploma from Hawai\u02bbi public high schools\u2014from the basics to honors recognition\u2014with information about the Personal Transition Plan that is required of all students. milestones to graduation High school graduation requirements in Hawai\u02bbi public schools set a rigorous standard of learning that enables all students to: Students who demonstrate [&hellip;]<\/p>","protected":false},"author":8,"featured_media":0,"parent":22,"menu_order":30,"comment_status":"closed","ping_status":"closed","template":"","meta":{"_relevanssi_hide_post":"","_relevanssi_hide_content":"","_relevanssi_pin_for_all":"","_relevanssi_pin_keywords":"","_relevanssi_unpin_keywords":"","_relevanssi_related_keywords":"","_relevanssi_related_include_ids":"","_relevanssi_related_exclude_ids":"","_relevanssi_related_no_append":"","_relevanssi_related_not_related":"","_relevanssi_related_posts":"","_relevanssi_noindex_reason":"","_sitemap_exclude":false,"_sitemap_priority":"","_sitemap_frequency":"","_kad_blocks_custom_css":"","_kad_blocks_head_custom_js":"","_kad_blocks_body_custom_js":"","_kad_blocks_footer_custom_js":"","wp_popup_display_lightbox":0,"wp_popup_suppress":"","wp_popup_trigger":"","wp_popup_trigger_amount":0,"wp_popup_disable_on_mobile":false,"footnotes":""},"class_list":["post-945","page","type-page","status-publish","hentry"],"pp_statuses_selecting_workflow":false,"pp_workflow_action":"current","pp_status_selection":"publish","taxonomy_info":[],"featured_image_src_large":false,"author_info":{"display_name":"Ariana Enomoto","author_link":"https:\/\/hawaiipublicschools.org\/haw\/author\/arianastaceyleong-com\/"},"comment_info":0,"publishpress_future_action":{"enabled":false,"date":"2026-04-26 17:23:12","action":"change-status","newStatus":"draft","terms":[],"taxonomy":"","extraData":[]},"publishpress_future_workflow_manual_trigger":{"enabledWorkflows":[]},"_links":{"self":[{"href":"https:\/\/hawaiipublicschools.org\/haw\/wp-json\/wp\/v2\/pages\/945","targetHints":{"allow":["GET"]}}],"collection":[{"href":"https:\/\/hawaiipublicschools.org\/haw\/wp-json\/wp\/v2\/pages"}],"about":[{"href":"https:\/\/hawaiipublicschools.org\/haw\/wp-json\/wp\/v2\/types\/page"}],"author":[{"embeddable":true,"href":"https:\/\/hawaiipublicschools.org\/haw\/wp-json\/wp\/v2\/users\/8"}],"replies":[{"embeddable":true,"href":"https:\/\/hawaiipublicschools.org\/haw\/wp-json\/wp\/v2\/comments?post=945"}],"version-history":[{"count":0,"href":"https:\/\/hawaiipublicschools.org\/haw\/wp-json\/wp\/v2\/pages\/945\/revisions"}],"up":[{"embeddable":true,"href":"https:\/\/hawaiipublicschools.org\/haw\/wp-json\/wp\/v2\/pages\/22"}],"wp:attachment":[{"href":"https:\/\/hawaiipublicschools.org\/haw\/wp-json\/wp\/v2\/media?parent=945"}],"curies":[{"name":"wp","href":"https:\/\/api.w.org\/{rel}","templated":true}]}}