{"id":940,"date":"2024-11-07T02:49:48","date_gmt":"2024-11-07T02:49:48","guid":{"rendered":"https:\/\/hawaiipublicschools.org\/?page_id=940"},"modified":"2026-01-02T12:06:42","modified_gmt":"2026-01-02T22:06:42","slug":"jobs-listing","status":"publish","type":"page","link":"https:\/\/hawaiipublicschools.org\/haw\/jobs\/jobs-listing\/","title":{"rendered":"Ka Papa Hana"},"content":{"rendered":"<p><\/p>\n\n\n\n<p class=\"intro\" style=\"font-size:clamp(0.875rem, 0.875rem + ((1vw - 0.2rem) * 0.531), 1.3rem);\">Ma n\u0101 kula aupuni o Hawai\u02bbi, \u02bbimi m\u0101kou i n\u0101 k\u0101naka ikaika a ho\u02bboikaika \u02bbia e hui p\u016b me k\u0101 m\u0101kou hui a k\u014dkua i ke k\u016bkulu \u02bbana i ka w\u0101 e hiki mai ana o ko m\u0101kou moku\u02bb\u0101ina. Me n\u0101 kuleana hoihoi e pili ana i n\u0101 kahua \u0101pau, e loa\u02bba i\u0101 \u02bboe ka manawa e k\u0101ko\u02bbo i ka holomua o n\u0101 haum\u0101na, e k\u014dkua i ka holomua o ka ho\u02bbona\u02bbauao aupuni, a e ho\u02bboikaika i n\u0101 loli hopena no n\u0101 mokupuni. In\u0101 he \u02bboihana \u02bbike \u02bboe a i \u02bbole e ho\u02bbomaka ana i k\u0101u \u02bboihana, h\u0101\u02bbawi m\u0101kou i n\u0101 manawa e ulu ai, e ulu ai a hana i kahi hopena mau loa.<\/p>\n\n\n\n<p>E \u02bbimi i k\u0101 m\u0101kou mau hana hana a noi p\u016bnaewele i k\u0113ia l\u0101!<\/p>\n\n\n\n<div class=\"wp-block-buttons is-layout-flex wp-block-buttons-is-layout-flex\" style=\"margin-bottom:var(--wp--preset--spacing--10)\">\n<div class=\"wp-block-button has-custom-font-size ghost positive custom_button border_bx-pos is-style-outline is-style-outline--1\" style=\"font-size:0.8rem\"><a rel=\"noreferrer noopener\" target=\"_blank\" href=\"http:\/\/hawaiischooljobs.org\" class=\"wp-block-button__link has-text-color has-link-color has-border-color has-contrast-border-color wp-element-button\" style=\"border-width:2px;color:#010101;padding-top:12px;padding-right:20px;padding-bottom:12px;padding-left:20px\">huli hana<\/a><\/div>\n<\/div>\n\n\n\n<p>Wehe m\u0101kou i n\u0101 hola \u02bboihana ma\u02bbamau (Poakahi a P\u014d\u02bbalima mai 7:45 am a 4:30 pm, me ka \u02bbole o n\u0101 l\u0101 ho\u02bbomaha moku\u02bb\u0101ina). E \u02bbolu\u02bbolu, mai k\u0101nalua e launa p\u016b me m\u0101kou. <\/p>\n\n\n\n<div class=\"wp-block-columns is-layout-flex wp-container-core-columns-is-layout-28f84493 wp-block-columns-is-layout-flex\">\n<div class=\"wp-block-column is-layout-flow wp-block-column-is-layout-flow\">\n<p><strong>Hoolimalima Kumu<br><\/strong>PO Box 2360, Honolulu, HI 96804<br><a href=\"mailto:teacher.recruitment@k12.hi.us\">kumu.recruitment@k12.hi.us<\/a><br>Kelepona: 808-441-8444<br>Fax: 808-586-4050<\/p>\n<\/div>\n\n\n\n<div class=\"wp-block-column is-layout-flow wp-block-column-is-layout-flow\">\n<p><strong>Hoolimalima Luna Hoonaauao<br><\/strong>PO Box 2360, Honolulu, HI 96804<br><a href=\"mailto:eo.recruitment@k12.hi.us\">eo.recruitment@k12.hi.us<\/a><br>Kelepona: 808-564-0877<br>Fax: 808-586-4050<br><a href=\"\/haw\/jobs\/educational-officer-job-classifications\/\">N\u0101 K\u016blana Papa Ho\u02bbona\u02bbauao<\/a><\/p>\n<\/div>\n\n\n\n<div class=\"wp-block-column is-layout-flow wp-block-column-is-layout-flow\">\n<p><strong>Ho\u02bbopi\u02bbi \u02bbia n\u0101 limahana i n\u0101 lawelawe i ho\u02bbopa\u02bba \u02bbia\/k\u014dkua<br><\/strong>PO Box 2360, Honolulu, HI 96804<br><a href=\"mailto:cssp.recruitment@k12.hi.us\">cssp.recruitment@k12.hi.us<\/a><br>Kelepona: 808-441-8411<br>Fax: 808-586-4050<br><a href=\"https:\/\/hawaiipublicschools.org\/haw\/jobs\/civil-service-classification-specifications\/\" data-type=\"page\" data-id=\"9649\">N\u0101 K\u016blana Papa Hana Kivila<\/a><br><a href=\"\/haw\/jobs\/support-services-classifications\/\">N\u0101 kiko\u02bb\u012b o ka papa lawelawe k\u0101ko\u02bbo<\/a><\/p>\n<\/div>\n<\/div>\n\n\n\n<p class=\"has--font-size\"><\/p>","protected":false},"excerpt":{"rendered":"<p>Ma n\u0101 kula aupuni o Hawai\u02bbi, \u02bbimi m\u0101kou i n\u0101 k\u0101naka ikaika a ho\u02bboikaika \u02bbia e hui p\u016b me k\u0101 m\u0101kou hui a k\u014dkua i ke k\u016bkulu \u02bbana i ka w\u0101 e hiki mai ana o ko m\u0101kou moku\u02bb\u0101ina. Me n\u0101 kuleana hoihoi e pili ana i n\u0101 kahua \u0101pau, e loa\u02bba i\u0101 \u02bboe ka manawa e k\u0101ko\u02bbo i ka holomua o n\u0101 haum\u0101na, e k\u014dkua i ka holomua o ka ho\u02bbona\u02bbauao aupuni, a e ho\u02bboikaika i n\u0101 loli hopena no n\u0101 mokupuni. In\u0101 he loea \u02bbike \u02bboe a i \u02bbole [\u2026]<\/p>","protected":false},"author":8,"featured_media":0,"parent":122,"menu_order":0,"comment_status":"closed","ping_status":"closed","template":"","meta":{"_relevanssi_hide_post":"","_relevanssi_hide_content":"","_relevanssi_pin_for_all":"","_relevanssi_pin_keywords":"","_relevanssi_unpin_keywords":"","_relevanssi_related_keywords":"","_relevanssi_related_include_ids":"","_relevanssi_related_exclude_ids":"","_relevanssi_related_no_append":"","_relevanssi_related_not_related":"","_relevanssi_related_posts":"10479,10895,9324,10010,10022,10175","_relevanssi_noindex_reason":"","_sitemap_exclude":false,"_sitemap_priority":"","_sitemap_frequency":"","_kad_blocks_custom_css":"","_kad_blocks_head_custom_js":"","_kad_blocks_body_custom_js":"","_kad_blocks_footer_custom_js":"","wp_popup_display_lightbox":0,"wp_popup_suppress":"","wp_popup_trigger":"","wp_popup_trigger_amount":0,"wp_popup_disable_on_mobile":false,"footnotes":""},"class_list":["post-940","page","type-page","status-publish","hentry"],"pp_statuses_selecting_workflow":false,"pp_workflow_action":"current","pp_status_selection":"publish","taxonomy_info":[],"featured_image_src_large":false,"author_info":{"display_name":"Ariana Enomoto","author_link":"https:\/\/hawaiipublicschools.org\/haw\/author\/arianastaceyleong-com\/"},"comment_info":0,"publishpress_future_action":{"enabled":false,"date":"2026-04-18 02:58:15","action":"change-status","newStatus":"draft","terms":[],"taxonomy":"","extraData":[]},"publishpress_future_workflow_manual_trigger":{"enabledWorkflows":[]},"_links":{"self":[{"href":"https:\/\/hawaiipublicschools.org\/haw\/wp-json\/wp\/v2\/pages\/940","targetHints":{"allow":["GET"]}}],"collection":[{"href":"https:\/\/hawaiipublicschools.org\/haw\/wp-json\/wp\/v2\/pages"}],"about":[{"href":"https:\/\/hawaiipublicschools.org\/haw\/wp-json\/wp\/v2\/types\/page"}],"author":[{"embeddable":true,"href":"https:\/\/hawaiipublicschools.org\/haw\/wp-json\/wp\/v2\/users\/8"}],"replies":[{"embeddable":true,"href":"https:\/\/hawaiipublicschools.org\/haw\/wp-json\/wp\/v2\/comments?post=940"}],"version-history":[{"count":0,"href":"https:\/\/hawaiipublicschools.org\/haw\/wp-json\/wp\/v2\/pages\/940\/revisions"}],"up":[{"embeddable":true,"href":"https:\/\/hawaiipublicschools.org\/haw\/wp-json\/wp\/v2\/pages\/122"}],"wp:attachment":[{"href":"https:\/\/hawaiipublicschools.org\/haw\/wp-json\/wp\/v2\/media?parent=940"}],"curies":[{"name":"wp","href":"https:\/\/api.w.org\/{rel}","templated":true}]}}