{"id":94,"date":"2024-09-04T23:42:52","date_gmt":"2024-09-04T23:42:52","guid":{"rendered":"https:\/\/hawaiipublicschools.org\/?page_id=94"},"modified":"2026-03-18T10:04:45","modified_gmt":"2026-03-18T20:04:45","slug":"obtaining-your-school-license","status":"publish","type":"page","link":"https:\/\/hawaiipublicschools.org\/haw\/resources\/obtaining-your-school-license\/","title":{"rendered":"Loa\u02bba i k\u0101u Laikini Kula"},"content":{"rendered":"<p class=\"intro\" style=\"font-size:clamp(0.875rem, 0.875rem + ((1vw - 0.2rem) * 0.531), 1.3rem);\">The Hawai\u02bbi State Department of Education (HIDOE) offers a two-year licensure for private trade, vocational and technical schools that meet accreditation or approval requirements. Licensure ensures compliance with regulations, access to funding and qualification for professional licensure, while certain schools may qualify for exemptions.<\/p>\n\n\n\n<div class=\"wp-block-columns double_col_sidebar is-layout-flex wp-container-core-columns-is-layout-28f84493 wp-block-columns-is-layout-flex\">\n<div class=\"wp-block-column left_col is-layout-flow wp-block-column-is-layout-flow\">\n<h2 class=\"wp-block-heading\">Noi no ka Laikini Kula<\/h2>\n\n\n\n<p>\u02bbA\u02bbole loiloi ka HIDOE i n\u0101 ha\u02bbawina kula \u02bboihana pilikino a i \u02bbole n\u0101 \u02bbano a\u02bbo e ho\u02bboholo ai in\u0101 k\u016bpono ke kula \u02bboihana e ho\u02bbolako i ke a\u02bbo \u02bbana. Pono n\u0101 kula \u0101pau e noi ana no ka laikini e \u02bbae \u02bbia e ka mea \u02bbae i \u02bbike \u02bbia e ke Ke\u02bbena Ho\u02bbona\u02bbauao o \u02bbAmelika Hui P\u016b \u02bbIa a i \u02bbae \u02bbia e kahi hui ho\u02bbomalu i ho\u02bboholo ua k\u016bpono l\u0101kou e ho\u02bbolako i ka ho\u02bboma\u02bbama\u02bba \u02bbana i k\u0101 l\u0101kou \u02bboihana.<\/p>\n\n\n\n<p>Obtaining a license from the HIDOE allows for one or more of the following benefits:<\/p>\n\n\n\n<ol class=\"wp-block-list\">\n<li>\u02bbO ka ho\u02bbok\u014d \u02bbana i n\u0101 lula federal a i \u02bbole n\u0101 pono accreditation.<\/li>\n\n\n\n<li>\u02bbO ke k\u016bpono i ke k\u0101lepa pilikino, kula \u02bboihana a \u02bbenehana paha no ke k\u0101l\u0101 federal, moku\u02bb\u0101ina a pilikino paha.<\/li>\n\n\n\n<li>\u02bbO n\u0101 haum\u0101na puka k\u016bpono o ke k\u0101lepa pilikino, kula \u02bboihana a \u02bbenehana paha no ka laikini \u02bboihana.<\/li>\n<\/ol>\n\n\n\n<h3 class=\"wp-block-heading\">N\u0101 noi no ka laikini kula a me ka ho\u02bbok\u014d \u02bbana o ka mea k\u016b\u02bbai aku<\/h3>\n\n\n\n<h4 class=\"wp-block-heading\">Laikini mua<\/h4>\n\n\n\n<p>Private trade, vocational or technical schools are welcome to apply for licensure with the Hawai\u02bbi State Department of Education. Licenses will only be granted to schools operating in Hawai\u02bbi. For more information, please email&nbsp;<a href=\"mailto:ptvt@k12.hi.us\" target=\"_blank\" rel=\"noreferrer noopener\">ptvt@k12.hi.us<\/a>.<\/p>\n\n\n\n<h4 class=\"wp-block-heading\">Ho\u02bbok\u014d ka mea k\u016b\u02bbai aku<\/h4>\n\n\n\n<p>Pono ka HIDOE i ke k\u016blana \u201ck\u016bpono\u201d mai n\u0101 ke\u02bbena no n\u0101 noi laikini mua a ho\u02bbohou. Hiki i\u0101 \u02bboe <a href=\"http:\/\/vendors.ehawaii.gov\/hce\/splash\/welcome.html#\" target=\"_blank\" rel=\"noreferrer noopener\">k\u016b\u02bbai i h\u014d\u02bbike ma ka p\u016bnaewele<\/a>, which will indicate your status from the following: Hawai\u02bbi Department of Taxation, the Internal Revenue Service, the Hawai\u2018i Department of Labor and Industrial Relations, and the Hawai\u2018i Department of Commerce and Consumer Affairs.<\/p>\n\n\n\n<h3 class=\"wp-block-heading\">Online Schools and Training Programs Outside Hawai\u02bbi<\/h3>\n\n\n\n<p>The Department does not license schools not physically located in Hawai\u02bbi. Online schools or programs located outside of Hawai\u2018i that want to provide training may contact the <a href=\"https:\/\/labor.hawaii.gov\/wdc\/how-to-become-an-eligible-training-provider\/\" target=\"_blank\" rel=\"noreferrer noopener\">State of Hawai\u02bbi Workforce Development Council<\/a> e pili ana i ka lilo \u02bbana i mea ho\u02bbolako a\u02bbo k\u016bpono.<\/p>\n<\/div>\n\n\n\n<div class=\"wp-block-column right_col is-layout-flow wp-block-column-is-layout-flow\"><div class=\"kb-row-layout-wrap kb-row-layout-id1050_d76aa3-f2 alignnone wp-block-kadence-rowlayout\"><div class=\"kt-row-column-wrap kt-has-2-columns kt-row-layout-row kt-tab-layout-row kt-mobile-layout-row kt-row-valign-top\">\n\n<div class=\"wp-block-kadence-column kadence-column1050_63c690-aa\"><div class=\"kt-inside-inner-col\">\n<figure class=\"wp-block-image size-full no_margin\"><img loading=\"lazy\" decoding=\"async\" width=\"1200\" height=\"898\" src=\"https:\/\/hawaiipublicschools.org\/wp-content\/uploads\/2024\/12\/Kalo.jpg\" alt=\"Close up photo of kalo leaves\" class=\"wp-image-2356\" style=\"aspect-ratio:4\/3;object-fit:cover\" srcset=\"https:\/\/hawaiipublicschools.org\/wp-content\/uploads\/2024\/12\/Kalo.jpg 1200w, https:\/\/hawaiipublicschools.org\/wp-content\/uploads\/2024\/12\/Kalo-300x225.jpg 300w, https:\/\/hawaiipublicschools.org\/wp-content\/uploads\/2024\/12\/Kalo-1024x766.jpg 1024w, https:\/\/hawaiipublicschools.org\/wp-content\/uploads\/2024\/12\/Kalo-768x575.jpg 768w, https:\/\/hawaiipublicschools.org\/wp-content\/uploads\/2024\/12\/Kalo-16x12.jpg 16w\" sizes=\"auto, (max-width: 1200px) 100vw, 1200px\" \/><\/figure>\n<\/div><\/div>\n\n\n\n<div class=\"wp-block-kadence-column kadence-column1050_6ae211-6a\"><div class=\"kt-inside-inner-col\">\n<h5 class=\"wp-block-heading has-base-color has-text-color has-link-color wp-elements-91735848e86ea283e0928ede427b944c\" style=\"margin-top:0px;padding-top:0;padding-bottom:0.5rem;font-size:1.4vw\">NO KA IKE HOU<\/h5>\n\n\n\n<p class=\"has-base-color has-text-color has-link-color wp-elements-73de11a7dc8419c68045457638ce71c1\"><strong>Laa A\u02bbo Ho\u02bbonui<\/strong><br>Kelepona: 808-784-6498<br><a href=\"mailto:ptvt@k12.hi.us\" target=\"_blank\" rel=\"noreferrer noopener\">leka uila<\/a><\/p>\n<\/div><\/div>\n\n<\/div><\/div><\/div>\n<\/div>\n\n\n\n<h2 class=\"wp-block-heading\">Ho\u02bboku\u02bbu \u02bbia<\/h2>\n\n\n\n<p>Hiki i n\u0101 kula i loa\u02bba k\u0113ia mau ho\u02bboku\u02bbu \u02bbia ke noi i kahi leka mai ka &#039;Oihana:<\/p>\n\n\n\n<ol class=\"wp-block-list\">\n<li>N\u0101 kula i m\u0101lama \u02bbia a i \u02bbole n\u0101 papa e m\u0101lama \u02bbia e ka po\u02bbe hana no k\u0101 l\u0101kou mau limahana pono\u02bb\u012b kahi i uku \u02bbole \u02bbia ai ka uku a i \u02bbole ke kumu kula;<\/li>\n\n\n\n<li>N\u0101 ha\u02bbawina a\u02bbo i h\u0101\u02bbawi \u02bbia e kahi \u02bbahahui pilikua, kauoha lokomaika\u02bbi a hui \u02bboihana paha i kona mau l\u0101l\u0101 a \u02bba\u02bbole ho\u02bbohana \u02bbia no ka loa\u02bba k\u0101l\u0101;<\/li>\n\n\n\n<li>Hana \u02bbia n\u0101 papa no n\u0101 haum\u0101na ma lalo o \u02bbelima i ka manawa ho\u02bbokahi;<\/li>\n\n\n\n<li>N\u0101 papa a i \u02bbole n\u0101 papa a\u02bbo e alaka\u02bbi \u02bbia ana no 20 a i \u02bbole ka li\u02bbili\u02bbi o n\u0101 papa i loko o k\u0113l\u0101 me k\u0113ia 12 mahina;<\/li>\n\n\n\n<li>Avocational, le\u02bbale\u02bba, le\u02bbale\u02bba, a i \u02bbole n\u0101 papa olakino a papa paha;<\/li>\n\n\n\n<li>N\u0101 papa a\u02bbo e pili ana i n\u0101 kumuhana ho\u02bbomana i h\u0101\u02bbawi \u02bbia ma lalo o ka malu o kahi hui ho\u02bbomana; a<\/li>\n<\/ol>\n\n\n\n<p><strong>No ke noi \u02bbana i kahi ho\u02bboku\u02bbu, e \u02bbolu\u02bbolu e ho\u02bbouna:<\/strong><\/p>\n\n\n\n<ol class=\"wp-block-list\">\n<li>\u02bbO ka ho\u02bboku\u02bbu \u02bbia e noi nei k\u0101u kula a me n\u0101 \u02bbike hou a\u02bbe e k\u0101ko\u02bbo i k\u0113ia ho\u02bboku\u02bbu.<\/li>\n\n\n\n<li>Ke kope o ka palapala h\u014d\u02bboia o ke k\u016blana maika\u02bbi mai ka \u02bbOihana Ho\u02bbopa\u02bba inoa ma lalo o DCCA.<\/li>\n\n\n\n<li>Ke\u02bbena \u02bbauhau \u02bbauhau o Hawai\u02bbi.<\/li>\n\n\n\n<li>Papa helu papa.<\/li>\n<\/ol>\n\n\n\n<p>E \u02bbolu\u02bbolu <a href=\"mailto:ptvt@k12.hi.us\">leka uila<\/a> kekahi noi.<\/p>\n\n\n\n<h2 class=\"wp-block-heading\">\u02bbApono a \u02bbae \u02bbia<\/h2>\n\n\n\n<p>\u02bbO kahi k\u0101lepa pilikino, kula \u02bboihana a \u02bbenehana paha e koi ana i ka laikini e waiho i n\u0101 palapala i koi \u02bbia.<\/p>\n\n\n\n<p>Pono \u02bbo PTVT e h\u014d\u02bboia i ka \u02bbae \u02bbia o ke kula e ke komisina \u02bbae o n\u0101 kula \u02bboihana a me n\u0101 koleke, \u02bbaha k\u016bk\u0101 \u02bbae no ka ho\u02bbomau \u02bbana i ka ho\u02bbona\u02bbauao a me ke a\u02bbo \u02bbana, a i \u02bbole kahi ke\u02bbena \u02bbae o n\u0101 kula ho\u02bbona\u02bbauao olakino; in\u0101 ma kahi o ia \u02bbae \u02bbia, hiki i ke kula ke h\u0101\u02bbawi i kahi leka mai ka moku\u02bb\u0101ina k\u016bpono, ke aupuni pekelala a i \u02bbole ka mana laikini \u02bb\u0113 a\u02bbe e h\u014d\u02bbike ana ua lawa ka ha\u02bbawina pilikino o ke kula \u02bboihana, \u02bboihana a \u02bbenehana paha e ho\u02bbom\u0101kaukau ai i kahi haum\u0101na puka no ke k\u016bpono no ka laikini \u02bboihana.&nbsp;&nbsp;<\/p>\n\n\n\n<p>Paipai \u02bbia e \u02bbimi i ka \u02bbae \u02bbana mai n\u0101 \u02bboihana i \u02bbike \u02bbia e ka <a href=\"https:\/\/ope.ed.gov\/dapip\/#\/agency-list\" target=\"_blank\" rel=\"noreferrer noopener\">\u02bbOihana Ho\u02bbona\u02bbauao \u02bbAmelika<\/a>. \u02bbA\u02bbole k\u0113ia e ho\u02bbohui i ka pono i k\u0101u kula ak\u0101 e \u02bbae p\u016b i k\u0101u kula e k\u016bpono i ke k\u014dkua k\u0101l\u0101 a me n\u0101 k\u014dkua \u02bb\u0113 a\u02bbe mai ke aupuni pekelala.<\/p>\n\n\n\n<h2 class=\"wp-block-heading\">Ke Hana \u02bbana i k\u0101u Catalog Kula<\/h2>\n\n\n\n<p>E \u02bbolu\u02bbolu e \u02bbolu\u02bbolu e loa\u02bba i k\u0101u mau haum\u0101na n\u0101 \u02bbike \u0101pau a l\u0101kou e pono ai ma mua o ka ho\u02bboholo \u02bbana e hele i k\u0101u \u02bboihana pilikino, kula \u02bboihana a \u02bbenehana paha. \u02bbO k\u0113ia n\u0101 mea e pono ke \u02bbike \u02bbia i loko o kahi palapala kula a\/a i \u02bbole p\u016bnaewele:<\/p>\n\n\n\n<ul class=\"wp-block-list\">\n<li>Ke kulekele komo (k\u016bpono like i ka ho\u02bbona\u02bbauao, ho\u02bbokae \u02bbole, etc.).<\/li>\n\n\n\n<li>N\u0101 koi komo (pono ke kula ki\u02bbeki\u02bbe a i \u02bbole GED, a p\u0113l\u0101 aku).<\/li>\n\n\n\n<li>Ka\u02bbina hana noi (\u02bbanu\u02bbu a me ka l\u014d\u02bbihi, etc.).<\/li>\n\n\n\n<li>N\u0101 limahana a me n\u0101 h\u014d\u02bbailona (n\u0101 wehewehe o n\u0101 limahana, ka mo\u02bbolelo ho\u02bbona\u02bbauao a me ka hana).<\/li>\n\n\n\n<li>Loa\u02bba n\u0101 papahana.<\/li>\n\n\n\n<li>\u02bbO ka wehewehe \u02bbana o ka palapala h\u014d\u02bboia i ka pau \u02bbana o kahi papahana.<\/li>\n\n\n\n<li>\u02bbIke laikini\/h\u014d\u02bboia (in\u0101 pili, e la\u02bba, ho\u02bboma\u02bbama\u02bba massage).<\/li>\n\n\n\n<li>Laki\u014d haum\u0101na-kumu.<\/li>\n\n\n\n<li>\u02bbO ka wehewehe \u02bbana o n\u0101 mea hana (e h\u0101\u02bbawi i n\u0101 ki\u02bbi).<\/li>\n\n\n\n<li>\u02bbO ka wehewehe \u02bbana i n\u0101 mea hana (e h\u0101\u02bbawi i n\u0101 ki\u02bbi).<\/li>\n\n\n\n<li>Kulekele hele \u02bbana (e wehewehe i ke kulekele no n\u0101 papa i hala \u02bbole, n\u0101 ha\u02bbalele \u02bbole).<\/li>\n\n\n\n<li>Kulekele make-up.<\/li>\n\n\n\n<li>Papa papa.<\/li>\n\n\n\n<li>Ka helu \u02bbana.<\/li>\n\n\n\n<li>Ka holomua \u02bbolu\u02bbolu (pehea e loiloi \u02bbia ai n\u0101 haum\u0101na i ka w\u0101 o ke kau).<\/li>\n\n\n\n<li>Kalena kula.<\/li>\n\n\n\n<li>\u02bbO n\u0101 kumuk\u016b\u02bbai papahana a me n\u0101 kulekele hoihoi.<\/li>\n\n\n\n<li>N\u0101 papahana uku.<\/li>\n\n\n\n<li>Kokua k\u0101l\u0101.<\/li>\n\n\n\n<li>K\u014dkua ho\u02bbonoho.<\/li>\n\n\n\n<li>N\u0101 lawelawe haum\u0101na (e la\u02bba, k\u014dkua me ka ho\u02bbopa\u02bba inoa, puke, etc.)<\/li>\n\n\n\n<li>Ka\u02bbina hana ho\u02bbopi\u02bbi.<\/li>\n\n\n\n<li>N\u0101 kulekele a me n\u0101 ka\u02bbina hana kula (academic or administrative).<\/li>\n\n\n\n<li>Misiona kula a me ke akeakamai.<\/li>\n\n\n\n<li>N\u0101 hola ho\u02bboili.<\/li>\n\n\n\n<li>Loa\u02bba i n\u0101 transcripts (ma ka uila a i \u02bbole kope pa\u02bbakik\u012b).<\/li>\n\n\n\n<li>Ka hana a n\u0101 haum\u0101na a me n\u0101 lula (me ka pPolicy ho\u02bbom\u0101inoino).<\/li>\n\n\n\n<li>Ho\u02bbopau.<\/li>\n\n\n\n<li>Hoopii.<\/li>\n<\/ul>","protected":false},"excerpt":{"rendered":"<p>The Hawai\u02bbi State Department of Education (HIDOE) offers a two-year licensure for private trade, vocational and technical schools that meet accreditation or approval requirements. Licensure ensures compliance with regulations, access to funding and qualification for professional licensure, while certain schools may qualify for exemptions. Application for School Licensure The HIDOE does not evaluate private vocational [&hellip;]<\/p>","protected":false},"author":8,"featured_media":0,"parent":87,"menu_order":22,"comment_status":"closed","ping_status":"closed","template":"wp-custom-template-page-for-custom-sidebar","meta":{"_relevanssi_hide_post":"","_relevanssi_hide_content":"","_relevanssi_pin_for_all":"","_relevanssi_pin_keywords":"","_relevanssi_unpin_keywords":"","_relevanssi_related_keywords":"","_relevanssi_related_include_ids":"","_relevanssi_related_exclude_ids":"","_relevanssi_related_no_append":"","_relevanssi_related_not_related":"","_relevanssi_related_posts":"14000,16885,2397,10092,2413,2422","_relevanssi_noindex_reason":"","_sitemap_exclude":false,"_sitemap_priority":"","_sitemap_frequency":"","_kad_blocks_custom_css":"","_kad_blocks_head_custom_js":"","_kad_blocks_body_custom_js":"","_kad_blocks_footer_custom_js":"","wp_popup_display_lightbox":0,"wp_popup_suppress":"","wp_popup_trigger":"","wp_popup_trigger_amount":0,"wp_popup_disable_on_mobile":false,"footnotes":""},"class_list":["post-94","page","type-page","status-publish","hentry"],"pp_statuses_selecting_workflow":false,"pp_workflow_action":"current","pp_status_selection":"publish","taxonomy_info":[],"featured_image_src_large":false,"author_info":{"display_name":"Ariana Enomoto","author_link":"https:\/\/hawaiipublicschools.org\/haw\/author\/arianastaceyleong-com\/"},"comment_info":0,"publishpress_future_action":{"enabled":false,"date":"2026-04-29 22:28:18","action":"change-status","newStatus":"draft","terms":[],"taxonomy":"","extraData":[]},"publishpress_future_workflow_manual_trigger":{"enabledWorkflows":[]},"_links":{"self":[{"href":"https:\/\/hawaiipublicschools.org\/haw\/wp-json\/wp\/v2\/pages\/94","targetHints":{"allow":["GET"]}}],"collection":[{"href":"https:\/\/hawaiipublicschools.org\/haw\/wp-json\/wp\/v2\/pages"}],"about":[{"href":"https:\/\/hawaiipublicschools.org\/haw\/wp-json\/wp\/v2\/types\/page"}],"author":[{"embeddable":true,"href":"https:\/\/hawaiipublicschools.org\/haw\/wp-json\/wp\/v2\/users\/8"}],"replies":[{"embeddable":true,"href":"https:\/\/hawaiipublicschools.org\/haw\/wp-json\/wp\/v2\/comments?post=94"}],"version-history":[{"count":1,"href":"https:\/\/hawaiipublicschools.org\/haw\/wp-json\/wp\/v2\/pages\/94\/revisions"}],"predecessor-version":[{"id":18956,"href":"https:\/\/hawaiipublicschools.org\/haw\/wp-json\/wp\/v2\/pages\/94\/revisions\/18956"}],"up":[{"embeddable":true,"href":"https:\/\/hawaiipublicschools.org\/haw\/wp-json\/wp\/v2\/pages\/87"}],"wp:attachment":[{"href":"https:\/\/hawaiipublicschools.org\/haw\/wp-json\/wp\/v2\/media?parent=94"}],"curies":[{"name":"wp","href":"https:\/\/api.w.org\/{rel}","templated":true}]}}