{"id":933,"date":"2024-11-07T02:31:13","date_gmt":"2024-11-07T02:31:13","guid":{"rendered":"https:\/\/hawaiipublicschools.org\/?page_id=933"},"modified":"2025-12-08T10:13:12","modified_gmt":"2025-12-08T20:13:12","slug":"what-is-special-education","status":"publish","type":"page","link":"https:\/\/hawaiipublicschools.org\/haw\/school-services\/what-is-special-education\/","title":{"rendered":"He aha ka Ho\u02bbona\u02bbauao K\u016bikaw\u0101"},"content":{"rendered":"<div class=\"wp-block-columns double_col_sidebar is-layout-flex wp-container-core-columns-is-layout-28f84493 wp-block-columns-is-layout-flex\">\n<div class=\"wp-block-column left_col is-layout-flow wp-block-column-is-layout-flow\">\n<p class=\"intro\" style=\"font-size:clamp(0.875rem, 0.875rem + ((1vw - 0.2rem) * 0.531), 1.3rem);\">H\u0101\u02bbawi ke Ke\u02bbena Ho\u02bbona\u02bbauao o ka Moku\u02bb\u0101ina \u02bbo Hawai\u02bbi (HIDOE) i n\u0101 keiki mai 3 a hiki i 21 makahiki, e noho ana ma Hawai\u02bbi, i k\u016bpono i ka ho\u02bbona\u02bbauao k\u016bikaw\u0101 a me n\u0101 lawelawe pili. \u02bbO ka ho\u02bbona\u02bbauao k\u016bikaw\u0101 he a\u02bbo i ho\u02bbol\u0101l\u0101 k\u016bikaw\u0101 \u02bbia, n\u0101 lawelawe pili, a me n\u0101 mea k\u014dkua hou e ho\u02bbok\u014d i n\u0101 pono k\u016b\u02bboko\u02bba o k\u0101u keiki-me ka uku \u02bbole i ka makua. <\/p>\n\n\n\n<h2 class=\"wp-block-heading\">\u02bbike nui<\/h2>\n\n\n\n<p>Special education refers to a range of services provided your child with disabilities to improve their educational outcomes. It is specially designed instruction to meet the unique needs of your child with disabilities. Special education may include, but is not limited to, academic services, speech-language services, psychological services, physical and occupational therapy, counseling services, and parent education. In addition, special education services are provided at no cost to parent(s). <a href=\"\/wp-content\/uploads\/Special-Education-Is-It-For-Your-Child-RS-26-0535.pdf\" data-type=\"attachment\" data-id=\"17614\" target=\"_blank\" rel=\"noreferrer noopener\">Find out if Special Education Is it for your child?<\/a> (PDF).<\/p>\n\n\n\n<p>H\u0101\u02bbawi \u02bbia n\u0101 lawelawe ho\u02bbona\u02bbauao k\u016bikaw\u0101 i k\u0113l\u0101 me k\u0113ia haum\u0101na - n\u0101 makahiki 3 a hiki i 21 - n\u0101na e h\u014d\u02bbike i ka pono no ke a\u02bbo \u02bbana i ho\u02bbol\u0101l\u0101 k\u016bikaw\u0101 \u02bbia ma hope o ka ho\u02bboholo \u02bbana i ke k\u016bpono. E ho\u02bboholo ka loiloi i ke \u02bbano a me ka nui o n\u0101 pono o ka haum\u0101na. \u02bbO n\u0101 loiloi he mau loiloi ka\u02bbawale e komo p\u016b ana: ka hana ho\u02bbona\u02bbauao, n\u0101 m\u0101kau kama\u02bbilio, ka na\u02bbauao ma\u02bbamau, ke olakino, \u02bbike maka, ka lohe, ke k\u016blana pilikanaka a me ka mana\u02bbo, a me n\u0101 m\u0101kau ka\u02bba. In\u0101 k\u016bpono k\u0101u keiki no ka ho\u02bbona\u02bbauao k\u016bikaw\u0101, h\u0101\u02bbawi \u02bbia n\u0101 lawelawe ma o ka Individualized Education Program (IEP).<\/p>\n\n\n\n<p>Ke koi aku nei ka Federal Individuals with Disabilities Education Improvement Act of 2004 (IDEA) a me n\u0101 lula moku\u02bb\u0101ina i ka HIDOE e ho\u02bbolako i kahi ho\u02bbona\u02bbauao aupuni k\u016bpono manuahi (FAPE), e komo p\u016b ana ka ho\u02bbomau o n\u0101 lawelawe no k\u0101u keiki i k\u016bpono i ka ho\u02bbona\u02bbauao k\u016bikaw\u0101 a me n\u0101 lawelawe pili.<\/p>\n\n\n\n<h2 class=\"wp-block-heading\">Ka Loiloi a me ka Pono<\/h2>\n\n\n\n<p>Ho\u02bbol\u0101l\u0101 \u02bbia ka ho\u02bbona\u02bbauao k\u016bikaw\u0101 no n\u0101 haum\u0101na me ke kino k\u012bn\u0101 e pilikia ai ke a\u02bbo \u02bbana a pono ke a\u02bbo k\u016bikaw\u0101.<\/p>\n\n\n\n<p>Ua wehewehe \u02bbia ka loiloi e like me n\u0101 ka\u02bbina hana e ho\u02bboholo ai in\u0101 he k\u012bn\u0101 k\u0101u keiki a me ke \u02bbano a me ka nui o ka pono no ka ho\u02bbona\u02bbauao k\u016bikaw\u0101 a me n\u0101 lawelawe pili. K\u014dkua k\u0113ia ka\u02bbina hana i ka \u02bbike \u02bbana i n\u0101 haum\u0101na i k\u016bpono i ka ho\u02bbona\u02bbauao k\u016bikaw\u0101 a me n\u0101 lawelawe e pili ana ma o ka ho\u02bboholo \u02bbana i ke \u02bbano o ke kino k\u012bn\u0101 a me ka pono o n\u0101 lawelawe ho\u02bbona\u02bbauao k\u016bikaw\u0101. Aia n\u0101 manawa kiko&#039;\u012b e pono ai n\u0101 hui e hahai no ke ka\u02bbina loiloi.<\/p>\n\n\n\n<p>Ho\u02bbomaka n\u0101 kuhikuhi k\u016bpono no ka ho\u02bbona\u02bbauao k\u016bikaw\u0101 ma hope o ka loa\u02bba \u02bbana o n\u0101 hana a\u02bbo k\u0101ko\u02bbo a pono ka haum\u0101na ma mua o ka hiki ke h\u0101\u02bbawi \u02bbia e ke kumu kula ma o ke k\u0101ko\u02bbo ho\u02bbona\u02bbauao \u0101kea. No ka la\u02bbana, he haum\u0101na ko\u02bbiko\u02bbi ko ka ho\u02bbona\u02bbauao a\/a i \u02bbole n\u0101 \u02bbano hana a ho\u02bbomau i ka h\u014d\u02bbike \u02bbana i ka hemahema o ka holomua \u02bboiai ke pi\u02bbi nei ka pae o ka hana.<\/p>\n\n\n\n<h3 class=\"wp-block-heading\">\u02bbO ka ho\u02bboholo\u02bbana i ke kino k\u012bn\u0101 no ka ho\u02bbona\u02bbauao k\u016bikaw\u0101<\/h3>\n\n\n\n<p>Pono n\u0101 hui:<\/p>\n\n\n\n<ul class=\"wp-block-list\">\n<li>Hana i ka loiloi<\/li>\n\n\n\n<li>E ho\u02bbopau i ka ho\u02bb\u0101\u02bbo \u02bbekolu<\/li>\n\n\n\n<li>E no\u02bbono\u02bbo i ka holomua ho\u02bbona\u02bbauao o k\u0101u keiki a me ka pilina ma waena o ke kino k\u012bn\u0101<\/li>\n\n\n\n<li>E ho\u02bboholo i ka hopena ho\u02bbona\u02bbauao o k\u0113l\u0101 k\u012bn\u0101<\/li>\n\n\n\n<li>E ho\u02bboholo i ka pono o ka ho\u02bbona\u02bbauao k\u016bikaw\u0101<\/li>\n<\/ul>\n\n\n\n<p>H\u014d\u02bbike k\u0113ia \u02bboko\u02bba ko\u02bbiko\u02bbi \u02bba\u02bbole \u02bbo ka lepili k\u012bn\u0101 wale n\u014d e ho\u02bboholo i ka pono no ka ho\u02bbona\u02bbauao k\u016bikaw\u0101. I loko o ka p\u014d\u02bbaiapili o ka pono ho\u02bbona\u02bbauao k\u016bikaw\u0101, \u02bba\u02bbohe k\u016b ka lepili k\u012bn\u0101 me ka \u02bbole o ka \u02bb\u014dlelo \u02bbana i ka holomua o ka ho\u02bbona\u02bbauao ma muli o ke kino k\u012bn\u0101.<\/p>\n\n\n\n<h3 class=\"wp-block-heading\">Ho&#039;\u0101\u02bbo \u02bbEkolu&nbsp;<\/h3>\n\n\n\n<p>Pono e ho\u02bbok\u014d \u02bbia k\u0113l\u0101 me k\u0113ia \u02bbao\u02bbao ma mua o ka hiki \u02bbana i ka hui ke ho\u02bboholo in\u0101 he k\u016bpono k\u0101u keiki no ka ho\u02bbona\u02bbauao k\u016bikaw\u0101.<\/p>\n\n\n\n<ul class=\"wp-block-list\">\n<li><strong>Mana\u02bbo 1: Kino k\u012bn\u0101 <\/strong>\u2013 He kino k\u012bn\u0101 ko k\u0101u keiki?<\/li>\n\n\n\n<li><strong>M\u0101hele 2: Ka hopena \u02bbino <\/strong>\u2013 Ke ho\u02bbopilikia nei ke kino k\u012bn\u0101 i ke komo \u02bbana a me ka holomua o k\u0101u keiki i ka ho\u02bbona\u02bbauao \u0101kea?<\/li>\n\n\n\n<li><strong>M\u0101hele 3: Pono <\/strong>\u2013<strong> <\/strong>Pono k\u0101u keiki i ka ho\u02bbona\u02bbauao k\u016bikaw\u0101 a me n\u0101 lawelawe pili ma muli o ko l\u0101kou kino k\u012bn\u0101?<\/li>\n<\/ul>\n\n\n\n<h2 class=\"wp-block-heading\">Polokalamu Ho\u02bbona\u02bbauao Ho\u02bbokahi<\/h2>\n\n\n\n<p>\u02bbO ka Polokalamu Ho\u02bbona\u02bbauao K\u016bikaw\u0101 (IEP) he \u02bb\u014dlelo i k\u0101kau \u02bbia e pili ana i ka papahana ho\u02bbona\u02bbauao no k\u0101u keiki me ke kino k\u012bn\u0101. He mea hana ho\u02bbokele e h\u014d\u02bboia i ka loa\u02bba \u02bbana o k\u0101u keiki i ka ho\u02bbona\u02bbauao k\u016bikaw\u0101 a me n\u0101 lawelawe pili. Hiki i\u0101 ia ke lilo i mea hana loiloi ke ho\u02bbohana \u02bbia e ho\u02bboholo i ka nui o k\u0101 l\u0101kou holomua i ka ho\u02bbok\u014d \u02bbana i n\u0101 pahuhopu i mana\u02bbo \u02bbia.<\/p>\n\n\n\n<p>Aia i k\u0113l\u0101 me k\u0113ia IEP:<\/p>\n\n\n\n<ul class=\"wp-block-list\">\n<li>He \u02bb\u014dlelo o k\u0101u keiki i k\u0113ia manawa o ka ho\u02bbok\u014d ho\u02bbona\u02bbauao a me ka hana hana<\/li>\n\n\n\n<li>He \u02bb\u014dlelo o n\u0101 pahuhopu makahiki, me n\u0101 pahuhopu a\u02bbo w\u0101 p\u014dkole<\/li>\n\n\n\n<li>He \u02bb\u014dlelo o ka ho\u02bbona\u02bbauao k\u016bikaw\u0101 k\u016bikaw\u0101 a me n\u0101 lawelawe pili e h\u0101\u02bbawi \u02bbia<\/li>\n\n\n\n<li>Ka nui e hiki ai i k\u0101u keiki ke komo i n\u0101 papahana ho\u02bbona\u02bbauao ma\u02bbamau<\/li>\n\n\n\n<li>\u02bbO n\u0101 l\u0101 i mana\u02bbo \u02bbia no ka ho\u02bbomaka \u02bbana o n\u0101 lawelawe a me ka l\u014d\u02bbihi i mana\u02bbo \u02bbia o n\u0101 lawelawe<\/li>\n\n\n\n<li>N\u0101 pae ho\u02bboh\u0101likelike k\u016bpono a me n\u0101 ka\u02bbina loiloi a me n\u0101 papa manawa no ka ho\u02bboholo \u02bbana, ma ka li\u02bbili\u02bbi o ka makahiki, in\u0101 e ho\u02bbok\u014d \u02bbia n\u0101 pahuhopu.<\/li>\n<\/ul>\n\n\n\n<p>E ho\u02bbomaka ana i ka makahiki 14 (a i \u02bbole ka \u02bb\u014dpio in\u0101 ho\u02bboholo \u02bbia e ka hui IEP he k\u016bpono), e ho\u02bbokomo ka IEP i kahi \u02bb\u014dlelo o n\u0101 pono lawelawe ho\u02bbololi o k\u0101u keiki-ma lalo o n\u0101 \u02bb\u0101pana k\u016bpono o k\u0101 l\u0101kou IEP-e k\u0101lele ana i k\u0101 l\u0101kou mau papa a\u02bbo (e like me ke komo \u02bbana i kahi papahana ho\u02bbona\u02bbauao \u02bboihana).<\/p>\n\n\n\n<p>E ho\u02bbomaka ana ma mua o ka IEP mua e pa\u02bba i ka piha \u02bbana o k\u0101u keiki i 16 (a \u02bboi aku paha in\u0101 i ho\u02bboholo \u02bbia e ka hui IEP he k\u016bpono), pono e komo i ka IEP:<\/p>\n\n\n\n<ul class=\"wp-block-list\">\n<li>\u02bbO n\u0101 pahu hopu ma hope o ke kula ki\u02bbeki\u02bbe e pili ana i ka loiloi ho\u02bbololi k\u016bpono i ka makahiki<\/li>\n\n\n\n<li>Pono n\u0101 lawelawe ho\u02bbololi (me n\u0101 papa ha\u02bbawina) e k\u014dkua i ka haum\u0101na e ho\u02bbok\u014d i k\u0113l\u0101 mau pahuhopu<\/li>\n\n\n\n<li>N\u0101 loiloi ho\u02bbololi i k\u016bpono i ka makahiki ma muli o n\u0101 pono p\u0101kahi o k\u0101u keiki e ho\u02bbohana \u02bbia no ka ho\u02bboholo \u02bbana i n\u0101 pahuhopu k\u016bpono ma hope o ke kula lua.<\/li>\n\n\n\n<li>E ho\u02bbomaka ana ma mua o ho\u02bbokahi makahiki ma mua o ka hiki \u02bbana o k\u0101u keiki i ka makahiki nui ma lalo o ke k\u0101n\u0101wai moku\u02bb\u0101ina, (18 makahiki ma Hawai\u02bbi), pono i k\u0101 l\u0101kou IEP e komo i kahi \u02bb\u014dlelo i h\u014d\u02bbike \u02bbia i ka haum\u0101na i k\u0101na mau kuleana ma lalo o ka M\u0101hele B o IDEA, in\u0101 he, e ho\u02bboili \u02bbia i k\u0101u keiki ke hiki i ka makahiki o ka hapa nui.<\/li>\n<\/ul>\n\n\n\n<p>\u02bbO k\u0113ia mau mea <a href=\"\/haw\/DOE%20Forms\/OSSS\/IEP-Team-Members.pdf\/\" target=\"_blank\" rel=\"noreferrer noopener\">Pono n\u0101 mea komo i kahi h\u0101l\u0101wai IEP (PDF): <\/a><\/p>\n\n\n\n<ul class=\"wp-block-list\">\n<li>He \u02bbelele o ke ke\u02bbena aupuni, \u02bboko\u02bba ke kumu a k\u0101u keiki, \u02bbo ia ka mea k\u016bpono e ho\u02bbolako, a m\u0101lama paha i ka ho\u02bbolako \u02bbana i ka ho\u02bbona\u02bbauao k\u016bikaw\u0101.<\/li>\n\n\n\n<li>Kumu a ke keiki<\/li>\n\n\n\n<li>Ho\u02bbokahi a \u02bbelua paha o n\u0101 m\u0101kua\/kiai k\u0101n\u0101wai<\/li>\n\n\n\n<li>\u02bbO k\u0101u keiki, in\u0101 pono<\/li>\n\n\n\n<li>\u02bbO n\u0101 k\u0101naka \u02bb\u0113 a\u02bbe ma ka mana\u02bbo o ka makua a i \u02bbole ka hui<\/li>\n<\/ul>\n\n\n\n<h3 class=\"wp-block-heading\">Halawai IEP<\/h3>\n\n\n\n<p>Pono e m\u0101lama \u02bbia n\u0101 h\u0101l\u0101wai IEP i k\u0113l\u0101 me k\u0113ia makahiki. Ma muli o ka pono a me ka holomua o k\u0101u keiki, hiki ke m\u0101lama pinepine \u02bbia n\u0101 h\u0101l\u0101wai e n\u0101n\u0101 a ho\u02bboponopono.<\/p>\n\n\n\n<p>\u02bbOiai e ho\u02bbomaka a alaka\u02bbi \u02bbia n\u0101 h\u0101l\u0101wai IEP e ke kula, pono i n\u0101 m\u0101kua ke noi i kahi h\u0101l\u0101wai IEP in\u0101 mana\u02bbo \u02bboe \u02bba\u02bbole holomua k\u0101u keiki a mana\u02bbo paha \u02bboe he pilikia me ka IEP o k\u0113ia manawa.<\/p>\n\n\n\n<p><\/p>\n\n\n\n<p><\/p>\n<\/div>\n\n\n\n<div class=\"wp-block-column right_col is-layout-flow wp-block-column-is-layout-flow\"><div class=\"kb-row-layout-wrap kb-row-layout-id1050_d76aa3-f2 alignnone wp-block-kadence-rowlayout\"><div class=\"kt-row-column-wrap kt-has-2-columns kt-row-layout-row kt-tab-layout-row kt-mobile-layout-row kt-row-valign-top\">\n\n<div class=\"wp-block-kadence-column kadence-column1050_63c690-aa\"><div class=\"kt-inside-inner-col\">\n<figure class=\"wp-block-image size-full no_margin\"><img loading=\"lazy\" decoding=\"async\" width=\"966\" height=\"631\" title=\"\" src=\"https:\/\/hawaiipublicschools.org\/wp-content\/uploads\/2024\/12\/Kaimuki_HS_SPED-2.jpg\" alt=\"\" class=\"wp-image-3421\" style=\"aspect-ratio:4\/3;object-fit:cover\" srcset=\"https:\/\/hawaiipublicschools.org\/wp-content\/uploads\/2024\/12\/Kaimuki_HS_SPED-2.jpg 966w, https:\/\/hawaiipublicschools.org\/wp-content\/uploads\/2024\/12\/Kaimuki_HS_SPED-2-300x196.jpg 300w, https:\/\/hawaiipublicschools.org\/wp-content\/uploads\/2024\/12\/Kaimuki_HS_SPED-2-768x502.jpg 768w, https:\/\/hawaiipublicschools.org\/wp-content\/uploads\/2024\/12\/Kaimuki_HS_SPED-2-18x12.jpg 18w\" sizes=\"auto, (max-width: 966px) 100vw, 966px\" \/><\/figure>\n<\/div><\/div>\n\n\n\n<div class=\"wp-block-kadence-column kadence-column1050_6ae211-6a\"><div class=\"kt-inside-inner-col\">\n<h5 class=\"wp-block-heading has-base-color has-text-color has-link-color wp-elements-91735848e86ea283e0928ede427b944c\" style=\"margin-top:0px;padding-top:0;padding-bottom:0.5rem;font-size:1.4vw\">HE kino k\u012bn\u0101 ka\u02bbu keiki?<\/h5>\n\n\n\n<p class=\"has-base-color has-text-color has-link-color wp-elements-73de11a7dc8419c68045457638ce71c1\"><em>Huli keiki<\/em> \u02bbO ke ka\u02bbina hana a HIDOE no ka \u02bbike, \u02bbimi \u02bbana a me ka loiloi \u02bbana i n\u0101 keiki a me n\u0101 \u02bb\u014dpio i \u02bbike \u02bbia a i \u02bbole i mana\u02bbo \u02bbia he kino k\u012bn\u0101 a pono paha ka ho\u02bbona\u02bbauao k\u016bikaw\u0101 a me n\u0101 lawelawe pili. In\u0101 mana\u02bbo \u02bboe he kino k\u012bn\u0101 k\u0101u keiki, eia m\u0101kou e k\u014dkua. <a href=\"https:\/\/hawaiipublicschools.org\/haw\/academics\/does-my-child-have-a-disability-child-find\/\" data-type=\"page\" data-id=\"48\">E a\u02bbo hou aku<\/a><\/p>\n<\/div><\/div>\n\n<\/div><\/div><\/div>\n<\/div>","protected":false},"excerpt":{"rendered":"<p>H\u0101\u02bbawi ke Ke\u02bbena Ho\u02bbona\u02bbauao o ka Moku\u02bb\u0101ina \u02bbo Hawai\u02bbi (HIDOE) i n\u0101 keiki mai 3 a hiki i 21 makahiki, e noho ana ma Hawai\u02bbi, i k\u016bpono i ka ho\u02bbona\u02bbauao k\u016bikaw\u0101 a me n\u0101 lawelawe pili. \u02bbO ka ho\u02bbona\u02bbauao k\u016bikaw\u0101 he a\u02bbo i ho\u02bbol\u0101l\u0101 k\u016bikaw\u0101 \u02bbia, n\u0101 lawelawe pili, a me n\u0101 mea k\u014dkua hou e ho\u02bbok\u014d i n\u0101 pono k\u016b\u02bboko\u02bba o k\u0101u keiki-me ka uku \u02bbole i ka makua. \u02bbO ka ho\u02bbona\u02bbauao k\u016bikaw\u0101 e pili ana i kahi [\u2026]<\/p>","protected":false},"author":8,"featured_media":0,"parent":59,"menu_order":32,"comment_status":"closed","ping_status":"closed","template":"wp-custom-template-page-for-custom-sidebar","meta":{"_relevanssi_hide_post":"","_relevanssi_hide_content":"","_relevanssi_pin_for_all":"","_relevanssi_pin_keywords":"","_relevanssi_unpin_keywords":"","_relevanssi_related_keywords":"","_relevanssi_related_include_ids":"","_relevanssi_related_exclude_ids":"","_relevanssi_related_no_append":"","_relevanssi_related_not_related":"","_relevanssi_related_posts":"8795,10212,11023,17489,11215,14190","_relevanssi_noindex_reason":"","_sitemap_exclude":false,"_sitemap_priority":"","_sitemap_frequency":"","_kad_blocks_custom_css":"","_kad_blocks_head_custom_js":"","_kad_blocks_body_custom_js":"","_kad_blocks_footer_custom_js":"","wp_popup_display_lightbox":0,"wp_popup_suppress":"","wp_popup_trigger":"","wp_popup_trigger_amount":0,"wp_popup_disable_on_mobile":false,"footnotes":""},"class_list":["post-933","page","type-page","status-publish","hentry"],"pp_statuses_selecting_workflow":false,"pp_workflow_action":"current","pp_status_selection":"publish","taxonomy_info":[],"featured_image_src_large":false,"author_info":{"display_name":"Ariana Enomoto","author_link":"https:\/\/hawaiipublicschools.org\/haw\/author\/arianastaceyleong-com\/"},"comment_info":0,"publishpress_future_action":{"enabled":false,"date":"2026-05-07 05:38:00","action":"change-status","newStatus":"draft","terms":[],"taxonomy":"","extraData":[]},"publishpress_future_workflow_manual_trigger":{"enabledWorkflows":[]},"_links":{"self":[{"href":"https:\/\/hawaiipublicschools.org\/haw\/wp-json\/wp\/v2\/pages\/933","targetHints":{"allow":["GET"]}}],"collection":[{"href":"https:\/\/hawaiipublicschools.org\/haw\/wp-json\/wp\/v2\/pages"}],"about":[{"href":"https:\/\/hawaiipublicschools.org\/haw\/wp-json\/wp\/v2\/types\/page"}],"author":[{"embeddable":true,"href":"https:\/\/hawaiipublicschools.org\/haw\/wp-json\/wp\/v2\/users\/8"}],"replies":[{"embeddable":true,"href":"https:\/\/hawaiipublicschools.org\/haw\/wp-json\/wp\/v2\/comments?post=933"}],"version-history":[{"count":0,"href":"https:\/\/hawaiipublicschools.org\/haw\/wp-json\/wp\/v2\/pages\/933\/revisions"}],"up":[{"embeddable":true,"href":"https:\/\/hawaiipublicschools.org\/haw\/wp-json\/wp\/v2\/pages\/59"}],"wp:attachment":[{"href":"https:\/\/hawaiipublicschools.org\/haw\/wp-json\/wp\/v2\/media?parent=933"}],"curies":[{"name":"wp","href":"https:\/\/api.w.org\/{rel}","templated":true}]}}