{"id":928,"date":"2024-11-07T00:07:18","date_gmt":"2024-11-07T00:07:18","guid":{"rendered":"https:\/\/hawaiipublicschools.org\/?page_id=928"},"modified":"2025-03-14T09:33:12","modified_gmt":"2025-03-14T19:33:12","slug":"grade-levels","status":"publish","type":"page","link":"https:\/\/hawaiipublicschools.org\/haw\/academics\/grade-levels\/","title":{"rendered":"Papa Papa"},"content":{"rendered":"<p class=\"intro\" style=\"font-size:clamp(0.875rem, 0.875rem + ((1vw - 0.2rem) * 0.531), 1.3rem);\">\u02bbOiai \u02bbo ia wale n\u014d ka \u02bb\u014dnaehana ho\u02bbona\u02bbauao o ka moku\u02bb\u0101ina holo\u02bboko\u02bba o ka \u02bb\u0101ina, \u02bbo ko m\u0101kou kuleana ke ho\u02bbokomo i loko o k\u0101 m\u0101kou mau haum\u0101na i ke aloha i ke a\u02bbo \u02bbana, e ho\u02bboulu i ka \u02bbike mo\u02bbomeheu, a e ho\u02bboulu i ka mana\u02bbo hohonu o ka m\u0101lama \u02bbana i n\u0101 mokupuni e ho\u02bboilina ai l\u0101kou. \u02bbO k\u0101 m\u0101kou pahuhopu, \u02bbo ia ke alaka\u02bbi \u02bbana i n\u0101 haum\u0101na e lilo i po\u02bbe kama\u02bb\u0101ina kuleana a me ka hana. <\/p>\n\n\n\n<p>Ma ka launa p\u016b \u02bbana me ke Ke\u02bbena \u02bbOihana Kanaka a me ke Ke\u02bbena Ho\u02bbok\u014d o ka Ho\u02bbona\u02bbauao Mua, ke ho\u02bbomaka nei ka hana e ho\u02bbonui i ke komo \u02bbana i n\u0101 lumi papa kula mua a me ke kula mua o ka lehulehu ma n\u0101 kula e k\u016b nei no n\u0101 keiki 3 a me 4 makahiki o Hawai\u02bbi.<\/p>\n\n\n\n<h2 class=\"wp-block-heading\">kula ha\u02bbaha\u02bba<\/h2>\n\n\n\n<figure class=\"wp-block-image alignleft size-large is-resized\"><img loading=\"lazy\" decoding=\"async\" width=\"1024\" height=\"628\" src=\"https:\/\/hawaiipublicschools.org\/wp-content\/uploads\/2024\/12\/Elementary-1024x628.jpg\" alt=\"\" class=\"wp-image-3986\" style=\"width:480px\" srcset=\"https:\/\/hawaiipublicschools.org\/wp-content\/uploads\/2024\/12\/Elementary-1024x628.jpg 1024w, https:\/\/hawaiipublicschools.org\/wp-content\/uploads\/2024\/12\/Elementary-300x184.jpg 300w, https:\/\/hawaiipublicschools.org\/wp-content\/uploads\/2024\/12\/Elementary-768x471.jpg 768w, https:\/\/hawaiipublicschools.org\/wp-content\/uploads\/2024\/12\/Elementary-18x12.jpg 18w, https:\/\/hawaiipublicschools.org\/wp-content\/uploads\/2024\/12\/Elementary.jpg 1200w\" sizes=\"auto, (max-width: 1024px) 100vw, 1024px\" \/><\/figure>\n\n\n\n<h3 class=\"wp-block-heading\">Ho\u02bbomohala \u02bbAi \u02bbAi \u02bbAi a me Prekindergarten<\/h3>\n\n\n\n<p><mark style=\"background-color:rgba(0, 0, 0, 0)\" class=\"has-inline-color has-contrast-color\">E h\u014d\u02bboia i ka hele \u02bbana o k\u0113l\u0101 me k\u0113ia keiki i ka ho\u02bbomaka k\u016bpono a h\u0101\u02bbawi \u02bbia n\u0101 m\u0101kua i ke k\u0101ko\u02bbo e pono ai i k\u0113ia mau makahiki ulu ko\u02bbiko\u02bbi. Loa\u02bba i n\u0101 keiki e hele ana i ka pre-K a me n\u0101 papahana ho\u02bbona\u02bbauao \u02bb\u0113 a\u02bbe i ke kula a me ke ola.<\/mark><\/p>\n\n\n\n<h3 class=\"wp-block-heading\">Kindergarten<\/h3>\n\n\n\n<p><mark style=\"background-color:rgba(0, 0, 0, 0)\" class=\"has-inline-color has-contrast-color\">Pono i ka moku\u02bb\u0101ina \u02bbo Hawai\u02bbi, h\u0101\u02bbawi ke kula kamali\u02bbi i n\u0101 haum\u0101na \u02bb\u014dpio i n\u0101 \u02bbike maika\u02bbi e ko\u02bbiko\u02bbi i ka ho\u02bbokumu \u02bbana i ke kumu no ka holomua o ke kula e hiki mai ana a ho\u02bbomaka i\u0101 l\u0101kou ma ke ala e lilo i mau haum\u0101na no ke ola.<\/mark><\/p>\n\n\n\n<h3 class=\"wp-block-heading\">kula ha\u02bbaha\u02bba<\/h3>\n\n\n\n<p>Ho\u02bbomaka ka ho\u02bbona\u02bbauao \u02bbana i n\u0101 haum\u0101na e k\u0101ko\u02bbo i ka \u02bbike ho\u02bbona\u02bbauao.<\/p>\n\n\n\n<hr class=\"wp-block-separator has-alpha-channel-opacity is-style-wide\" style=\"margin-top:var(--wp--preset--spacing--30);margin-bottom:var(--wp--preset--spacing--30)\"\/>\n\n\n\n<figure class=\"wp-block-image alignright size-large is-resized\"><img loading=\"lazy\" decoding=\"async\" width=\"1024\" height=\"683\" src=\"https:\/\/hawaiipublicschools.org\/wp-content\/uploads\/2024\/12\/Middle_School-1024x683.jpg\" alt=\"\" class=\"wp-image-3633\" style=\"width:480px\" srcset=\"https:\/\/hawaiipublicschools.org\/wp-content\/uploads\/2024\/12\/Middle_School-1024x683.jpg 1024w, https:\/\/hawaiipublicschools.org\/wp-content\/uploads\/2024\/12\/Middle_School-300x200.jpg 300w, https:\/\/hawaiipublicschools.org\/wp-content\/uploads\/2024\/12\/Middle_School-768x512.jpg 768w, https:\/\/hawaiipublicschools.org\/wp-content\/uploads\/2024\/12\/Middle_School-18x12.jpg 18w, https:\/\/hawaiipublicschools.org\/wp-content\/uploads\/2024\/12\/Middle_School.jpg 1200w\" sizes=\"auto, (max-width: 1024px) 100vw, 1024px\" \/><\/figure>\n\n\n\n<h2 class=\"wp-block-heading\">lua<\/h2>\n\n\n\n<h3 class=\"wp-block-heading\">Waena\/kuwaena: Papa 6-8<\/h3>\n\n\n\n<p><mark style=\"background-color:rgba(0, 0, 0, 0)\" class=\"has-inline-color has-contrast-color\">I loko o k\u0113ia mau makahiki ho\u02bbomohala ko\u02bbiko\u02bbi, ke ulu nei k\u0101 m\u0101kou mau haum\u0101na ma ke kula, ka na\u02bbau a me ka pilikanaka. Ho\u02bbonui ke kula waena i ka laul\u0101 o n\u0101 \u02bbike ma o ka h\u0101\u02bbawi \u02bbana i n\u0101 haum\u0101na i ho\u02bbonui i n\u0101 koho papa ma Career and Technical Education, ki\u02bbi ki\u02bbi, keaka, hula, mele, ha\u02bbuki a me n\u0101 papahana ma hope o ke kula. Ho\u02bbomaka ka m\u0101kaukau o ke kulanui me ka ho\u02bboikaika \u02bbana i n\u0101 m\u0101kau pilikanaka ko\u02bbiko\u02bbi.<\/mark><\/p>\n\n\n\n<h3 class=\"wp-block-heading\">Kula ki\u02bbeki\u02bbe<\/h3>\n\n\n\n<p><mark style=\"background-color:rgba(0, 0, 0, 0)\" class=\"has-inline-color has-contrast-color\">Mana\u02bbo m\u0101kou i n\u0101 haum\u0101na puka kula aupuni \u0101pau e ho\u02bbok\u016bk\u016b ma ke ao holo\u02bboko\u02bba a k\u016bpa\u02bba k\u016bloko, a m\u0101kaukau no n\u0101 w\u0101 e hiki mai ana e pili ana i ko l\u0101kou makemake a me ko l\u0101kou m\u0101kaukau.<\/mark><\/p>\n\n\n\n<p><\/p>\n\n\n\n<p><\/p>\n\n\n\n<p><\/p>\n\n\n\n<p><\/p>","protected":false},"excerpt":{"rendered":"<p>As the only state-wide educational system in the country, it is our kuleana to instill in our students a love of learning, cultivate cultural understanding, and inspire a deep sense of stewardship for the islands they will inherit. Our goal is to guide students to become responsible and and engaged citizens. In partnership with the [&hellip;]<\/p>","protected":false},"author":8,"featured_media":0,"parent":22,"menu_order":12,"comment_status":"closed","ping_status":"closed","template":"","meta":{"_relevanssi_hide_post":"","_relevanssi_hide_content":"","_relevanssi_pin_for_all":"","_relevanssi_pin_keywords":"","_relevanssi_unpin_keywords":"","_relevanssi_related_keywords":"","_relevanssi_related_include_ids":"","_relevanssi_related_exclude_ids":"","_relevanssi_related_no_append":"","_relevanssi_related_not_related":"","_relevanssi_related_posts":"","_relevanssi_noindex_reason":"","_sitemap_exclude":false,"_sitemap_priority":"","_sitemap_frequency":"","_kad_blocks_custom_css":"","_kad_blocks_head_custom_js":"","_kad_blocks_body_custom_js":"","_kad_blocks_footer_custom_js":"","wp_popup_display_lightbox":0,"wp_popup_suppress":"","wp_popup_trigger":"","wp_popup_trigger_amount":0,"wp_popup_disable_on_mobile":false,"footnotes":""},"class_list":["post-928","page","type-page","status-publish","hentry"],"pp_statuses_selecting_workflow":false,"pp_workflow_action":"current","pp_status_selection":"publish","taxonomy_info":[],"featured_image_src_large":false,"author_info":{"display_name":"Ariana Enomoto","author_link":"https:\/\/hawaiipublicschools.org\/haw\/author\/arianastaceyleong-com\/"},"comment_info":0,"publishpress_future_action":{"enabled":false,"date":"2026-04-18 04:14:24","action":"change-status","newStatus":"draft","terms":[],"taxonomy":"","extraData":[]},"publishpress_future_workflow_manual_trigger":{"enabledWorkflows":[]},"_links":{"self":[{"href":"https:\/\/hawaiipublicschools.org\/haw\/wp-json\/wp\/v2\/pages\/928","targetHints":{"allow":["GET"]}}],"collection":[{"href":"https:\/\/hawaiipublicschools.org\/haw\/wp-json\/wp\/v2\/pages"}],"about":[{"href":"https:\/\/hawaiipublicschools.org\/haw\/wp-json\/wp\/v2\/types\/page"}],"author":[{"embeddable":true,"href":"https:\/\/hawaiipublicschools.org\/haw\/wp-json\/wp\/v2\/users\/8"}],"replies":[{"embeddable":true,"href":"https:\/\/hawaiipublicschools.org\/haw\/wp-json\/wp\/v2\/comments?post=928"}],"version-history":[{"count":0,"href":"https:\/\/hawaiipublicschools.org\/haw\/wp-json\/wp\/v2\/pages\/928\/revisions"}],"up":[{"embeddable":true,"href":"https:\/\/hawaiipublicschools.org\/haw\/wp-json\/wp\/v2\/pages\/22"}],"wp:attachment":[{"href":"https:\/\/hawaiipublicschools.org\/haw\/wp-json\/wp\/v2\/media?parent=928"}],"curies":[{"name":"wp","href":"https:\/\/api.w.org\/{rel}","templated":true}]}}