{"id":924,"date":"2025-08-20T11:20:51","date_gmt":"2025-08-20T21:20:51","guid":{"rendered":"https:\/\/hawaiipublicschools.org\/?page_id=924"},"modified":"2025-10-03T07:47:45","modified_gmt":"2025-10-03T17:47:45","slug":"our-public-schools","status":"publish","type":"page","link":"https:\/\/hawaiipublicschools.org\/haw\/enrolling-in-school\/our-public-schools\/","title":{"rendered":"Ka Manawa o na Kula Aupuni o Hawaii"},"content":{"rendered":"<div class=\"wp-block-columns double_col_sidebar is-layout-flex wp-container-core-columns-is-layout-28f84493 wp-block-columns-is-layout-flex\">\n<div class=\"wp-block-column left_col is-layout-flow wp-block-column-is-layout-flow\">\n<p class=\"intro\">Aloha and welcome to Hawai\u02bbi public schools! We are committed to providing a high-quality education for all students\u2014regardless of their geographic location, background, economic standing or whether they are in English or Hawaiian language pathways\u2014and we look forward to welcoming your child to our school system.<\/p>\n\n\n\n<p>Ma n\u0101 kula aupuni o Hawai\u02bbi, ho\u02bboikaika m\u0101kou no kahi \u02bb\u014dnaehana K-12 kahi e ho\u02bbok\u016bk\u016b ai n\u0101 haum\u0101na puka ma ke ao holo\u02bboko\u02bba, me ka \u02bbike a me n\u0101 m\u0101kau e holomua ai, a me ka mana\u02bbo hohonu o ke kuleana e h\u0101\u02bbawi i ko l\u0101kou kai\u0101ulu k\u016bloko. Ho\u02bbonohonoho \u02bbia k\u0101 m\u0101kou mau kula aupuni i 15 mau \u02bb\u0101pana i kapa \u02bbia <em>n\u0101 wahi pa\u02bbakik\u012b<\/em>. \u02bbO k\u0113l\u0101 me k\u0113ia&nbsp;<em>wahi pa\u02bbakik\u012b<\/em>&nbsp;he \u02bbelua a \u02bbeh\u0101 mau \u201ccomplexes\u201d\u2014he p\u016b\u02bbulu o n\u0101 kula e komo p\u016b ana ke kula ki\u02bbeki\u02bbe a me k\u0101na mau kula ha\u02bbaha\u02bba a me waena.<\/p>\n\n\n\n<p><strong>Pono ke kula ma Hawai&#039;i no n\u0101 haum\u0101na mai ka makahiki 5 a hiki i ka makahiki 18. <\/strong>Pono n\u0101 haum\u0101na e hele i ke kula e lawelawe ana i ka \u02bb\u0101pana \u02bb\u0101ina a l\u0101kou e noho nei. <\/p>\n\n\n\n<h2 class=\"wp-block-heading\">ho\u02bbouna i k\u0101u keiki i ke kula<\/h2>\n\n\n\n<h3 class=\"wp-block-heading\">Mandatory for Children Living in Hawai\u02bbi<\/h3>\n\n\n\n<p>Pono ke kula ma Hawai&#039;i no n\u0101 haum\u0101na o 5 makahiki (mai ka l\u0101 31 o Iulai o ka makahiki kula) a hiki i ka 18 (mai ka l\u0101 1 o Ianuali o kekahi makahiki kula). E \u02bbolu\u02bbolu e n\u0101n\u0101 <a href=\"http:\/\/www.capitol.hawaii.gov\/hrscurrent\/Vol05_Ch0261-0319\/HRS0302A\/HRS_0302A-1132.HTM\" target=\"_blank\" rel=\"noreferrer noopener\">HRS 302A-1132<\/a> no ke kuhikuhi ana. Pono n\u0101 haum\u0101na e hele i ke kula e lawelawe ana i ka \u02bb\u0101pana \u02bb\u0101ina a l\u0101kou e noho nei. Hiki i\u0101 \u02bboe ke ho\u02bbohana i k\u0101 m\u0101kou <a href=\"https:\/\/hidoe.maps.arcgis.com\/apps\/webappviewer\/index.html?id=69f6b96049794d5592bb355b9cf12ec4\" target=\"_blank\" rel=\"noreferrer noopener\">Mea Huli Wahi Kula<\/a> mea paahana no ka nana ana i na palena lawelawe apana a me ke kula.<\/p>\n\n\n\n<figure class=\"wp-block-image size-large\"><img loading=\"lazy\" decoding=\"async\" width=\"1024\" height=\"683\" src=\"https:\/\/hawaiipublicschools.org\/wp-content\/uploads\/2024\/12\/HIDOE_Our-Public-Schools-1024x683.jpg\" alt=\"Three elementary students waving at the camera\" class=\"wp-image-2503\" style=\"object-fit:cover\" srcset=\"https:\/\/hawaiipublicschools.org\/wp-content\/uploads\/2024\/12\/HIDOE_Our-Public-Schools-1024x683.jpg 1024w, https:\/\/hawaiipublicschools.org\/wp-content\/uploads\/2024\/12\/HIDOE_Our-Public-Schools-300x200.jpg 300w, https:\/\/hawaiipublicschools.org\/wp-content\/uploads\/2024\/12\/HIDOE_Our-Public-Schools-768x512.jpg 768w, https:\/\/hawaiipublicschools.org\/wp-content\/uploads\/2024\/12\/HIDOE_Our-Public-Schools-18x12.jpg 18w, https:\/\/hawaiipublicschools.org\/wp-content\/uploads\/2024\/12\/HIDOE_Our-Public-Schools.jpg 1200w\" sizes=\"auto, (max-width: 1024px) 100vw, 1024px\" \/><\/figure>\n\n\n\n<p> (e like me Iulai 31 o ka makahiki kula) a hiki i ka 18 (mai Ianuali 1 o kekahi makahiki kula i h\u0101\u02bbawi \u02bbia). E \u02bbolu\u02bbolu e n\u0101n\u0101 <a href=\"http:\/\/www.capitol.hawaii.gov\/hrscurrent\/Vol05_Ch0261-0319\/HRS0302A\/HRS_0302A-1132.HTM\" target=\"_blank\" rel=\"noreferrer noopener\">HRS 302A-1132<\/a> no ke kuhikuhi ana. Pono n\u0101 haum\u0101na e hele i ke kula e lawelawe ana i ka \u02bb\u0101pana \u02bb\u0101ina a l\u0101kou e noho nei. Hiki i\u0101 \u02bboe ke ho\u02bbohana i k\u0101 m\u0101kou <a href=\"https:\/\/hidoe.maps.arcgis.com\/apps\/webappviewer\/index.html?id=69f6b96049794d5592bb355b9cf12ec4\" target=\"_blank\" rel=\"noreferrer noopener\">Mea Huli Wahi Kula<\/a> mea paahana no ka nana ana i na palena o ka apana a me ke kula\u2014e kakau wale i kou helu wahi ma ka kihi hema hema o ka paena, me ke kulanakauhale, a hiki i ka loaa ana o kou helu wahi ma ka papa kuhikuhi. E koho i\u0101 ia a e ho\u02bbonui \u02bbia \u02bboe i ka wahi lawelawe.<\/p>\n\n\n\n<p><em>&#039;\u014clelo A\u02bbo: Ke holo nei n\u0101 helu helu a me n\u0101 palena lawelawe. Mana\u02bbo m\u0101kou e kelepona pololei i ke kula e h\u014d\u02bboia in\u0101 lawelawe ia i kou home.<\/em><\/p>\n\n\n\n<h4 class=\"wp-block-heading\">Ka Hoomaopopo Lahui &amp; Lahui<\/h4>\n\n\n\n<p>The U.S. Department of Education requires that all states report the race and ethnicity of students enrolling in public school. The state of Hawai\u02bbi does not report individual information, but reports total counts of students by different sub-group categories of race and ethnicity. Although you have the right as a parent to decline to provide this information to the school, Federal rules require that every student be assigned an ethnicity and\/or race category. The schools will designate a category in the event a parent declines to provide that information.<\/p>\n\n\n\n<h3 class=\"wp-block-heading\">N\u0101 \u02bbohana i loko o ka hale pa\u02bba \u02bbole<\/h3>\n\n\n\n<p>Aia ma kahi o 3,600 mau haum\u0101na i \u02bbike \u02bbia ma n\u0101 hale pa\u02bba \u02bbole ma ka moku\u02bb\u0101ina. He kuleana ko n\u0101 \u02bbohana e loa\u02bba ana i ka hale pa\u02bba \u02bbole ma lalo o ke K\u0101n\u0101wai McKinney-Vento e h\u014d\u02bboia i ka ho\u02bbomau mau \u02bbana o k\u0101 l\u0101kou keiki i ka ho\u02bbona\u02bbauao a me n\u0101 lawelawe. E a\u02bbo e pili ana <a href=\"\/haw\/DOE%20Forms\/OSSS\/Rights%20under%20the%20McKinney-Vento%20Act.pdf\/\">N\u0101 kuleana ma lalo o ke k\u0101n\u0101wai McKinney-Vento (PDF)<\/a><\/p>\n\n\n\n<h4 class=\"wp-block-heading\">E huli i kahi hui kaiaulu<\/h4>\n\n\n\n<p><\/p>\n\n\n\n<p><a href=\"https:\/\/docs.google.com\/spreadsheets\/d\/14bLiX0YVH59fEo_IiV825fX2D0S3kiVuKN1W7WisDWo\/edit#gid=1131496463\" target=\"_blank\" rel=\"noreferrer noopener\">Liaison Roster HIEHCY 2024-2025<\/a> <a href=\"https:\/\/docs.google.com\/spreadsheets\/d\/14bLiX0YVH59fEo_IiV825fX2D0S3kiVuKN1W7WisDWo\/edit#gid=1131496463\" target=\"_blank\" rel=\"noreferrer noopener\">(Pepa Google)<\/a><\/p>\n\n\n\n<h4 class=\"wp-block-heading\">N\u012bnau e ho\u02bboholo i ke k\u016bpono<\/h4>\n\n\n\n<p>E ho\u02bboholo i ka pono ma lalo o ke k\u0101n\u0101wai McKinney-Vento: <a href=\"\/haw\/DOE%20Forms\/MV1.pdf\/\" target=\"_blank\" rel=\"noreferrer noopener\">N\u012bnau e ho\u02bboholo ai i ke k\u016bpono - English (PDF)<\/a>. Aia ka unuhi ma lalo nei.<\/p>\n\n\n\n<div class=\"wp-block-columns is-layout-flex wp-container-core-columns-is-layout-28f84493 wp-block-columns-is-layout-flex\">\n<div class=\"wp-block-column is-layout-flow wp-block-column-is-layout-flow\">\n<ul class=\"wp-block-list\">\n<li><a href=\"\/haw\/DOE%20Forms\/MVA\/MV1_CEBUANO.pdf\/\" target=\"_blank\" rel=\"noreferrer noopener\">Cebuano (PDF)<\/a><\/li>\n\n\n\n<li><a href=\"\/haw\/DOE%20Forms\/MVA\/MV1_CHINESES.pdf\/\" target=\"_blank\" rel=\"noreferrer noopener\">P\u0101k\u0113 (Ma\u02bbalahi) (PDF)<\/a><\/li>\n\n\n\n<li><a href=\"\/haw\/DOE%20Forms\/MVA\/MV1_CHINESET.pdf\/\" target=\"_blank\" rel=\"noreferrer noopener\">P\u0101k\u0113 (Ku\u02bbuna) (PDF)<\/a><\/li>\n\n\n\n<li><a href=\"\/haw\/DOE%20Forms\/MVA\/MV1_CHUKKESE.pdf\/\" target=\"_blank\" rel=\"noreferrer noopener\">Chuukese (PDF)<\/a><\/li>\n\n\n\n<li><a href=\"\/haw\/DOE%20Forms\/MVA\/MV1_HAWAIIAN.pdf\/\" target=\"_blank\" rel=\"noreferrer noopener\">Hawaii (PDF)<\/a><\/li>\n<\/ul>\n<\/div>\n\n\n\n<div class=\"wp-block-column is-layout-flow wp-block-column-is-layout-flow\">\n<ul class=\"wp-block-list\">\n<li><a href=\"\/haw\/DOE%20Forms\/MVA\/MV1_ILOCANO.pdf\/\" target=\"_blank\" rel=\"noreferrer noopener\">\u02bbIloka\u02bbo (PDF)<\/a><\/li>\n\n\n\n<li><a href=\"\/haw\/DOE%20Forms\/MVA\/MV1_JAPANESE.pdf\/\" target=\"_blank\" rel=\"noreferrer noopener\">Kepani (PDF)<\/a><\/li>\n\n\n\n<li><a href=\"\/haw\/DOE%20Forms\/MVA\/MV1_KOREAN.pdf\/\" target=\"_blank\" rel=\"noreferrer noopener\">K\u014dlea (PDF)<\/a><\/li>\n\n\n\n<li><a href=\"\/haw\/DOE%20Forms\/MVA\/MV1_MARSHALLESE.pdf\/\" target=\"_blank\" rel=\"noreferrer noopener\">Marshallese (PDF)<\/a><\/li>\n\n\n\n<li><a href=\"\/haw\/DOE%20Forms\/MVA\/MV1_SAMOAN.pdf\/\" target=\"_blank\" rel=\"noreferrer noopener\">S\u0101moa (PDF)<\/a><\/li>\n<\/ul>\n<\/div>\n\n\n\n<div class=\"wp-block-column is-layout-flow wp-block-column-is-layout-flow\">\n<ul class=\"wp-block-list\">\n<li><a href=\"\/haw\/DOE%20Forms\/MVA\/MV1_SPANISH.pdf\/\" target=\"_blank\" rel=\"noreferrer noopener\">Paniolo (PDF)<\/a><\/li>\n\n\n\n<li><a href=\"\/haw\/DOE%20Forms\/MVA\/MV1_TAGALOG.pdf\/\" target=\"_blank\" rel=\"noreferrer noopener\">Tagalog (PDF)<\/a><\/li>\n\n\n\n<li><a href=\"\/haw\/DOE%20Forms\/MVA\/MV1_TONGAN.pdf\/\" target=\"_blank\" rel=\"noreferrer noopener\">Tonga (PDF)<\/a><\/li>\n\n\n\n<li><a href=\"\/haw\/DOE%20Forms\/MVA\/MV1_VIETNAMESE.pdf\/\" target=\"_blank\" rel=\"noreferrer noopener\">Vietnamese (PDF)<\/a><\/li>\n<\/ul>\n<\/div>\n<\/div>\n\n\n\n<p>No n\u0101 n\u012bnau hou a me n\u0101 pilikia, e kelepona i ka papahana Education for Homeless Children and Youth (EHCY) ma 808-348-0304 a i \u02bbole 808-723-4192.<\/p>\n\n\n\n<h4 class=\"wp-block-heading\">N\u0101 Kuleana Ho\u02bbopa\u02bba inoa no n\u0101 \u02bbohana i loko o ka Brochure Housing Housing<\/h4>\n\n\n\n<p>No n\u0101 m\u0101kua a me n\u0101 \u02bbohana ma lalo o McKinney-Vento: <a href=\"\/haw\/DOE%20Forms\/OSSS\/200730_EHCYPoster_FINAL.jpg\/\" target=\"_blank\" rel=\"noreferrer noopener\">N\u0101 Kuleana Ho\u02bbopa\u02bba inoa no n\u0101 \u02bbohana ma ka hale pa\u02bba \u02bbole \u2013 English (PDF)<\/a>. Aia n\u0101 unuhi ma lalo.<\/p>\n\n\n\n<div class=\"wp-block-columns is-layout-flex wp-container-core-columns-is-layout-28f84493 wp-block-columns-is-layout-flex\">\n<div class=\"wp-block-column is-layout-flow wp-block-column-is-layout-flow\">\n<ul class=\"wp-block-list\">\n<li><a href=\"\/haw\/DOE%20Forms\/MVA\/MVA_CEBUANO.pdf\/\" target=\"_blank\" rel=\"noreferrer noopener\">Cebuano (PDF)<\/a><\/li>\n\n\n\n<li><a href=\"\/haw\/DOE%20Forms\/MVA\/MVA_SCHINESE.pdf\/\" target=\"_blank\" rel=\"noreferrer noopener\">P\u0101k\u0113 (Ma\u02bbalahi) (PDF)<\/a><\/li>\n\n\n\n<li><a href=\"\/haw\/DOE%20Forms\/MVA\/MVA_TCHINESE.pdf\/\" target=\"_blank\" rel=\"noreferrer noopener\">P\u0101k\u0113 (Ku\u02bbuna) (PDF)<\/a><\/li>\n\n\n\n<li><a href=\"\/haw\/DOE%20Forms\/MVA\/MVA_CHUUKESE.pdf\/\" target=\"_blank\" rel=\"noreferrer noopener\">Chuukese (PDF)<\/a><\/li>\n\n\n\n<li><a href=\"\/haw\/DOE%20Forms\/MVA\/MVA_HAWAIIAN.pdf\/\" target=\"_blank\" rel=\"noreferrer noopener\">Hawaii (PDF)<\/a><\/li>\n<\/ul>\n<\/div>\n\n\n\n<div class=\"wp-block-column is-layout-flow wp-block-column-is-layout-flow\">\n<ul class=\"wp-block-list\">\n<li><a href=\"\/haw\/DOE%20Forms\/MVA\/MVA_ILOCANO.pdf\/\" target=\"_blank\" rel=\"noreferrer noopener\">\u02bbIloka\u02bbo (PDF)<\/a><\/li>\n\n\n\n<li><a href=\"\/haw\/DOE%20Forms\/MVA\/MVA_JAPANESE.pdf\/\" target=\"_blank\" rel=\"noreferrer noopener\">Kepani (PDF)<\/a><\/li>\n\n\n\n<li><a href=\"\/haw\/DOE%20Forms\/MVA\/MVA_KOREAN.pdf\/\" target=\"_blank\" rel=\"noreferrer noopener\">K\u014dlea (PDF)<\/a><\/li>\n\n\n\n<li><a href=\"\/haw\/DOE%20Forms\/MVA\/MVA_MARSHALLESE.pdf\/\" target=\"_blank\" rel=\"noreferrer noopener\">Marshallese (PDF)<\/a><\/li>\n<\/ul>\n<\/div>\n\n\n\n<div class=\"wp-block-column is-layout-flow wp-block-column-is-layout-flow\">\n<ul class=\"wp-block-list\">\n<li><a href=\"\/haw\/DOE%20Forms\/MVA\/MVA_SAMOAN.pdf\/\" target=\"_blank\" rel=\"noreferrer noopener\">S\u0101moa (PDF)<\/a><\/li>\n\n\n\n<li><a href=\"\/haw\/DOE%20Forms\/MVA\/MVA_SPANISH.pdf\/\" target=\"_blank\" rel=\"noreferrer noopener\">Paniolo (PDF)<\/a><\/li>\n\n\n\n<li><a href=\"\/haw\/DOE%20Forms\/MVA\/MVA_TAGALOG.pdf\/\" target=\"_blank\" rel=\"noreferrer noopener\">Tagalog (PDF)<\/a><\/li>\n\n\n\n<li><a href=\"\/haw\/DOE%20Forms\/MVA\/MVA_TONGAN.pdf\/\" target=\"_blank\" rel=\"noreferrer noopener\">Tonga (PDF)<\/a><\/li>\n<\/ul>\n<\/div>\n<\/div>\n\n\n\n<h4 class=\"wp-block-heading\">Ka\u02bba ka\u02bba ka\u02bba manuahi<\/h4>\n\n\n\n<p>Hiki i n\u0101 haum\u0101na i k\u016bpono ke k\u014dkua ma lalo o ke K\u0101n\u0101wai McKinney-Vento hiki ke loa\u02bba ke ka\u02bba ka\u02bba ka\u02bba manuahi i ke kula. E \u02bbolu\u02bbolu e hana p\u016b me ka pilina pili home home \u02bbole ma k\u0101u kula e ho\u02bboholo i ke k\u016bpono, a e ho\u02bbopa\u02bba i kahi ka\u02bba ka\u02bba in\u0101 pili.<\/p>\n<\/div>\n\n\n\n<div class=\"wp-block-column right_col is-layout-flow wp-block-column-is-layout-flow\"><div class=\"kb-row-layout-wrap kb-row-layout-id1050_d76aa3-f2 alignnone wp-block-kadence-rowlayout\"><div class=\"kt-row-column-wrap kt-has-2-columns kt-row-layout-row kt-tab-layout-row kt-mobile-layout-row kt-row-valign-top\">\n\n<div class=\"wp-block-kadence-column kadence-column1050_63c690-aa\"><div class=\"kt-inside-inner-col\">\n<figure class=\"wp-block-image size-full no_margin\"><img loading=\"lazy\" decoding=\"async\" width=\"1024\" height=\"640\" src=\"https:\/\/hawaiipublicschools.org\/wp-content\/uploads\/2024\/12\/Classroom-1024x640.jpg\" alt=\"\" class=\"wp-image-2274\" style=\"aspect-ratio:4\/3;object-fit:cover\" srcset=\"https:\/\/hawaiipublicschools.org\/wp-content\/uploads\/2024\/12\/Classroom-1024x640.jpg 1024w, https:\/\/hawaiipublicschools.org\/wp-content\/uploads\/2024\/12\/Classroom-300x188.jpg 300w, https:\/\/hawaiipublicschools.org\/wp-content\/uploads\/2024\/12\/Classroom-768x480.jpg 768w, https:\/\/hawaiipublicschools.org\/wp-content\/uploads\/2024\/12\/Classroom-18x12.jpg 18w, https:\/\/hawaiipublicschools.org\/wp-content\/uploads\/2024\/12\/Classroom.jpg 1200w\" sizes=\"auto, (max-width: 1024px) 100vw, 1024px\" \/><\/figure>\n<\/div><\/div>\n\n\n\n<div class=\"wp-block-kadence-column kadence-column1050_6ae211-6a\"><div class=\"kt-inside-inner-col\">\n<h5 class=\"wp-block-heading has-base-color has-text-color has-link-color wp-elements-91735848e86ea283e0928ede427b944c\" style=\"margin-top:0px;padding-top:0;padding-bottom:0.5rem;font-size:1.4vw\">E LOAA I KO KULA<\/h5>\n\n\n\n<p class=\"has-base-color has-text-color has-link-color wp-elements-73de11a7dc8419c68045457638ce71c1\">E ho\u02bbohana i k\u0101 m\u0101kou <a href=\"https:\/\/hawaiipublicschools.org\/haw\/enrolling-in-school\/find-your-school\/\" data-type=\"page\" data-id=\"14\">Mea Hana Huli Kula<\/a> e ho\u02bboka\u02bbawale ma muli o ka Mokupuni, M\u0101hele Pa\u02bbakik\u012b, \u02bbAno Kula a i \u02bbole Papa Papa.<\/p>\n<\/div><\/div>\n\n<\/div><\/div><\/div>\n<\/div>","protected":false},"excerpt":{"rendered":"<p>Aloha and welcome to Hawai\u02bbi public schools! We are committed to providing a high-quality education for all students\u2014regardless of their geographic location, background, economic standing or whether they are in English or Hawaiian language pathways\u2014and we look forward to welcoming your child to our school system. At Hawai\u02bbi public schools, we strive for a K\u201312 [&hellip;]<\/p>","protected":false},"author":8,"featured_media":0,"parent":13,"menu_order":12,"comment_status":"closed","ping_status":"closed","template":"wp-custom-template-page-for-custom-sidebar","meta":{"_relevanssi_hide_post":"","_relevanssi_hide_content":"","_relevanssi_pin_for_all":"","_relevanssi_pin_keywords":"","_relevanssi_unpin_keywords":"","_relevanssi_related_keywords":"","_relevanssi_related_include_ids":"","_relevanssi_related_exclude_ids":"","_relevanssi_related_no_append":"","_relevanssi_related_not_related":"","_relevanssi_related_posts":"","_relevanssi_noindex_reason":"","_sitemap_exclude":false,"_sitemap_priority":"","_sitemap_frequency":"","_kad_blocks_custom_css":"","_kad_blocks_head_custom_js":"","_kad_blocks_body_custom_js":"","_kad_blocks_footer_custom_js":"","wp_popup_display_lightbox":0,"wp_popup_suppress":"","wp_popup_trigger":"","wp_popup_trigger_amount":0,"wp_popup_disable_on_mobile":false,"footnotes":""},"class_list":["post-924","page","type-page","status-publish","hentry"],"pp_statuses_selecting_workflow":false,"pp_workflow_action":"current","pp_status_selection":"publish","taxonomy_info":[],"featured_image_src_large":false,"author_info":{"display_name":"Ariana Enomoto","author_link":"https:\/\/hawaiipublicschools.org\/haw\/author\/arianastaceyleong-com\/"},"comment_info":0,"publishpress_future_action":{"enabled":false,"date":"2026-04-29 12:14:22","action":"change-status","newStatus":"draft","terms":[],"taxonomy":"","extraData":[]},"publishpress_future_workflow_manual_trigger":{"enabledWorkflows":[]},"_links":{"self":[{"href":"https:\/\/hawaiipublicschools.org\/haw\/wp-json\/wp\/v2\/pages\/924","targetHints":{"allow":["GET"]}}],"collection":[{"href":"https:\/\/hawaiipublicschools.org\/haw\/wp-json\/wp\/v2\/pages"}],"about":[{"href":"https:\/\/hawaiipublicschools.org\/haw\/wp-json\/wp\/v2\/types\/page"}],"author":[{"embeddable":true,"href":"https:\/\/hawaiipublicschools.org\/haw\/wp-json\/wp\/v2\/users\/8"}],"replies":[{"embeddable":true,"href":"https:\/\/hawaiipublicschools.org\/haw\/wp-json\/wp\/v2\/comments?post=924"}],"version-history":[{"count":0,"href":"https:\/\/hawaiipublicschools.org\/haw\/wp-json\/wp\/v2\/pages\/924\/revisions"}],"up":[{"embeddable":true,"href":"https:\/\/hawaiipublicschools.org\/haw\/wp-json\/wp\/v2\/pages\/13"}],"wp:attachment":[{"href":"https:\/\/hawaiipublicschools.org\/haw\/wp-json\/wp\/v2\/media?parent=924"}],"curies":[{"name":"wp","href":"https:\/\/api.w.org\/{rel}","templated":true}]}}