{"id":9034,"date":"2025-02-26T10:38:25","date_gmt":"2025-02-26T20:38:25","guid":{"rendered":"https:\/\/hawaiipublicschools.org\/?page_id=9034&#038;preview_id=9034"},"modified":"2025-11-25T10:51:22","modified_gmt":"2025-11-25T20:51:22","slug":"privacy","status":"publish","type":"page","link":"https:\/\/hawaiipublicschools.org\/haw\/useful-links\/policies\/privacy\/","title":{"rendered":"Kulekele pilikino"},"content":{"rendered":"<p>H\u014d\u02bbike k\u0113ia kulekele pilikino i n\u0101 ala e h\u014d\u02bbili\u02bbili ai k\u0101 m\u0101kou p\u016bnaewele, ho\u02bbohana, h\u014d\u02bbike, a m\u0101lama i ka \u02bbike pilikino o ka mea ho\u02bbohana p\u016bnaewele (&quot;PII&quot;). Pili wale k\u0113ia kulekele pilikino i k\u0101 m\u0101kou P\u016bnaewele a \u02bba\u02bbole i n\u0101 hana waho. \u02bbA\u02bbole pili ia i kahi p\u016bnaewele \u02bbao\u02bbao \u02bbekolu a i \u02bbole lawelawe e pili ana i k\u0101 m\u0101kou P\u016bnaewele a i \u02bb\u014dlelo \u02bbia a kuhikuhi \u02bbia e k\u0101 m\u0101kou P\u016bnaewele.<\/p>\n\n\n\n<p>\u02bbO ka PII ka \u02bbike i hiki ke ho\u02bbohana \u02bbia no ka \u02bbike a \u02bbike \u02bbana i ke \u02bbano o ke kanaka. Hiki i n\u0101 la\u02bbana o PII ke komo i ka inoa o ke kanaka a i \u02bbole ka helu wahi, n\u0101 inoa makua a me n\u0101 \u02bbohana a me n\u0101 helu wahi, ka helu m\u0101lama ola, a me ka \u02bbikepili geolocation.<\/p>\n\n\n\n<p>\u02bbA\u02bbole m\u0101kou e h\u014d\u02bbili\u02bbili i ka PII ke \u02bbole \u02bboe e koho e h\u0101\u02bbawi i k\u0113l\u0101 \u02bbike ma o ka ho\u02bbohana \u02bbana i k\u0101 m\u0101kou p\u016bnaewele.<\/p>\n\n\n\n<p>\u02bbO kekahi o k\u0101 m\u0101kou mau \u02bbao\u02bbao p\u016bnaewele (e like me n\u0101 palapala kauoha ma ka laina, n\u0101 palapala ho\u02bbopa\u02bba inoa \u02bbaha k\u016bk\u0101 a me ka ho\u02bboma\u02bbama\u02bba \u02bbana, n\u0101 palapala noi \u02bbike, n\u0101 palapala noi ho\u02bbolaha a me ka maka\u02bbala, a me n\u0101 \u02bbano \u02bb\u0113 a\u02bbe) e h\u0101\u02bbawi i\u0101 \u02bboe i ka PII. I k\u0113l\u0101 mau hihia kahi i h\u014d\u02bbili\u02bbili \u02bbia ai ka PII, e ho\u02bb\u0101\u02bbo \u02bbia n\u0101 ho\u02bb\u0101\u02bbo a pau e pale i k\u0101u pilikino. \u02bbA\u02bbole na\u02bbe hiki i ka HIDOE ke h\u0101\u02bbawi i n\u0101 h\u014d\u02bboia e pili ana i ka palekana piha o k\u0101u \u02bbike pilikino.<\/p>\n\n\n\n<h2 class=\"wp-block-heading\">\u02bbA\u02bbole \u02bbike pilikino i ho\u02bbopa\u02bba \u02bbia e hawaiipublicschools.org:<\/h2>\n\n\n\n<p>In\u0101 \u02bboe e kipa i\u0101 m\u0101kou a \u02bba\u02bbohe mea \u02bb\u0113 a\u02bbe ma mua o ka m\u0101ka\u02bbika\u02bbi \u02bbana i ka p\u016bnaewele, heluhelu i n\u0101 \u02bbao\u02bbao a i \u02bbole e ho\u02bboiho i ka \u02bbike, e ho\u02bbopa\u02bba aunoa ka \u02bb\u014dnaehana hana o ka p\u016bnaewele i kekahi mau \u02bbike \u0101kea e pili ana i k\u0101u kipa.<\/p>\n\n\n\n<h2 class=\"wp-block-heading\">I kou kipa \u02bbana, e ho\u02bbopa\u02bba ka \u02bb\u014dnaehana hana p\u016bnaewele:<\/h2>\n\n\n\n<p>The Internet domain for your Internet service, such as &#8220;xdomain.com&#8221; or &#8220;xdomain.net&#8221; if you use a private Internet access account or &#8220;yourschool.edu&#8221; if you connect from a college or other education domain.<\/p>\n\n\n\n<ul class=\"wp-block-list\">\n<li>\u02bbO ke \u02bbano o ka polokalamu kele p\u016bnaewele (e like me Chrome version X a i \u02bbole Safari version Y) \u0101u e ho\u02bbohana nei.<\/li>\n\n\n\n<li>\u02bbO ke \u02bbano o ka \u02bb\u014dnaehana hana \u0101u e ho\u02bbohana ai (e like me Macintosh, UNIX, a i \u02bbole Windows.)<\/li>\n\n\n\n<li>\u02bbO ka l\u0101 a me ka manawa \u0101u e kipa ai i k\u0101 m\u0101kou p\u016bnaewele a me n\u0101 \u02bbao\u02bbao p\u016bnaewele \u0101u e kipa ai ma k\u0101 m\u0101kou p\u016bnaewele.<\/li>\n\n\n\n<li>\u02bbO ka url o ka p\u016bnaewele kuhikuhi, in\u0101 loa\u02bba. \u02bbO ka URL a me ke po\u02bbo o ka \u02bbao\u02bbao p\u016bnaewele i kipa \u02bbia.<\/li>\n<\/ul>\n\n\n\n<p>Ho\u02bbohana m\u0101kou i k\u0113ia \u02bbike no ka n\u0101n\u0101 \u02bbana i ka helu helu a k\u014dkua i ka ho\u02bbohana \u02bbana i ka p\u016bnaewele hawaiipublicschools.org i mea e pono ai ka po\u02bbe kipa. \u02bbA\u02bbole ho\u02bbopa\u02bba k\u0113ia \u02bb\u014dnaehana ho\u02bbopa\u02bba i ka \u02bbike e pili ana i n\u0101 k\u0101naka.<\/p>\n\n\n\n<h2 class=\"wp-block-heading\">Kuki<\/h2>\n\n\n\n<p>Ma kekahi mau \u02bbao\u02bbao p\u016bnaewele puni honua o hawaiipublicschools.org, ho\u02bbohana \u02bbia n\u0101 &quot;kuki&quot; e k\u014dkua i ka ho\u02bbohana \u02bbana o ka p\u016bnaewele. \u02bbO ke kuki kahi faila li\u02bbili\u02bbi i ho\u02bboili \u02bbia e kahi p\u016bnaewele i k\u0101u p\u0101pa\u02bbi pa\u02bbakik\u012b, ma\u02bbamau e m\u0101lama i\u0101 \u02bboe i ka w\u0101 e pili ana i k\u0113l\u0101 p\u016bnaewele. Ho\u02bbopili n\u0101 kuki i ka \u02bbikepili helu e pili ana i ka ho\u02bbohana \u02bbana i k\u0101 m\u0101kou P\u016bnaewele. Hiki i n\u0101 kuki ke h\u0101\u02bbawi i\u0101 m\u0101kou i ka ho\u02bbohana \u02bbana i ka \u02bbikepili, ka pinepine o n\u0101 kipa \u02bbana i ka P\u016bnaewele, kahi e hele ai n\u0101 mea ho\u02bbohana ma ka P\u016bnaewele, pehea ka nui o ka manawa e ho\u02bbohana ai n\u0101 mea ho\u02bbohana ma ka P\u016bnaewele, n\u0101 \u02bbao\u02bbao p\u016bnaewele i kipa nui \u02bbia e n\u0101 mea ho\u02bbohana, a me n\u0101 hana a n\u0101 mea ho\u02bbohana e hana ai ma ka P\u016bnaewele. \u02bbA\u02bbohe o n\u0101 helu helu PII.<\/p>\n\n\n\n<p>\u02bbA\u02bbole \u02bbohi n\u0101 kuki ma n\u0101 \u02bbao\u02bbao o hawaiipublicschools.org i ka \u02bbike e pili ana i\u0101 \u02bboe, ak\u0101 e pili ana i k\u0101u polokalamu kele p\u016bnaewele &quot;session.&quot; \u02bbO ke kuki ka mea ma\u02bbalahi i\u0101 \u02bboe ke ho\u02bbohana i n\u0101 hi\u02bbohi\u02bbona ikaika o k\u0113ia mau \u02bbao\u02bbao p\u016bnaewele, me ka \u02bbole e h\u0101\u02bbawi pinepine i ka \u02bbike like i kou ne\u02bbe \u02bbana mai kekahi \u02bbao\u02bbao i kekahi \u02bbao\u02bbao. In\u0101 hopohopo \u02bboe e pili ana i ka ho\u02bbohana \u02bbana i ka \u02bbike i h\u014d\u02bbili\u02bbili \u02bbia mai k\u0101u kamepiula e n\u0101 kuki, hiki i\u0101 \u02bboe ke ho\u02bbonohonoho i k\u0101u polokalamu kele p\u016bnaewele e koi i\u0101 \u02bboe ma mua o ka \u02bbae \u02bbana i kahi kuki. Loa\u02bba i ka hapa nui o n\u0101 polokalamu kele p\u016bnaewele e \u02bbae i\u0101 \u02bboe e \u02bbike a\/a h\u014d\u02bbole paha i n\u0101 kuki.<\/p>\n\n\n\n<h2 class=\"wp-block-heading\">\u02bbIke mai ka leka uila<\/h2>\n\n\n\n<p>In\u0101 ho\u02bboholo \u02bboe e ho\u02bbouna mai i\u0101 m\u0101kou i kahi leka uila (leka uila), e loa\u02bba mau i ka leka k\u0101u leka uila ho\u02bbiho\u02bbi. In\u0101 ho\u02bbokomo \u02bboe i ka PII i k\u0101u leka uila no kou makemake i\u0101 m\u0101kou e ho\u02bboponopono i n\u0101 pilikia kiko\u02bb\u012b i kou k\u016blana, hiki i\u0101 m\u0101kou ke ho\u02bbohana i k\u0113l\u0101 \u02bbike i ka pane \u02bbana i k\u0101u noi. Ma n\u0101 k\u016blana palena \u02bb\u0113 a\u02bbe, koi \u02bbia m\u0101kou e ke k\u0101n\u0101wai e h\u014d\u02bbike i ka \u02bbike \u0101u e ho\u02bbouna ai. E \u02bbolu\u02bbolu e ho\u02bbouna i ka \u02bbike wale n\u014d e k\u014dkua i\u0101 m\u0101kou e hana i k\u0101u noi.<\/p>\n\n\n\n<h2 class=\"wp-block-heading\">Ho\u02bbololi i ke kulekele pilikino<\/h2>\n\n\n\n<p>Hiki i\u0101 m\u0101kou ke ho\u02bbololi i k\u0113ia kulekele pilikino i k\u0113l\u0101 me k\u0113ia manawa ma ke kau \u02bbana i kahi mana hou ma k\u0113ia \u02bbao\u02bbao a i \u02bbole ma kahi \u02bbao\u02bbao hope. E lilo ana ka mana hou i ka l\u0101 i kau \u02bbia ai.<\/p>\n\n\n\n<p><\/p>","protected":false},"excerpt":{"rendered":"<p>This privacy policy discloses the ways our website gathers, uses, discloses, and manages a website user\u2019s personally identifiable information (\u201cPII\u201d). This privacy policy applies only to our Website and not to any offline activities. It does not apply to any third party site or service that may be linked to our Website or recommended or [&hellip;]<\/p>","protected":false},"author":13,"featured_media":0,"parent":148,"menu_order":4,"comment_status":"closed","ping_status":"closed","template":"","meta":{"_relevanssi_hide_post":"","_relevanssi_hide_content":"","_relevanssi_pin_for_all":"","_relevanssi_pin_keywords":"","_relevanssi_unpin_keywords":"","_relevanssi_related_keywords":"","_relevanssi_related_include_ids":"","_relevanssi_related_exclude_ids":"","_relevanssi_related_no_append":"","_relevanssi_related_not_related":"","_relevanssi_related_posts":"9891,9332,14258,14902,8795,8799","_relevanssi_noindex_reason":"","_sitemap_exclude":false,"_sitemap_priority":"","_sitemap_frequency":"","_kad_blocks_custom_css":"","_kad_blocks_head_custom_js":"","_kad_blocks_body_custom_js":"","_kad_blocks_footer_custom_js":"","wp_popup_display_lightbox":0,"wp_popup_suppress":"","wp_popup_trigger":"","wp_popup_trigger_amount":0,"wp_popup_disable_on_mobile":false,"footnotes":""},"class_list":["post-9034","page","type-page","status-publish","hentry"],"pp_statuses_selecting_workflow":false,"pp_workflow_action":"current","pp_status_selection":"publish","taxonomy_info":[],"featured_image_src_large":false,"author_info":{"display_name":"Sara Miyazono","author_link":"https:\/\/hawaiipublicschools.org\/haw\/author\/sara-miyazonok12-hi-us\/"},"comment_info":0,"publishpress_future_action":{"enabled":false,"date":"2026-04-23 07:34:13","action":"change-status","newStatus":"draft","terms":[],"taxonomy":"","extraData":[]},"publishpress_future_workflow_manual_trigger":{"enabledWorkflows":[]},"_links":{"self":[{"href":"https:\/\/hawaiipublicschools.org\/haw\/wp-json\/wp\/v2\/pages\/9034","targetHints":{"allow":["GET"]}}],"collection":[{"href":"https:\/\/hawaiipublicschools.org\/haw\/wp-json\/wp\/v2\/pages"}],"about":[{"href":"https:\/\/hawaiipublicschools.org\/haw\/wp-json\/wp\/v2\/types\/page"}],"author":[{"embeddable":true,"href":"https:\/\/hawaiipublicschools.org\/haw\/wp-json\/wp\/v2\/users\/13"}],"replies":[{"embeddable":true,"href":"https:\/\/hawaiipublicschools.org\/haw\/wp-json\/wp\/v2\/comments?post=9034"}],"version-history":[{"count":0,"href":"https:\/\/hawaiipublicschools.org\/haw\/wp-json\/wp\/v2\/pages\/9034\/revisions"}],"up":[{"embeddable":true,"href":"https:\/\/hawaiipublicschools.org\/haw\/wp-json\/wp\/v2\/pages\/148"}],"wp:attachment":[{"href":"https:\/\/hawaiipublicschools.org\/haw\/wp-json\/wp\/v2\/media?parent=9034"}],"curies":[{"name":"wp","href":"https:\/\/api.w.org\/{rel}","templated":true}]}}