{"id":8809,"date":"2025-02-19T14:06:07","date_gmt":"2025-02-20T00:06:07","guid":{"rendered":"https:\/\/hawaiipublicschools.org\/?page_id=8809"},"modified":"2025-03-21T06:30:47","modified_gmt":"2025-03-21T16:30:47","slug":"artificial-intelligence","status":"publish","type":"page","link":"https:\/\/hawaiipublicschools.org\/haw\/student-programs\/artificial-intelligence\/","title":{"rendered":"Na\u02bbauao hana"},"content":{"rendered":"<p class=\"intro\">\u02bbO ka pi\u02bbi \u02bbana o ka kaulana o generative AI e like me Gemini a me ChatGPT ua lawe mai i k\u0113ia mau mea hana i mua o n\u0101 k\u016bk\u0101k\u016bk\u0101 ho\u02bbona\u02bbauao. Eia n\u014d na\u02bbe, he mea nui e ho\u02bbomaopopo i k\u0113ia mau papahana e h\u014d\u02bbike ana i kahi \u02bbano kiko\u02bb\u012b o AI, \u02bba\u02bbole ka holo\u02bboko\u02bba o ke kula. Ho\u02bbokumu \u02bbo Generative AI i ka hana \u02bbana i n\u0101 kikokikona e like me ke kanaka, code, a i \u02bbole n\u0101 mea ho\u02bbomohala \u02bb\u0113 a\u02bbe. Ho\u02bbopili ke kahua \u0101kea o AI i kahi \u0101kea \u0101kea o n\u0101 \u02bbenehana a me n\u0101 ho\u02bbokokoke, n\u0101 mea \u0101pau i mana\u02bbo \u02bbia e k\u016bkulu i n\u0101 \u02bb\u014dnaehana na\u02bbauao hiki ke hana hou i n\u0101 hana kanaka.<\/p>\n\n\n\n<p><em>&quot;\u02bbO ka hua\u02bb\u014dlelo &#039;artificial intelligence&#039; &#039;o ia ho\u02bbi kahi \u02bb\u014dnaehana e pili ana i ka m\u012bkini e hiki ai, no kahi ho\u02bbonohonoho o n\u0101 pahuhopu i wehewehe \u02bbia e ke kanaka, e hana i n\u0101 w\u0101nana, n\u0101 \u02bb\u014dlelo a\u02bboa\u02bbo a i \u02bbole n\u0101 ho\u02bboholo e pili ana i n\u0101 kaiapuni maoli a virtual paha.&quot;<\/em>&nbsp;~ KANAWAI NANA\u02bbO K\u0100N\u0100WAI O 2020<\/p>\n\n\n\n<h2 class=\"wp-block-heading\">N\u0101 \u02bbano like \u02bbole o ka na\u02bbauao hana<\/h2>\n\n\n\n<p>Ho\u02bbopili nui \u02bbia ko m\u0101kou ola i k\u0113l\u0101 me k\u0113ia l\u0101 me Artificial Intelligence (AI), e hele mai ana i n\u0101 hi\u02bbohi\u02bbona k\u016b\u02bboko\u02bba a i ho\u02bbohui \u02bbia.<\/p>\n\n\n\n<p><strong><em>N\u0101 polokalamu AI k\u016b\u02bboko\u02bba<\/em><\/strong>&nbsp;e like me n\u0101 mea hana k\u016bikaw\u0101 i loko o kahi pahu hana. \u02bbOi aku l\u0101kou i n\u0101 hana kiko\u02bb\u012b, e like me ke k\u0101kau \u02bbana i n\u0101 \u02bbano kikokikona hana like \u02bbole a i \u02bbole ka hana \u02bbana i n\u0101 ki\u02bbi nani. He k\u016b\u02bboko\u02bba k\u0113ia mau polokalamu a \u02bba\u02bbole koi i n\u0101 polokalamu \u02bb\u0113 a\u02bbe e hana.<\/p>\n\n\n\n<p><strong><em>N\u0101 hi\u02bbohi\u02bbona AI i ho\u02bbohui \u02bbia<\/em><\/strong>&nbsp;ma kekahi \u02bbao\u02bbao, e like me n\u0101 mea hana lehulehu. Ua k\u016bkulu \u02bbia l\u0101kou i loko o n\u0101 polokalamu lako polokalamu e k\u016b nei, e ho\u02bbohui pono i n\u0101 hana. Ho\u02bbokumu k\u0113ia i kahi kahe hana ma\u02bbalahi kahi e kahe manuahi ai ka \u02bbikepili ma waena o n\u0101 hana like \u02bbole i loko o ka papahana like.<\/p>\n\n\n\n<p>\u02bbO ka mea nui, \u02bbo AI, ma k\u0101na mau \u02bbano \u0101pau, hiki i n\u0101 m\u012bkini ke a\u02bbo, ho\u02bbololi, a hana i n\u0101 hana e like me ke kanaka, pinepine wikiwiki a pololei. He \u02bbenehana e ulu wikiwiki nei i lilo i \u02bb\u0101pana o ko m\u0101kou ola i k\u0113l\u0101 me k\u0113ia l\u0101.<\/p>\n\n\n\n<div class=\"wp-block-columns is-layout-flex wp-container-core-columns-is-layout-28f84493 wp-block-columns-is-layout-flex\">\n<div class=\"wp-block-column is-layout-flow wp-block-column-is-layout-flow\">\n<p class=\"has-text-align-center\"><strong>Ho\u02bbohuehue<\/strong><\/p>\n\n\n\n<p class=\"has-text-align-center\">N\u0101 mea hana e pane ai i n\u0101 ho\u02bbokomo kiko\u02bb\u012b a i \u02bbole n\u0101 k\u016blana me ke a\u02bbo \u02bbole mai n\u0101 \u02bbike i hala (e la\u02bba, Alexa, Roomba, kamepiula p\u0101\u02bbani chess).<\/p>\n<\/div>\n\n\n\n<div class=\"wp-block-column is-layout-flow wp-block-column-is-layout-flow\">\n<p class=\"has-text-align-center\"><strong>w\u0101nana<\/strong><\/p>\n\n\n\n<p class=\"has-text-align-center\">N\u0101 mea hana e k\u0101lailai ana i ka \u02bbikepili m\u014d\u02bbaukala a me n\u0101 \u02bbike e w\u0101nana i n\u0101 hanana a i \u02bbole n\u0101 hana e hiki mai ana (e la\u02bba, Netflix, n\u0101 \u02bb\u014dnaehana h\u014d\u02bbai\u02bb\u0113).<\/p>\n<\/div>\n\n\n\n<div class=\"wp-block-column is-layout-flow wp-block-column-is-layout-flow\">\n<p class=\"has-text-align-center\"><strong>Generative<\/strong><\/p>\n\n\n\n<p class=\"has-text-align-center\">\u02bbO n\u0101 mea hana e ho\u02bbopuka ai i n\u0101 \u02bbike hou a i \u02bbole n\u0101 mea ho\u02bbopuka, e hana pinepine i kahi mea hou mai n\u0101 kumu i a\u02bbo \u02bbia (e la\u02bba, ChatGPT, Stable Diffusion).<\/p>\n<\/div>\n<\/div>\n\n\n\n<p><em>2023. <\/em><a href=\"https:\/\/cms-live-media.iste.org\/Bringing_AI_to_School-2023_07.pdf?_ga=2.124691209.2040081573.1704222033-2044874826.1699995829\"><em>Ka lawe \u02bbana i\u0101 AI i ke kula: \u02bb\u014dlelo a\u02bboa\u02bbo no n\u0101 alaka\u02bbi kula. International Society for Technology in Education (ISTE). <\/em>(<em>PDF)\u00a0<\/em><\/a><\/p>\n\n\n\n<p><\/p>\n\n\n\n<h2 class=\"wp-block-heading\">Ke alaka\u02bbi \u02bbana i ke akamai no\u02bbeau (AI).<\/h2>\n\n\n\n<p>Ua k\u016bpa\u02bba ka &#039;Oihana Ho\u02bbona\u02bbauao o Hawai\u02bbi i ka ho\u02bboulu \u02bbana i ka ho\u02bbohana AI i ka pono a me ke kuleana ma ka ho\u02bbona\u02bbauao. E ho\u02bbomau m\u0101kou i ka hana p\u016b \u02bbana me n\u0101 limahana, n\u0101 mea hana kulekele, a me n\u0101 mea ho\u02bbomohala \u02bbenehana e h\u014d\u02bboia i ka mana o AI i n\u0101 limahana a me n\u0101 haum\u0101na \u0101pau e ho\u02bboikaika i k\u0101 m\u0101kou \u02bb\u014dnaehana ho\u02bbona\u02bbauao.<\/p>\n\n\n\n<div class=\"wp-block-columns is-layout-flex wp-container-core-columns-is-layout-28f84493 wp-block-columns-is-layout-flex\">\n<div class=\"wp-block-column is-layout-flow wp-block-column-is-layout-flow\">\n<h3 class=\"wp-block-heading\">No ka mea<strong>&nbsp;<\/strong>N\u0101 limahana<\/h3>\n\n\n\n<p>\u02bbO ka ho\u02bbokele \u02bbana i ka \u02bb\u0101ina ulu o AI i ka ho\u02bbona\u02bbauao e pono ai kahi ala kaulike. \u02bbOiai \u02bba\u02bbole hiki ke h\u014d\u02bbole \u02bbia kona hiki ke ho\u02bbonui i ke a\u02bbo \u02bbana, \u02bbo ka no\u02bbono\u02bbo pono a me ka ho\u02bbohana pono \u02bbana ka mea nui. H\u0101\u02bbawi k\u0113ia palapala i n\u0101 limahana i kahi ho\u02bbol\u0101l\u0101 e ho\u02bbohana ai i ka mana o AI me ka ho\u02bb\u0113mi \u02bbana i n\u0101 pilikia. Hiki i\u0101 m\u0101kou ke ho\u02bboulu i kahi \u02bbano ho\u02bbona\u02bbauao k\u016blike a me ke kaulike kahi e ho\u02bboikaika ai ka \u02bbenehana i n\u0101 haum\u0101na \u0101pau e holomua.<\/p>\n\n\n\n<ul class=\"wp-block-list\">\n<li><a href=\"https:\/\/www.google.com\/url?q=https%3A%2F%2Fbit.ly%2Fhidoe-ai-guidance&amp;sa=D&amp;sntz=1&amp;usg=AOvVaw1EpgZZbVFuUbNt_0M9GgJj\">Alaka\u02bbi HIDOE AI no n\u0101 limahana (Google Docs)<\/a> a <a href=\"https:\/\/www.google.com\/url?q=https%3A%2F%2Falala1.k12.hi.us%2FPUBLIC%2FDOEMEMOS.NSF%2Fc43efd5c660087e10a2575cf0064fb92%2F136bf83bddfd22900a258b2400026d91%3FOpenDocument%26Highlight%3D0%2CArtificial%2CIntelligence&amp;sa=D&amp;sntz=1&amp;usg=AOvVaw1P36hxcelPkwVDjLY2W8In\">Memo (pono e komo i ka limahana)<\/a><\/li>\n<\/ul>\n<\/div>\n\n\n\n<div class=\"wp-block-column is-layout-flow wp-block-column-is-layout-flow\">\n<h3 class=\"wp-block-heading\">No ka mea<strong>&nbsp;<\/strong>N\u0101 haum\u0101na<\/h3>\n\n\n\n<p>Ke ho\u02bbololi wikiwiki nei ka na\u02bbauao artificial (AI) pehea m\u0101kou e a\u02bbo ai a hana ai. Hiki i n\u0101 mea hana AI ke lilo i mau kumuwaiwai ikaika no n\u0101 haum\u0101na, h\u0101\u02bbawi i n\u0101 ala hou e \u02bbimi ai i n\u0101 mana\u02bbo, hana i ka noi\u02bbi, a h\u014d\u02bbike i ka no\u02bbono\u02bbo. Hiki i n\u0101 haum\u0101na ke ho\u02bbohana i n\u0101 polokalamu kikoho\u02bbe, me n\u0101 mea hana AI, ma ke \u02bbano he kumu a\u02bbo, in\u0101 loa\u02bba i\u0101 l\u0101kou kahi Technology Responsible Use Form (TRUF) i p\u016blima a ua \u02bbae \u02bbia ka papahana e ke kula. Ho\u02bbol\u0101l\u0101 \u02bbia k\u0113ia mau alaka\u02bbi e k\u014dkua i\u0101 \u02bboe e ho\u02bbohana i\u0101 AI me ke kuleana a me ka pono i k\u0101u ho\u02bbona\u02bbauao.<\/p>\n\n\n\n<ul class=\"wp-block-list\">\n<li><a href=\"https:\/\/www.google.com\/url?q=https%3A%2F%2Fbit.ly%2Fhidoe-ai-students&amp;sa=D&amp;sntz=1&amp;usg=AOvVaw2lMlviQHZkDCw4Y5NhKyK4\">Alaka\u02bbi HIDOE AI no n\u0101 Haum\u0101na (Google Docs)<\/a> a <a href=\"https:\/\/www.google.com\/url?q=https%3A%2F%2Falala1.k12.hi.us%2FPUBLIC%2FDOEMEMOS.NSF%2Fc43efd5c660087e10a2575cf0064fb92%2F761315e321025fa00a258c0b0071d85d%3FOpenDocument&amp;sa=D&amp;sntz=1&amp;usg=AOvVaw0-_56pGQOReergwSOyz3Yo\">Memo (pono e komo i ka limahana)<\/a><\/li>\n<\/ul>\n<\/div>\n<\/div>\n\n\n\n<h2 class=\"wp-block-heading\">H\u0101\u02bbawi \u02bbo HIDOE i n\u0101 polokalamu AI<\/h2>\n\n\n\n<p>Ua k\u016bpa&#039;a ka &#039;Oihana Ho&#039;ona&#039;auao o ka Moku&#039;\u0101ina o Hawai&#039;i i ka ho&#039;olako &#039;ana i k\u0101 m\u0101kou po&#039;e limahana i n\u0101 mea hana a me n\u0101 kumu waiwai e ho&#039;onui ai i ka huahua a me ka ho&#039;oulu &#039;ana i ka hana hou. Ma ke \u02bbano he \u02bb\u0101pana o k\u0113ia k\u016bpa\u02bba, hau\u02bboli m\u0101kou e h\u0101\u02bbawi i ke komo \u02bbana i \u02bbelua mau kahua AI ikaika i ho\u02bbomohala \u02bbia e Google AI: Gemini a me NotebookLM.<\/p>\n\n\n\n<div class=\"wp-block-columns is-layout-flex wp-container-core-columns-is-layout-28f84493 wp-block-columns-is-layout-flex\">\n<div class=\"wp-block-column is-layout-flow wp-block-column-is-layout-flow\">\n<h3 class=\"wp-block-heading\"><a href=\"https:\/\/gemini.google.com\/app\">Gemini no Google Workspace<\/a><\/h3>\n\n\n\n<p>He kumu ho\u02bboh\u0101like \u02bb\u014dlelo nui (LLM) i ho\u02bbomohala \u02bbia e Google AI, i ho\u02bboma\u02bbama\u02bba \u02bbia ma kahi \u02bbikepili nui o n\u0101 kikokikona a me n\u0101 code. Ho\u02bbol\u0101l\u0101 \u02bbia ia no n\u0101 hana like \u02bbole, me ka ho\u02bbomaopopo \u02bbana a me ka hana \u02bbana i n\u0101 kikokikona, ka unuhi \u02bbana i n\u0101 \u02bb\u014dlelo, ke k\u0101kau \u02bbana i n\u0101 \u02bbano mea like \u02bbole, a me ka pane \u02bbana i k\u0101u mau n\u012bnau ma ke \u02bbano \u02bbike.<\/p>\n\n\n\n<figure class=\"wp-block-image size-large\"><img loading=\"lazy\" decoding=\"async\" width=\"1024\" height=\"662\" src=\"https:\/\/hawaiipublicschools.org\/wp-content\/uploads\/Gemini-for-Google-1024x662.jpg\" alt=\"Screenshot of using Artificial Intelligence (AI) Gemini\" class=\"wp-image-8818\" srcset=\"https:\/\/hawaiipublicschools.org\/wp-content\/uploads\/Gemini-for-Google-1024x662.jpg 1024w, https:\/\/hawaiipublicschools.org\/wp-content\/uploads\/Gemini-for-Google-300x194.jpg 300w, https:\/\/hawaiipublicschools.org\/wp-content\/uploads\/Gemini-for-Google-768x497.jpg 768w, https:\/\/hawaiipublicschools.org\/wp-content\/uploads\/Gemini-for-Google-18x12.jpg 18w, https:\/\/hawaiipublicschools.org\/wp-content\/uploads\/Gemini-for-Google.jpg 1079w\" sizes=\"auto, (max-width: 1024px) 100vw, 1024px\" \/><\/figure>\n<\/div>\n\n\n\n<div class=\"wp-block-column is-layout-flow wp-block-column-is-layout-flow\">\n<h3 class=\"wp-block-heading\"><a href=\"https:\/\/notebooklm.google.com\/\">Google NotebookLM<\/a><\/h3>\n\n\n\n<p>He mea paahana AI-powered mai Google AI e k\u014dkua ana i n\u0101 mea ho\u02bbohana e hana me n\u0101 palapala i \u02bboi aku ka maika\u02bbi. Hiki i\u0101 ia ke h\u014d\u02bbulu\u02bbulu i n\u0101 kumuhana \u02bboia\u02bbi\u02bbo, hana i n\u0101 mo\u02bbolelo, a pane i n\u0101 n\u012bnau e pili ana i n\u0101 kumu kumu i ho\u02bboili \u02bbia.&nbsp;<\/p>\n\n\n\n<figure class=\"wp-block-image size-large\"><img loading=\"lazy\" decoding=\"async\" width=\"1024\" height=\"663\" src=\"https:\/\/hawaiipublicschools.org\/wp-content\/uploads\/Google-NotebookLM-1024x663.jpg\" alt=\"Screenshot of using Artificial Intelligence (AI) NotebookLM\" class=\"wp-image-8819\" srcset=\"https:\/\/hawaiipublicschools.org\/wp-content\/uploads\/Google-NotebookLM-1024x663.jpg 1024w, https:\/\/hawaiipublicschools.org\/wp-content\/uploads\/Google-NotebookLM-300x194.jpg 300w, https:\/\/hawaiipublicschools.org\/wp-content\/uploads\/Google-NotebookLM-768x497.jpg 768w, https:\/\/hawaiipublicschools.org\/wp-content\/uploads\/Google-NotebookLM-18x12.jpg 18w, https:\/\/hawaiipublicschools.org\/wp-content\/uploads\/Google-NotebookLM.jpg 1077w\" sizes=\"auto, (max-width: 1024px) 100vw, 1024px\" \/><\/figure>\n<\/div>\n<\/div>\n\n\n\n<p><\/p>","protected":false},"excerpt":{"rendered":"<p>The recent surge in popularity of generative AI such as Gemini and ChatGPT has brought these tools to the forefront of educational discussions. However, it&#8217;s important to understand that these programs represent a specific type of AI, not the entirety of the field. Generative AI focuses on creating human-like text, code, or other creative content. [&hellip;]<\/p>","protected":false},"author":13,"featured_media":0,"parent":77,"menu_order":0,"comment_status":"closed","ping_status":"closed","template":"","meta":{"_relevanssi_hide_post":"","_relevanssi_hide_content":"","_relevanssi_pin_for_all":"","_relevanssi_pin_keywords":"","_relevanssi_unpin_keywords":"","_relevanssi_related_keywords":"","_relevanssi_related_include_ids":"","_relevanssi_related_exclude_ids":"","_relevanssi_related_no_append":"","_relevanssi_related_not_related":"","_relevanssi_related_posts":"","_relevanssi_noindex_reason":"","_sitemap_exclude":false,"_sitemap_priority":"","_sitemap_frequency":"","_kad_blocks_custom_css":"","_kad_blocks_head_custom_js":"","_kad_blocks_body_custom_js":"","_kad_blocks_footer_custom_js":"","wp_popup_display_lightbox":0,"wp_popup_suppress":"","wp_popup_trigger":"","wp_popup_trigger_amount":0,"wp_popup_disable_on_mobile":false,"footnotes":""},"class_list":["post-8809","page","type-page","status-publish","hentry"],"pp_statuses_selecting_workflow":false,"pp_workflow_action":"current","pp_status_selection":"publish","taxonomy_info":[],"featured_image_src_large":false,"author_info":{"display_name":"Sara Miyazono","author_link":"https:\/\/hawaiipublicschools.org\/haw\/author\/sara-miyazonok12-hi-us\/"},"comment_info":0,"publishpress_future_action":{"enabled":false,"date":"2026-05-22 00:53:29","action":"change-status","newStatus":"draft","terms":[],"taxonomy":"","extraData":[]},"publishpress_future_workflow_manual_trigger":{"enabledWorkflows":[]},"_links":{"self":[{"href":"https:\/\/hawaiipublicschools.org\/haw\/wp-json\/wp\/v2\/pages\/8809","targetHints":{"allow":["GET"]}}],"collection":[{"href":"https:\/\/hawaiipublicschools.org\/haw\/wp-json\/wp\/v2\/pages"}],"about":[{"href":"https:\/\/hawaiipublicschools.org\/haw\/wp-json\/wp\/v2\/types\/page"}],"author":[{"embeddable":true,"href":"https:\/\/hawaiipublicschools.org\/haw\/wp-json\/wp\/v2\/users\/13"}],"replies":[{"embeddable":true,"href":"https:\/\/hawaiipublicschools.org\/haw\/wp-json\/wp\/v2\/comments?post=8809"}],"version-history":[{"count":0,"href":"https:\/\/hawaiipublicschools.org\/haw\/wp-json\/wp\/v2\/pages\/8809\/revisions"}],"up":[{"embeddable":true,"href":"https:\/\/hawaiipublicschools.org\/haw\/wp-json\/wp\/v2\/pages\/77"}],"wp:attachment":[{"href":"https:\/\/hawaiipublicschools.org\/haw\/wp-json\/wp\/v2\/media?parent=8809"}],"curies":[{"name":"wp","href":"https:\/\/api.w.org\/{rel}","templated":true}]}}