{"id":866,"date":"2024-10-08T00:23:19","date_gmt":"2024-10-08T00:23:19","guid":{"rendered":"https:\/\/hawaiipublicschools.org\/?page_id=866"},"modified":"2025-10-15T11:06:44","modified_gmt":"2025-10-15T21:06:44","slug":"teach-356","status":"publish","type":"page","link":"https:\/\/hawaiipublicschools.org\/haw\/resources\/teach-356\/","title":{"rendered":"KUMU 356"},"content":{"rendered":"<p class=\"intro\">Ma o ka \u02bbaelike uea franchise hui, ho\u02bbola\u02bba n\u0101 mea ho\u02bbolako uwea p\u0101\u02bboihana ma Hawai\u02bbi i n\u0101 ala \u0101kea no ka papahana ho\u02bbona\u02bbauao. M\u0101lama k\u0113ia hui i ka loa\u02bba \u02bbana o n\u0101 kumuwaiwai ho\u02bbona\u02bbauao k\u016blana ki\u02bbeki\u02bbe i n\u0101 kai\u0101ulu o ka moku\u02bb\u0101ina, e k\u014dkua ana i ke k\u0101ko\u02bbo \u02bbana i ka holomua o n\u0101 haum\u0101na a me ka ho\u02bboulu \u02bbana i n\u0101 manawa ho\u02bbona\u02bbauao no n\u0101 po\u02bbe Hawai\u02bbi \u0101pau.<\/p>\n\n\n\n<p>M\u0101lama m\u0101kou i kahi kaila uwea ho\u02bbona\u02bbauao a puni ka moku\u02bb\u0101ina, loa\u02bba ma Spectrum a me Hawaiian Telcom. \u02bbO ka ho\u02bbolaha 24\/7, h\u0101\u02bbawi ke kahawai i n\u0101 papahana ho\u02bbona\u02bbauao e uhi ana i kahi \u0101kea o n\u0101 kumuhana e like me ka m\u014d\u02bbaukala, ka hana, \u02bbepekema, STEM a me n\u0101 ha\u02bbawina pilikanaka. E ho\u02bbolohe i k\u0113l\u0101 me k\u0113ia manawa ma Spectrum channel 356 a i \u02bbole Hawaiian Telcom channel 356 no ka ho\u02bbonui \u02bbana i ka \u02bbike i ho\u02bbol\u0101l\u0101 \u02bbia no n\u0101 haum\u0101na o n\u0101 makahiki \u0101pau.<\/p>\n\n\n\n<h2 class=\"wp-block-heading\">KUMU 356 Papa kuhikuhi<\/h2>\n\n\n\n<iframe frameborder=\"0\" src=\"https:\/\/proweb.myersinfosys.com\/hetv\/week\" title=\"Department cablecast channel 356 schedule \" loading=\"lazy\" class=\"\" style=\"width:100%;max-width:100%;height:5000px\"><\/iframe>","protected":false},"excerpt":{"rendered":"<p>Through a collaborative cable franchise agreement, commercial cable providers across Hawai\u02bbi dedicate public access channels for educational programming. This partnership ensures that high-quality educational resources are readily available to communities across the state, helping to support student achievement and foster lifelong learning opportunities for all of Hawai\u02bbi residents. We manage a statewide educational cable channel, [&hellip;]<\/p>","protected":false},"author":15,"featured_media":0,"parent":87,"menu_order":13,"comment_status":"closed","ping_status":"closed","template":"","meta":{"_relevanssi_hide_post":"","_relevanssi_hide_content":"","_relevanssi_pin_for_all":"","_relevanssi_pin_keywords":"","_relevanssi_unpin_keywords":"","_relevanssi_related_keywords":"","_relevanssi_related_include_ids":"","_relevanssi_related_exclude_ids":"","_relevanssi_related_no_append":"","_relevanssi_related_not_related":"","_relevanssi_related_posts":"","_relevanssi_noindex_reason":"","_sitemap_exclude":false,"_sitemap_priority":"","_sitemap_frequency":"","_kad_blocks_custom_css":"","_kad_blocks_head_custom_js":"","_kad_blocks_body_custom_js":"","_kad_blocks_footer_custom_js":"","wp_popup_display_lightbox":0,"wp_popup_suppress":"","wp_popup_trigger":"","wp_popup_trigger_amount":0,"wp_popup_disable_on_mobile":false,"footnotes":""},"class_list":["post-866","page","type-page","status-publish","hentry"],"pp_statuses_selecting_workflow":false,"pp_workflow_action":"current","pp_status_selection":"publish","taxonomy_info":[],"featured_image_src_large":false,"author_info":{"display_name":"Chanel Honda","author_link":"https:\/\/hawaiipublicschools.org\/haw\/author\/chanel-hondak12-hi-us\/"},"comment_info":0,"publishpress_future_action":{"enabled":false,"date":"2026-04-18 02:54:16","action":"change-status","newStatus":"draft","terms":[],"taxonomy":"","extraData":[]},"publishpress_future_workflow_manual_trigger":{"enabledWorkflows":[]},"_links":{"self":[{"href":"https:\/\/hawaiipublicschools.org\/haw\/wp-json\/wp\/v2\/pages\/866","targetHints":{"allow":["GET"]}}],"collection":[{"href":"https:\/\/hawaiipublicschools.org\/haw\/wp-json\/wp\/v2\/pages"}],"about":[{"href":"https:\/\/hawaiipublicschools.org\/haw\/wp-json\/wp\/v2\/types\/page"}],"author":[{"embeddable":true,"href":"https:\/\/hawaiipublicschools.org\/haw\/wp-json\/wp\/v2\/users\/15"}],"replies":[{"embeddable":true,"href":"https:\/\/hawaiipublicschools.org\/haw\/wp-json\/wp\/v2\/comments?post=866"}],"version-history":[{"count":0,"href":"https:\/\/hawaiipublicschools.org\/haw\/wp-json\/wp\/v2\/pages\/866\/revisions"}],"up":[{"embeddable":true,"href":"https:\/\/hawaiipublicschools.org\/haw\/wp-json\/wp\/v2\/pages\/87"}],"wp:attachment":[{"href":"https:\/\/hawaiipublicschools.org\/haw\/wp-json\/wp\/v2\/media?parent=866"}],"curies":[{"name":"wp","href":"https:\/\/api.w.org\/{rel}","templated":true}]}}