{"id":859,"date":"2024-10-07T19:47:20","date_gmt":"2024-10-07T19:47:20","guid":{"rendered":"https:\/\/hawaiipublicschools.org\/?page_id=859"},"modified":"2026-03-02T14:45:28","modified_gmt":"2026-03-03T00:45:28","slug":"career-technical-education","status":"publish","type":"page","link":"https:\/\/hawaiipublicschools.org\/haw\/academics\/secondary-middle-high-school\/career-technical-education\/","title":{"rendered":"\u02bbOihana &amp; Ho\u02bbona\u02bbauao \u02bbenehana"},"content":{"rendered":"<p class=\"intro\" style=\"font-size:clamp(0.875rem, 0.875rem + ((1vw - 0.2rem) * 0.531), 1.3rem);\">Career and Technical Education (CTE) affords opportunities to all students interested in acquiring the academic, technical and employability skills necessary to succeed in post-high school education and\/or high-demand careers. We envision a sustainable future in which Hawai\u02bbi graduates can live and thrive in Hawai\u02bbi by being prepared to succeed in high-skill, high-wage and high-demand occupations.<\/p>\n\n\n\n<p>\u02bbO ka mikiona o CTE ka lawelawe \u02bbana i k\u0101 m\u0101kou mau kula a me ke kai\u0101ulu nui ma o ka ho\u02bbol\u0101l\u0101 \u02bbana i n\u0101 papahana CTE maika\u02bbi e k\u016bpono ana i n\u0101 pono o ka po\u02bbe limahana hana o Hawai\u02bbi\u2014me n\u0101 ala hou a me n\u0101 papahana o ke a\u02bbo \u02bbana, n\u0101 k\u016blana \u02bboihana, ke a\u02bbo \u02bbana i ka hana, n\u0101 palapala h\u014d\u02bboia i \u02bbike \u02bbia i ka \u02bboihana, \u02bbelua h\u014d\u02bbai\u02bb\u0113. n\u0101 manawa k\u016bpono a me ka ho\u02bbomohala \u02bbana i ka \u02bboihana\u2014a me ka h\u014d\u02bboia \u02bbana i ke kaulike o ke komo \u02bbana, a me ka ho\u02bbonui \u02bbana i ka helu komo a me n\u0101 hopena k\u016ble\u02bba.<\/p>\n\n\n\n<p><\/p>\n\n\n\n<h2 class=\"wp-block-heading\">Alanui Hana<\/h2>\n\n\n\n<h3 class=\"wp-block-heading\">CTE k\u0101\u02bbei kua<\/h3>\n\n\n\n<p>\u02bbO ke kumu o ka ho\u02bbonui \u02bbana i ka CTE Career Pathways i pili pono i:<\/p>\n\n\n\n<ul class=\"wp-block-list\">\n<li>Ka hele ana o <a href=\"https:\/\/cte.ed.gov\/legislation\/perkins-v\" target=\"_blank\" rel=\"noreferrer noopener\">\u02bbO Perkins V<\/a>, ka mea i h\u0101\u02bbawi i ka \u02bb\u014dlelo ma\u02bbalahi ma ka CTE papa \u02bboi loa a me ka ho\u02bbolikelike \u02bbana o ke kula ki\u02bbeki\u02bbe a me ke kula ki\u02bbeki\u02bbe me ka po\u02bbe hana.&nbsp;<\/li>\n\n\n\n<li>Loa\u02bba n\u0101 \u02bbike mai kahi papa papa CTE mua i loa\u02bba he 44 wale n\u014d o 77 mau papa i ho\u02bbohana i n\u0101 k\u016blana \u02bboihana.<\/li>\n\n\n\n<li>Uncertainty over whether CTE offerings were vertically aligned with post-high school education and fully aligned with Hawai\u02bbi economic and workforce priorities.&nbsp;&nbsp;<\/li>\n<\/ul>\n\n\n\n<p>An alignment study utilized state economic and workforce data to determine high-skill, high-wage and high-demand occupations for Hawai\u02bbi along with the state\u02bbs economic priorities and initiatives. The results were used to inform the selection of CTE programs to meet the needs of the alignment study. This led to the expansion from six CTE Career Pathways to 13 and the redesign of the CTE programs of study.<\/p>\n\n\n\n<p>\u02bbO n\u0101 Ala Hana Hana i ho\u02bbol\u0101l\u0101 hou \u02bbia me:<\/p>\n\n\n\n<ul class=\"wp-block-list\">\n<li>Ho\u02bboponopono i n\u0101 papa, n\u0101 papahana o ka \u02bboihana a\u02bbo \u02bbana i n\u0101 k\u016blana papa, a me n\u0101 hana ho\u02bbona\u02bbauao haum\u0101na e k\u0101ko\u02bbo i ke a\u02bbo hohonu a me ka loa\u02bba \u02bbana o n\u0101 m\u0101kau ho\u02bbona\u02bbauao, \u02bbenehana a me ka hana.<\/li>\n\n\n\n<li>\u02bbO kahi ala ikaika i ke a\u02bbo \u02bbana i ka hana (WBL) i ho\u02bbokomo \u02bbia i n\u0101 hana benchmark WBL i ho\u02bbopili \u02bbia i n\u0101 k\u016blana a me kahi papa WBL capstone no k\u0113l\u0101 me k\u0113ia papahana a\u02bbo.<\/li>\n<\/ul>\n\n\n\n<p>N\u0101n\u0101 i ka <a href=\"\/haw\/DOE%20Forms\/CTE\/CTEPathwaysRolloutTimeline.pdf\/\" target=\"_blank\" rel=\"noreferrer noopener\">Ka Laina Manawa (PDF) Alanui CTE<\/a> no ka &#039;ike hou aku no ka rollout.<\/p>\n\n\n\n<h3 class=\"wp-block-heading\">Pahuhopu Alanui<\/h3>\n\n\n\n<h4 class=\"wp-block-heading\">N\u0101 n\u012bnau ma\u02bbamau<\/h4>\n\n\n\n<details class=\"wp-block-details is-layout-flow wp-block-details-is-layout-flow\"><summary><strong>I ka manawa hea e ho\u02bbohana \u02bbia ai \u02bbo Career Pathways?<\/strong><\/summary>\n<p>H\u0101\u02bbawi \u02bbo Career Pathways i mea paahana ho\u02bbonohonoho k\u016bpono ma n\u0101 pae ho\u02bbona\u02bbauao \u0101pau\u2014ke kula kindergarten a hiki i ke kulanui\u2014e alaka\u02bbi i ka \u02bbimi \u02bboihana a me ka ho\u02bbol\u0101l\u0101 \u02bbana i n\u0101 hana, e k\u0101lele ana i ke a\u02bbo \u02bbana a me ke a\u02bbo \u02bbana, a ho\u02bbohui i ka ho\u02bbona\u02bbauao me n\u0101 hana pili honua maoli.<\/p>\n<\/details>\n\n\n\n<details class=\"wp-block-details is-layout-flow wp-block-details-is-layout-flow\"><summary><strong>Pehea e ho\u02bbohana \u02bbia ai n\u0101 Ala Hana Hana?<\/strong><\/summary>\n<p>He mea paahana ka Career Pathways no ka \u02bbike \u02bboihana, ka \u02bbimi \u02bbana, ka ho\u02bbom\u0101kaukau a me ke a\u02bbo \u02bbana no n\u0101 haum\u0101na \u0101pau K-12. \u02bbO ka ho\u02bbolauna \u02bbana i n\u0101 haum\u0101na i n\u0101 ala \u02bboihana \u0101kea, a me n\u0101 p\u016b\u02bbulu \u02bboihana he nui a me n\u0101 \u02bboihana i loko, e ho\u02bbonui i k\u0101 l\u0101kou mau hana. Hiki i n\u0101 haum\u0101na kahiko ke \u02bbike i ka ho\u02bb\u0101\u02bbo \u02bbikepili hoihoi (<a href=\"\/haw\/DOE%20Forms\/CTE\/RIASEC.pdf\/\" target=\"_blank\" rel=\"noreferrer noopener\">RIASEC (PDF)<\/a>) k\u014dkua i ka \u02bbimi \u02bbana i n\u0101 koho Ala Hana Hana.<\/p>\n\n\n\n<p>Ma ke kula ki\u02bbeki\u02bbe a ma hope o ke kula ki\u02bbeki\u02bbe, h\u0101\u02bbawi \u02bbo Career Pathways i n\u0101 k\u016blana \u02bboihana e k\u016b ana i n\u0101 koi \u02bboihana a me n\u0101 \u02bboihana.<\/p>\n\n\n\n<p><a href=\"https:\/\/docs.google.com\/spreadsheets\/d\/1pyEsFsz4RGBzfICOq8Su5SiAmzYGjmEX_mk96gg3U5A\/edit#gid=140881673\" target=\"_blank\" rel=\"noreferrer noopener\">N\u0101 ala a me n\u0101 papahana a\u02bbo e ka Apana a me ke Kula (Google Sheet)<\/a><\/p>\n\n\n\n<p>Students may attain mastery of all specific Career Pathway course standards by completing a <a href=\"https:\/\/hawaiipublicschools.org\/haw\/academics\/secondary-middle-high-school\/career-technical-education\/cte-pathways-and-program-standards\/\">Program of Study<\/a>, which spans four years at the high school level. Programs of Study are designed to:&nbsp;&nbsp;<\/p>\n\n\n\n<ul class=\"wp-block-list\">\n<li>Ho\u02bbohui i n\u0101 k\u016blana ho\u02bbona\u02bbauao, \u02bboihana a me n\u0101 m\u0101kau wahi hana, a me n\u0101 \u02bboihana kiko\u02bb\u012b a me n\u0101 \u02bboihana i h\u014d\u02bboia \u02bbia;&nbsp;<\/li>\n\n\n\n<li>Ho\u02bbohui i ka ho\u02bbona\u02bbauao ma muli o ka hana, n\u0101 h\u014d\u02bboia i \u02bbike \u02bbia i ka \u02bboihana, a me n\u0101 manawa ma hope o ke kula ki\u02bbeki\u02bbe in\u0101 hiki a k\u016bpono; a&nbsp;<\/li>\n\n\n\n<li>E ho\u02bbom\u0101kaukau i n\u0101 haum\u0101na no ka ho\u02bbona\u02bbauao hou a\/a i \u02bbole ka hana.<\/li>\n<\/ul>\n<\/details>\n\n\n\n<p><\/p>\n\n\n\n<h3 class=\"wp-block-heading\">N\u0101 papahana a\u02bbo<\/h3>\n\n\n\n<p>Hawai\u02bbi State Department of Education has 13 Career Pathways and <a href=\"https:\/\/hawaiipublicschools.org\/haw\/academics\/secondary-middle-high-school\/career-technical-education\/cte-pathways-and-program-standards\/\">N\u0101 papahana a\u02bbo<\/a>:<\/p>\n\n\n\n<div class=\"wp-block-columns is-layout-flex wp-container-core-columns-is-layout-28f84493 wp-block-columns-is-layout-flex\">\n<div class=\"wp-block-column is-layout-flow wp-block-column-is-layout-flow\">\n<p><strong>No\u02bbeau Mo\u02bbomeheu, Media, a me n\u0101 le\u02bbale\u02bba<\/strong><\/p>\n\n\n\n<ul class=\"wp-block-list\">\n<li>Ho\u02bbol\u0101l\u0101 Kikoho\u02bbe<\/li>\n\n\n\n<li>Ho\u02bbol\u0101l\u0101 Hana a me n\u0101 mea hana<\/li>\n\n\n\n<li>Hana Ki\u02bbi\u02bboni\u02bboni a me Media<\/li>\n<\/ul>\n\n\n\n<p><strong>Ho\u02bboponopono P\u0101\u02bboihana, Waiwai, a me Ke k\u0101lepa<\/strong><\/p>\n\n\n\n<ul class=\"wp-block-list\">\n<li>Ho\u02bbokele \u02bboihana<\/li>\n\n\n\n<li>\u02bboihana \u02bboihana<\/li>\n\n\n\n<li>Hooponopono Waiwai<\/li>\n\n\n\n<li>Hooponopono Hooko<\/li>\n\n\n\n<li>Ho\u02bbolako \u02bbenehana a me Logistics<\/li>\n<\/ul>\n\n\n\n<p><strong>N\u0101 lawelawe ola kino<\/strong><\/p>\n\n\n\n<ul class=\"wp-block-list\">\n<li>N\u0101 lawelawe ola kino<\/li>\n\n\n\n<li>N\u0101 lawelawe diagnostic<\/li>\n\n\n\n<li>N\u0101 lawelawe Lapa\u02bbau pilikia<\/li>\n\n\n\n<li>N\u0101 lawelawe lapa\u02bbau ho\u02bbok\u014d kanaka<\/li>\n\n\n\n<li>N\u0101 lawelawe kahu h\u0101nai<\/li>\n<\/ul>\n\n\n\n<p><strong>Mahiai, Mea\u02bbai, a me n\u0101 kumuwaiwai k\u016blohelohe<\/strong><\/p>\n\n\n\n<ul class=\"wp-block-list\">\n<li>P\u016bnaehana Holoholona, P\u016bnaehana Mea\u02bbai<\/li>\n\n\n\n<li>\u02bbOihana Waiwai K\u016blohelohe<\/li>\n\n\n\n<li>Hooponopono Waiwai<\/li>\n<\/ul>\n<\/div>\n\n\n\n<div class=\"wp-block-column is-layout-flow wp-block-column-is-layout-flow\">\n<p><strong>Ho\u02bbona\u02bbauao<\/strong><\/p>\n\n\n\n<ul class=\"wp-block-list\">\n<li>N\u0101 \u02bbOihana K\u0101ko\u02bbo A\u02bbo (LSP)<\/li>\n\n\n\n<li>\u02bbO ke a\u02bbo \u02bbana ma ke \u02bbano he \u02bboihana (TAP)<\/li>\n<\/ul>\n\n\n\n<p><strong>\u02bbO ka ho\u02bbokipa, ka m\u0101ka\u02bbika\u02bbi, a me ka le\u02bbale\u02bba<\/strong><\/p>\n\n\n\n<ul class=\"wp-block-list\">\n<li>Noi Kuina<\/li>\n\n\n\n<li>\u02bbO ka ho\u02bbokipa ho\u02bbokipa a me ka ho\u02bbokele m\u0101ka\u02bbika\u02bbi<\/li>\n<\/ul>\n\n\n\n<p><strong>K\u0101n\u0101wai a me ka Maluhia o ka lehulehu<\/strong><\/p>\n\n\n\n<ul class=\"wp-block-list\">\n<li>N\u0101 lawelawe ho\u02bbok\u014d k\u0101n\u0101wai<\/li>\n\n\n\n<li>N\u0101 lawelawe ahi a me ka pilikia (FES)<\/li>\n\n\n\n<li>K\u0101n\u0101wai mua<\/li>\n<\/ul>\n\n\n\n<p><strong>\u02bbIke loea a me ka ho\u02bbololi kikoho\u02bbe<\/strong><\/p>\n\n\n\n<ul class=\"wp-block-list\">\n<li>Na\u02bbauao Mea Hana (AI)<\/li>\n\n\n\n<li>Papahana<\/li>\n\n\n\n<li>Ho\u02bbopili p\u016bnaewele<\/li>\n\n\n\n<li>Palekana P\u016bnaewele (Cyber)<\/li>\n\n\n\n<li>Ho\u02bbol\u0101l\u0101 a ho\u02bbomohala p\u016bnaewele (WDD)<\/li>\n<\/ul>\n\n\n\n<p><strong>Hale a me ka hana<\/strong><\/p>\n\n\n\n<ul class=\"wp-block-list\">\n<li>P\u016bnaehana Mechanical, Electrical, and Plumbing (MEP).<\/li>\n\n\n\n<li>Hale Noho a me Kalepa<\/li>\n<\/ul>\n<\/div>\n\n\n\n<div class=\"wp-block-column is-layout-flow wp-block-column-is-layout-flow\">\n<p><strong>Hana Hou<\/strong><\/p>\n\n\n\n<ul class=\"wp-block-list\">\n<li>Automation and Robotics Technology\u00a0<\/li>\n\n\n\n<li>Electro-Mechanical Technology<\/li>\n\n\n\n<li>wiliwili<\/li>\n<\/ul>\n\n\n\n<p><strong>ikehu<\/strong><\/p>\n\n\n\n<ul class=\"wp-block-list\">\n<li>\u02bbenehana wahie \u02bb\u0113 a\u02bbe<\/li>\n\n\n\n<li>\u02bbenehana Mana Mana<\/li>\n\n\n\n<li>\u02bbenehana \u02bbenehana hou<\/li>\n<\/ul>\n\n\n\n<p><strong>Ho\u02bbol\u0101l\u0101 ho\u02bbol\u0101l\u0101 a me ka \u02bbenekinia<\/strong><\/p>\n\n\n\n<ul class=\"wp-block-list\">\n<li>Ho\u02bbol\u0101l\u0101 Ho\u02bbol\u0101l\u0101 (AD)<\/li>\n\n\n\n<li>\u02bbenehana \u02bbenekinia<\/li>\n<\/ul>\n\n\n\n<p><strong>\u02bbOihana Ka\u02bbahele<\/strong><\/p>\n\n\n\n<ul class=\"wp-block-list\">\n<li>Aeronautics: Aviation and Unmanned Aircraft Systems (UAS)<\/li>\n\n\n\n<li>Ho\u02bboponopono Ka\u02bba a Ho\u02bboponopono M\u0101m\u0101 (MLR)<\/li>\n\n\n\n<li>Hooponopono Ho&#039;oku&#039;i Ka&#039;a<\/li>\n\n\n\n<li>\u02bbenehana m\u0101lama mokulele<\/li>\n\n\n\n<li>\u02bbenehana m\u0101lama kai<\/li>\n<\/ul>\n<\/div>\n<\/div>\n\n\n\n<h2 class=\"wp-block-heading\">N\u0101 Koina Palapala Ho\u02bbohanohano Ho\u02bbohanohano&nbsp;&nbsp;&nbsp;<\/h2>\n\n\n\n<p>Ma waho a\u02bbe o ka ho\u02bbok\u014d \u02bbana i n\u0101 koi no ka diploma kula ki\u02bbeki\u02bbe o Hawai\u02bbi, pono ka haum\u0101na e ho\u02bbok\u014d i k\u0113ia mau koi me kahi GPA kumulative o 3.0 a i luna:&nbsp;<\/p>\n\n\n\n<ul class=\"wp-block-list\">\n<li>E ho\u02bbopiha i kahi papa hana \u02bbelua i loko o kahi Polokalamu CTE i \u02bb\u0101pono \u02bbia a i \u02bbole Polokalamu Ho\u02bbona\u02bbauao.<\/li>\n\n\n\n<li>Loa\u02bba i\u0101 B a \u02bboi aku ka maika\u02bbi ma k\u0113l\u0101 me k\u0113ia papa o ke ka\u02bbina papa \u02bbelua.<\/li>\n\n\n\n<li>E h\u0101l\u0101wai a \u02bboi aku paha i ka m\u0101kaukau ma kahi Ho\u02bboh\u0101likelike Hana Hana no ka Papahana a i \u02bbole ka Polokalamu Ho\u02bbona\u02bbauao.<\/li>\n<\/ul>\n\n\n\n<p>Ho\u02bbol\u0101l\u0101 n\u0101 CTE Performance-Based Assessments (PBAs) i n\u0101 hiki o n\u0101 haum\u0101na ke ho\u02bbohana i n\u0101 m\u0101kau ho\u02bbona\u02bbauao a me n\u0101 \u02bbike loea a l\u0101kou i a\u02bbo ai ma k\u0101 l\u0101kou CTE Programs of Study. Ke alaka\u02bbi \u02bbia nei ka PBA e kekahi kula a i \u02bbole e kekahi apana kula. Aia ka PBA i \u02bbekolu mau mea:<\/p>\n\n\n\n<ol class=\"wp-block-list\">\n<li>k\u0101kau \u02bbenehana.<\/li>\n\n\n\n<li>H\u014d\u02bbike waha.<\/li>\n\n\n\n<li>Ka loiloi hana.<\/li>\n<\/ol>\n\n\n\n<h2 class=\"wp-block-heading\">\u02bbAha K\u016bk\u0101k\u016bk\u0101 Alanui<\/h2>\n\n\n\n<p>K\u016bk\u0101k\u016bk\u0101 n\u0101 l\u0101l\u0101 o ka \u02bbaha ala ala (PAC) i ka &#039;Oihana e pili ana i n\u0101 m\u0101kau, \u02bbike, mea hana, \u02bbenehana a me n\u0101 hana e pono ai i n\u0101 \u02bboihana o k\u0113ia mau l\u0101. \u02bbO n\u0101 pahuhopu PAC e:<\/p>\n\n\n\n<ul class=\"wp-block-list\">\n<li>H\u0101\u02bbawi i ka \u02bbike \u02bboihana e ho\u02bbomaopopo i ke a\u02bbo \u02bbana i n\u0101 m\u0101kau \u02bbenehana haum\u0101na ma n\u0101 papahana a\u02bbo CTE a me n\u0101 k\u016blana \u02bboihana pili.<\/li>\n\n\n\n<li>E hana i n\u0101 pilina ma waena o ka \u02bboihana, ke kula ki\u02bbeki\u02bbe a me ke kula ki\u02bbeki\u02bbe.<\/li>\n\n\n\n<li>E ho\u02bbonui i ka \u02bboihana a me n\u0101 \u02bbike loea o n\u0101 kumu a\u02bbo CTE.<\/li>\n\n\n\n<li>H\u0101\u02bbawi i n\u0101 manawa hana no ka ho\u02bbokomo a me ke k\u016bk\u0101k\u016bk\u0101.<\/li>\n<\/ul>\n\n\n\n<h3 class=\"wp-block-heading\">N\u0101 Hui Haum\u0101na Hana Hana a me \u02bbenehana<\/h3>\n\n\n\n<figure class=\"wp-block-image alignright size-large is-resized\"><img loading=\"lazy\" decoding=\"async\" width=\"1024\" height=\"576\" src=\"https:\/\/hawaiipublicschools.org\/wp-content\/uploads\/2024\/12\/Career_Tech_Ed_edit-1024x576.jpg\" alt=\"High school student and teacher\/advisor at a robotics room\" class=\"wp-image-3655\" style=\"width:380px\" srcset=\"https:\/\/hawaiipublicschools.org\/wp-content\/uploads\/2024\/12\/Career_Tech_Ed_edit-1024x576.jpg 1024w, https:\/\/hawaiipublicschools.org\/wp-content\/uploads\/2024\/12\/Career_Tech_Ed_edit-300x169.jpg 300w, https:\/\/hawaiipublicschools.org\/wp-content\/uploads\/2024\/12\/Career_Tech_Ed_edit-768x432.jpg 768w, https:\/\/hawaiipublicschools.org\/wp-content\/uploads\/2024\/12\/Career_Tech_Ed_edit-18x10.jpg 18w, https:\/\/hawaiipublicschools.org\/wp-content\/uploads\/2024\/12\/Career_Tech_Ed_edit.jpg 1200w\" sizes=\"auto, (max-width: 1024px) 100vw, 1024px\" \/><\/figure>\n\n\n\n<p><a href=\"https:\/\/www.ctsos.org\/\" target=\"_blank\" rel=\"noreferrer noopener\">N\u0101 Hui Haum\u0101na Hana Hana a me \u02bbenehana (CTSO)<\/a> he mea nui ia o ka papa hana papa CTE a me ke a\u02bbo \u02bbana. Ho\u02bbomohala l\u0101kou i ka hana a me n\u0101 m\u0101kau hana ma o ka ho\u02bbopili \u02bbana i n\u0101 haum\u0101na i n\u0101 \u02bbike a\u02bbo i ho\u02bbohana \u02bbia.&nbsp;<\/p>\n\n\n\n<p>Ho\u02bbonui n\u0101 CTSO i ke a\u02bbo \u02bbana ma o ka h\u0101\u02bbawi \u02bbana i n\u0101 manawa no ke a\u02bbo \u02bbana i ka p\u014d\u02bbaiapili, ke alaka\u02bbi a me ka ho\u02bbomohala pilikino, a me ka noi honua maoli. Ma o n\u0101 hana, n\u0101 papahana a me n\u0101 hanana ho\u02bbok\u016bk\u016b, k\u014dkua n\u0101 CTSO i ke alaka\u02bbi \u02bbana i n\u0101 haum\u0101na i ke koho \u02bbana i kahi ala \u02bboihana a i \u02bbole papahana o ke a\u02bbo \u02bbana, a h\u0101\u02bbawi i n\u0101 manawa e loa\u02bba ai n\u0101 m\u0101kau a me n\u0101 m\u0101kaukau e pono ai ke k\u016ble\u02bba i k\u0113l\u0101 mau \u02bboihana. Eia kekahi, loa\u02bba i n\u0101 haum\u0101na n\u0101 manawa e pa\u02bba i n\u0101 k\u016blana alaka\u02bbi ma ka pae k\u016bloko, moku\u02bb\u0101ina a me ka pae \u02bb\u0101ina a hele i n\u0101 h\u0101l\u0101wai ho\u02bbomohala alaka\u02bbi e launa p\u016b me n\u0101 haum\u0101na \u02bb\u0113 a\u02bbe a me n\u0101 hoa hana a me n\u0101 \u02bboihana.<\/p>\n\n\n\n<p>He \u02bbelima CTSO i ka Moku\u02bb\u0101ina \u02bbo Hawai\u02bbi Moku\u02bb\u0101ina \u02bbOihana Ho\u02bbona\u02bbauao:<\/p>\n\n\n\n<ol class=\"wp-block-list\">\n<li><a href=\"https:\/\/www.deca.org\/\" data-type=\"link\" data-id=\"https:\/\/www.deca.org\/\">DEKA<\/a><\/li>\n\n\n\n<li><a href=\"https:\/\/fcclainc.org\/\" data-type=\"link\" data-id=\"https:\/\/fcclainc.org\/\">\u02bbOhana, \u02bboihana a me n\u0101 alaka\u02bbi kaiaulu o \u02bbAmelika (FCCLA)<\/a><\/li>\n\n\n\n<li><a href=\"https:\/\/www.ffa.org\/\" data-type=\"link\" data-id=\"https:\/\/www.ffa.org\/\">FFA (\u02bbike mua \u02bbia \u02bbo Future Farmers of America)<\/a><\/li>\n\n\n\n<li><a href=\"https:\/\/hosa.org\/\" data-type=\"link\" data-id=\"https:\/\/hosa.org\/\">HOSA - N\u0101 \u02bbOihana Ola e hiki mai ana<\/a><\/li>\n\n\n\n<li><a href=\"https:\/\/www.skillsusa.org\/\" data-type=\"link\" data-id=\"https:\/\/www.skillsusa.org\/\">SkillsUSA<\/a><\/li>\n<\/ol>\n\n\n\n<h3 class=\"wp-block-heading\">Hoolaha Makahiki<\/h3>\n\n\n\n<p>Ma mua o ka ho\u02bbomaka \u02bbana o k\u0113l\u0101 me k\u0113ia makahiki kula, pono i k\u0113l\u0101 me k\u0113ia kula ki\u02bbeki\u02bbe e h\u0101\u02bbawi ana i kahi papahana CTE e a\u02bbo i n\u0101 haum\u0101na, n\u0101 m\u0101kua, n\u0101 limahana a me ka lehulehu e h\u0101\u02bbawi \u02bbia n\u0101 manawa \u02bboihana \u0101pau me ka n\u0101n\u0101 \u02bbole i ka l\u0101hui, ka waiho\u02bbolu\u02bbu, ka l\u0101hui, ke k\u0101ne a me ke k\u012bn\u0101. \u02bbO k\u0113ia <a href=\"\/haw\/DOE%20Forms\/CTE\/AnnualNoticeCTE.pdf\/\" target=\"_blank\" rel=\"noreferrer noopener\">Hoolaha Makahiki (PDF)<\/a> unuhi \u02bbia i 14 mau \u02bb\u014dlelo like \u02bbole.<\/p>\n\n\n\n<h3 class=\"wp-block-heading\">N\u0101 kumuwaiwai pili i ka CTE<\/h3>\n\n\n\n<p>Ua pili k\u0113ia mau mea i ka ho\u02bbok\u014d CTE:&nbsp;<\/p>\n\n\n\n<h4 class=\"wp-block-heading\">Elementary Lesson Plans<\/h4>\n\n\n\n<p>The Department&#8217;s Office of Curriculum and Instructional Design, Career and Technical Education (CTE) program has created <a href=\"https:\/\/drive.google.com\/drive\/folders\/17KIcvilb608YhbiBTS40EgXeTf8DMVXV?usp=drive_link\" target=\"_blank\" rel=\"noreferrer noopener\">career-connected lesson plans<\/a> for use in elementary schools.<\/p>\n\n\n\n<h4 class=\"wp-block-heading\">Ho&#039;\u0101\u02bbo RIASEC no n\u0101 Ala Hana Hana<\/h4>\n\n\n\n<p>\u02bbO n\u0101 code RIASEC kahi ala e ho\u02bboka\u02bbawale ai i n\u0101 k\u0101naka e like me k\u0101 l\u0101kou makemake i hiki ke ho\u02bboh\u0101likelike \u02bbia me n\u0101 \u02bboihana k\u016bpono. Ua ho\u02bbomohala \u02bbia ka \u02bb\u014dnaehana e Dr. John L. Holland, he kanaka k\u0101lai\u02bbike ho\u02bbona\u02bbauao. Mana\u02bbo ka mana\u02bbo o Kauka Holland he \u02bbeono mau \u02bb\u0101pana \u0101kea e hiki ke ho\u02bboka\u02bbawale \u02bbia n\u0101 \u02bboihana \u0101pau. Hiki ke ho\u02bbohana \u02bbia k\u0113ia mau wahi \u02bbeono e wehewehe i n\u0101 k\u0101naka, ko l\u0101kou \u02bbano a me ko l\u0101kou makemake. No ka la\u02bbana, \u02bbo n\u0101 \u02bboihana &quot;K\u016bkulu&quot; n\u0101 mea e pili ana i ka hana \u02bbana me n\u0101 mea hana a i \u02bbole n\u0101 m\u012bkini (e la\u02bba, ke kaman\u0101, mechanic a i \u02bbole ka mokulele mokulele). \u02bbO ka po\u02bbe me ka makemake o ke k\u016bkulu \u02bbana, makemake l\u0101kou e hana me ko l\u0101kou mau lima a me ka hana \u02bbana i kahi huahana maoli.<br>Hiki i n\u0101 kula a me n\u0101 k\u0101naka ke ho\u02bbohana i ka <a href=\"\/haw\/DOE%20Forms\/CTE\/RIASEC.pdf\/\" target=\"_blank\" rel=\"noreferrer noopener\">Ho\u02bb\u0101\u02bbo RIASEC (PDF)<\/a> me ka \u02bbae \u02bbole mai ka \u02bbOihana, in\u0101 l\u0101kou e ho\u02bbohana ana i ka kumuwaiwai no n\u0101 kumu ho\u02bbona\u02bbauao.<\/p>\n\n\n\n<h4 class=\"wp-block-heading\">Hawai\u02bbi Academies<\/h4>\n\n\n\n<p><a href=\"https:\/\/www.hawaiiacademies.net\/\">Hawai\u02bbi Academies<\/a> provide systematic support to meet HIDOE&#8217;s vision and mission by expanding Smaller Learning Communities (SLCs) in Hawai\u02bbi to prepare all students for college and careers. Learn more about member schools and the career academy themes they are designed around by clicking on the header.<\/p>\n\n\n\n<h4 class=\"wp-block-heading\">Hawai\u02bbi Career Explorer<\/h4>\n\n\n\n<p><a href=\"https:\/\/careerexplorer.hawaii.edu\" target=\"_blank\" rel=\"noreferrer noopener\">Hawai\u02bbi Career Explorer<\/a> is an online tool from the University of Hawai\u02bbi Community College System that provides information on the credits, certificates and degrees that are available related to various careers.<\/p>\n\n\n\n<h4 class=\"wp-block-heading\">Hui Ho\u02bbona\u02bbauao o n\u0101 Luna Ho\u02bboka\u02bbawale \u02bb\u014dpio (JROTC)<\/h4>\n\n\n\n<p>\u02bbO ka <a href=\"https:\/\/www.hmsu-jrotc.k12.hi.us\/\" target=\"_blank\" rel=\"noreferrer noopener\">Hui Ho\u02bbona\u02bbauao o n\u0101 Luna Ho\u02bboka\u02bbawale \u02bb\u014dpio (JROTC)<\/a> he papahana koho CTE \u02bbeh\u0101 makahiki o ke a\u02bbo \u02bbana i ka\u02bbana like \u02bbia e ka US Army, Navy, Air Force a me Marine Corps. \u02bbElua mau papa JROTC e ho\u02bbok\u014d i n\u0101 koi \u02bbelua \u02bbai\u02bb\u0113 CTE no kahi diploma kula ki\u02bbeki\u02bbe.&nbsp;<\/p>\n\n\n\n<p>Ho\u02bbol\u0101l\u0101 \u02bbia ka ha\u02bbawina no ke a\u02bbo \u02bbana i n\u0101 haum\u0101na kula ki\u02bbeki\u02bbe i ka waiwai o ke kama\u02bb\u0101ina, ke alaka\u02bbi, ke kuleana pilikino a me ka hui p\u016b \u02bbana, \u02bboiai e ho\u02bboulu i ka mana\u02bbo pono\u02bb\u012b, ka ho\u02bbopa\u02bbi \u02bbana a me ka mana\u02bbo o ka ho\u02bbok\u014d. Loa\u02bba n\u0101 cadets JROTC i ke k\u016blana ki\u02bbeki\u02bbe i ke komo \u02bbana i kekahi l\u0101l\u0101 o ka p\u016b\u02bbali koa, a me n\u0101 manawa ki\u02bbeki\u02bbe no ke koho \u02bbana i ke kula federal\/military academy a me n\u0101 ha\u02bbawina kula ROTC. \u02bbA\u02bbole e loa\u02bba i n\u0101 cadets kekahi kuleana koa i ka pau \u02bbana o ka papahana.<\/p>\n\n\n\n<p>He lawelawe \u02bbo JROTC i ko m\u0101kou l\u0101hui, \u02bbo ia ka mea e h\u0101\u02bbawi ai i n\u0101 cadets i ka ho\u02bboikaika a me n\u0101 m\u0101kaukau e ho\u02bbomaika\u02bbi i ke olakino kino, noho i ka l\u0101\u02bbau lapa\u02bbau \u02bbole, no\u02bbono\u02bbo ko\u02bbiko\u02bbi a me ka no\u02bbono\u02bbo, kama\u02bbilio maika\u02bbi, hana ma ke \u02bbano he l\u0101l\u0101, puka mai ke kula ki\u02bbeki\u02bbe, e \u02bbimi i n\u0101 \u02bboihana ko\u02bbiko\u02bbi, a lilo i makaainana holomua.&nbsp;<\/p>\n\n\n\n<p>No ka \u02bbike hou aku, e kelepona i\u0101 LTC (ret.) <a href=\"mailto:edgardo.rivera@k12.hi.us\">Edgar Rivera<\/a>.<\/p>\n\n\n\n<p><\/p>\n\n\n\n<p><\/p>","protected":false},"excerpt":{"rendered":"<p>Career and Technical Education (CTE) affords opportunities to all students interested in acquiring the academic, technical and employability skills necessary to succeed in post-high school education and\/or high-demand careers. We envision a sustainable future in which Hawai\u02bbi graduates can live and thrive in Hawai\u02bbi by being prepared to succeed in high-skill, high-wage and high-demand occupations. [&hellip;]<\/p>","protected":false},"author":13,"featured_media":0,"parent":25,"menu_order":14,"comment_status":"closed","ping_status":"closed","template":"","meta":{"_relevanssi_hide_post":"","_relevanssi_hide_content":"","_relevanssi_pin_for_all":"","_relevanssi_pin_keywords":"","_relevanssi_unpin_keywords":"","_relevanssi_related_keywords":"","_relevanssi_related_include_ids":"","_relevanssi_related_exclude_ids":"","_relevanssi_related_no_append":"","_relevanssi_related_not_related":"","_relevanssi_related_posts":"9953,8795,10020,16644,15932,14258","_relevanssi_noindex_reason":"","_sitemap_exclude":false,"_sitemap_priority":"","_sitemap_frequency":"","_kad_blocks_custom_css":"","_kad_blocks_head_custom_js":"","_kad_blocks_body_custom_js":"","_kad_blocks_footer_custom_js":"","wp_popup_display_lightbox":0,"wp_popup_suppress":"","wp_popup_trigger":"","wp_popup_trigger_amount":0,"wp_popup_disable_on_mobile":false,"footnotes":""},"class_list":["post-859","page","type-page","status-publish","hentry"],"pp_statuses_selecting_workflow":false,"pp_workflow_action":"current","pp_status_selection":"publish","taxonomy_info":[],"featured_image_src_large":false,"author_info":{"display_name":"Sara Miyazono","author_link":"https:\/\/hawaiipublicschools.org\/haw\/author\/sara-miyazonok12-hi-us\/"},"comment_info":0,"publishpress_future_action":{"enabled":false,"date":"2026-04-28 06:56:56","action":"change-status","newStatus":"draft","terms":[],"taxonomy":"","extraData":[]},"publishpress_future_workflow_manual_trigger":{"enabledWorkflows":[]},"_links":{"self":[{"href":"https:\/\/hawaiipublicschools.org\/haw\/wp-json\/wp\/v2\/pages\/859","targetHints":{"allow":["GET"]}}],"collection":[{"href":"https:\/\/hawaiipublicschools.org\/haw\/wp-json\/wp\/v2\/pages"}],"about":[{"href":"https:\/\/hawaiipublicschools.org\/haw\/wp-json\/wp\/v2\/types\/page"}],"author":[{"embeddable":true,"href":"https:\/\/hawaiipublicschools.org\/haw\/wp-json\/wp\/v2\/users\/13"}],"replies":[{"embeddable":true,"href":"https:\/\/hawaiipublicschools.org\/haw\/wp-json\/wp\/v2\/comments?post=859"}],"version-history":[{"count":2,"href":"https:\/\/hawaiipublicschools.org\/haw\/wp-json\/wp\/v2\/pages\/859\/revisions"}],"predecessor-version":[{"id":18779,"href":"https:\/\/hawaiipublicschools.org\/haw\/wp-json\/wp\/v2\/pages\/859\/revisions\/18779"}],"up":[{"embeddable":true,"href":"https:\/\/hawaiipublicschools.org\/haw\/wp-json\/wp\/v2\/pages\/25"}],"wp:attachment":[{"href":"https:\/\/hawaiipublicschools.org\/haw\/wp-json\/wp\/v2\/media?parent=859"}],"curies":[{"name":"wp","href":"https:\/\/api.w.org\/{rel}","templated":true}]}}