{"id":8210,"date":"2025-02-11T13:11:40","date_gmt":"2025-02-11T23:11:40","guid":{"rendered":"https:\/\/hawaiipublicschools.org\/?page_id=8210"},"modified":"2025-10-06T15:49:38","modified_gmt":"2025-10-07T01:49:38","slug":"attendance","status":"publish","type":"page","link":"https:\/\/hawaiipublicschools.org\/haw\/student-programs\/attendance\/","title":{"rendered":"Ka hele ana"},"content":{"rendered":"<p>Regular school attendance is a cornerstone of a thriving community.&nbsp;Businesses depend on reliable workforces, governments on engaged citizens, and communities on active participants. Success&nbsp;requires a collective effort from everyone&nbsp;&#8211;&nbsp;schools, families, community groups, cultural leaders, faith-based organizations and&nbsp;businesses. <\/p>\n\n\n\n<p><\/p>\n\n\n\n<p>Students who consistently attend school are more likely to achieve academic excellence, develop strong social skills, and cultivate a lifelong love of learning. By being present in the classroom, students gain access to a world of knowledge, build meaningful connections with peers and teachers, and develop the confidence to reach their full potential. But, we cannot do it alone. It is a collaborative effort by both family and school to get students to school.<\/p>\n\n\n\n<h2 class=\"wp-block-heading\">He aha k\u0101 m\u0101kou e hana ai e ho\u02bbokomo i n\u0101 haum\u0101na i ke kula<\/h2>\n\n\n\n<p>Ke hana nei ka &#039;Oihana a me n\u0101 kumu a\u02bbo ho\u02bbola\u02bba i kahi \u02bboko\u02bba me n\u0101 hana i ho\u02bbopa\u02bba \u02bbia, n\u0101 ala ho\u02bbokele \u02bbikepili, ka ho\u02bbopili maika\u02bbi \u02bbana, n\u0101 \u02bbolu\u02bbolu no\u02bbono\u02bbo, a me n\u0101 pilina pili.<\/p>\n\n\n\n<p><strong>HMTSS i ka hana:<\/strong>\u00a0Hawai\u02bbi&#8217;s Multi-Tiered System of Support is actively identifying and supporting students at-risk of not meeting regular attendance indicators through data strategies and interventions.<\/p>\n\n\n\n<p><strong>\u02bbAno maika\u02bbi o ke kula:<\/strong>&nbsp;Ke ho\u02bbok\u014d \u02bbia nei ke k\u0101ko\u02bbo \u02bbana i ke \u02bbano maika\u02bbi a me n\u0101 hana ho\u02bbiho\u02bbi hou no ka ho\u02bbokumu \u02bbana i n\u0101 kaiapuni kula ho\u02bbokipa e paipai i ka hele mau.<\/p>\n\n\n\n<p><strong>Alahaka \u02bb\u014clelo a mo\u02bbomeheu:<\/strong>&nbsp;Ke ho\u02bbopili pololei nei n\u0101 Kokua Home Kula \u02bb\u014clelo Bilingual i n\u0101 \u02bbohana i n\u0101 k\u016bk\u0101k\u016bk\u0101 pili mo\u02bbomeheu e pili ana i ke ko\u02bbiko\u02bbi o ka hele mau \u02bbana i ke kula.<\/p>\n\n\n\n<p><strong>Hale &amp; Ho\u02bbona\u02bbauao:<\/strong>&nbsp;H\u0101\u02bbawi ka papahana Education for Homeless Children and Youth i ke k\u0101ko\u02bbo ho\u02bbola\u02bba a me n\u0101 kumuwaiwai no ka hele \u02bbana i n\u0101 pale e k\u016b nei n\u0101 haum\u0101na e loa\u02bba ana i ka home \u02bbole.&nbsp;<\/p>\n\n\n\n<p><strong>Ka maika\u02bbi:<\/strong>&nbsp;&#8220;<a href=\"https:\/\/heretohelphidoe.com\">Eia e kokua<\/a>&#8221; supports attendance by equipping students with essential mental health literacy and provides accessible tools and support from trained staff.&nbsp;<\/p>\n\n\n\n<p><strong>Ola Haumana:&nbsp;<\/strong>Ke ho\u02bbonui nei ka M\u0101hele Ola Haum\u0101na i ke komo \u02bbana i ka m\u0101lama ola kino a me ka ho\u02bbokumu \u02bbana i kahi kula olakino maika\u02bbi e ho\u02bboponopono i n\u0101 pilikia olakino e pili ana i ka hele \u02bbana o n\u0101 haum\u0101na.&nbsp;&nbsp;<\/p>\n\n\n\n<h2 class=\"wp-block-heading\">he aha k\u0101u e hana ai e ho\u02bbokomo i k\u0101u haum\u0101na i ke kula<\/h2>\n\n\n\n<p>Eia kekahi mau \u02bb\u014dlelo a\u02bboa\u02bbo e k\u0101ko\u02bbo i ka huaka\u02bbi hele \u02bbana o kou \u02bbohana.<\/p>\n\n\n\n<p><strong>E ho\u02bbonohonoho i n\u0101 mana\u02bbo maopopo:<\/strong>&nbsp;E ho\u02bbokumu i ka mana\u02bbo \u02bbohana he mea nui ka hele \u02bbana i ke kula, e like me n\u0101 hana ko\u02bbiko\u02bbi \u02bb\u0113 a\u02bbe.<\/p>\n\n\n\n<p><strong>E ho\u02bbokumu i n\u0101 hana ma\u02bbamau:&nbsp;<\/strong>E hana i kahi hana ma\u02bbamau e moe ai e ho\u02bbomaha maika\u02bbi n\u0101 keiki no ke kula a ho\u02bbom\u0101kaukau i n\u0101 lako kula a me n\u0101 lole i ka p\u014d ma mua e h\u014d\u02bbemi i ke kaumaha o ke kakahiaka.<\/p>\n\n\n\n<p><strong>K\u016bk\u0101k\u016bk\u0101 wehe:&nbsp;<\/strong>E ho\u02bbomau i ka launa p\u016b me n\u0101 kumu a me n\u0101 luna kula. Mai ho\u02bboka\u02bbulua e noi i ke k\u014dkua in\u0101 \u02bboe e k\u016b nei i n\u0101 pilikia e pili ana i ka hele \u02bbana.<\/p>\n\n\n\n<p><strong>Ho\u02bboponopono i n\u0101 pilikia olakino:&nbsp;<\/strong>E ho\u02bbol\u0101l\u0101 i kahi ho\u02bbol\u0101l\u0101 me n\u0101 mea m\u0101lama ola e m\u0101lama i n\u0101 ma\u02bbi ma\u02bbi a h\u014d\u02bbemi i ka hele \u02bbole.<\/p>\n\n\n\n<p><strong>Ka\u02bbahele:<\/strong>&nbsp;E h\u014d\u02bboia i ka lawe pono \u02bbana i ke kula.<\/p>\n\n\n\n<p><strong>W\u0101 \u02bbohana:<\/strong>&nbsp;E ho\u02bbol\u0101l\u0101 i n\u0101 hana le\u02bbale\u02bba \u02bbohana i n\u0101 l\u0101 \u02bba\u02bbohe kula e makemake nui ai ka hele \u02bbana.<\/p>\n\n\n\n<p><strong>E ho\u02bbopa\u02bba i n\u0101 pahuhopu:&nbsp;<\/strong>E k\u014dkua i k\u0101u keiki e ho\u02bbonohonoho i n\u0101 pahuhopu hele a n\u0101n\u0101 i ko l\u0101kou holomua.<\/p>\n\n\n\n<p><strong>Paipai i ke kuleana:<\/strong>&nbsp;K\u016bk\u0101k\u016bk\u0101 i n\u0101 hopena o ka nele i ke kula a me ke ko\u02bbiko\u02bbi o ke kuleana.<\/p>\n\n\n\n<p><strong>E ho\u02bbomana\u02bbo:&nbsp;<\/strong>\u02bbO ke kama\u02bbilio k\u016bpa\u02bba a me ke k\u0101ko\u02bbo me ke kula ke k\u012b i ka ho\u02bboponopono pono \u02bbana i n\u0101 pilikia hele. In\u0101 \u02bboe e alo nei i n\u0101 pilikia ko\u02bbiko\u02bbi, mai ho\u02bboka\u02bbulua e \u02bbimi i ke k\u0101ko\u02bbo hou mai n\u0101 k\u0101k\u0101\u02bb\u014dlelo kula, n\u0101 limahana hana, a i \u02bbole n\u0101 hui kaiaulu.<\/p>","protected":false},"excerpt":{"rendered":"<p>Regular school attendance is a cornerstone of a thriving community.&nbsp;Businesses depend on reliable workforces, governments on engaged citizens, and communities on active participants. Success&nbsp;requires a collective effort from everyone&nbsp;&#8211;&nbsp;schools, families, community groups, cultural leaders, faith-based organizations and&nbsp;businesses. Students who consistently attend school are more likely to achieve academic excellence, develop strong social skills, and cultivate [&hellip;]<\/p>","protected":false},"author":13,"featured_media":0,"parent":77,"menu_order":0,"comment_status":"closed","ping_status":"closed","template":"","meta":{"_relevanssi_hide_post":"","_relevanssi_hide_content":"","_relevanssi_pin_for_all":"","_relevanssi_pin_keywords":"","_relevanssi_unpin_keywords":"","_relevanssi_related_keywords":"","_relevanssi_related_include_ids":"","_relevanssi_related_exclude_ids":"","_relevanssi_related_no_append":"","_relevanssi_related_not_related":"","_relevanssi_related_posts":"","_relevanssi_noindex_reason":"","_sitemap_exclude":false,"_sitemap_priority":"","_sitemap_frequency":"","_kad_blocks_custom_css":"","_kad_blocks_head_custom_js":"","_kad_blocks_body_custom_js":"","_kad_blocks_footer_custom_js":"","wp_popup_display_lightbox":0,"wp_popup_suppress":"","wp_popup_trigger":"","wp_popup_trigger_amount":0,"wp_popup_disable_on_mobile":false,"footnotes":""},"class_list":["post-8210","page","type-page","status-publish","hentry"],"pp_statuses_selecting_workflow":false,"pp_workflow_action":"current","pp_status_selection":"publish","taxonomy_info":[],"featured_image_src_large":false,"author_info":{"display_name":"Sara Miyazono","author_link":"https:\/\/hawaiipublicschools.org\/haw\/author\/sara-miyazonok12-hi-us\/"},"comment_info":0,"publishpress_future_action":{"enabled":false,"date":"2026-04-13 01:38:16","action":"change-status","newStatus":"draft","terms":[],"taxonomy":"","extraData":[]},"publishpress_future_workflow_manual_trigger":{"enabledWorkflows":[]},"_links":{"self":[{"href":"https:\/\/hawaiipublicschools.org\/haw\/wp-json\/wp\/v2\/pages\/8210","targetHints":{"allow":["GET"]}}],"collection":[{"href":"https:\/\/hawaiipublicschools.org\/haw\/wp-json\/wp\/v2\/pages"}],"about":[{"href":"https:\/\/hawaiipublicschools.org\/haw\/wp-json\/wp\/v2\/types\/page"}],"author":[{"embeddable":true,"href":"https:\/\/hawaiipublicschools.org\/haw\/wp-json\/wp\/v2\/users\/13"}],"replies":[{"embeddable":true,"href":"https:\/\/hawaiipublicschools.org\/haw\/wp-json\/wp\/v2\/comments?post=8210"}],"version-history":[{"count":0,"href":"https:\/\/hawaiipublicschools.org\/haw\/wp-json\/wp\/v2\/pages\/8210\/revisions"}],"up":[{"embeddable":true,"href":"https:\/\/hawaiipublicschools.org\/haw\/wp-json\/wp\/v2\/pages\/77"}],"wp:attachment":[{"href":"https:\/\/hawaiipublicschools.org\/haw\/wp-json\/wp\/v2\/media?parent=8210"}],"curies":[{"name":"wp","href":"https:\/\/api.w.org\/{rel}","templated":true}]}}