{"id":82,"date":"2025-03-27T09:19:47","date_gmt":"2025-03-27T19:19:47","guid":{"rendered":"https:\/\/hawaiipublicschools.org\/?page_id=82"},"modified":"2025-03-27T09:19:47","modified_gmt":"2025-03-27T19:19:47","slug":"athletics","status":"publish","type":"page","link":"https:\/\/hawaiipublicschools.org\/haw\/student-programs\/athletics\/","title":{"rendered":"\u02bbAlepale"},"content":{"rendered":"<h2 class=\"wp-block-heading\">\u02bbAlepale Interscholastic<\/h2>\n\n\n\n<p>H\u0101\u02bbawi ha\u02bbaheo ka &#039;Oihana i n\u0101 ha\u02bbuki interscholastic 21 i k\u0113l\u0101 me k\u0113ia makahiki kula, e h\u0101\u02bbawi ana i n\u0101 haum\u0101na i ka manawa k\u016bpono e pani i k\u0101 l\u0101kou mau kula aupuni a ho\u02bbomohala i n\u0101 m\u0101kau ola waiwai ma o ka ho\u02bbok\u016bk\u016b ha\u02bbuki. Ke komo nei k\u0113ia mau hui ma ke \u02bbano he \u02bb\u0101pana o ka <a href=\"https:\/\/www.sportshigh.com\/\" target=\"_blank\" rel=\"noreferrer noopener\">\u02bbAhahui \u02bbAlepa o ke kula ki\u02bbeki\u02bbe o Hawai\u02bbi<\/a> (HHSAA), e ho\u02bbok\u00fbk\u00fb ana i n\u00e2 liiki pili i k\u0113l\u0101 me k\u0113ia mokupuni: ka Big Island Interscholastic Federation, Kaua\u02bbi Interscholastic Federation, Maui Interscholastic League, a me ka O\u02bbahu Interscholastic Association.<\/p>\n\n\n\n<p>Ma ke k\u0101ko\u02bbo \u02bbana i ka hana hui, ka ho\u02bbopa\u02bbi \u02bbana, a me ka \u02bbuhane o ke kula, \u02bbo k\u0101 m\u0101kou papahana ha\u02bbuki interscholastic he kuleana ko\u02bbiko\u02bbi i ka ho\u02bbokumu \u02bbana i ka holomua o n\u0101 haum\u0101na ma waho a ma waho o ke kula.<\/p>\n\n\n\n<div class=\"wp-block-columns is-layout-flex wp-container-core-columns-is-layout-28f84493 wp-block-columns-is-layout-flex\">\n<div class=\"wp-block-column is-layout-flow wp-block-column-is-layout-flow\" style=\"flex-basis:33.33%\"><\/div>\n\n\n\n<div class=\"wp-block-column is-layout-flow wp-block-column-is-layout-flow\" style=\"flex-basis:66.66%\"><\/div>\n<\/div>\n\n\n\n<div class=\"wp-block-columns is-layout-flex wp-container-core-columns-is-layout-28f84493 wp-block-columns-is-layout-flex\">\n<div class=\"wp-block-column is-layout-flow wp-block-column-is-layout-flow\">\n<p><strong>H\u0101\u02bbale\u02bba keikik\u0101ne<\/strong><\/p>\n\n\n\n<ul class=\"wp-block-list\">\n<li>Lewa Raifela<\/li>\n\n\n\n<li>kinip\u014dp\u014d p\u014d\u02bbale\u02bba<\/li>\n\n\n\n<li>\u02bbO ka p\u014dloli<\/li>\n\n\n\n<li>Ka hoe wa&#039;a<\/li>\n\n\n\n<li>Kea \u02bb\u0101ina<\/li>\n<\/ul>\n<\/div>\n\n\n\n<div class=\"wp-block-column is-layout-flow wp-block-column-is-layout-flow\">\n<ul class=\"wp-block-list\">\n<li>Lu\u02bbu<\/li>\n\n\n\n<li>P\u014dpeku<\/li>\n\n\n\n<li>Kolepa<\/li>\n\n\n\n<li>Judo<\/li>\n\n\n\n<li>P\u014dpeku<\/li>\n\n\n\n<li>Tennis palupalu<\/li>\n<\/ul>\n<\/div>\n\n\n\n<div class=\"wp-block-column is-layout-flow wp-block-column-is-layout-flow\">\n<ul class=\"wp-block-list\">\n<li>He\u02bbenalu<\/li>\n\n\n\n<li>\u02bbau\u02bbau<\/li>\n\n\n\n<li>Tennis<\/li>\n\n\n\n<li>Track &amp; Field<\/li>\n\n\n\n<li>P\u014dpa\u02bbipa\u02bbi<\/li>\n\n\n\n<li>mokomoko<\/li>\n<\/ul>\n<\/div>\n<\/div>\n\n\n\n<hr class=\"wp-block-separator has-alpha-channel-opacity is-style-wide\" style=\"margin-top:var(--wp--preset--spacing--20);margin-bottom:var(--wp--preset--spacing--20)\" \/>\n\n\n\n<div class=\"wp-block-columns is-layout-flex wp-container-core-columns-is-layout-ec2e7a44 wp-block-columns-is-layout-flex\" style=\"padding-top:0;padding-bottom:0\">\n<div class=\"wp-block-column is-layout-flow wp-block-column-is-layout-flow\" style=\"padding-top:0;padding-bottom:0\">\n<p><strong>H\u0101\u02bbalo n\u0101 kaikam\u0101hine<\/strong><\/p>\n\n\n\n<ul class=\"wp-block-list\">\n<li>Lewa Raifela<\/li>\n\n\n\n<li>kinip\u014dp\u014d p\u014d\u02bbale\u02bba<\/li>\n\n\n\n<li>\u02bbO ka p\u014dloli<\/li>\n\n\n\n<li>Ka hoe wa&#039;a<\/li>\n\n\n\n<li>Kea \u02bb\u0101ina<\/li>\n<\/ul>\n<\/div>\n\n\n\n<div class=\"wp-block-column is-layout-flow wp-block-column-is-layout-flow\">\n<ul class=\"wp-block-list\">\n<li>Lu\u02bbu<\/li>\n\n\n\n<li>P\u014dpeku Hae<\/li>\n\n\n\n<li>Kolepa<\/li>\n\n\n\n<li>Judo<\/li>\n\n\n\n<li>P\u014dpeku<\/li>\n\n\n\n<li>Popepepa<\/li>\n\n\n\n<li>Tennis palupalu<\/li>\n<\/ul>\n<\/div>\n\n\n\n<div class=\"wp-block-column is-layout-flow wp-block-column-is-layout-flow\">\n<ul class=\"wp-block-list\">\n<li>He\u02bbenalu<\/li>\n\n\n\n<li>\u02bbau\u02bbau<\/li>\n\n\n\n<li>Tennis<\/li>\n\n\n\n<li>Track &amp; Field<\/li>\n\n\n\n<li>P\u014dpa\u02bbipa\u02bbi<\/li>\n\n\n\n<li>Polo wai<\/li>\n\n\n\n<li>mokomoko<\/li>\n<\/ul>\n<\/div>\n<\/div>\n\n\n\n<hr class=\"wp-block-separator has-alpha-channel-opacity is-style-wide\" style=\"margin-top:var(--wp--preset--spacing--20);margin-bottom:var(--wp--preset--spacing--20)\" \/>\n\n\n\n<div class=\"wp-block-columns is-layout-flex wp-container-core-columns-is-layout-28f84493 wp-block-columns-is-layout-flex\">\n<div class=\"wp-block-column is-layout-flow wp-block-column-is-layout-flow\">\n<p><strong>COED Ha\u02bbuki<\/strong><\/p>\n\n\n\n<ul class=\"wp-block-list\">\n<li>Baseball<\/li>\n\n\n\n<li>Ho\u02bbohau\u02bboli<\/li>\n\n\n\n<li>P\u014dpeku<\/li>\n<\/ul>\n<\/div>\n<\/div>\n\n\n\n<h2 class=\"wp-block-heading\">\u02bbAlepa K\u016bwaena<\/h2>\n\n\n\n<p>\u02bbO ka <a href=\"https:\/\/www.reachouthawaii.org\/\" data-type=\"link\" data-id=\"https:\/\/www.reachouthawaii.org\/\">REACH<\/a> Ke k\u0101ko\u02bbo mau nei ka papahana i k\u0113ia mau ha\u02bbuki a me n\u0101 hana ho\u02bboikaika kino:<\/p>\n\n\n\n<div class=\"wp-block-columns is-layout-flex wp-container-core-columns-is-layout-65eef5bf wp-block-columns-is-layout-flex\">\n<div class=\"wp-block-column is-layout-flow wp-block-column-is-layout-flow\">\n<ul class=\"wp-block-list\">\n<li>Panapana<\/li>\n\n\n\n<li>Baseball<\/li>\n\n\n\n<li>kinip\u014dp\u014d p\u014d\u02bbale\u02bba<\/li>\n\n\n\n<li>\u02bbO ka p\u014dloli<\/li>\n\n\n\n<li>Hau\u02bboli<\/li>\n<\/ul>\n<\/div>\n\n\n\n<div class=\"wp-block-column is-layout-flow wp-block-column-is-layout-flow\">\n<ul class=\"wp-block-list\">\n<li>Kea \u02bb\u0101ina<\/li>\n\n\n\n<li>Hulahula<\/li>\n\n\n\n<li>P\u014dpeku<\/li>\n\n\n\n<li>Futsal<\/li>\n\n\n\n<li>Kolepa<\/li>\n<\/ul>\n<\/div>\n\n\n\n<div class=\"wp-block-column is-layout-flow wp-block-column-is-layout-flow\">\n<ul class=\"wp-block-list\">\n<li>P\u014dpeku<\/li>\n\n\n\n<li>Track and Field<\/li>\n\n\n\n<li>P\u014dpa\u02bbipa\u02bbi<\/li>\n\n\n\n<li>mokomoko<\/li>\n\n\n\n<li>Yoga<\/li>\n<\/ul>\n<\/div>\n<\/div>\n\n\n\n<p><\/p>\n\n\n\n<p>Pono ka ho\u02bbok\u014d me ka \u02bbike concussion no n\u0101 ha\u02bbuki waena a me waena. E kipa i ka REACH <a href=\"https:\/\/hcamp.info\/reach\" target=\"_blank\" rel=\"noreferrer noopener\">HCAMP BRAINSPACE<\/a> punaewele e a\u02bbo hou e pili ana i ka Hawaii Concussion Awareness and Management Program (HCAMP).<\/p>\n\n\n\n<h2 class=\"wp-block-heading\">N\u0101 mea ho\u02bboma\u02bbama\u02bba m\u0101lama ola kino<\/h2>\n\n\n\n<p>H\u0101\u02bbawi ka papahana &#039;Athletic Health Care Trainers (AHCT)&#039; o ka &#039;Oihana i ka pale \u02bbana i ka \u02bbeha, \u02bbike, loiloi, h\u014d\u02bbeha a i \u02bbole ka ma\u02bbi i kuhikuhi \u02bbia, loiloi hope, ho\u02bboponopono hou, ho\u02bbona\u02bbauao a a\u02bbo \u02bbana i n\u0101 haum\u0101na kula ki\u02bbeki\u02bbe a me n\u0101 haum\u0101na ha\u02bbuki. Ho\u02bbopi\u02bbi \u02bbia ka papahana me ka lawelawe \u02bbana i ka Polokalamu Ho\u02bbokele Concussion Management (CMP).<\/p>\n\n\n\n<h3 class=\"wp-block-heading\">Papahana Ho\u02bboponopono K\u016blohelohe<\/h3>\n\n\n\n<p>Na ka AHCT&#039;s Concussion Management Program e h\u014d\u02bboia i n\u0101 haum\u0101na ha\u02bbuki e ho\u02bbi i ka ha\u02bbuki me ka palekana. Ho\u02bboponopono \u02bbia e n\u0101 lula a me n\u0101 alaka\u02bbi i ho\u02bbonohonoho \u02bbia e ka&nbsp;<a target=\"_blank\" href=\"http:\/\/www.nfhs.org\/\" rel=\"noreferrer noopener\">Hui P\u016b \u02bbIa o ke Kula Ki\u02bbeki\u02bbe Moku\u02bb\u0101ina (NFHS)<\/a>&nbsp;a&nbsp;<a href=\"https:\/\/hawaiipublicschools.org\/haw\/DOE%20Forms\/Athletics\/Concussion_ACT_197.pdf\/\" target=\"_blank\" rel=\"noreferrer noopener\">Kanawai Hawaii<\/a>&nbsp;(Act 197 Relating to Concussions).<\/p>\n\n\n\n<figure class=\"wp-block-image alignleft size-full is-resized\"><img loading=\"lazy\" decoding=\"async\" width=\"1200\" height=\"800\" src=\"https:\/\/hawaiipublicschools.org\/wp-content\/uploads\/2024\/12\/HIDOE_Athletics.jpg\" alt=\"\" class=\"wp-image-2552\" style=\"width:440px\" srcset=\"https:\/\/hawaiipublicschools.org\/wp-content\/uploads\/2024\/12\/HIDOE_Athletics.jpg 1200w, https:\/\/hawaiipublicschools.org\/wp-content\/uploads\/2024\/12\/HIDOE_Athletics-300x200.jpg 300w, https:\/\/hawaiipublicschools.org\/wp-content\/uploads\/2024\/12\/HIDOE_Athletics-1024x683.jpg 1024w, https:\/\/hawaiipublicschools.org\/wp-content\/uploads\/2024\/12\/HIDOE_Athletics-768x512.jpg 768w, https:\/\/hawaiipublicschools.org\/wp-content\/uploads\/2024\/12\/HIDOE_Athletics-18x12.jpg 18w\" sizes=\"auto, (max-width: 1200px) 100vw, 1200px\" \/><\/figure>\n\n\n\n<p>\u02bbO n\u0101 haum\u0101na ha\u02bbuki a pau o ka papa 9 a me 11 e komo ana i ka h\u0101\u02bbule \u02bbana a me ka pili \u02bbana i n\u0101 ha\u02bbuki a me n\u0101 mea ha\u02bbuki haum\u0101na papa 10 a me 12 e komo ana i ka hui \u02bbana a me ka ho\u02bbopili \u02bbana i n\u0101 ha\u02bbuki no ka manawa mua e lawelawe \u02bbia i n\u0101 loiloi kumu (i wehewehe \u02bbia ma lalo) e h\u0101\u02bbawi i ke kula ki\u02bbeki\u02bbe AHCT a me ka haum\u0101na. ke kauka m\u0101lama mua o ka &#039;\u00e2lapa me ka &#039;ike kiko&#039;\u012b e ho&#039;oh\u0101likelike i ka &#039;eha ma mua a ma hope.<\/p>\n\n\n\n<ul class=\"wp-block-list\">\n<li>Ka helu helu kumu papa inoa h\u014d\u02bbailona h\u014d\u02bbailona<\/li>\n\n\n\n<li>\u02bbO ka loiloi k\u016blana kumu no\u02bbono\u02bbo (Immediate Post-Concussion Assessment and Cognitive Test (ImPACT) a i \u02bbole Standard Assessment of Concussion (SAC))<\/li>\n\n\n\n<li>\u02bbO ka loiloi kumu o ka Postural Stability<\/li>\n<\/ul>\n\n\n\n<p>Ma hope o ka lawe \u02bbana o ka mea ha\u02bbuki haum\u0101na i n\u0101 loiloi k\u016blana no\u02bbono\u02bbo, e hui p\u016b ka AHCT me ke kauka o ka haum\u0101na ha\u02bbuki a\/a i \u02bbole kekahi neuropsychologist e ho\u02bboholo in\u0101 m\u0101kaukau ka haum\u0101na ha\u02bbuki e ho\u02bbomaka i kahi Ho\u02bbi i ka Ho\u02bbol\u0101l\u0101 Hana (e \u02bbike i lalo). M\u0101lama k\u0113ia \u02bbano hui i ke olakino a me ka palekana o k\u0113l\u0101 me k\u0113ia ha\u02bbuki haum\u0101na concussed.<\/p>\n\n\n\n<h3 class=\"wp-block-heading\">E ho\u02bbi i ka ho\u02bbol\u0101l\u0101 hana (RAP) a i \u02bbole e ho\u02bbi i ka p\u0101\u02bbani (RTP)<\/h3>\n\n\n\n<ul class=\"wp-block-list\">\n<li>Ka\u02bbAnu\u02bbu Hana 1: Ho\u02bbopau cognitive ho\u02bbomaha. Hiki i k\u0113ia ke komo i ka home mai ke kula a i \u02bbole ka ho\u02bbopa\u02bba \u02bbana i n\u0101 hola kula a me ke a\u02bbo \u02bbana no kekahi mau l\u0101 e ho\u02bboholo \u02bbia e ke kauka a i \u02bbole AHCT a k\u0101ko\u02bbo \u02bbia e ka ho\u02bbokele kula. \u02bbO n\u0101 hana e pono ai ka no\u02bbono\u02bbo a me ka n\u0101n\u0101 \u02bbana e ho\u02bbonui i n\u0101 h\u014d\u02bbailona a ho\u02bbopane\u02bbe i ka ho\u02bb\u014dla.<\/li>\n\n\n\n<li>Ka\u02bbAnu\u02bbu 2: E ho\u02bbi i ke kula manawa piha. N\u0101 \u02bbanu\u02bbu 3-7 E m\u0101lama \u02bbia e ke kula ki\u02bbeki\u02bbe AHCT. (Ho\u02bboka\u02bbawale \u02bbia k\u0113l\u0101 me k\u0113ia \u02bbanu\u02bbu e ka li\u02bbili\u02bbi o 24 mau hola.)<\/li>\n\n\n\n<li>Ka\u02bbAnu\u02bbu 3: Ho\u02bboikaika m\u0101m\u0101. \u02bbA\u02bbole hiki ke ho\u02bbomaka k\u0113ia \u02bbanu\u02bbu a hiki i ka ho\u02bboma\u02bbema\u02bbe \u02bbana o ka haum\u0101na ha\u02bbuki e ke kauka lapa\u02bbau no ka hana hou aku. I k\u0113ia manawa, hiki i ka haum\u0101na ha\u02bbuki ke ho\u02bbomaka i ka hele w\u0101wae a i \u02bbole ke ka\u02bba \u02bbana i ke ka\u02bba ka\u02bba.<\/li>\n\n\n\n<li>Ka\u02bbAnu\u02bbu Hana 4: Holo i loko o ka hale ha\u02bbuki a ma ke kahua.<\/li>\n\n\n\n<li>Ka\u02bbAnu\u02bbu Hana 5: Non-contact a\u02bbo ho\u02bboma\u02bbama\u02bba ho\u02bboma\u02bbama\u02bba i n\u0101 lako piha. Hiki ke ho\u02bbomaka ka ho\u02bboma\u02bbama\u02bba kaumaha.<\/li>\n\n\n\n<li>Ka\u02bbAnu\u02bbu Hana 6: Ho\u02bboma\u02bbama\u02bba pili piha a ho\u02bboma\u02bbama\u02bba paha.<\/li>\n\n\n\n<li>Ka\u02bbAnu\u02bbu Hana 7: E p\u0101\u02bbani i ka p\u0101\u02bbani.<\/li>\n<\/ul>\n\n\n\n<h2 class=\"wp-block-heading\">N\u0101 kumuwaiwai<\/h2>\n\n\n\n<ul class=\"wp-block-list\">\n<li><a href=\"\/haw\/DOE%20Forms\/Athletics\/studentparticipationandparent.pdf\/\" target=\"_blank\" rel=\"noreferrer noopener\">\u02bbO ke komo \u02bbana o n\u0101 haum\u0101na a me ka \u02bbae \u02bbana o ka makua\/kai kia\u02bbi, ho\u02bboku\u02bbu, a me ka mana\u02bbo o n\u0101 puka pilikia (PDF)<\/a><\/li>\n\n\n\n<li><a href=\"\/haw\/DOE%20Forms\/Athletics\/PE.pdf\/\" target=\"_blank\" rel=\"noreferrer noopener\">N\u0101n\u0101 Kikino no ka Pepa \u02bbAlepa (PDF)<\/a><\/li>\n\n\n\n<li><a href=\"http:\/\/www.sportshigh.com\/\" target=\"_blank\" rel=\"noreferrer noopener\">http:\/\/www.sportshigh.com\/<\/a>&nbsp;<\/li>\n\n\n\n<li><a href=\"http:\/\/www.oiasports.com\/\" target=\"_blank\" rel=\"noreferrer noopener\">http:\/\/www.oiasports.com\/<\/a>\u00a0<\/li>\n<\/ul>\n\n\n\n<p><\/p>","protected":false},"excerpt":{"rendered":"<p>Interscholastic Athletics The Department proudly offers 21 interscholastic sports each school year, giving students the opportunity to represent their public schools and develop valuable life skills through athletic competition. These teams participate as part of the Hawai\u02bbi High School Athletic Association (HHSAA), competing in leagues specific to each island: the Big Island Interscholastic Federation, Kaua\u02bbi [&hellip;]<\/p>","protected":false},"author":8,"featured_media":0,"parent":77,"menu_order":14,"comment_status":"closed","ping_status":"closed","template":"","meta":{"_relevanssi_hide_post":"","_relevanssi_hide_content":"","_relevanssi_pin_for_all":"","_relevanssi_pin_keywords":"","_relevanssi_unpin_keywords":"","_relevanssi_related_keywords":"","_relevanssi_related_include_ids":"","_relevanssi_related_exclude_ids":"","_relevanssi_related_no_append":"","_relevanssi_related_not_related":"","_relevanssi_related_posts":"","_relevanssi_noindex_reason":"","_sitemap_exclude":false,"_sitemap_priority":"","_sitemap_frequency":"","_kad_blocks_custom_css":"","_kad_blocks_head_custom_js":"","_kad_blocks_body_custom_js":"","_kad_blocks_footer_custom_js":"","wp_popup_display_lightbox":0,"wp_popup_suppress":"","wp_popup_trigger":"","wp_popup_trigger_amount":0,"wp_popup_disable_on_mobile":false,"footnotes":""},"class_list":["post-82","page","type-page","status-publish","hentry"],"pp_statuses_selecting_workflow":false,"pp_workflow_action":"current","pp_status_selection":"publish","taxonomy_info":[],"featured_image_src_large":false,"author_info":{"display_name":"Ariana Enomoto","author_link":"https:\/\/hawaiipublicschools.org\/haw\/author\/arianastaceyleong-com\/"},"comment_info":0,"publishpress_future_action":{"enabled":false,"date":"2026-04-26 09:01:14","action":"change-status","newStatus":"draft","terms":[],"taxonomy":"","extraData":[]},"publishpress_future_workflow_manual_trigger":{"enabledWorkflows":[]},"_links":{"self":[{"href":"https:\/\/hawaiipublicschools.org\/haw\/wp-json\/wp\/v2\/pages\/82","targetHints":{"allow":["GET"]}}],"collection":[{"href":"https:\/\/hawaiipublicschools.org\/haw\/wp-json\/wp\/v2\/pages"}],"about":[{"href":"https:\/\/hawaiipublicschools.org\/haw\/wp-json\/wp\/v2\/types\/page"}],"author":[{"embeddable":true,"href":"https:\/\/hawaiipublicschools.org\/haw\/wp-json\/wp\/v2\/users\/8"}],"replies":[{"embeddable":true,"href":"https:\/\/hawaiipublicschools.org\/haw\/wp-json\/wp\/v2\/comments?post=82"}],"version-history":[{"count":0,"href":"https:\/\/hawaiipublicschools.org\/haw\/wp-json\/wp\/v2\/pages\/82\/revisions"}],"up":[{"embeddable":true,"href":"https:\/\/hawaiipublicschools.org\/haw\/wp-json\/wp\/v2\/pages\/77"}],"wp:attachment":[{"href":"https:\/\/hawaiipublicschools.org\/haw\/wp-json\/wp\/v2\/media?parent=82"}],"curies":[{"name":"wp","href":"https:\/\/api.w.org\/{rel}","templated":true}]}}