{"id":7844,"date":"2025-02-10T07:55:59","date_gmt":"2025-02-10T17:55:59","guid":{"rendered":"https:\/\/hawaiipublicschools.org\/?page_id=7844"},"modified":"2025-11-25T09:19:46","modified_gmt":"2025-11-25T19:19:46","slug":"jrotc","status":"publish","type":"page","link":"https:\/\/hawaiipublicschools.org\/haw\/academics\/jrotc\/","title":{"rendered":"JROTC"},"content":{"rendered":"<p>He \u02bbeh\u0101 makahiki ka Junior Reserve Officers Training Corps (JROTC). <a href=\"https:\/\/hawaiipublicschools.org\/haw\/academics\/secondary-middle-high-school\/career-technical-education\/\" data-type=\"page\" data-id=\"859\">CTE<\/a> papahana koho o ke a\u02bbo \u02bbana i ka\u02bbana like \u02bbia e ka US Army, Navy, Air Force, a me Marine Corps. \u02bbElua mau papa JROTC e ho\u02bbok\u014d i n\u0101 koi \u02bbelua \u02bbai\u02bb\u0113 CTE no kahi diploma kula ki\u02bbeki\u02bbe.&nbsp;<\/p>\n\n\n\n<p>Ho\u02bbol\u0101l\u0101 \u02bbia ka ha\u02bbawina no ke a\u02bbo \u02bbana i n\u0101 haum\u0101na kula ki\u02bbeki\u02bbe i ka waiwai o ke kama\u02bb\u0101ina, ke alaka\u02bbi, ke kuleana pilikino, a me ka hui p\u016b \u02bbana, \u02bboiai e ho\u02bboulu i ka mana\u02bbo pono\u02bb\u012b, ka ho\u02bbopa\u02bbi \u02bbana i\u0101 ia iho, a me ka mana\u02bbo o ka ho\u02bbok\u014d. He k\u016blana ki\u02bbeki\u02bbe ke k\u016blana ki\u02bbeki\u02bbe o ka JROTC cadets i ke komo \u02bbana i kekahi l\u0101l\u0101 o ka p\u016b\u02bbali koa a me n\u0101 manawa ki\u02bbeki\u02bbe no ke koho \u02bbana i ke kula federal\/military academy a me n\u0101 ha\u02bbawina kula ROTC. \u02bbA\u02bbole e loa\u02bba i n\u0101 cadets kekahi kuleana koa i ka pau \u02bbana o ka papahana.<\/p>\n\n\n\n<p>He lawelawe \u02bbo JROTC i ko m\u0101kou l\u0101hui, \u02bbo ia ka mea e h\u0101\u02bbawi ai i n\u0101 cadets i ka ho\u02bboikaika a me n\u0101 m\u0101kaukau e ho\u02bbomaika\u02bbi i ke kino kino; e noho me ka laau ole; no\u02bbono\u02bbo me ka no\u02bbono\u02bbo; kama\u02bbilio maika\u02bbi; hana ma ke \u02bbano he l\u0101l\u0101 hui; puka mai ke kula ki\u02bbeki\u02bbe; e \u02bbimi i n\u0101 \u02bboihana ko\u02bbiko\u02bbi ma n\u0101 wahi o ka \u02bbepekema, \u02bbenehana, \u02bbenekinia, a me ka makemakika (STEM); a lilo i mau makaainana holomua.&nbsp;<\/p>\n\n\n\n<p>No ka \u02bbike hou aku, e kelepona i\u0101 LTC (ret.) Edgar Rivera ma&nbsp;<a href=\"mailto:edgardo.rivera@k12.hi.us\" target=\"_blank\" rel=\"noreferrer noopener\">edgardo.rivera@k12.hi.us<\/a>.<\/p>\n\n\n\n<h3 class=\"wp-block-heading\">N\u0101 P\u016bnaewele Koa<\/h3>\n\n\n\n<ul class=\"wp-block-list\">\n<li><a href=\"https:\/\/usarmyjrotc.army.mil\/\" target=\"_blank\" rel=\"noreferrer noopener\">P\u016bnaewele ROTC p\u016b\u02bbali<\/a><\/li>\n\n\n\n<li><a href=\"https:\/\/www.afrotc.com\/\" target=\"_blank\" rel=\"noreferrer noopener\">P\u016bnaewele \u02bbo Air Force ROTC<\/a><\/li>\n\n\n\n<li><a href=\"http:\/\/www.njrotc.navy.mil\/\" target=\"_blank\" rel=\"noreferrer noopener\">Paena p\u016bnaewele Navy ROTC<\/a><\/li>\n\n\n\n<li><a href=\"http:\/\/www.mcjrotc.marines.mil\/\" target=\"_blank\" rel=\"noreferrer noopener\">P\u016bnaewele \u02bbo Marine Corps ROTC<\/a><\/li>\n<\/ul>\n\n\n\n<p><\/p>","protected":false},"excerpt":{"rendered":"<p>The Junior Reserve Officers&#8217; Training Corps (JROTC) is a four-year CTE elective program of instruction cost-shared by the U.S. Army, Navy, Air Force, and Marine Corps. Two consecutive JROTC courses fulfill the CTE two-credit requirement for a high school diploma.&nbsp; The curriculum is designed to teach high school students the value of citizenship, leadership, personal [&hellip;]<\/p>","protected":false},"author":13,"featured_media":0,"parent":22,"menu_order":0,"comment_status":"closed","ping_status":"closed","template":"","meta":{"_relevanssi_hide_post":"","_relevanssi_hide_content":"","_relevanssi_pin_for_all":"","_relevanssi_pin_keywords":"","_relevanssi_unpin_keywords":"","_relevanssi_related_keywords":"","_relevanssi_related_include_ids":"","_relevanssi_related_exclude_ids":"","_relevanssi_related_no_append":"","_relevanssi_related_not_related":"","_relevanssi_related_posts":"856,888,893,1022,1619,1622","_relevanssi_noindex_reason":"","_sitemap_exclude":false,"_sitemap_priority":"","_sitemap_frequency":"","_kad_blocks_custom_css":"","_kad_blocks_head_custom_js":"","_kad_blocks_body_custom_js":"","_kad_blocks_footer_custom_js":"","wp_popup_display_lightbox":0,"wp_popup_suppress":"","wp_popup_trigger":"","wp_popup_trigger_amount":0,"wp_popup_disable_on_mobile":false,"footnotes":""},"class_list":["post-7844","page","type-page","status-publish","hentry"],"pp_statuses_selecting_workflow":false,"pp_workflow_action":"current","pp_status_selection":"publish","taxonomy_info":[],"featured_image_src_large":false,"author_info":{"display_name":"Sara Miyazono","author_link":"https:\/\/hawaiipublicschools.org\/haw\/author\/sara-miyazonok12-hi-us\/"},"comment_info":0,"publishpress_future_action":{"enabled":false,"date":"2026-04-30 22:26:47","action":"change-status","newStatus":"draft","terms":[],"taxonomy":"","extraData":[]},"publishpress_future_workflow_manual_trigger":{"enabledWorkflows":[]},"_links":{"self":[{"href":"https:\/\/hawaiipublicschools.org\/haw\/wp-json\/wp\/v2\/pages\/7844","targetHints":{"allow":["GET"]}}],"collection":[{"href":"https:\/\/hawaiipublicschools.org\/haw\/wp-json\/wp\/v2\/pages"}],"about":[{"href":"https:\/\/hawaiipublicschools.org\/haw\/wp-json\/wp\/v2\/types\/page"}],"author":[{"embeddable":true,"href":"https:\/\/hawaiipublicschools.org\/haw\/wp-json\/wp\/v2\/users\/13"}],"replies":[{"embeddable":true,"href":"https:\/\/hawaiipublicschools.org\/haw\/wp-json\/wp\/v2\/comments?post=7844"}],"version-history":[{"count":0,"href":"https:\/\/hawaiipublicschools.org\/haw\/wp-json\/wp\/v2\/pages\/7844\/revisions"}],"up":[{"embeddable":true,"href":"https:\/\/hawaiipublicschools.org\/haw\/wp-json\/wp\/v2\/pages\/22"}],"wp:attachment":[{"href":"https:\/\/hawaiipublicschools.org\/haw\/wp-json\/wp\/v2\/media?parent=7844"}],"curies":[{"name":"wp","href":"https:\/\/api.w.org\/{rel}","templated":true}]}}