{"id":78,"date":"2024-09-04T23:33:55","date_gmt":"2024-09-04T23:33:55","guid":{"rendered":"https:\/\/hawaiipublicschools.org\/?page_id=78"},"modified":"2025-02-25T11:28:00","modified_gmt":"2025-02-25T21:28:00","slug":"after-school-programs","status":"publish","type":"page","link":"https:\/\/hawaiipublicschools.org\/haw\/student-programs\/after-school-programs\/","title":{"rendered":"N\u0101 papahana ma hope o ke kula"},"content":{"rendered":"<h2 class=\"wp-block-heading\">N\u0101 papahana manawa ma waho o ke kula<\/h2>\n\n\n\n<p>Ho\u02bbol\u0101l\u0101 \u02bbia n\u0101 papahana o waho o ke kula (OST), i k\u0101ko\u02bbo \u02bbia e n\u0101 kumu waiwai moku\u02bb\u0101ina a me ke aupuni pekelala, e h\u0101\u02bbawi i n\u0101 \u02bbike a\u02bbo ki\u02bbeki\u02bbe e \u02bboi aku ma mua o ka l\u0101 kula ma\u02bbamau a h\u014d\u02bbike i n\u0101 haum\u0101na i n\u0101 \u02bbike a me n\u0101 manawa i loa\u02bba \u02bbole i ka l\u0101 kula ma\u02bbamau. Pono k\u0113ia mau papahana i ka ho\u02bbonui \u02bbana i n\u0101 hopena haum\u0101na ma o ka ho\u02bbopili \u02bbana i ke a\u02bbo \u02bbana me n\u0101 hana OST, ka hopena maika\u02bbi i ke \u02bbano, ka hele \u02bbana, a me ka hana ho\u02bbona\u02bbauao.&nbsp;<\/p>\n\n\n\n<p>Me ka hele mau \u02bbana, p\u014dmaika\u02bbi n\u0101 haum\u0101na mai ke k\u0101ko\u02bbo ho\u02bbona\u02bbauao a me n\u0101 manawa k\u016bpono e ho\u02bbomohala i n\u0101 m\u0101kau pilikanaka-na\u02bbau. M\u0101lama \u02bbia n\u0101 polokalamu OST ma HIDOE e ka <a href=\"https:\/\/hawaiicommunityengagement.com\/\" target=\"_blank\" rel=\"noreferrer noopener\">Lala Hana Kaiaulu<\/a>.<\/p>\n\n\n\n<ul class=\"wp-block-list\">\n<li><a href=\"https:\/\/hawaiicommunityengagement.com\/after-school-plus\/\" target=\"_blank\" rel=\"noreferrer noopener\">Ma hope o ke kula (A+)<\/a> - H\u0101\u02bbawi i ka m\u0101lama \u02bbana ma hope o ke kula no n\u0101 haum\u0101na ha\u02bbaha\u02bba.<\/li>\n\n\n\n<li><a href=\"https:\/\/hawaiicommunityengagement.com\/uplink\/\" target=\"_blank\" rel=\"noreferrer noopener\">United Peer Learning, Integrating New Knowledge (UPLINK)<\/a> \u2014 He papahana e k\u0101lele ana i ke a\u02bbo \u02bbana a n\u0101 hoa no n\u0101 haum\u0101na kula waena\/kuwaena.<\/li>\n\n\n\n<li><a href=\"https:\/\/hawaiicommunityengagement.com\/reach\/\" target=\"_blank\" rel=\"noreferrer noopener\">N\u0101 Punawai no ka Ho\u02bbonui, \u02bbAlepa, Mo\u02bbomeheu, a me ke Ola (REACH)<\/a> \u2014 N\u0101 papahana ho\u02bbonui e pili ana i ka ho\u02bbomohala haum\u0101na holo\u02bboko\u02bba no n\u0101 haum\u0101na kula waena\/kuwaena.<\/li>\n\n\n\n<li>Nita M. Lowey 21st Century Community Learning Centers (21CCLC) \u2014 Ho\u02bboulu i ke a\u02bbo kai\u0101ulu no n\u0101 haum\u0101na a me n\u0101 \u02bbohana ma n\u0101 wahi pa\u02bbakik\u012b.<\/li>\n\n\n\n<li><a href=\"\/haw\/DOE%20Forms\/OST%20ESSER%20Program%20Listing.pdf\/\" target=\"_blank\" rel=\"noreferrer noopener\">OST Elementary and Second School Emergency Relief (OST ESSER)<\/a> \u2014 Ke k\u0101ko\u02bbo \u02bbana i n\u0101 haum\u0101na i ka w\u0101 ulia p\u014dpilikia me n\u0101 manawa a\u02bbo a ho\u02bbonui k\u0101l\u0101 \u02bbia e ke aupuni federal.<\/li>\n<\/ul>\n\n\n\n<p>No ka \u02bbike kiko\u02bb\u012b e pili ana i n\u0101 papahana ma hope o ke kula, ke kumu k\u016b\u02bbai a me ke k\u0101kau inoa \u02bbana, e kipa i ka <a href=\"https:\/\/hawaiicommunityengagement.com\/\" data-type=\"link\" data-id=\"https:\/\/hawaiicommunityengagement.com\/\">Paena p\u016bnaewele Community Engagement Branch<\/a>.<\/p>","protected":false},"excerpt":{"rendered":"<p>Out-of-School Time Programs Out-of-school time (OST) programs, funded by state and federal resources, are designed to provide high-quality learning experiences that extend beyond the regular school day and exposes students to experiences and opportunities not found during the regular school day. These programs are essential in enhancing student outcomes by linking academic learning with OST [&hellip;]<\/p>","protected":false},"author":8,"featured_media":0,"parent":77,"menu_order":12,"comment_status":"closed","ping_status":"closed","template":"","meta":{"_relevanssi_hide_post":"","_relevanssi_hide_content":"","_relevanssi_pin_for_all":"","_relevanssi_pin_keywords":"","_relevanssi_unpin_keywords":"","_relevanssi_related_keywords":"","_relevanssi_related_include_ids":"","_relevanssi_related_exclude_ids":"","_relevanssi_related_no_append":"","_relevanssi_related_not_related":"","_relevanssi_related_posts":"","_relevanssi_noindex_reason":"","_sitemap_exclude":false,"_sitemap_priority":"","_sitemap_frequency":"","_kad_blocks_custom_css":"","_kad_blocks_head_custom_js":"","_kad_blocks_body_custom_js":"","_kad_blocks_footer_custom_js":"","wp_popup_display_lightbox":0,"wp_popup_suppress":"","wp_popup_trigger":"","wp_popup_trigger_amount":0,"wp_popup_disable_on_mobile":false,"footnotes":""},"class_list":["post-78","page","type-page","status-publish","hentry"],"pp_statuses_selecting_workflow":false,"pp_workflow_action":"current","pp_status_selection":"publish","taxonomy_info":[],"featured_image_src_large":false,"author_info":{"display_name":"Ariana Enomoto","author_link":"https:\/\/hawaiipublicschools.org\/haw\/author\/arianastaceyleong-com\/"},"comment_info":0,"publishpress_future_action":{"enabled":false,"date":"2026-05-04 22:38:28","action":"change-status","newStatus":"draft","terms":[],"taxonomy":"","extraData":[]},"publishpress_future_workflow_manual_trigger":{"enabledWorkflows":[]},"_links":{"self":[{"href":"https:\/\/hawaiipublicschools.org\/haw\/wp-json\/wp\/v2\/pages\/78","targetHints":{"allow":["GET"]}}],"collection":[{"href":"https:\/\/hawaiipublicschools.org\/haw\/wp-json\/wp\/v2\/pages"}],"about":[{"href":"https:\/\/hawaiipublicschools.org\/haw\/wp-json\/wp\/v2\/types\/page"}],"author":[{"embeddable":true,"href":"https:\/\/hawaiipublicschools.org\/haw\/wp-json\/wp\/v2\/users\/8"}],"replies":[{"embeddable":true,"href":"https:\/\/hawaiipublicschools.org\/haw\/wp-json\/wp\/v2\/comments?post=78"}],"version-history":[{"count":0,"href":"https:\/\/hawaiipublicschools.org\/haw\/wp-json\/wp\/v2\/pages\/78\/revisions"}],"up":[{"embeddable":true,"href":"https:\/\/hawaiipublicschools.org\/haw\/wp-json\/wp\/v2\/pages\/77"}],"wp:attachment":[{"href":"https:\/\/hawaiipublicschools.org\/haw\/wp-json\/wp\/v2\/media?parent=78"}],"curies":[{"name":"wp","href":"https:\/\/api.w.org\/{rel}","templated":true}]}}