{"id":76,"date":"2024-09-04T23:32:30","date_gmt":"2024-09-04T23:32:30","guid":{"rendered":"https:\/\/hawaiipublicschools.org\/?page_id=76"},"modified":"2025-02-13T12:19:57","modified_gmt":"2025-02-13T22:19:57","slug":"public-safety-power-shutoffs","status":"publish","type":"page","link":"https:\/\/hawaiipublicschools.org\/haw\/school-services\/public-safety-power-shutoffs\/","title":{"rendered":"N\u0101 Pa\u02bba Mana Palekana"},"content":{"rendered":"<p class=\"intro\">Hiki ke pio i n\u0101 hola kula. \u02bbOiai hiki ke ma\u02bbalahi, n\u0101n\u0101 n\u0101 luna kula a me n\u0101 alaka\u02bbi o ka &#039;Oihana i n\u0101 m\u0101ka\u02bbika\u02bbi kalana k\u016bloko. In\u0101 pau ka mana, ma ka hapanui o n\u0101 hihia, e hamama ana ka p\u0101 kula. \u02bbO ka mea ma\u02bbamau, \u02bbo ka m\u0101lama \u02bbana i n\u0101 haum\u0101na ma ka p\u0101 kula ka mea palekana loa.<\/p>\n\n\n\n<p>In\u0101 pani \u02bbia ke kula, e ho\u02bbouna pololei \u02bbia ka leka ho\u02bbomaopopo mai ke kula i n\u0101 \u02bbohana a e ho\u02bbouna p\u016b \u02bbia i k\u0101 m\u0101kou p\u016bnaewele. E \u02bbolu\u02bbolu e h\u014d\u02bboia i ka loa\u02bba \u02bbana o k\u0101u \u02bbike pili hou i ke kula o k\u0101u keiki.<\/p>\n\n\n\n<h2 class=\"wp-block-heading\">FAQ<\/h2>\n\n\n\n<h3 class=\"wp-block-heading\">He aha ka ho\u02bbopa\u02bba mana palekana lehulehu?<\/h3>\n\n\n\n<p>I Iulai 2024, ua ho\u02bbokumu \u02bbo Hawaiian Electric Co. (HECO) i kahi papahana Public Safety Power Shutoff (PSPS) a me ka Fast Trip Response (FTR) ma ke \u02bbano o k\u0101na Wildfire Safety Strategy. I ka w\u0101 o ka PSPS, hiki i ka HECO ke pani mua i ka mana ma n\u0101 wahi i ka w\u0101 o ka makani ki\u02bbeki\u02bbe a me n\u0101 k\u016blana malo\u02bbo e k\u014dkua i ka h\u014d\u02bbemi \u02bbana i ka hopena o ke ahi ahi. E ho\u02bbonohonoho p\u016b \u02bbia n\u0101 mea ho\u02bboka\u02bbawale kaapuni i &quot;huaka\u02bbi,&quot; e \u02bbae ana e pani koke i ka mana in\u0101 \u02bbike \u02bbia kahi haunaele, e ho\u02bbomaka ana i kahi FTR.<\/p>\n\n\n\n<p>Mana\u02bbo \u02bbo HECO e h\u0101\u02bbawi i n\u0101 hola 24-48 ma mua o kahi PSPS, ak\u0101 in\u0101 pilikia koke n\u0101 k\u016blana, hiki ke pani \u02bbia ka mana me ka li\u02bbili\u02bbi a i \u02bbole ka \u02bbike \u02bbole. E pio ana ka mana i ka w\u0101 e mau ana n\u0101 k\u016blana p\u014d\u02bbino. Ke ho\u02bbomaika\u02bbi ka lewa, e n\u0101n\u0101 \u02bbia n\u0101 laina mana no ka p\u014d\u02bbino ma mua o ka ho\u02bbiho\u02bbi \u02bbana i ka lawelawe. He mau hola a he mau l\u0101 paha k\u0113ia ka\u02bbina hana.<\/p>\n\n\n\n<h3 class=\"wp-block-heading\">He aha n\u0101 kula i \u02bbike \u02bbia he hopena paha?<\/h3>\n\n\n\n<p>Hiki i\u0101 \u02bboe <a href=\"https:\/\/www.hawaiianelectric.com\/safety-and-outages\/wildfire-safety\/public-safety-power-shutoff\/psps-maps\" target=\"_blank\" rel=\"noreferrer noopener\">e n\u0101n\u0101 i n\u0101 palapala \u02bb\u0101ina PSPS<\/a> ma ka p\u016bnaewele puni honua o HECO, e h\u014d\u02bbike ana i n\u0101 wahi me ka nui o ke ahi ahi e pili ana i ka PSPS. Ke ho\u02bbopau nei ka &#039;Oihana i ke alaka\u02bbi \u02bbana no n\u0101 kula i \u02bbike \u02bbia e pili ana i ka PSPS. Wahi a ka HECO kama\u02bbilio hou loa me HIDOE, ua \u02bbike \u02bbia he 16 mau kula (15 kula Oihana a me 1 kula charter) i hiki ke ho\u02bbopilikia \u02bbia e PSPS.&nbsp;<\/p>\n\n\n\n<h3 class=\"wp-block-heading\">Pehea \u02bboe e ho\u02bbolaha \u02bbia ai no kahi PSPS e pili ana i ke kula?<\/h3>\n\n\n\n<p>E h\u0101\u02bbawi pololei ke kula i n\u0101 mea hou i n\u0101 \u02bbohana e pili ana i n\u0101 leka ho\u02bbolaha PSPS a i \u02bbole FTR e pili ana i ka p\u0101 kula, a e komo p\u016b kekahi ho\u02bbol\u0101l\u0101 no n\u0101 hana kula. Ke ho\u02bbopau nei ka &#039;Oihana i kahi ho\u02bbol\u0101l\u0101 no ka pane PSPS me ka ho\u02bbonui \u02bbana i ka m\u0101kaukau no ka noho wehe \u02bbana i ka w\u0101 o ka ho\u02bbopau \u02bbana o ka mana e pili ana i ka PSPS in\u0101 \u02bba\u02bbole palekana ke \u02bbano o ke aniau. Ke ho\u02bbomaka \u02bbo HECO i kahi &quot;maka\u02bbala&quot; e pili ana i kahi PSPS paha a i \u02bbole ke pio \u02bbana o ka mana e pili ana i ka PSPS e pili ana i kahi kula, e ho\u02bbouna pololei \u02bbia ka leka ho\u02bbomaopopo mai ke kula i n\u0101 \u02bbohana a e ho\u02bbouna p\u016b \u02bbia i ka p\u016bnaewele HIDOE. E \u02bbolu\u02bbolu e h\u014d\u02bboia i ka loa\u02bba \u02bbana o k\u0101u \u02bbike pili hou i ke kula o k\u0101u keiki.<\/p>\n\n\n\n<p>E no\u02bbono\u02bbo \u02bbia n\u0101 kumu i ka ho\u02bboholo \u02bbana in\u0101 e wehe \u02bbia ka p\u0101 kula i ka w\u0101 o ka pau \u02bbana o ka mana:<\/p>\n\n\n\n<ul class=\"wp-block-list\">\n<li>Hiki ke m\u0101lama \u02bbia ke kama\u02bbilio ko\u02bbiko\u02bbi me n\u0101 haum\u0101na, n\u0101 \u02bbohana a me n\u0101 limahana.<\/li>\n\n\n\n<li>He palekana ka p\u0101 kula a hiki i n\u0101 haum\u0101na, n\u0101 limahana, n\u0101 \u02bbohana a me n\u0101 mea pane pilikia.&nbsp;<\/li>\n\n\n\n<li>Loa\u02bba i ka p\u0101 kula n\u0101 lumi ho\u02bbomaha.&nbsp;<\/li>\n\n\n\n<li>Hiki ke m\u0101lama \u02bbia ka palekana o ke ahi ma o ka hana \u02bbana a i \u02bbole ke kia\u02bbi ahi.&nbsp;<\/li>\n\n\n\n<li>Hiki ke h\u0101\u02bbawi \u02bbia n\u0101 mea\u02bbai i n\u0101 haum\u0101na.&nbsp;<\/li>\n<\/ul>\n\n\n\n<h3 class=\"wp-block-heading\">He aha k\u0101u e hana ai e ho\u02bbom\u0101kaukau ai?<\/h3>\n\n\n\n<p>Loa\u02bba i\u0101 HECO ka \u02bbike ma <a href=\"https:\/\/www.hawaiianelectric.com\/safety-and-outages\/wildfire-safety\/public-safety-power-shutoff\/how-to-prepare-for-a-psps\" target=\"_blank\" rel=\"noreferrer noopener\">pehea e ho\u02bbom\u0101kaukau ai no kahi PSPS<\/a>, me kahi palapala p\u016bnaewele e k\u0101kau inoa no n\u0101 kama\u02bbilio ho\u02bbopau pilikia. E k\u016bkulu i kahi pahu ho\u02bbolako outage a ho\u02bbom\u0101kaukau i kou home. Aia kekahi mau \u02bb\u014dlelo a\u02bboa\u02bbo:<\/p>\n\n\n\n<ul class=\"wp-block-list\">\n<li>E m\u0101lama i n\u0101 helu kelepona ko\u02bbiko\u02bbi (n\u0101 laina ulia p\u014dpilikia, ka haukapila, kauka, \u02bbohana, a me n\u0101 mea \u02bb\u0113 a\u02bbe) kahi hiki ke loa\u02bba i\u0101 l\u0101kou i kahi pilikia.<\/li>\n\n\n\n<li>E kau i n\u0101 kukui uila a me n\u0101 kukui uila i n\u0101 wahi k\u016bpono.<\/li>\n\n\n\n<li>E ho\u02bbouka i n\u0101 mea pale ho\u02bboulu e k\u014dkua i ka m\u0101lama \u02bbana i n\u0101 lako uila.<\/li>\n\n\n\n<li>E kama\u02bb\u0101ina i n\u0101 pahu pono o kou home a e a\u02bbo pehea e ho\u02bbopau ai.&nbsp;<\/li>\n<\/ul>\n\n\n\n<p>Eia hou, e \u02bbolu\u02bbolu e \u02bbolu\u02bbolu e loa\u02bba i ke kula o k\u0101u keiki k\u0101u \u02bbike pili hou loa. No ka &#039;ike hou aku e pili ana i ka PSPS, e kelepona i ka hotline o Hawaiian Electric ma 1-844-483-8666 ka uku &#039;ole a i &#039;ole. <a href=\"http:\/\/hawaiianelectric.com\/PSPS\" target=\"_blank\" rel=\"noreferrer noopener\">hawaiianelectric.com\/PSPS<\/a>.<\/p>\n\n\n\n<p><\/p>","protected":false},"excerpt":{"rendered":"<p>Power outages may occur during school hours. While it can be inconvenient, school administrators and Department leadership monitor local county alerts. If a power outage occurs, in most cases a school campus will remain open. Generally, keeping students on campus is the safest choice. In the event of a school closure, notification will be sent [&hellip;]<\/p>","protected":false},"author":8,"featured_media":0,"parent":59,"menu_order":21,"comment_status":"closed","ping_status":"closed","template":"","meta":{"_relevanssi_hide_post":"","_relevanssi_hide_content":"","_relevanssi_pin_for_all":"","_relevanssi_pin_keywords":"","_relevanssi_unpin_keywords":"","_relevanssi_related_keywords":"","_relevanssi_related_include_ids":"","_relevanssi_related_exclude_ids":"","_relevanssi_related_no_append":"","_relevanssi_related_not_related":"","_relevanssi_related_posts":"","_relevanssi_noindex_reason":"","_sitemap_exclude":false,"_sitemap_priority":"","_sitemap_frequency":"","_kad_blocks_custom_css":"","_kad_blocks_head_custom_js":"","_kad_blocks_body_custom_js":"","_kad_blocks_footer_custom_js":"","wp_popup_display_lightbox":0,"wp_popup_suppress":"","wp_popup_trigger":"","wp_popup_trigger_amount":0,"wp_popup_disable_on_mobile":false,"footnotes":""},"class_list":["post-76","page","type-page","status-publish","hentry"],"pp_statuses_selecting_workflow":false,"pp_workflow_action":"current","pp_status_selection":"publish","taxonomy_info":[],"featured_image_src_large":false,"author_info":{"display_name":"Ariana Enomoto","author_link":"https:\/\/hawaiipublicschools.org\/haw\/author\/arianastaceyleong-com\/"},"comment_info":0,"publishpress_future_action":{"enabled":false,"date":"2026-04-27 01:57:31","action":"change-status","newStatus":"draft","terms":[],"taxonomy":"","extraData":[]},"publishpress_future_workflow_manual_trigger":{"enabledWorkflows":[]},"_links":{"self":[{"href":"https:\/\/hawaiipublicschools.org\/haw\/wp-json\/wp\/v2\/pages\/76","targetHints":{"allow":["GET"]}}],"collection":[{"href":"https:\/\/hawaiipublicschools.org\/haw\/wp-json\/wp\/v2\/pages"}],"about":[{"href":"https:\/\/hawaiipublicschools.org\/haw\/wp-json\/wp\/v2\/types\/page"}],"author":[{"embeddable":true,"href":"https:\/\/hawaiipublicschools.org\/haw\/wp-json\/wp\/v2\/users\/8"}],"replies":[{"embeddable":true,"href":"https:\/\/hawaiipublicschools.org\/haw\/wp-json\/wp\/v2\/comments?post=76"}],"version-history":[{"count":0,"href":"https:\/\/hawaiipublicschools.org\/haw\/wp-json\/wp\/v2\/pages\/76\/revisions"}],"up":[{"embeddable":true,"href":"https:\/\/hawaiipublicschools.org\/haw\/wp-json\/wp\/v2\/pages\/59"}],"wp:attachment":[{"href":"https:\/\/hawaiipublicschools.org\/haw\/wp-json\/wp\/v2\/media?parent=76"}],"curies":[{"name":"wp","href":"https:\/\/api.w.org\/{rel}","templated":true}]}}