{"id":73,"date":"2024-09-04T23:28:52","date_gmt":"2024-09-04T23:28:52","guid":{"rendered":"https:\/\/hawaiipublicschools.org\/?page_id=73"},"modified":"2025-12-01T10:36:16","modified_gmt":"2025-12-01T20:36:16","slug":"special-meal-accommodations","status":"publish","type":"page","link":"https:\/\/hawaiipublicschools.org\/haw\/school-services\/school-food-services\/special-meal-accommodations\/","title":{"rendered":"Na Hale Paina Kuikawa"},"content":{"rendered":"<div class=\"wp-block-columns double_col_sidebar is-layout-flex wp-container-core-columns-is-layout-28f84493 wp-block-columns-is-layout-flex\">\n<div class=\"wp-block-column left_col is-layout-flow wp-block-column-is-layout-flow\">\n<p class=\"intro\" style=\"font-size:clamp(0.875rem, 0.875rem + ((1vw - 0.2rem) * 0.531), 1.3rem);\">Ua pa\u02bba m\u0101kou i ka h\u014d\u02bboia \u02bbana e loa\u02bba i n\u0101 haum\u0101na \u0101pau n\u0101 mea\u02bbai olakino e k\u016bpono ana i ko l\u0101kou pono. In\u0101 he pilikia ko\u02bbiko\u02bbi k\u0101u keiki e pili ana i k\u0101 l\u0101kou \u02bbai, hiki i\u0101 m\u0101kou ke h\u0101\u02bbawi i n\u0101 ho\u02bbololi a i \u02bbole n\u0101 mea pani.<\/p>\n\n\n\n<h2 class=\"wp-block-heading\">e noi ana i n\u0101 mea\u02bbai k\u016bikaw\u0101<\/h2>\n\n\n\n<p>No ke k\u014dkua \u02bbana i ka loa\u02bba \u02bbana o ka ho\u02bbona\u02bbauao \u02bbana o n\u0101 keiki me ke kino k\u012bn\u0101 e like me n\u0101 keiki \u02bb\u0113 a\u02bbe e ho\u02bbona\u02bbauao \u02bbia, kauoha ke k\u0101n\u0101wai federal e koi \u02bbia n\u0101 papahana mea\u02bbai kula federal e ho\u02bbolako i n\u0101 hale \u02bbai k\u016bikaw\u0101 no k\u0113ia mau haum\u0101na ma o ka ho\u02bbolako \u02bbana i n\u0101 pani k\u016bpono i ka p\u0101\u02bbina ma\u02bbamau no n\u0101 keiki nona ke kino k\u012bn\u0101 i k\u0101 l\u0101kou mea\u02bbai ke h\u014d\u02bboia \u02bbia ka pono.<\/p>\n\n\n\n<p>E \u02bbolu\u02bbolu e n\u0101n\u0101 i ka <a href=\"\/wp-content\/uploads\/Accommodating-Children-with-Special-Dietary-Needs.pdf\" target=\"_blank\" rel=\"noreferrer noopener\">Ho\u02bbokipa i n\u0101 keiki me n\u0101 pono mea\u02bbai k\u016bikaw\u0101 (November 4, 2021) memo<\/a> a me k\u0113ia mau mea ho\u02bbopili no ka \u02bbike hou aku: <\/p>\n\n\n\n<ul class=\"wp-block-list\">\n<li><a href=\"\/wp-content\/uploads\/AttachmentA-Authorization-of-Use-or-Disclosure-of-Protected-Health-Information-Provider.pdf\" data-type=\"attachment\" data-id=\"9894\" target=\"_blank\" rel=\"noreferrer noopener\">P\u0101ku\u02bbi A<\/a> (PDF) \u2013 Ho\u02bbololi i ka \u02bbike me ke Kauka Lapa\u02bbau Kula o ka haum\u0101na <\/li>\n\n\n\n<li><a href=\"\/wp-content\/uploads\/AttachmentB-Authorization-of-Use-or-Disclosure-of-Protected-Health-Information-Department.pdf\" data-type=\"attachment\" data-id=\"9895\" target=\"_blank\" rel=\"noreferrer noopener\">P\u0101ku\u02bbi B<\/a> (PDF) \u2013 E ho\u02bbololi i ka H\u014d\u02bbike K\u016bk\u0101k\u016bk\u0101 o n\u0101 kahu h\u0101nai o ka lehulehu a me ka \u02bbike me ke Ke\u02bbena<\/li>\n\n\n\n<li><a href=\"\/wp-content\/uploads\/AttachmentC-SpecialDietaryNeeds.pdf\" target=\"_blank\" rel=\"noreferrer noopener\">P\u0101ku\u02bbi C<\/a> (PDF me ka pepa J-1 hiki ke ho\u02bbopiha i ka pepa) \u2013 Ho\u02bbokipa i n\u0101 keiki me n\u0101 pono mea\u02bbai k\u016bikaw\u0101 ma n\u0101 papahana mea\u02bbai kula.\n<ul class=\"wp-block-list\">\n<li><a href=\"\/haw\/DOE%20Forms\/Food%20Services\/J-1.pdf\/\" target=\"_blank\" rel=\"noreferrer noopener\">J-1 Puka<\/a> (PDF) E ho\u02bbopiha i ka \u02bb\u0101pana I o k\u0113ia palapala no ke noi \u02bbana i ho\u02bbololi \u02bbai no k\u0101u keiki. E ho\u02bbopiha i ka PART II o ka pepa a laila e ho\u02bbouna i k\u0101u kula. No ka &#039;ike hou aku, e &#039;olu&#039;olu e leka uila i k\u0101u Special Dietary Designee (SDD) ma ke kula o k\u0101u keiki.<\/li>\n\n\n\n<li>E \u02bbolu\u02bbolu e \u02bbike <strong>N\u0101 Pepa a me n\u0101 palapala i unuhi \u02bbia<\/strong> pauku malalo no ka unuhi J-1 Puka.<\/li>\n<\/ul>\n<\/li>\n<\/ul>\n\n\n\n<ul class=\"wp-block-list\">\n<li><a href=\"\/wp-content\/uploads\/AttachmentD-Accommodation-Checklist-for-Special-Dietary-Checklist.pdf\" data-type=\"attachment\" data-id=\"9896\" target=\"_blank\" rel=\"noreferrer noopener\">P\u0101ku\u02bbi D<\/a> (PDF) - Ho\u02bbokipa i n\u0101 keiki me ka papa inoa o n\u0101 pono mea\u02bbai k\u016bikaw\u0101<\/li>\n\n\n\n<li><a href=\"\/wp-content\/uploads\/SY2025-26-Carbohydrate-Counts.xlsx\" target=\"_blank\" rel=\"noreferrer noopener\">Helu kalapona no ka makahiki kula 2025-26<\/a> (Excel) ka \u02bbaina kakahiaka, ka \u02bbaina awakea ma hope o ke kula a me n\u0101 koho papa kuhikuhi AlaCarte.<\/li>\n\n\n\n<li><a href=\"\/wp-content\/uploads\/Pork-Containing-Foods-SY-2025-26.pdf\" data-type=\"attachment\" data-id=\"16985\" target=\"_blank\" rel=\"noreferrer noopener\">\u02bbO n\u0101 mea\u02bbai pua\u02bba no ka makahiki kula 2025-26<\/a> (PDF)<\/li>\n<\/ul>\n\n\n\n<p>In\u0101 he mau n\u012bnau \u02bb\u0113 a\u02bbe k\u0101u e pili ana i n\u0101 mea\u02bbai k\u016bikaw\u0101, e leka uila i ka <a href=\"mailto:720specialdiets@k12.hi.us\" target=\"_blank\" rel=\"noreferrer noopener\">Lala Hana Mea ai Kula<\/a>.<\/p>\n\n\n\n<h2 class=\"wp-block-heading\">N\u0101 palapala i unuhi \u02bbia<\/h2>\n\n\n\n<p>E ho\u02bbopiha i ka palapala J-1 no ka ho\u02bbokipa \u02bbana i n\u0101 keiki me n\u0101 pono mea\u02bbai k\u016bikaw\u0101.<\/p>\n\n\n\n<div class=\"wp-block-columns is-layout-flex wp-container-core-columns-is-layout-28f84493 wp-block-columns-is-layout-flex\">\n<div class=\"wp-block-column is-layout-flow wp-block-column-is-layout-flow\">\n<details class=\"wp-block-details is-layout-flow wp-block-details-is-layout-flow\"><summary>CEBUANO (Visayan)<\/summary>\n<ul class=\"wp-block-list\">\n<li><a href=\"\/haw\/DOE%20Forms\/Health%20and%20Nutrition\/Translations\/Attachment-J_CEB.pdf\/\" target=\"_blank\" rel=\"noreferrer noopener\">P\u0101ku\u02bbi C (PDF)<\/a><\/li>\n\n\n\n<li><a href=\"\/haw\/DOE%20Forms\/Health%20and%20Nutrition\/Translations\/Attachment-J-1_CEB.pdf\/\" target=\"_blank\" rel=\"noreferrer noopener\">P\u0101ku\u02bbi J-1 (PDF)<\/a><\/li>\n<\/ul>\n<\/details>\n\n\n\n<details class=\"wp-block-details is-layout-flow wp-block-details-is-layout-flow\"><summary>PAKE (Ma\u02bbalahi)<\/summary>\n<ul class=\"wp-block-list\">\n<li><a href=\"\/haw\/DOE%20Forms\/Health%20and%20Nutrition\/Translations\/Attachment-J_SCH.pdf\/\" target=\"_blank\" rel=\"noreferrer noopener\">P\u0101ku\u02bbi C (PDF)<\/a><\/li>\n\n\n\n<li><a href=\"\/haw\/DOE%20Forms\/Health%20and%20Nutrition\/Translations\/Attachment-J-1_SCH.pdf\/\" target=\"_blank\" rel=\"noreferrer noopener\">P\u0101ku\u02bbi J-1 (PDF)<\/a><\/li>\n<\/ul>\n<\/details>\n\n\n\n<details class=\"wp-block-details is-layout-flow wp-block-details-is-layout-flow\"><summary>PAKE (Ku\u02bbuna)<\/summary>\n<ul class=\"wp-block-list\">\n<li><a href=\"\/haw\/DOE%20Forms\/Health%20and%20Nutrition\/Translations\/Attachment-J_TCH.pdf\/\" target=\"_blank\" rel=\"noreferrer noopener\">P\u0101ku\u02bbi C (PDF)<\/a><\/li>\n\n\n\n<li><a href=\"\/haw\/DOE%20Forms\/Health%20and%20Nutrition\/Translations\/Attachment-J-1_TCH.pdf\/\" target=\"_blank\" rel=\"noreferrer noopener\">P\u0101ku\u02bbi J-1 (PDF)<\/a><\/li>\n<\/ul>\n<\/details>\n\n\n\n<details class=\"wp-block-details is-layout-flow wp-block-details-is-layout-flow\"><summary>CHUUKESE<\/summary>\n<ul class=\"wp-block-list\">\n<li><a href=\"\/haw\/DOE%20Forms\/Health%20and%20Nutrition\/Translations\/Attachment-J_CHK.pdf\/\" target=\"_blank\" rel=\"noreferrer noopener\">P\u0101ku\u02bbi C (PDF)<\/a><\/li>\n\n\n\n<li><a href=\"\/haw\/DOE%20Forms\/Health%20and%20Nutrition\/Translations\/Attachment-J-1_CHK.pdf\/\" target=\"_blank\" rel=\"noreferrer noopener\">P\u0101ku\u02bbi J-1 (PDF)<\/a><\/li>\n<\/ul>\n<\/details>\n\n\n\n<details class=\"wp-block-details is-layout-flow wp-block-details-is-layout-flow\"><summary>\u02bb\u014cLELO HAWAI\u02bbI<\/summary>\n<ul class=\"wp-block-list\">\n<li><a href=\"\/haw\/DOE%20Forms\/Health%20and%20Nutrition\/Translations\/Attachment-J_HAW.pdf\/\" target=\"_blank\" rel=\"noreferrer noopener\">P\u0101ku\u02bbi C (PDF)<\/a><\/li>\n\n\n\n<li><a href=\"\/haw\/DOE%20Forms\/Health%20and%20Nutrition\/Translations\/Attachment-J-1_HAW.pdf\/\" target=\"_blank\" rel=\"noreferrer noopener\">P\u0101ku\u02bbi J-1 (PDF)<\/a><\/li>\n<\/ul>\n<\/details>\n<\/div>\n\n\n\n<div class=\"wp-block-column is-layout-flow wp-block-column-is-layout-flow\">\n<details class=\"wp-block-details is-layout-flow wp-block-details-is-layout-flow\"><summary>ILOKANO<\/summary>\n<ul class=\"wp-block-list\">\n<li><a href=\"\/haw\/DOE%20Forms\/Health%20and%20Nutrition\/Translations\/Attachment-J_ILO.pdf\/\" target=\"_blank\" rel=\"noreferrer noopener\">P\u0101ku\u02bbi C (PDF)<\/a><\/li>\n\n\n\n<li><a href=\"\/haw\/DOE%20Forms\/Health%20and%20Nutrition\/Translations\/Attachment-J-1_ILO.pdf\/\" target=\"_blank\" rel=\"noreferrer noopener\">P\u0101ku\u02bbi J-1 (PDF)<\/a><\/li>\n<\/ul>\n<\/details>\n\n\n\n<details class=\"wp-block-details is-layout-flow wp-block-details-is-layout-flow\"><summary>KEPAN\u012a<\/summary>\n<ul class=\"wp-block-list\">\n<li><a href=\"\/haw\/DOE%20Forms\/Health%20and%20Nutrition\/Translations\/Attachment-J_JPN.pdf\/\" target=\"_blank\" rel=\"noreferrer noopener\">P\u0101ku\u02bbi C (PDF)<\/a><\/li>\n\n\n\n<li><a href=\"\/haw\/DOE%20Forms\/Health%20and%20Nutrition\/Translations\/Attachment-J-1_JPN.pdf\/\" target=\"_blank\" rel=\"noreferrer noopener\">P\u0101ku\u02bbi J-1 (PDF)<\/a><\/li>\n<\/ul>\n<\/details>\n\n\n\n<details class=\"wp-block-details is-layout-flow wp-block-details-is-layout-flow\"><summary>KOLEA<\/summary>\n<ul class=\"wp-block-list\">\n<li><a href=\"\/haw\/DOE%20Forms\/Health%20and%20Nutrition\/Translations\/Attachment-J_KOR.pdf\/\" target=\"_blank\" rel=\"noreferrer noopener\">P\u0101ku\u02bbi C (PDF)<\/a><\/li>\n\n\n\n<li><a href=\"\/haw\/DOE%20Forms\/Health%20and%20Nutrition\/Translations\/Attachment-J-1_KOR.pdf\/\" target=\"_blank\" rel=\"noreferrer noopener\">P\u0101ku\u02bbi J-1 (PDF)<\/a><\/li>\n<\/ul>\n<\/details>\n\n\n\n<details class=\"wp-block-details is-layout-flow wp-block-details-is-layout-flow\"><summary>MARSHALLESE<\/summary>\n<ul class=\"wp-block-list\">\n<li><a href=\"\/haw\/DOE%20Forms\/Health%20and%20Nutrition\/Translations\/Attachment-J_MAH.pdf\/\" target=\"_blank\" rel=\"noreferrer noopener\">P\u0101ku\u02bbi C (PDF)<\/a><\/li>\n\n\n\n<li><a href=\"\/haw\/DOE%20Forms\/Health%20and%20Nutrition\/Translations\/Attachment-J-1_MAH.pdf\/\" target=\"_blank\" rel=\"noreferrer noopener\">P\u0101ku\u02bbi J-1 (PDF)<\/a><\/li>\n<\/ul>\n<\/details>\n\n\n\n<details class=\"wp-block-details is-layout-flow wp-block-details-is-layout-flow\"><summary>SAMOANA<\/summary>\n<ul class=\"wp-block-list\">\n<li><a href=\"\/haw\/DOE%20Forms\/Health%20and%20Nutrition\/Translations\/Attachment-J_SMO.pdf\/\" target=\"_blank\" rel=\"noreferrer noopener\">P\u0101ku\u02bbi C (PDF)<\/a><\/li>\n\n\n\n<li><a href=\"\/haw\/DOE%20Forms\/Health%20and%20Nutrition\/Translations\/Attachment-J-1_SMO.pdf\/\" target=\"_blank\" rel=\"noreferrer noopener\">P\u0101ku\u02bbi J-1 (PDF)<\/a><\/li>\n<\/ul>\n<\/details>\n<\/div>\n\n\n\n<div class=\"wp-block-column is-layout-flow wp-block-column-is-layout-flow\">\n<details class=\"wp-block-details is-layout-flow wp-block-details-is-layout-flow\"><summary>Paniolo (AMERIKA LATIN)<\/summary>\n<ul class=\"wp-block-list\">\n<li><a href=\"\/haw\/DOE%20Forms\/Health%20and%20Nutrition\/Translations\/Attachment-J_SPL.pdf\/\" target=\"_blank\" rel=\"noreferrer noopener\">P\u0101ku\u02bbi C (PDF)<\/a><\/li>\n\n\n\n<li><a href=\"\/haw\/DOE%20Forms\/Health%20and%20Nutrition\/Translations\/Attachment-J-1_SPL.pdf\/\" target=\"_blank\" rel=\"noreferrer noopener\">P\u0101ku\u02bbi J-1 (PDF)<\/a><\/li>\n<\/ul>\n<\/details>\n\n\n\n<details class=\"wp-block-details is-layout-flow wp-block-details-is-layout-flow\"><summary>KAKALO<\/summary>\n<ul class=\"wp-block-list\">\n<li><a href=\"\/haw\/DOE%20Forms\/Health%20and%20Nutrition\/Translations\/Attachment-J_TAG.pdf\/\" target=\"_blank\" rel=\"noreferrer noopener\">P\u0101ku\u02bbi C (PDF)<\/a><\/li>\n\n\n\n<li><a href=\"\/haw\/DOE%20Forms\/Health%20and%20Nutrition\/Translations\/Attachment-J-1_TAG.pdf\/\" target=\"_blank\" rel=\"noreferrer noopener\">P\u0101ku\u02bbi J-1 (PDF)<\/a><\/li>\n<\/ul>\n<\/details>\n\n\n\n<details class=\"wp-block-details is-layout-flow wp-block-details-is-layout-flow\"><summary>KAILANI<\/summary>\n<ul class=\"wp-block-list\">\n<li><a href=\"\/haw\/DOE%20Forms\/Health%20and%20Nutrition\/Translations\/Attachment-J_THA.pdf\/\" target=\"_blank\" rel=\"noreferrer noopener\">P\u0101ku\u02bbi C (PDF)<\/a><\/li>\n\n\n\n<li><a href=\"\/haw\/DOE%20Forms\/Health%20and%20Nutrition\/Translations\/Attachment-J-1_THA.pdf\/\" target=\"_blank\" rel=\"noreferrer noopener\">P\u0101ku\u02bbi J-1 (PDF)<\/a><\/li>\n<\/ul>\n<\/details>\n\n\n\n<details class=\"wp-block-details is-layout-flow wp-block-details-is-layout-flow\"><summary>TONGAN<\/summary>\n<ul class=\"wp-block-list\">\n<li><a href=\"\/haw\/DOE%20Forms\/Health%20and%20Nutrition\/Translations\/Attachment-J_TNZ.pdf\/\" target=\"_blank\" rel=\"noreferrer noopener\">P\u0101ku\u02bbi C (PDF)<\/a><\/li>\n\n\n\n<li><a href=\"\/haw\/DOE%20Forms\/Health%20and%20Nutrition\/Translations\/Attachment-J-1_TNZ.pdf\/\" target=\"_blank\" rel=\"noreferrer noopener\">P\u0101ku\u02bbi J-1 (PDF)<\/a><\/li>\n<\/ul>\n<\/details>\n\n\n\n<details class=\"wp-block-details is-layout-flow wp-block-details-is-layout-flow\"><summary>VIETNAMESE<\/summary>\n<ul class=\"wp-block-list\">\n<li><a href=\"\/haw\/DOE%20Forms\/Health%20and%20Nutrition\/Translations\/Attachment-J_VIE.pdf\/\" target=\"_blank\" rel=\"noreferrer noopener\">P\u0101ku\u02bbi C (PDF)<\/a><\/li>\n\n\n\n<li><a href=\"\/haw\/DOE%20Forms\/Health%20and%20Nutrition\/Translations\/Attachment-J-1_VIE.pdf\/\" target=\"_blank\" rel=\"noreferrer noopener\">P\u0101ku\u02bbi J-1 (PDF)<\/a><\/li>\n<\/ul>\n<\/details>\n<\/div>\n<\/div>\n\n\n\n<h2 class=\"wp-block-heading\">OLELO HOOLAHA OLE USDA<\/h2>\n\n\n\n<p>E like me ke k\u0101n\u0101wai k\u012bwila federal a me n\u0101 lula a me n\u0101 kulekele k\u012bwila o ka US Department of Agriculture (USDA), ua p\u0101p\u0101 \u02bbia k\u0113ia ke\u02bbena mai ka ho\u02bbokae \u02bbana ma muli o ka l\u0101hui, ka waiho\u02bbolu\u02bbu, ke \u02bbano o ka l\u0101hui, ka wahine (me ka \u02bbike k\u0101ne k\u0101ne a me ka mana\u02bbo wahine), ke k\u012bn\u0101, ka makahiki, a i \u02bbole ka ho\u02bbopa\u02bbi a i \u02bbole ka ho\u02bbopa\u02bbi \u02bbana no ka hana pono k\u012bwila ma mua.<\/p>\n\n\n\n<p>Hiki ke loa\u02bba ka \u02bbike papahana ma n\u0101 \u02bb\u014dlelo \u02bb\u0113 a\u02bbe ma waho o ka \u02bb\u014dlelo Pelekania. Pono n\u0101 po\u02bbe me ke kino k\u012bn\u0101 e koi ana i n\u0101 ala kama\u02bbilio \u02bb\u0113 a\u02bbe e loa\u02bba ai ka \u02bbike o ka papahana (e la\u02bba, Braille, pa\u02bbi nui, leo leo, American Sign Language), pono e kelepona i ka moku\u02bb\u0101ina kuleana a i \u02bbole ke ke\u02bbena k\u016bloko e ho\u02bbokele nei i ka papahana a i \u02bbole USDA&#039;s TARGET Center ma (202) 720-2600 (leo a me TTY) a i \u02bbole e kelepona i\u0101 USDA ma o ka Federal Relay Service ma (700) 387.<\/p>\n\n\n\n<p>No ka waiho \u02bbana i kahi ho\u02bbopi\u02bbi ho\u02bbokae papahana, pono ka mea ho\u02bbopi\u02bbi e ho\u02bbopiha i kahi Form AD-3027, USDA Program Discrimination Complaint Form i hiki ke loa\u02bba ma ka p\u016bnaewele ma:&nbsp;<a href=\"https:\/\/www.usda.gov\/sites\/default\/files\/documents\/USDA-OASCR%20P-Complaint-Form-0508-0002-508-11-28-17Fax2Mail.pdf\" target=\"_blank\" rel=\"noreferrer noopener\">https:\/\/www.usda.gov\/sites\/default\/files\/documents\/USDA-OASCR%20P-Complaint-Form-0508-0002-508-11-28-17Fax2Mail.pdf<\/a>, mai kekahi ke\u02bbena USDA, ma ke kelepona \u02bbana (866) 632-9992, a i \u02bbole ma ke k\u0101kau \u02bbana i kahi leka i kuhikuhi \u02bbia i\u0101 USDA. Pono i loko o ka leka ka inoa o ka mea ho\u02bbopi\u02bbi, helu wahi, helu kelepona, a me kahi wehewehe i k\u0101kau \u02bbia no ka hana ho\u02bbokae i \u02bb\u014dlelo \u02bbia me n\u0101 kiko\u02bb\u012b k\u016bpono e ho\u02bbomaopopo i ke Kakauolelo Kokua no n\u0101 Kuleana Kivila (ASCR) e pili ana i ke \u02bbano a me ka l\u0101 i \u02bb\u014dlelo \u02bbia he uhaki pono k\u012bwila. Pono e waiho \u02bbia ka palapala AD-3027 i ho\u02bbopau \u02bbia i USDA e:<\/p>\n\n\n\n<ul class=\"wp-block-list\">\n<li><strong>leka uila:<\/strong><br>Oihana Mahiai o Amerika<br>Keena o ke Kokua Kakauolelo no na Pono Kivila<br>1400 Alanui K\u016b\u02bboko\u02bba, SW<br>Wasinetona, DC 20250-9410; a i \u02bbole<\/li>\n\n\n\n<li><strong>fax:<\/strong><br>(833) 256-1665 a i \u02bbole (202) 690-7442; a i \u02bbole<\/li>\n\n\n\n<li><strong>leka uila:<\/strong><br><a href=\"mailto:program.intake@usda.gov\" target=\"_blank\" rel=\"noreferrer noopener\">program.intake@usda.gov<\/a><\/li>\n<\/ul>\n\n\n\n<p>\u02bbO k\u0113ia ke\u02bbena he mea h\u0101\u02bbawi manawa like.<\/p>\n<\/div>\n<\/div>","protected":false},"excerpt":{"rendered":"<p>Ua pa\u02bba m\u0101kou i ka h\u014d\u02bboia \u02bbana e loa\u02bba i n\u0101 haum\u0101na \u0101pau n\u0101 mea\u02bbai olakino e k\u016bpono ana i ko l\u0101kou pono. In\u0101 he pilikia ko\u02bbiko\u02bbi k\u0101u keiki e pili ana i k\u0101 l\u0101kou mea\u02bbai, hiki i\u0101 m\u0101kou ke h\u0101\u02bbawi i n\u0101 ho\u02bbololi a i \u02bbole n\u0101 mea pani. ke noi \u02bbana i n\u0101 mea\u02bbai k\u016bikaw\u0101 E k\u014dkua i ka h\u014d\u02bboia \u02bbana e loa\u02bba i n\u0101 keiki me ke kino n\u0101 manawa like me n\u0101 keiki \u02bb\u0113 a\u02bbe e loa\u02bba i kahi [\u2026]<\/p>","protected":false},"author":8,"featured_media":0,"parent":69,"menu_order":13,"comment_status":"closed","ping_status":"closed","template":"","meta":{"_relevanssi_hide_post":"","_relevanssi_hide_content":"","_relevanssi_pin_for_all":"","_relevanssi_pin_keywords":"","_relevanssi_unpin_keywords":"","_relevanssi_related_keywords":"","_relevanssi_related_include_ids":"","_relevanssi_related_exclude_ids":"","_relevanssi_related_no_append":"","_relevanssi_related_not_related":"","_relevanssi_related_posts":"14229,10143,10030,10101,11212,13765","_relevanssi_noindex_reason":"","_sitemap_exclude":false,"_sitemap_priority":"","_sitemap_frequency":"","_kad_blocks_custom_css":"","_kad_blocks_head_custom_js":"","_kad_blocks_body_custom_js":"","_kad_blocks_footer_custom_js":"","wp_popup_display_lightbox":0,"wp_popup_suppress":"","wp_popup_trigger":"","wp_popup_trigger_amount":0,"wp_popup_disable_on_mobile":false,"footnotes":""},"class_list":["post-73","page","type-page","status-publish","hentry"],"pp_statuses_selecting_workflow":false,"pp_workflow_action":"current","pp_status_selection":"publish","taxonomy_info":[],"featured_image_src_large":false,"author_info":{"display_name":"Ariana Enomoto","author_link":"https:\/\/hawaiipublicschools.org\/haw\/author\/arianastaceyleong-com\/"},"comment_info":0,"publishpress_future_action":{"enabled":false,"date":"2026-04-23 13:42:35","action":"change-status","newStatus":"draft","terms":[],"taxonomy":"","extraData":[]},"publishpress_future_workflow_manual_trigger":{"enabledWorkflows":[]},"_links":{"self":[{"href":"https:\/\/hawaiipublicschools.org\/haw\/wp-json\/wp\/v2\/pages\/73","targetHints":{"allow":["GET"]}}],"collection":[{"href":"https:\/\/hawaiipublicschools.org\/haw\/wp-json\/wp\/v2\/pages"}],"about":[{"href":"https:\/\/hawaiipublicschools.org\/haw\/wp-json\/wp\/v2\/types\/page"}],"author":[{"embeddable":true,"href":"https:\/\/hawaiipublicschools.org\/haw\/wp-json\/wp\/v2\/users\/8"}],"replies":[{"embeddable":true,"href":"https:\/\/hawaiipublicschools.org\/haw\/wp-json\/wp\/v2\/comments?post=73"}],"version-history":[{"count":0,"href":"https:\/\/hawaiipublicschools.org\/haw\/wp-json\/wp\/v2\/pages\/73\/revisions"}],"up":[{"embeddable":true,"href":"https:\/\/hawaiipublicschools.org\/haw\/wp-json\/wp\/v2\/pages\/69"}],"wp:attachment":[{"href":"https:\/\/hawaiipublicschools.org\/haw\/wp-json\/wp\/v2\/media?parent=73"}],"curies":[{"name":"wp","href":"https:\/\/api.w.org\/{rel}","templated":true}]}}