{"id":69,"date":"2024-09-04T22:39:00","date_gmt":"2024-09-04T22:39:00","guid":{"rendered":"https:\/\/hawaiipublicschools.org\/?page_id=69"},"modified":"2026-01-21T12:22:43","modified_gmt":"2026-01-21T22:22:43","slug":"school-food-services","status":"publish","type":"page","link":"https:\/\/hawaiipublicschools.org\/haw\/school-services\/school-food-services\/","title":{"rendered":"N\u0101 lawelawe mea\u02bbai kula"},"content":{"rendered":"<div class=\"wp-block-columns double_col_sidebar is-layout-flex wp-container-core-columns-is-layout-28f84493 wp-block-columns-is-layout-flex\">\n<div class=\"wp-block-column left_col is-layout-flow wp-block-column-is-layout-flow\">\n<p class=\"intro\" style=\"font-size:clamp(0.875rem, 0.875rem + ((1vw - 0.2rem) * 0.531), 1.3rem);\">H\u0101\u02bbawi ha\u02bbaheo k\u0101 m\u0101kou \u200b\u200b\u200b\u200b\u200b\u200b\u200b\u200b\u200b\u200b\u200b\u200b\u200b\u200b\u200b\u200b\u200b\u200b\u200b\u200b\u200b\u200b\u200b\u200b\u200b\u200b\u200b\u200b\u200b\u200b\u200b\u200b\u200b\u200b\u200b\u200b\u200b\u200b\u200b\u200b\u200b\u200b\u200b\u200b\u200b\u200b\u200b\u200b\u200b\u200b\u200b\u200b\u200b\u200b\u200b\u200b\u200b\u200b\u200b\u200b\u200b\u200b\u200b\u200b\u200b\u200b\u200b\u200b\u200b\u200b\u200b\u200b\u200b\u200b\u200b\u200b\u200b\u200b\u200b\u200b\u200b\u200b\u200b\u200b\u200b\u200b\u200b\u200b\u200b\u200b\u200b\u200b\u200b\u200b\u200b\u200b\u200b\u200b\u200b\u200b\u200b\u200b\u200b\u200b\u200b\u200b\u200b\u200b\u200b\u200b\u200b\u200b\u200b\u200b\u200b\u200b\u200b\u200b\u200b\u200b\u200b\u200b\u200b\u200b\u200b\u200b\u200b\u200b\u200b\u200b\u200b\u200b\u200b\u200b\u200b\u200b\u200b\u200b\u200b\u200b\u200b\u200b\u200b\u200b\u200b\u200b\u200b\u200b\u200b\u200b\u200b\u200b\u200b\u200b\u200b\u200b\u200b\u200b\u200b\u200b\u200b\u200b\u200b\u200b\u200b\u200b\u200b\u200b\u200b\u200b\u200b\u200b\u200b\u200b\u200b\u200b\u200b\u200b\u200b\u200b\u200b\u200b\u200b\u200b\u200b\u200b\u200b\u200b\u200b\u200b\u200b\u200b\u200b\u200b\u200b\u200b: Ho\u02bbok\u014d n\u0101 kula i k\u0101 l\u0101kou papahana mea\u02bbai e like me n\u0101 papahana mea\u02bbai keiki federal, moku\u02bb\u0101ina a k\u016bloko.<\/p>\n\n\n\n<p><\/p>\n\n\n\n<h2 class=\"wp-block-heading\">E noi i n\u0101 mea\u02bbai manuahi a i \u02bbole ka ho\u02bbemi \u02bbia<\/h2>\n\n\n\n<p>Hiki i n\u0101 \u02bbohana i k\u016bpono i n\u0101 p\u014dmaika\u02bbi p\u0101\u02bbina manuahi a ho\u02bbemi \u02bbia ke ho\u02bbouna i kahi noi p\u016bnaewele ma <a href=\"https:\/\/secure.ezmealapp.com\/Default.aspx\">EZMealApp<\/a>. E alaka\u02bbi k\u0113ia polokalamu p\u016bnaewele i\u0101 \u02bboe i kahi ka\u02bbina noi ma\u02bbalahi.<\/p>\n\n\n\n<h2 class=\"wp-block-heading\">School year 2025-26 meal prices<\/h2>\n\n\n\n<figure class=\"wp-block-table\"><table class=\"has-fixed-layout\"><thead><tr><th><strong>\u02bbAno Haum\u0101na<\/strong><\/th><th class=\"has-text-align-center\" data-align=\"center\"><strong>Kumukuai<\/strong><\/th><\/tr><\/thead><tbody><tr><td colspan=\"2\"><strong>PAHAAKAKA<\/strong><\/td><\/tr><tr><td>Haum\u0101na ha\u02bbaha\u02bba (PreK-8)<\/td><td class=\"has-text-align-center\" data-align=\"center\">$1.10<\/td><\/tr><tr><td>Haum\u0101na ki\u02bbeki\u02bbe (9-12)<\/td><td class=\"has-text-align-center\" data-align=\"center\">$1.10<\/td><\/tr><tr><td><strong>Reduced-price student (PreK-12)<\/strong><\/td><td class=\"has-text-align-center\" data-align=\"center\"><strong>No Charge<\/strong><\/td><\/tr><tr><td>Free student (PreK-12)<\/td><td class=\"has-text-align-center\" data-align=\"center\">No Charge<\/td><\/tr><tr><td>Student second meal<\/td><td class=\"has-text-align-center\" data-align=\"center\">$3.50<\/td><\/tr><tr><td>makua<\/td><td class=\"has-text-align-center\" data-align=\"center\">$3.50<\/td><\/tr><tr><td colspan=\"2\"><strong>AINA AINA<\/strong><\/td><\/tr><tr><td>Haum\u0101na ha\u02bbaha\u02bba (PreK-8)<\/td><td class=\"has-text-align-center\" data-align=\"center\">$2.50<\/td><\/tr><tr><td>Haum\u0101na ki\u02bbeki\u02bbe (9-12)<\/td><td class=\"has-text-align-center\" data-align=\"center\">$2.75<\/td><\/tr><tr><td><strong>Reduced-price student (PreK-12)<\/strong><\/td><td class=\"has-text-align-center\" data-align=\"center\"><strong>No Charge<\/strong><\/td><\/tr><tr><td>Free student (PreK-12)<\/td><td class=\"has-text-align-center\" data-align=\"center\">No Charge<\/td><\/tr><tr><td>Ho\u02bbokomo<\/td><td class=\"has-text-align-center\" data-align=\"center\">$2.25<\/td><\/tr><tr><td>Student second meal<\/td><td class=\"has-text-align-center\" data-align=\"center\">$7.50<\/td><\/tr><tr><td>makua<\/td><td class=\"has-text-align-center\" data-align=\"center\">$7.50<\/td><\/tr><\/tbody><\/table><\/figure>\n<\/div>\n<\/div>\n\n\n\n<p><\/p>\n\n\n\n<p><\/p>\n\n\n\n<h2 class=\"wp-block-heading\">OLELO HOOLAHA OLE USDA<\/h2>\n\n\n\n<p>E like me ke k\u0101n\u0101wai k\u012bwila federal a me n\u0101 lula a me n\u0101 kulekele k\u012bwila o ka US Department of Agriculture (USDA), ua p\u0101p\u0101 \u02bbia k\u0113ia ke\u02bbena mai ka ho\u02bbokae \u02bbana ma muli o ka l\u0101hui, ka waiho\u02bbolu\u02bbu, ke \u02bbano o ka l\u0101hui, ka wahine (me ka \u02bbike k\u0101ne k\u0101ne a me ka mana\u02bbo wahine), ke k\u012bn\u0101, ka makahiki, a i \u02bbole ka ho\u02bbopa\u02bbi a i \u02bbole ka ho\u02bbopa\u02bbi \u02bbana no ka hana pono k\u012bwila ma mua.<\/p>\n\n\n\n<p>Hiki ke loa\u02bba ka \u02bbike papahana ma n\u0101 \u02bb\u014dlelo \u02bb\u0113 a\u02bbe ma waho o ka \u02bb\u014dlelo Pelekania. Pono n\u0101 po\u02bbe me ke kino k\u012bn\u0101 e koi ana i n\u0101 ala kama\u02bbilio \u02bb\u0113 a\u02bbe e loa\u02bba ai ka \u02bbike o ka papahana (e la\u02bba, Braille, pa\u02bbi nui, leo leo, American Sign Language), pono e kelepona i ka moku\u02bb\u0101ina kuleana a i \u02bbole ke ke\u02bbena k\u016bloko e ho\u02bbokele nei i ka papahana a i \u02bbole USDA&#039;s TARGET Center ma (202) 720-2600 (leo a me TTY) a i \u02bbole e kelepona i\u0101 USDA ma o ka Federal Relay Service ma (700) 387.<\/p>\n\n\n\n<p>No ka waiho \u02bbana i kahi ho\u02bbopi\u02bbi ho\u02bbokae papahana, pono ka mea ho\u02bbopi\u02bbi e ho\u02bbopiha i kahi Form AD-3027, USDA Program Discrimination Complaint Form i hiki ke loa\u02bba ma ka p\u016bnaewele ma:&nbsp;<a href=\"https:\/\/www.usda.gov\/sites\/default\/files\/documents\/USDA-OASCR%20P-Complaint-Form-0508-0002-508-11-28-17Fax2Mail.pdf\" target=\"_blank\" rel=\"noreferrer noopener\">https:\/\/www.usda.gov\/sites\/default\/files\/documents\/USDA-OASCR%20P-Complaint-Form-0508-0002-508-11-28-17Fax2Mail.pdf<\/a>, mai kekahi ke\u02bbena USDA, ma ke kelepona \u02bbana (866) 632-9992, a i \u02bbole ma ke k\u0101kau \u02bbana i kahi leka i kuhikuhi \u02bbia i\u0101 USDA. Pono i loko o ka leka ka inoa o ka mea ho\u02bbopi\u02bbi, helu wahi, helu kelepona, a me kahi wehewehe i k\u0101kau \u02bbia no ka hana ho\u02bbokae i \u02bb\u014dlelo \u02bbia me n\u0101 kiko\u02bb\u012b k\u016bpono e ho\u02bbomaopopo i ke Kakauolelo Kokua no n\u0101 Kuleana Kivila (ASCR) e pili ana i ke \u02bbano a me ka l\u0101 i \u02bb\u014dlelo \u02bbia he uhaki pono k\u012bwila. Pono e waiho \u02bbia ka palapala AD-3027 i ho\u02bbopau \u02bbia i USDA e:<\/p>\n\n\n\n<ul class=\"wp-block-list\">\n<li><strong>leka uila:<\/strong><br>Oihana Mahiai o Amerika<br>Keena o ke Kokua Kakauolelo no na Pono Kivila<br>1400 Alanui K\u016b\u02bboko\u02bba, SW<br>Wasinetona, DC 20250-9410; a i \u02bbole<\/li>\n\n\n\n<li><strong>fax:<\/strong><br>(833) 256-1665 a i \u02bbole (202) 690-7442; a i \u02bbole<\/li>\n\n\n\n<li><strong>leka uila:<\/strong><br><a href=\"mailto:program.intake@usda.gov\" target=\"_blank\" rel=\"noreferrer noopener\">program.intake@usda.gov<\/a><\/li>\n<\/ul>\n\n\n\n<p>\u02bbO k\u0113ia ke\u02bbena he mea h\u0101\u02bbawi manawa like.<\/p>\n\n\n\n<p><\/p>","protected":false},"excerpt":{"rendered":"<p>Our \u200b\u200b\u200b\u200b\u200b\u200b\u200b\u200b\u200b\u200b\u200b\u200b\u200b\u200b\u200b\u200b\u200b\u200b\u200b\u200b\u200b\u200b\u200b\u200b\u200b\u200bSchool Food Services Branch proudly serves over 100,000 nutritionally balanced, affordable student meals a day. Schools implement their meal programs in compliance with federal, state and local child nutrition programs. Apply for free or reduced meals Families who qualify for free and reduced-price meal benefits can submit an online application on EZMealApp. This online [&hellip;]<\/p>","protected":false},"author":8,"featured_media":0,"parent":59,"menu_order":18,"comment_status":"closed","ping_status":"closed","template":"","meta":{"_relevanssi_hide_post":"","_relevanssi_hide_content":"","_relevanssi_pin_for_all":"","_relevanssi_pin_keywords":"","_relevanssi_unpin_keywords":"","_relevanssi_related_keywords":"","_relevanssi_related_include_ids":"","_relevanssi_related_exclude_ids":"","_relevanssi_related_no_append":"","_relevanssi_related_not_related":"","_relevanssi_related_posts":"15617,9731,14121,10905,10914,9946","_relevanssi_noindex_reason":"","_sitemap_exclude":false,"_sitemap_priority":"","_sitemap_frequency":"","_kad_blocks_custom_css":"","_kad_blocks_head_custom_js":"","_kad_blocks_body_custom_js":"","_kad_blocks_footer_custom_js":"","wp_popup_display_lightbox":0,"wp_popup_suppress":"","wp_popup_trigger":"","wp_popup_trigger_amount":0,"wp_popup_disable_on_mobile":false,"footnotes":""},"class_list":["post-69","page","type-page","status-publish","hentry"],"pp_statuses_selecting_workflow":false,"pp_workflow_action":"current","pp_status_selection":"publish","taxonomy_info":[],"featured_image_src_large":false,"author_info":{"display_name":"Ariana Enomoto","author_link":"https:\/\/hawaiipublicschools.org\/haw\/author\/arianastaceyleong-com\/"},"comment_info":0,"publishpress_future_action":{"enabled":false,"date":"2026-05-06 11:57:25","action":"change-status","newStatus":"draft","terms":[],"taxonomy":"","extraData":[]},"publishpress_future_workflow_manual_trigger":{"enabledWorkflows":[]},"_links":{"self":[{"href":"https:\/\/hawaiipublicschools.org\/haw\/wp-json\/wp\/v2\/pages\/69","targetHints":{"allow":["GET"]}}],"collection":[{"href":"https:\/\/hawaiipublicschools.org\/haw\/wp-json\/wp\/v2\/pages"}],"about":[{"href":"https:\/\/hawaiipublicschools.org\/haw\/wp-json\/wp\/v2\/types\/page"}],"author":[{"embeddable":true,"href":"https:\/\/hawaiipublicschools.org\/haw\/wp-json\/wp\/v2\/users\/8"}],"replies":[{"embeddable":true,"href":"https:\/\/hawaiipublicschools.org\/haw\/wp-json\/wp\/v2\/comments?post=69"}],"version-history":[{"count":0,"href":"https:\/\/hawaiipublicschools.org\/haw\/wp-json\/wp\/v2\/pages\/69\/revisions"}],"up":[{"embeddable":true,"href":"https:\/\/hawaiipublicschools.org\/haw\/wp-json\/wp\/v2\/pages\/59"}],"wp:attachment":[{"href":"https:\/\/hawaiipublicschools.org\/haw\/wp-json\/wp\/v2\/media?parent=69"}],"curies":[{"name":"wp","href":"https:\/\/api.w.org\/{rel}","templated":true}]}}