{"id":61,"date":"2024-09-04T22:34:08","date_gmt":"2024-09-04T22:34:08","guid":{"rendered":"https:\/\/hawaiipublicschools.org\/?page_id=61"},"modified":"2025-11-26T13:24:54","modified_gmt":"2025-11-26T23:24:54","slug":"library","status":"publish","type":"page","link":"https:\/\/hawaiipublicschools.org\/haw\/school-services\/library\/","title":{"rendered":"N\u0101 lawelawe Media Library"},"content":{"rendered":"<p class=\"intro\">He waiwai waiwai n\u0101 papahana a me n\u0101 lawelawe hale waihona puke o k\u0101 m\u0101kou kula no n\u0101 haum\u0101na a me n\u0101 kumu, e ulu ana no ka ho\u02bbok\u014d \u02bbana i n\u0101 pono i ka w\u0101 kikoho\u02bbe. K\u014dkua k\u0113ia mau papahana i ka ho\u02bboikaika \u02bbana i ke a\u02bbo \u02bbana, ka m\u0101lama \u02bbana i n\u0101 kumuwaiwai, ka ho\u02bbomohala \u02bbana i ke kama\u02bb\u0101ina kuleana a me ke aloha, a ho\u02bbopa\u02bba i n\u0101 pilina k\u016bloko a me ka honua.<\/p>\n\n\n\n<div class=\"wp-block-columns double_col_sidebar is-layout-flex wp-container-core-columns-is-layout-28f84493 wp-block-columns-is-layout-flex\">\n<div class=\"wp-block-column left_col is-layout-flow wp-block-column-is-layout-flow\">\n<p>Ho\u02bbopili ka Office of Curriculum and Instructional Design&#039;s Library Media Services (LMS) me n\u0101 kahu waihona puke o ke kula aupuni o Hawai\u02bbi ma o ka laulima \u02bbana, ka hana hou, ka \u02bb\u014dlelo a\u02bbo a me ka ho\u02bbomohala \u02bboihana e ho\u02bbom\u0101kaukau i k\u0101 m\u0101kou mau haum\u0101na me n\u0101 m\u0101kau a me ka \u02bbike e lilo i po\u02bbe k\u014dkua maika\u02bbi a i komo p\u016b i ka hui honua. \u02bbO n\u0101 pahuhopu:<\/p>\n\n\n\n<ul class=\"wp-block-list\">\n<li>E ho\u02bbolaha a k\u0101ko\u02bbo i n\u0101 papahana media waihona kula hou e ho\u02bboh\u0101like ana i n\u0101 Elements of a Quality School Library Media Program.<\/li>\n\n\n\n<li>E paipai a paipai i ka ho\u02bbohana pono \u02bbana o ka \u02bbenehana no ke a\u02bbo \u02bbana, ho\u02bbonui i ka ho\u02bbol\u0101l\u0101 a\u02bbo \u02bbana a me ka ho\u02bbomohala \u02bbohi.<\/li>\n\n\n\n<li>E k\u0101ko\u02bbo a h\u0101nai i ke aloha heluhelu a me n\u0101 ma\u02bbamau o ke a\u02bbo \u02bbana i ke ola.<\/li>\n\n\n\n<li>E ho\u02bbolako i n\u0101 hale waihona puke kula me ke a\u02bbo a\u02bboa\u02bbo k\u016bpono a hiki ke loa\u02bba, ka \u02bboihana p\u016bnaewele a me ka hui p\u016b \u02bbana ma o ka \u02bbenehana a me n\u0101 mea hana kama\u02bbilio.<\/li>\n\n\n\n<li>E ho\u02bbolako i n\u0101 hale waihona puke kula i n\u0101 manawa ho\u02bbomohala \u02bboihana e ho\u02bbomaika\u02bbi mau a ho\u02bboikaika i n\u0101 lawelawe media waihona e k\u016bpono i n\u0101 pono o n\u0101 haum\u0101na o k\u0113ia mau l\u0101.<\/li>\n\n\n\n<li>No ka noi\u02bbi \u02bbana a me ke k\u016bk\u0101k\u016bk\u0101 \u02bbana i n\u0101 kumu k\u016b\u02bbai consortium no n\u0101 kumuwaiwai ho\u02bbona\u02bbauao kikoho\u02bbe a me n\u0101 mea hana i k\u016blike me n\u0101 mea nui o ka \u02bb\u0101ina, moku\u02bb\u0101ina a me ke kula.<\/li>\n<\/ul>\n\n\n\n<p>E n\u0101n\u0101 p\u016b me ke kahu waihona puke o k\u0101u kula no n\u0101 kumuwaiwai a me n\u0101 papahana.<\/p>\n\n\n\n<h2 class=\"wp-block-heading\">komo i ka ho\u02bbok\u016bk\u016b moku\u02bb\u0101ina<\/h2>\n\n\n\n<h3 class=\"wp-block-heading\">2025-26 #808Reads Challenge: Your Next Chapter<\/h3>\n\n\n\n<p>Ke kono nei ka Office of Curriculum and Instructional Design i n\u0101 kula e komo i ka&nbsp;<a href=\"https:\/\/808reads.k12.hi.us\/\">2025-26&nbsp;#808Reads Challenge:&nbsp;<strong>Your Next Chapter<\/strong><\/a>&nbsp;now through May 21, 2026. Our goal is to log a combined 13 million reading minutes by the end of the school year. Students and staff earn digital badges when they read and log minutes in the Beanstack app.&nbsp; Librarians and teachers can easily use the Beanstack digital reading log to organize and manage classroom, grade level and school-wide reading efforts.&nbsp;<a href=\"\/wp-content\/uploads\/808-Reads-SY2025-26-Flyer.pdf\" target=\"_blank\" rel=\"noreferrer noopener\">View the 2025-26 #808Reads Challenge: Your Next Chapter Flyer (PDF)<\/a><\/p>\n\n\n\n<h3 class=\"wp-block-heading wp-embed-aspect-16-9 wp-has-aspect-ratio\">Papahana Beanstack<\/h3>\n\n\n\n<p class=\"wp-embed-aspect-16-9 wp-has-aspect-ratio\">E ho\u02bbohana i ka polokalamu Beanstack manuahi e komo i ka #808Reads Challenge. E \u02bbimi i k\u0101u kula ma ka papa inoa a e komo p\u016b me k\u0101u helu ID haum\u0101na.<\/p>\n\n\n\n<figure class=\"wp-block-embed is-type-video is-provider-vimeo wp-block-embed-vimeo wp-embed-aspect-16-9 wp-has-aspect-ratio\"><div class=\"wp-block-embed__wrapper\">\n<iframe loading=\"lazy\" title=\"#808Heluhelu Helu\" src=\"https:\/\/player.vimeo.com\/video\/468671221?dnt=1&amp;app_id=122963\" width=\"500\" height=\"281\" frameborder=\"0\" allow=\"autoplay; fullscreen; picture-in-picture; clipboard-write; encrypted-media; web-share\" referrerpolicy=\"strict-origin-when-cross-origin\"><\/iframe>\n<\/div><\/figure>\n\n\n\n<h2 class=\"wp-block-heading wp-embed-aspect-16-9 wp-has-aspect-ratio\">Ka\u02bbana like \u02bbana eBook ma o Sora<\/h2>\n\n\n\n<figure class=\"wp-block-embed is-type-video is-provider-vimeo wp-block-embed-vimeo\"><div class=\"wp-block-embed__wrapper\">\n<iframe loading=\"lazy\" title=\"Sora Overview\" src=\"https:\/\/player.vimeo.com\/video\/451246842?dnt=1&amp;app_id=122963\" width=\"500\" height=\"301\" frameborder=\"0\" allow=\"autoplay; fullscreen; picture-in-picture; clipboard-write; encrypted-media; web-share\" referrerpolicy=\"strict-origin-when-cross-origin\"><\/iframe>\n<\/div><\/figure>\n\n\n\n<p class=\"wp-embed-aspect-16-9 wp-has-aspect-ratio\">Hiki i n\u0101 haum\u0101na a me n\u0101 kumu kula aupuni o Hawai\u02bbi ke loa\u02bba i ka Shared eBook Collection ma o ka polokalamu Sora e h\u0101\u02bbawi 24\/7 i ka loa\u02bba \u02bbana i n\u0101 tausani o n\u0101 eBook, n\u0101 puke leo a me n\u0101 puke heluhelu e hiki ke le\u02bbale\u02bba \u02bbia ma n\u0101 paepae nui a me n\u0101 mea hana. E \u02bb\u014dlelo aloha i n\u0101 puke i hala a nalowale paha! Makemake \u02bboe e n\u0101n\u0101 i kahi eBook?<\/p>\n\n\n\n<ul class=\"wp-block-list wp-embed-aspect-16-9 wp-has-aspect-ratio\">\n<li>E ki\u02bbi i ka H\u014d\u02bbili\u02bbili eBook Shared ma o&nbsp;<a href=\"https:\/\/soraapp.com\/library\/hidoe\" target=\"_blank\" rel=\"noreferrer noopener\">Sora<\/a><\/li>\n\n\n\n<li>E ho\u02bbohana i ke code ho\u02bbonohonoho: HIDOE<\/li>\n\n\n\n<li><a href=\"https:\/\/hidoe.libguides.com\/training\/sora\" target=\"_blank\" rel=\"noreferrer noopener\">N\u0101 \u02bb\u014clelo Ho\u02bbomaka<\/a><\/li>\n<\/ul>\n\n\n\n<p class=\"wp-embed-aspect-16-9 wp-has-aspect-ratio\"><\/p>\n\n\n\n<h2 class=\"wp-block-heading wp-embed-aspect-16-9 wp-has-aspect-ratio\">N\u0101 K\u016blana a me n\u0101 ka\u02bbina hana<\/h2>\n\n\n\n<h3 class=\"wp-block-heading wp-embed-aspect-16-9 wp-has-aspect-ratio\">Kulekele Koho Mea Waihona Puke<\/h3>\n\n\n\n<p class=\"wp-embed-aspect-16-9 wp-has-aspect-ratio\">\u02bbO ka pahuhopu nui o ka papahana media waihona kula \u02bbo ia ka ho\u02bbok\u014d, ho\u02bbowaiwai a k\u0101ko\u02bbo i ka papahana ho\u02bbona\u02bbauao o ke kula. Ma kahi o ke koho \u02bbana i n\u0101 kumuwaiwai, h\u0101\u02bbawi n\u0101 papahana media waihona kula i kahi \u0101kea o n\u0101 mea ma n\u0101 pae like \u02bbole o ka pa\u02bbakik\u012b, me ka no\u02bbono\u02bbo \u02bbana i ka \u02bboko\u02bba a me n\u0101 mana\u02bbo like \u02bbole. Aia k\u0113ia mau mea ma n\u0101 \u02bbano kikoho\u02bbe, n\u0101 \u02bbano puke \u02bbole a me ka p\u016bnaewele. Pono n\u0101 papahana Media Library Library:<\/p>\n\n\n\n<ul class=\"wp-block-list wp-embed-aspect-16-9 wp-has-aspect-ratio\">\n<li>H\u0101\u02bbawi i n\u0101 mea e ho\u02bbowaiwai a k\u0101ko\u02bbo i ka ha\u02bbawina ma o ka hui p\u016b \u02bbana me n\u0101 mea kuleana a\u02bboa\u02bbo a me n\u0101 \u02bbikepili k\u016bpono, me ka no\u02bbono\u02bbo \u02bbana i n\u0101 makemake like \u02bbole, n\u0101 m\u0101kaukau, n\u0101 pono a\u02bbo, n\u0101 \u02bbano a\u02bbo a me n\u0101 pae o\u02bbo o n\u0101 haum\u0101na i lawelawe \u02bbia.<\/li>\n\n\n\n<li>E ho\u02bbolako i n\u0101 kumu no n\u0101 kumu a me n\u0101 haum\u0101na e pili ana i ko l\u0101kou mau pono e ho\u02bboikaika i ka ulu \u02bbana o ka \u02bbike, a k\u014dkua i ka ho\u02bbomohala \u02bbana i ka mahalo mo\u02bbokalaleo, ka mo\u02bbomeheu a me ka nani a me n\u0101 k\u016blana k\u016bpono.<\/li>\n\n\n\n<li>H\u0101\u02bbawi i n\u0101 mea e h\u014d\u02bbike ana i n\u0101 mana\u02bbo \u0101kea a me n\u0101 mana\u02bbo\u02bbi\u02bbo o n\u0101 hui ho\u02bbomana, pilikanaka, politika, m\u014d\u02bbaukala, a me k\u0101 l\u0101kou h\u0101\u02bbawi \u02bbana i n\u0101 ho\u02bboilina a me n\u0101 mo\u02bbomeheu k\u016bloko, l\u0101hui a me ka honua, a laila e hiki ai i n\u0101 haum\u0101na ke ho\u02bbomohala i ka pono na\u02bbauao i ka ho\u02bbokumu \u02bbana i n\u0101 ho\u02bboholo k\u016bpono.<\/li>\n\n\n\n<li>H\u0101\u02bbawi i n\u0101 \u02bbano pa\u02bbi, pa\u02bbi \u02bbole, kikoho\u02bbe a me n\u0101 \u02bbano p\u016bnaewele e k\u0101ko\u02bbo i ke a\u02bbo \u02bbana o n\u0101 haum\u0101na.<\/li>\n\n\n\n<li>E kau i ka mana\u02bbo ma luna o ka mana\u02bbo pilikino a me ke kumu ma mua o ka mana\u02bbo \u02bbino i ke koho \u02bbana i n\u0101 mea o ke \u02bbano ki\u02bbeki\u02bbe loa i mea e h\u014d\u02bboia ai i kahi h\u014d\u02bbili\u02bbili piha i k\u016bpono i n\u0101 mea ho\u02bbohana o ka waihona kula.<\/li>\n<\/ul>\n\n\n\n<h3 class=\"wp-block-heading wp-embed-aspect-16-9 wp-has-aspect-ratio\" id=\"controversial-issues\">Kulekele 101-13 no n\u0101 pilikia ho\u02bbopa\u02bbapa\u02bba:<\/h3>\n\n\n\n<p class=\"wp-embed-aspect-16-9 wp-has-aspect-ratio\">E no\u02bbono\u02bbo \u02bbia ke k\u016bk\u0101k\u016bk\u0101 \u02bbana o n\u0101 haum\u0101na i n\u0101 pilikia e ho\u02bbopuka ana i n\u0101 mana\u02bbo k\u016b\u02bb\u0113 i ke \u02bbano ma\u02bbamau o ke ka\u02bbina a\u02bbo ma k\u0113l\u0101 me k\u0113ia wahi o ka papahana kula. E ho\u02bboholo \u02bbia ka hohonu o ke k\u016bk\u0101k\u016bk\u0101 \u02bbana ma muli o ke o\u02bbo \u02bbana o n\u0101 haum\u0101na. E kuhikuhi n\u0101 kumu i n\u0101 haum\u0101na i n\u0101 kumuwaiwai e h\u014d\u02bbike ana i n\u0101 mana\u02bbo like \u02bbole. E m\u0101lama \u02bbia n\u0101 k\u016bk\u0101k\u016bk\u0101 \u02bbana, me n\u0101 ha\u02bbawina a ke kumu a i \u02bbole ke kanaka kumu waiwai, ma ke kumu maoli. E ho\u02bbokau \u02bbia ke ko\u02bbiko\u02bbi ma ke a\u02bbo \u02bbana pehea e ho\u02bboholo ai ma muli o n\u0101 \u02bbike maoli. N\u0101n\u0101 i ka <a href=\"http:\/\/boe.hawaii.gov\/policies\/Board%20Policies\/Controversial%20Issues.pdf\" target=\"_blank\" rel=\"noreferrer noopener\">Kulekele 101-13: N\u0101 Pilikia Ho\u02bbopa\u02bbapa\u02bba (PDF)<\/a>.<\/p>\n\n\n\n<h3 class=\"wp-block-heading\">Mokuna 57: HRS 8-57-1:<\/h3>\n\n\n\n<p><em>Ho\u02bbiho\u02bbi hou no n\u0101 puke i nalowale a poh\u014d, n\u0101 lako, n\u0101 lako, a me n\u0101 kuleana k\u0101l\u0101 ko\u02bbiko\u02bbi.<\/em><\/p>\n\n\n\n<p>Na ke Ke\u02bbena ke kuleana no ka ho\u02bbolako \u02bbana i n\u0101 haum\u0101na i n\u0101 mea a\u02bbo k\u016bpono. Ke ho\u02bbiho\u02bbi \u02bbole n\u0101 haum\u0101na i n\u0101 mea a me n\u0101 kumuwaiwai i h\u014d\u02bbai\u02bb\u0113 \u02bbia, ho\u02bbonele \u02bbia n\u0101 haum\u0101na \u02bb\u0113 a\u02bbe i k\u0113ia mau mea a mana\u02bbo \u02bbia ka \u02bboihana e k\u016b\u02bbai i n\u0101 kope pani. Pono ka Mokuna 57 i n\u0101 haum\u0101na ke kuleana no ka uku \u02bbana i n\u0101 uku i koi \u02bbia a no ka ho\u02bbiho\u02bbi \u02bbana i n\u0101 waiwai kula i nalowale ma muli o ko l\u0101kou m\u0101lama \u02bbole \u02bbana. H\u0101\u02bbawi ia i n\u0101 hopena no n\u0101 haum\u0101na i uku \u02bbole a uku i n\u0101 uku koi. \u02bbOiai e \u02bbae k\u0113ia kulekele i n\u0101 kula e k\u0101ohi i n\u0101 haum\u0101na mai ke komo \u02bbana i n\u0101 ha\u02bbuki a me n\u0101 hana co-curricular in\u0101 loa\u02bba i\u0101 l\u0101kou n\u0101 kuleana k\u0101l\u0101 ko\u02bbiko\u02bbi, ua h\u0101\u02bbawi \u02bbia k\u0113ia mau alaka\u02bbi e k\u014dkua i n\u0101 kula i ka ho\u02bbohana \u02bbana i k\u0113ia mau palena me ke k\u016blike. \u02bbO ka ho\u02bbohana \u02bbana i k\u0113ia mau alaka\u02bbi a puni ka moku\u02bb\u0101ina e h\u014d\u02bboia i ka m\u0101lama \u02bbia \u02bbana o n\u0101 haum\u0101na me ke kaulike a me ke kaulike.<\/p>\n\n\n\n<h2 class=\"wp-block-heading\">N\u0101 kumuwaiwai<\/h2>\n\n\n\n<h3 class=\"wp-block-heading\">Kuleana kope a me ka ho\u02bbohana k\u016bpono&nbsp;<\/h3>\n\n\n\n<p>Aponoia ka Papa Hoonaauao<a href=\"http:\/\/boe.hawaii.gov\/policies\/Board%20Policies\/Copyright.pdf\" target=\"_blank\" rel=\"noreferrer noopener\"> Kulekele 900-2, Kuleana kope (PDF)<\/a>, e h\u014d\u02bboia i ka ho\u02bbomaopopo \u02bbana o n\u0101 limahana HIDOE, n\u0101 limahana a me n\u0101 haum\u0101na i ke kuleana kope a me ke k\u0101n\u0101wai ho\u02bbohana k\u016bpono. Loa\u02bba n\u0101 \u02bbike ma ka <a href=\"http:\/\/www.copyright.gov\/\" target=\"_blank\" rel=\"noreferrer noopener\">paena mana kope federal<\/a>.<\/p>\n\n\n\n<h3 class=\"wp-block-heading\">Heluhelu Manao<\/h3>\n\n\n\n<ul class=\"wp-block-list\">\n<li><strong><a href=\"https:\/\/www.neneaward.org\" target=\"_blank\" rel=\"noreferrer noopener\">N\u0101 makana Nene (Papa 4-6)<\/a>:<\/strong> Paipai i ka heluhelu a me ke k\u016bk\u0101k\u016bk\u0101 \u02bbana i n\u0101 palapala. Paipai \u02bbia n\u0101 haum\u0101na o ka papa 4 a 6 e heluhelu i n\u0101 Koho Nene, e k\u016bk\u0101k\u016bk\u0101 me n\u0101 haum\u0101na a me n\u0101 papa \u02bb\u0113 a\u02bbe, a laila koho i k\u0101 l\u0101kou inoa punahele.<\/li>\n\n\n\n<li><strong><a href=\"https:\/\/www.librarieshawaii.org\/\" data-type=\"link\" data-id=\"https:\/\/www.librarieshawaii.org\/\" target=\"_blank\" rel=\"noreferrer noopener\">\u02bbO ka P\u016bnaehana Waihona Puke o ka Moku\u02bb\u0101ina \u02bbo Hawai\u02bbi<\/a> (HSPLS):<\/strong> H\u0101\u02bbawi i n\u0101 puke a me n\u0101 mea \u02bb\u0113 a\u02bbe e ho\u02bboulu i ke aloha i ka heluhelu a me ke a\u02bbo \u02bbana i ke ola o n\u0101 keiki. Ho\u02bboikaika ko m\u0101kou mau l\u0101l\u0101 waihona e hana i kahi palekana a kono \u02bbia no n\u0101 keiki e \u02bbimi i kahi honua o n\u0101 po\u02bbe hoihoi a me n\u0101 mana\u02bbo. Ua ho\u02bbomohala n\u0101 hale waihona puke HSPLS <a href=\"https:\/\/www.librarieshawaii.org\/read\/reading-lists\/\" target=\"_blank\" rel=\"noreferrer noopener\">papa helu heluhelu no na keiki<\/a> ma n\u0101 papa like \u02bbole.<\/li>\n\n\n\n<li><strong><a href=\"https:\/\/www.ala.org\/alsc\/awardsgrants\/bookmedia\/caldecott\" target=\"_blank\" rel=\"noreferrer noopener\">Medal Caldecott<\/a>:<\/strong> Kapa \u02bbia i ka hanohano o ka 19th Century English illustrator Randolph Caldecott, h\u0101\u02bbawi \u02bbia ia i k\u0113l\u0101 me k\u0113ia makahiki e ka Association for Library Service to Children, kahi mahele o ka American Library Association, i ka mea pena ki\u02bbi o ka puke ki\u02bbi kaulana \u02bbAmelika no n\u0101 keiki.<\/li>\n\n\n\n<li><strong><a href=\"https:\/\/www.ala.org\/alsc\/awardsgrants\/bookmedia\/newbery\" target=\"_blank\" rel=\"noreferrer noopener\">Medal Newbery<\/a>:<\/strong> Kapa \u02bbia no ka mea k\u016b\u02bbai puke Pelekane \u02bbo 18th Century \u02bbo John Newbery. H\u0101\u02bbawi \u02bbia ia i k\u0113l\u0101 me k\u0113ia makahiki e ka Association for Library Service to Children, kahi mahele o ka American Library Association, i ka mea k\u0101kau o ka h\u0101\u02bbawi hanohano loa i n\u0101 palapala \u02bbAmelika no n\u0101 keiki.<\/li>\n<\/ul>\n\n\n\n<p><\/p>\n<\/div>\n\n\n\n<div class=\"wp-block-column right_col is-layout-flow wp-block-column-is-layout-flow\"><div class=\"kb-row-layout-wrap kb-row-layout-id1050_d76aa3-f2 alignnone wp-block-kadence-rowlayout\"><div class=\"kt-row-column-wrap kt-has-2-columns kt-row-layout-row kt-tab-layout-row kt-mobile-layout-row kt-row-valign-top\">\n\n<div class=\"wp-block-kadence-column kadence-column1050_63c690-aa\"><div class=\"kt-inside-inner-col\">\n<figure class=\"wp-block-image size-full no_margin\"><img loading=\"lazy\" decoding=\"async\" width=\"1200\" height=\"898\" src=\"https:\/\/hawaiipublicschools.org\/wp-content\/uploads\/2024\/12\/Kalo.jpg\" alt=\"Close up photo of kalo leaves\" class=\"wp-image-2356\" style=\"aspect-ratio:4\/3;object-fit:cover\" srcset=\"https:\/\/hawaiipublicschools.org\/wp-content\/uploads\/2024\/12\/Kalo.jpg 1200w, https:\/\/hawaiipublicschools.org\/wp-content\/uploads\/2024\/12\/Kalo-300x225.jpg 300w, https:\/\/hawaiipublicschools.org\/wp-content\/uploads\/2024\/12\/Kalo-1024x766.jpg 1024w, https:\/\/hawaiipublicschools.org\/wp-content\/uploads\/2024\/12\/Kalo-768x575.jpg 768w, https:\/\/hawaiipublicschools.org\/wp-content\/uploads\/2024\/12\/Kalo-16x12.jpg 16w\" sizes=\"auto, (max-width: 1200px) 100vw, 1200px\" \/><\/figure>\n<\/div><\/div>\n\n\n\n<div class=\"wp-block-kadence-column kadence-column1050_6ae211-6a\"><div class=\"kt-inside-inner-col\">\n<h5 class=\"wp-block-heading has-base-color has-text-color has-link-color wp-elements-91735848e86ea283e0928ede427b944c\" style=\"margin-top:0px;padding-top:0;padding-bottom:0.5rem;font-size:1.4vw\">NO KA IKE HOU<\/h5>\n\n\n\n<p class=\"has-base-color has-text-color has-link-color wp-elements-73de11a7dc8419c68045457638ce71c1\"><strong>N\u0101 lawelawe Media Library<\/strong><br>Kelepona: 808-784-6480<br><a href=\"mailto:808libraries@k12.hi.us\" target=\"_blank\" rel=\"noreferrer noopener\">leka uila<\/a><\/p>\n<\/div><\/div>\n\n<\/div><\/div><\/div>\n<\/div>","protected":false},"excerpt":{"rendered":"<p>Our school library media programs and services are a valuable resource for students and teachers, evolving to meet needs in a digital age. These programs help to promote active learning, curate resources, develop responsible and compassionate citizenship, and forge local and global connections. The Office of Curriculum and Instructional Design&#8217;s Library Media Services (LMS) program [&hellip;]<\/p>","protected":false},"author":8,"featured_media":0,"parent":59,"menu_order":19,"comment_status":"closed","ping_status":"closed","template":"wp-custom-template-page-for-custom-sidebar","meta":{"_relevanssi_hide_post":"","_relevanssi_hide_content":"","_relevanssi_pin_for_all":"","_relevanssi_pin_keywords":"","_relevanssi_unpin_keywords":"","_relevanssi_related_keywords":"","_relevanssi_related_include_ids":"","_relevanssi_related_exclude_ids":"","_relevanssi_related_no_append":"","_relevanssi_related_not_related":"","_relevanssi_related_posts":"10154,14190,9877,14000,1654,1673","_relevanssi_noindex_reason":"","_sitemap_exclude":false,"_sitemap_priority":"","_sitemap_frequency":"","_kad_blocks_custom_css":"","_kad_blocks_head_custom_js":"","_kad_blocks_body_custom_js":"","_kad_blocks_footer_custom_js":"","wp_popup_display_lightbox":0,"wp_popup_suppress":"","wp_popup_trigger":"","wp_popup_trigger_amount":0,"wp_popup_disable_on_mobile":false,"footnotes":""},"class_list":["post-61","page","type-page","status-publish","hentry"],"pp_statuses_selecting_workflow":false,"pp_workflow_action":"current","pp_status_selection":"publish","taxonomy_info":[],"featured_image_src_large":false,"author_info":{"display_name":"Ariana Enomoto","author_link":"https:\/\/hawaiipublicschools.org\/haw\/author\/arianastaceyleong-com\/"},"comment_info":0,"publishpress_future_action":{"enabled":false,"date":"2026-04-26 20:40:56","action":"change-status","newStatus":"draft","terms":[],"taxonomy":"","extraData":[]},"publishpress_future_workflow_manual_trigger":{"enabledWorkflows":[]},"_links":{"self":[{"href":"https:\/\/hawaiipublicschools.org\/haw\/wp-json\/wp\/v2\/pages\/61","targetHints":{"allow":["GET"]}}],"collection":[{"href":"https:\/\/hawaiipublicschools.org\/haw\/wp-json\/wp\/v2\/pages"}],"about":[{"href":"https:\/\/hawaiipublicschools.org\/haw\/wp-json\/wp\/v2\/types\/page"}],"author":[{"embeddable":true,"href":"https:\/\/hawaiipublicschools.org\/haw\/wp-json\/wp\/v2\/users\/8"}],"replies":[{"embeddable":true,"href":"https:\/\/hawaiipublicschools.org\/haw\/wp-json\/wp\/v2\/comments?post=61"}],"version-history":[{"count":0,"href":"https:\/\/hawaiipublicschools.org\/haw\/wp-json\/wp\/v2\/pages\/61\/revisions"}],"up":[{"embeddable":true,"href":"https:\/\/hawaiipublicschools.org\/haw\/wp-json\/wp\/v2\/pages\/59"}],"wp:attachment":[{"href":"https:\/\/hawaiipublicschools.org\/haw\/wp-json\/wp\/v2\/media?parent=61"}],"curies":[{"name":"wp","href":"https:\/\/api.w.org\/{rel}","templated":true}]}}