{"id":59,"date":"2024-09-04T22:31:21","date_gmt":"2024-09-04T22:31:21","guid":{"rendered":"https:\/\/hawaiipublicschools.org\/?page_id=59"},"modified":"2025-01-03T16:17:55","modified_gmt":"2025-01-04T00:17:55","slug":"school-services","status":"publish","type":"page","link":"https:\/\/hawaiipublicschools.org\/haw\/school-services\/","title":{"rendered":"Hana Kula"},"content":{"rendered":"<p class=\"intro\" style=\"font-size:clamp(0.875rem, 0.875rem + ((1vw - 0.2rem) * 0.531), 1.3rem);\">H\u0101\u02bbawi ke Ke\u02bbena Ho\u02bbona\u02bbauao Moku\u02bb\u0101ina \u02bbo Hawai\u02bbi i n\u0101 lawelawe like \u02bbole e k\u0101ko\u02bbo i ke a\u02bbo \u02bbana a me ka maika\u02bbi o n\u0101 haum\u0101na. H\u0101\u02bbawi m\u0101kou i ka halihali palekana, loa\u02bba i n\u0101 kumuwaiwai waihona, a me n\u0101 mea\u02bbai kaulike ma o k\u0101 m\u0101kou papahana mea\u02bbai. Ho\u02bboikaika k\u0101 m\u0101kou mau lawelawe olakino a olakino i ke olakino kino a me ka na\u02bbau, \u02bboiai \u02bbo ka palekana ma ke kula ka mea nui. Loa\u02bba n\u0101 haum\u0101na mai n\u0101 mea hana a\u02bbo p\u016bnaewele e ho\u02bbonui i k\u0101 l\u0101kou ho\u02bbona\u02bbauao, a \u02bbo k\u0101 m\u0101kou mau lawelawe transcript e h\u014d\u02bboia i ka loa\u02bba \u02bbana o n\u0101 mo\u02bbolelo kula.<\/p>\n\n\n\n<p><\/p>\n\n\n\n<p><\/p>","protected":false},"excerpt":{"rendered":"<p>The Hawai\u02bbi State Department of Education offers a variety of services to support student learning and well-being. We provide safe transportation, access to library resources, and balanced meals through our nutrition program. Our health and wellness services promote physical and emotional health, while safety at school remains a top priority. Students also benefit from online [&hellip;]<\/p>","protected":false},"author":8,"featured_media":0,"parent":0,"menu_order":30,"comment_status":"closed","ping_status":"closed","template":"","meta":{"_relevanssi_hide_post":"","_relevanssi_hide_content":"","_relevanssi_pin_for_all":"","_relevanssi_pin_keywords":"","_relevanssi_unpin_keywords":"","_relevanssi_related_keywords":"","_relevanssi_related_include_ids":"","_relevanssi_related_exclude_ids":"","_relevanssi_related_no_append":"","_relevanssi_related_not_related":"","_relevanssi_related_posts":"","_relevanssi_noindex_reason":"","_sitemap_exclude":false,"_sitemap_priority":"","_sitemap_frequency":"","_kad_blocks_custom_css":"","_kad_blocks_head_custom_js":"","_kad_blocks_body_custom_js":"","_kad_blocks_footer_custom_js":"","wp_popup_display_lightbox":0,"wp_popup_suppress":"","wp_popup_trigger":"","wp_popup_trigger_amount":0,"wp_popup_disable_on_mobile":false,"footnotes":""},"class_list":["post-59","page","type-page","status-publish","hentry"],"pp_statuses_selecting_workflow":false,"pp_workflow_action":"current","pp_status_selection":"publish","taxonomy_info":[],"featured_image_src_large":false,"author_info":{"display_name":"Ariana Enomoto","author_link":"https:\/\/hawaiipublicschools.org\/haw\/author\/arianastaceyleong-com\/"},"comment_info":0,"publishpress_future_action":{"enabled":false,"date":"2026-04-27 03:45:18","action":"change-status","newStatus":"draft","terms":[],"taxonomy":"","extraData":[]},"publishpress_future_workflow_manual_trigger":{"enabledWorkflows":[]},"_links":{"self":[{"href":"https:\/\/hawaiipublicschools.org\/haw\/wp-json\/wp\/v2\/pages\/59","targetHints":{"allow":["GET"]}}],"collection":[{"href":"https:\/\/hawaiipublicschools.org\/haw\/wp-json\/wp\/v2\/pages"}],"about":[{"href":"https:\/\/hawaiipublicschools.org\/haw\/wp-json\/wp\/v2\/types\/page"}],"author":[{"embeddable":true,"href":"https:\/\/hawaiipublicschools.org\/haw\/wp-json\/wp\/v2\/users\/8"}],"replies":[{"embeddable":true,"href":"https:\/\/hawaiipublicschools.org\/haw\/wp-json\/wp\/v2\/comments?post=59"}],"version-history":[{"count":0,"href":"https:\/\/hawaiipublicschools.org\/haw\/wp-json\/wp\/v2\/pages\/59\/revisions"}],"wp:attachment":[{"href":"https:\/\/hawaiipublicschools.org\/haw\/wp-json\/wp\/v2\/media?parent=59"}],"curies":[{"name":"wp","href":"https:\/\/api.w.org\/{rel}","templated":true}]}}