{"id":550,"date":"2024-09-13T03:18:34","date_gmt":"2024-09-13T03:18:34","guid":{"rendered":"https:\/\/hawaiipublicschools.org\/?page_id=550"},"modified":"2025-10-03T07:44:50","modified_gmt":"2025-10-03T17:44:50","slug":"official-school-names","status":"publish","type":"page","link":"https:\/\/hawaiipublicschools.org\/haw\/useful-links\/policies\/official-school-names\/","title":{"rendered":"Inoa Kula Kaumana"},"content":{"rendered":"<p class=\"intro\">\u02bbO ka \u02bbae \u02bbana o ka &#039;Oihana i n\u0101 hopena ho\u02bbona\u02bbauao \u02bbo N\u0101 Hopena A\u02bbo i h\u014d\u02bbailona i kahi k\u016bpa\u02bba ikaika e h\u014d\u02bboia i k\u0101 m\u0101kou mau haum\u0101na e komo i n\u0101 wahi ho\u02bbona\u02bbauao i ho\u02bbokumu \u02bbia ma Hawai\u02bbi. Mana\u02bbo ka &#039;Oihana e ho\u02bbokumu i ke k\u016blike o ka ho\u02bbohana \u02bbana i ka \u02bb\u014dlelo Hawai\u02bbi ma waena o n\u0101 memo, n\u0101 palapala, n\u0101 h\u014d\u02bbike, n\u0101 p\u016bnaewele puni honua a me n\u0101 kama\u02bbilio \u02bb\u0113 a\u02bbe.&nbsp;<\/p>\n\n\n\n<p>\u02bbO ke Kumuk\u0101n\u0101wai 301-8 ka Papa Ho\u02bbona\u02bbauao o ka Moku\u02bb\u0101ina \u02bbo Hawai\u02bbi i \u02bb\u014dlelo \u02bbia \u201cE ho\u02bbohana ke kula i kapa \u02bbia ma muli o ke kanaka i ka inoa a me ka inoa piha o ke kanaka ma ke \u02bbano he inoa k\u016bhelu o ke kula. E paipai n\u0101 kula i ka ho\u02bbohana \u02bbana i n\u0101 inoa k\u016bhelu ma waena o k\u0101 l\u0101kou haum\u0101na a me ko l\u0101kou kai\u0101ulu. No laila, aia i loko o ka papa inoa o n\u0101 h\u014d\u02bbailona diacritical hou a me ka spelling o n\u0101 hua\u02bb\u014dlelo Hawai\u02bbi ma n\u0101 inoa kula ma lalo nei n\u014d ho\u02bbi n\u0101 inoa k\u016bhelu hou no n\u0101 kula i kapa \u02bbia ma muli o ka po\u02bbe e like me ka mea i \u02bb\u014dlelo \u02bbia ma ke kulekele Papa. Pono e ho\u02bbohana \u02bbia k\u0113ia mau inoa k\u016bhelu i n\u0101 kama\u02bbilio k\u016bhelu \u0101pau, e like me n\u0101 memo a me n\u0101 h\u014d\u02bbike.&nbsp;<\/p>\n\n\n\n<p>Ua h\u014d\u02bbano hou \u02bbia n\u0101 \u02bb\u0101ina (&#039;\u0101pana, pa\u02bbakik\u012b, pa\u02bbakik\u012b a me ke k\u016blanakauhale) i ka papa inoa ma lalo. \u02bbO k\u0113ia mau inoa \u02bb\u0101ina, a me ko m\u0101kou inoa moku\u02bb\u0101ina, pono e ho\u02bbopa\u02bba pololei \u02bbia ma n\u0101 memo, n\u0101 palapala, n\u0101 h\u014d\u02bbike, n\u0101 p\u016bnaewele puni honua a me n\u0101 kama\u02bbilio \u02bb\u0113 a\u02bbe.<\/p>\n\n\n\n<p>Note \u2014 public charter schools noted below with * <\/p>\n\n\n\n<p><\/p>\n\n\n\n<h2 class=\"wp-block-heading\">N\u0101 inoa kula ma ka mokupuni<\/h2>\n\n\n\n<h3 class=\"wp-block-heading\">O\u02bbahu<\/h3>\n\n\n\n<div class=\"wp-block-columns is-layout-flex wp-container-core-columns-is-layout-28f84493 wp-block-columns-is-layout-flex\">\n<div class=\"wp-block-column is-layout-flow wp-block-column-is-layout-flow\">\n<ul class=\"wp-block-list\">\n<li>1SG Samuel K. Solomon Elementary School<\/li>\n\n\n\n<li>Ke kula ki\u02bbeki\u02bbe \u02bbo Adimarala Arthur W. Radford<\/li>\n\n\n\n<li>\u02bbO ke kula ha\u02bbaha\u02bba \u02bbo Adimarala CW Nimitz<\/li>\n\n\n\n<li>Kula Ha\u02bbaha\u02bba \u02bbo \u02bb\u0100huimanu<\/li>\n\n\n\n<li>Kula Ha\u02bbaha\u02bba \u02bbo \u02bbAiea<\/li>\n\n\n\n<li>Ke kula ki\u02bbeki\u02bbe \u02bbo \u02bbAiea<\/li>\n\n\n\n<li>Kula K\u016bwaena \u02bbAiea<\/li>\n\n\n\n<li>Kula Ha\u02bbaha\u02bba \u02bbo \u02bbAikahi<\/li>\n\n\n\n<li>Kula Ha\u02bbaha\u02bba \u02bb\u0100ina Haina<\/li>\n\n\n\n<li>Kula Ha\u02bbaha\u02bba \u02bbo Ala Wai<\/li>\n\n\n\n<li>Kula Ha\u02bbaha\u02bba \u02bbo \u02bbAliamanu<\/li>\n\n\n\n<li>Ke kula waena o \u0100liamanu<\/li>\n\n\n\n<li>Ke kula ha\u02bbaha\u02bba \u02bbo Ali\u02bbiolani<\/li>\n\n\n\n<li>Ke kula ha\u02bbaha\u02bba \u02bbo Alvah A. Scott<\/li>\n\n\n\n<li>Kula Ha\u02bbaha\u02bba \u02bbo \u02bbAukake Ahrens<\/li>\n\n\n\n<li>Kula Ha\u02bbaha\u02bba \u02bbo Barbers Point<\/li>\n\n\n\n<li>Ke kula ha\u02bbaha\u02bba o Blanche Pope<\/li>\n\n\n\n<li>Ke kula ha\u02bbaha\u02bba \u02bbo Daniel K. Inouye<\/li>\n\n\n\n<li>DreamHouse \u02bbEwa Beach*<\/li>\n\n\n\n<li>Enchanted Lake Elementary School<\/li>\n\n\n\n<li>Ke kula ha\u02bbaha\u02bba kahakai \u02bbo \u02bbEwa<\/li>\n\n\n\n<li>Kula Ha\u02bbaha\u02bba \u02bbo \u02bbEwa<\/li>\n\n\n\n<li>Ke kula waena o \u02bbEwa Makai<\/li>\n\n\n\n<li>Kiaaina SW King Intermediate School<\/li>\n\n\n\n<li>Kiaaina Sanford B. Dole Kula Waena<\/li>\n\n\n\n<li>Kiaaina Wallace Rider Farrington High School<\/li>\n\n\n\n<li>Ke kula ha\u02bbaha\u02bba \u02bbo Gustav H. Webling<\/li>\n\n\n\n<li>Ke kula ha\u02bbaha\u02bba \u02bbo Haha\u02bbione<\/li>\n\n\n\n<li>Hakipu\u02bbu Academy*<\/li>\n\n\n\n<li>H\u0101lau K\u016b M\u0101na New Century Public Charter School*<\/li>\n\n\n\n<li>Ke kula ha\u02bbaha\u02bba o Hale\u02bbiwa<\/li>\n\n\n\n<li>Ke kula ha\u02bbaha\u02bba o Hau\u02bbula<\/li>\n\n\n\n<li>Kula \u02bbo Hawai\u02bbi no n\u0101 kuli a me n\u0101 makap\u014d<\/li>\n\n\n\n<li>Hawai\u02bbi Technology Academy*<\/li>\n\n\n\n<li>Kula Ha\u02bbaha\u02bba \u02bbo He\u02bbeia<\/li>\n\n\n\n<li>Kula Ha\u02bbaha\u02bba \u02bbo Helemano<\/li>\n\n\n\n<li>Ke kula ki\u02bbeki\u02bbe \u02bbo Henry J. Kaiser<\/li>\n\n\n\n<li>Kula Kuwaena o Highlands<\/li>\n\n\n\n<li>Kula Ha\u02bbaha\u02bba \u02bbo Ho\u02bbokele<\/li>\n\n\n\n<li>Ke kula ha\u02bbaha\u02bba o H\u014dk\u016blani<\/li>\n\n\n\n<li>Holomua Elementary School<\/li>\n\n\n\n<li>Ke kula waena o Honouliuli<\/li>\n\n\n\n<li>Kula Ha\u02bbaha\u02bba o Honowai<\/li>\n\n\n\n<li>Kula Ha\u02bbaha\u02bba \u02bbo \u02bbIliahi<\/li>\n\n\n\n<li>Ke kula waena o \u02bbIlima<\/li>\n\n\n\n<li>Iroquois Point Elementary School<\/li>\n\n\n\n<li>James B. Castle High School<\/li>\n\n\n\n<li>Ke kula ki\u02bbeki\u02bbe \u02bbo James Campbell<\/li>\n\n\n\n<li>Ka Waihona o ka Na\u02bbauao Public Charter School*<\/li>\n\n\n\n<li>Kula Ha\u02bbaha\u02bba \u02bbo K\u0101hala<\/li>\n\n\n\n<li>Ke kula ha\u02bbaha\u02bba o Kahalu\u02bbu<\/li>\n\n\n\n<li>Kahuku Elementary School<\/li>\n\n\n\n<li>Kahuku High &amp; Intermediate School<\/li>\n\n\n\n<li>Kula Ha\u02bbaha\u02bba \u02bbo Ka\u02bba\u02bbawa<\/li>\n\n\n\n<li>Kula Ha\u02bbaha\u02bba \u02bbo Ka\u02bbala<\/li>\n\n\n\n<li>Kula Ha\u02bbaha\u02bba \u02bbo Ka\u02bbelepulu<\/li>\n\n\n\n<li>Ke kula ha\u02bbaha\u02bba o Ka\u02bbewai<\/li>\n\n\n\n<li>Kula Ha\u02bbaha\u02bba \u02bbo Ka\u02bbimiloa<\/li>\n\n\n\n<li>Kula Ha\u02bbaha\u02bba o Kailua<\/li>\n\n\n\n<li>Kula Kiekie o Kailua<\/li>\n\n\n\n<li>Kula Kuwaena o Kailua<\/li>\n\n\n\n<li>Ke kula ki\u02bbeki\u02bbe \u02bbo Kaimuk\u012b<\/li>\n<\/ul>\n<\/div>\n\n\n\n<div class=\"wp-block-column is-layout-flow wp-block-column-is-layout-flow\">\n<ul class=\"wp-block-list\">\n<li>Ke kula waena o Kaimuk\u012b<\/li>\n\n\n\n<li>Kula Ha\u02bbaha\u02bba \u02bbo Kainalu<\/li>\n\n\n\n<li>Kula Ki\u02bbeki\u02bbe \u02bbo Kal\u0101heo<\/li>\n\n\n\n<li>Kula Kiekie o Kalani<\/li>\n\n\n\n<li>Kula Ha\u02bbaha\u02bba \u02bbo Kaleiopu\u02bbu<\/li>\n\n\n\n<li>Kula ha\u02bbaha\u02bba o Kalihi<\/li>\n\n\n\n<li>Kula ha\u02bbaha\u02bba o Kalihi-Kai<\/li>\n\n\n\n<li>Kula Ha\u02bbaha\u02bba \u02bbo Kalihi-Uka<\/li>\n\n\n\n<li>Kula ha\u02bbaha\u02bba o Kalihi-Waena<\/li>\n\n\n\n<li>Kamaile Academy Public Charter School*<\/li>\n\n\n\n<li>Kula Ha\u02bbaha\u02bba \u02bbo Kamilo\u02bbiki<\/li>\n\n\n\n<li>Kula Ha\u02bbaha\u02bba \u02bbo K\u0101ne\u02bbohe<\/li>\n\n\n\n<li>Kula Ha\u02bbaha\u02bba \u02bbo Kanoelani<\/li>\n\n\n\n<li>Ka\u02bb\u014dhao School*<\/li>\n\n\n\n<li>Kula Ha\u02bbaha\u02bba o Kapalama<\/li>\n\n\n\n<li>Kapolei Charter School*<\/li>\n\n\n\n<li>Kula Ha\u02bbaha\u02bba \u02bbo Kapolei<\/li>\n\n\n\n<li>Kula Kiekie o Kapolei<\/li>\n\n\n\n<li>Kula Waena o Kapolei<\/li>\n\n\n\n<li>Kula Ha\u02bbaha\u02bba \u02bbo Kapunahala<\/li>\n\n\n\n<li>Kula Ha\u02bbaha\u02bba o Kauluwela<\/li>\n\n\n\n<li>Ke Kula \u02bbo Samuel M. Kamakau Laboratory Public Charter School*<\/li>\n\n\n\n<li>Ke Kula Kaiapuni \u02bbO \u0100nuenue<\/li>\n\n\n\n<li>Keolu Elementary School<\/li>\n\n\n\n<li>Kula Ha\u02bbaha\u02bba \u02bbo Keone\u02bbula<\/li>\n\n\n\n<li>King David Kal\u0101kaua Middle School<\/li>\n\n\n\n<li>Kula Ha\u02bbaha\u02bba \u02bbo King Liholiho<\/li>\n\n\n\n<li>King William C. Lunalilo Elementary School<\/li>\n\n\n\n<li>Kula Ha\u02bbaha\u02bba \u02bbo K\u012bpapa<\/li>\n\n\n\n<li>Ke kula ha\u02bbaha\u02bba o Koko<\/li>\n\n\n\n<li>K\u016blia Academy*<\/li>\n\n\n\n<li>Kula Ha\u02bbaha\u02bba \u02bbo L\u0101\u02bbie<\/li>\n\n\n\n<li>Kula Ha\u02bbaha\u02bba o Lanakila<\/li>\n\n\n\n<li>Kula Ha\u02bbaha\u02bba \u02bbo Lehua<\/li>\n\n\n\n<li>Ke kula ha\u02bbaha\u02bba \u02bbo Leih\u014dk\u016b<\/li>\n\n\n\n<li>Kula Kiekie o Leilehua<\/li>\n\n\n\n<li>Kula Ha\u02bbaha\u02bba \u02bbo Linapuni<\/li>\n\n\n\n<li>Kula Ha\u02bbaha\u02bba \u02bbo Lt. Col. Horace M. Hickam<\/li>\n\n\n\n<li>Ke kula ha\u02bbaha\u02bba \u02bbo Ma\u02bbema\u02bbe<\/li>\n\n\n\n<li>Kula Ha\u02bbaha\u02bba \u02bbo M\u0101\u02bbili<\/li>\n\n\n\n<li>Ke Kula Ha\u02bbaha\u02bba \u02bbo Major General William R. Shafter<\/li>\n\n\n\n<li>Ke kula ha\u02bbaha\u02bba \u02bbo Major Sheldon Wheeler<\/li>\n\n\n\n<li>\u02bbO ke kula waena o Major Sheldon Wheeler<\/li>\n\n\n\n<li>Ke kula ha\u02bbaha\u02bba o M\u0101kaha<\/li>\n\n\n\n<li>Kula Ha\u02bbaha\u02bba \u02bbo Makakilo<\/li>\n\n\n\n<li>Kula Ha\u02bbaha\u02bba \u02bbo Makalapa<\/li>\n\n\n\n<li>M\u0101lama Honua Public Charter School*<\/li>\n\n\n\n<li>Ke kula ha\u02bbaha\u02bba o M\u0101nana<\/li>\n\n\n\n<li>Ke kula ha\u02bbaha\u02bba o M\u0101noa<\/li>\n\n\n\n<li>Ke kula ha\u02bbaha\u02bba o Mauka Lani<\/li>\n\n\n\n<li>Kula Ha\u02bbaha\u02bba o Maunawili<\/li>\n\n\n\n<li>Meia John H. Wilson Kula Ha\u02bbaha\u02bba<\/li>\n\n\n\n<li>Meia Joseph J. Fern Kula Ha\u02bbaha\u02bba<\/li>\n\n\n\n<li>Kula Kiekie o Mililani<\/li>\n\n\n\n<li>Ke kula ha\u02bbaha\u02bba \u02bbo Mililani \u02bbIke<\/li>\n\n\n\n<li>Kula Ha\u02bbaha\u02bba \u02bbo Mililani Mauka<\/li>\n\n\n\n<li>Ke kula waena o Mililani<\/li>\n\n\n\n<li>Kula Ha\u02bbaha\u02bba \u02bbo Mililani Uka<\/li>\n\n\n\n<li>Kula Ha\u02bbaha\u02bba \u02bbo Mililani Waena<\/li>\n\n\n\n<li>Kula Ha\u02bbaha\u02bba o Moanalua<\/li>\n\n\n\n<li>Kula Kiekie o Moanalua<\/li>\n\n\n\n<li>Kula Waena o Moanalua<\/li>\n<\/ul>\n<\/div>\n\n\n\n<div class=\"wp-block-column is-layout-flow wp-block-column-is-layout-flow\">\n<ul class=\"wp-block-list\">\n<li>Kula Ha\u02bbaha\u02bba o M\u014dkapu<\/li>\n\n\n\n<li>Kula Ha\u02bbaha\u02bba o Mokulele<\/li>\n\n\n\n<li>Kula Ha\u02bbaha\u02bba \u02bbo Momilani<\/li>\n\n\n\n<li>Myron B. Thompson Academy*<\/li>\n\n\n\n<li>Kula Ha\u02bbaha\u02bba o N\u0101n\u0101ikapono<\/li>\n\n\n\n<li>Kula Ha\u02bbaha\u02bba o N\u0101n\u0101kuli<\/li>\n\n\n\n<li>Ke kula ki\u02bbeki\u02bbe a me ke kula waena o N\u0101n\u0101kuli<\/li>\n\n\n\n<li>Ke kula waena o Niu Valley<\/li>\n\n\n\n<li>Noelani Elementary School<\/li>\n\n\n\n<li>Ke kula ha\u02bbaha\u02bba o Nu\u02bbuanu<\/li>\n\n\n\n<li>Kula Olomana<\/li>\n\n\n\n<li>Kula Ha\u02bbaha\u02bba \u02bbo Palisades<\/li>\n\n\n\n<li>Ke kula ha\u02bbaha\u02bba o P\u0101lolo<\/li>\n\n\n\n<li>Parkway Village Preschool*<\/li>\n\n\n\n<li>Kula Ha\u02bbaha\u02bba o Pauoa<\/li>\n\n\n\n<li>Kula Ha\u02bbaha\u02bba o Pearl City<\/li>\n\n\n\n<li>Kula Nui o Pearl City<\/li>\n\n\n\n<li>Pearl City Highlands Elementary School<\/li>\n\n\n\n<li>Kula Ha\u02bbaha\u02bba \u02bbo Pearl Harbor<\/li>\n\n\n\n<li>Kula Ha\u02bbaha\u02bba \u02bbo Pearl Harbor Kai<\/li>\n\n\n\n<li>Kula Ha\u02bbaha\u02bba \u02bbo Pearl Ridge<\/li>\n\n\n\n<li>Kula Ha\u02bbaha\u02bba \u02bbo P\u014dh\u0101kea<\/li>\n\n\n\n<li>Ke Kula Ha\u02bbaha\u02bba \u02bbo Pelekikena \u02bbAberahama Linekona<\/li>\n\n\n\n<li>Pelekikena George Washington Middle School<\/li>\n\n\n\n<li>\u02bbO ke kula ki\u02bbeki\u02bbe \u02bbo Pelekikena Theodore Roosevelt<\/li>\n\n\n\n<li>Ke Kula Ha\u02bbaha\u02bba \u02bbo Pelekikena Thomas Jefferson<\/li>\n\n\n\n<li>Pelekikena William McKinley High School<\/li>\n\n\n\n<li>Ke kula waena o Prince David Kaw\u0101nanakoa<\/li>\n\n\n\n<li>Kula Ha\u02bbaha\u02bba \u02bbo Prince Jonah K\u016bhi\u014d<\/li>\n\n\n\n<li>Kam\u0101li\u02bbiwahine Miriam K. Likelike kula ha\u02bbaha\u02bba<\/li>\n\n\n\n<li>Kam\u0101li\u02bbiwahine Ruth Ke\u02bbelik\u014dlani kula waena<\/li>\n\n\n\n<li>Ke Kula Ha\u02bbaha\u02bba \u02bbo Princess Victoria Ka\u02bbiulani<\/li>\n\n\n\n<li>Kula Ha\u02bbaha\u02bba \u02bbo P\u016b\u02bb\u014dhala<\/li>\n\n\n\n<li>Ke kula ha\u02bbaha\u02bba o Pu\u02bbuhale<\/li>\n\n\n\n<li>Queen Ka\u02bbahumanu Elementary School<\/li>\n\n\n\n<li>Kula Ha\u02bbaha\u02bba \u02bbo Red Hill<\/li>\n\n\n\n<li>Ke Kula Ha\u02bbaha\u02bba \u02bbo Reverend Benjamin Parker<\/li>\n\n\n\n<li>\u02bbO Robert Louis Stevenson kula waena<\/li>\n\n\n\n<li>Kula Ha\u02bbaha\u02bba Ali\u02bbi<\/li>\n\n\n\n<li>Kula Ha\u02bbaha\u02bba \u02bbo Salt Lake<\/li>\n\n\n\n<li>SEEQS: the School for Examining Essential Questions of Sustainability*<\/li>\n\n\n\n<li>Ke kula ha\u02bbaha\u02bba o Sunset Beach<\/li>\n\n\n\n<li>University Laboratory School*<\/li>\n\n\n\n<li>Voyager Public Charter School*<\/li>\n\n\n\n<li>Kula Ha\u02bbaha\u02bba o Wahiaw\u0101<\/li>\n\n\n\n<li>Ke kula waena o Wahiaw\u0101<\/li>\n\n\n\n<li>Ke kula ha\u02bbaha\u02bba o Wai\u0101hole<\/li>\n\n\n\n<li>Kula Ha\u02bbaha\u02bba o Waialua<\/li>\n\n\n\n<li>Kula Kiekie &amp; Kuwaena o Waialua<\/li>\n\n\n\n<li>Kula Ha\u02bbaha\u02bba o Waiau<\/li>\n\n\n\n<li>Wai\u02bbalae Elementary Public Charter School*<\/li>\n\n\n\n<li>Ke kula ha\u02bbaha\u02bba o Wai\u02bbanae<\/li>\n\n\n\n<li>Ke kula ki\u02bbeki\u02bbe \u02bbo Wai\u02bbanae<\/li>\n\n\n\n<li>Ke kula waena o Wai\u02bbanae<\/li>\n\n\n\n<li>Ke kula ha\u02bbaha\u02bba o Waikele<\/li>\n\n\n\n<li>Waik\u012bk\u012b Community Preschool*<\/li>\n\n\n\n<li>Ke kula ha\u02bbaha\u02bba o Waik\u012bk\u012b<\/li>\n\n\n\n<li>Ke kula ha\u02bbaha\u02bba o Waimalu<\/li>\n\n\n\n<li>Waim\u0101nalo Elementary &amp; Intermediate School<\/li>\n\n\n\n<li>Kula Ha\u02bbaha\u02bba o Waipahu<\/li>\n\n\n\n<li>Kula Kiekie o Waipahu<\/li>\n\n\n\n<li>Kula Kuwaena o Waipahu<\/li>\n\n\n\n<li>William P. Jarrett Ke kula waena<\/li>\n<\/ul>\n<\/div>\n<\/div>\n\n\n\n<h3 class=\"wp-block-heading\">Hawai\u02bbi<\/h3>\n\n\n\n<div class=\"wp-block-columns is-layout-flex wp-container-core-columns-is-layout-28f84493 wp-block-columns-is-layout-flex\">\n<div class=\"wp-block-column is-layout-flow wp-block-column-is-layout-flow\">\n<ul class=\"wp-block-list\">\n<li>Ke kula ha\u02bbaha\u02bba o ke Ali\u02bbi wahine Kapi\u02bbolani<\/li>\n\n\n\n<li>Connections Public Charter School*<\/li>\n\n\n\n<li>Ke kula ha\u02bbaha\u02bba \u02bbo Ernest Bowen DeSilva<\/li>\n\n\n\n<li>Ke kula ha\u02bbaha\u02bba \u02bbo Ha\u02bbaheo<\/li>\n\n\n\n<li>Hawai\u02bbi Academy of Arts &amp; Science*<\/li>\n\n\n\n<li>Ke kula ki\u02bbeki\u02bbe o Hilo<\/li>\n\n\n\n<li>kula waena o Hilo<\/li>\n\n\n\n<li>Hilo Union Elementary School<\/li>\n\n\n\n<li>Ke kula ha\u02bbaha\u02bba o Ho\u02bbokena<\/li>\n\n\n\n<li>Kula Ha\u02bbaha\u02bba \u02bbo H\u014dlualoa<\/li>\n\n\n\n<li>Ke kula ha\u02bbaha\u02bba o H\u014dnaunau<\/li>\n\n\n\n<li>Ke kula ha\u02bbaha\u02bba o Honoka\u02bba<\/li>\n\n\n\n<li>Ke kula ki\u02bbeki\u02bbe a me ke kula waena o Honoka\u02bba<\/li>\n\n\n\n<li>Innovations Public Charter School*<\/li>\n\n\n\n<li>Ka \u02bbUmeke K\u0101\u02bbeo*<\/li>\n\n\n\n<li>Kahakai Elementary School<\/li>\n\n\n\n<li>Kula Ki\u02bbeki\u02bbe a me P\u0101hala \u02bbo Ka\u02bb\u016b<\/li>\n\n\n\n<li>Kula Ha\u02bbaha\u02bba \u02bbo Ka\u02bb\u016bmana<\/li>\n\n\n\n<li>Kanu o ka \u02bb\u0100ina New Century Public Charter School*<\/li>\n<\/ul>\n<\/div>\n\n\n\n<div class=\"wp-block-column is-layout-flow wp-block-column-is-layout-flow\">\n<ul class=\"wp-block-list\">\n<li>Ke Ana La\u02bbahana Public Charter School*<\/li>\n\n\n\n<li>Ke Kula \u02bbO \u02bbEhunuikaimalino<\/li>\n\n\n\n<li>Ke Kula \u02bbO N\u0101wah\u012bokalani\u02bb\u014dpu\u02bbu Iki Lab Public Charter School*<\/li>\n\n\n\n<li>Kea\u02bbau Elementary School<\/li>\n\n\n\n<li>Kea\u02bbau High School<\/li>\n\n\n\n<li>Kea\u02bbau Middle School<\/li>\n\n\n\n<li>Kealakehe Elementary School<\/li>\n\n\n\n<li>Kealakehe High School<\/li>\n\n\n\n<li>Kula Kuwaena o Kealakehe<\/li>\n\n\n\n<li>Keaukaha Elementary School<\/li>\n\n\n\n<li>Kula Ha\u02bbaha\u02bba o Keonepoko<\/li>\n\n\n\n<li>Kula Ha\u02bbaha\u02bba o Kohala<\/li>\n\n\n\n<li>Kula Kiekie o Kohala<\/li>\n\n\n\n<li>Kula waena o Kohala<\/li>\n\n\n\n<li>Kona Pacific Public Charter School*<\/li>\n\n\n\n<li>Konawaena Elementary School<\/li>\n\n\n\n<li>Konawaena High School<\/li>\n\n\n\n<li>Kula waena o Konawaena<\/li>\n<\/ul>\n<\/div>\n\n\n\n<div class=\"wp-block-column is-layout-flow wp-block-column-is-layout-flow\">\n<ul class=\"wp-block-list\">\n<li>Kua O Ka L\u0101 New Century Public Charter School*<\/li>\n\n\n\n<li>Laup\u0101hoehoe Community \u2014 Public Charter School*<\/li>\n\n\n\n<li>Kula Ha\u02bbaha\u02bba Mountain View<\/li>\n\n\n\n<li>N\u0101 Wai Ola Public Charter School*<\/li>\n\n\n\n<li>Kula Ha\u02bbaha\u02bba \u02bbo N\u0101\u02bb\u0101lehu<\/li>\n\n\n\n<li>Ke kula ha\u02bbaha\u02bba o P\u0101hoa<\/li>\n\n\n\n<li>Ke kula ki\u02bbeki\u02bbe a me ke kula waena o P\u0101hoa<\/li>\n\n\n\n<li>Ke kula ha\u02bbaha\u02bba a me ke kula waena o Pa\u02bbauilo<\/li>\n\n\n\n<li>Prince Jonah K\u016bhi\u014d Kalaniana\u02bbole Elementary<\/li>\n\n\n\n<li>Volcano School of Arts &amp; Sciences*<\/li>\n\n\n\n<li>Ke kula ha\u02bbaha\u02bba o Wai\u0101kea<\/li>\n\n\n\n<li>Ke kula ki\u02bbeki\u02bbe \u02bbo Wai\u0101kea<\/li>\n\n\n\n<li>Ke kula waena o Wai\u0101kea<\/li>\n\n\n\n<li>Ke kula ha\u02bbaha\u02bba o Wai\u0101keawaena<\/li>\n\n\n\n<li>Waikoloa Elementary &amp; Middle School<\/li>\n\n\n\n<li>Kula Ha\u02bbaha\u02bba o Waimea<\/li>\n\n\n\n<li>Waimea Middle Public Conversion Charter School*<\/li>\n\n\n\n<li>West Hawai\u2018i Explorations Public Charter School*<\/li>\n<\/ul>\n<\/div>\n<\/div>\n\n\n\n<h3 class=\"wp-block-heading\">Maui<\/h3>\n\n\n\n<div class=\"wp-block-columns is-layout-flex wp-container-core-columns-is-layout-28f84493 wp-block-columns-is-layout-flex\">\n<div class=\"wp-block-column is-layout-flow wp-block-column-is-layout-flow\">\n<ul class=\"wp-block-list\">\n<li>Ke kula ha\u02bbaha\u02bba \u02bbo Ha\u02bbik\u016b<\/li>\n\n\n\n<li>H\u0101na High &amp; Elementary School<\/li>\n\n\n\n<li>\u02bbO ke kula ki\u02bbeki\u02bbe \u02bbo Henry Perrine Baldwin<\/li>\n\n\n\n<li>Kula K\u016bwaena \u02bbo \u02bb\u012aao<\/li>\n\n\n\n<li>Kula Ha\u02bbaha\u02bba \u02bbo Kahului<\/li>\n\n\n\n<li>Kula Ha\u02bbaha\u02bba \u02bbo Kamali\u02bbi<\/li>\n\n\n\n<li>K\u012bhei Charter School*<\/li>\n\n\n\n<li>Kula Ha\u02bbaha\u02bba \u02bbo K\u012bhei<\/li>\n\n\n\n<li>Kula Ha\u02bbaha\u02bba o Kilohana<\/li>\n\n\n\n<li>Kula Ha\u02bbaha\u02bba o ka M\u014d\u02bb\u012b Kamehameha III<\/li>\n<\/ul>\n<\/div>\n\n\n\n<div class=\"wp-block-column is-layout-flow wp-block-column-is-layout-flow\">\n<ul class=\"wp-block-list\">\n<li>King Kekaulike High School<\/li>\n\n\n\n<li>Kula Ha\u02bbaha\u02bba Kula<\/li>\n\n\n\n<li>Kula Ki\u02bbeki\u02bbe \u02bbo K\u016blanih\u0101ko\u02bbi<\/li>\n\n\n\n<li>Kula Kuwaena o Lahaina<\/li>\n\n\n\n<li>Kula Kiekie o Lahainaluna<\/li>\n\n\n\n<li>Kula Ha\u02bbaha\u02bba \u02bbo Lihikai<\/li>\n\n\n\n<li>Kula Kuwaena o Lokelani<\/li>\n\n\n\n<li>Kula Ha\u02bbaha\u02bba \u02bbo Makawao<\/li>\n\n\n\n<li>Kula Kiekie o Maui<\/li>\n\n\n\n<li>Kula Kuwaena o Maui Waena<\/li>\n<\/ul>\n<\/div>\n\n\n\n<div class=\"wp-block-column is-layout-flow wp-block-column-is-layout-flow\">\n<ul class=\"wp-block-list\">\n<li>Ke kula ha\u02bbaha\u02bba o P\u0101\u02bbia<\/li>\n\n\n\n<li>Kula Ha\u02bbaha\u02bba \u02bbo P\u014dmaika\u02bbi<\/li>\n\n\n\n<li>Kula Ha\u02bbaha\u02bba \u02bbo Princess N\u0101hi\u02bbena\u02bbena<\/li>\n\n\n\n<li>Ke kula ha\u02bbaha\u02bba o Pu\u02bbu Kukui<\/li>\n\n\n\n<li>Kula Ha\u02bbaha\u02bba o Pukalani<\/li>\n\n\n\n<li>Samuel E. Kalama Kula Kuwaena<\/li>\n\n\n\n<li>Ke kula ha\u02bbaha\u02bba o Waihe\u02bbe<\/li>\n\n\n\n<li>Kula Ha\u02bbaha\u02bba o Wailuku<\/li>\n<\/ul>\n<\/div>\n<\/div>\n\n\n\n<h3 class=\"wp-block-heading\">Kaua\u02bbi<\/h3>\n\n\n\n<div class=\"wp-block-columns is-layout-flex wp-container-core-columns-is-layout-28f84493 wp-block-columns-is-layout-flex\">\n<div class=\"wp-block-column is-layout-flow wp-block-column-is-layout-flow\">\n<ul class=\"wp-block-list\">\n<li>Alaka\u02bbi O Kaua\u02bbi Charter School*<\/li>\n\n\n\n<li>Chiefess Kamakahelei Middle<\/li>\n\n\n\n<li>Ke kula ha\u02bbaha\u02bba \u02bbo Elsie H. Wilcox<\/li>\n\n\n\n<li>Kula Ha\u02bbaha\u02bba \u02bbo Hanalei<\/li>\n\n\n\n<li>Kula Ha\u02bbaha\u02bba \u02bbEle\u02bbele<\/li>\n\n\n\n<li>Kula Ha\u02bbaha\u02bba \u02bbo Kal\u0101heo<\/li>\n\n\n\n<li>Kanuikapono Public Charter School*<\/li>\n<\/ul>\n<\/div>\n\n\n\n<div class=\"wp-block-column is-layout-flow wp-block-column-is-layout-flow\">\n<ul class=\"wp-block-list\">\n<li>Ke kula ha\u02bbaha\u02bba o Kapa\u02bba<\/li>\n\n\n\n<li>Ke kula ki\u02bbeki\u02bbe \u02bbo Kapa\u02bba<\/li>\n\n\n\n<li>Ke kula waena o Kapa\u02bba<\/li>\n\n\n\n<li>Ke kula ki\u02bbeki\u02bbe o Kaua\u02bbi<\/li>\n\n\n\n<li>Kawaikini New Century Public Charter School*<\/li>\n\n\n\n<li>Ke Kula Niihau o Kekaha*<\/li>\n\n\n\n<li>Kekaha Elementary School<\/li>\n<\/ul>\n<\/div>\n\n\n\n<div class=\"wp-block-column is-layout-flow wp-block-column-is-layout-flow\">\n<ul class=\"wp-block-list\">\n<li>Kula Ha\u02bbaha\u02bba \u02bbo K\u012blauea<\/li>\n\n\n\n<li>Kula Ha\u02bbaha\u02bba \u02bbo King Kaumuali\u02bbi<\/li>\n\n\n\n<li>Kula Ha\u02bbaha\u02bba o Koloa<\/li>\n\n\n\n<li>Kula Aupuni Niihau A Kahelelani Aloha &#8211; A New Century Public Charter School*<\/li>\n\n\n\n<li>Namahana School*<\/li>\n\n\n\n<li>Ke kula waena o Waimea Canyon<\/li>\n\n\n\n<li>Kula Kiekie o Waimea<\/li>\n<\/ul>\n<\/div>\n<\/div>\n\n\n\n<h3 class=\"wp-block-heading\">Molokai<\/h3>\n\n\n\n<div class=\"wp-block-columns is-layout-flex wp-container-core-columns-is-layout-28f84493 wp-block-columns-is-layout-flex\">\n<div class=\"wp-block-column is-layout-flow wp-block-column-is-layout-flow\">\n<ul class=\"wp-block-list\">\n<li>Kula Ha\u02bbaha\u02bba o Kaunakakai<\/li>\n\n\n\n<li>Kula Ha\u02bbaha\u02bba o Kilohana<\/li>\n<\/ul>\n<\/div>\n\n\n\n<div class=\"wp-block-column is-layout-flow wp-block-column-is-layout-flow\">\n<ul class=\"wp-block-list\">\n<li>Kualapu\u02bbu Conversion Charter School*<\/li>\n\n\n\n<li>Kula Ha\u02bbaha\u02bba \u02bbo Maunaloa<\/li>\n<\/ul>\n<\/div>\n\n\n\n<div class=\"wp-block-column is-layout-flow wp-block-column-is-layout-flow\">\n<ul class=\"wp-block-list\">\n<li>Kula Kiekie o Molokai<\/li>\n\n\n\n<li>kula waena o Molokai<\/li>\n<\/ul>\n<\/div>\n<\/div>\n\n\n\n<h3 class=\"wp-block-heading\">L\u0101na\u02bbi<\/h3>\n\n\n\n<ul class=\"wp-block-list\">\n<li>Ke kula ki\u02bbeki\u02bbe a me ke kula ha\u02bbaha\u02bba \u02bbo L\u0101na\u02bbi<\/li>\n<\/ul>\n\n\n\n<h3 class=\"wp-block-heading\">Niihau<\/h3>\n\n\n\n<ul class=\"wp-block-list\">\n<li>Niihau High &amp; Elementary School<\/li>\n<\/ul>\n\n\n\n<p><\/p>\n\n\n\n<p><\/p>","protected":false},"excerpt":{"rendered":"<p>The Department\u2019s adoption of N\u0101 Hopena A\u02bbo learning outcomes marked a strengthened commitment to ensure our students engage in learning environments rooted in Hawai\u02bbi. The Department aims to establish consistency in the use of \u02bb\u014dlelo Hawai\u02bbi across memos, documents, reports, public-facing websites and other communications.&nbsp; Hawai\u02bbi State Board of Education Policy 301-8 stipulates that \u201cA [&hellip;]<\/p>","protected":false},"author":8,"featured_media":0,"parent":148,"menu_order":22,"comment_status":"closed","ping_status":"closed","template":"","meta":{"_relevanssi_hide_post":"","_relevanssi_hide_content":"","_relevanssi_pin_for_all":"","_relevanssi_pin_keywords":"","_relevanssi_unpin_keywords":"","_relevanssi_related_keywords":"","_relevanssi_related_include_ids":"","_relevanssi_related_exclude_ids":"","_relevanssi_related_no_append":"","_relevanssi_related_not_related":"","_relevanssi_related_posts":"","_relevanssi_noindex_reason":"","_sitemap_exclude":false,"_sitemap_priority":"","_sitemap_frequency":"","_kad_blocks_custom_css":"","_kad_blocks_head_custom_js":"","_kad_blocks_body_custom_js":"","_kad_blocks_footer_custom_js":"","wp_popup_display_lightbox":0,"wp_popup_suppress":"","wp_popup_trigger":"","wp_popup_trigger_amount":0,"wp_popup_disable_on_mobile":false,"footnotes":""},"class_list":["post-550","page","type-page","status-publish","hentry"],"pp_statuses_selecting_workflow":false,"pp_workflow_action":"current","pp_status_selection":"publish","taxonomy_info":[],"featured_image_src_large":false,"author_info":{"display_name":"Ariana Enomoto","author_link":"https:\/\/hawaiipublicschools.org\/haw\/author\/arianastaceyleong-com\/"},"comment_info":0,"publishpress_future_action":{"enabled":false,"date":"2026-04-25 15:25:13","action":"change-status","newStatus":"draft","terms":[],"taxonomy":"","extraData":[]},"publishpress_future_workflow_manual_trigger":{"enabledWorkflows":[]},"_links":{"self":[{"href":"https:\/\/hawaiipublicschools.org\/haw\/wp-json\/wp\/v2\/pages\/550","targetHints":{"allow":["GET"]}}],"collection":[{"href":"https:\/\/hawaiipublicschools.org\/haw\/wp-json\/wp\/v2\/pages"}],"about":[{"href":"https:\/\/hawaiipublicschools.org\/haw\/wp-json\/wp\/v2\/types\/page"}],"author":[{"embeddable":true,"href":"https:\/\/hawaiipublicschools.org\/haw\/wp-json\/wp\/v2\/users\/8"}],"replies":[{"embeddable":true,"href":"https:\/\/hawaiipublicschools.org\/haw\/wp-json\/wp\/v2\/comments?post=550"}],"version-history":[{"count":0,"href":"https:\/\/hawaiipublicschools.org\/haw\/wp-json\/wp\/v2\/pages\/550\/revisions"}],"up":[{"embeddable":true,"href":"https:\/\/hawaiipublicschools.org\/haw\/wp-json\/wp\/v2\/pages\/148"}],"wp:attachment":[{"href":"https:\/\/hawaiipublicschools.org\/haw\/wp-json\/wp\/v2\/media?parent=550"}],"curies":[{"name":"wp","href":"https:\/\/api.w.org\/{rel}","templated":true}]}}