{"id":51,"date":"2024-09-04T22:26:34","date_gmt":"2024-09-04T22:26:34","guid":{"rendered":"https:\/\/hawaiipublicschools.org\/?page_id=51"},"modified":"2026-04-02T10:24:14","modified_gmt":"2026-04-02T20:24:14","slug":"partners-and-resources","status":"publish","type":"page","link":"https:\/\/hawaiipublicschools.org\/haw\/academics\/partners-and-resources\/","title":{"rendered":"N\u0101 hoa a me n\u0101 kumuwaiwai"},"content":{"rendered":"<p class=\"intro\">Navigating the world of special education for your child can be challenging, but you don\u2019t have to do it alone. Hawai\u02bbi offers a wealth of resources to support families, caregivers, and educators in ensuring children with special needs receive the services and opportunities they deserve. From advocacy organizations and legal assistance to parent support networks and mediation services, these community partnerships are here to help.<\/p>\n\n\n\n<h2 class=\"wp-block-heading\">N\u0101 Punawai \u02bbOhana &amp; Kai\u0101ulu<\/h2>\n\n\n\n<ul class=\"wp-block-list\">\n<li><a href=\"\/haw\/resources\/community-childrens-council\/\" data-type=\"page\" data-id=\"101\" target=\"_blank\" rel=\"noreferrer noopener\">N\u0101 \u02bbAha Kula Kaiapuni<\/a>: He pilina o n\u0101 m\u0101kua, n\u0101 limahana kula, n\u0101 mea ho\u02bbolako pilikino a me n\u0101 l\u0101l\u0101 kai\u0101ulu \u02bb\u0113 a\u02bbe, i ho\u02bbonohonoho \u02bbia e ka &#039;Oihana, ka po\u02bbe e pili ana i ka h\u0101\u02bbawi \u02bbana i n\u0101 lawelawe a me ke k\u0101ko\u02bbo i n\u0101 keiki a me n\u0101 \u02bbohana k\u016bikaw\u0101.<\/li>\n\n\n\n<li><a href=\"http:\/\/health.hawaii.gov\/dcab\/\" target=\"_blank\" rel=\"noreferrer noopener\">Papa Ho\u02bbopa\u02bba Kino &amp; Ho\u02bboka\u02bba\u02bbike:<\/a> He kumuwaiwai no ka po\u02bbe me ke kino k\u012bn\u0101 ma o ka Moku\u02bb\u0101ina \u02bbOihana Ola.<\/li>\n\n\n\n<li><a href=\"https:\/\/hawaiidisabilityrights.org\/\" target=\"_blank\" rel=\"noreferrer noopener\">Hawai\u02bbi Disability Rights Center<\/a>: He \u02bb\u014dnaehana palekana a ho\u02bbolaha i koho \u02bbia no ka po\u02bbe me ke kino k\u012bn\u0101.<\/li>\n\n\n\n<li><a href=\"https:\/\/hsba.org\/\" target=\"_blank\" rel=\"noreferrer noopener\">Hawai\u02bbi State Bar Association<\/a>: Ma luna o 8,000 mau l\u0101l\u0101 ma ka honua holo\u02bboko\u02bba, pili i k\u0113l\u0101 me k\u0113ia \u02bbano o ke kai\u0101ulu, \u02bboihana, aupuni a me n\u0101 \u02bb\u0101pana waiwai \u02bbole o ke kai\u0101ulu. Ho\u02bbohana n\u0101 loio manawale\u02bba i mau tausani hola i k\u0113l\u0101 me k\u0113ia makahiki ma n\u0101 hana pro bono a me n\u0101 hana kai\u0101ulu.<\/li>\n\n\n\n<li><a href=\"https:\/\/hawaiicommunityengagement.com\/\" target=\"_blank\" rel=\"noreferrer noopener\">HIDOE \u02bbOhana a me ke Kai\u0101ulu<\/a>: H\u0101\u02bbawi ka p\u016bnaewele Family and Community Engagement i n\u0101 kumuwaiwai e k\u014dkua i\u0101 HIDOE i ka launa p\u016b \u02bbana me n\u0101 \u02bbohana, n\u0101 kula a me n\u0101 kai\u0101ulu a puni ka moku\u02bb\u0101ina. Ma k\u0113ia p\u016bnaewele, e \u02bbike \u02bboe:\n<ul class=\"wp-block-list\">\n<li>\u02bbIke e pili ana i n\u0101 kula a me n\u0101 papahana e hana nei no ka ho\u02bbopili \u02bbana i ka \u02bbohana a me ke kai\u0101ulu ma ka \u02bb\u0101ina a me ka \u02bb\u0101ina.<\/li>\n\n\n\n<li>\u02bbO n\u0101 waiwai HIDOE i waena <a href=\"https:\/\/hawaiipublicschools.org\/haw\/about\/na-hopena-a%CA%BBo-ha\/\" target=\"_blank\" rel=\"noreferrer noopener\">N\u0101 Hopena A\u02bbo (H\u0100)<\/a>.<\/li>\n\n\n\n<li>Hiki i n\u0101 hui HIDOE ke k\u0101ko\u02bbo i n\u0101 \u02bbohana.<\/li>\n\n\n\n<li>N\u0101 kumuwaiwai e kikowaena ana i ka <a href=\"https:\/\/docs.google.com\/document\/d\/15icZyKk_v2RU3v0DxGKKIhczfVDLoeGycChyZazlevY\/edit#\" target=\"_blank\" rel=\"noreferrer noopener\">HIDOE \u02bbOhana a me ke Kai\u0101ulu Engagework Framework (Google Doc)<\/a>.<\/li>\n<\/ul>\n<\/li>\n\n\n\n<li><a href=\"https:\/\/www.hilopaa.org\/\" target=\"_blank\" rel=\"noreferrer noopener\">Hilopa\u02bba<\/a> h\u0101\u02bbawi i ka \u02bbike a me ka h\u0101\u02bbawi \u02bbana, ke k\u014dkua \u02bbenehana a me ke a\u02bbo \u02bbana no n\u0101 m\u0101kua me n\u0101 keiki me ke kino k\u012bn\u0101. Ho\u02bbohana \u02bbia ka Hale H\u014d\u02bbike\u02bbike \u02bbo Hilopa\u02bba e n\u0101 m\u0101kua a me n\u0101 hoaaloha o n\u0101 keiki me n\u0101 pono m\u0101lama ola kino. H\u0101\u02bbawi l\u0101kou i n\u0101 k\u014dkua manuahi a h\u016bn\u0101 i n\u0101 \u02bbohana a me n\u0101 mea k\u0101ko\u02bbo pono\u02bb\u012b a me n\u0101 \u02bboihana e lawelawe ana i\u0101 l\u0101kou, a h\u0101\u02bbawi i n\u0101 kumuwaiwai no n\u0101 haum\u0101na e ne\u02bbe ana mai ke kula ki\u02bbeki\u02bbe.<\/li>\n\n\n\n<li><a href=\"http:\/\/www.ldahawaii.org\/\" target=\"_blank\" rel=\"noreferrer noopener\">Ke alaka\u02bbi i ke kino k\u012bn\u0101 a me ka holomua o ka Hawai\u02bbi<\/a> (LDAH): Ka Papa Ho\u02bboma\u02bbama\u02bba makua a me ka \u02bbike no ka moku\u02bb\u0101ina \u02bbo Hawai\u02bbi. \u02bbO k\u0101na huaka\u02bbi ka ho\u02bbonui \u02bbana i ka ho\u02bbona\u02bbauao, hana a me n\u0101 manawa ola no n\u0101 keiki a me n\u0101 \u02bb\u014dpio me ke kino k\u012bn\u0101 ma o ka ho\u02bboikaika \u02bbana i\u0101 l\u0101kou a me ko l\u0101kou \u02bbohana ma o ka \u02bbike, ka ho\u02bboma\u02bbama\u02bba \u02bbana a me ke a\u02bbo \u02bbana, a me ka ho\u02bbolaha \u0101kea a me ke k\u0101ko\u02bbo.<\/li>\n\n\n\n<li><a href=\"https:\/\/www.legalaidhawaii.org\/\" target=\"_blank\" rel=\"noreferrer noopener\">Legal Aid Society of Hawai\u02bbi<\/a>: H\u0101\u02bbawi i n\u0101 k\u014dkua k\u0101n\u0101wai k\u012bwila manuahi i n\u0101 po\u02bbe ha\u02bbaha\u02bba loa\u02bba a \u02bba\u02bbole e uku i n\u0101 mea k\u016b\u02bbai aku no n\u0101 lawelawe k\u0101n\u0101wai.<\/li>\n\n\n\n<li><a href=\"https:\/\/www.mediatehawaii.org\/\" target=\"_blank\" rel=\"noreferrer noopener\">Kikowaena Uwao o ka Pakipika<\/a>: \u02bbAhahui k\u016b\u02bboko\u02bba \u02bba\u02bbole waiwai, Aloha United Way Agency e h\u0101\u02bbawi ana i n\u0101 lawelawe u\u02bbi ki\u02bbeki\u02bbe a me n\u0101 lawelawe ho\u02bboholo i n\u0101 ho\u02bbopa\u02bbapa\u02bba i hiki ke loa\u02bba.<\/li>\n\n\n\n<li><a href=\"https:\/\/parentguidance.org\/\" target=\"_blank\" rel=\"noreferrer noopener\">ParentGuidance.org<\/a>: H\u0101\u02bbawi \u02bbia e ke Ke\u02bbena \u02bbOihana K\u0101ko\u02bbo Haumana no n\u0101 m\u0101kua a me n\u0101 limahana kula. <a href=\"https:\/\/parentguidance.org\/\">ParentGuidance.org<\/a> hana p\u016b me n\u0101 kula a me ko l\u0101kou mau kai\u0101ulu a puni ka \u02bb\u0101ina, me ka ho\u02bboikaika \u02bbana i n\u0101 \u02bbohana e k\u014dkua i n\u0101 keiki e ulu a\u02bbe ma o k\u0101na mau kumuwaiwai olakino, e like me:\n<ul class=\"wp-block-list\">\n<li>Ho\u02bboma\u02bbama\u02bba makua ho\u02bbokahi-a-ho\u02bbokahi no n\u0101 m\u0101kua, n\u0101 \u02bbohana a me n\u0101 limahana kula<\/li>\n\n\n\n<li>Loa\u02bba i ka \u02bboi aku ma mua o 30 mau seminar olakino olakino<\/li>\n\n\n\n<li>N\u0101 ha\u02bbawina p\u016bnaewele e alaka\u02bbi \u02bbia e n\u0101 mea lapa\u02bbau laikini<\/li>\n\n\n\n<li>&quot;E n\u012bnau i kahi mea lapa\u02bbau,&quot; he n\u012bnau a pane pane pinepine<\/li>\n<\/ul>\n<\/li>\n\n\n\n<li><a href=\"http:\/\/seac-hawaii.org\/\" target=\"_blank\" rel=\"noreferrer noopener\">\u02bbAha K\u016bk\u0101k\u016bk\u0101 Ho\u02bbona\u02bbauao K\u016bikaw\u0101<\/a> (SEAC): He hui like \u02bbole o n\u0101 k\u0101naka me ka \u02bbike ma n\u0101 \u02bbano \u0101pau e pili ana i ka ho\u02bbona\u02bbauao k\u016bikaw\u0101 a me n\u0101 pilikia pili. Loa\u02bba i ka l\u0101l\u0101 ka hapa nui o n\u0101 m\u0101kua o n\u0101 keiki me ke kino k\u012bn\u0101, a me n\u0101 kumu, n\u0101 luna ho\u02bbomalu, n\u0101 \u02bbelele mai ke Ke\u02bbena Ola a me ke Ke\u02bbena \u02bbOihana Kanaka, a me n\u0101 mea \u02bb\u0113 a\u02bbe.<\/li>\n\n\n\n<li><a href=\"http:\/\/www.spinhawaii.org\/\" target=\"_blank\" rel=\"noreferrer noopener\">P\u016bnaehana \u02bbIke Makua K\u016bikaw\u0101<\/a> (SPIN): \u02bbIke, k\u0101ko\u02bbo a h\u0101\u02bbawi \u02bbia i n\u0101 m\u0101kua o n\u0101 keiki a me n\u0101 \u02bb\u014dpio me ke kino k\u012bn\u0101 a me n\u0101 \u02bboihana e lawelawe ana i\u0101 l\u0101kou (k\u0101ko\u02bbo \u02bbia e DOH\/HIDOE).\n<ul class=\"wp-block-list\">\n<li><a href=\"\/haw\/DOE%20Forms\/OSSS\/SPIN%20Infographics\/ContingencyPlanwQRCode.pdf\/\" target=\"_blank\" rel=\"noreferrer noopener\">Papa Ho\u02bbol\u0101l\u0101 Ho\u02bbol\u0101l\u0101 K\u016b\u02bb\u0113 Pa\u02bba Kula (PDF)<\/a><\/li>\n\n\n\n<li><a href=\"\/haw\/DOE%20Forms\/OSSS\/SPIN%20Infographics\/ParentTipsVirtualIEPwQRcode.pdf\/\" target=\"_blank\" rel=\"noreferrer noopener\">N\u0101 Mana\u02bbo M\u0101kua no n\u0101 IEP Virtual (PDF)<\/a><\/li>\n\n\n\n<li><a href=\"\/haw\/DOE%20Forms\/OSSS\/SPIN%20Infographics\/Using-TechnologywQRcode.pdf\/\" target=\"_blank\" rel=\"noreferrer noopener\">Ke ho\u02bbohana nei i ka \u02bbenehana no ka h\u0101\u02bbawi \u02bbana i n\u0101 lawelawe pili (PDF)<\/a><\/li>\n<\/ul>\n<\/li>\n\n\n\n<li><a href=\"https:\/\/thepromiseact.org\/\">Partners in PROMISE<\/a>: A nonprofit organization that advocates for and supports <a href=\"https:\/\/hawaiipublicschools.org\/haw\/enrolling-in-school\/military-families\/\" data-type=\"page\" data-id=\"4658\">military families<\/a> navigating special education and the Exceptional Family Member Program. They provide resources, data-driven advocacy and tools to help ensure military-connected children with special needs receive consistent and equitable education services.<\/li>\n\n\n\n<li>To learn more about community involvement related to special education and the State Performance Plan\/Annual Performance Report (SPP\/APR), <a href=\"\/haw\/data-reports\/state-reports\/state-performance-plan-annual-performance-report\/\" target=\"_blank\" rel=\"noreferrer noopener\">view the SPP\/APR Educational Partners\/Parent\/Community Feedback page<\/a>.<\/li>\n<\/ul>\n\n\n\n<h2 class=\"wp-block-heading\">Punawai Federal<\/h2>\n\n\n\n<p>N\u0101 loulou hou a me n\u0101 kumuwaiwai e pili ana i ke k\u0101ko\u02bbo \u02bbana i n\u0101 haum\u0101na me ke kino k\u012bn\u0101.<\/p>\n\n\n\n<ul class=\"wp-block-list\">\n<li><a href=\"https:\/\/www.cdc.gov\/act-early\/milestones\/?CDC_AAref_Val=https:\/\/www.cdc.gov\/ncbddd\/actearly\/milestones\/index.html\" target=\"_blank\" rel=\"noreferrer noopener\">N\u0101 kikowaena no ka ho\u02bbopa\u02bba \u02bbana i ka ma\u02bbi a me ka pale \u02bbana i n\u0101 Milestones<\/a>\n<ul class=\"wp-block-list\">\n<li>\u02bbO n\u0101 m\u0101kau e like me ka hana mua \u02bbana, ka \u02bbaka\u02bbaka no ka manawa mua, a me ke k\u0101\u02bbei \u02bbana i ka &quot;bye bye&quot; i kapa \u02bbia \u02bbo ka holomua holomua. Loa\u02bba n\u0101 keiki i n\u0101 milestone ma ke \u02bbano o k\u0101 l\u0101kou p\u0101\u02bbani, a\u02bbo, \u02bb\u014dlelo, hana a ne\u02bbe.<\/li>\n<\/ul>\n<\/li>\n\n\n\n<li>\u02bb<a href=\"https:\/\/www.acf.hhs.gov\/sites\/default\/files\/documents\/main\/resource-guide-for-families-with-children-ages-0-12.pdf\" target=\"_blank\" rel=\"noreferrer noopener\">\u02bbO ke Ke\u02bbena \u02bbOihana Ola a me n\u0101 lawelawe kanaka o \u02bbAmelika Hui P\u016b \u02bbIa no n\u0101 keiki a me n\u0101 \u02bbohana Resource Guide (PDF)<\/a><\/li>\n<\/ul>\n\n\n\n<h2 class=\"wp-block-heading\">N\u0101 Punawai Apana a me n\u0101 Wahi Pa\u02bbi<\/h2>\n\n\n\n<p>Loa\u02bba i k\u0113l\u0101 me k\u0113ia wahi pa\u02bbakik\u012b i loko o ka moku\u02bb\u0101ina kahi hui ho\u02bbona\u02bbauao k\u016bikaw\u0101 o n\u0101 loea e k\u0101ko\u02bbo ana i n\u0101 kula a me n\u0101 \u02bbohana. No ke k\u014dkua me k\u0101u haum\u0101na\/keiki a kula paha, e leka uila i ka <a href=\"https:\/\/docs.google.com\/spreadsheets\/d\/1dOgQPPM7-BbR5JM8t52TaYeE0WJRvzWcCDlZrp9JnRU\/edit?usp=sharing\" target=\"_blank\" rel=\"noreferrer noopener\">Luna Ho\u02bbona\u02bbauao Apana (Google Sheet)<\/a> no k\u0101u kula.<\/p>\n\n\n\n<h2 class=\"wp-block-heading\">Koi Kula<\/h2>\n\n\n\n<p>Hiki i\u0101 HIDOE ke loa\u02bba ka uku k\u0101l\u0101 federala mai ka papahana Medicaid no kekahi mau lawelawe lapa\u02bbau pono e pili ana i ke olakino a m\u0101kou e h\u0101\u02bbawi nei i n\u0101 haum\u0101na k\u016bpono.<\/p>\n\n\n\n<div class=\"wp-block-buttons is-layout-flex wp-block-buttons-is-layout-flex\" style=\"margin-bottom:var(--wp--preset--spacing--10)\">\n<div class=\"wp-block-button has-custom-font-size ghost positive custom_button border_bx-pos is-style-outline is-style-outline--1\" style=\"font-size:0.8rem\"><a rel=\"noreferrer noopener\" target=\"_blank\" href=\"https:\/\/sites.google.com\/k12.hi.us\/hidoe-school-medicaid\/home\" class=\"wp-block-button__link has-text-color has-link-color has-border-color has-contrast-border-color wp-element-button\" style=\"border-width:2px;color:#010101;padding-top:12px;padding-right:20px;padding-bottom:12px;padding-left:20px\">HIDOE medicaid reimbursement website<\/a><\/div>\n<\/div>\n\n\n\n<h2 class=\"wp-block-heading\">A\u02bbo Home-Hospital<\/h2>\n\n\n\n<p>In\u0101 loa\u02bba kahi ma\u02bbi olakino hikiwawe a i \u02bbole e pale ana i ka haum\u0101na mai ke hele kino \u02bbana i ke kula no ka li\u02bbili\u02bbi o 10 mau l\u0101 kula, hiki i n\u0101 m\u0101kua o ka haum\u0101na ke ho\u02bbopiha a waiho i n\u0101 Pauku I a me II o ka <a href=\"https:\/\/hawaiipublicschools.org\/wp-content\/uploads\/Home-Hospital-Instruction-Services-Request.pdf\" data-type=\"attachment\" data-id=\"18000\" target=\"_blank\" rel=\"noreferrer noopener\">Puka lawelawe a\u02bbo halema\u02bbi home (PDF)<\/a> i ka luna ho\u02bboponopono haum\u0101na o ke kula e noi i n\u0101 lawelawe a\u02bbo \u02bbana i ka Halema\u02bbi Home. A laila e \u02bb\u0101koakoa \u02bbia kahi P\u016b\u02bbulu K\u0101ko\u02bbo Haum\u0101na e k\u016bk\u0101k\u016bk\u0101 i ke ala maika\u02bbi loa e ho\u02bbolako ai i ka haum\u0101na me ka ho\u02bbomau o n\u0101 lawelawe ho\u02bbona\u02bbauao ma waena o ka lumi papa a me ka home a i \u02bbole ka haukapila.<\/p>\n\n\n\n<h2 class=\"wp-block-heading\">Lala K\u0101ko\u02bbo K\u016bikaw\u0101<\/h2>\n\n\n\n<p>H\u0101\u02bbawi ka Exceptional Support Branch (ESB), ma lalo o ke Office of Student Support Services, i ke alaka\u02bbi, ka ho\u02bbomohala \u02bboihana a me ke k\u014dkua \u02bbenehana i n\u0101 Area Complex a me n\u0101 kula i ka ho\u02bbol\u0101l\u0101 \u02bbana a me ka ho\u02bbok\u014d \u02bbana i n\u0101 papahana e ho\u02bbonui ai i ka holomua no n\u0101 haum\u0101na me ke kino k\u012bn\u0101. No ka \u02bbike hou aku, e kelepona i\u0101 808-305-9750.<\/p>\n\n\n\n<h2 class=\"wp-block-heading\">M\u0101hele N\u0101n\u0101 a Ho\u02bbok\u014d - P\u016b\u02bbulu IDEA<\/h2>\n\n\n\n<p>Ke k\u0101ko\u02bbo nei ka M\u0101hele Monitoring and Compliance Branch (MAC), IDEA Team, ma lalo o ke Ke\u02bbena o ka Hope Superintendent, i ka ho\u02bbok\u014d \u02bbana i n\u0101 koi o Individuals with Disabilities Education Improvement Act o 2004 (IDEA) a me HAR Mokuna 60 e ho\u02bbomaika\u02bbi i n\u0101 hopena ho\u02bbona\u02bbauao no n\u0101 haum\u0101na me ke kino k\u012bn\u0101 a me ko l\u0101kou mau \u02bbohana. No ka \u02bbike hou aku, e kelepona i\u0101 808-307-3600.<\/p>\n\n\n\n<p><\/p>","protected":false},"excerpt":{"rendered":"<p>Navigating the world of special education for your child can be challenging, but you don\u2019t have to do it alone. Hawai\u02bbi offers a wealth of resources to support families, caregivers, and educators in ensuring children with special needs receive the services and opportunities they deserve. From advocacy organizations and legal assistance to parent support networks [&hellip;]<\/p>","protected":false},"author":8,"featured_media":0,"parent":22,"menu_order":22,"comment_status":"closed","ping_status":"closed","template":"","meta":{"_relevanssi_hide_post":"","_relevanssi_hide_content":"","_relevanssi_pin_for_all":"","_relevanssi_pin_keywords":"","_relevanssi_unpin_keywords":"","_relevanssi_related_keywords":"","_relevanssi_related_include_ids":"","_relevanssi_related_exclude_ids":"","_relevanssi_related_no_append":"","_relevanssi_related_not_related":"","_relevanssi_related_posts":"2392,8795,10024,14258,13725,888","_relevanssi_noindex_reason":"","_sitemap_exclude":false,"_sitemap_priority":"","_sitemap_frequency":"","_kad_blocks_custom_css":"","_kad_blocks_head_custom_js":"","_kad_blocks_body_custom_js":"","_kad_blocks_footer_custom_js":"","wp_popup_display_lightbox":0,"wp_popup_suppress":"","wp_popup_trigger":"","wp_popup_trigger_amount":0,"wp_popup_disable_on_mobile":false,"footnotes":""},"class_list":["post-51","page","type-page","status-publish","hentry"],"pp_statuses_selecting_workflow":false,"pp_workflow_action":"current","pp_status_selection":"publish","taxonomy_info":[],"featured_image_src_large":false,"author_info":{"display_name":"Ariana Enomoto","author_link":"https:\/\/hawaiipublicschools.org\/haw\/author\/arianastaceyleong-com\/"},"comment_info":0,"publishpress_future_action":{"enabled":false,"date":"2026-04-30 23:58:29","action":"change-status","newStatus":"draft","terms":[],"taxonomy":"","extraData":[]},"publishpress_future_workflow_manual_trigger":{"enabledWorkflows":[]},"_links":{"self":[{"href":"https:\/\/hawaiipublicschools.org\/haw\/wp-json\/wp\/v2\/pages\/51","targetHints":{"allow":["GET"]}}],"collection":[{"href":"https:\/\/hawaiipublicschools.org\/haw\/wp-json\/wp\/v2\/pages"}],"about":[{"href":"https:\/\/hawaiipublicschools.org\/haw\/wp-json\/wp\/v2\/types\/page"}],"author":[{"embeddable":true,"href":"https:\/\/hawaiipublicschools.org\/haw\/wp-json\/wp\/v2\/users\/8"}],"replies":[{"embeddable":true,"href":"https:\/\/hawaiipublicschools.org\/haw\/wp-json\/wp\/v2\/comments?post=51"}],"version-history":[{"count":2,"href":"https:\/\/hawaiipublicschools.org\/haw\/wp-json\/wp\/v2\/pages\/51\/revisions"}],"predecessor-version":[{"id":19270,"href":"https:\/\/hawaiipublicschools.org\/haw\/wp-json\/wp\/v2\/pages\/51\/revisions\/19270"}],"up":[{"embeddable":true,"href":"https:\/\/hawaiipublicschools.org\/haw\/wp-json\/wp\/v2\/pages\/22"}],"wp:attachment":[{"href":"https:\/\/hawaiipublicschools.org\/haw\/wp-json\/wp\/v2\/media?parent=51"}],"curies":[{"name":"wp","href":"https:\/\/api.w.org\/{rel}","templated":true}]}}