{"id":50,"date":"2024-09-04T22:26:13","date_gmt":"2024-09-04T22:26:13","guid":{"rendered":"https:\/\/hawaiipublicschools.org\/?page_id=50"},"modified":"2026-04-16T09:30:27","modified_gmt":"2026-04-16T19:30:27","slug":"sped-federal-and-state-regulations","status":"publish","type":"page","link":"https:\/\/hawaiipublicschools.org\/haw\/school-services\/sped-federal-and-state-regulations\/","title":{"rendered":"N\u0101 Ho\u02bboponopono Federal a me ka Moku&#039;\u0101ina"},"content":{"rendered":"<p class=\"intro\" style=\"font-size:clamp(0.875rem, 0.875rem + ((1vw - 0.2rem) * 0.531), 1.3rem);\">H\u0101\u02bbawi k\u0113ia h\u014d\u02bbili\u02bbili o n\u0101 lula federal a me ka moku\u02bb\u0101ina \u02bbo Hawai\u02bbi i ka \u02bbike ko\u02bbiko\u02bbi e pili ana i n\u0101 k\u0101n\u0101wai ho\u02bbona\u02bbauao k\u016bikaw\u0101 a me n\u0101 pale.<\/p>\n\n\n\n<h2 class=\"wp-block-heading\">N\u0101 K\u0101n\u0101wai Federal &amp; N\u0101 K\u016blana<\/h2>\n\n\n\n<ul class=\"wp-block-list\">\n<li><a href=\"https:\/\/sites.ed.gov\/idea\/\" target=\"_blank\" rel=\"noreferrer noopener\">N\u0101 K\u0101n\u0101wai Ho\u02bbona\u02bbauao Kanaka me n\u0101 Disabilities o \u02bbAmelika Hui P\u016b \u02bbIa (IDEA)<\/a><\/li>\n\n\n\n<li><a href=\"https:\/\/sites.ed.gov\/idea\/building-the-legacy-idea-2004\/\" target=\"_blank\" rel=\"noreferrer noopener\">N\u0101 IDEA e hana ana: k\u016bkulu i ka ho\u02bboilina: IDEA 2004<\/a><\/li>\n\n\n\n<li><a href=\"https:\/\/www2.ed.gov\/about\/offices\/list\/osers\/index.html\" target=\"_blank\" rel=\"noreferrer noopener\">Ke\u02bbena o n\u0101 lawelawe ho\u02bbona\u02bbauao k\u016bikaw\u0101 (OSERS<\/a>)<\/li>\n\n\n\n<li><a href=\"https:\/\/studentprivacy.ed.gov\/ferpa\" target=\"_blank\" rel=\"noreferrer noopener\">N\u0101 Kuleana Ho\u02bbona\u02bbauao \u02bbohana a me ke k\u0101n\u0101wai pilikino (FERPA)<\/a><\/li>\n<\/ul>\n\n\n\n<h2 class=\"wp-block-heading\">N\u0101 K\u0101n\u0101wai Moku\u02bb\u0101ina \u02bbo Hawai\u02bbi<\/h2>\n\n\n\n<ul class=\"wp-block-list\">\n<li><a href=\"\/haw\/DOE%20Forms\/Special%20Education\/Procedural%20Safeguards\/ProceduralSafeguards.pdf\/\">Hawai\u02bbi\u2019s Procedural Safeguards Notice<\/a> (PDF)<\/li>\n\n\n\n<li><a href=\"https:\/\/www2.ed.gov\/policy\/speced\/guid\/idea\/procedural-safeguards-q-a.pdf\" target=\"_blank\" rel=\"noreferrer noopener\">N\u0101 N\u012bnau a me n\u0101 pane e pili ana i ke ka\u02bbina hana palekana a me n\u0101 ka\u02bbina hana k\u016bpono (PDF)<\/a><\/li>\n\n\n\n<li><a href=\"https:\/\/boe.hawaii.gov\/wp-content\/uploads\/2024\/07\/60-Provision-of-a-Free-Appropriate-Public-Education-for-a-Student-with-a-Disability.pdf\" target=\"_blank\" rel=\"noreferrer noopener\">Hawai\u02bbi Administrative Rules, Chapter 60<\/a><\/li>\n\n\n\n<li><a href=\"\/haw\/DOE%20Forms\/Special%20Education\/Ch60Guidelines.pdf\/\" target=\"_blank\" rel=\"noreferrer noopener\">Hawai\u02bbi Administrative Rules, Chapter 60 Guidelines (PDF)<\/a><\/li>\n<\/ul>\n\n\n\n<p><\/p>","protected":false},"excerpt":{"rendered":"<p>This collection of federal and Hawai\u2018i state regulations provides you with important information on special education laws and protections. Federal Laws &amp; Regulations Hawai\u2018i state Laws &amp; Regulations<\/p>","protected":false},"author":8,"featured_media":0,"parent":59,"menu_order":15,"comment_status":"closed","ping_status":"closed","template":"","meta":{"_relevanssi_hide_post":"","_relevanssi_hide_content":"","_relevanssi_pin_for_all":"","_relevanssi_pin_keywords":"","_relevanssi_unpin_keywords":"","_relevanssi_related_keywords":"","_relevanssi_related_include_ids":"","_relevanssi_related_exclude_ids":"","_relevanssi_related_no_append":"","_relevanssi_related_not_related":"","_relevanssi_related_posts":"16623,10149,9837,15997,10030,10101","_relevanssi_noindex_reason":"","_sitemap_exclude":false,"_sitemap_priority":"","_sitemap_frequency":"","_kad_blocks_custom_css":"","_kad_blocks_head_custom_js":"","_kad_blocks_body_custom_js":"","_kad_blocks_footer_custom_js":"","wp_popup_display_lightbox":0,"wp_popup_suppress":"","wp_popup_trigger":"","wp_popup_trigger_amount":0,"wp_popup_disable_on_mobile":false,"footnotes":""},"class_list":["post-50","page","type-page","status-publish","hentry"],"pp_statuses_selecting_workflow":false,"pp_workflow_action":"current","pp_status_selection":"publish","taxonomy_info":[],"featured_image_src_large":false,"author_info":{"display_name":"Ariana Enomoto","author_link":"https:\/\/hawaiipublicschools.org\/haw\/author\/arianastaceyleong-com\/"},"comment_info":0,"publishpress_future_action":{"enabled":false,"date":"2026-04-30 07:43:42","action":"change-status","newStatus":"draft","terms":[],"taxonomy":"","extraData":[]},"publishpress_future_workflow_manual_trigger":{"enabledWorkflows":[]},"_links":{"self":[{"href":"https:\/\/hawaiipublicschools.org\/haw\/wp-json\/wp\/v2\/pages\/50","targetHints":{"allow":["GET"]}}],"collection":[{"href":"https:\/\/hawaiipublicschools.org\/haw\/wp-json\/wp\/v2\/pages"}],"about":[{"href":"https:\/\/hawaiipublicschools.org\/haw\/wp-json\/wp\/v2\/types\/page"}],"author":[{"embeddable":true,"href":"https:\/\/hawaiipublicschools.org\/haw\/wp-json\/wp\/v2\/users\/8"}],"replies":[{"embeddable":true,"href":"https:\/\/hawaiipublicschools.org\/haw\/wp-json\/wp\/v2\/comments?post=50"}],"version-history":[{"count":1,"href":"https:\/\/hawaiipublicschools.org\/haw\/wp-json\/wp\/v2\/pages\/50\/revisions"}],"predecessor-version":[{"id":19424,"href":"https:\/\/hawaiipublicschools.org\/haw\/wp-json\/wp\/v2\/pages\/50\/revisions\/19424"}],"up":[{"embeddable":true,"href":"https:\/\/hawaiipublicschools.org\/haw\/wp-json\/wp\/v2\/pages\/59"}],"wp:attachment":[{"href":"https:\/\/hawaiipublicschools.org\/haw\/wp-json\/wp\/v2\/media?parent=50"}],"curies":[{"name":"wp","href":"https:\/\/api.w.org\/{rel}","templated":true}]}}