{"id":48,"date":"2024-09-04T22:25:40","date_gmt":"2024-09-04T22:25:40","guid":{"rendered":"https:\/\/hawaiipublicschools.org\/?page_id=48"},"modified":"2025-11-21T14:21:24","modified_gmt":"2025-11-22T00:21:24","slug":"does-my-child-have-a-disability-child-find","status":"publish","type":"page","link":"https:\/\/hawaiipublicschools.org\/haw\/school-services\/does-my-child-have-a-disability-child-find\/","title":{"rendered":"Pono ka\u02bbu keiki i n\u0101 lawelawe ho\u02bbona\u02bbauao k\u016bikaw\u0101?"},"content":{"rendered":"<p class=\"intro\" style=\"font-size:clamp(0.875rem, 0.875rem + ((1vw - 0.2rem) * 0.531), 1.3rem);\">Ma ke \u02bbano he makua a kahu paha, makemake \u02bboe e holomua k\u0101u keiki ma ke kula, ka pilikanaka a me ka na\u02bbau. In\u0101 mana\u02bbo \u02bboe he kino k\u012bn\u0101 k\u0101u keiki e pili ana i k\u0101 l\u0101kou a\u02bbo \u02bbana a i \u02bbole ka ulu \u02bbana, aia ka &#039;Oihana e k\u0101ko\u02bbo i\u0101 \u02bboe ma ke ka\u02bbina hana \u02bbimi keiki.<\/p>\n\n\n\n<h2 class=\"wp-block-heading\">HEAHA IA KE KEIKI<\/h2>\n\n\n\n<p>\u02bbO Child Find kahi ho\u02bboikaika moku\u02bb\u0101ina e \u02bbike, \u02bbimi a loiloi i n\u0101 keiki a me n\u0101 \u02bb\u014dpio i loa\u02bba i ke kino k\u012bn\u0101 a pono i ka ho\u02bbona\u02bbauao k\u016bikaw\u0101 a me n\u0101 lawelawe pili. \u02bbO k\u0113ia ka\u02bbina hana e h\u014d\u02bboia i k\u0113l\u0101 me k\u0113ia keiki e pono ai ke k\u0101ko\u02bbo e loa\u02bba i ke k\u014dkua no ka holomua.<\/p>\n\n\n\n<h3 class=\"wp-block-heading\">I ka manawa hea e ho\u02bbouna \u02bbia ai kahi keiki i Child Find?<\/h3>\n\n\n\n<ul class=\"wp-block-list\">\n<li>Ke keakea nei ke ola kino o k\u0101u keiki a i \u02bbole ko l\u0101kou a\u02bbo \u02bbana.<\/li>\n\n\n\n<li>Me he mea l\u0101 ua pilikia k\u0101u keiki i ka \u02bbike a i \u02bbole ka lohe. Loa\u02bba i\u0101 l\u0101kou n\u0101 pilikia pilikanaka, na\u02bbau a i \u02bbole n\u0101 hana e pili ana i kona hiki ke a\u02bbo a i \u02bbole ka launa p\u016b \u02bbana me n\u0101 po\u02bbe \u02bb\u0113 a\u02bbe.<\/li>\n\n\n\n<li>Loa\u02bba i k\u0101u keiki kahi ma\u02bbi holomua a degenerative paha e ho\u02bbopilikia i kona hiki ke a\u02bbo.<\/li>\n\n\n\n<li>Me he mea l\u0101 ua pa\u02bbakik\u012b k\u0101u keiki e ho\u02bbomaopopo i n\u0101 kuhikuhi e like me k\u0101na mau hoa.<\/li>\n\n\n\n<li>\u02bbA\u02bbole maopopo i ka \u02bbohana a i \u02bbole n\u0101 hoaaloha ka \u02bb\u014dlelo a k\u0101u keiki.<\/li>\n\n\n\n<li>Pa\u02bbakik\u012b k\u0101u keiki i ka heluhelu, k\u0101kau, makemakika a me n\u0101 kumuhana kula \u02bb\u0113 a\u02bbe.<\/li>\n<\/ul>\n\n\n\n<h3 class=\"wp-block-heading\">Pehea e hiki ai ke kuhikuhi i ke keiki?<\/h3>\n\n\n\n<ul class=\"wp-block-list\">\n<li>E kelepona i ke kula kai\u0101ulu (kahi e hele ai k\u0101u keiki in\u0101 \u02bba\u02bbole ia he mau makahiki kula) a noi i kahi loiloi. E wehewehe a k\u0101kau paha i k\u0101u mau mana\u02bbo hopohopo a pau e \u02bbike \u02bbia e keakea nei i k\u0101 l\u0101kou a\u02bbo \u02bbana. Hiki ke noi: Ma ke kanaka, a ma ke kelepona paha.<\/li>\n\n\n\n<li>Ma kahi leka i k\u0101kau \u02bbia, fax a leka uila paha. A i \u02bbole ma ka <a href=\"https:\/\/hawaiipublicschools.org\/wp-content\/uploads\/RequestForEvaluation.pdf\" data-type=\"attachment\" data-id=\"8059\">palapala noi no ka loiloi moku&#039;\u0101ina o Hawai&#039;i<\/a> (PDF) a i \u02bbole i loa\u02bba mai ke kula.&nbsp;&nbsp;<\/li>\n<\/ul>\n\n\n\n<h3 class=\"wp-block-heading\">He aha ka hana ma hope o ka h\u0101\u02bbawi \u02bbana?<\/h3>\n\n\n\n<ul class=\"wp-block-list\">\n<li>Hiki i ke kula ke kono i\u0101 \u02bboe e hele i kahi h\u0101l\u0101wai, \u02bbo ia ho\u02bbi n\u0101 kumu (n\u0101 kumu), ke po\u02bbo kumu a i \u02bbole n\u0101 limahana kula \u02bb\u0113 a\u02bbe i loa\u02bba ka \u02bbike ma kahi e hopohopo nei e k\u016bk\u0101k\u016bk\u0101 i n\u0101 mana\u02bbo o k\u0101u keiki.<\/li>\n\n\n\n<li>N\u0101n\u0101 kekahi hui i n\u0101 \u02bbike a pau mai i\u0101 \u02bboe a\/a i kumu paha (\u02bbo ia ho\u02bbi, n\u0101 mo\u02bbolelo haum\u0101na, n\u0101 m\u0101ka, n\u0101 helu h\u014d\u02bbike, n\u0101 h\u014d\u02bbike \u02bb\u0113 a\u02bbe, a me n\u0101 mea \u02bb\u0113 a\u02bbe), no ka ho\u02bboholo \u02bbana in\u0101 pono ka loiloi a me ke \u02bbano o ka loiloi.<\/li>\n\n\n\n<li>E pane ke kula i loko o 15 mau l\u0101 in\u0101 e m\u0101lama \u02bbia ka loiloi a \u02bba\u02bbole paha. <\/li>\n\n\n\n<li>Pono ka \u02bbae makua no ka loiloi \u02bbana. He kuleana kou a me k\u0101u (mau keiki) ma k\u0113ia ka\u02bbina hana.<\/li>\n<\/ul>\n\n\n\n<h2 class=\"wp-block-heading\">PALAPALA LOA KE KEIKI (N\u0100 \u02bb\u014clelo) <\/h2>\n\n\n\n<p>Loa\u02bba n\u0101 palapala ma n\u0101 \u02bb\u014dlelo like \u02bbole. Ho\u02bboiho i ka palapala PDF, a n\u0101n\u0101 i\u0101 ia ma Adobe Acrobat.&nbsp;<\/p>\n\n\n\n<div class=\"wp-block-columns is-layout-flex wp-container-core-columns-is-layout-28f84493 wp-block-columns-is-layout-flex\">\n<div class=\"wp-block-column is-layout-flow wp-block-column-is-layout-flow\">\n<ul class=\"wp-block-list\">\n<li><a href=\"\/wp-content\/uploads\/ChildFind.pdf\" target=\"_blank\" rel=\"noreferrer noopener\">Pelekania (PDF)<\/a><\/li>\n\n\n\n<li><a href=\"\/wp-content\/uploads\/ChildFind-Chinese.pdf\" target=\"_blank\" rel=\"noreferrer noopener\">P\u0101k\u0113 (PDF)<\/a><\/li>\n\n\n\n<li><a href=\"\/wp-content\/uploads\/ChildFind-Chuukese.pdf\" target=\"_blank\" rel=\"noreferrer noopener\">Chuukese (PDF)<\/a><\/li>\n\n\n\n<li><a href=\"\/haw\/DOE%20Forms\/Special%20Education\/ChildFind-Hawaiian.pdf\/\" target=\"_blank\" rel=\"noreferrer noopener\">Hawaii (PDF)<\/a><\/li>\n\n\n\n<li><a href=\"\/haw\/DOE%20Forms\/Special%20Education\/ChildFind-Ilokano.pdf\/\" target=\"_blank\" rel=\"noreferrer noopener\">\u02bbIlokano (PDF)<\/a><\/li>\n<\/ul>\n<\/div>\n\n\n\n<div class=\"wp-block-column is-layout-flow wp-block-column-is-layout-flow\">\n<ul class=\"wp-block-list\">\n<li><a href=\"\/haw\/DOE%20Forms\/Special%20Education\/ChildFind-Japanese.pdf\/\" target=\"_blank\" rel=\"noreferrer noopener\">Kepani (PDF)<\/a><\/li>\n\n\n\n<li><a href=\"\/haw\/DOE%20Forms\/Special%20Education\/ChildFind-Korean.pdf\/\" target=\"_blank\" rel=\"noreferrer noopener\">K\u014dlea (PDF)<\/a><\/li>\n\n\n\n<li><a href=\"\/haw\/DOE%20Forms\/Special%20Education\/ChildFind-Marshallese.pdf\/\" target=\"_blank\" rel=\"noreferrer noopener\">Marshallese (PDF)<\/a><\/li>\n\n\n\n<li><a href=\"\/haw\/DOE%20Forms\/Special%20Education\/ChildFind-Samoan.pdf\/\" target=\"_blank\" rel=\"noreferrer noopener\">S\u0101moa (PDF)<\/a><\/li>\n<\/ul>\n<\/div>\n\n\n\n<div class=\"wp-block-column is-layout-flow wp-block-column-is-layout-flow\">\n<ul class=\"wp-block-list\">\n<li><a href=\"\/haw\/DOE%20Forms\/Special%20Education\/ChildFind-Spanish.pdf\/\" target=\"_blank\" rel=\"noreferrer noopener\">Paniolo (PDF)<\/a><\/li>\n\n\n\n<li><a href=\"\/haw\/DOE%20Forms\/Special%20Education\/ChildFind-Tagalog.pdf\/\" target=\"_blank\" rel=\"noreferrer noopener\">Tagalog (PDF)<\/a><\/li>\n\n\n\n<li><a href=\"\/haw\/DOE%20Forms\/Special%20Education\/ChildFind-Tongan.pdf\/\" target=\"_blank\" rel=\"noreferrer noopener\">Tonga (PDF)<\/a><\/li>\n\n\n\n<li><a href=\"\/haw\/DOE%20Forms\/Special%20Education\/ChildFind-Vietnamese.pdf\/\" target=\"_blank\" rel=\"noreferrer noopener\">Vietnamese (PDF)<\/a><\/li>\n<\/ul>\n<\/div>\n<\/div>\n\n\n\n<h2 class=\"wp-block-heading\">Ho\u02bbopili<\/h2>\n\n\n\n<p>No ka \u02bbike hou aku, e kelepona i\u0101 Child Find ma 800-297-2070 a puni ka moku\u02bb\u0101ina.&nbsp;<\/p>\n\n\n\n<h4 class=\"wp-block-heading\">N\u0101 keiki ma lalo o 3 makahiki<\/h4>\n\n\n\n<p>In\u0101 \u02bboi aku k\u0101u keiki ma mua o 3 makahiki (h\u0101nau \u02bbia a 2 mau makahiki) e kelepona i ka Early Intervention Referral Line ma 808-594-0066. Hiki i\u0101 \u02bboe ke kipa <a href=\"https:\/\/health.hawaii.gov\/eis\/home\/eiservices\/\">Paena p\u016bnaewele Early Intervention Services<\/a>.<\/p>\n\n\n\n<h4 class=\"wp-block-heading\">N\u0101 keiki ma mua o 22 makahiki a \u02bboi paha<\/h4>\n\n\n\n<p>No k\u0113l\u0101 mau makahiki he 22 a \u02bboi a\u02bbe paha, e kelepona aku i ka Moku\u02bb\u0101ina \u02bbo Hawai\u02bbi State Department of Human Services, Vocational Rehabilitation, and Services for the Blind Division ma 808-586-5269, a i \u02bbole ka Moku\u02bb\u0101ina \u02bbo Hawai\u02bbi State Department of Health, Case Management and Information Services Branch ma 808-733-9172.<\/p>\n\n\n\n<p><\/p>\n\n\n\n<p><\/p>","protected":false},"excerpt":{"rendered":"<p>As a parent or guardian, you want your child to thrive academically, socially and emotionally. If you suspect your child may have a disability that impacts their learning or development, the Department is here to support you through the Child Find process. WHAT IS CHILD FIND Child Find is a statewide effort to identify, locate [&hellip;]<\/p>","protected":false},"author":8,"featured_media":0,"parent":59,"menu_order":33,"comment_status":"closed","ping_status":"closed","template":"","meta":{"_relevanssi_hide_post":"","_relevanssi_hide_content":"","_relevanssi_pin_for_all":"","_relevanssi_pin_keywords":"","_relevanssi_unpin_keywords":"","_relevanssi_related_keywords":"","_relevanssi_related_include_ids":"","_relevanssi_related_exclude_ids":"","_relevanssi_related_no_append":"","_relevanssi_related_not_related":"","_relevanssi_related_posts":"16234,14020,8795,15617,14249,15429","_relevanssi_noindex_reason":"","_sitemap_exclude":false,"_sitemap_priority":"","_sitemap_frequency":"","_kad_blocks_custom_css":"","_kad_blocks_head_custom_js":"","_kad_blocks_body_custom_js":"","_kad_blocks_footer_custom_js":"","wp_popup_display_lightbox":0,"wp_popup_suppress":"","wp_popup_trigger":"","wp_popup_trigger_amount":0,"wp_popup_disable_on_mobile":false,"footnotes":""},"class_list":["post-48","page","type-page","status-publish","hentry"],"pp_statuses_selecting_workflow":false,"pp_workflow_action":"current","pp_status_selection":"publish","taxonomy_info":[],"featured_image_src_large":false,"author_info":{"display_name":"Ariana Enomoto","author_link":"https:\/\/hawaiipublicschools.org\/haw\/author\/arianastaceyleong-com\/"},"comment_info":0,"publishpress_future_action":{"enabled":false,"date":"2026-04-15 04:19:03","action":"change-status","newStatus":"draft","terms":[],"taxonomy":"","extraData":[]},"publishpress_future_workflow_manual_trigger":{"enabledWorkflows":[]},"_links":{"self":[{"href":"https:\/\/hawaiipublicschools.org\/haw\/wp-json\/wp\/v2\/pages\/48","targetHints":{"allow":["GET"]}}],"collection":[{"href":"https:\/\/hawaiipublicschools.org\/haw\/wp-json\/wp\/v2\/pages"}],"about":[{"href":"https:\/\/hawaiipublicschools.org\/haw\/wp-json\/wp\/v2\/types\/page"}],"author":[{"embeddable":true,"href":"https:\/\/hawaiipublicschools.org\/haw\/wp-json\/wp\/v2\/users\/8"}],"replies":[{"embeddable":true,"href":"https:\/\/hawaiipublicschools.org\/haw\/wp-json\/wp\/v2\/comments?post=48"}],"version-history":[{"count":0,"href":"https:\/\/hawaiipublicschools.org\/haw\/wp-json\/wp\/v2\/pages\/48\/revisions"}],"up":[{"embeddable":true,"href":"https:\/\/hawaiipublicschools.org\/haw\/wp-json\/wp\/v2\/pages\/59"}],"wp:attachment":[{"href":"https:\/\/hawaiipublicschools.org\/haw\/wp-json\/wp\/v2\/media?parent=48"}],"curies":[{"name":"wp","href":"https:\/\/api.w.org\/{rel}","templated":true}]}}