{"id":4687,"date":"2024-12-19T14:15:26","date_gmt":"2024-12-19T22:15:26","guid":{"rendered":"https:\/\/hawaiipublicschools.org\/?page_id=4687"},"modified":"2025-10-23T11:55:42","modified_gmt":"2025-10-23T21:55:42","slug":"partners-and-resources","status":"publish","type":"page","link":"https:\/\/hawaiipublicschools.org\/haw\/partners-and-resources\/","title":{"rendered":"N\u0101 hoa a me n\u0101 kumuwaiwai"},"content":{"rendered":"<h2 class=\"wp-block-heading\">Hui Ho\u02bbona\u02bbauao Hui<\/h2>\n\n\n\n<p>Me ke k\u0101ko\u02bbo o Sen. Daniel K. Inouye i hala, ua ho\u02bbokumu \u02bbia ka JVEF i ka makahiki 1999 ma ke \u02bbano he hui ma waena o ka &#039;Oihana, ka p\u016b\u02bbali koa a me n\u0101 mea pili kaiaulu ma ke \u02bbano he wahi e ho\u02bboponopono ai i n\u0101 mana\u02bbo like \u02bbole ma o ke k\u016bk\u0101k\u016bk\u0101 k\u016bpono a me n\u0101 pilina e h\u0101pai i n\u0101 manawa ho\u02bbona\u02bbauao no n\u0101 keiki o Hawaii. \u02bbO ka hui \u02bbana mai ka JVEF e ho\u02bbomaika\u02bbi i k\u0101 m\u0101kou mau kula aupuni, n\u0101 k\u0101ko\u02bbo no n\u0101 \u02bbohana koa a me n\u0101 keiki, a me n\u0101 pilina kai\u0101ulu no n\u0101 mo\u02bbomeheu \u02bbelua.<\/p>\n\n\n\n<figure class=\"wp-block-embed is-type-video is-provider-vimeo wp-block-embed-vimeo wp-embed-aspect-16-9 wp-has-aspect-ratio\"><div class=\"wp-block-embed__wrapper\">\n<iframe loading=\"lazy\" title=\"JVEF - Ho\u02bbolaule\u02bba i k\u0101 m\u0101kou Ho\u02bbohui Ho\u02bbomau\" src=\"https:\/\/player.vimeo.com\/video\/896014173?dnt=1&amp;app_id=122963\" width=\"500\" height=\"281\" frameborder=\"0\" allow=\"autoplay; fullscreen; picture-in-picture; clipboard-write; encrypted-media; web-share\" referrerpolicy=\"strict-origin-when-cross-origin\"><\/iframe>\n<\/div><\/figure>\n\n\n\n<h2 class=\"wp-block-heading\">Ke K\u014dmike Ko\u02bbiko\u02bbi o n\u0101 Keiki Koa Interstate (MIC3)<\/h2>\n\n\n\n<figure class=\"wp-block-kadence-image kb-image4687_f22655-28 size-full\"><a href=\"https:\/\/mic3.net\/state\/hawaii\/\" class=\"kb-advanced-image-link\"><img loading=\"lazy\" decoding=\"async\" width=\"250\" height=\"55\" src=\"https:\/\/hawaiipublicschools.org\/wp-content\/uploads\/MIC3-Logo.jpg\" alt=\"Military Interstate Children\u02bbs Compact Commission (MIC3) Logo\" class=\"kb-img wp-image-7474\" srcset=\"https:\/\/hawaiipublicschools.org\/wp-content\/uploads\/MIC3-Logo.jpg 250w, https:\/\/hawaiipublicschools.org\/wp-content\/uploads\/MIC3-Logo-18x4.jpg 18w\" sizes=\"auto, (max-width: 250px) 100vw, 250px\" \/><\/a><\/figure>\n\n\n\n<p>\u02bbOiai ua ho\u02bboikaika nui n\u0101 p\u016b\u02bbali koa i ka ho\u02bbololi \u02bbana o k\u0101 l\u0101kou mau limahana, k\u0101 l\u0101kou mau hoa k\u0101ne a, \u02bbo ka mea nui loa, \u02bbo k\u0101 l\u0101kou mau keiki, he nui n\u0101 mea e hana \u02bbia ma ka moku\u02bb\u0101ina a me n\u0101 pae k\u016bloko e h\u014d\u02bboia i ka loa\u02bba \u02bbana o n\u0101 keiki o n\u0101 \u02bbohana koa i n\u0101 manawa like no ka holomua ho\u02bbona\u02bbauao e like me n\u0101 keiki \u02bb\u0113 a\u02bbe. \u02bbO ka <a href=\"https:\/\/mic3.net\/state\/hawaii\/\" target=\"_blank\" rel=\"noreferrer noopener\">Interstate Compact on Education Opportunity for Military Children<\/a>ho\u02bboponopono i k\u0113ia mau pilikia.<\/p>\n\n\n\n<p>Komisina: John Erickson<\/p>\n\n\n\n<p><a href=\"https:\/\/indd.adobe.com\/view\/cee14c43-f325-4ca6-80c1-4013ccc11f00\" target=\"_blank\" rel=\"noreferrer noopener\">E heluhelu i ka puke alaka\u02bbi makua MIC3<\/a> no ka \u02bbike hou aku a i \u02bbole <a href=\"https:\/\/mic3.net\/mic3training-net\/\" target=\"_blank\" rel=\"noreferrer noopener\">lawe Compact 101 Training<\/a> e h\u0101\u02bbawi ana i n\u0101 haum\u0101na i kahi mo\u02bbolelo p\u014dkole o ka ho\u02bbomaka \u02bbana o ka Compact a ukali \u02bbia e ka \u02bbike nui o n\u0101 koi k\u0101n\u0101wai e pili ana i n\u0101 kula \u0101kea a me n\u0101 kula DoDEA e a\u02bbo ana i n\u0101 keiki pili p\u016b\u02bbali koa.<\/p>\n\n\n\n<h2 class=\"wp-block-heading\">N\u0101 kumuwaiwai \u02bb\u0113 a\u02bbe a me n\u0101 hoa<\/h2>\n\n\n\n<ul class=\"wp-block-list\">\n<li><a href=\"https:\/\/hawaiipublicschools.org\/haw\/resources\/community-childrens-council\/\">Aha Kai\u0101ulu Keiki<\/a><\/li>\n\n\n\n<li><a href=\"https:\/\/thepromiseact.org\/\">Partners in PROMISE<\/a><\/li>\n\n\n\n<li><a href=\"https:\/\/hawaiipublicschools.org\/wp-content\/uploads\/Military-OneSource-Connecting-You-to-Support-and-Resources-2023.pdf\" target=\"_blank\" rel=\"noreferrer noopener\">P\u016b\u02bbali Koa Ho\u02bbokahi (PDF)<\/a><\/li>\n\n\n\n<li><a href=\"https:\/\/hawaiipublicschools.org\/wp-content\/uploads\/DoDEA-E2P2-FAQs.pdf\" target=\"_blank\" rel=\"noreferrer noopener\">Ho\u02bbonui \u02bbia \u02bbo DoDEA i ka Polokalamu Pilot Eligibility (E2P2) (PDF)<\/a><\/li>\n\n\n\n<li><a href=\"https:\/\/hawaiipublicschools.org\/wp-content\/uploads\/ASYMCA-JBPHH-2022.pdf\" target=\"_blank\" rel=\"noreferrer noopener\">\u02bbO n\u0101 lawelawe kaua YMCA (Lal\u0101 JBPHH) (PDF)<\/a><\/li>\n\n\n\n<li><a href=\"https:\/\/hawaiipublicschools.org\/wp-content\/uploads\/ASYMCA-WAAF-2022.pdf\" target=\"_blank\" rel=\"noreferrer noopener\">N\u0101 lawelawe kaua YMCA (Laa WAAF) (PDF)<\/a><\/li>\n\n\n\n<li><a href=\"https:\/\/hawaiipublicschools.org\/wp-content\/uploads\/Tutor.com-Top-10-Facts-for-Parents_2024.pdf\" target=\"_blank\" rel=\"noreferrer noopener\">Tutor.com (PDF)<\/a><\/li>\n\n\n\n<li><a href=\"https:\/\/hawaiipublicschools.org\/wp-content\/uploads\/MFLC-CYB-Brochure-2021.pdf\" target=\"_blank\" rel=\"noreferrer noopener\">N\u0101 K\u016bk\u0101k\u016bk\u0101 Ola \u02bbOhana Koa (PDF)<\/a><\/li>\n\n\n\n<li><a href=\"https:\/\/hawaiipublicschools.org\/wp-content\/uploads\/A4L-Elementary-School-Brochure-2021.pdf\" target=\"_blank\" rel=\"noreferrer noopener\">Anchored4Life \u2013 Elementary-Aged Youth (PDF)<\/a><\/li>\n\n\n\n<li><a href=\"https:\/\/hawaiipublicschools.org\/wp-content\/uploads\/A4L-Middle-School-Brochure-2021.pdf\" target=\"_blank\" rel=\"noreferrer noopener\">Anchored4Life \u2013 \u02bbOpio o ke kula waena (PDF)<\/a><\/li>\n\n\n\n<li><a href=\"https:\/\/hawaiipublicschools.org\/wp-content\/uploads\/FOCUS-Services-2024.pdf\" target=\"_blank\" rel=\"noreferrer noopener\">N\u0101 \u02bbohana e lanakila ana ma lalo o ka pilikia (FOCUS) (PDF)<\/a><\/li>\n\n\n\n<li><a href=\"https:\/\/hawaiipublicschools.org\/wp-content\/uploads\/ASACS-Trifold-SY-24-25.pdf\" target=\"_blank\" rel=\"noreferrer noopener\">N\u0101 lawelawe k\u0101ko\u02bbo a me ka \u02bb\u014dlelo a\u02bbo \u02bb\u014dpio (ASACS) (PDF)<\/a><\/li>\n\n\n\n<li><a href=\"https:\/\/hawaiipublicschools.org\/wp-content\/uploads\/Steven-A.-Cohen-Military-Family-Clinic-at-Child-Family-Service-Mililani-2022.pdf\" target=\"_blank\" rel=\"noreferrer noopener\">Ke Kauka \u02bbo Stephen A. Cohen (PDF)<\/a><\/li>\n\n\n\n<li><a href=\"https:\/\/hawaiipublicschools.org\/wp-content\/uploads\/SchoolQuest-Flyer-2022.pdf\" target=\"_blank\" rel=\"noreferrer noopener\">SchoolQuest (PDF)<\/a><\/li>\n\n\n\n<li><a href=\"https:\/\/hawaiipublicschools.org\/wp-content\/uploads\/A-Guide-for-Military-Families.pdf\">Life Journey Through Autism: A Guide for Military Families (PDF)<\/a><\/li>\n<\/ul>\n\n\n\n<p><\/p>","protected":false},"excerpt":{"rendered":"<p>Joint Venture Education Forum With the support of the late Sen. Daniel K. Inouye, the JVEF was established in 1999 as a partnership between the Department, military and community stakeholders as a venue to address mutual concerns through meaningful discussion and relationships to promote educational opportunities for Hawaii\u2019s children. Partnerships resulting from the JVEF improve [&hellip;]<\/p>","protected":false},"author":6,"featured_media":0,"parent":0,"menu_order":72,"comment_status":"closed","ping_status":"closed","template":"","meta":{"_relevanssi_hide_post":"","_relevanssi_hide_content":"","_relevanssi_pin_for_all":"","_relevanssi_pin_keywords":"","_relevanssi_unpin_keywords":"","_relevanssi_related_keywords":"","_relevanssi_related_include_ids":"","_relevanssi_related_exclude_ids":"","_relevanssi_related_no_append":"","_relevanssi_related_not_related":"","_relevanssi_related_posts":"2392,8795,10024,14258,13725,888","_relevanssi_noindex_reason":"","_sitemap_exclude":false,"_sitemap_priority":"","_sitemap_frequency":"","_kad_blocks_custom_css":"","_kad_blocks_head_custom_js":"","_kad_blocks_body_custom_js":"","_kad_blocks_footer_custom_js":"","wp_popup_display_lightbox":0,"wp_popup_suppress":"","wp_popup_trigger":"","wp_popup_trigger_amount":0,"wp_popup_disable_on_mobile":false,"footnotes":""},"class_list":["post-4687","page","type-page","status-publish","hentry"],"pp_statuses_selecting_workflow":false,"pp_workflow_action":"current","pp_status_selection":"publish","taxonomy_info":[],"featured_image_src_large":false,"author_info":{"display_name":"Anne Sakutori","author_link":"https:\/\/hawaiipublicschools.org\/haw\/author\/annestaceyleong-com\/"},"comment_info":0,"publishpress_future_action":{"enabled":false,"date":"2026-04-12 16:18:28","action":"change-status","newStatus":"draft","terms":[],"taxonomy":"","extraData":[]},"publishpress_future_workflow_manual_trigger":{"enabledWorkflows":[]},"_links":{"self":[{"href":"https:\/\/hawaiipublicschools.org\/haw\/wp-json\/wp\/v2\/pages\/4687","targetHints":{"allow":["GET"]}}],"collection":[{"href":"https:\/\/hawaiipublicschools.org\/haw\/wp-json\/wp\/v2\/pages"}],"about":[{"href":"https:\/\/hawaiipublicschools.org\/haw\/wp-json\/wp\/v2\/types\/page"}],"author":[{"embeddable":true,"href":"https:\/\/hawaiipublicschools.org\/haw\/wp-json\/wp\/v2\/users\/6"}],"replies":[{"embeddable":true,"href":"https:\/\/hawaiipublicschools.org\/haw\/wp-json\/wp\/v2\/comments?post=4687"}],"version-history":[{"count":0,"href":"https:\/\/hawaiipublicschools.org\/haw\/wp-json\/wp\/v2\/pages\/4687\/revisions"}],"wp:attachment":[{"href":"https:\/\/hawaiipublicschools.org\/haw\/wp-json\/wp\/v2\/media?parent=4687"}],"curies":[{"name":"wp","href":"https:\/\/api.w.org\/{rel}","templated":true}]}}