{"id":42,"date":"2024-09-04T22:22:24","date_gmt":"2024-09-04T22:22:24","guid":{"rendered":"https:\/\/hawaiipublicschools.org\/?page_id=42"},"modified":"2025-10-06T09:27:47","modified_gmt":"2025-10-06T19:27:47","slug":"gifted-and-talented","status":"publish","type":"page","link":"https:\/\/hawaiipublicschools.org\/haw\/academics\/gifted-and-talented\/","title":{"rendered":"Makana a Talenta"},"content":{"rendered":"<p class=\"intro\" style=\"font-size:clamp(0.875rem, 0.875rem + ((1vw - 0.2rem) * 0.531), 1.3rem);\">Ua k\u016bpa\u02bba ka &#039;Oihana i ka h\u0101\u02bbawi \u02bbana i ke alaka\u02bbi a me ke alaka\u02bbi \u02bbana e h\u014d\u02bboia i ka h\u0101\u02bbawi \u02bbana o n\u0101 kula \u0101pau i kahi ho\u02bbona\u02bbauao pa\u02bbakik\u012b no n\u0101 haum\u0101na akamai a akamai. \u02bbOi aku ka maika\u02bbi o k\u0113ia mau haum\u0101na ma n\u0101 wahi e like me ka no\u02bbono\u02bbo, ka no\u02bbono\u02bbo, ka hana no\u02bbeau, ke alaka\u02bbi a me n\u0101 kumuhana ho\u02bbona\u02bbauao k\u016bikaw\u0101.<\/p>\n\n\n\n<div class=\"wp-block-columns double_col_sidebar is-layout-flex wp-container-core-columns-is-layout-28f84493 wp-block-columns-is-layout-flex\">\n<div class=\"wp-block-column left_col is-layout-flow wp-block-column-is-layout-flow\">\n<p>I kulike ai me <a href=\"http:\/\/boe.hawaii.gov\/policies\/Board%20Policies\/Gifted%20and%20Talented.pdf\" target=\"_blank\" rel=\"noreferrer noopener\">Kulekele Papa Ho\u02bbona\u02bbauao 105-5 (PDF)<\/a>, \u02bbo n\u0101 pahuhopu no ke k\u0101ko\u02bbo \u02bbana i n\u0101 haum\u0101na akamai a me ke akamai:<\/p>\n\n\n\n<ol class=\"wp-block-list\">\n<li><strong>Ho\u02bbonohonoho i n\u0101 k\u016blana ha\u02bbawina ki\u02bbeki\u02bbe<\/strong> i k\u016blike me ka pono na\u02bbauao a me ka pilikanaka o n\u0101 haum\u0101na akamai.<\/li>\n\n\n\n<li><strong>E h\u014d\u02bboia ana i n\u0101 kula a pau<\/strong> h\u0101\u02bbawi i n\u0101 manawa a\u02bbo e h\u0101nai i n\u0101 haum\u0101na me n\u0101 k\u0101lena a me n\u0101 hiki keu.<\/li>\n\n\n\n<li><strong>H\u0101\u02bbawi i n\u0101 \u02bb\u014dlelo a\u02bbo k\u016bikaw\u0101<\/strong> a me n\u0101 lawelawe e ho\u02bbok\u016bk\u016b a ho\u02bbokomo i n\u0101 haum\u0101na akamai i n\u0101 pae i k\u016bpono i ko l\u0101kou hiki.<\/li>\n\n\n\n<li><strong>H\u0101\u02bbawi i ka ho\u02bbomohala \u02bboihana ho\u02bbomau<\/strong> a me ke a\u02bbo \u02bbana i n\u0101 kumu e k\u0101ko\u02bbo maika\u02bbi i k\u0113ia mau haum\u0101na.<\/li>\n\n\n\n<li><strong>Ka paipai \u02bbana i ke komo \u02bbana o n\u0101 m\u0101kua<\/strong> e k\u016bkulu i kaiaulu a\u02bbo k\u0101ko\u02bbo.<\/li>\n\n\n\n<li><strong>Ke ho\u02bbokumu \u02bbana i kahi \u02bb\u014dnaehana moku\u02bb\u0101ina<\/strong> no ka \u02bbike \u02bbana i n\u0101 haum\u0101na akamai, ka ha\u02bbi \u02bbana i n\u0101 m\u0101kua, a me ka loiloi \u02bbana i ka pono o ka papahana.<\/li>\n<\/ol>\n\n\n\n<h2 class=\"wp-block-heading\">N\u0101 papahana ho\u02bbohui<\/h2>\n\n\n\n<h3 class=\"wp-block-heading\">Center for Talented Youth (CTY)<\/h3>\n\n\n\n<p>Ma ka <a href=\"http:\/\/cty.jhu.edu\/\" target=\"_blank\" rel=\"noreferrer noopener\">Johns Hopkins Center for Talented Youth<\/a>, \u02bbIke n\u0101 haum\u0101na Gifted &amp; Talented i ka nui o ka hiki i\u0101 l\u0101kou ke \u02bb\u0101lohilohi me n\u0101 papahana kauwela ho\u02bbona\u02bbauao ki\u02bbeki\u02bbe, n\u0101 papa p\u016bnaewele, n\u0101 makana a me n\u0101 mea hou aku.&nbsp;<\/p>\n\n\n\n<h3 class=\"wp-block-heading\">\u02bbO Davidson Young Scholars<\/h3>\n\n\n\n<p>\u02bbO ka <a href=\"http:\/\/www.davidsongifted.org\/youngscholars\/\" target=\"_blank\" rel=\"noreferrer noopener\">\u02bbO Davidson Young Scholars<\/a> H\u0101\u02bbawi ka papahana i n\u0101 lawelawe manuahi i ho\u02bbol\u0101l\u0101 \u02bbia e h\u0101nai i ka ho\u02bbomohala \u02bbana i ka na\u02bbauao, pilikanaka, na\u02bbau, a me ka ho\u02bbona\u02bbauao o n\u0101 \u02bb\u014dpio na\u02bbauao hohonu ma waena o n\u0101 makahiki 5 a me 18 (pono n\u0101 haum\u0101na ma waena o n\u0101 makahiki 5 a me 16 i ka w\u0101 e noi ana). Loa\u02bba n\u0101 palena manawa noi i ka makahiki.&nbsp;<\/p>\n\n\n\n<h3 class=\"wp-block-heading\">\u02bbOpio Mensans<\/h3>\n\n\n\n<p>N\u0101 l\u0101l\u0101 o <a href=\"http:\/\/www.us.mensa.org\/\" target=\"_blank\" rel=\"noreferrer noopener\">Mensa \u02bbAmelika<\/a> mai ka 2 a hiki i ka 102. Loa\u02bba i\u0101 l\u0101kou n\u0101 \u02bbenekinia, n\u0101 homemakers, n\u0101 kumu, n\u0101 mea hana keaka, n\u0101 mea p\u0101\u02bbani, n\u0101 haum\u0101na a me n\u0101 Luna Nui, a ua like l\u0101kou i ho\u02bbokahi \u02bbano-\u02bbike ki\u02bbeki\u02bbe. No ke koho \u02bbana i\u0101 Mensa, ua ki\u02bbi l\u0101kou i ka 2% ki\u02bbeki\u02bbe o ka lehulehu ma kahi ho\u02bbokolohua ho\u02bbona\u02bbauao ma\u02bbamau. Loa\u02bba i\u0101 Mensa n\u0101 limahana manawa piha e k\u0101ko\u02bbo <a href=\"http:\/\/www.us.mensa.org\/learn\/gifted-youth\/\" target=\"_blank\" rel=\"noreferrer noopener\">\u02bbOpio Mensans<\/a> a me ko lakou mau ohana.<\/p>\n\n\n\n<p>\u02bb<\/p>\n<\/div>\n\n\n\n<div class=\"wp-block-column right_col is-layout-flow wp-block-column-is-layout-flow\"><div class=\"kb-row-layout-wrap kb-row-layout-id1050_d76aa3-f2 alignnone wp-block-kadence-rowlayout\"><div class=\"kt-row-column-wrap kt-has-2-columns kt-row-layout-row kt-tab-layout-row kt-mobile-layout-row kt-row-valign-top\">\n\n<div class=\"wp-block-kadence-column kadence-column1050_63c690-aa\"><div class=\"kt-inside-inner-col\">\n<figure class=\"wp-block-image size-full no_margin\"><img loading=\"lazy\" decoding=\"async\" width=\"1200\" height=\"898\" src=\"https:\/\/hawaiipublicschools.org\/wp-content\/uploads\/2024\/12\/Kalo.jpg\" alt=\"Close up photo of kalo leaves\" class=\"wp-image-2356\" style=\"aspect-ratio:4\/3;object-fit:cover\" srcset=\"https:\/\/hawaiipublicschools.org\/wp-content\/uploads\/2024\/12\/Kalo.jpg 1200w, https:\/\/hawaiipublicschools.org\/wp-content\/uploads\/2024\/12\/Kalo-300x225.jpg 300w, https:\/\/hawaiipublicschools.org\/wp-content\/uploads\/2024\/12\/Kalo-1024x766.jpg 1024w, https:\/\/hawaiipublicschools.org\/wp-content\/uploads\/2024\/12\/Kalo-768x575.jpg 768w, https:\/\/hawaiipublicschools.org\/wp-content\/uploads\/2024\/12\/Kalo-16x12.jpg 16w\" sizes=\"auto, (max-width: 1200px) 100vw, 1200px\" \/><\/figure>\n<\/div><\/div>\n\n\n\n<div class=\"wp-block-kadence-column kadence-column1050_6ae211-6a\"><div class=\"kt-inside-inner-col\">\n<h5 class=\"wp-block-heading has-base-color has-text-color has-link-color wp-elements-91735848e86ea283e0928ede427b944c\" style=\"margin-top:0px;padding-top:0;padding-bottom:0.5rem;font-size:1.4vw\">NO KA IKE HOU<\/h5>\n\n\n\n<p class=\"has-base-color has-text-color has-link-color wp-elements-73de11a7dc8419c68045457638ce71c1\"><strong>Office of Curriculum and Instructional Design, Academic Advancement Team<\/strong><br>Phone: 808-784-6455<br><a href=\"mailto:anna.viggiano@k12.hi.us\" target=\"_blank\" rel=\"noreferrer noopener\">leka uila<\/a><\/p>\n<\/div><\/div>\n\n<\/div><\/div><\/div>\n<\/div>","protected":false},"excerpt":{"rendered":"<p>The Department is committed to providing leadership and guidance to ensure that all schools offer a challenging education for gifted and talented students. These students excel in areas such as intellect, creativity, artistry, leadership and specific academic subjects. In accordance with Board of Education Policy 105-5 (PDF), the goals for supporting gifted and talented students [&hellip;]<\/p>","protected":false},"author":8,"featured_media":0,"parent":22,"menu_order":23,"comment_status":"closed","ping_status":"closed","template":"","meta":{"_relevanssi_hide_post":"","_relevanssi_hide_content":"","_relevanssi_pin_for_all":"","_relevanssi_pin_keywords":"","_relevanssi_unpin_keywords":"","_relevanssi_related_keywords":"","_relevanssi_related_include_ids":"","_relevanssi_related_exclude_ids":"","_relevanssi_related_no_append":"","_relevanssi_related_not_related":"","_relevanssi_related_posts":"","_relevanssi_noindex_reason":"","_sitemap_exclude":false,"_sitemap_priority":"","_sitemap_frequency":"","_kad_blocks_custom_css":"","_kad_blocks_head_custom_js":"","_kad_blocks_body_custom_js":"","_kad_blocks_footer_custom_js":"","wp_popup_display_lightbox":0,"wp_popup_suppress":"","wp_popup_trigger":"","wp_popup_trigger_amount":0,"wp_popup_disable_on_mobile":false,"footnotes":""},"class_list":["post-42","page","type-page","status-publish","hentry"],"pp_statuses_selecting_workflow":false,"pp_workflow_action":"current","pp_status_selection":"publish","taxonomy_info":[],"featured_image_src_large":false,"author_info":{"display_name":"Ariana Enomoto","author_link":"https:\/\/hawaiipublicschools.org\/haw\/author\/arianastaceyleong-com\/"},"comment_info":0,"publishpress_future_action":{"enabled":false,"date":"2026-05-21 02:46:27","action":"change-status","newStatus":"draft","terms":[],"taxonomy":"","extraData":[]},"publishpress_future_workflow_manual_trigger":{"enabledWorkflows":[]},"_links":{"self":[{"href":"https:\/\/hawaiipublicschools.org\/haw\/wp-json\/wp\/v2\/pages\/42","targetHints":{"allow":["GET"]}}],"collection":[{"href":"https:\/\/hawaiipublicschools.org\/haw\/wp-json\/wp\/v2\/pages"}],"about":[{"href":"https:\/\/hawaiipublicschools.org\/haw\/wp-json\/wp\/v2\/types\/page"}],"author":[{"embeddable":true,"href":"https:\/\/hawaiipublicschools.org\/haw\/wp-json\/wp\/v2\/users\/8"}],"replies":[{"embeddable":true,"href":"https:\/\/hawaiipublicschools.org\/haw\/wp-json\/wp\/v2\/comments?post=42"}],"version-history":[{"count":0,"href":"https:\/\/hawaiipublicschools.org\/haw\/wp-json\/wp\/v2\/pages\/42\/revisions"}],"up":[{"embeddable":true,"href":"https:\/\/hawaiipublicschools.org\/haw\/wp-json\/wp\/v2\/pages\/22"}],"wp:attachment":[{"href":"https:\/\/hawaiipublicschools.org\/haw\/wp-json\/wp\/v2\/media?parent=42"}],"curies":[{"name":"wp","href":"https:\/\/api.w.org\/{rel}","templated":true}]}}