{"id":41,"date":"2024-09-04T22:21:51","date_gmt":"2024-09-04T22:21:51","guid":{"rendered":"https:\/\/hawaiipublicschools.org\/?page_id=41"},"modified":"2025-02-25T12:10:24","modified_gmt":"2025-02-25T22:10:24","slug":"general-learner-outcomes-glos","status":"publish","type":"page","link":"https:\/\/hawaiipublicschools.org\/haw\/academics\/general-learner-outcomes-glos\/","title":{"rendered":"N\u0101 hualoa\u02bba a\u02bbo nui (GLO)"},"content":{"rendered":"<p class=\"intro\">\u02bbO ka General Learner Outcomes (GLOs) ke kumu o ke a\u02bbo \u02bbana ma ke \u02bbano ma\u02bbamau no n\u0101 haum\u0101na \u0101pau, ma n\u0101 pae papa \u0101pau. Ke alaka\u02bbi nei k\u0113ia mau hopena i n\u0101 kumu a\u02bbo ma mua o ka k\u016ble\u02bba ho\u02bbona\u02bbauao wale n\u014d, me ka mana\u02bbo e ho\u02bboulu i ka po\u02bbe a\u02bbo maika\u02bbi, hana a me ke ola. Ho\u02bbohana n\u0101 kumu i n\u0101 rubrics like GLO no ka loiloi \u02bbana i n\u0101 haum\u0101na \u0101pau, e k\u014dkua ana i\u0101 l\u0101kou e ulu i n\u0101 m\u0101kau pono no ka holomua ma ke kula a ma waho.<\/p>\n\n\n\n<p>N\u0101 \u02bbano haum\u0101na<\/p>\n\n\n\n<ul class=\"wp-block-list\">\n<li><strong>Ke a\u02bbo alaka\u02bbi i\u0101 ia iho:<\/strong> \u02bbO ka hiki ke kuleana no ke a\u02bbo \u02bbana iho.<\/li>\n\n\n\n<li><strong>Kokua Kaiaulu: <\/strong>\u02bbO ka ho\u02bbomaopopo \u02bbana he mea nui ka hana p\u016b \u02bbana o ke kanaka.<\/li>\n\n\n\n<li><strong>Mea mana\u02bbo pa\u02bbakik\u012b:<\/strong> \u02bbO ka hiki ke h\u014d\u02bbike i ka no\u02bbono\u02bbo ko\u02bbiko\u02bbi a me ka ho\u02bboponopono pilikia.<\/li>\n\n\n\n<li><strong>Mea hana maika\u02bbi:<\/strong> \u02bbO ka hiki ke \u02bbike a hana i ka hana maika\u02bbi a me n\u0101 huahana maika\u02bbi.<\/li>\n\n\n\n<li><strong>Mea kama\u02bbilio maika\u02bbi:<\/strong> \u02bbO ka hiki ke kama\u02bbilio maika\u02bbi.<\/li>\n\n\n\n<li><strong>Mea ho\u02bbohana pono a k\u016bpono ho\u02bbi o ka \u02bbenehana:<\/strong> \u02bbO ka hiki ke ho\u02bbohana i n\u0101 \u02bbenehana like \u02bbole me ka maika\u02bbi a me ka pono.&nbsp;<\/li>\n<\/ul>\n\n\n\n<p><\/p>","protected":false},"excerpt":{"rendered":"<p>The General Learner Outcomes (GLOs) are the foundation of standards-based learning for all students, across all grade levels. These outcomes guide educators beyond just academic success, aiming to cultivate well-rounded, engaged and lifelong learners. Teachers use GLO-aligned rubrics to assess students holistically, helping them grow in skills that are essential for success in school and [&hellip;]<\/p>","protected":false},"author":8,"featured_media":0,"parent":22,"menu_order":20,"comment_status":"closed","ping_status":"closed","template":"","meta":{"_relevanssi_hide_post":"","_relevanssi_hide_content":"","_relevanssi_pin_for_all":"","_relevanssi_pin_keywords":"","_relevanssi_unpin_keywords":"","_relevanssi_related_keywords":"","_relevanssi_related_include_ids":"","_relevanssi_related_exclude_ids":"","_relevanssi_related_no_append":"","_relevanssi_related_not_related":"","_relevanssi_related_posts":"","_relevanssi_noindex_reason":"","_sitemap_exclude":false,"_sitemap_priority":"","_sitemap_frequency":"","_kad_blocks_custom_css":"","_kad_blocks_head_custom_js":"","_kad_blocks_body_custom_js":"","_kad_blocks_footer_custom_js":"","wp_popup_display_lightbox":0,"wp_popup_suppress":"","wp_popup_trigger":"","wp_popup_trigger_amount":0,"wp_popup_disable_on_mobile":false,"footnotes":""},"class_list":["post-41","page","type-page","status-publish","hentry"],"pp_statuses_selecting_workflow":false,"pp_workflow_action":"current","pp_status_selection":"publish","taxonomy_info":[],"featured_image_src_large":false,"author_info":{"display_name":"Ariana Enomoto","author_link":"https:\/\/hawaiipublicschools.org\/haw\/author\/arianastaceyleong-com\/"},"comment_info":0,"publishpress_future_action":{"enabled":false,"date":"2026-05-01 07:45:32","action":"change-status","newStatus":"draft","terms":[],"taxonomy":"","extraData":[]},"publishpress_future_workflow_manual_trigger":{"enabledWorkflows":[]},"_links":{"self":[{"href":"https:\/\/hawaiipublicschools.org\/haw\/wp-json\/wp\/v2\/pages\/41","targetHints":{"allow":["GET"]}}],"collection":[{"href":"https:\/\/hawaiipublicschools.org\/haw\/wp-json\/wp\/v2\/pages"}],"about":[{"href":"https:\/\/hawaiipublicschools.org\/haw\/wp-json\/wp\/v2\/types\/page"}],"author":[{"embeddable":true,"href":"https:\/\/hawaiipublicschools.org\/haw\/wp-json\/wp\/v2\/users\/8"}],"replies":[{"embeddable":true,"href":"https:\/\/hawaiipublicschools.org\/haw\/wp-json\/wp\/v2\/comments?post=41"}],"version-history":[{"count":0,"href":"https:\/\/hawaiipublicschools.org\/haw\/wp-json\/wp\/v2\/pages\/41\/revisions"}],"up":[{"embeddable":true,"href":"https:\/\/hawaiipublicschools.org\/haw\/wp-json\/wp\/v2\/pages\/22"}],"wp:attachment":[{"href":"https:\/\/hawaiipublicschools.org\/haw\/wp-json\/wp\/v2\/media?parent=41"}],"curies":[{"name":"wp","href":"https:\/\/api.w.org\/{rel}","templated":true}]}}