{"id":38,"date":"2024-09-04T22:20:06","date_gmt":"2024-09-04T22:20:06","guid":{"rendered":"https:\/\/hawaiipublicschools.org\/?page_id=38"},"modified":"2025-12-15T14:10:39","modified_gmt":"2025-12-16T00:10:39","slug":"subject-matter-standards","status":"publish","type":"page","link":"https:\/\/hawaiipublicschools.org\/haw\/academics\/subject-matter-standards\/","title":{"rendered":"N\u0101 K\u016blana kumuhana"},"content":{"rendered":"<p class=\"intro\">Ho\u02bbohana \u02bbia n\u0101 k\u016blana kumuhana o ka &#039;Oihana e h\u014d\u02bboia i ka \u02bbike \u02bbia \u02bbana o n\u0101 haum\u0101na i n\u0101 pae ho\u02bbopa\u02bba pa\u02bba a k\u016bpono ho\u02bbi o ka makahiki. \u02bbA\u02bbole n\u0101 ha\u02bbawina ma\u02bbamau, ak\u0101 n\u0101 mana\u02bbolana i n\u0101 mea e \u02bbike a hiki i n\u0101 haum\u0101na ke hana ma k\u0113l\u0101 me k\u0113ia pae papa. E kipa i ka &#039;Oihana <a href=\"https:\/\/learningdesign.hawaiipublicschools.org\/\">Paena Ho\u02bbol\u0101l\u0101 A\u02bbo<\/a> e a\u02bbo hou aku e pili ana i ka ho\u02bbol\u0101l\u0101 ha\u02bbawina e pili ana i n\u0101 k\u016blana.<\/p>\n\n\n\n<h2 class=\"wp-block-heading\">N\u0101 K\u016blana kumu o k\u0113ia manawa<\/h2>\n\n\n\n<figure class=\"wp-block-image alignright size-large is-resized\"><img loading=\"lazy\" decoding=\"async\" width=\"1024\" height=\"683\" src=\"https:\/\/hawaiipublicschools.org\/wp-content\/uploads\/2024\/12\/HIDOE_Subject-Matter-Standards-1024x683.jpg\" alt=\"Three students in a computer lab on computers\" class=\"wp-image-2560\" style=\"width:310px\" srcset=\"https:\/\/hawaiipublicschools.org\/wp-content\/uploads\/2024\/12\/HIDOE_Subject-Matter-Standards-1024x683.jpg 1024w, https:\/\/hawaiipublicschools.org\/wp-content\/uploads\/2024\/12\/HIDOE_Subject-Matter-Standards-300x200.jpg 300w, https:\/\/hawaiipublicschools.org\/wp-content\/uploads\/2024\/12\/HIDOE_Subject-Matter-Standards-768x512.jpg 768w, https:\/\/hawaiipublicschools.org\/wp-content\/uploads\/2024\/12\/HIDOE_Subject-Matter-Standards-18x12.jpg 18w, https:\/\/hawaiipublicschools.org\/wp-content\/uploads\/2024\/12\/HIDOE_Subject-Matter-Standards.jpg 1200w\" sizes=\"auto, (max-width: 1024px) 100vw, 1024px\" \/><\/figure>\n\n\n\n<h3 class=\"wp-block-heading\">Career and Technical Education (CTE) &#8211; Industry Pathway and Program Standards<\/h3>\n\n\n\n<ul class=\"wp-block-list\">\n<li><a href=\"https:\/\/hawaiipublicschools.org\/haw\/academics\/secondary-middle-high-school\/career-technical-education\/cte-pathways-and-program-standards\/\" data-type=\"page\" data-id=\"15495\">Heluhelu i n\u0101 K\u016blana<\/a><\/li>\n\n\n\n<li><a href=\"\/haw\/academics\/secondary-middle-high-school\/career-technical-education\/\" data-type=\"page\" data-id=\"859\" target=\"_blank\" rel=\"noreferrer noopener\">H\u014d\u02bbike mana\u02bbo papahana CTE<\/a><\/li>\n<\/ul>\n\n\n\n<h3 class=\"wp-block-heading\">\u02bbEpekema Kamepiula \u2013 CSTA K-12 N\u0101 K\u016blana \u02bbepekema kamepiula<\/h3>\n\n\n\n<ul class=\"wp-block-list\">\n<li><a href=\"https:\/\/csteachers.org\/k12standards\/\" data-type=\"link\" data-id=\"https:\/\/csteachers.org\/k12standards\/\" target=\"_blank\" rel=\"noreferrer noopener\">Heluhelu i n\u0101 K\u016blana<\/a><\/li>\n<\/ul>\n\n\n\n<h3 class=\"wp-block-heading\">N\u0101 \u02bb\u014clelo Pelekania \u2013 Hawai\u02bbi Common Core<\/h3>\n\n\n\n<ul class=\"wp-block-list\">\n<li><a href=\"https:\/\/docs.google.com\/document\/d\/1IJBp5DMmlPSO2ftfvgPQ8dLJMMfq71XR1LLH4HIrtnQ\/edit?usp=sharing\" target=\"_blank\" rel=\"noreferrer noopener\">Heluhelu i n\u0101 K\u016blana<\/a> <\/li>\n<\/ul>\n\n\n\n<h3 class=\"wp-block-heading\">N\u0101 Hana Kiekie \u2013 N\u0101 K\u016blana Ki\u02bbeki\u02bbe \u02bb\u0100ina<\/h3>\n\n\n\n<ul class=\"wp-block-list\">\n<li><a href=\"https:\/\/www.nationalartsstandards.org\/\">Heluhelu i n\u0101 K\u016blana<\/a><\/li>\n<\/ul>\n\n\n\n<h3 class=\"wp-block-heading\">Ho\u02bbona\u02bbauao Ola - N\u0101 K\u016blana Ho\u02bbona\u02bbauao Ola Ola: Achieving Excellence (NHES)<\/h3>\n\n\n\n<ul class=\"wp-block-list\">\n<li><a href=\"\/haw\/DOE%20Forms\/Health%20and%20Nutrition\/HealthStandards.pdf\/\">Heluhelu i n\u0101 K\u016blana (PDF)<\/a><\/li>\n\n\n\n<li><a href=\"\/haw\/school-services\/health-education\/\" data-type=\"page\" data-id=\"946\">H\u014d\u02bbike\u02bbike papahana ho\u02bbona\u02bbauao olakino<\/a><\/li>\n<\/ul>\n\n\n\n<h3 class=\"wp-block-heading\" id=\"math\">Makemakika \u2013 Hawai\u02bbi Common Core<\/h3>\n\n\n\n<ul class=\"wp-block-list\">\n<li><a href=\"https:\/\/www.thecorestandards.org\/Math\/\">Heluhelu i n\u0101 K\u016blana<\/a><\/li>\n<\/ul>\n\n\n\n<h3 class=\"wp-block-heading\">Ho\u02bbona\u02bbauao kino \u2013 Hawai\u02bbi Content and Performance Standards III<\/h3>\n\n\n\n<ul class=\"wp-block-list\">\n<li><a href=\"\/haw\/DOE%20Forms\/HCPSIII-PhysicalEducation.pdf\/\" target=\"_blank\" rel=\"noreferrer noopener\">Heluhelu i n\u0101 K\u016blana (PDF)<\/a><\/li>\n<\/ul>\n\n\n\n<h3 class=\"wp-block-heading\">\u02bbEpekema \u2013 N\u0101 K\u016blana \u02bbEpekema Hou a\u02bbe (NGSS)<\/h3>\n\n\n\n<ul class=\"wp-block-list\">\n<li>Heluhelu i ka <a href=\"https:\/\/www.nextgenscience.org\">N\u0101 k\u016blana<\/a><\/li>\n\n\n\n<li>N\u0101 alaka\u02bbi makua i NGSS: \n<ul class=\"wp-block-list\">\n<li><a href=\"http:\/\/www.nextgenscience.org\/sites\/default\/files\/ParentGuide%20Grades%20Kto2%20-%20General.pdf\" target=\"_blank\" rel=\"noreferrer noopener\">Papa K\u20132 (PDF)<\/a><\/li>\n\n\n\n<li><a href=\"http:\/\/www.nextgenscience.org\/sites\/default\/files\/ParentGuides%20Grades%203to5%20-%20General.pdf\" target=\"_blank\" rel=\"noreferrer noopener\">Papa 3\u20135 (PDF)<\/a><\/li>\n\n\n\n<li><a href=\"http:\/\/www.nextgenscience.org\/sites\/default\/files\/ParentGuide%20Grades%206to8%20-%20General.pdf\" target=\"_blank\" rel=\"noreferrer noopener\">Papa 6\u20138 (PDF)<\/a><\/li>\n\n\n\n<li><a href=\"http:\/\/www.nextgenscience.org\/sites\/default\/files\/ParentGuide%20Grades%209to12%20-%20General.pdf\" target=\"_blank\" rel=\"noreferrer noopener\">Papa 9\u201312 (PDF)<\/a><\/li>\n<\/ul>\n<\/li>\n<\/ul>\n\n\n\n<h3 class=\"wp-block-heading\">Ha\u02bbawina Kai\u0101ulu \u2013 N\u0101 K\u016blana K\u016blana Hawai\u02bbi no ka Ha\u02bbawina Kai\u0101ulu (HCSSS)<\/h3>\n\n\n\n<h4 class=\"wp-block-heading\">kula ha\u02bbaha\u02bba:<\/h4>\n\n\n\n<div class=\"wp-block-columns is-layout-flex wp-container-core-columns-is-layout-28f84493 wp-block-columns-is-layout-flex\">\n<div class=\"wp-block-column is-layout-flow wp-block-column-is-layout-flow\">\n<ul class=\"wp-block-list\">\n<li><a href=\"\/haw\/DOE%20Forms\/Social%20Studies\/HCSSSgrK.pdf\/\" target=\"_blank\" rel=\"noreferrer noopener\">Papa K (PDF)<\/a><\/li>\n\n\n\n<li><a href=\"\/haw\/DOE%20Forms\/Social%20Studies\/HCSSSgr1.pdf\/\" target=\"_blank\" rel=\"noreferrer noopener\">Papa 1 (PDF)<\/a><\/li>\n<\/ul>\n<\/div>\n\n\n\n<div class=\"wp-block-column is-layout-flow wp-block-column-is-layout-flow\">\n<ul class=\"wp-block-list\">\n<li><a href=\"\/haw\/DOE%20Forms\/Social%20Studies\/HCSSSgr2.pdf\/\" target=\"_blank\" rel=\"noreferrer noopener\">Papa 2 (PDF)<\/a><\/li>\n\n\n\n<li><a href=\"\/haw\/DOE%20Forms\/Social%20Studies\/HCSSSgr3.pdf\/\" target=\"_blank\" rel=\"noreferrer noopener\">Papa 3 (PDF)<\/a><\/li>\n<\/ul>\n<\/div>\n\n\n\n<div class=\"wp-block-column is-layout-flow wp-block-column-is-layout-flow\">\n<ul class=\"wp-block-list\">\n<li><a href=\"\/haw\/DOE%20Forms\/Social%20Studies\/HCSSSgr4.pdf\/\" target=\"_blank\" rel=\"noreferrer noopener\">Papa 4 (PDF)<\/a><\/li>\n\n\n\n<li><a href=\"https:\/\/hawaiipublicschools.org\/haw\/DOE%20Forms\/Social%20Studies\/HCSSSgr5.pdf\/\" target=\"_blank\" rel=\"noreferrer noopener\">Papa 5 (PDF)<\/a><\/li>\n<\/ul>\n<\/div>\n<\/div>\n\n\n\n<h4 class=\"wp-block-heading\">lua:<\/h4>\n\n\n\n<div class=\"wp-block-columns is-layout-flex wp-container-core-columns-is-layout-28f84493 wp-block-columns-is-layout-flex\">\n<div class=\"wp-block-column is-layout-flow wp-block-column-is-layout-flow\">\n<ul class=\"wp-block-list\">\n<li><a href=\"\/haw\/DOE%20Forms\/Social%20Studies\/HCSSSgr6WorldHist.pdf\/\" target=\"_blank\" rel=\"noreferrer noopener\">Papa 6 World History (PDF)<\/a><\/li>\n\n\n\n<li><a href=\"\/haw\/DOE%20Forms\/Social%20Studies\/HCSSSgr8USHist.pdf\/\" target=\"_blank\" rel=\"noreferrer noopener\">Papa 8 \u02bbAmelika Hui P\u016b \u02bbIa (PDF)<\/a><\/li>\n\n\n\n<li><a href=\"\/haw\/DOE%20Forms\/Social%20Studies\/HCSSSHawaiianKingdom.pdf\/\" target=\"_blank\" rel=\"noreferrer noopener\">Moolelo o ke Aupuni Hawaii (PDF)<\/a><\/li>\n<\/ul>\n<\/div>\n\n\n\n<div class=\"wp-block-column is-layout-flow wp-block-column-is-layout-flow\">\n<ul class=\"wp-block-list\">\n<li><a href=\"\/haw\/DOE%20Forms\/Social%20Studies\/HCSSSModHistHawaii.pdf\/\" target=\"_blank\" rel=\"noreferrer noopener\">Modern History of Hawai\u02bbi (PDF)<\/a><\/li>\n\n\n\n<li><a href=\"\/haw\/DOE%20Forms\/Social%20Studies\/HCSSSPacIsStudies.pdf\/\" target=\"_blank\" rel=\"noreferrer noopener\">Ha\u02bbawina Mokupuni P\u0101k\u012bpika (PDF)<\/a><\/li>\n\n\n\n<li><a href=\"\/haw\/DOE%20Forms\/Social%20Studies\/HCSSSdemocracy.pdf\/\" target=\"_blank\" rel=\"noreferrer noopener\">Ke komo \u02bbana i kahi Democracy (PDF)<\/a><\/li>\n<\/ul>\n<\/div>\n\n\n\n<div class=\"wp-block-column is-layout-flow wp-block-column-is-layout-flow\">\n<ul class=\"wp-block-list\">\n<li><a href=\"\/haw\/DOE%20Forms\/Social%20Studies\/HCSSSUShistgov.pdf\/\" target=\"_blank\" rel=\"noreferrer noopener\">\u02bbAmelika Hui P\u016b \u02bbIa a me ke Aupuni (PDF)<\/a><\/li>\n\n\n\n<li><a href=\"\/haw\/DOE%20Forms\/Social%20Studies\/HCSSSWorldHistCulture.pdf\/\" target=\"_blank\" rel=\"noreferrer noopener\">Mo\u02bbolelo a me ka mo\u02bbomeheu honua (PDF)<\/a><\/li>\n<\/ul>\n<\/div>\n<\/div>\n\n\n\n<h4 class=\"wp-block-heading\">N\u0101 Papa Koho Kula Ki\u02bbeki\u02bbe Ha\u02bbawina Pilikino:<\/h4>\n\n\n\n<div class=\"wp-block-columns is-layout-flex wp-container-core-columns-is-layout-28f84493 wp-block-columns-is-layout-flex\">\n<div class=\"wp-block-column is-layout-flow wp-block-column-is-layout-flow\">\n<ul class=\"wp-block-list\">\n<li><a href=\"\/haw\/DOE%20Forms\/Social%20Studies\/HCPSIII_AmericanProblems.pdf\/\" target=\"_blank\" rel=\"noreferrer noopener\">N\u0101 pilikia \u02bbAmelika (PDF)<\/a><\/li>\n\n\n\n<li><a href=\"\/haw\/DOE%20Forms\/Social%20Studies\/HCPSIII_AsianStudies.pdf\/\" target=\"_blank\" rel=\"noreferrer noopener\">Mo\u02bbolelo \u02bbAsia (PDF)<\/a><\/li>\n\n\n\n<li><a href=\"\/haw\/DOE%20Forms\/Social%20Studies\/HCPSIII_CulturalAnthropology.pdf\/\" target=\"_blank\" rel=\"noreferrer noopener\">Mo\u02bbomeheu Anthropology (PDF)<\/a><\/li>\n\n\n\n<li><a href=\"\/haw\/DOE%20Forms\/Social%20Studies\/HCPSIII_Economics.pdf\/\" target=\"_blank\" rel=\"noreferrer noopener\">Ho\u02bbokele waiwai (PDF)<\/a><\/li>\n<\/ul>\n<\/div>\n\n\n\n<div class=\"wp-block-column is-layout-flow wp-block-column-is-layout-flow\">\n<ul class=\"wp-block-list\">\n<li><a href=\"\/haw\/DOE%20Forms\/Social%20Studies\/HCPSIII_EuropeanStudies.pdf\/\" target=\"_blank\" rel=\"noreferrer noopener\">Ha\u02bbawina \u02bbEulopa (PDF)<\/a><\/li>\n\n\n\n<li><a href=\"\/haw\/DOE%20Forms\/Social%20Studies\/FilipinoHistoryCultureCourseStandards.pdf\/\" target=\"_blank\" rel=\"noreferrer noopener\">Mo\u02bbomeheu mo\u02bbolelo Filipino (PDF)<\/a><\/li>\n\n\n\n<li><a href=\"\/haw\/DOE%20Forms\/Social%20Studies\/HCPSIII_Geography.pdf\/\" target=\"_blank\" rel=\"noreferrer noopener\">Heluhelu (PDF)<\/a><\/li>\n\n\n\n<li><a href=\"\/haw\/DOE%20Forms\/Social%20Studies\/HCPSIII_GlobalStudies.pdf\/\" target=\"_blank\" rel=\"noreferrer noopener\">Ha\u02bbawina honua (PDF)<\/a><\/li>\n<\/ul>\n<\/div>\n\n\n\n<div class=\"wp-block-column is-layout-flow wp-block-column-is-layout-flow\">\n<ul class=\"wp-block-list\">\n<li><a href=\"\/haw\/DOE%20Forms\/Social%20Studies\/HCPSIII_Humanities.pdf\/\" target=\"_blank\" rel=\"noreferrer noopener\">\u02bbOihana kanaka (PDF)<\/a><\/li>\n\n\n\n<li><a href=\"\/haw\/DOE%20Forms\/Social%20Studies\/HCPSIII_PoliticalScience_Government.pdf\/\" target=\"_blank\" rel=\"noreferrer noopener\">\u02bbEpekema Political\/Aupuni (PDF)<\/a><\/li>\n\n\n\n<li><a href=\"\/haw\/DOE%20Forms\/Social%20Studies\/HCPSIII_Psychology.pdf\/\" target=\"_blank\" rel=\"noreferrer noopener\">Ho\u02bbona\u02bbauao (PDF)<\/a><\/li>\n\n\n\n<li><a href=\"\/haw\/DOE%20Forms\/Social%20Studies\/HCPSIII_Sociology.pdf\/\" target=\"_blank\" rel=\"noreferrer noopener\">Sociology (PDF)<\/a><\/li>\n<\/ul>\n<\/div>\n<\/div>\n\n\n\n<h3 class=\"wp-block-heading\">N\u0101 \u02bb\u014clelo o ka Honua \u2013 N\u0101 K\u016blana M\u0101kaukau o ka Honua no ke a\u02bbo \u02bbana i n\u0101 \u02bb\u014dlelo<\/h3>\n\n\n\n<p>The World Languages Program focuses on the teaching and learning of languages other than English and the cultures the languages represent at K-12 public schools in Hawai\u02bbi. The program\u2019s vision is that all students will communicate and demonstrate cultural competence in at least two languages.<\/p>\n\n\n\n<p>The World Languages Program consists of instruction in languages including American Sign Language, French, German, Ilokano, Japanese, Korean, Latin, Mandarin Chinese, \u02bb\u014dlelo Hawai\u02bbi, Samoan, Spanish, and Tagalog at the elementary and secondary school levels. Language offerings vary from school to school and are based on school resources and student and community interests.<\/p>\n\n\n\n<ul class=\"wp-block-list\">\n<li><a href=\"\/haw\/DOE%20Forms\/World%20Languages\/WorldLangStandards.pdf\/\">Heluhelu i n\u0101 K\u016blana (PDF)<\/a><\/li>\n<\/ul>\n\n\n\n<h2 class=\"wp-block-heading\">Financial Literacy standards<\/h2>\n\n\n\n<ul class=\"wp-block-list\">\n<li><a href=\"https:\/\/hawaiipublicschools.org\/wp-content\/uploads\/Financial-Literacy-Standards-Fall-2025.pdf\" target=\"_blank\" rel=\"noreferrer noopener\">Heluhelu i n\u0101 K\u016blana (PDF)<\/a><\/li>\n\n\n\n<li><a href=\"\/wp-content\/uploads\/Financial-Literacy-Resource-Overview-November-2025.pdf\" data-type=\"link\" data-id=\"\/wp-content\/uploads\/Financial-Literacy-Resource-Overview-November-2025.pdf\" target=\"_blank\" rel=\"noreferrer noopener\">N\u0101 Punawai Waiwai (PDF)<\/a><\/li>\n<\/ul>","protected":false},"excerpt":{"rendered":"<p>The Department&#8217;s subject matter standards are used to ensure students are being exposed to rigorous and age-appropriate benchmarks of learning. Standards are not curriculum, but expectations of what students should know and be able to do at each grade level. Visit the Department&#8217;s Learning Design site to learn more about curriculum design aligned to standards. [&hellip;]<\/p>","protected":false},"author":8,"featured_media":0,"parent":22,"menu_order":21,"comment_status":"closed","ping_status":"closed","template":"","meta":{"_relevanssi_hide_post":"","_relevanssi_hide_content":"","_relevanssi_pin_for_all":"","_relevanssi_pin_keywords":"","_relevanssi_unpin_keywords":"","_relevanssi_related_keywords":"","_relevanssi_related_include_ids":"","_relevanssi_related_exclude_ids":"","_relevanssi_related_no_append":"","_relevanssi_related_not_related":"","_relevanssi_related_posts":"9803,10905,15630,15545,10149,888","_relevanssi_noindex_reason":"","_sitemap_exclude":false,"_sitemap_priority":"","_sitemap_frequency":"","_kad_blocks_custom_css":"","_kad_blocks_head_custom_js":"","_kad_blocks_body_custom_js":"","_kad_blocks_footer_custom_js":"","wp_popup_display_lightbox":0,"wp_popup_suppress":"","wp_popup_trigger":"","wp_popup_trigger_amount":0,"wp_popup_disable_on_mobile":false,"footnotes":""},"class_list":["post-38","page","type-page","status-publish","hentry"],"pp_statuses_selecting_workflow":false,"pp_workflow_action":"current","pp_status_selection":"publish","taxonomy_info":[],"featured_image_src_large":false,"author_info":{"display_name":"Ariana Enomoto","author_link":"https:\/\/hawaiipublicschools.org\/haw\/author\/arianastaceyleong-com\/"},"comment_info":0,"publishpress_future_action":{"enabled":false,"date":"2026-04-12 06:53:19","action":"change-status","newStatus":"draft","terms":[],"taxonomy":"","extraData":[]},"publishpress_future_workflow_manual_trigger":{"enabledWorkflows":[]},"_links":{"self":[{"href":"https:\/\/hawaiipublicschools.org\/haw\/wp-json\/wp\/v2\/pages\/38","targetHints":{"allow":["GET"]}}],"collection":[{"href":"https:\/\/hawaiipublicschools.org\/haw\/wp-json\/wp\/v2\/pages"}],"about":[{"href":"https:\/\/hawaiipublicschools.org\/haw\/wp-json\/wp\/v2\/types\/page"}],"author":[{"embeddable":true,"href":"https:\/\/hawaiipublicschools.org\/haw\/wp-json\/wp\/v2\/users\/8"}],"replies":[{"embeddable":true,"href":"https:\/\/hawaiipublicschools.org\/haw\/wp-json\/wp\/v2\/comments?post=38"}],"version-history":[{"count":0,"href":"https:\/\/hawaiipublicschools.org\/haw\/wp-json\/wp\/v2\/pages\/38\/revisions"}],"up":[{"embeddable":true,"href":"https:\/\/hawaiipublicschools.org\/haw\/wp-json\/wp\/v2\/pages\/22"}],"wp:attachment":[{"href":"https:\/\/hawaiipublicschools.org\/haw\/wp-json\/wp\/v2\/media?parent=38"}],"curies":[{"name":"wp","href":"https:\/\/api.w.org\/{rel}","templated":true}]}}