{"id":3546,"date":"2024-12-16T13:24:44","date_gmt":"2024-12-16T21:24:44","guid":{"rendered":"https:\/\/hawaiipublicschools.org\/?page_id=3546"},"modified":"2025-10-06T15:20:44","modified_gmt":"2025-10-07T01:20:44","slug":"bus-stop-route-information","status":"publish","type":"page","link":"https:\/\/hawaiipublicschools.org\/haw\/school-services\/bus-stop-route-information\/","title":{"rendered":"K\u016b ka\u02bbaahi &amp; \u02bbIke Alanui"},"content":{"rendered":"<p class=\"intro\" style=\"font-size:clamp(0.875rem, 0.875rem + ((1vw - 0.2rem) * 0.531), 1.3rem);\">Ho\u02bbohui \u02bbana i n\u0101 kai\u0101ulu i n\u0101 kula no ka palekana, hiki ke komo i ka ho\u02bbona\u02bbauao. Ho\u02bbol\u0101l\u0101 \u02bbia n\u0101 ala ka\u02bba ka\u02bba ho\u02bbona\u02bbauao ma\u02bbamau e k\u0101ko\u02bbo i ka halihali palekana a maika\u02bbi ho\u02bbi no n\u0101 kula e komo ana ma ka moku\u02bb\u0101ina.&nbsp;<\/p>\n\n\n\n<p><strong>No n\u0101 n\u012bnau nui a i \u02bbole k\u014dkua ala ka\u02bba, e leka uila i\u0101 stsb@k12.hi.us.<\/strong><\/p>\n\n\n\n<h2 class=\"wp-block-heading\">E LOAA I KO KOU KUMUKU KAA <\/h2>\n\n\n\n<h3 class=\"wp-block-heading\">K\u016b ka\u02bba ka\u02bba a me ka mea \u02bbimi ho\u02bbonohonoho<\/h3>\n\n\n\n<p>Ke ho\u02bbohana nei ka l\u0101l\u0101 lawelawe o n\u0101 haum\u0101na <a href=\"https:\/\/www.infofinderi.com\/ifi\/?cid=HDOE541TD5ZYJ\" target=\"_blank\" rel=\"noreferrer noopener\"><strong>\u02bbIke \u02bbike i<\/strong><\/a> - kahi \u02bb\u014dnaehana \u02bbike no ka huli ka\u02bba ka\u02bba kula i ho\u02bbopili \u02bbia me ka \u02bb\u014dnaehana alahele o ka &#039;Oihana. K\u014dkua k\u0113ia p\u016bnaewele i ka \u02bbimi \u02bbana i ke kahua ka\u02bba ka\u02bba kula kokoke loa i kou helu home a me n\u0101 manawa ho\u02bbiho\u02bbi kakahiaka a me n\u0101 manawa ha\u02bbalele i ke ahiahi no n\u0101 kula \u0101pau a puni ka moku\u02bb\u0101ina.<\/p>\n\n\n\n<p>E ho\u02bbonui \u02bbia ka \u02bbike ho\u02bboku\u02bbu ka\u02bba ma muli o n\u0101 pae ho\u02bboh\u0101like:<\/p>\n\n\n\n<ul class=\"wp-block-list\">\n<li>Ke komo nei n\u0101 kula i koho \u02bbia i ka papahana lawelawe ka\u02bba ka\u02bba kula o ka &#039;Oihana<\/li>\n\n\n\n<li>Ho\u02bbok\u014d ka helu home i n\u0101 koi no ka ho\u02bbokele \u02bbana no k\u0101u \u02bbano kula:\n<ul class=\"wp-block-list\">\n<li>Kula Ha\u02bbaha\u02bba (papa K-5): Ho\u02bbokahi (1) mile a \u02bboi a\u02bbe paha mai kou helu home a i kahi kokoke loa, hiki ke komo i ke kula<\/li>\n\n\n\n<li>Ke kula waena\/kuwaena a me ke kula ki\u02bbeki\u02bbe (n\u0101 papa 6-12): ho\u02bbokahi a me ka hapa (1.5) mile a \u02bboi a\u02bbe paha mai kou helu home i kahi kokoke loa, hiki ke komo i ke kula<\/li>\n<\/ul>\n<\/li>\n<\/ul>\n\n\n\n<h3 class=\"wp-block-heading\">N\u0101 \u02bbanu\u02bbu no ka \u02bbimi \u02bbana i kou kahua ka\u02bba ka\u02bba<\/h3>\n\n\n\n<ul class=\"wp-block-list\">\n<li>Kipa <a href=\"https:\/\/www.infofinderi.com\/ifi\/?cid=HDOE541TD5ZYJ\" target=\"_blank\" rel=\"noreferrer noopener\">\u02bbIke \u02bbike i<\/a>.<\/li>\n\n\n\n<li>E ho\u02bbokomo i kou inoa alanui a i \u02bbole ka helu wahi noho.<\/li>\n\n\n\n<li>E ho\u02bbololi i k\u0101u koho huli kula ma o ka papa kuhikuhi.&nbsp;<\/li>\n\n\n\n<li>H\u014d\u02bbike \u02bbia n\u0101 hopena ma kahi papa inoa a me ka palapala palapala.<\/li>\n<\/ul>\n\n\n\n<p><em>**In\u0101 makemake \u02bboe e ho\u02bbohana i ka lawelawe ka\u02bba ka\u02bba kula, e \u02bbolu\u02bbolu e \u02bbae \u02bbia k\u0101u haum\u0101na no ka lawelawe ka\u02bba kula ma mua o ka holo \u02bbana i ke ka\u02bba. No ka \u02bbike hou aku e pili ana i ke k\u0101kau inoa \u02bbana no ke ka\u02bba ka\u02bba kula, e \u02bbolu\u02bbolu e \u02bbike i ka<\/em><a href=\"https:\/\/hawaiipublicschools.org\/haw\/school-services\/eligibility-applying\/\"><strong><em> Kupono &amp; Noi <\/em><\/strong><\/a><em>\u02bbao\u02bbao**<\/em><\/p>\n\n\n\n<p>In\u0101 \u02bba\u02bbole helu \u02bbia n\u0101 wahi k\u016b ka\u02bba ka\u02bba no k\u0101u kula, e \u02bbolu\u02bbolu e kelepona i k\u0101u ke\u02bbena kula a i \u02bbole leka uila <strong><a href=\"mailto:stsb@k12.hi.us\" target=\"_blank\" rel=\"noreferrer noopener\">stsb@k12.hi.us<\/a><\/strong> no ke kokua ana.<\/p>\n\n\n\n<h2 class=\"wp-block-heading\">N\u0101 Mana\u02bbo lawelawe<\/h2>\n\n\n\n<p>Mana\u02bbo ka &#039;Oihana e h\u014d\u02bbea i n\u0101 haum\u0101na i ko l\u0101kou wahi ka\u02bba ka\u02bba i koho \u02bbia ma kahi o \u02bbelima (5) mau minuke ma mua o ka manawa i koho \u02bbia. E \u02bbolu\u02bbolu e hiki ke ho\u02bbopane\u02bbe i kekahi manawa ma muli o ke ka\u02bba, ke \u02bbano o ka w\u0101, a i \u02bbole n\u0101 pilikia o n\u0101 limahana. In\u0101 lohi k\u0101u ka\u02bba ka\u02bba, mana\u02bbo m\u0101kou e ho\u02bboka\u02bba\u02bbike i ka mea hana ka\u02bba ka\u02bba i h\u0101\u02bbawi \u02bbia i k\u0101u kula no ka \u02bbike hou loa.<\/p>\n\n\n\n<p>No ka palekana o n\u0101 haum\u0101na he 10 makahiki a \u02bboi a\u02bbe, paipai ikaika ka &#039;Oihana e hele mai kekahi kanaka makua kuleana ma ke kahua ka\u02bba ka\u02bba i ka manawa o ka lawe \u02bbana a me ka ho\u02bboku\u02bbu \u02bbana. E \u02bbolu\u02bbolu, \u02bba\u02bbohe kuleana o n\u0101 mea ho\u02bbokele ka\u02bba no ka h\u014d\u02bboia \u02bbana a i \u02bbole ka ho\u02bboh\u0101likelike \u02bbana i n\u0101 haum\u0101na me n\u0101 po\u02bbe m\u0101kua kiko\u02bb\u012b ma ke k\u016b.<\/p>\n\n\n\n<p>Na ka makua a kahu paha e h\u014d\u02bboia i ka n\u0101n\u0101 pono \u02bbana a i \u02bbole e hana i n\u0101 ho\u02bboponopono \u02bb\u0113 a\u02bbe in\u0101 \u02bba\u02bbole hiki i ka haum\u0101na ke hele k\u016b\u02bboko\u02bba i ke kahua ka\u02bba ka\u02bba.<\/p>\n\n\n\n<h2 class=\"wp-block-heading\">Palekana lawelawe<\/h2>\n\n\n\n<p>Ua kaupalena \u02bbia ka lawelawe ka\u02bba ka\u02bba kula ma\u02bbamau i ka lawe \u02bbana i ka helu home o k\u0101u haum\u0101na ma ka mo\u02bbolelo a me ke kula. \u02bbA\u02bbole hele n\u0101 ka\u02bba ka\u02bba kula i \u02bbaelike \u02bbia e ke ke\u02bbena ma n\u0101 \u02bb\u0101ina pilikino a i \u02bbole ma n\u0101 alanui pilikino. Loa\u02bba k\u0113ia, ak\u0101 \u02bba\u02bbole i kaupalena \u02bbia, n\u0101 ho\u02bbomohala pilikino, n\u0101 hale pa\u02bba, n\u0101 wahi ka\u02bba \u02bboihana a i \u02bbole n\u0101 wahi ka\u02bba.<\/p>\n\n\n\n<p>E kaupalena \u02bbia n\u0101 wahi ka\u02bba ka\u02bba kula HIDOE a me ka huaka\u02bbi i n\u0101 alanui \u0101kea a m\u0101lama \u02bbia a me n\u0101 alanui \u0101kea. Pono paha n\u0101 \u02bbohana e ho\u02bbokele i k\u0101 l\u0101kou mau keiki i kahi ho\u02bboku\u02bbu ka\u02bba ka\u02bba HIDOE kokoke loa in\u0101 l\u0101kou e noho ana ma ke alanui ka\u02bbawale a i \u02bbole kahi ka\u02bbawale.<\/p>\n\n\n\n<h2 class=\"wp-block-heading\">Ho\u02bbokoe lawelawe<\/h2>\n\n\n\n<p>In\u0101 \u02bba\u02bbole i ho\u02bbok\u014d ka haum\u0101na i n\u0101 koi e pono ai ka lawe \u02bbana, hiki ke ho\u02bboku\u02bbu \u02bbia ma ke kahua i loa\u02bba. \u02bbA\u02bbole k\u0113ia he h\u014d\u02bboia. E ho\u02bbouna n\u0101 m\u0101kua a\/a i \u02bbole kahu i ka Noi e Holo i ke Ka\u02bba Ka\u02bba Kula ma kahi Loa\u02bba Loa\u02bba (Puka CS-101) me ka palapala noi ka\u02bba ka\u02bba kula i ho\u02bbopau \u02bbia. E waiho \u02bbia n\u0101 palapala \u02bbelua i k\u0113l\u0101 me k\u0113ia hapaha makahiki, e like me n\u0101 manawa noi i h\u0101\u02bbawi \u02bbia no ka makahiki kula 2025-2026.<\/p>\n\n\n\n<p><\/p>\n\n\n\n<p>E n\u0101n\u0101 \u02bbia k\u0113ia mau noi i ka w\u0101 i pani \u02bbia ai ka manawa noi i k\u0113l\u0101 me k\u0113ia hapaha e h\u014d\u02bboia i ka no\u02bbono\u02bbo \u02bbana i n\u0101 mea holo k\u016bpono a pau. In\u0101 loa\u02bba n\u0101 noho, e n\u0101n\u0101 mua \u02bbia k\u0113ia mau noi e ke kula, a laila e waiho \u02bbia i ke ke\u02bbena lawe moku no ka \u02bbae hope loa.&nbsp;&nbsp;<\/p>\n\n\n\n<p><\/p>\n\n\n\n<p>Aia a \u02bbae \u02bbia ka palapala CS-101 a me ka palapala ka\u02bba ka\u02bba a uku \u02bbia, e hana n\u0101 m\u0101kua a\/a i n\u0101 kahu i n\u0101 ho\u02bbonohonoho ka\u02bba \u02bb\u0113 a\u02bbe.&nbsp;&nbsp;<\/p>","protected":false},"excerpt":{"rendered":"<p>Ho\u02bbohui \u02bbana i n\u0101 kai\u0101ulu i n\u0101 kula no ka palekana a me ke komo \u02bbana i ka ho\u02bbona\u02bbauao. Ho\u02bbol\u0101l\u0101 \u02bbia n\u0101 ala ka\u02bba ka\u02bba ho\u02bbona\u02bbauao ma\u02bbamau e k\u0101ko\u02bbo i ka halihali palekana a maika\u02bbi ho\u02bbi no n\u0101 kula e komo ana a puni ka moku\u02bb\u0101ina. No n\u0101 n\u012bnau nui a i \u02bbole k\u014dkua ala ka\u02bba, e leka uila i\u0101 stsb@k12.hi.us. E \u02bbimi nei i k\u0101u ka\u02bba ka\u02bba ka\u02bba ka\u02bba a me ka \u02bbimi \u02bbimi \u02bbana \u02bbO ka l\u0101l\u0101 lawelawe lawelawe haum\u0101na haum\u0101na e ho\u02bbohana ana i\u0101 Infofinder i \u2014 a [\u2026]<\/p>","protected":false},"author":8,"featured_media":0,"parent":59,"menu_order":0,"comment_status":"closed","ping_status":"closed","template":"","meta":{"_relevanssi_hide_post":"","_relevanssi_hide_content":"","_relevanssi_pin_for_all":"","_relevanssi_pin_keywords":"","_relevanssi_unpin_keywords":"","_relevanssi_related_keywords":"","_relevanssi_related_include_ids":"","_relevanssi_related_exclude_ids":"","_relevanssi_related_no_append":"","_relevanssi_related_not_related":"","_relevanssi_related_posts":"","_relevanssi_noindex_reason":"","_sitemap_exclude":false,"_sitemap_priority":"","_sitemap_frequency":"","_kad_blocks_custom_css":"","_kad_blocks_head_custom_js":"","_kad_blocks_body_custom_js":"","_kad_blocks_footer_custom_js":"","wp_popup_display_lightbox":0,"wp_popup_suppress":"","wp_popup_trigger":"","wp_popup_trigger_amount":0,"wp_popup_disable_on_mobile":false,"footnotes":""},"class_list":["post-3546","page","type-page","status-publish","hentry"],"pp_statuses_selecting_workflow":false,"pp_workflow_action":"current","pp_status_selection":"publish","taxonomy_info":[],"featured_image_src_large":false,"author_info":{"display_name":"Ariana Enomoto","author_link":"https:\/\/hawaiipublicschools.org\/haw\/author\/arianastaceyleong-com\/"},"comment_info":0,"publishpress_future_action":{"enabled":false,"date":"2026-04-13 07:51:32","action":"change-status","newStatus":"draft","terms":[],"taxonomy":"","extraData":[]},"publishpress_future_workflow_manual_trigger":{"enabledWorkflows":[]},"_links":{"self":[{"href":"https:\/\/hawaiipublicschools.org\/haw\/wp-json\/wp\/v2\/pages\/3546","targetHints":{"allow":["GET"]}}],"collection":[{"href":"https:\/\/hawaiipublicschools.org\/haw\/wp-json\/wp\/v2\/pages"}],"about":[{"href":"https:\/\/hawaiipublicschools.org\/haw\/wp-json\/wp\/v2\/types\/page"}],"author":[{"embeddable":true,"href":"https:\/\/hawaiipublicschools.org\/haw\/wp-json\/wp\/v2\/users\/8"}],"replies":[{"embeddable":true,"href":"https:\/\/hawaiipublicschools.org\/haw\/wp-json\/wp\/v2\/comments?post=3546"}],"version-history":[{"count":0,"href":"https:\/\/hawaiipublicschools.org\/haw\/wp-json\/wp\/v2\/pages\/3546\/revisions"}],"up":[{"embeddable":true,"href":"https:\/\/hawaiipublicschools.org\/haw\/wp-json\/wp\/v2\/pages\/59"}],"wp:attachment":[{"href":"https:\/\/hawaiipublicschools.org\/haw\/wp-json\/wp\/v2\/media?parent=3546"}],"curies":[{"name":"wp","href":"https:\/\/api.w.org\/{rel}","templated":true}]}}