{"id":3542,"date":"2024-12-16T13:22:53","date_gmt":"2024-12-16T21:22:53","guid":{"rendered":"https:\/\/hawaiipublicschools.org\/?page_id=3542"},"modified":"2025-06-30T15:50:45","modified_gmt":"2025-07-01T01:50:45","slug":"rates-payments","status":"publish","type":"page","link":"https:\/\/hawaiipublicschools.org\/haw\/school-services\/rates-payments\/","title":{"rendered":"Uku &amp; Uku"},"content":{"rendered":"<p class=\"intro\" style=\"font-size:clamp(0.875rem, 0.875rem + ((1vw - 0.2rem) * 0.531), 1.3rem);\">Once school bus applications are reviewed and approved by your school, payment must be received prior to the start of bus service. Families will be notified by phone or email notification once the application has been processed.<\/p>\n\n\n\n<h2 class=\"wp-block-heading\">School Year 2025-2026 Application Periods<\/h2>\n\n\n\n<p><strong>Pono n\u0101 mea noi ka\u02bba ka\u02bba kula \u0101pau (\u02bbo ka po\u02bbe holo ka\u02bba uku a me ke k\u016blana manuahi) i k\u0113l\u0101 me k\u0113ia hapaha makahiki e like me ka papahana i h\u0101\u02bbawi \u02bbia ma lalo nei:<\/strong><\/p>\n\n\n\n<ul class=\"wp-block-list\">\n<li>Quarter 1: July 14 to Aug. 15, 2025<\/li>\n\n\n\n<li>Quarter 2: Sept. 22 to Oct. 17, 2025<\/li>\n\n\n\n<li>Quarter 3: Dec. 12, 2025 to Jan. 9, 2026<\/li>\n\n\n\n<li>Quarter 4: Mar. 2 to Mar. 27, 2026<\/li>\n<\/ul>\n\n\n\n<p><em>Pono e waiho \u02bbia n\u0101 noi ma kahi QUARTERLY a \u02bba\u02bbole e \u02bbae \u02bbia ma waho o n\u0101 manawa i h\u014d\u02bbike \u02bbia. E \u02bbolu\u02bbolu e ho\u02bbol\u0101l\u0101 e like me ia.<\/em><\/p>\n\n\n\n<p>\u02bbO n\u0101 noi \u02bba\u02bbole i uku \u02bbia a ke kali nei paha i ka \u02bbae \u02bbia ma hope o ka l\u0101 hopena o ka hapaha makahiki e h\u014d\u02bbole \u02bbia a holoi \u02bbia mai ka pila noi. \u02bbO n\u0101 palapala noi i waiho \u02bbia ma mua o ka wehe \u02bbana o ka manawa hou a i \u02bbole ma hope o ka pani \u02bbana o ka manawa e h\u014d\u02bbole \u02bbia.<\/p>\n\n\n\n<h2 class=\"wp-block-heading\">Uku<\/h2>\n\n\n\n<p>\u02bbO ka uku pa\u02bba no n\u0101 ka\u02bba ka\u02bba haum\u0101na:<\/p>\n\n\n\n<ul class=\"wp-block-list\">\n<li>Ka huaka\u02bbi p\u014d\u02bbai hapah\u0101: <strong>$72<\/strong><\/li>\n\n\n\n<li>\u02bbO ke ala ho\u02bbokahi hapah\u0101: <strong>$36<\/strong><\/li>\n<\/ul>\n\n\n\n<h2 class=\"wp-block-heading\">ka uku \u02bbana i n\u0101 lawelawe ka\u02bba ka\u02bba<\/h2>\n\n\n\n<h3 class=\"wp-block-heading\">Ua \u02bbae \u02bbia n\u0101 uku<\/h3>\n\n\n\n<p>All students that are approved for bus service (except those approved for free status) must pay the prevailing transportation fee upon approval as indicated in Part IV of the application. Payments must be made prior to the start of bus service or the application will be canceled and your student may lose their seat assignment.\u00a0<\/p>\n\n\n\n<p><\/p>\n\n\n\n<p>If you submitted an application in-person, payments shall be made using one of the following options listed below:<\/p>\n\n\n\n<ul class=\"wp-block-list\">\n<li>Cash<\/li>\n\n\n\n<li>Cashier\u2019s check (payable to \u201cThe Department of Education\u201d)<\/li>\n\n\n\n<li>Money order (payable to \u201cThe Department of Education\u201d)<\/li>\n\n\n\n<li><strong>No personal checks will be accepted<\/strong><\/li>\n<\/ul>\n\n\n\n<p><\/p>\n\n\n\n<p>Pono n\u0101 palapala ho\u02bbololi i kahi uku $5 hiki ke uku \u02bbia i ke ke\u02bbena kula (ke k\u0101l\u0101 wale n\u014d).<\/p>\n\n\n\n<p><\/p>\n\n\n\n<p>In\u0101 ho\u02bbouna \u02bboe i kahi noi ma ka p\u016bnaewele, e loa\u02bba i\u0101 \u02bboe kahi leka uila e uku ma o ka EZSchoolPay app ke \u02bbae \u02bbia ka noi e ke kula.<\/p>\n\n\n\n<p><\/p>\n\n\n\n<p>The payment receipt is the temporary bus pass. It has the child\u2019s name, school, and assigned route number and can be printed at home or by school office personnel.&nbsp;&nbsp;<\/p>\n\n\n\n<p><\/p>","protected":false},"excerpt":{"rendered":"<p>Once school bus applications are reviewed and approved by your school, payment must be received prior to the start of bus service. Families will be notified by phone or email notification once the application has been processed. School Year 2025-2026 Application Periods All school bus applicants (both paid and free-status riders) must apply on a [&hellip;]<\/p>","protected":false},"author":8,"featured_media":0,"parent":59,"menu_order":0,"comment_status":"closed","ping_status":"closed","template":"","meta":{"_relevanssi_hide_post":"","_relevanssi_hide_content":"","_relevanssi_pin_for_all":"","_relevanssi_pin_keywords":"","_relevanssi_unpin_keywords":"","_relevanssi_related_keywords":"","_relevanssi_related_include_ids":"","_relevanssi_related_exclude_ids":"","_relevanssi_related_no_append":"","_relevanssi_related_not_related":"","_relevanssi_related_posts":"","_relevanssi_noindex_reason":"","_sitemap_exclude":false,"_sitemap_priority":"","_sitemap_frequency":"","_kad_blocks_custom_css":"","_kad_blocks_head_custom_js":"","_kad_blocks_body_custom_js":"","_kad_blocks_footer_custom_js":"","wp_popup_display_lightbox":0,"wp_popup_suppress":"","wp_popup_trigger":"","wp_popup_trigger_amount":0,"wp_popup_disable_on_mobile":false,"footnotes":""},"class_list":["post-3542","page","type-page","status-publish","hentry"],"pp_statuses_selecting_workflow":false,"pp_workflow_action":"current","pp_status_selection":"publish","taxonomy_info":[],"featured_image_src_large":false,"author_info":{"display_name":"Ariana Enomoto","author_link":"https:\/\/hawaiipublicschools.org\/haw\/author\/arianastaceyleong-com\/"},"comment_info":0,"publishpress_future_action":{"enabled":false,"date":"2026-05-11 05:05:14","action":"change-status","newStatus":"draft","terms":[],"taxonomy":"","extraData":[]},"publishpress_future_workflow_manual_trigger":{"enabledWorkflows":[]},"_links":{"self":[{"href":"https:\/\/hawaiipublicschools.org\/haw\/wp-json\/wp\/v2\/pages\/3542","targetHints":{"allow":["GET"]}}],"collection":[{"href":"https:\/\/hawaiipublicschools.org\/haw\/wp-json\/wp\/v2\/pages"}],"about":[{"href":"https:\/\/hawaiipublicschools.org\/haw\/wp-json\/wp\/v2\/types\/page"}],"author":[{"embeddable":true,"href":"https:\/\/hawaiipublicschools.org\/haw\/wp-json\/wp\/v2\/users\/8"}],"replies":[{"embeddable":true,"href":"https:\/\/hawaiipublicschools.org\/haw\/wp-json\/wp\/v2\/comments?post=3542"}],"version-history":[{"count":0,"href":"https:\/\/hawaiipublicschools.org\/haw\/wp-json\/wp\/v2\/pages\/3542\/revisions"}],"up":[{"embeddable":true,"href":"https:\/\/hawaiipublicschools.org\/haw\/wp-json\/wp\/v2\/pages\/59"}],"wp:attachment":[{"href":"https:\/\/hawaiipublicschools.org\/haw\/wp-json\/wp\/v2\/media?parent=3542"}],"curies":[{"name":"wp","href":"https:\/\/api.w.org\/{rel}","templated":true}]}}