{"id":29,"date":"2024-09-04T22:11:39","date_gmt":"2024-09-04T22:11:39","guid":{"rendered":"https:\/\/hawaiipublicschools.org\/?page_id=29"},"modified":"2025-10-06T08:48:57","modified_gmt":"2025-10-06T18:48:57","slug":"college-career-readiness","status":"publish","type":"page","link":"https:\/\/hawaiipublicschools.org\/haw\/academics\/secondary-middle-high-school\/college-career-readiness\/","title":{"rendered":"Hoomakaukau Kolepa &amp; Hana"},"content":{"rendered":"<h2 class=\"wp-block-heading\">N\u0101 papahana h\u014d\u02bbai\u02bb\u0113 p\u0101lua<\/h2>\n\n\n\n<p>Dual credit programs provide opportunities for Hawai\u02bbi high school students to enroll in University of Hawai\u02bbi (UH) classes\u00ad\u00ad\u00ad at the 100-level and above and\u2014upon successful completion\u2014earn both high school and college credit. Students should consult with the colleges they plan to attend post-high school graduation regarding credit transferability. The two most common dual credit programs in Hawai\u02bbi are Early College and Running Start.\u00a0<\/p>\n\n\n\n<h3 class=\"wp-block-heading\">Ke Kula Nui<\/h3>\n\n\n\n<p>Ke komo nei n\u0101 haum\u0101na ma ka papa 9-12 i n\u0101 papa UH i a\u02bbo \u02bbia e n\u0101 kumu a\u02bbo UH ma ka pae 100 a i luna. Hiki i n\u0101 haum\u0101na ke k\u0101ko&#039;o mai ko l\u0101kou kula ki&#039;eki&#039;e a me ka p\u0101 kula o UH. \u02bbO ka <a href=\"https:\/\/www.hawaii.edu\/dualcredit\/early-college\/\" data-type=\"link\" data-id=\"https:\/\/www.hawaii.edu\/dualcredit\/early-college\/\" target=\"_blank\" rel=\"noreferrer noopener\">Ka papahana kula mua<\/a> mana\u02bbo e h\u0101\u02bbawi i n\u0101 haum\u0101na i ka hilina\u02bbi e \u02bbike hiki i\u0101 l\u0101kou ke m\u0101lama i n\u0101 ko\u02bbiko\u02bbi o ka ho\u02bbona\u02bbauao kulanui a me ka ho\u02bbomaka \u02bbana e k\u016bkulu i ka manawa i ke k\u0113kel\u0113 kulanui.<\/p>\n\n\n\n<p>I Pepeluali 2024, ua ho\u02bboku\u02bbu p\u016b ka &#039;Oihana a me UH i ka <a href=\"https:\/\/drive.google.com\/file\/d\/1YONDWA2lpqtfKwxZ3CPIoC8hMZKD5236\/view?usp=sharing\" target=\"_blank\" rel=\"noreferrer noopener\">\u02bbO n\u0101 alaka\u02bbi ho\u02bbol\u0101l\u0101 kula mua (Google Drive)<\/a> e ho\u02bbonohonoho i kahi \u02bbike hui ma ka moku\u02bb\u0101ina no ka papahana Early College. E alaka\u02bbi ka hihi\u02bbo i n\u0101 hana e hiki mai ana, \u02bboiai ho\u02bbi i ka n\u0101n\u0101 \u02bbana i n\u0101 hana i n\u0101 hui i h\u014d\u02bbike \u02bbole \u02bbia a me ka ho\u02bbohana \u02bbana i ka papahana e ho\u02bbonui i ke k\u0101kau inoa \u02bbana i ke kulanui.<\/p>\n\n\n\n<p>He \u02bboko\u02bba ka papahana \u02bbo Early College ma ke komo \u02bbana i ke kula ki\u02bbeki\u02bbe. E \u02bbolu\u02bbolu e kelepona i ka Luna Ho\u02bboponopono o ke Kula Nui ma k\u0101u kula ki\u02bbeki\u02bbe no ka \u02bbike hou aku.<\/p>\n\n\n\n<h3 class=\"wp-block-heading\">Hoomaka Holo<\/h3>\n\n\n\n<p><a href=\"https:\/\/www.hawaii.edu\/dualcredit\/running-start\/\" target=\"_blank\" rel=\"noreferrer noopener\">Hoomaka Holo<\/a> He papahana ia e hiki ai i n\u0101 haum\u0101na kula ki\u02bbeki\u02bbe k\u016bpono ke komo i n\u0101 papa UH ma ka pae 100 a ma luna a\u02bbe a hele i n\u0101 papa me n\u0101 haum\u0101na kulanui i k\u0101kau mau \u02bbia ma n\u0101 p\u0101 kula ma ka \u02bb\u014dnaehana UH. \u02bbO ka lawe \u02bbana i n\u0101 p\u0101 kula ke kuleana o ka haum\u0101na.<\/p>\n\n\n\n<h2 class=\"wp-block-heading\">Ke noi nei<\/h2>\n\n\n\n<p>E k\u016bk\u0101k\u016bk\u0101 me ke k\u0101k\u0101&#039;\u014dlelo k\u016bpono ma k\u0101u kula ki\u02bbeki\u02bbe ma mua o kou kau inoa \u02bbana i kekahi papa \u02bbai\u02bb\u0113 \u02bbelua. Pono n\u0101 haum\u0101na e ho\u02bbopiha i ka <a href=\"https:\/\/www.hawaii.edu\/dualcredit\/\" target=\"_blank\" rel=\"noreferrer noopener\">Noi Aie elua<\/a>, e koi ana i ka \u02bbae mai ka makua\/m\u0101kua o ka haum\u0101na, k\u0101k\u0101\u02bb\u014dlelo kula ki\u02bbeki\u02bbe a me ke kumu kula ki\u02bbeki\u02bbe. Pono ke k\u0101k\u0101&#039;\u014dlelo o ke kula ki\u02bbeki\u02bbe o ka haum\u0101na e n\u0101n\u0101 i ka pono o n\u0101 helu ho\u02bbokomo a me n\u0101 koi \u02bb\u0113 a\u02bbe, e like me ka pili, no ke kula nui kahi i mana\u02bbo ai ka haum\u0101na e k\u0101kau inoa. E k\u014dkua n\u014d ho\u02bbi ke k\u0101k\u0101\u02bb\u014dlelo e ho\u02bboholo in\u0101 ho\u02bbok\u014d ka papa koleke i kahi koi k\u016bikaw\u0101 a i \u02bbole koho no ka puka kula ki\u02bbeki\u02bbe. Ke loa\u02bba n\u0101 \u02bbae a pau, e ho\u02bbouna ka haum\u0101na i k\u0101 l\u0101kou noi, me kahi <a href=\"http:\/\/www.hawaii.edu\/admissions\/\" target=\"_blank\" rel=\"noreferrer noopener\">Palapala noi o ke Kulanui o Hawai\u02bbi<\/a>, i ke kahua kula UH makemake l\u0101kou e hele. Ke \u02bbae \u02bbia, pono e hui ka haum\u0101na me ke k\u0101k\u0101&#039;\u014dlelo UH Running Start no ka loa\u02bba \u02bbana o ke k\u014dkua hou ma ke k\u0101kau inoa \u02bbana no n\u0101 papa a me ka h\u014d\u02bboia \u02bbana e ho\u02bbok\u014d \u02bbia n\u0101 koi a pau e komo i ke kulanui.<\/p>\n\n\n\n<h2 class=\"wp-block-heading\">K\u016bk\u0101k\u016bk\u0101<\/h2>\n\n\n\n<p>\u02bbOiai \u02bbo n\u0101 papahana h\u014d\u02bbai\u02bb\u0113 \u02bbelua e h\u0101\u02bbawi i kahi manawa k\u016bpono e k\u016bkulu i ka manawa i ke k\u0113kel\u0113 koleke, hele p\u016b mai l\u0101kou me ke kuleana nui. \u02bbO ka haum\u0101na e ho\u02bboholo ana e ha\u02bbalele a ha\u02bbalele paha mai kahi papa koleke ma waena o ke kau e holo ana ka pilikia o ka ho\u02bbok\u014d \u02bbole \u02bbana i n\u0101 koi o ke kula ki\u02bbeki\u02bbe a e mau ana ka papa ma k\u0101 l\u0101kou transcript kolepa mau. He mea nui i n\u0101 haum\u0101na a me n\u0101 m\u0101kua ke n\u0101n\u0101 i n\u0101 mea waiwai \u0101pau a e \u02bbimi i ka \u02bbike hou aku, in\u0101 pono, mai k\u0101 l\u0101kou mau kumu a\u02bbo kula ki\u02bbeki\u02bbe a\/a i \u02bbole ma mua o ka ho\u02bbopa\u02bba \u02bbana e komo.<\/p>\n\n\n\n<h2 class=\"wp-block-heading\">GEAR UP N\u0101 ha\u02bbawina ho\u02bbona\u02bbauao Hawai\u02bbi<\/h2>\n\n\n\n<p><a href=\"https:\/\/www.hawaiip20.org\/p-20-initiatives\/college-career-readiness\/gear-up-hawaii\/\" target=\"_blank\" rel=\"noreferrer noopener\">GEAR UP Hawai\u02bbi<\/a> h\u0101\u02bbawi i kahi helu palena o n\u0101 ha\u02bbawina i n\u0101 haum\u0101na i mana\u02bbo \u02bbia \u02bba\u02bbole hemahema. Loa\u02bba paha n\u0101 manawa ha\u02bbawina \u02bb\u0113 a\u02bbe; Pono n\u0101 haum\u0101na e n\u0101n\u0101 me ko l\u0101kou k\u0101k\u0101\u02bb\u014dlelo kula ki\u02bbeki\u02bbe, a i \u02bbole k\u0101 l\u0101kou UH Running Start ma ke kahua kula a l\u0101kou e mana\u02bbo nei e hele, e \u02bbike in\u0101 loa\u02bba n\u0101 \u02bbano k\u014dkua k\u0101l\u0101 \u02bb\u0113 a\u02bbe.<\/p>\n\n\n\n<p><\/p>","protected":false},"excerpt":{"rendered":"<p>Dual credit programs Dual credit programs provide opportunities for Hawai\u02bbi high school students to enroll in University of Hawai\u02bbi (UH) classes\u00ad\u00ad\u00ad at the 100-level and above and\u2014upon successful completion\u2014earn both high school and college credit. Students should consult with the colleges they plan to attend post-high school graduation regarding credit transferability. The two most common [&hellip;]<\/p>","protected":false},"author":8,"featured_media":0,"parent":25,"menu_order":13,"comment_status":"closed","ping_status":"closed","template":"wp-custom-template-page-for-custom-sidebar","meta":{"_relevanssi_hide_post":"","_relevanssi_hide_content":"","_relevanssi_pin_for_all":"","_relevanssi_pin_keywords":"","_relevanssi_unpin_keywords":"","_relevanssi_related_keywords":"","_relevanssi_related_include_ids":"","_relevanssi_related_exclude_ids":"","_relevanssi_related_no_append":"","_relevanssi_related_not_related":"","_relevanssi_related_posts":"","_relevanssi_noindex_reason":"","_sitemap_exclude":false,"_sitemap_priority":"","_sitemap_frequency":"","_kad_blocks_custom_css":"","_kad_blocks_head_custom_js":"","_kad_blocks_body_custom_js":"","_kad_blocks_footer_custom_js":"","wp_popup_display_lightbox":0,"wp_popup_suppress":"","wp_popup_trigger":"","wp_popup_trigger_amount":0,"wp_popup_disable_on_mobile":false,"footnotes":""},"class_list":["post-29","page","type-page","status-publish","hentry"],"pp_statuses_selecting_workflow":false,"pp_workflow_action":"current","pp_status_selection":"publish","taxonomy_info":[],"featured_image_src_large":false,"author_info":{"display_name":"Ariana Enomoto","author_link":"https:\/\/hawaiipublicschools.org\/haw\/author\/arianastaceyleong-com\/"},"comment_info":0,"publishpress_future_action":{"enabled":false,"date":"2026-04-20 04:16:35","action":"change-status","newStatus":"draft","terms":[],"taxonomy":"","extraData":[]},"publishpress_future_workflow_manual_trigger":{"enabledWorkflows":[]},"_links":{"self":[{"href":"https:\/\/hawaiipublicschools.org\/haw\/wp-json\/wp\/v2\/pages\/29","targetHints":{"allow":["GET"]}}],"collection":[{"href":"https:\/\/hawaiipublicschools.org\/haw\/wp-json\/wp\/v2\/pages"}],"about":[{"href":"https:\/\/hawaiipublicschools.org\/haw\/wp-json\/wp\/v2\/types\/page"}],"author":[{"embeddable":true,"href":"https:\/\/hawaiipublicschools.org\/haw\/wp-json\/wp\/v2\/users\/8"}],"replies":[{"embeddable":true,"href":"https:\/\/hawaiipublicschools.org\/haw\/wp-json\/wp\/v2\/comments?post=29"}],"version-history":[{"count":0,"href":"https:\/\/hawaiipublicschools.org\/haw\/wp-json\/wp\/v2\/pages\/29\/revisions"}],"up":[{"embeddable":true,"href":"https:\/\/hawaiipublicschools.org\/haw\/wp-json\/wp\/v2\/pages\/25"}],"wp:attachment":[{"href":"https:\/\/hawaiipublicschools.org\/haw\/wp-json\/wp\/v2\/media?parent=29"}],"curies":[{"name":"wp","href":"https:\/\/api.w.org\/{rel}","templated":true}]}}