{"id":28,"date":"2024-09-04T22:11:02","date_gmt":"2024-09-04T22:11:02","guid":{"rendered":"https:\/\/hawaiipublicschools.org\/?page_id=28"},"modified":"2025-10-10T10:10:29","modified_gmt":"2025-10-10T20:10:29","slug":"advanced-placement","status":"publish","type":"page","link":"https:\/\/hawaiipublicschools.org\/haw\/academics\/secondary-middle-high-school\/advanced-placement\/","title":{"rendered":"Ho\u02bbonoho ki\u02bbeki\u02bbe"},"content":{"rendered":"<p class=\"intro\" style=\"font-size:clamp(0.875rem, 0.875rem + ((1vw - 0.2rem) * 0.531), 1.3rem);\">\u02bbO n\u0101 ho\u02bbokolohua Advanced Placement, i ho\u02bbomohala \u02bbia e ka Papa Kolepa, hiki i n\u0101 haum\u0101na ke lawe i ka hana ma ke kulanui a loa\u02bba ka h\u014d\u02bbai\u02bb\u0113 a me ke kau \u02bbana.<\/p>\n\n\n\n<h2 class=\"wp-block-heading\"><a href=\"https:\/\/hawaiipublicschools.org\/TeachingAndLearning\/Testing\/AdvancedPlacement\/Pages\/APcourses.aspx\">\u02bb<\/a>\u200b\u200b\u200b\u200b\u200b\u200b\u200b\u200b\u200b\u200b\u200b\u200b\u200b\u200b\u200b\u200b\u200b\u200b\u200b\u200b\u200bThe Exam<\/h2>\n\n\n\n<p>He papahana i k\u016bkulu \u02bbia e ka Papa Kolepa e h\u0101\u02bbawi i n\u0101 papa ha\u02bbawina ko\u02bbiko\u02bbi i h\u0101\u02bbawi \u02bbia ma n\u0101 kula ki\u02bbeki\u02bbe, <a href=\"https:\/\/apstudents.collegeboard.org\/ap-exams-what-to-know\" target=\"_blank\" rel=\"noreferrer noopener\">Ho\u02bbonoho ki\u02bbeki\u02bbe<\/a> H\u0101\u02bbawi \u02bbia n\u0101 papa ma 40 mau kula ki\u02bbeki\u02bbe o Hawai\u02bbi ma n\u0101 kumuhana mai ka Calculus a i ka English Language and Composition, Biology, US History, Studio Art a me 20 mau kumuhana \u02bb\u0113 a\u02bbe. Hiki i n\u0101 haum\u0101na ke loa\u02bba ka h\u014d\u02bbai\u02bb\u0113 koleke in\u0101 loa\u02bba i\u0101 l\u0101kou ka helu o 3 a \u02bboi aku paha ma ka h\u014d\u02bbike AP. Hiki i n\u0101 haum\u0101na ke lawe i kahi h\u014d\u02bbike AP me ke komo \u02bbole \u02bbana i kahi papa AP.<\/p>\n\n\n\n<p>\u02bbO n\u0101 \u02bbike wikiwiki e pili ana i n\u0101 h\u014d\u02bbike AP:<\/p>\n\n\n\n<ul class=\"wp-block-list\">\n<li>\u02bbO ka uku h\u014d\u02bbike AP he $99 no ka ho\u02bbokolokolo. H\u0101\u02bbawi ka Papa Kolepa i kahi h\u014d\u02bbemi uku $37 no k\u0113l\u0101 me k\u0113ia ho\u02bbokolohua no n\u0101 haum\u0101na me ka nele k\u0101l\u0101. E h\u0101\u02bbawi \u02bbia kahi ha\u02bbawina moku\u02bb\u0101ina \u02bbo $45 i k\u0113l\u0101 me k\u0113ia h\u014d\u02bbike AP i lawe \u02bbia ma ke kula Title I a i \u02bbole CEP a no k\u0113l\u0101 me k\u0113ia ho\u02bbokolokolo AP ha\u02bbaha\u02bba ma n\u0101 kula HIDOE \u02bb\u0113 a\u02bbe. No k\u0113l\u0101 me k\u0113ia AP Exam i lawe \u02bbia me ka ho\u02bbemi \u02bbana i ka uku, ha\u02bbalele ke kula i k\u0101na h\u014d\u02bbemi $9, e loa\u02bba ana ke kumu k\u016b\u02bbai o $8 no k\u0113l\u0101 me k\u0113ia ho\u02bbokolohua no n\u0101 haum\u0101na ha\u02bbaha\u02bba.&nbsp;&nbsp;<\/li>\n\n\n\n<li>\u02bbOi aku ma mua o 3,800 mau koleke a me n\u0101 kulanui i k\u0113l\u0101 me k\u0113ia makahiki i loa\u02bba n\u0101 helu AP Exam. \u02bbO ka hapa nui o n\u0101 koleke \u02bbeh\u0101 makahiki ma US e h\u0101\u02bbawi i ka h\u014d\u02bbai\u02bb\u0113 a \/ a i \u02bbole kahi k\u016blana ki\u02bbeki\u02bbe no n\u0101 helu k\u016bpono.<\/li>\n<\/ul>\n\n\n\n<h2 class=\"wp-block-heading\">N\u0101 Papa Ho\u02bbokomo Ki\u02bbeki\u02bbe<\/h2>\n\n\n\n<p>E ho\u02bbohui me ke kumu kumu waiwai Advanced Placement a i \u02bbole ke k\u0101k\u0101\u02bb\u014dlelo o ke kulanui ma ke kula o k\u0101u keiki e a\u02bbo hou aku. Loa\u02bba i n\u0101 haum\u0101na ke koho e lawe i n\u0101 papa ma lalo ma ka p\u016bnaewele ma o ka &#039;Oihana <a href=\"https:\/\/sites.google.com\/hawaiidoe.k12.hi.us\/e-school\/courses\/ap-courses?pli=1\" target=\"_blank\" rel=\"noreferrer noopener\">N\u0101 papahana Hawai\u02bbi Online<\/a>.&nbsp;<\/p>\n\n\n\n<p><\/p>","protected":false},"excerpt":{"rendered":"<p>Advanced Placement exams, developed by the College Board, allows students to take college-level work and earn college credit and placement. \u200b\u200b\u200b\u200b\u200b\u200b\u200b\u200b\u200b\u200b\u200b\u200b\u200b\u200b\u200b\u200b\u200b\u200b\u200b\u200b\u200b\u200bThe Exam A program developed by the College Board to provide rigorous academic courses that are offered at high schools, Advanced Placement courses are offered at 40 Hawai\u02bbi high schools in subjects ranging from Calculus [&hellip;]<\/p>","protected":false},"author":8,"featured_media":0,"parent":25,"menu_order":12,"comment_status":"closed","ping_status":"closed","template":"","meta":{"_relevanssi_hide_post":"","_relevanssi_hide_content":"","_relevanssi_pin_for_all":"","_relevanssi_pin_keywords":"","_relevanssi_unpin_keywords":"","_relevanssi_related_keywords":"","_relevanssi_related_include_ids":"","_relevanssi_related_exclude_ids":"","_relevanssi_related_no_append":"","_relevanssi_related_not_related":"","_relevanssi_related_posts":"","_relevanssi_noindex_reason":"","_sitemap_exclude":false,"_sitemap_priority":"","_sitemap_frequency":"","_kad_blocks_custom_css":"","_kad_blocks_head_custom_js":"","_kad_blocks_body_custom_js":"","_kad_blocks_footer_custom_js":"","wp_popup_display_lightbox":0,"wp_popup_suppress":"","wp_popup_trigger":"","wp_popup_trigger_amount":0,"wp_popup_disable_on_mobile":false,"footnotes":""},"class_list":["post-28","page","type-page","status-publish","hentry"],"pp_statuses_selecting_workflow":false,"pp_workflow_action":"current","pp_status_selection":"publish","taxonomy_info":[],"featured_image_src_large":false,"author_info":{"display_name":"Ariana Enomoto","author_link":"https:\/\/hawaiipublicschools.org\/haw\/author\/arianastaceyleong-com\/"},"comment_info":0,"publishpress_future_action":{"enabled":false,"date":"2026-04-26 10:43:21","action":"change-status","newStatus":"draft","terms":[],"taxonomy":"","extraData":[]},"publishpress_future_workflow_manual_trigger":{"enabledWorkflows":[]},"_links":{"self":[{"href":"https:\/\/hawaiipublicschools.org\/haw\/wp-json\/wp\/v2\/pages\/28","targetHints":{"allow":["GET"]}}],"collection":[{"href":"https:\/\/hawaiipublicschools.org\/haw\/wp-json\/wp\/v2\/pages"}],"about":[{"href":"https:\/\/hawaiipublicschools.org\/haw\/wp-json\/wp\/v2\/types\/page"}],"author":[{"embeddable":true,"href":"https:\/\/hawaiipublicschools.org\/haw\/wp-json\/wp\/v2\/users\/8"}],"replies":[{"embeddable":true,"href":"https:\/\/hawaiipublicschools.org\/haw\/wp-json\/wp\/v2\/comments?post=28"}],"version-history":[{"count":0,"href":"https:\/\/hawaiipublicschools.org\/haw\/wp-json\/wp\/v2\/pages\/28\/revisions"}],"up":[{"embeddable":true,"href":"https:\/\/hawaiipublicschools.org\/haw\/wp-json\/wp\/v2\/pages\/25"}],"wp:attachment":[{"href":"https:\/\/hawaiipublicschools.org\/haw\/wp-json\/wp\/v2\/media?parent=28"}],"curies":[{"name":"wp","href":"https:\/\/api.w.org\/{rel}","templated":true}]}}