{"id":25,"date":"2024-09-04T22:09:53","date_gmt":"2024-09-04T22:09:53","guid":{"rendered":"https:\/\/hawaiipublicschools.org\/?page_id=25"},"modified":"2025-10-09T13:49:23","modified_gmt":"2025-10-09T23:49:23","slug":"secondary-middle-high-school","status":"publish","type":"page","link":"https:\/\/hawaiipublicschools.org\/haw\/academics\/secondary-middle-high-school\/","title":{"rendered":"Ke kula ki\u02bbeki\u02bbe (ke kula waena a me ke kula ki\u02bbeki\u02bbe)"},"content":{"rendered":"<figure class=\"wp-block-image alignright size-large is-resized\"><img loading=\"lazy\" decoding=\"async\" width=\"1024\" height=\"683\" src=\"https:\/\/hawaiipublicschools.org\/wp-content\/uploads\/2024\/12\/HIDOE_Secondary_Aerial-Drone-Comp-1024x683.jpg\" alt=\"Two students standing against a whiteboard. One student is pointing a flag towards the front to another person.\" class=\"wp-image-2557\" style=\"width:340px\" srcset=\"https:\/\/hawaiipublicschools.org\/wp-content\/uploads\/2024\/12\/HIDOE_Secondary_Aerial-Drone-Comp-1024x683.jpg 1024w, https:\/\/hawaiipublicschools.org\/wp-content\/uploads\/2024\/12\/HIDOE_Secondary_Aerial-Drone-Comp-300x200.jpg 300w, https:\/\/hawaiipublicschools.org\/wp-content\/uploads\/2024\/12\/HIDOE_Secondary_Aerial-Drone-Comp-768x512.jpg 768w, https:\/\/hawaiipublicschools.org\/wp-content\/uploads\/2024\/12\/HIDOE_Secondary_Aerial-Drone-Comp-18x12.jpg 18w, https:\/\/hawaiipublicschools.org\/wp-content\/uploads\/2024\/12\/HIDOE_Secondary_Aerial-Drone-Comp.jpg 1200w\" sizes=\"auto, (max-width: 1024px) 100vw, 1024px\" \/><\/figure>\n\n\n\n<h2 class=\"wp-block-heading\">Waena\/kuwaena: Papa 6-8<\/h2>\n\n\n\n<p>I loko o k\u0113ia mau makahiki ho\u02bbomohala ko\u02bbiko\u02bbi, ke ulu nei k\u0101 m\u0101kou mau haum\u0101na ma ke kula, ka na\u02bbau a me ka pilikanaka. Ho\u02bbonui ke kula waena i ka laul\u0101 o n\u0101 \u02bbike ma o ka h\u0101\u02bbawi \u02bbana i n\u0101 haum\u0101na i ho\u02bbonui i n\u0101 koho papa ma Career and Technical Education, ki\u02bbi ki\u02bbi, keaka, hula, mele, ha\u02bbuki a me n\u0101 papahana ma hope o ke kula. Ho\u02bbomaka ka m\u0101kaukau o ke kulanui me ka ho\u02bboikaika \u02bbana i n\u0101 m\u0101kau pilikanaka ko\u02bbiko\u02bbi.<\/p>\n\n\n\n<h3 class=\"wp-block-heading\">N\u0101 K\u016blana A\u02bbo<\/h3>\n\n\n\n<p>Teachers have the flexibility to design lesson plans that incorporate the arts, social and cultural values, health and wellness principles and more. The foundation is in a standards-based education that includes Common Core, Hawai\u02bbi Content and Performance Standards III, and other Hawai\u02bb\u2018i-based and national standards in all other subjects.<\/p>\n\n\n\n<ul class=\"wp-block-list\">\n<li><a href=\"https:\/\/learningdesign.hawaiipublicschools.org\/standards-based-content\">Paena Ho\u02bbol\u0101l\u0101 A\u02bbo<\/a>: Na ke Ke\u02bbena o ka Curriculum and Instructional Design o HIDOE i ho\u02bbomaka i k\u0113ia kumuwaiwai me ka mana\u02bbo o n\u0101 kumu a\u02bbo HIDOE.<\/li>\n<\/ul>\n\n\n\n<h3 class=\"wp-block-heading\">Heluhelu<\/h3>\n\n\n\n<ul class=\"wp-block-list\">\n<li>Lawe n\u0101 haum\u0101na a pau i ka makahiki <a href=\"\/haw\/academics\/types-of-testing\/\" data-type=\"page\" data-id=\"931\">Helu Moku&#039;\u0101ina<\/a> ma ka Smarter Balanced Assessments, a lawe n\u0101 papa \u02bbewalu i kahi loiloi \u02bbepekema moku\u02bb\u0101ina.<\/li>\n\n\n\n<li>\u02bbIke \u02bbia kahi la\u02bbana o n\u0101 papa \u02bbewalu ma ka National Assessment of Educational Progress (NAEP) ma ka heluhelu, k\u0101kau, makemakika a me ka \u02bbepekema.<\/li>\n\n\n\n<li>Hiki i n\u0101 papa \u02bbewalu ke koho e lawe i ka <a href=\"\/haw\/academics\/act-testing\/\" data-type=\"page\" data-id=\"45\">ACT Explore ho\u02bbokolohua<\/a> e ho\u02bbomaka i ka loiloi \u02bbana i k\u0101 l\u0101kou mau ho\u02bbol\u0101l\u0101 ho\u02bbona\u02bbauao a me n\u0101 \u02bboihana e pili ana i n\u0101 m\u0101kau, n\u0101 makemake a me n\u0101 makemake.<\/li>\n<\/ul>\n\n\n\n<h3 class=\"wp-block-heading\">N\u0101 papahana a me n\u0101 lawelawe hou<\/h3>\n\n\n\n<h4 class=\"wp-block-heading\">Ho\u02bbonui i n\u0101 Noi, \u02bbAlepa<\/h4>\n\n\n\n<p>H\u0101\u02bbawi ka hapa nui o n\u0101 kula ki\u02bbeki\u02bbe i n\u0101 papahana ma ke ki\u02bbi \u02bbike, keaka, hula a\/a i \u02bbole mele. Ke ho\u02bbonui nei kahi papahana ho\u02bbokele <a href=\"https:\/\/hawaiipublicschools.org\/haw\/student-programs\/athletics\/\" data-type=\"page\" data-id=\"82\">ha\u02bbuki ha\u02bbuki<\/a> i n\u0101 kula waena.<\/p>\n\n\n\n<h4 class=\"wp-block-heading\">Ho\u02bbona\u02bbauao pilikino<\/h4>\n\n\n\n<p>Ho\u02bbohana n\u0101 kula i ka Comprehensive Student Support System (CSSS) no ka ho\u02bbolako \u02bbana i n\u0101 hana ho\u02bboikaika, maika\u02bbi, ho\u02bboponopono a me ka manawa k\u016bpono, n\u0101 lawelawe a me ke k\u0101ko\u02bbo\u2014me ke aloha\u2014no laila e k\u016ble\u02bba n\u0101 haum\u0101na \u0101pau i ko l\u0101kou hiki. \u02bbO n\u0101 mea nui o CSSS:<\/p>\n\n\n\n<ul class=\"wp-block-list\">\n<li>Ke alaka\u02bbi a\u02bbo k\u016blana ki\u02bbeki\u02bbe<\/li>\n\n\n\n<li>Papahana, a\u02bbo a me ka loiloi<\/li>\n\n\n\n<li>K\u0101ko\u02bbo ka haum\u0101na piha i ka ho\u02bbomau.<\/li>\n<\/ul>\n\n\n\n<p>\u02bbO ka ho\u02bbohui akamai a me ka ho\u02bbok\u014d pono a me ka hilina\u02bbi o k\u0113ia mau \u02bb\u0101pana e h\u014d\u02bboia i ka holomua no ke keiki holo\u02bboko\u02bba, ko l\u0101kou \u02bbohana a me ke kai\u0101ulu kula. \u02bbO ka Electronic Comprehensive Student Support System (eCSSS) ka \u02bb\u014dnaehana waihona e hiki ai i n\u0101 kula a me n\u0101 pa\u02bbakik\u012b ke \u02bbike, n\u0101n\u0101 a n\u0101n\u0101 i n\u0101 hopohopo haum\u0101na i ka manawa.<\/p>\n\n\n\n<hr class=\"wp-block-separator has-alpha-channel-opacity is-style-wide\"\/>\n\n\n\n<h2 class=\"wp-block-heading\">Kula Kiekie: Papa 9-12<\/h2>\n\n\n\n<figure class=\"wp-block-image alignleft size-large is-resized\"><img loading=\"lazy\" decoding=\"async\" width=\"1024\" height=\"684\" src=\"https:\/\/hawaiipublicschools.org\/wp-content\/uploads\/2024\/12\/HIDOE_Secondary_Interview-1024x684.jpg\" alt=\"Student being interviewed by three other students at a workstation\" class=\"wp-image-2558\" style=\"width:340px\" srcset=\"https:\/\/hawaiipublicschools.org\/wp-content\/uploads\/2024\/12\/HIDOE_Secondary_Interview-1024x684.jpg 1024w, https:\/\/hawaiipublicschools.org\/wp-content\/uploads\/2024\/12\/HIDOE_Secondary_Interview-300x200.jpg 300w, https:\/\/hawaiipublicschools.org\/wp-content\/uploads\/2024\/12\/HIDOE_Secondary_Interview-768x513.jpg 768w, https:\/\/hawaiipublicschools.org\/wp-content\/uploads\/2024\/12\/HIDOE_Secondary_Interview-18x12.jpg 18w, https:\/\/hawaiipublicschools.org\/wp-content\/uploads\/2024\/12\/HIDOE_Secondary_Interview.jpg 1200w\" sizes=\"auto, (max-width: 1024px) 100vw, 1024px\" \/><\/figure>\n\n\n\n<p>Mana\u02bbo m\u0101kou i n\u0101 haum\u0101na puka kula aupuni \u0101pau e ho\u02bbok\u016bk\u016b ma ke ao holo\u02bboko\u02bba a k\u016bpa\u02bba k\u016bloko, a m\u0101kaukau no n\u0101 w\u0101 e hiki mai ana e pili ana i ko l\u0101kou makemake a me ko l\u0101kou m\u0101kaukau.<\/p>\n\n\n\n<h3 class=\"wp-block-heading\">Koina puka<\/h3>\n\n\n\n<p>Pono n\u0101 haum\u0101na:<\/p>\n\n\n\n<ul class=\"wp-block-list\">\n<li>Ho\u02bbomaopopo i k\u0101 l\u0101kou mau pahuhopu a me n\u0101 mana\u02bbo;<\/li>\n\n\n\n<li>Loa\u02bba i n\u0101 mana\u02bbo, \u02bbike a me n\u0101 m\u0101kau e pono ai e h\u0101\u02bbawi maika\u02bbi a ho\u02bbok\u016bk\u016b i kahi hui honua;<\/li>\n\n\n\n<li>E ho\u02bbok\u014d i n\u0101 kuleana a me n\u0101 kuleana o ke kama\u02bb\u0101ina; a<\/li>\n\n\n\n<li>E \u02bbimi i ka ho\u02bbona\u02bbauao ma hope o ke kula ki\u02bbeki\u02bbe a \/ a i \u02bbole n\u0101 \u02bboihana me ka \u02bbole o ka ho\u02bboponopono.<\/li>\n<\/ul>\n\n\n\n<p>E a\u02bbo hou e pili ana i ka &#039;Oihana <a href=\"\/haw\/academics\/graduation-requirements\/\" data-type=\"page\" data-id=\"36\">pono no ka puka ana<\/a>. Pono e kuhikuhi i n\u0101 n\u012bnau hou i ke kumu a\u02bbo kula a i \u02bbole ke po\u02bbo kumu.\u200b<\/p>\n\n\n\n<h3 class=\"wp-block-heading\">N\u0101 K\u016blana A\u02bbo<\/h3>\n\n\n\n<p>Teachers have the flexibility to design lesson plans that incorporate the arts, social and cultural values, health and wellness principles and more. The foundation is in a standards-based education that includes Common Core, Hawai\u02bbi Content and Performance Standards III, and other Hawai\u02bbi-based and national standards in all other subjects.<\/p>\n\n\n\n<ul class=\"wp-block-list\">\n<li><a href=\"https:\/\/learningdesign.hawaiipublicschools.org\/standards-based-content\">Paena Ho\u02bbol\u0101l\u0101 A\u02bbo<\/a>: Na ke Ke\u02bbena o ka Curriculum and Instructional Design o HIDOE i ho\u02bbomaka i k\u0113ia kumuwaiwai me ka mana\u02bbo o n\u0101 kumu a\u02bbo HIDOE.<\/li>\n<\/ul>\n\n\n\n<h3 class=\"wp-block-heading\">Heluhelu<\/h3>\n\n\n\n<ul class=\"wp-block-list\">\n<li>Lawe n\u0101 haum\u0101na ma ka papa 11 i ka <a href=\"\/haw\/academics\/types-of-testing\/\" data-type=\"page\" data-id=\"931\">Na\u02bbauao Kaulike<\/a>ho\u02bbokolohua ma ka \u02bb\u014dlelo Pelekane (ELA)\/ka heluhelu a me ka makemakika. \u02bbO ka hui \u02bbana a i \u02bbole ka \u02bboi aku o n\u0101 pae m\u0101kaukau ma ka loiloi e hiki ai i n\u0101 haum\u0101na ke k\u0101kau inoa i n\u0101 papa \u02bbai\u02bb\u0113 koleke.<\/li>\n\n\n\n<li>Lawe n\u0101 haum\u0101na ma ka papa 11 i ka <a href=\"\/haw\/academics\/act-testing\/\" data-type=\"page\" data-id=\"45\">\u02bbO ka h\u014d\u02bbike ACT<\/a> e ho\u02bboma\u02bbama\u02bba i k\u0101 l\u0101kou mau ho\u02bbol\u0101l\u0101 ho\u02bbona\u02bbauao a me k\u0101 l\u0101kou \u02bboihana e pili ana i ko l\u0101kou mau m\u0101kau, makemake a me n\u0101 makemake. He ho\u02bbokolohua manuahi k\u0113ia (no n\u0101 haum\u0101na).<\/li>\n\n\n\n<li>N\u0101 haum\u0101na e lawe ana i ka Biology E lawe au i ka <a href=\"\/haw\/academics\/other-assessments\/\" data-type=\"page\" data-id=\"46\">Ho\u02bbopa\u02bba ho\u02bbokolokolo<\/a>.<\/li>\n\n\n\n<li>Paipai nui \u02bbia n\u0101 haum\u0101na e ho\u02bbol\u0101l\u0101 ana e hele i ke kulanui <a href=\"\/haw\/academics\/secondary-middle-high-school\/advanced-placement\/\" data-type=\"page\" data-id=\"28\">N\u0101 h\u014d\u02bbike ho\u02bbonohonoho k\u016blana ki\u02bbeki\u02bbe<\/a> no ka h\u014d\u02bbai\u02bb\u0113 kulanui, a makemake paha e lawe i ka ho\u02bbokolohua komo komo SAT.<\/li>\n<\/ul>\n\n\n\n<h3 class=\"wp-block-heading\">N\u0101 papahana a me n\u0101 lawelawe hou<\/h3>\n\n\n\n<h4 class=\"wp-block-heading\">M\u0101kaukau o ke Kulanui<\/h4>\n\n\n\n<p>\u02bbO ka manawa k\u0113ia no n\u0101 haum\u0101na e ho\u02bbokomo i k\u0101 l\u0101kou mau ho\u02bbol\u0101l\u0101 e hele ana i ke kulanui i kahi ki\u02bbeki\u02bbe. E n\u0101n\u0101 i k\u0101 m\u0101kou <a href=\"\/haw\/academics\/secondary-middle-high-school\/college-career-readiness\/\" data-type=\"page\" data-id=\"29\">Hoomakaukau Kolepa &amp; Hana<\/a> \u02bb\u0101pana, me n\u0101 kumuwaiwai no n\u0101 haum\u0101na e hele ana.<\/p>\n\n\n\n<h4 class=\"wp-block-heading\">Ho\u02bbonui i ke a\u02bbo \u02bbana\/ke ola<\/h4>\n\n\n\n<ul class=\"wp-block-list\">\n<li>Hiki i n\u0101 haum\u0101na ke k\u0101kau inoa <a href=\"\/wp-content\/uploads\/2025-26-Learning-Center-Directory.pdf\" target=\"_blank\" rel=\"noreferrer noopener\">N\u0101 Hale Ho\u02bbona\u02bbauao<\/a> (PDF) that dovetail multiple disciplines and skills. <a href=\"\/wp-content\/uploads\/2025-26-Learning-Center-Directory-1.pdf\" target=\"_blank\" rel=\"noreferrer noopener\">Contact the schools<\/a> (PDF) for additional information.<\/li>\n\n\n\n<li>Loa\u02bba n\u0101 hana extracurricular i kahi \u02bbano o <a href=\"\/haw\/student-programs\/athletics\/\" data-type=\"page\" data-id=\"82\">n\u0101 ha\u02bbuki<\/a> ai\u02bbole e lawelawe ana ma luna <a href=\"\/haw\/student-programs\/student-leadership\/\" data-type=\"page\" data-id=\"83\">alaka\u02bbi haum\u0101na<\/a>.<\/li>\n<\/ul>\n\n\n\n<h4 class=\"wp-block-heading\">Ho\u02bbona\u02bbauao pilikino<\/h4>\n\n\n\n<p>Ho\u02bbohana n\u0101 kula i ka Comprehensive Student Support System (CSSS) no ka ho\u02bbolako \u02bbana i n\u0101 hana ho\u02bboikaika, maika\u02bbi, hana ma\u02bbamau a me ka manawa k\u016bpono, n\u0101 lawelawe a me ke k\u0101ko\u02bbo - me ke aloha - no laila e k\u016ble\u02bba n\u0101 haum\u0101na \u0101pau i ko l\u0101kou hiki. \u02bbO n\u0101 mea nui o CSSS:<\/p>\n\n\n\n<figure class=\"wp-block-image alignright size-large is-resized\"><img loading=\"lazy\" decoding=\"async\" width=\"1024\" height=\"683\" src=\"https:\/\/hawaiipublicschools.org\/wp-content\/uploads\/2024\/12\/HIDOE_Secondary_Plants-1024x683.jpg\" alt=\"Students in a classroom looking at a plant experiment\" class=\"wp-image-2559\" style=\"width:340px\" srcset=\"https:\/\/hawaiipublicschools.org\/wp-content\/uploads\/2024\/12\/HIDOE_Secondary_Plants-1024x683.jpg 1024w, https:\/\/hawaiipublicschools.org\/wp-content\/uploads\/2024\/12\/HIDOE_Secondary_Plants-300x200.jpg 300w, https:\/\/hawaiipublicschools.org\/wp-content\/uploads\/2024\/12\/HIDOE_Secondary_Plants-768x512.jpg 768w, https:\/\/hawaiipublicschools.org\/wp-content\/uploads\/2024\/12\/HIDOE_Secondary_Plants-18x12.jpg 18w, https:\/\/hawaiipublicschools.org\/wp-content\/uploads\/2024\/12\/HIDOE_Secondary_Plants.jpg 1200w\" sizes=\"auto, (max-width: 1024px) 100vw, 1024px\" \/><\/figure>\n\n\n\n<ul class=\"wp-block-list\">\n<li>Ke alaka\u02bbi a\u02bbo k\u016blana ki\u02bbeki\u02bbe<\/li>\n\n\n\n<li>Papahana, a\u02bbo a me ka loiloi<\/li>\n\n\n\n<li>K\u0101ko\u02bbo ka haum\u0101na piha i ka ho\u02bbomau.<\/li>\n<\/ul>\n\n\n\n<p>\u02bbO ka ho\u02bbohui akamai a me ka ho\u02bbok\u014d pono a me ka hilina\u02bbi o k\u0113ia mau \u02bb\u0101pana e h\u014d\u02bboia i ka holomua no ke keiki holo\u02bboko\u02bba, ko l\u0101kou \u02bbohana a me ke kai\u0101ulu kula. \u02bbO ka Electronic Comprehensive Student Support System (eCSSS) ka \u02bb\u014dnaehana waihona e hiki ai i n\u0101 kula a me n\u0101 pa\u02bbakik\u012b ke \u02bbike, n\u0101n\u0101 a n\u0101n\u0101 i n\u0101 hopohopo haum\u0101na i ka manawa.<\/p>","protected":false},"excerpt":{"rendered":"<p>Middle\/Intermediate: Grades 6-8 During these crucial developmental years, our students are growing academically, emotionally and socially. Middle school expands breadth of experiences by offering students expanded class choices in Career and Technical Education, visual arts, drama, dance, music, athletics and afterschool programs. College readiness efforts begin along with strengthening critical social skills. Learning Standards Teachers [&hellip;]<\/p>","protected":false},"author":8,"featured_media":0,"parent":22,"menu_order":14,"comment_status":"closed","ping_status":"closed","template":"","meta":{"_relevanssi_hide_post":"","_relevanssi_hide_content":"","_relevanssi_pin_for_all":"","_relevanssi_pin_keywords":"","_relevanssi_unpin_keywords":"","_relevanssi_related_keywords":"","_relevanssi_related_include_ids":"","_relevanssi_related_exclude_ids":"","_relevanssi_related_no_append":"","_relevanssi_related_not_related":"","_relevanssi_related_posts":"","_relevanssi_noindex_reason":"","_sitemap_exclude":false,"_sitemap_priority":"","_sitemap_frequency":"","_kad_blocks_custom_css":"","_kad_blocks_head_custom_js":"","_kad_blocks_body_custom_js":"","_kad_blocks_footer_custom_js":"","wp_popup_display_lightbox":0,"wp_popup_suppress":"","wp_popup_trigger":"","wp_popup_trigger_amount":0,"wp_popup_disable_on_mobile":false,"footnotes":""},"class_list":["post-25","page","type-page","status-publish","hentry"],"pp_statuses_selecting_workflow":false,"pp_workflow_action":"current","pp_status_selection":"publish","taxonomy_info":[],"featured_image_src_large":false,"author_info":{"display_name":"Ariana Enomoto","author_link":"https:\/\/hawaiipublicschools.org\/haw\/author\/arianastaceyleong-com\/"},"comment_info":0,"publishpress_future_action":{"enabled":false,"date":"2026-04-27 15:24:32","action":"change-status","newStatus":"draft","terms":[],"taxonomy":"","extraData":[]},"publishpress_future_workflow_manual_trigger":{"enabledWorkflows":[]},"_links":{"self":[{"href":"https:\/\/hawaiipublicschools.org\/haw\/wp-json\/wp\/v2\/pages\/25","targetHints":{"allow":["GET"]}}],"collection":[{"href":"https:\/\/hawaiipublicschools.org\/haw\/wp-json\/wp\/v2\/pages"}],"about":[{"href":"https:\/\/hawaiipublicschools.org\/haw\/wp-json\/wp\/v2\/types\/page"}],"author":[{"embeddable":true,"href":"https:\/\/hawaiipublicschools.org\/haw\/wp-json\/wp\/v2\/users\/8"}],"replies":[{"embeddable":true,"href":"https:\/\/hawaiipublicschools.org\/haw\/wp-json\/wp\/v2\/comments?post=25"}],"version-history":[{"count":0,"href":"https:\/\/hawaiipublicschools.org\/haw\/wp-json\/wp\/v2\/pages\/25\/revisions"}],"up":[{"embeddable":true,"href":"https:\/\/hawaiipublicschools.org\/haw\/wp-json\/wp\/v2\/pages\/22"}],"wp:attachment":[{"href":"https:\/\/hawaiipublicschools.org\/haw\/wp-json\/wp\/v2\/media?parent=25"}],"curies":[{"name":"wp","href":"https:\/\/api.w.org\/{rel}","templated":true}]}}