{"id":16502,"date":"2025-11-03T10:36:43","date_gmt":"2025-11-03T20:36:43","guid":{"rendered":"https:\/\/hawaiipublicschools.org\/?page_id=16502"},"modified":"2026-04-16T09:32:52","modified_gmt":"2026-04-16T19:32:52","slug":"farm-to-school","status":"publish","type":"page","link":"https:\/\/hawaiipublicschools.org\/haw\/school-services\/school-food-services\/farm-to-school\/","title":{"rendered":"Mahiai i ke kula"},"content":{"rendered":"<p>Ke ho\u02bbomau nei ka &#039;Oihana i k\u0101na mau hana e h\u014d\u02bboia i ke komo \u02bbana o k\u0113l\u0101 me k\u0113ia haum\u0101na i ka \u02bboihana mahi\u02bbai a i \u02bbole ka ho\u02bbona\u02bbauao mea\u02bbai, a h\u0101\u02bbawi i k\u0113l\u0101 me k\u0113ia kula aupuni i kahi m\u0101la e ho\u02bboikaika ai i ka palekana mea\u02bbai, ke a\u02bbo \u02bbana i n\u0101 haum\u0101na, a me n\u0101 \u02bboihana k\u016bloko a puni ka moku\u02bb\u0101ina.<\/p>\n\n\n\n<figure class=\"wp-block-gallery has-nested-images columns-2 is-cropped wp-block-gallery-1 is-layout-flex wp-block-gallery-is-layout-flex\">\n<figure class=\"wp-block-image size-large\"><img loading=\"lazy\" decoding=\"async\" width=\"1024\" height=\"683\" data-id=\"16669\" src=\"https:\/\/hawaiipublicschools.org\/wp-content\/uploads\/Chicken-Papaya-School-lunch-Alvah-Scott-Elementary-P1026384-1024x683.jpg\" alt=\"Locally sourced green papaya and bok choy\" class=\"wp-image-16669\" srcset=\"https:\/\/hawaiipublicschools.org\/wp-content\/uploads\/Chicken-Papaya-School-lunch-Alvah-Scott-Elementary-P1026384-1024x683.jpg 1024w, https:\/\/hawaiipublicschools.org\/wp-content\/uploads\/Chicken-Papaya-School-lunch-Alvah-Scott-Elementary-P1026384-300x200.jpg 300w, https:\/\/hawaiipublicschools.org\/wp-content\/uploads\/Chicken-Papaya-School-lunch-Alvah-Scott-Elementary-P1026384-768x512.jpg 768w, https:\/\/hawaiipublicschools.org\/wp-content\/uploads\/Chicken-Papaya-School-lunch-Alvah-Scott-Elementary-P1026384-1536x1024.jpg 1536w, https:\/\/hawaiipublicschools.org\/wp-content\/uploads\/Chicken-Papaya-School-lunch-Alvah-Scott-Elementary-P1026384-18x12.jpg 18w, https:\/\/hawaiipublicschools.org\/wp-content\/uploads\/Chicken-Papaya-School-lunch-Alvah-Scott-Elementary-P1026384.jpg 1800w\" sizes=\"auto, (max-width: 1024px) 100vw, 1024px\" \/><figcaption class=\"wp-element-caption\">\u02bbO ka papaya \u02bb\u014dma\u02bboma\u02bbo a me ka bok choy<\/figcaption><\/figure>\n\n\n\n<figure class=\"wp-block-image size-large\"><img loading=\"lazy\" decoding=\"async\" width=\"1024\" height=\"683\" data-id=\"8927\" src=\"https:\/\/hawaiipublicschools.org\/wp-content\/uploads\/2025-02-24-AppleBananas1-1024x683.jpg\" alt=\"Locally grown apple bananas\" class=\"wp-image-8927\" srcset=\"https:\/\/hawaiipublicschools.org\/wp-content\/uploads\/2025-02-24-AppleBananas1-1024x683.jpg 1024w, https:\/\/hawaiipublicschools.org\/wp-content\/uploads\/2025-02-24-AppleBananas1-300x200.jpg 300w, https:\/\/hawaiipublicschools.org\/wp-content\/uploads\/2025-02-24-AppleBananas1-768x512.jpg 768w, https:\/\/hawaiipublicschools.org\/wp-content\/uploads\/2025-02-24-AppleBananas1-18x12.jpg 18w, https:\/\/hawaiipublicschools.org\/wp-content\/uploads\/2025-02-24-AppleBananas1.jpg 1200w\" sizes=\"auto, (max-width: 1024px) 100vw, 1024px\" \/><figcaption class=\"wp-element-caption\">\u02bbO ka mai\u02bba \u02bb\u0101pala i ulu \u02bbia ma ka \u02bb\u0101ina<\/figcaption><\/figure>\n\n\n\n<figure class=\"wp-block-image size-large\"><img loading=\"lazy\" decoding=\"async\" width=\"1024\" height=\"683\" data-id=\"15771\" src=\"https:\/\/hawaiipublicschools.org\/wp-content\/uploads\/P1026505-1024x683.jpg\" alt=\"Chicken papaya soup using locally sourced green papaya and bok choy\" class=\"wp-image-15771\" srcset=\"https:\/\/hawaiipublicschools.org\/wp-content\/uploads\/P1026505-1024x683.jpg 1024w, https:\/\/hawaiipublicschools.org\/wp-content\/uploads\/P1026505-300x200.jpg 300w, https:\/\/hawaiipublicschools.org\/wp-content\/uploads\/P1026505-768x512.jpg 768w, https:\/\/hawaiipublicschools.org\/wp-content\/uploads\/P1026505-18x12.jpg 18w, https:\/\/hawaiipublicschools.org\/wp-content\/uploads\/P1026505.jpg 1200w\" sizes=\"auto, (max-width: 1024px) 100vw, 1024px\" \/><figcaption class=\"wp-element-caption\">H\u0101\u02bbawi \u02bbia ka sopa moa papaya me ka ho\u02bbohana \u02bbana i ka papaya \u02bb\u014dma\u02bboma\u02bbo a me ka bok choy<\/figcaption><\/figure>\n\n\n\n<figure class=\"wp-block-image size-large\"><img loading=\"lazy\" decoding=\"async\" width=\"1024\" height=\"683\" data-id=\"16671\" src=\"https:\/\/hawaiipublicschools.org\/wp-content\/uploads\/Kaneohe-ES-Banana-Breakfast-Serving-1024x683.jpg\" alt=\"Locally grown apple bananas served at Kaneohe Elementary\" class=\"wp-image-16671\" srcset=\"https:\/\/hawaiipublicschools.org\/wp-content\/uploads\/Kaneohe-ES-Banana-Breakfast-Serving-1024x683.jpg 1024w, https:\/\/hawaiipublicschools.org\/wp-content\/uploads\/Kaneohe-ES-Banana-Breakfast-Serving-300x200.jpg 300w, https:\/\/hawaiipublicschools.org\/wp-content\/uploads\/Kaneohe-ES-Banana-Breakfast-Serving-768x512.jpg 768w, https:\/\/hawaiipublicschools.org\/wp-content\/uploads\/Kaneohe-ES-Banana-Breakfast-Serving-1536x1024.jpg 1536w, https:\/\/hawaiipublicschools.org\/wp-content\/uploads\/Kaneohe-ES-Banana-Breakfast-Serving-18x12.jpg 18w, https:\/\/hawaiipublicschools.org\/wp-content\/uploads\/Kaneohe-ES-Banana-Breakfast-Serving.jpg 1800w\" sizes=\"auto, (max-width: 1024px) 100vw, 1024px\" \/><figcaption class=\"wp-element-caption\">Ho\u02bbohana \u02bbia n\u0101 pancakes mai\u02bba me ka ho\u02bbohana \u02bbana i ka mai\u02bba \u02bb\u0101pala k\u016bloko<\/figcaption><\/figure>\n<\/figure>\n\n\n\n<p><\/p>\n\n\n\n<h2 class=\"wp-block-heading\">Ho\u02bbol\u0101l\u0101 \u02bbo Hawai\u02bbi Farm to School<\/h2>\n\n\n\n<p>Ma lalo o ke alaka\u02bbi \u02bbana a ka Luna Nui Keith Hayashi, ke ho\u02bbomau hou nei ka &#039;Oihana i k\u0101na mau hana, ho\u02bboikaika i ka pilina, a me ka hana \u02bbana e hiki ai i ka pahu hopu moku\u02bb\u0101ina \u02bbo 30% i n\u0101 mea\u02bbai k\u016bloko i ka makahiki 2030. <a href=\"\/wp-content\/uploads\/HawaiiFarmtoSchoolPlan.pdf\" data-type=\"attachment\" data-id=\"16540\" target=\"_blank\" rel=\"noreferrer noopener\">Ho\u02bbol\u0101l\u0101 \u02bbo Hawai\u02bbi Farm to School<\/a> (PDF) h\u014d\u02bbike i k\u0113ia mau hana.<\/p>\n\n\n\n<div class=\"wp-block-columns padding-vert-med is-layout-flex wp-container-core-columns-is-layout-28f84493 wp-block-columns-is-layout-flex\">\n<div class=\"wp-block-column is-layout-flow wp-block-column-is-layout-flow\">\n<p class=\"has-text-align-center number_circle\">1<\/p>\n\n\n\n<h3 class=\"wp-block-heading padding-horz-sm\">Pahuhopu 1: 30% o n\u0101 mea\u02bbai i lawelawe \u02bbia ma n\u0101 p\u0101\u02bbina kula aupuni e loa\u02bba i n\u0101 kumu k\u016b\u02bbai k\u016bloko.<\/h3>\n\n\n\n<p class=\"padding-horz-sm\">&#039;O ka &#039;ai no ka &#039;\u0101ina &#039;o ia ho&#039;i n\u0101 huahana i ulu, h\u0101nai a &#039;ohi &#039;ia ma Hawai&#039;i, me n\u0101 mea hou a me n\u0101 mea waiwai. <\/p>\n<\/div>\n\n\n\n<div class=\"wp-block-column is-layout-flow wp-block-column-is-layout-flow\">\n<p class=\"number_circle\">2<\/p>\n\n\n\n<h3 class=\"wp-block-heading padding-horz-sm\">Pahuhopu 2: E komo n\u0101 haum\u0101na a pau i ka \u02bboihana mahi\u02bbai a i \u02bbole ka ho\u02bbona\u02bbauao mea\u02bbai.<\/h3>\n\n\n\n<p class=\"padding-horz-sm\">Loa\u02bba k\u0113ia i n\u0101 \u02bb\u014dlelo a\u02bbo lima lima, pili pono i ka \u02bbepekema, olakino, Career &amp; Technical Education, a me ka Ha\u02bbawina Hawai\u02bbi. <\/p>\n<\/div>\n\n\n\n<div class=\"wp-block-column is-layout-flow wp-block-column-is-layout-flow\">\n<p class=\"number_circle\">3<\/p>\n\n\n\n<h3 class=\"wp-block-heading padding-horz-sm\">Pahuhopu 3: He k\u012bh\u0101pai ko k\u0113l\u0101 me k\u0113ia kula aupuni ma Hawai\u02bbi.<\/h3>\n\n\n\n<p class=\"padding-horz-sm\">K\u0101ko\u02bbo n\u0101 m\u0101la i ke a\u02bbo \u02bbana i ka pilikanaka-na\u02bbau, ho\u02bboikaika i n\u0101 kumuhana kumu, a h\u0101\u02bbawi i kahi pilina ikaika i ka \u02bb\u0101ina, ka mea\u02bbai a me ka mo\u02bbomeheu.<\/p>\n<\/div>\n<\/div>\n\n\n\n<h2 class=\"wp-block-heading\">N\u0101 h\u014d\u02bbike a me n\u0101 kulekele<\/h2>\n\n\n\n<ul class=\"wp-block-list\">\n<li><a href=\"\/wp-content\/uploads\/HawaiiFarmtoSchoolPlan.pdf\" data-type=\"attachment\" data-id=\"16540\" target=\"_blank\" rel=\"noreferrer noopener\">Ho\u02bbol\u0101l\u0101 \u02bbo Hawai\u02bbi Farm to School<\/a> (PDF)<\/li>\n\n\n\n<li><a href=\"https:\/\/www.capitol.hawaii.gov\/hrscurrent\/Vol05_Ch0261-0319\/HRS0302A\/HRS_0302A-0405_0005.htm\" target=\"_blank\" rel=\"noreferrer noopener\">HRS \u00a7302A-405.5<\/a>: Papahana mahiai a ke kula o Hawaii; mea ho\u02bboponopono mahi\u02bbai i ke kula<\/li>\n\n\n\n<li><a href=\"https:\/\/www.capitol.hawaii.gov\/hrscurrent\/Vol05_Ch0261-0319\/HRS0302A\/HRS_0302A-0405_0006.htm\" target=\"_blank\" rel=\"noreferrer noopener\">HRS \u00a7302A-405.6<\/a>: \u02bbAi mahi\u02bbai i ke kula<\/li>\n\n\n\n<li><a href=\"https:\/\/data.capitol.hawaii.gov\/sessions\/session2022\/bills\/HB1525_.HTM\" target=\"_blank\" rel=\"noreferrer noopener\">Kanawai 175<\/a> (2021) ho\u02bbone\u02bbe i ka papahana mahi\u02bbai Hawai\u02bbi i ke kula mai ke Ke\u02bbena Mahi\u02bbai a i ke Ke\u02bbena Ho\u02bbona\u02bbauao.<\/li>\n\n\n\n<li>N\u0101n\u0101 i ka <a href=\"https:\/\/hawaiipublicschools.org\/haw\/data-reports\/legislative-reports\/\" data-type=\"page\" data-id=\"133\">n\u0101 h\u014d\u02bbike k\u0101n\u0101wai<\/a> \u02bbao\u02bbao ma ka h\u014d\u02bbike \u02bbana o ka Department Farm to School.<\/li>\n<\/ul>\n\n\n\n<h2 class=\"wp-block-heading\">Ma ka Nuhou<\/h2>\n\n\n\n<p>E heluhelu e pili ana i n\u0101 ho\u02bboikaika \u02bbana o n\u0101 kula aupuni o Hawai\u02bbi e ho\u02bbohui i n\u0101 mea\u02bbai hou i ulu i ka \u02bb\u0101ina i k\u0101 l\u0101kou \u02bbai kula:<\/p>\n\n\n\n<figure class=\"wp-block-image alignright is-resized\"><img decoding=\"async\" src=\"https:\/\/lh7-rt.googleusercontent.com\/docsz\/AD_4nXdIE2GAn4M8KvJc5EqbpMBTj3ZI6Vs1LcWgW882OcTdMzPP5KFqn5hbSdhXlgdTiJZBAwARmlFTLzdMtBVE1wSFOyPv9Ha-f-wWsPir2vhTiyR_vzOb7jv2-scxJpaZtCRbpxXs0g?key=xp5OSTKiw_nMpld412VUXDHd\" alt=\"\" style=\"width:480px\"\/><\/figure>\n\n\n\n<ul class=\"wp-block-list\">\n<li><\/li>\n<\/ul>\n\n\n\n<p><\/p>\n\n\n\n<ul class=\"wp-block-list\">\n<li><a href=\"https:\/\/hawaiipublicschools.org\/haw\/2026-hawai%ca%bbi-public-schools-advancing-farm-to-school-efforts-with-new-small-farm-partnerships\/\">Hawai\u02bbi public schools advancing farm-to-school efforts with new small farm partnerships<\/a> (March 4, 2026)<\/li>\n\n\n\n<li><a href=\"https:\/\/hawaiipublicschools.org\/haw\/2026-maui-grown-mandarins-debut-in-hawaii-public-school-meals\/\">Maui-grown mandarins debut in Hawai\u02bbi public school meals<\/a> (Feb. 24, 2026)<\/li>\n\n\n\n<li><a href=\"https:\/\/hawaiipublicschools.org\/haw\/2026-hawaii-public-school-students-taste-the-rainbow-with-fresh-locally-sourced-salad\/\" data-type=\"link\" data-id=\"https:\/\/hawaiipublicschools.org\/2026-hawaii-public-school-students-taste-the-rainbow-with-fresh-locally-sourced-salad\/\" target=\"_blank\" rel=\"noreferrer noopener\">Hawai\u02bbi public school students \u2018taste the rainbow\u2019 with fresh, locally sourced salad<\/a> (Jan. 27, 2026)<\/li>\n\n\n\n<li><a href=\"https:\/\/hawaiipublicschools.org\/haw\/2025-hawaii-public-schools-get-a-special-taste-of-local-uala-on-this-months-breakfast-menu\/\" data-type=\"link\" data-id=\"https:\/\/hawaiipublicschools.org\/2025-hawaii-public-schools-get-a-special-taste-of-local-uala-on-this-months-breakfast-menu\/\" target=\"_blank\" rel=\"noreferrer noopener\">Hawai\u2018i public schools get a special taste of local \u2018uala on this month\u2019s breakfast menu<\/a> (Dec. 11, 2025)<\/li>\n\n\n\n<li><a href=\"https:\/\/hawaiipublicschools.org\/haw\/2025-volcano-bowls-farm-to-school-week\/\" data-type=\"link\" data-id=\"https:\/\/hawaiipublicschools.org\/2025-volcano-bowls-farm-to-school-week\/\" target=\"_blank\" rel=\"noreferrer noopener\">H\u0101\u02bbawi n\u0101 kula \u02bbo Hawai\u02bbi i &#039;n\u0101 k\u012b\u02bbaha lua pele&#039; no ka pule \u02bbaina awakea o ke kula a me ka mahina o ka mahina kula.<\/a> (Oct. 28, 2025)<\/li>\n\n\n\n<li><a href=\"\/haw\/2025-filipino-chicken-papaya-soup-brings-homestyle-comfort-and-local-flair-to-student-lunches\/\" data-type=\"post\" data-id=\"15769\" target=\"_blank\" rel=\"noreferrer noopener\">H\u0101\u02bbawi ka soup moa papaya Filipino i ka h\u014d\u02bbolu\u02bbolu homestyle a me ka le\u02bbale\u02bba k\u016bloko i ka \u02bbaina awakea haum\u0101na<\/a> (Sepatemaba 23, 2025)<\/li>\n\n\n\n<li><a href=\"\/haw\/2025-local-%CA%BBuala-returns-to-school-lunch-menus-across-the-state\/\" target=\"_blank\" rel=\"noreferrer noopener\">Ho\u02bbi ka \u02bbuala k\u016bloko i n\u0101 papa \u02bbaina awakea kula ma ka moku\u02bb\u0101ina<\/a> (Mei 19, 2025)<\/li>\n\n\n\n<li><a href=\"\/haw\/2025-hawaii-public-schools-pilot-new-banana-bread-recipe-featuring-local-ulu-flour\/\" target=\"_blank\" rel=\"noreferrer noopener\">Ho\u02bbokele n\u0101 kula aupuni o Hawai\u02bbi i ka mea\u02bbai berena hou me ka palaoa \u02bbulu<\/a> (\u02bbApelila 29, 2025)<\/li>\n\n\n\n<li><a href=\"\/haw\/2025-hawai%ca%bbi-public-school-students-served-green-eggs-and-ham-fried-rice-breakfast-featuring-local-green-onions\/?highlight=green%20onion\" target=\"_blank\" rel=\"noreferrer noopener\">H\u0101\u02bbawi n\u0101 haum\u0101na kula aupuni o Hawai\u02bbi i n\u0101 hua \u02bb\u014dma\u02bboma\u02bbo a me ka laiki palai ham i ka \u02bbaina kakahiaka<\/a> (Malaki 17, 2025)<\/li>\n\n\n\n<li><a href=\"\/haw\/2025-local-apple-bananas-featured-on-hawai%ca%bbi-public-school-breakfast-menus\/?highlight=banana%20\" target=\"_blank\" rel=\"noreferrer noopener\">H\u014d\u02bbike \u02bbia ka mai\u02bba \u02bb\u0101pala k\u016bloko ma n\u0101 papa \u02bbaina kakahiaka o ke kula aupuni o Hawai\u02bbi<\/a> (Feb. 24, 2025)<\/li>\n\n\n\n<li><a href=\"\/haw\/2024-poi-served-at-36-hawaii-public-schools-as-part-of-effort-to-boost-local-menu-items\/?highlight=local\" target=\"_blank\" rel=\"noreferrer noopener\">Ua lawelawe \u02bbo Poi ma n\u0101 kula aupuni he 36 ma ke \u02bbano o ka ho\u02bboikaika \u02bbana i ka ho\u02bboikaika \u02bbana i n\u0101 mea papa kuhikuhi k\u016bloko<\/a> (Mei 13, 2024)<\/li>\n\n\n\n<li><a href=\"\/haw\/2023-nearly-60-hawaii-public-schools-offer-local-uala-for-national-farm-to-school-month\/?highlight=local\" target=\"_blank\" rel=\"noreferrer noopener\">Ma kahi kokoke i 60 mau kula aupuni o Hawai\u02bbi e h\u0101\u02bbawi ana i ka \u02bbuala k\u016bloko no ka mahina \u02bbai o ka Lahui i ka mahina kula<\/a> (Now. 9, 2023)<\/li>\n\n\n\n<li><a href=\"\/haw\/2023-over-70-oahu-public-schools-offer-fresh-local-poi-to-students-and-staff\/?highlight=Over%2070%20O%26%23039%3Bahu%20public%20schools%20offer%20fresh%20local%20poi%20to%20\" target=\"_blank\" rel=\"noreferrer noopener\">\u02bbOi aku ma mua o 70 mau kula aupuni o O\u02bbahu e h\u0101\u02bbawi i n\u0101 poi hou i n\u0101 haum\u0101na a me n\u0101 limahana<\/a> (Mei 12, 2023)<\/li>\n<\/ul>\n\n\n\n<figure class=\"wp-block-gallery has-nested-images columns-2 is-cropped wp-block-gallery-2 is-layout-flex wp-block-gallery-is-layout-flex\">\n<figure class=\"wp-block-image size-large\"><img loading=\"lazy\" decoding=\"async\" width=\"1024\" height=\"683\" data-id=\"16538\" src=\"https:\/\/hawaiipublicschools.org\/wp-content\/uploads\/20250826-KahukuHS-1024x683.jpg\" alt=\"Kahuku High students and teacher in garden\" class=\"wp-image-16538\" srcset=\"https:\/\/hawaiipublicschools.org\/wp-content\/uploads\/20250826-KahukuHS-1024x683.jpg 1024w, https:\/\/hawaiipublicschools.org\/wp-content\/uploads\/20250826-KahukuHS-300x200.jpg 300w, https:\/\/hawaiipublicschools.org\/wp-content\/uploads\/20250826-KahukuHS-768x512.jpg 768w, https:\/\/hawaiipublicschools.org\/wp-content\/uploads\/20250826-KahukuHS-1536x1024.jpg 1536w, https:\/\/hawaiipublicschools.org\/wp-content\/uploads\/20250826-KahukuHS-18x12.jpg 18w, https:\/\/hawaiipublicschools.org\/wp-content\/uploads\/20250826-KahukuHS.jpg 1800w\" sizes=\"auto, (max-width: 1024px) 100vw, 1024px\" \/><figcaption class=\"wp-element-caption\">Kahuku High<\/figcaption><\/figure>\n\n\n\n<figure class=\"wp-block-image size-large\"><img loading=\"lazy\" decoding=\"async\" width=\"1024\" height=\"683\" data-id=\"16537\" src=\"https:\/\/hawaiipublicschools.org\/wp-content\/uploads\/20240510-Chiefess-Kamakahelei-1024x683.jpg\" alt=\"Kalo plant at Chiefess Kamakahelei Middle School Garden\" class=\"wp-image-16537\" srcset=\"https:\/\/hawaiipublicschools.org\/wp-content\/uploads\/20240510-Chiefess-Kamakahelei-1024x683.jpg 1024w, https:\/\/hawaiipublicschools.org\/wp-content\/uploads\/20240510-Chiefess-Kamakahelei-300x200.jpg 300w, https:\/\/hawaiipublicschools.org\/wp-content\/uploads\/20240510-Chiefess-Kamakahelei-768x512.jpg 768w, https:\/\/hawaiipublicschools.org\/wp-content\/uploads\/20240510-Chiefess-Kamakahelei-1536x1024.jpg 1536w, https:\/\/hawaiipublicschools.org\/wp-content\/uploads\/20240510-Chiefess-Kamakahelei-18x12.jpg 18w, https:\/\/hawaiipublicschools.org\/wp-content\/uploads\/20240510-Chiefess-Kamakahelei.jpg 1800w\" sizes=\"auto, (max-width: 1024px) 100vw, 1024px\" \/><figcaption class=\"wp-element-caption\">Ke kula waena o Kamakahelei Alii<\/figcaption><\/figure>\n<\/figure>\n\n\n\n<p><\/p>","protected":false},"excerpt":{"rendered":"<p>Ke ho\u02bbomau nei ka &#039;Oihana i k\u0101na mau hana e h\u014d\u02bboia i ke komo \u02bbana o k\u0113l\u0101 me k\u0113ia haum\u0101na i ka \u02bboihana mahi\u02bbai a i \u02bbole ka ho\u02bbona\u02bbauao mea\u02bbai, a h\u0101\u02bbawi i k\u0113l\u0101 me k\u0113ia kula aupuni i kahi m\u0101la e ho\u02bboikaika ai i ka palekana mea\u02bbai, ke a\u02bbo \u02bbana i n\u0101 haum\u0101na, a me n\u0101 \u02bboihana k\u016bloko a puni ka moku\u02bb\u0101ina. Ho\u02bbol\u0101l\u0101 \u02bbo Hawai\u02bbi Farm to School Ma lalo o ke alaka\u02bbi \u02bbana a ke Kahu \u02bbo Keith Hayashi, ke k\u0101lele hou nei ka &#039;Oihana i k\u0101na mau hana, ho\u02bboikaika i ka pilina, a me ka hana \u02bbana i [\u2026]<\/p>","protected":false},"author":13,"featured_media":0,"parent":69,"menu_order":0,"comment_status":"closed","ping_status":"closed","template":"","meta":{"_relevanssi_hide_post":"","_relevanssi_hide_content":"","_relevanssi_pin_for_all":"","_relevanssi_pin_keywords":"","_relevanssi_unpin_keywords":"","_relevanssi_related_keywords":"","_relevanssi_related_include_ids":"","_relevanssi_related_exclude_ids":"","_relevanssi_related_no_append":"","_relevanssi_related_not_related":"","_relevanssi_related_posts":"9996,13765,9731,9987,9946,9998","_relevanssi_noindex_reason":"","_sitemap_exclude":false,"_sitemap_priority":"","_sitemap_frequency":"","_kad_blocks_custom_css":"","_kad_blocks_head_custom_js":"","_kad_blocks_body_custom_js":"","_kad_blocks_footer_custom_js":"","wp_popup_display_lightbox":0,"wp_popup_suppress":"","wp_popup_trigger":"","wp_popup_trigger_amount":0,"wp_popup_disable_on_mobile":false,"footnotes":""},"class_list":["post-16502","page","type-page","status-publish","hentry"],"pp_statuses_selecting_workflow":false,"pp_workflow_action":"current","pp_status_selection":"publish","taxonomy_info":[],"featured_image_src_large":false,"author_info":{"display_name":"Sara Miyazono","author_link":"https:\/\/hawaiipublicschools.org\/haw\/author\/sara-miyazonok12-hi-us\/"},"comment_info":0,"publishpress_future_action":{"enabled":false,"date":"2026-04-26 13:59:49","action":"change-status","newStatus":"draft","terms":[],"taxonomy":"","extraData":[]},"publishpress_future_workflow_manual_trigger":{"enabledWorkflows":[]},"_links":{"self":[{"href":"https:\/\/hawaiipublicschools.org\/haw\/wp-json\/wp\/v2\/pages\/16502","targetHints":{"allow":["GET"]}}],"collection":[{"href":"https:\/\/hawaiipublicschools.org\/haw\/wp-json\/wp\/v2\/pages"}],"about":[{"href":"https:\/\/hawaiipublicschools.org\/haw\/wp-json\/wp\/v2\/types\/page"}],"author":[{"embeddable":true,"href":"https:\/\/hawaiipublicschools.org\/haw\/wp-json\/wp\/v2\/users\/13"}],"replies":[{"embeddable":true,"href":"https:\/\/hawaiipublicschools.org\/haw\/wp-json\/wp\/v2\/comments?post=16502"}],"version-history":[{"count":2,"href":"https:\/\/hawaiipublicschools.org\/haw\/wp-json\/wp\/v2\/pages\/16502\/revisions"}],"predecessor-version":[{"id":19425,"href":"https:\/\/hawaiipublicschools.org\/haw\/wp-json\/wp\/v2\/pages\/16502\/revisions\/19425"}],"up":[{"embeddable":true,"href":"https:\/\/hawaiipublicschools.org\/haw\/wp-json\/wp\/v2\/pages\/69"}],"wp:attachment":[{"href":"https:\/\/hawaiipublicschools.org\/haw\/wp-json\/wp\/v2\/media?parent=16502"}],"curies":[{"name":"wp","href":"https:\/\/api.w.org\/{rel}","templated":true}]}}